{"id":1260065563,"date":"2024-12-02T12:07:49","date_gmt":"2024-12-02T12:07:49","guid":{"rendered":"https:\/\/dev.myindustrial.eu\/shop\/maaratlemata\/rope-drums\/"},"modified":"2024-12-27T20:24:47","modified_gmt":"2024-12-27T20:24:47","slug":"rope-drums","status":"publish","type":"product","link":"https:\/\/dev.myindustrial.eu\/et\/shop\/toostuslikud-pidurisusteemid-ja-ajami-seiskamise-komponendid\/trosside-trumlid\/rope-drums\/","title":{"rendered":"Trosside trumlid"},"content":{"rendered":"","protected":false},"excerpt":{"rendered":"<p><b>Trosside kerimiseks m\u00f5eldud trumlid<\/b><b><br \/>\n<\/b><b>Trumlid, mida kasutatakse trossi kerimiseks<\/b><b><br \/>\n<\/b><b>Sildkraanade lastitrumlid trossi kerimiseks<\/b><\/p>\n<p><span style=\"font-weight: 400;\">Lastitrumlid on m\u00f5eldud veotrossi kerimiseks ja \u00fchtlaseks paigutamiseks, mida kasutatakse kraanamehhanismides. Lastitrumlite tootmine ja m\u00fc\u00fck vastavalt standardile \u041e\u0421\u0422 24.191.36-77. Me projekteerime ja toodame trosside kerimiseks m\u00f5eldud trumme sildkraanadele, sadamakraanadele, k\u00e4rudele, erimasinatele ja raudteetranspordivahenditele. Trumlite kestad valmistatakse torudest v\u00f5i kestadest. Keevitust\u00f6\u00f6d teostatakse t\u00e4ieliku l\u00e4bivooluga kvalifitseeritud keevitajate poolt, kontrollitakse purustamata kontrolli meetoditega (NDT) ja sertifitseeritakse. T\u00e4pne t\u00f6\u00f6tlus ja m\u00f5\u00f5tmete kontroll tagavad k\u00f5rgekvaliteedilise komponendi.<\/span><\/p>\n","protected":false},"featured_media":1260065064,"template":"","meta":[],"product_brand":[],"product_cat":[1707],"product_tag":[],"class_list":{"0":"post-1260065563","1":"product","2":"type-product","3":"status-publish","4":"has-post-thumbnail","6":"product_cat-trosside-trumlid","8":"first","9":"instock","10":"shipping-taxable","11":"product-type-simple"},"yoast_head":"<!-- This site is optimized with the Yoast SEO plugin v27.1.1 - https:\/\/yoast.com\/product\/yoast-seo-wordpress\/ -->\n<title>Trosside trumlid - My industrial<\/title>\n<meta name=\"robots\" content=\"noindex, follow, max-snippet:-1, max-image-preview:large, max-video-preview:-1\" \/>\n<meta property=\"og:locale\" content=\"et_EE\" \/>\n<meta property=\"og:type\" content=\"article\" \/>\n<meta property=\"og:title\" content=\"Trosside trumlid - My industrial\" \/>\n<meta property=\"og:description\" content=\"Trosside kerimiseks m\u00f5eldud trumlid Trumlid, mida kasutatakse trossi kerimiseks Sildkraanade lastitrumlid trossi kerimiseks  Lastitrumlid on m\u00f5eldud veotrossi kerimiseks ja \u00fchtlaseks paigutamiseks, mida kasutatakse kraanamehhanismides. Lastitrumlite tootmine ja m\u00fc\u00fck vastavalt standardile \u041e\u0421\u0422 24.191.36-77. Me projekteerime ja toodame trosside kerimiseks m\u00f5eldud trumme sildkraanadele, sadamakraanadele, k\u00e4rudele, erimasinatele ja raudteetranspordivahenditele. Trumlite kestad valmistatakse torudest v\u00f5i kestadest. Keevitust\u00f6\u00f6d teostatakse t\u00e4ieliku l\u00e4bivooluga kvalifitseeritud keevitajate poolt, kontrollitakse purustamata kontrolli meetoditega (NDT) ja sertifitseeritakse. T\u00e4pne t\u00f6\u00f6tlus ja m\u00f5\u00f5tmete kontroll tagavad k\u00f5rgekvaliteedilise komponendi.\" \/>\n<meta property=\"og:url\" content=\"https:\/\/dev.myindustrial.eu\/et\/shop\/toostuslikud-pidurisusteemid-ja-ajami-seiskamise-komponendid\/trosside-trumlid\/rope-drums\/\" \/>\n<meta property=\"og:site_name\" content=\"My industrial\" \/>\n<meta property=\"article:modified_time\" content=\"2024-12-27T20:24:47+00:00\" \/>\n<meta property=\"og:image\" content=\"https:\/\/dev.myindustrial.eu\/wp-content\/uploads\/2024\/12\/rope-drums-preview.webp\" \/>\n\t<meta property=\"og:image:width\" content=\"800\" \/>\n\t<meta property=\"og:image:height\" content=\"800\" \/>\n\t<meta property=\"og:image:type\" content=\"image\/webp\" \/>\n<meta name=\"twitter:card\" content=\"summary_large_image\" \/>\n<script type=\"application\/ld+json\" class=\"yoast-schema-graph\">{\"@context\":\"https:\/\/schema.org\",\"@graph\":[{\"@type\":\"WebPage\",\"@id\":\"https:\/\/dev.myindustrial.eu\/et\/shop\/toostuslikud-pidurisusteemid-ja-ajami-seiskamise-komponendid\/trosside-trumlid\/rope-drums\/\",\"url\":\"https:\/\/dev.myindustrial.eu\/et\/shop\/toostuslikud-pidurisusteemid-ja-ajami-seiskamise-komponendid\/trosside-trumlid\/rope-drums\/\",\"name\":\"Trosside trumlid - My industrial\",\"isPartOf\":{\"@id\":\"https:\/\/dev.myindustrial.eu\/et\/#website\"},\"primaryImageOfPage\":{\"@id\":\"https:\/\/dev.myindustrial.eu\/et\/shop\/toostuslikud-pidurisusteemid-ja-ajami-seiskamise-komponendid\/trosside-trumlid\/rope-drums\/#primaryimage\"},\"image\":{\"@id\":\"https:\/\/dev.myindustrial.eu\/et\/shop\/toostuslikud-pidurisusteemid-ja-ajami-seiskamise-komponendid\/trosside-trumlid\/rope-drums\/#primaryimage\"},\"thumbnailUrl\":\"https:\/\/dev.myindustrial.eu\/wp-content\/uploads\/2024\/12\/rope-drums-preview.webp\",\"datePublished\":\"2024-12-02T12:07:49+00:00\",\"dateModified\":\"2024-12-27T20:24:47+00:00\",\"breadcrumb\":{\"@id\":\"https:\/\/dev.myindustrial.eu\/et\/shop\/toostuslikud-pidurisusteemid-ja-ajami-seiskamise-komponendid\/trosside-trumlid\/rope-drums\/#breadcrumb\"},\"inLanguage\":\"et\",\"potentialAction\":[{\"@type\":\"ReadAction\",\"target\":[\"https:\/\/dev.myindustrial.eu\/et\/shop\/toostuslikud-pidurisusteemid-ja-ajami-seiskamise-komponendid\/trosside-trumlid\/rope-drums\/\"]}]},{\"@type\":\"ImageObject\",\"inLanguage\":\"et\",\"@id\":\"https:\/\/dev.myindustrial.eu\/et\/shop\/toostuslikud-pidurisusteemid-ja-ajami-seiskamise-komponendid\/trosside-trumlid\/rope-drums\/#primaryimage\",\"url\":\"https:\/\/dev.myindustrial.eu\/wp-content\/uploads\/2024\/12\/rope-drums-preview.webp\",\"contentUrl\":\"https:\/\/dev.myindustrial.eu\/wp-content\/uploads\/2024\/12\/rope-drums-preview.webp\",\"width\":800,\"height\":800},{\"@type\":\"BreadcrumbList\",\"@id\":\"https:\/\/dev.myindustrial.eu\/et\/shop\/toostuslikud-pidurisusteemid-ja-ajami-seiskamise-komponendid\/trosside-trumlid\/rope-drums\/#breadcrumb\",\"itemListElement\":[{\"@type\":\"ListItem\",\"position\":1,\"name\":\"Home\",\"item\":\"https:\/\/dev.myindustrial.eu\/et\/\"},{\"@type\":\"ListItem\",\"position\":2,\"name\":\"Products\",\"item\":\"https:\/\/dev.myindustrial.eu\/et\/products\/\"},{\"@type\":\"ListItem\",\"position\":3,\"name\":\"Trosside trumlid\"}]},{\"@type\":\"WebSite\",\"@id\":\"https:\/\/dev.myindustrial.eu\/et\/#website\",\"url\":\"https:\/\/dev.myindustrial.eu\/et\/\",\"name\":\"My industrial\",\"description\":\"\",\"potentialAction\":[{\"@type\":\"SearchAction\",\"target\":{\"@type\":\"EntryPoint\",\"urlTemplate\":\"https:\/\/dev.myindustrial.eu\/et\/?s={search_term_string}\"},\"query-input\":{\"@type\":\"PropertyValueSpecification\",\"valueRequired\":true,\"valueName\":\"search_term_string\"}}],\"inLanguage\":\"et\"}]}<\/script>\n<!-- \/ Yoast SEO plugin. -->","yoast_head_json":{"title":"Trosside trumlid - My industrial","robots":{"index":"noindex","follow":"follow","max-snippet":"max-snippet:-1","max-image-preview":"max-image-preview:large","max-video-preview":"max-video-preview:-1"},"og_locale":"et_EE","og_type":"article","og_title":"Trosside trumlid - My industrial","og_description":"Trosside kerimiseks m\u00f5eldud trumlid Trumlid, mida kasutatakse trossi kerimiseks Sildkraanade lastitrumlid trossi kerimiseks  Lastitrumlid on m\u00f5eldud veotrossi kerimiseks ja \u00fchtlaseks paigutamiseks, mida kasutatakse kraanamehhanismides. Lastitrumlite tootmine ja m\u00fc\u00fck vastavalt standardile \u041e\u0421\u0422 24.191.36-77. Me projekteerime ja toodame trosside kerimiseks m\u00f5eldud trumme sildkraanadele, sadamakraanadele, k\u00e4rudele, erimasinatele ja raudteetranspordivahenditele. Trumlite kestad valmistatakse torudest v\u00f5i kestadest. Keevitust\u00f6\u00f6d teostatakse t\u00e4ieliku l\u00e4bivooluga kvalifitseeritud keevitajate poolt, kontrollitakse purustamata kontrolli meetoditega (NDT) ja sertifitseeritakse. T\u00e4pne t\u00f6\u00f6tlus ja m\u00f5\u00f5tmete kontroll tagavad k\u00f5rgekvaliteedilise komponendi.","og_url":"https:\/\/dev.myindustrial.eu\/et\/shop\/toostuslikud-pidurisusteemid-ja-ajami-seiskamise-komponendid\/trosside-trumlid\/rope-drums\/","og_site_name":"My industrial","article_modified_time":"2024-12-27T20:24:47+00:00","og_image":[{"width":800,"height":800,"url":"https:\/\/dev.myindustrial.eu\/wp-content\/uploads\/2024\/12\/rope-drums-preview.webp","type":"image\/webp"}],"twitter_card":"summary_large_image","schema":{"@context":"https:\/\/schema.org","@graph":[{"@type":"WebPage","@id":"https:\/\/dev.myindustrial.eu\/et\/shop\/toostuslikud-pidurisusteemid-ja-ajami-seiskamise-komponendid\/trosside-trumlid\/rope-drums\/","url":"https:\/\/dev.myindustrial.eu\/et\/shop\/toostuslikud-pidurisusteemid-ja-ajami-seiskamise-komponendid\/trosside-trumlid\/rope-drums\/","name":"Trosside trumlid - My industrial","isPartOf":{"@id":"https:\/\/dev.myindustrial.eu\/et\/#website"},"primaryImageOfPage":{"@id":"https:\/\/dev.myindustrial.eu\/et\/shop\/toostuslikud-pidurisusteemid-ja-ajami-seiskamise-komponendid\/trosside-trumlid\/rope-drums\/#primaryimage"},"image":{"@id":"https:\/\/dev.myindustrial.eu\/et\/shop\/toostuslikud-pidurisusteemid-ja-ajami-seiskamise-komponendid\/trosside-trumlid\/rope-drums\/#primaryimage"},"thumbnailUrl":"https:\/\/dev.myindustrial.eu\/wp-content\/uploads\/2024\/12\/rope-drums-preview.webp","datePublished":"2024-12-02T12:07:49+00:00","dateModified":"2024-12-27T20:24:47+00:00","breadcrumb":{"@id":"https:\/\/dev.myindustrial.eu\/et\/shop\/toostuslikud-pidurisusteemid-ja-ajami-seiskamise-komponendid\/trosside-trumlid\/rope-drums\/#breadcrumb"},"inLanguage":"et","potentialAction":[{"@type":"ReadAction","target":["https:\/\/dev.myindustrial.eu\/et\/shop\/toostuslikud-pidurisusteemid-ja-ajami-seiskamise-komponendid\/trosside-trumlid\/rope-drums\/"]}]},{"@type":"ImageObject","inLanguage":"et","@id":"https:\/\/dev.myindustrial.eu\/et\/shop\/toostuslikud-pidurisusteemid-ja-ajami-seiskamise-komponendid\/trosside-trumlid\/rope-drums\/#primaryimage","url":"https:\/\/dev.myindustrial.eu\/wp-content\/uploads\/2024\/12\/rope-drums-preview.webp","contentUrl":"https:\/\/dev.myindustrial.eu\/wp-content\/uploads\/2024\/12\/rope-drums-preview.webp","width":800,"height":800},{"@type":"BreadcrumbList","@id":"https:\/\/dev.myindustrial.eu\/et\/shop\/toostuslikud-pidurisusteemid-ja-ajami-seiskamise-komponendid\/trosside-trumlid\/rope-drums\/#breadcrumb","itemListElement":[{"@type":"ListItem","position":1,"name":"Home","item":"https:\/\/dev.myindustrial.eu\/et\/"},{"@type":"ListItem","position":2,"name":"Products","item":"https:\/\/dev.myindustrial.eu\/et\/products\/"},{"@type":"ListItem","position":3,"name":"Trosside trumlid"}]},{"@type":"WebSite","@id":"https:\/\/dev.myindustrial.eu\/et\/#website","url":"https:\/\/dev.myindustrial.eu\/et\/","name":"My industrial","description":"","potentialAction":[{"@type":"SearchAction","target":{"@type":"EntryPoint","urlTemplate":"https:\/\/dev.myindustrial.eu\/et\/?s={search_term_string}"},"query-input":{"@type":"PropertyValueSpecification","valueRequired":true,"valueName":"search_term_string"}}],"inLanguage":"et"}]}},"_links":{"self":[{"href":"https:\/\/dev.myindustrial.eu\/et\/wp-json\/wp\/v2\/product\/1260065563","targetHints":{"allow":["GET"]}}],"collection":[{"href":"https:\/\/dev.myindustrial.eu\/et\/wp-json\/wp\/v2\/product"}],"about":[{"href":"https:\/\/dev.myindustrial.eu\/et\/wp-json\/wp\/v2\/types\/product"}],"version-history":[{"count":0,"href":"https:\/\/dev.myindustrial.eu\/et\/wp-json\/wp\/v2\/product\/1260065563\/revisions"}],"wp:featuredmedia":[{"embeddable":true,"href":"https:\/\/dev.myindustrial.eu\/et\/wp-json\/wp\/v2\/media\/1260065064"}],"wp:attachment":[{"href":"https:\/\/dev.myindustrial.eu\/et\/wp-json\/wp\/v2\/media?parent=1260065563"}],"wp:term":[{"taxonomy":"product_brand","embeddable":true,"href":"https:\/\/dev.myindustrial.eu\/et\/wp-json\/wp\/v2\/product_brand?post=1260065563"},{"taxonomy":"product_cat","embeddable":true,"href":"https:\/\/dev.myindustrial.eu\/et\/wp-json\/wp\/v2\/product_cat?post=1260065563"},{"taxonomy":"product_tag","embeddable":true,"href":"https:\/\/dev.myindustrial.eu\/et\/wp-json\/wp\/v2\/product_tag?post=1260065563"}],"curies":[{"name":"wp","href":"https:\/\/api.w.org\/{rel}","templated":true}]}}