{"id":1260065567,"date":"2024-12-02T12:21:08","date_gmt":"2024-12-02T12:21:08","guid":{"rendered":"https:\/\/dev.myindustrial.eu\/shop\/maaratlemata\/industrial-caliper-safety-disc-brake\/"},"modified":"2024-12-27T20:33:43","modified_gmt":"2024-12-27T20:33:43","slug":"industrial-caliper-safety-disc-brake","status":"publish","type":"product","link":"https:\/\/dev.myindustrial.eu\/et\/shop\/toostuslikud-pidurisusteemid-ja-ajami-seiskamise-komponendid\/toostuslikud-ketas-ja-trummelpidurid\/industrial-caliper-safety-disc-brake\/","title":{"rendered":"T\u00f6\u00f6stuslik pidurisadul-turvapidur"},"content":{"rendered":"<p><b>Omadused<\/b><\/p>\n<ul>\n<li style=\"font-weight: 400;\" aria-level=\"1\"><span style=\"font-weight: 400;\">Pidurdus toimub vedruj\u00f5ul. Vedruga rakendatav pidurdusj\u00f5ud<\/span><\/li>\n<li style=\"font-weight: 400;\" aria-level=\"1\"><span style=\"font-weight: 400;\">T\u00f5stmine h\u00fcdrosilindriga. H\u00fcdrauliline vabastamine<\/span><\/li>\n<li style=\"font-weight: 400;\" aria-level=\"1\"><span style=\"font-weight: 400;\">Iseseisev voolu katkemise korral. Turvaline rike (voolu katkemisel rakendab pidur mehaanilist j\u00f5udu)<\/span><\/li>\n<li style=\"font-weight: 400;\" aria-level=\"1\"><span style=\"font-weight: 400;\">Suur pidurdusmoment, p\u00f6\u00f6rlemissuunast s\u00f5ltumatu<\/span><\/li>\n<li style=\"font-weight: 400;\" aria-level=\"1\"><span style=\"font-weight: 400;\">Tarnitakse eelnevalt monteerituna, eelpinge all pidurivedrudega<\/span><\/li>\n<li style=\"font-weight: 400;\" aria-level=\"1\"><span style=\"font-weight: 400;\">Kaks identset poolt, saab paigaldada igas asendis<\/span><\/li>\n<li style=\"font-weight: 400;\" aria-level=\"1\"><span style=\"font-weight: 400;\">K\u00e4sitsi reguleeritav kulumise kompenseerimine. \u00d5hupilu reguleeritav vahemikus 1 kuni 3 mm<\/span><\/li>\n<li style=\"font-weight: 400;\" aria-level=\"1\"><span style=\"font-weight: 400;\">Standardpidurikatted v\u00e4hese kulumisega (\u03bc = 0,4)<\/span><\/li>\n<li style=\"font-weight: 400;\" aria-level=\"1\"><span style=\"font-weight: 400;\">Kapseldatud h\u00fcdros\u00fcsteem. H\u00fcdrauliline kolb asub vedrude pakendi taga, eemal h\u00f5\u00f5rdetsoonist. Seet\u00f5ttu ei m\u00f5juta h\u00fcdraulilisi tihendeid ja vedelikku pidurdussoojus, ning usaldusv\u00e4\u00e4rseks pikaajaliseks tihendamiseks ja t\u00f6\u00f6ks ei ole vaja jahutamist.<\/span><\/li>\n<\/ul>\n<p><b>Tehnilised eelised<\/b><\/p>\n<ul>\n<li style=\"font-weight: 400;\" aria-level=\"1\"><span style=\"font-weight: 400;\">V\u00e4ga k\u00f5rge kvaliteet ja turvalisuse tase<\/span><\/li>\n<li style=\"font-weight: 400;\" aria-level=\"1\"><span style=\"font-weight: 400;\">Pikk kasutusiga \/ hooldus- ja j\u00e4relevalvekulude v\u00e4hendamine<\/span><\/li>\n<li style=\"font-weight: 400;\" aria-level=\"1\"><span style=\"font-weight: 400;\">Otsetoimeline ilma \u00fclekannete mehhanismideta<\/span><\/li>\n<li style=\"font-weight: 400;\" aria-level=\"1\"><span style=\"font-weight: 400;\">Fikseeritud, mitte ujuv konstruktsioon<\/span><\/li>\n<\/ul>\n","protected":false},"excerpt":{"rendered":"<p><b>H\u00e4dapidur<\/b><span style=\"font-weight: 400;\"><br \/>\n<\/span><b>T\u00fc\u00fcp SCFH-1, SCFH-2, SCFH-3, SCFH-4<\/b><\/p>\n<p><span style=\"font-weight: 400;\">T\u00f6\u00f6stuslik pidurisadul-turvapidur, mis toimib otse trossitrumli plaadikettal. Koorma kukkumise kaitse ja turvalisus, samuti reageerimine k\u00e4iguv\u00f5lli purunemise korral.<\/span><\/p>\n<ul>\n<li style=\"font-weight: 400;\" aria-level=\"1\"><span style=\"font-weight: 400;\">Otsetoimeline \/ Ilma hoovasti \u00fclekandeta<\/span><\/li>\n<li style=\"font-weight: 400;\" aria-level=\"1\"><span style=\"font-weight: 400;\">Suurused: SCFH 1-20 kuni SCFH 4\u2013400<\/span><\/li>\n<li style=\"font-weight: 400;\" aria-level=\"1\"><span style=\"font-weight: 400;\">Klambers\u00fcsteemi pidurij\u00f5ud kuni 400 kN<\/span><\/li>\n<li style=\"font-weight: 400;\" aria-level=\"1\"><span style=\"font-weight: 400;\">Mitme klambri variatsioonid \u00fchel pidurikettal (nt: 4 x SCFH-4 = 1600 kN pidurij\u00f5ud)<\/span><\/li>\n<li style=\"font-weight: 400;\" aria-level=\"1\"><span style=\"font-weight: 400;\">Suur ja p\u00f6\u00f6rlemissuunast s\u00f5ltumatu pidurdusmoment<\/span><\/li>\n<li style=\"font-weight: 400;\" aria-level=\"1\"><span style=\"font-weight: 400;\">Kaks identset klambriosa<\/span><\/li>\n<li style=\"font-weight: 400;\" aria-level=\"1\"><span style=\"font-weight: 400;\">K\u00e4sitsi reguleeritav pidurikatte kulumine<\/span><\/li>\n<li style=\"font-weight: 400;\" aria-level=\"1\"><span style=\"font-weight: 400;\">Reguleeritav t\u00f5stespind vahemikus 1 mm kuni 3 mm<\/span><\/li>\n<li style=\"font-weight: 400;\" aria-level=\"1\"><span style=\"font-weight: 400;\">T\u00e4ielikult kapseldatud h\u00fcdros\u00fcsteem<\/span><\/li>\n<li style=\"font-weight: 400;\" aria-level=\"1\"><span style=\"font-weight: 400;\">Madala kulumisega standardpidurikatted (sinterdatud)<\/span><\/li>\n<\/ul>\n","protected":false},"featured_media":1260065070,"template":"","meta":[],"product_brand":[],"product_cat":[1711],"product_tag":[],"class_list":{"0":"post-1260065567","1":"product","2":"type-product","3":"status-publish","4":"has-post-thumbnail","6":"product_cat-toostuslikud-ketas-ja-trummelpidurid","8":"first","9":"instock","10":"shipping-taxable","11":"product-type-simple"},"yoast_head":"<!-- This site is optimized with the Yoast SEO plugin v27.1.1 - https:\/\/yoast.com\/product\/yoast-seo-wordpress\/ -->\n<title>T\u00f6\u00f6stuslik pidurisadul-turvapidur - My industrial<\/title>\n<meta name=\"robots\" content=\"noindex, follow, max-snippet:-1, max-image-preview:large, max-video-preview:-1\" \/>\n<meta property=\"og:locale\" content=\"et_EE\" \/>\n<meta property=\"og:type\" content=\"article\" \/>\n<meta property=\"og:title\" content=\"T\u00f6\u00f6stuslik pidurisadul-turvapidur - My industrial\" \/>\n<meta property=\"og:description\" content=\"H\u00e4dapidur T\u00fc\u00fcp SCFH-1, SCFH-2, SCFH-3, SCFH-4  T\u00f6\u00f6stuslik pidurisadul-turvapidur, mis toimib otse trossitrumli plaadikettal. Koorma kukkumise kaitse ja turvalisus, samuti reageerimine k\u00e4iguv\u00f5lli purunemise korral.   Otsetoimeline \/ Ilma hoovasti \u00fclekandeta  Suurused: SCFH 1-20 kuni SCFH 4\u2013400  Klambers\u00fcsteemi pidurij\u00f5ud kuni 400 kN  Mitme klambri variatsioonid \u00fchel pidurikettal (nt: 4 x SCFH-4 = 1600 kN pidurij\u00f5ud)  Suur ja p\u00f6\u00f6rlemissuunast s\u00f5ltumatu pidurdusmoment  Kaks identset klambriosa  K\u00e4sitsi reguleeritav pidurikatte kulumine  Reguleeritav t\u00f5stespind vahemikus 1 mm kuni 3 mm  T\u00e4ielikult kapseldatud h\u00fcdros\u00fcsteem  Madala kulumisega standardpidurikatted (sinterdatud)\" \/>\n<meta property=\"og:url\" content=\"https:\/\/dev.myindustrial.eu\/et\/shop\/toostuslikud-pidurisusteemid-ja-ajami-seiskamise-komponendid\/toostuslikud-ketas-ja-trummelpidurid\/industrial-caliper-safety-disc-brake\/\" \/>\n<meta property=\"og:site_name\" content=\"My industrial\" \/>\n<meta property=\"article:modified_time\" content=\"2024-12-27T20:33:43+00:00\" \/>\n<meta property=\"og:image\" content=\"https:\/\/dev.myindustrial.eu\/wp-content\/uploads\/2024\/12\/rft_calipersafetybrake-type-scfh-1.webp\" \/>\n\t<meta property=\"og:image:width\" content=\"800\" \/>\n\t<meta property=\"og:image:height\" content=\"800\" \/>\n\t<meta property=\"og:image:type\" content=\"image\/webp\" \/>\n<meta name=\"twitter:card\" content=\"summary_large_image\" \/>\n<script type=\"application\/ld+json\" class=\"yoast-schema-graph\">{\"@context\":\"https:\/\/schema.org\",\"@graph\":[{\"@type\":\"WebPage\",\"@id\":\"https:\/\/dev.myindustrial.eu\/et\/shop\/toostuslikud-pidurisusteemid-ja-ajami-seiskamise-komponendid\/toostuslikud-ketas-ja-trummelpidurid\/industrial-caliper-safety-disc-brake\/\",\"url\":\"https:\/\/dev.myindustrial.eu\/et\/shop\/toostuslikud-pidurisusteemid-ja-ajami-seiskamise-komponendid\/toostuslikud-ketas-ja-trummelpidurid\/industrial-caliper-safety-disc-brake\/\",\"name\":\"T\u00f6\u00f6stuslik pidurisadul-turvapidur - My industrial\",\"isPartOf\":{\"@id\":\"https:\/\/dev.myindustrial.eu\/et\/#website\"},\"primaryImageOfPage\":{\"@id\":\"https:\/\/dev.myindustrial.eu\/et\/shop\/toostuslikud-pidurisusteemid-ja-ajami-seiskamise-komponendid\/toostuslikud-ketas-ja-trummelpidurid\/industrial-caliper-safety-disc-brake\/#primaryimage\"},\"image\":{\"@id\":\"https:\/\/dev.myindustrial.eu\/et\/shop\/toostuslikud-pidurisusteemid-ja-ajami-seiskamise-komponendid\/toostuslikud-ketas-ja-trummelpidurid\/industrial-caliper-safety-disc-brake\/#primaryimage\"},\"thumbnailUrl\":\"https:\/\/dev.myindustrial.eu\/wp-content\/uploads\/2024\/12\/rft_calipersafetybrake-type-scfh-1.webp\",\"datePublished\":\"2024-12-02T12:21:08+00:00\",\"dateModified\":\"2024-12-27T20:33:43+00:00\",\"breadcrumb\":{\"@id\":\"https:\/\/dev.myindustrial.eu\/et\/shop\/toostuslikud-pidurisusteemid-ja-ajami-seiskamise-komponendid\/toostuslikud-ketas-ja-trummelpidurid\/industrial-caliper-safety-disc-brake\/#breadcrumb\"},\"inLanguage\":\"et\",\"potentialAction\":[{\"@type\":\"ReadAction\",\"target\":[\"https:\/\/dev.myindustrial.eu\/et\/shop\/toostuslikud-pidurisusteemid-ja-ajami-seiskamise-komponendid\/toostuslikud-ketas-ja-trummelpidurid\/industrial-caliper-safety-disc-brake\/\"]}]},{\"@type\":\"ImageObject\",\"inLanguage\":\"et\",\"@id\":\"https:\/\/dev.myindustrial.eu\/et\/shop\/toostuslikud-pidurisusteemid-ja-ajami-seiskamise-komponendid\/toostuslikud-ketas-ja-trummelpidurid\/industrial-caliper-safety-disc-brake\/#primaryimage\",\"url\":\"https:\/\/dev.myindustrial.eu\/wp-content\/uploads\/2024\/12\/rft_calipersafetybrake-type-scfh-1.webp\",\"contentUrl\":\"https:\/\/dev.myindustrial.eu\/wp-content\/uploads\/2024\/12\/rft_calipersafetybrake-type-scfh-1.webp\",\"width\":800,\"height\":800},{\"@type\":\"BreadcrumbList\",\"@id\":\"https:\/\/dev.myindustrial.eu\/et\/shop\/toostuslikud-pidurisusteemid-ja-ajami-seiskamise-komponendid\/toostuslikud-ketas-ja-trummelpidurid\/industrial-caliper-safety-disc-brake\/#breadcrumb\",\"itemListElement\":[{\"@type\":\"ListItem\",\"position\":1,\"name\":\"Home\",\"item\":\"https:\/\/dev.myindustrial.eu\/et\/\"},{\"@type\":\"ListItem\",\"position\":2,\"name\":\"Products\",\"item\":\"https:\/\/dev.myindustrial.eu\/et\/products\/\"},{\"@type\":\"ListItem\",\"position\":3,\"name\":\"T\u00f6\u00f6stuslik pidurisadul-turvapidur\"}]},{\"@type\":\"WebSite\",\"@id\":\"https:\/\/dev.myindustrial.eu\/et\/#website\",\"url\":\"https:\/\/dev.myindustrial.eu\/et\/\",\"name\":\"My industrial\",\"description\":\"\",\"potentialAction\":[{\"@type\":\"SearchAction\",\"target\":{\"@type\":\"EntryPoint\",\"urlTemplate\":\"https:\/\/dev.myindustrial.eu\/et\/?s={search_term_string}\"},\"query-input\":{\"@type\":\"PropertyValueSpecification\",\"valueRequired\":true,\"valueName\":\"search_term_string\"}}],\"inLanguage\":\"et\"}]}<\/script>\n<!-- \/ Yoast SEO plugin. -->","yoast_head_json":{"title":"T\u00f6\u00f6stuslik pidurisadul-turvapidur - My industrial","robots":{"index":"noindex","follow":"follow","max-snippet":"max-snippet:-1","max-image-preview":"max-image-preview:large","max-video-preview":"max-video-preview:-1"},"og_locale":"et_EE","og_type":"article","og_title":"T\u00f6\u00f6stuslik pidurisadul-turvapidur - My industrial","og_description":"H\u00e4dapidur T\u00fc\u00fcp SCFH-1, SCFH-2, SCFH-3, SCFH-4  T\u00f6\u00f6stuslik pidurisadul-turvapidur, mis toimib otse trossitrumli plaadikettal. Koorma kukkumise kaitse ja turvalisus, samuti reageerimine k\u00e4iguv\u00f5lli purunemise korral.   Otsetoimeline \/ Ilma hoovasti \u00fclekandeta  Suurused: SCFH 1-20 kuni SCFH 4\u2013400  Klambers\u00fcsteemi pidurij\u00f5ud kuni 400 kN  Mitme klambri variatsioonid \u00fchel pidurikettal (nt: 4 x SCFH-4 = 1600 kN pidurij\u00f5ud)  Suur ja p\u00f6\u00f6rlemissuunast s\u00f5ltumatu pidurdusmoment  Kaks identset klambriosa  K\u00e4sitsi reguleeritav pidurikatte kulumine  Reguleeritav t\u00f5stespind vahemikus 1 mm kuni 3 mm  T\u00e4ielikult kapseldatud h\u00fcdros\u00fcsteem  Madala kulumisega standardpidurikatted (sinterdatud)","og_url":"https:\/\/dev.myindustrial.eu\/et\/shop\/toostuslikud-pidurisusteemid-ja-ajami-seiskamise-komponendid\/toostuslikud-ketas-ja-trummelpidurid\/industrial-caliper-safety-disc-brake\/","og_site_name":"My industrial","article_modified_time":"2024-12-27T20:33:43+00:00","og_image":[{"width":800,"height":800,"url":"https:\/\/dev.myindustrial.eu\/wp-content\/uploads\/2024\/12\/rft_calipersafetybrake-type-scfh-1.webp","type":"image\/webp"}],"twitter_card":"summary_large_image","schema":{"@context":"https:\/\/schema.org","@graph":[{"@type":"WebPage","@id":"https:\/\/dev.myindustrial.eu\/et\/shop\/toostuslikud-pidurisusteemid-ja-ajami-seiskamise-komponendid\/toostuslikud-ketas-ja-trummelpidurid\/industrial-caliper-safety-disc-brake\/","url":"https:\/\/dev.myindustrial.eu\/et\/shop\/toostuslikud-pidurisusteemid-ja-ajami-seiskamise-komponendid\/toostuslikud-ketas-ja-trummelpidurid\/industrial-caliper-safety-disc-brake\/","name":"T\u00f6\u00f6stuslik pidurisadul-turvapidur - My industrial","isPartOf":{"@id":"https:\/\/dev.myindustrial.eu\/et\/#website"},"primaryImageOfPage":{"@id":"https:\/\/dev.myindustrial.eu\/et\/shop\/toostuslikud-pidurisusteemid-ja-ajami-seiskamise-komponendid\/toostuslikud-ketas-ja-trummelpidurid\/industrial-caliper-safety-disc-brake\/#primaryimage"},"image":{"@id":"https:\/\/dev.myindustrial.eu\/et\/shop\/toostuslikud-pidurisusteemid-ja-ajami-seiskamise-komponendid\/toostuslikud-ketas-ja-trummelpidurid\/industrial-caliper-safety-disc-brake\/#primaryimage"},"thumbnailUrl":"https:\/\/dev.myindustrial.eu\/wp-content\/uploads\/2024\/12\/rft_calipersafetybrake-type-scfh-1.webp","datePublished":"2024-12-02T12:21:08+00:00","dateModified":"2024-12-27T20:33:43+00:00","breadcrumb":{"@id":"https:\/\/dev.myindustrial.eu\/et\/shop\/toostuslikud-pidurisusteemid-ja-ajami-seiskamise-komponendid\/toostuslikud-ketas-ja-trummelpidurid\/industrial-caliper-safety-disc-brake\/#breadcrumb"},"inLanguage":"et","potentialAction":[{"@type":"ReadAction","target":["https:\/\/dev.myindustrial.eu\/et\/shop\/toostuslikud-pidurisusteemid-ja-ajami-seiskamise-komponendid\/toostuslikud-ketas-ja-trummelpidurid\/industrial-caliper-safety-disc-brake\/"]}]},{"@type":"ImageObject","inLanguage":"et","@id":"https:\/\/dev.myindustrial.eu\/et\/shop\/toostuslikud-pidurisusteemid-ja-ajami-seiskamise-komponendid\/toostuslikud-ketas-ja-trummelpidurid\/industrial-caliper-safety-disc-brake\/#primaryimage","url":"https:\/\/dev.myindustrial.eu\/wp-content\/uploads\/2024\/12\/rft_calipersafetybrake-type-scfh-1.webp","contentUrl":"https:\/\/dev.myindustrial.eu\/wp-content\/uploads\/2024\/12\/rft_calipersafetybrake-type-scfh-1.webp","width":800,"height":800},{"@type":"BreadcrumbList","@id":"https:\/\/dev.myindustrial.eu\/et\/shop\/toostuslikud-pidurisusteemid-ja-ajami-seiskamise-komponendid\/toostuslikud-ketas-ja-trummelpidurid\/industrial-caliper-safety-disc-brake\/#breadcrumb","itemListElement":[{"@type":"ListItem","position":1,"name":"Home","item":"https:\/\/dev.myindustrial.eu\/et\/"},{"@type":"ListItem","position":2,"name":"Products","item":"https:\/\/dev.myindustrial.eu\/et\/products\/"},{"@type":"ListItem","position":3,"name":"T\u00f6\u00f6stuslik pidurisadul-turvapidur"}]},{"@type":"WebSite","@id":"https:\/\/dev.myindustrial.eu\/et\/#website","url":"https:\/\/dev.myindustrial.eu\/et\/","name":"My industrial","description":"","potentialAction":[{"@type":"SearchAction","target":{"@type":"EntryPoint","urlTemplate":"https:\/\/dev.myindustrial.eu\/et\/?s={search_term_string}"},"query-input":{"@type":"PropertyValueSpecification","valueRequired":true,"valueName":"search_term_string"}}],"inLanguage":"et"}]}},"_links":{"self":[{"href":"https:\/\/dev.myindustrial.eu\/et\/wp-json\/wp\/v2\/product\/1260065567","targetHints":{"allow":["GET"]}}],"collection":[{"href":"https:\/\/dev.myindustrial.eu\/et\/wp-json\/wp\/v2\/product"}],"about":[{"href":"https:\/\/dev.myindustrial.eu\/et\/wp-json\/wp\/v2\/types\/product"}],"version-history":[{"count":1,"href":"https:\/\/dev.myindustrial.eu\/et\/wp-json\/wp\/v2\/product\/1260065567\/revisions"}],"predecessor-version":[{"id":1260065568,"href":"https:\/\/dev.myindustrial.eu\/et\/wp-json\/wp\/v2\/product\/1260065567\/revisions\/1260065568"}],"wp:featuredmedia":[{"embeddable":true,"href":"https:\/\/dev.myindustrial.eu\/et\/wp-json\/wp\/v2\/media\/1260065070"}],"wp:attachment":[{"href":"https:\/\/dev.myindustrial.eu\/et\/wp-json\/wp\/v2\/media?parent=1260065567"}],"wp:term":[{"taxonomy":"product_brand","embeddable":true,"href":"https:\/\/dev.myindustrial.eu\/et\/wp-json\/wp\/v2\/product_brand?post=1260065567"},{"taxonomy":"product_cat","embeddable":true,"href":"https:\/\/dev.myindustrial.eu\/et\/wp-json\/wp\/v2\/product_cat?post=1260065567"},{"taxonomy":"product_tag","embeddable":true,"href":"https:\/\/dev.myindustrial.eu\/et\/wp-json\/wp\/v2\/product_tag?post=1260065567"}],"curies":[{"name":"wp","href":"https:\/\/api.w.org\/{rel}","templated":true}]}}