{"id":1260065576,"date":"2024-12-02T12:25:53","date_gmt":"2024-12-02T12:25:53","guid":{"rendered":"https:\/\/dev.myindustrial.eu\/shop\/maaratlemata\/industrial-disc-brake-and-service-brake\/"},"modified":"2024-12-27T20:41:51","modified_gmt":"2024-12-27T20:41:51","slug":"industrial-disc-brake-and-service-brake","status":"publish","type":"product","link":"https:\/\/dev.myindustrial.eu\/et\/shop\/toostuslikud-pidurisusteemid-ja-ajami-seiskamise-komponendid\/toostuslikud-ketas-ja-trummelpidurid\/industrial-disc-brake-and-service-brake\/","title":{"rendered":"T\u00f6\u00f6stuslik ketaspidur ja teeninduspidur"},"content":{"rendered":"<p><b>Omadused<\/b><\/p>\n<ul>\n<li style=\"font-weight: 400;\" aria-level=\"1\"><span style=\"font-weight: 400;\">Pidurdus toimub vedruj\u00f5u abil<\/span><\/li>\n<li style=\"font-weight: 400;\" aria-level=\"1\"><span style=\"font-weight: 400;\">T\u00f5stmine toimub elektro-h\u00fcdrauliliselt (t\u00f5ukuriga) \u2013 standardversioon<\/span><\/li>\n<li style=\"font-weight: 400;\" aria-level=\"1\"><span style=\"font-weight: 400;\">T\u00fc\u00fcbid: RSTN-0, RSTN-0-L (horisontaalne), RSTN-1, RSTN-2, RSTN-3<\/span><\/li>\n<li style=\"font-weight: 400;\" aria-level=\"1\"><span style=\"font-weight: 400;\">Sinteritud pidurikatted<\/span><\/li>\n<\/ul>\n<p><b>Tehnilised eelised<\/b><\/p>\n<ul>\n<li style=\"font-weight: 400;\" aria-level=\"1\"><span style=\"font-weight: 400;\">Geomeetriliselt optimeeritud s\u00fcsteem tagab pideva pidurdusmomendi s\u00f5ltumata p\u00f6\u00f6rlemissuuna muutumisest.<\/span><\/li>\n<li style=\"font-weight: 400;\" aria-level=\"1\"><span style=\"font-weight: 400;\">T\u00e4nu standardiseeritud ja omatoodetud komponentidele saab spetsiaalseid piduriketta konstruktsioone tarnida l\u00fchikese aja jooksul.<\/span><\/li>\n<\/ul>\n","protected":false},"excerpt":{"rendered":"<p><b>T\u00fc\u00fcp RSTN-0, RSTN-1, RSTN-2, RSTN-3<\/b><\/p>\n<p><b>Kirjeldus<\/b><\/p>\n<p><span style=\"font-weight: 400;\">&#8220;Kiire kiiruse&#8221; pidur. Geomeetriliselt optimeeritud s\u00fcsteem tagab p\u00fcsiva pidurdusmomendi, mis ei s\u00f5ltu p\u00f6\u00f6rlemissuuna muutumisest.<\/span><span style=\"font-weight: 400;\"><br \/>\n<\/span><span style=\"font-weight: 400;\">T\u00e4nu standardiseeritud komponentide kasutamisele ja omatoodangule on v\u00f5imalik toota laias valikus ketaspiduri versioone v\u00e4ga l\u00fchikeste tarneaegadega.<\/span><span style=\"font-weight: 400;\"><br \/>\n<\/span><span style=\"font-weight: 400;\">RSTN t\u00fc\u00fcpi pidurid ei kaota hoidmisj\u00f5udu lubatud kulumise korral.<\/span><\/p>\n<ul>\n<li style=\"font-weight: 400;\" aria-level=\"1\"><span style=\"font-weight: 400;\">Reguleeritav moment<\/span><\/li>\n<li style=\"font-weight: 400;\" aria-level=\"1\"><span style=\"font-weight: 400;\">Sobib pidurikettale l\u00e4bim\u00f5\u00f5duga: \u00f8 200, 225, 250, 280, 315, 355, 400, 450, 500, 560, 630, 710, 800, 900, 1000 mm kuni \u00f8 1250 mm<\/span><\/li>\n<li style=\"font-weight: 400;\" aria-level=\"1\"><span style=\"font-weight: 400;\">Pidurdusmomendid alates 200 Nm kuni 23 800 Nm \u00fche piduri kohta<\/span><\/li>\n<li style=\"font-weight: 400;\" aria-level=\"1\"><span style=\"font-weight: 400;\">Varustatud &#8220;SLM&#8221; s\u00fcnkroonse t\u00f5stemekanismiga (tagab \u00fchtlased \u00f5hupilu vahed pidurikatte ja piduriketta vahel)<\/span><\/li>\n<\/ul>\n","protected":false},"featured_media":1260065081,"template":"","meta":[],"product_brand":[],"product_cat":[1711],"product_tag":[],"class_list":{"0":"post-1260065576","1":"product","2":"type-product","3":"status-publish","4":"has-post-thumbnail","6":"product_cat-toostuslikud-ketas-ja-trummelpidurid","8":"first","9":"instock","10":"shipping-taxable","11":"product-type-simple"},"yoast_head":"<!-- This site is optimized with the Yoast SEO plugin v27.1.1 - https:\/\/yoast.com\/product\/yoast-seo-wordpress\/ -->\n<title>T\u00f6\u00f6stuslik ketaspidur ja teeninduspidur - My industrial<\/title>\n<meta name=\"robots\" content=\"noindex, follow, max-snippet:-1, max-image-preview:large, max-video-preview:-1\" \/>\n<meta property=\"og:locale\" content=\"et_EE\" \/>\n<meta property=\"og:type\" content=\"article\" \/>\n<meta property=\"og:title\" content=\"T\u00f6\u00f6stuslik ketaspidur ja teeninduspidur - My industrial\" \/>\n<meta property=\"og:description\" content=\"T\u00fc\u00fcp RSTN-0, RSTN-1, RSTN-2, RSTN-3  Kirjeldus  &quot;Kiire kiiruse&quot; pidur. Geomeetriliselt optimeeritud s\u00fcsteem tagab p\u00fcsiva pidurdusmomendi, mis ei s\u00f5ltu p\u00f6\u00f6rlemissuuna muutumisest. T\u00e4nu standardiseeritud komponentide kasutamisele ja omatoodangule on v\u00f5imalik toota laias valikus ketaspiduri versioone v\u00e4ga l\u00fchikeste tarneaegadega. RSTN t\u00fc\u00fcpi pidurid ei kaota hoidmisj\u00f5udu lubatud kulumise korral.   Reguleeritav moment  Sobib pidurikettale l\u00e4bim\u00f5\u00f5duga: \u00f8 200, 225, 250, 280, 315, 355, 400, 450, 500, 560, 630, 710, 800, 900, 1000 mm kuni \u00f8 1250 mm  Pidurdusmomendid alates 200 Nm kuni 23 800 Nm \u00fche piduri kohta  Varustatud &quot;SLM&quot; s\u00fcnkroonse t\u00f5stemekanismiga (tagab \u00fchtlased \u00f5hupilu vahed pidurikatte ja piduriketta vahel)\" \/>\n<meta property=\"og:url\" content=\"https:\/\/dev.myindustrial.eu\/et\/shop\/toostuslikud-pidurisusteemid-ja-ajami-seiskamise-komponendid\/toostuslikud-ketas-ja-trummelpidurid\/industrial-disc-brake-and-service-brake\/\" \/>\n<meta property=\"og:site_name\" content=\"My industrial\" \/>\n<meta property=\"article:modified_time\" content=\"2024-12-27T20:41:51+00:00\" \/>\n<meta property=\"og:image\" content=\"https:\/\/dev.myindustrial.eu\/wp-content\/uploads\/2024\/12\/rtf-disc-brake-preview.webp\" \/>\n\t<meta property=\"og:image:width\" content=\"800\" \/>\n\t<meta property=\"og:image:height\" content=\"800\" \/>\n\t<meta property=\"og:image:type\" content=\"image\/webp\" \/>\n<meta name=\"twitter:card\" content=\"summary_large_image\" \/>\n<script type=\"application\/ld+json\" class=\"yoast-schema-graph\">{\"@context\":\"https:\/\/schema.org\",\"@graph\":[{\"@type\":\"WebPage\",\"@id\":\"https:\/\/dev.myindustrial.eu\/et\/shop\/toostuslikud-pidurisusteemid-ja-ajami-seiskamise-komponendid\/toostuslikud-ketas-ja-trummelpidurid\/industrial-disc-brake-and-service-brake\/\",\"url\":\"https:\/\/dev.myindustrial.eu\/et\/shop\/toostuslikud-pidurisusteemid-ja-ajami-seiskamise-komponendid\/toostuslikud-ketas-ja-trummelpidurid\/industrial-disc-brake-and-service-brake\/\",\"name\":\"T\u00f6\u00f6stuslik ketaspidur ja teeninduspidur - My industrial\",\"isPartOf\":{\"@id\":\"https:\/\/dev.myindustrial.eu\/et\/#website\"},\"primaryImageOfPage\":{\"@id\":\"https:\/\/dev.myindustrial.eu\/et\/shop\/toostuslikud-pidurisusteemid-ja-ajami-seiskamise-komponendid\/toostuslikud-ketas-ja-trummelpidurid\/industrial-disc-brake-and-service-brake\/#primaryimage\"},\"image\":{\"@id\":\"https:\/\/dev.myindustrial.eu\/et\/shop\/toostuslikud-pidurisusteemid-ja-ajami-seiskamise-komponendid\/toostuslikud-ketas-ja-trummelpidurid\/industrial-disc-brake-and-service-brake\/#primaryimage\"},\"thumbnailUrl\":\"https:\/\/dev.myindustrial.eu\/wp-content\/uploads\/2024\/12\/rtf-disc-brake-preview.webp\",\"datePublished\":\"2024-12-02T12:25:53+00:00\",\"dateModified\":\"2024-12-27T20:41:51+00:00\",\"breadcrumb\":{\"@id\":\"https:\/\/dev.myindustrial.eu\/et\/shop\/toostuslikud-pidurisusteemid-ja-ajami-seiskamise-komponendid\/toostuslikud-ketas-ja-trummelpidurid\/industrial-disc-brake-and-service-brake\/#breadcrumb\"},\"inLanguage\":\"et\",\"potentialAction\":[{\"@type\":\"ReadAction\",\"target\":[\"https:\/\/dev.myindustrial.eu\/et\/shop\/toostuslikud-pidurisusteemid-ja-ajami-seiskamise-komponendid\/toostuslikud-ketas-ja-trummelpidurid\/industrial-disc-brake-and-service-brake\/\"]}]},{\"@type\":\"ImageObject\",\"inLanguage\":\"et\",\"@id\":\"https:\/\/dev.myindustrial.eu\/et\/shop\/toostuslikud-pidurisusteemid-ja-ajami-seiskamise-komponendid\/toostuslikud-ketas-ja-trummelpidurid\/industrial-disc-brake-and-service-brake\/#primaryimage\",\"url\":\"https:\/\/dev.myindustrial.eu\/wp-content\/uploads\/2024\/12\/rtf-disc-brake-preview.webp\",\"contentUrl\":\"https:\/\/dev.myindustrial.eu\/wp-content\/uploads\/2024\/12\/rtf-disc-brake-preview.webp\",\"width\":800,\"height\":800},{\"@type\":\"BreadcrumbList\",\"@id\":\"https:\/\/dev.myindustrial.eu\/et\/shop\/toostuslikud-pidurisusteemid-ja-ajami-seiskamise-komponendid\/toostuslikud-ketas-ja-trummelpidurid\/industrial-disc-brake-and-service-brake\/#breadcrumb\",\"itemListElement\":[{\"@type\":\"ListItem\",\"position\":1,\"name\":\"Home\",\"item\":\"https:\/\/dev.myindustrial.eu\/et\/\"},{\"@type\":\"ListItem\",\"position\":2,\"name\":\"Products\",\"item\":\"https:\/\/dev.myindustrial.eu\/et\/products\/\"},{\"@type\":\"ListItem\",\"position\":3,\"name\":\"T\u00f6\u00f6stuslik ketaspidur ja teeninduspidur\"}]},{\"@type\":\"WebSite\",\"@id\":\"https:\/\/dev.myindustrial.eu\/et\/#website\",\"url\":\"https:\/\/dev.myindustrial.eu\/et\/\",\"name\":\"My industrial\",\"description\":\"\",\"potentialAction\":[{\"@type\":\"SearchAction\",\"target\":{\"@type\":\"EntryPoint\",\"urlTemplate\":\"https:\/\/dev.myindustrial.eu\/et\/?s={search_term_string}\"},\"query-input\":{\"@type\":\"PropertyValueSpecification\",\"valueRequired\":true,\"valueName\":\"search_term_string\"}}],\"inLanguage\":\"et\"}]}<\/script>\n<!-- \/ Yoast SEO plugin. -->","yoast_head_json":{"title":"T\u00f6\u00f6stuslik ketaspidur ja teeninduspidur - My industrial","robots":{"index":"noindex","follow":"follow","max-snippet":"max-snippet:-1","max-image-preview":"max-image-preview:large","max-video-preview":"max-video-preview:-1"},"og_locale":"et_EE","og_type":"article","og_title":"T\u00f6\u00f6stuslik ketaspidur ja teeninduspidur - My industrial","og_description":"T\u00fc\u00fcp RSTN-0, RSTN-1, RSTN-2, RSTN-3  Kirjeldus  \"Kiire kiiruse\" pidur. Geomeetriliselt optimeeritud s\u00fcsteem tagab p\u00fcsiva pidurdusmomendi, mis ei s\u00f5ltu p\u00f6\u00f6rlemissuuna muutumisest. T\u00e4nu standardiseeritud komponentide kasutamisele ja omatoodangule on v\u00f5imalik toota laias valikus ketaspiduri versioone v\u00e4ga l\u00fchikeste tarneaegadega. RSTN t\u00fc\u00fcpi pidurid ei kaota hoidmisj\u00f5udu lubatud kulumise korral.   Reguleeritav moment  Sobib pidurikettale l\u00e4bim\u00f5\u00f5duga: \u00f8 200, 225, 250, 280, 315, 355, 400, 450, 500, 560, 630, 710, 800, 900, 1000 mm kuni \u00f8 1250 mm  Pidurdusmomendid alates 200 Nm kuni 23 800 Nm \u00fche piduri kohta  Varustatud \"SLM\" s\u00fcnkroonse t\u00f5stemekanismiga (tagab \u00fchtlased \u00f5hupilu vahed pidurikatte ja piduriketta vahel)","og_url":"https:\/\/dev.myindustrial.eu\/et\/shop\/toostuslikud-pidurisusteemid-ja-ajami-seiskamise-komponendid\/toostuslikud-ketas-ja-trummelpidurid\/industrial-disc-brake-and-service-brake\/","og_site_name":"My industrial","article_modified_time":"2024-12-27T20:41:51+00:00","og_image":[{"width":800,"height":800,"url":"https:\/\/dev.myindustrial.eu\/wp-content\/uploads\/2024\/12\/rtf-disc-brake-preview.webp","type":"image\/webp"}],"twitter_card":"summary_large_image","schema":{"@context":"https:\/\/schema.org","@graph":[{"@type":"WebPage","@id":"https:\/\/dev.myindustrial.eu\/et\/shop\/toostuslikud-pidurisusteemid-ja-ajami-seiskamise-komponendid\/toostuslikud-ketas-ja-trummelpidurid\/industrial-disc-brake-and-service-brake\/","url":"https:\/\/dev.myindustrial.eu\/et\/shop\/toostuslikud-pidurisusteemid-ja-ajami-seiskamise-komponendid\/toostuslikud-ketas-ja-trummelpidurid\/industrial-disc-brake-and-service-brake\/","name":"T\u00f6\u00f6stuslik ketaspidur ja teeninduspidur - My industrial","isPartOf":{"@id":"https:\/\/dev.myindustrial.eu\/et\/#website"},"primaryImageOfPage":{"@id":"https:\/\/dev.myindustrial.eu\/et\/shop\/toostuslikud-pidurisusteemid-ja-ajami-seiskamise-komponendid\/toostuslikud-ketas-ja-trummelpidurid\/industrial-disc-brake-and-service-brake\/#primaryimage"},"image":{"@id":"https:\/\/dev.myindustrial.eu\/et\/shop\/toostuslikud-pidurisusteemid-ja-ajami-seiskamise-komponendid\/toostuslikud-ketas-ja-trummelpidurid\/industrial-disc-brake-and-service-brake\/#primaryimage"},"thumbnailUrl":"https:\/\/dev.myindustrial.eu\/wp-content\/uploads\/2024\/12\/rtf-disc-brake-preview.webp","datePublished":"2024-12-02T12:25:53+00:00","dateModified":"2024-12-27T20:41:51+00:00","breadcrumb":{"@id":"https:\/\/dev.myindustrial.eu\/et\/shop\/toostuslikud-pidurisusteemid-ja-ajami-seiskamise-komponendid\/toostuslikud-ketas-ja-trummelpidurid\/industrial-disc-brake-and-service-brake\/#breadcrumb"},"inLanguage":"et","potentialAction":[{"@type":"ReadAction","target":["https:\/\/dev.myindustrial.eu\/et\/shop\/toostuslikud-pidurisusteemid-ja-ajami-seiskamise-komponendid\/toostuslikud-ketas-ja-trummelpidurid\/industrial-disc-brake-and-service-brake\/"]}]},{"@type":"ImageObject","inLanguage":"et","@id":"https:\/\/dev.myindustrial.eu\/et\/shop\/toostuslikud-pidurisusteemid-ja-ajami-seiskamise-komponendid\/toostuslikud-ketas-ja-trummelpidurid\/industrial-disc-brake-and-service-brake\/#primaryimage","url":"https:\/\/dev.myindustrial.eu\/wp-content\/uploads\/2024\/12\/rtf-disc-brake-preview.webp","contentUrl":"https:\/\/dev.myindustrial.eu\/wp-content\/uploads\/2024\/12\/rtf-disc-brake-preview.webp","width":800,"height":800},{"@type":"BreadcrumbList","@id":"https:\/\/dev.myindustrial.eu\/et\/shop\/toostuslikud-pidurisusteemid-ja-ajami-seiskamise-komponendid\/toostuslikud-ketas-ja-trummelpidurid\/industrial-disc-brake-and-service-brake\/#breadcrumb","itemListElement":[{"@type":"ListItem","position":1,"name":"Home","item":"https:\/\/dev.myindustrial.eu\/et\/"},{"@type":"ListItem","position":2,"name":"Products","item":"https:\/\/dev.myindustrial.eu\/et\/products\/"},{"@type":"ListItem","position":3,"name":"T\u00f6\u00f6stuslik ketaspidur ja teeninduspidur"}]},{"@type":"WebSite","@id":"https:\/\/dev.myindustrial.eu\/et\/#website","url":"https:\/\/dev.myindustrial.eu\/et\/","name":"My industrial","description":"","potentialAction":[{"@type":"SearchAction","target":{"@type":"EntryPoint","urlTemplate":"https:\/\/dev.myindustrial.eu\/et\/?s={search_term_string}"},"query-input":{"@type":"PropertyValueSpecification","valueRequired":true,"valueName":"search_term_string"}}],"inLanguage":"et"}]}},"_links":{"self":[{"href":"https:\/\/dev.myindustrial.eu\/et\/wp-json\/wp\/v2\/product\/1260065576","targetHints":{"allow":["GET"]}}],"collection":[{"href":"https:\/\/dev.myindustrial.eu\/et\/wp-json\/wp\/v2\/product"}],"about":[{"href":"https:\/\/dev.myindustrial.eu\/et\/wp-json\/wp\/v2\/types\/product"}],"version-history":[{"count":1,"href":"https:\/\/dev.myindustrial.eu\/et\/wp-json\/wp\/v2\/product\/1260065576\/revisions"}],"predecessor-version":[{"id":1260065577,"href":"https:\/\/dev.myindustrial.eu\/et\/wp-json\/wp\/v2\/product\/1260065576\/revisions\/1260065577"}],"wp:featuredmedia":[{"embeddable":true,"href":"https:\/\/dev.myindustrial.eu\/et\/wp-json\/wp\/v2\/media\/1260065081"}],"wp:attachment":[{"href":"https:\/\/dev.myindustrial.eu\/et\/wp-json\/wp\/v2\/media?parent=1260065576"}],"wp:term":[{"taxonomy":"product_brand","embeddable":true,"href":"https:\/\/dev.myindustrial.eu\/et\/wp-json\/wp\/v2\/product_brand?post=1260065576"},{"taxonomy":"product_cat","embeddable":true,"href":"https:\/\/dev.myindustrial.eu\/et\/wp-json\/wp\/v2\/product_cat?post=1260065576"},{"taxonomy":"product_tag","embeddable":true,"href":"https:\/\/dev.myindustrial.eu\/et\/wp-json\/wp\/v2\/product_tag?post=1260065576"}],"curies":[{"name":"wp","href":"https:\/\/api.w.org\/{rel}","templated":true}]}}