{"id":1260065584,"date":"2024-12-02T12:28:07","date_gmt":"2024-12-02T12:28:07","guid":{"rendered":"https:\/\/dev.myindustrial.eu\/shop\/maaratlemata\/industrial-drum-brakes-for-bridges-sluices\/"},"modified":"2024-12-27T21:10:40","modified_gmt":"2024-12-27T21:10:40","slug":"industrial-drum-brakes-for-bridges-sluices","status":"publish","type":"product","link":"https:\/\/dev.myindustrial.eu\/et\/shop\/toostuslikud-pidurisusteemid-ja-ajami-seiskamise-komponendid\/toostuslikud-ketas-ja-trummelpidurid\/industrial-drum-brakes-for-bridges-sluices\/","title":{"rendered":"T\u00f6\u00f6stuslikud trummelpidurid sildadele ja l\u00fc\u00fcsidele"},"content":{"rendered":"<p><b>Omadused<\/b><\/p>\n<p><span style=\"font-weight: 400;\">RWS pidurite eriohutusn\u00f5uete t\u00e4itmiseks on saadaval j\u00e4rgmised lisafunktsioonid:<\/span><\/p>\n<ul>\n<li style=\"font-weight: 400;\" aria-level=\"1\"><span style=\"font-weight: 400;\">2 l\u00f5pul\u00fclitit: \u201epidur avatud\u201d, \u201epidur suletud\u201d<\/span><\/li>\n<li style=\"font-weight: 400;\" aria-level=\"1\"><span style=\"font-weight: 400;\">Ekstsentriline k\u00e4sitsi t\u00f5steseade<\/span><\/li>\n<li style=\"font-weight: 400;\" aria-level=\"1\"><span style=\"font-weight: 400;\">K\u00fctteelemendi valik<\/span><\/li>\n<li style=\"font-weight: 400;\" aria-level=\"1\"><span style=\"font-weight: 400;\">K\u00f5ik tihvtid roostevabast terasest, varustatud m\u00e4\u00e4reniplitega k\u00f5ikidele olulistele liigendpunktidele<\/span><\/li>\n<li style=\"font-weight: 400;\" aria-level=\"1\"><span style=\"font-weight: 400;\">Reguleeritav pidurdusmoment<\/span><\/li>\n<li style=\"font-weight: 400;\" aria-level=\"1\"><span style=\"font-weight: 400;\">Orgaanilised piduriklotsid (liimitud), d\u00fcnaamilise h\u00f5\u00f5rdeteguriga \u00b5 = 0,4<\/span><\/li>\n<li style=\"font-weight: 400;\" aria-level=\"1\"><span style=\"font-weight: 400;\">Kahekomponentne kate \/ standardv\u00e4rv RAL 7024<\/span><\/li>\n<\/ul>\n<p><b>Konstruktsioonid<\/b><\/p>\n<ul>\n<li style=\"font-weight: 400;\" aria-level=\"1\"><span style=\"font-weight: 400;\">Konstruktsioon 1: T\u00fc\u00fcp RWS-RT<\/span><span style=\"font-weight: 400;\"><br \/>\n<\/span><span style=\"font-weight: 400;\">\u00dche vedru rakendus s\u00fcnkroont\u00f5ste mehhanismiga<\/span><\/li>\n<li style=\"font-weight: 400;\" aria-level=\"1\"><span style=\"font-weight: 400;\">Konstruktsioon 2: T\u00fc\u00fcp RWS-RT2F<\/span><span style=\"font-weight: 400;\"><br \/>\n<\/span><span style=\"font-weight: 400;\">Kahe vedru rakendus s\u00fcnkroont\u00f5ste mehhanismiga. Esimene vedru peatab liikuva s\u00fcsteemi sujuvalt. Teine vedru hoiab seej\u00e4rel s\u00fcsteemi suurema momendiga, et kaitsta seda soovimatute liikumiste eest.<\/span><\/li>\n<\/ul>\n<p><b>Tehnilised eelised<\/b><\/p>\n<ul>\n<li style=\"font-weight: 400;\" aria-level=\"1\"><span style=\"font-weight: 400;\">Teine ajastatud pidurivedru t\u00fc\u00fcbiga RWS-RT2F hoiab \u00e4ra soovimatud langetamise olukorrad sildadel ja l\u00fc\u00fcside juures.<\/span><\/li>\n<\/ul>\n","protected":false},"excerpt":{"rendered":"<p><b>T\u00fc\u00fcp RWS-RT, RWS-RT2F<\/b><\/p>\n<p><span style=\"font-weight: 400;\">RWS-seeria piduritel on lisafunktsioonid v\u00f5rreldes standardsete trummelpiduritega vastavalt DIN 15435, et suurendada pidurdamisprotsessi ohutust. Sobib valikuliselt sildadele, t\u00f5stesildadele ja l\u00fc\u00fcsi v\u00e4ravatele.<\/span><\/p>\n<ul>\n<li style=\"font-weight: 400;\" aria-level=\"1\"><span style=\"font-weight: 400;\">Paigaldusm\u00f5\u00f5dud vastavalt DIN 15435<\/span><\/li>\n<li style=\"font-weight: 400;\" aria-level=\"1\"><span style=\"font-weight: 400;\">Standardne t\u00f6\u00f6 t\u00f5ukuriga<\/span><\/li>\n<li style=\"font-weight: 400;\" aria-level=\"1\"><span style=\"font-weight: 400;\">\u00dche- v\u00f5i kahepiduri vedrus\u00fcsteem. 2-astmeline pidur \/ teise vedru ajastatud pidurdamine<\/span><\/li>\n<li style=\"font-weight: 400;\" aria-level=\"1\"><span style=\"font-weight: 400;\">S\u00fcnkroont\u00f5ste mehhanismiga (SLM): automaatselt tagab \u00fchtlase vabastuspilu pidurikatte ja trumli vahel<\/span><\/li>\n<li style=\"font-weight: 400;\" aria-level=\"1\"><span style=\"font-weight: 400;\">Reguleeritav pidurdusmoment<\/span><\/li>\n<li style=\"font-weight: 400;\" aria-level=\"1\"><span style=\"font-weight: 400;\">Automaatne aktiveerimine voolukatkestuse korral<\/span><\/li>\n<li style=\"font-weight: 400;\" aria-level=\"1\"><span style=\"font-weight: 400;\">Pidurdusmomendid: kuni 5,000 Nm (standardversioon)<\/span><\/li>\n<li style=\"font-weight: 400;\" aria-level=\"1\"><span style=\"font-weight: 400;\">DIN standardm\u00f5\u00f5dud \u00d8: 200, 250, 315, 400L, 400V, 500<\/span><\/li>\n<\/ul>\n","protected":false},"featured_media":1260065087,"template":"","meta":[],"product_brand":[],"product_cat":[1711],"product_tag":[],"class_list":{"0":"post-1260065584","1":"product","2":"type-product","3":"status-publish","4":"has-post-thumbnail","6":"product_cat-toostuslikud-ketas-ja-trummelpidurid","8":"first","9":"instock","10":"shipping-taxable","11":"product-type-simple"},"yoast_head":"<!-- This site is optimized with the Yoast SEO plugin v27.1.1 - https:\/\/yoast.com\/product\/yoast-seo-wordpress\/ -->\n<title>T\u00f6\u00f6stuslikud trummelpidurid sildadele ja l\u00fc\u00fcsidele - My industrial<\/title>\n<meta name=\"robots\" content=\"noindex, follow, max-snippet:-1, max-image-preview:large, max-video-preview:-1\" \/>\n<meta property=\"og:locale\" content=\"et_EE\" \/>\n<meta property=\"og:type\" content=\"article\" \/>\n<meta property=\"og:title\" content=\"T\u00f6\u00f6stuslikud trummelpidurid sildadele ja l\u00fc\u00fcsidele - My industrial\" \/>\n<meta property=\"og:description\" content=\"T\u00fc\u00fcp RWS-RT, RWS-RT2F  RWS-seeria piduritel on lisafunktsioonid v\u00f5rreldes standardsete trummelpiduritega vastavalt DIN 15435, et suurendada pidurdamisprotsessi ohutust. Sobib valikuliselt sildadele, t\u00f5stesildadele ja l\u00fc\u00fcsi v\u00e4ravatele.   Paigaldusm\u00f5\u00f5dud vastavalt DIN 15435  Standardne t\u00f6\u00f6 t\u00f5ukuriga  \u00dche- v\u00f5i kahepiduri vedrus\u00fcsteem. 2-astmeline pidur \/ teise vedru ajastatud pidurdamine  S\u00fcnkroont\u00f5ste mehhanismiga (SLM): automaatselt tagab \u00fchtlase vabastuspilu pidurikatte ja trumli vahel  Reguleeritav pidurdusmoment  Automaatne aktiveerimine voolukatkestuse korral  Pidurdusmomendid: kuni 5,000 Nm (standardversioon)  DIN standardm\u00f5\u00f5dud \u00d8: 200, 250, 315, 400L, 400V, 500\" \/>\n<meta property=\"og:url\" content=\"https:\/\/dev.myindustrial.eu\/et\/shop\/toostuslikud-pidurisusteemid-ja-ajami-seiskamise-komponendid\/toostuslikud-ketas-ja-trummelpidurid\/industrial-drum-brakes-for-bridges-sluices\/\" \/>\n<meta property=\"og:site_name\" content=\"My industrial\" \/>\n<meta property=\"article:modified_time\" content=\"2024-12-27T21:10:40+00:00\" \/>\n<meta property=\"og:image\" content=\"https:\/\/dev.myindustrial.eu\/wp-content\/uploads\/2024\/12\/rws-preview.webp\" \/>\n\t<meta property=\"og:image:width\" content=\"800\" \/>\n\t<meta property=\"og:image:height\" content=\"800\" \/>\n\t<meta property=\"og:image:type\" content=\"image\/webp\" \/>\n<meta name=\"twitter:card\" content=\"summary_large_image\" \/>\n<script type=\"application\/ld+json\" class=\"yoast-schema-graph\">{\"@context\":\"https:\/\/schema.org\",\"@graph\":[{\"@type\":\"WebPage\",\"@id\":\"https:\/\/dev.myindustrial.eu\/et\/shop\/toostuslikud-pidurisusteemid-ja-ajami-seiskamise-komponendid\/toostuslikud-ketas-ja-trummelpidurid\/industrial-drum-brakes-for-bridges-sluices\/\",\"url\":\"https:\/\/dev.myindustrial.eu\/et\/shop\/toostuslikud-pidurisusteemid-ja-ajami-seiskamise-komponendid\/toostuslikud-ketas-ja-trummelpidurid\/industrial-drum-brakes-for-bridges-sluices\/\",\"name\":\"T\u00f6\u00f6stuslikud trummelpidurid sildadele ja l\u00fc\u00fcsidele - My industrial\",\"isPartOf\":{\"@id\":\"https:\/\/dev.myindustrial.eu\/et\/#website\"},\"primaryImageOfPage\":{\"@id\":\"https:\/\/dev.myindustrial.eu\/et\/shop\/toostuslikud-pidurisusteemid-ja-ajami-seiskamise-komponendid\/toostuslikud-ketas-ja-trummelpidurid\/industrial-drum-brakes-for-bridges-sluices\/#primaryimage\"},\"image\":{\"@id\":\"https:\/\/dev.myindustrial.eu\/et\/shop\/toostuslikud-pidurisusteemid-ja-ajami-seiskamise-komponendid\/toostuslikud-ketas-ja-trummelpidurid\/industrial-drum-brakes-for-bridges-sluices\/#primaryimage\"},\"thumbnailUrl\":\"https:\/\/dev.myindustrial.eu\/wp-content\/uploads\/2024\/12\/rws-preview.webp\",\"datePublished\":\"2024-12-02T12:28:07+00:00\",\"dateModified\":\"2024-12-27T21:10:40+00:00\",\"breadcrumb\":{\"@id\":\"https:\/\/dev.myindustrial.eu\/et\/shop\/toostuslikud-pidurisusteemid-ja-ajami-seiskamise-komponendid\/toostuslikud-ketas-ja-trummelpidurid\/industrial-drum-brakes-for-bridges-sluices\/#breadcrumb\"},\"inLanguage\":\"et\",\"potentialAction\":[{\"@type\":\"ReadAction\",\"target\":[\"https:\/\/dev.myindustrial.eu\/et\/shop\/toostuslikud-pidurisusteemid-ja-ajami-seiskamise-komponendid\/toostuslikud-ketas-ja-trummelpidurid\/industrial-drum-brakes-for-bridges-sluices\/\"]}]},{\"@type\":\"ImageObject\",\"inLanguage\":\"et\",\"@id\":\"https:\/\/dev.myindustrial.eu\/et\/shop\/toostuslikud-pidurisusteemid-ja-ajami-seiskamise-komponendid\/toostuslikud-ketas-ja-trummelpidurid\/industrial-drum-brakes-for-bridges-sluices\/#primaryimage\",\"url\":\"https:\/\/dev.myindustrial.eu\/wp-content\/uploads\/2024\/12\/rws-preview.webp\",\"contentUrl\":\"https:\/\/dev.myindustrial.eu\/wp-content\/uploads\/2024\/12\/rws-preview.webp\",\"width\":800,\"height\":800},{\"@type\":\"BreadcrumbList\",\"@id\":\"https:\/\/dev.myindustrial.eu\/et\/shop\/toostuslikud-pidurisusteemid-ja-ajami-seiskamise-komponendid\/toostuslikud-ketas-ja-trummelpidurid\/industrial-drum-brakes-for-bridges-sluices\/#breadcrumb\",\"itemListElement\":[{\"@type\":\"ListItem\",\"position\":1,\"name\":\"Home\",\"item\":\"https:\/\/dev.myindustrial.eu\/et\/\"},{\"@type\":\"ListItem\",\"position\":2,\"name\":\"Products\",\"item\":\"https:\/\/dev.myindustrial.eu\/et\/products\/\"},{\"@type\":\"ListItem\",\"position\":3,\"name\":\"T\u00f6\u00f6stuslikud trummelpidurid sildadele ja l\u00fc\u00fcsidele\"}]},{\"@type\":\"WebSite\",\"@id\":\"https:\/\/dev.myindustrial.eu\/et\/#website\",\"url\":\"https:\/\/dev.myindustrial.eu\/et\/\",\"name\":\"My industrial\",\"description\":\"\",\"potentialAction\":[{\"@type\":\"SearchAction\",\"target\":{\"@type\":\"EntryPoint\",\"urlTemplate\":\"https:\/\/dev.myindustrial.eu\/et\/?s={search_term_string}\"},\"query-input\":{\"@type\":\"PropertyValueSpecification\",\"valueRequired\":true,\"valueName\":\"search_term_string\"}}],\"inLanguage\":\"et\"}]}<\/script>\n<!-- \/ Yoast SEO plugin. -->","yoast_head_json":{"title":"T\u00f6\u00f6stuslikud trummelpidurid sildadele ja l\u00fc\u00fcsidele - My industrial","robots":{"index":"noindex","follow":"follow","max-snippet":"max-snippet:-1","max-image-preview":"max-image-preview:large","max-video-preview":"max-video-preview:-1"},"og_locale":"et_EE","og_type":"article","og_title":"T\u00f6\u00f6stuslikud trummelpidurid sildadele ja l\u00fc\u00fcsidele - My industrial","og_description":"T\u00fc\u00fcp RWS-RT, RWS-RT2F  RWS-seeria piduritel on lisafunktsioonid v\u00f5rreldes standardsete trummelpiduritega vastavalt DIN 15435, et suurendada pidurdamisprotsessi ohutust. Sobib valikuliselt sildadele, t\u00f5stesildadele ja l\u00fc\u00fcsi v\u00e4ravatele.   Paigaldusm\u00f5\u00f5dud vastavalt DIN 15435  Standardne t\u00f6\u00f6 t\u00f5ukuriga  \u00dche- v\u00f5i kahepiduri vedrus\u00fcsteem. 2-astmeline pidur \/ teise vedru ajastatud pidurdamine  S\u00fcnkroont\u00f5ste mehhanismiga (SLM): automaatselt tagab \u00fchtlase vabastuspilu pidurikatte ja trumli vahel  Reguleeritav pidurdusmoment  Automaatne aktiveerimine voolukatkestuse korral  Pidurdusmomendid: kuni 5,000 Nm (standardversioon)  DIN standardm\u00f5\u00f5dud \u00d8: 200, 250, 315, 400L, 400V, 500","og_url":"https:\/\/dev.myindustrial.eu\/et\/shop\/toostuslikud-pidurisusteemid-ja-ajami-seiskamise-komponendid\/toostuslikud-ketas-ja-trummelpidurid\/industrial-drum-brakes-for-bridges-sluices\/","og_site_name":"My industrial","article_modified_time":"2024-12-27T21:10:40+00:00","og_image":[{"width":800,"height":800,"url":"https:\/\/dev.myindustrial.eu\/wp-content\/uploads\/2024\/12\/rws-preview.webp","type":"image\/webp"}],"twitter_card":"summary_large_image","schema":{"@context":"https:\/\/schema.org","@graph":[{"@type":"WebPage","@id":"https:\/\/dev.myindustrial.eu\/et\/shop\/toostuslikud-pidurisusteemid-ja-ajami-seiskamise-komponendid\/toostuslikud-ketas-ja-trummelpidurid\/industrial-drum-brakes-for-bridges-sluices\/","url":"https:\/\/dev.myindustrial.eu\/et\/shop\/toostuslikud-pidurisusteemid-ja-ajami-seiskamise-komponendid\/toostuslikud-ketas-ja-trummelpidurid\/industrial-drum-brakes-for-bridges-sluices\/","name":"T\u00f6\u00f6stuslikud trummelpidurid sildadele ja l\u00fc\u00fcsidele - My industrial","isPartOf":{"@id":"https:\/\/dev.myindustrial.eu\/et\/#website"},"primaryImageOfPage":{"@id":"https:\/\/dev.myindustrial.eu\/et\/shop\/toostuslikud-pidurisusteemid-ja-ajami-seiskamise-komponendid\/toostuslikud-ketas-ja-trummelpidurid\/industrial-drum-brakes-for-bridges-sluices\/#primaryimage"},"image":{"@id":"https:\/\/dev.myindustrial.eu\/et\/shop\/toostuslikud-pidurisusteemid-ja-ajami-seiskamise-komponendid\/toostuslikud-ketas-ja-trummelpidurid\/industrial-drum-brakes-for-bridges-sluices\/#primaryimage"},"thumbnailUrl":"https:\/\/dev.myindustrial.eu\/wp-content\/uploads\/2024\/12\/rws-preview.webp","datePublished":"2024-12-02T12:28:07+00:00","dateModified":"2024-12-27T21:10:40+00:00","breadcrumb":{"@id":"https:\/\/dev.myindustrial.eu\/et\/shop\/toostuslikud-pidurisusteemid-ja-ajami-seiskamise-komponendid\/toostuslikud-ketas-ja-trummelpidurid\/industrial-drum-brakes-for-bridges-sluices\/#breadcrumb"},"inLanguage":"et","potentialAction":[{"@type":"ReadAction","target":["https:\/\/dev.myindustrial.eu\/et\/shop\/toostuslikud-pidurisusteemid-ja-ajami-seiskamise-komponendid\/toostuslikud-ketas-ja-trummelpidurid\/industrial-drum-brakes-for-bridges-sluices\/"]}]},{"@type":"ImageObject","inLanguage":"et","@id":"https:\/\/dev.myindustrial.eu\/et\/shop\/toostuslikud-pidurisusteemid-ja-ajami-seiskamise-komponendid\/toostuslikud-ketas-ja-trummelpidurid\/industrial-drum-brakes-for-bridges-sluices\/#primaryimage","url":"https:\/\/dev.myindustrial.eu\/wp-content\/uploads\/2024\/12\/rws-preview.webp","contentUrl":"https:\/\/dev.myindustrial.eu\/wp-content\/uploads\/2024\/12\/rws-preview.webp","width":800,"height":800},{"@type":"BreadcrumbList","@id":"https:\/\/dev.myindustrial.eu\/et\/shop\/toostuslikud-pidurisusteemid-ja-ajami-seiskamise-komponendid\/toostuslikud-ketas-ja-trummelpidurid\/industrial-drum-brakes-for-bridges-sluices\/#breadcrumb","itemListElement":[{"@type":"ListItem","position":1,"name":"Home","item":"https:\/\/dev.myindustrial.eu\/et\/"},{"@type":"ListItem","position":2,"name":"Products","item":"https:\/\/dev.myindustrial.eu\/et\/products\/"},{"@type":"ListItem","position":3,"name":"T\u00f6\u00f6stuslikud trummelpidurid sildadele ja l\u00fc\u00fcsidele"}]},{"@type":"WebSite","@id":"https:\/\/dev.myindustrial.eu\/et\/#website","url":"https:\/\/dev.myindustrial.eu\/et\/","name":"My industrial","description":"","potentialAction":[{"@type":"SearchAction","target":{"@type":"EntryPoint","urlTemplate":"https:\/\/dev.myindustrial.eu\/et\/?s={search_term_string}"},"query-input":{"@type":"PropertyValueSpecification","valueRequired":true,"valueName":"search_term_string"}}],"inLanguage":"et"}]}},"_links":{"self":[{"href":"https:\/\/dev.myindustrial.eu\/et\/wp-json\/wp\/v2\/product\/1260065584","targetHints":{"allow":["GET"]}}],"collection":[{"href":"https:\/\/dev.myindustrial.eu\/et\/wp-json\/wp\/v2\/product"}],"about":[{"href":"https:\/\/dev.myindustrial.eu\/et\/wp-json\/wp\/v2\/types\/product"}],"version-history":[{"count":1,"href":"https:\/\/dev.myindustrial.eu\/et\/wp-json\/wp\/v2\/product\/1260065584\/revisions"}],"predecessor-version":[{"id":1260065585,"href":"https:\/\/dev.myindustrial.eu\/et\/wp-json\/wp\/v2\/product\/1260065584\/revisions\/1260065585"}],"wp:featuredmedia":[{"embeddable":true,"href":"https:\/\/dev.myindustrial.eu\/et\/wp-json\/wp\/v2\/media\/1260065087"}],"wp:attachment":[{"href":"https:\/\/dev.myindustrial.eu\/et\/wp-json\/wp\/v2\/media?parent=1260065584"}],"wp:term":[{"taxonomy":"product_brand","embeddable":true,"href":"https:\/\/dev.myindustrial.eu\/et\/wp-json\/wp\/v2\/product_brand?post=1260065584"},{"taxonomy":"product_cat","embeddable":true,"href":"https:\/\/dev.myindustrial.eu\/et\/wp-json\/wp\/v2\/product_cat?post=1260065584"},{"taxonomy":"product_tag","embeddable":true,"href":"https:\/\/dev.myindustrial.eu\/et\/wp-json\/wp\/v2\/product_tag?post=1260065584"}],"curies":[{"name":"wp","href":"https:\/\/api.w.org\/{rel}","templated":true}]}}