{"id":1260065597,"date":"2024-12-02T12:31:52","date_gmt":"2024-12-02T12:31:52","guid":{"rendered":"https:\/\/dev.myindustrial.eu\/shop\/maaratlemata\/industrial-static-holding-brake\/"},"modified":"2024-12-27T21:42:52","modified_gmt":"2024-12-27T21:42:52","slug":"industrial-static-holding-brake","status":"publish","type":"product","link":"https:\/\/dev.myindustrial.eu\/et\/shop\/toostuslikud-pidurisusteemid-ja-ajami-seiskamise-komponendid\/toostuslikud-ketas-ja-trummelpidurid\/industrial-static-holding-brake\/","title":{"rendered":"T\u00f6\u00f6stuslik staatiline pidurduspidur"},"content":{"rendered":"<p><b>Omadused<\/b><\/p>\n<ul>\n<li style=\"font-weight: 400;\" aria-level=\"1\"><span style=\"font-weight: 400;\">Piduriplokid on kinnitatud pidurihoobade vahele kruvi\u00fchendusega, mitte hingedega nagu DIN 15435 standardiga piduriklotsidel.<\/span><\/li>\n<li style=\"font-weight: 400;\" aria-level=\"1\"><span style=\"font-weight: 400;\">Piduriplokkide kontuurid t\u00f6\u00f6deldakse ringfreesimise teel, v\u00f5ttes arvesse vastavat p\u00f6\u00f6rlemiskeha (nt v\u00f5ll, piduritrummel jne).<\/span><\/li>\n<li style=\"font-weight: 400;\" aria-level=\"1\"><span style=\"font-weight: 400;\">Seet\u00f5ttu on v\u00f5imalik teostada mis tahes l\u00e4bim\u00f5\u00f5tu p\u00f6\u00f6rlemiskeha piduritrumli suuruse piires vastavalt DIN 15435 standardile.<\/span><\/li>\n<\/ul>\n","protected":false},"excerpt":{"rendered":"<p><b>T\u00f6\u00f6stuslik seisupidur<\/b><span style=\"font-weight: 400;\"><br \/>\n<\/span><b>T\u00fc\u00fcp KB<\/b><\/p>\n<p><span style=\"font-weight: 400;\">Sobib eriti h\u00e4sti t\u00f6\u00f6stuslikuks staatiliseks pidurduspiduriks (ei sobi d\u00fcnaamiliseks pidurdamiseks).<\/span><span style=\"font-weight: 400;\"><br \/>\n<\/span><span style=\"font-weight: 400;\">V\u00e4ldib soovimatut liikumist hooldust\u00f6\u00f6de ajal v\u00f5i masinate tahtmatut liikumist laevatelgedel, suurtes ventilaatoris\u00fcsteemides, tuuleturbiinides v\u00f5i t\u00f6\u00f6stuslikes seadmetes.<\/span><\/p>\n<ul>\n<li style=\"font-weight: 400;\" aria-level=\"1\"><span style=\"font-weight: 400;\">Staatiline pidurdustrumli pidur (ei ole d\u00fcnaamilise pidurdamise lahendus)<\/span><\/li>\n<li style=\"font-weight: 400;\" aria-level=\"1\"><span style=\"font-weight: 400;\">Kohandatav igale telje l\u00e4bim\u00f5\u00f5dule (140 kuni 750 mm)<\/span><\/li>\n<li style=\"font-weight: 400;\" aria-level=\"1\"><span style=\"font-weight: 400;\">Spetsiaalsed piduriklotsid<\/span><\/li>\n<li style=\"font-weight: 400;\" aria-level=\"1\"><span style=\"font-weight: 400;\">Pidurdusmomendid kuni 10 563 Nm \u00fche piduris\u00fcsteemi kohta<\/span><\/li>\n<li style=\"font-weight: 400;\" aria-level=\"1\"><span style=\"font-weight: 400;\">9 pidurisuurust<\/span><\/li>\n<li style=\"font-weight: 400;\" aria-level=\"1\"><span style=\"font-weight: 400;\">Kahevarraseline pidurihoobade versioon<\/span><\/li>\n<li style=\"font-weight: 400;\" aria-level=\"1\"><span style=\"font-weight: 400;\">Standardv\u00e4rv RAL 7024<\/span><\/li>\n<li style=\"font-weight: 400;\" aria-level=\"1\"><span style=\"font-weight: 400;\">Ei toimi iseseisvalt elektrikatkestuse korral<\/span><\/li>\n<\/ul>\n","protected":false},"featured_media":1260065099,"template":"","meta":[],"product_brand":[],"product_cat":[1711],"product_tag":[],"class_list":{"0":"post-1260065597","1":"product","2":"type-product","3":"status-publish","4":"has-post-thumbnail","6":"product_cat-toostuslikud-ketas-ja-trummelpidurid","8":"first","9":"instock","10":"shipping-taxable","11":"product-type-simple"},"yoast_head":"<!-- This site is optimized with the Yoast SEO plugin v27.1.1 - https:\/\/yoast.com\/product\/yoast-seo-wordpress\/ -->\n<title>T\u00f6\u00f6stuslik staatiline pidurduspidur - My industrial<\/title>\n<meta name=\"robots\" content=\"noindex, follow, max-snippet:-1, max-image-preview:large, max-video-preview:-1\" \/>\n<meta property=\"og:locale\" content=\"et_EE\" \/>\n<meta property=\"og:type\" content=\"article\" \/>\n<meta property=\"og:title\" content=\"T\u00f6\u00f6stuslik staatiline pidurduspidur - My industrial\" \/>\n<meta property=\"og:description\" content=\"T\u00f6\u00f6stuslik seisupidur T\u00fc\u00fcp KB  Sobib eriti h\u00e4sti t\u00f6\u00f6stuslikuks staatiliseks pidurduspiduriks (ei sobi d\u00fcnaamiliseks pidurdamiseks). V\u00e4ldib soovimatut liikumist hooldust\u00f6\u00f6de ajal v\u00f5i masinate tahtmatut liikumist laevatelgedel, suurtes ventilaatoris\u00fcsteemides, tuuleturbiinides v\u00f5i t\u00f6\u00f6stuslikes seadmetes.   Staatiline pidurdustrumli pidur (ei ole d\u00fcnaamilise pidurdamise lahendus)  Kohandatav igale telje l\u00e4bim\u00f5\u00f5dule (140 kuni 750 mm)  Spetsiaalsed piduriklotsid  Pidurdusmomendid kuni 10 563 Nm \u00fche piduris\u00fcsteemi kohta  9 pidurisuurust  Kahevarraseline pidurihoobade versioon  Standardv\u00e4rv RAL 7024  Ei toimi iseseisvalt elektrikatkestuse korral\" \/>\n<meta property=\"og:url\" content=\"https:\/\/dev.myindustrial.eu\/et\/shop\/toostuslikud-pidurisusteemid-ja-ajami-seiskamise-komponendid\/toostuslikud-ketas-ja-trummelpidurid\/industrial-static-holding-brake\/\" \/>\n<meta property=\"og:site_name\" content=\"My industrial\" \/>\n<meta property=\"article:modified_time\" content=\"2024-12-27T21:42:52+00:00\" \/>\n<meta property=\"og:image\" content=\"https:\/\/dev.myindustrial.eu\/wp-content\/uploads\/2024\/12\/klotzbremse_kbhkk-320.webp\" \/>\n\t<meta property=\"og:image:width\" content=\"800\" \/>\n\t<meta property=\"og:image:height\" content=\"800\" \/>\n\t<meta property=\"og:image:type\" content=\"image\/webp\" \/>\n<meta name=\"twitter:card\" content=\"summary_large_image\" \/>\n<script type=\"application\/ld+json\" class=\"yoast-schema-graph\">{\"@context\":\"https:\/\/schema.org\",\"@graph\":[{\"@type\":\"WebPage\",\"@id\":\"https:\/\/dev.myindustrial.eu\/et\/shop\/toostuslikud-pidurisusteemid-ja-ajami-seiskamise-komponendid\/toostuslikud-ketas-ja-trummelpidurid\/industrial-static-holding-brake\/\",\"url\":\"https:\/\/dev.myindustrial.eu\/et\/shop\/toostuslikud-pidurisusteemid-ja-ajami-seiskamise-komponendid\/toostuslikud-ketas-ja-trummelpidurid\/industrial-static-holding-brake\/\",\"name\":\"T\u00f6\u00f6stuslik staatiline pidurduspidur - My industrial\",\"isPartOf\":{\"@id\":\"https:\/\/dev.myindustrial.eu\/et\/#website\"},\"primaryImageOfPage\":{\"@id\":\"https:\/\/dev.myindustrial.eu\/et\/shop\/toostuslikud-pidurisusteemid-ja-ajami-seiskamise-komponendid\/toostuslikud-ketas-ja-trummelpidurid\/industrial-static-holding-brake\/#primaryimage\"},\"image\":{\"@id\":\"https:\/\/dev.myindustrial.eu\/et\/shop\/toostuslikud-pidurisusteemid-ja-ajami-seiskamise-komponendid\/toostuslikud-ketas-ja-trummelpidurid\/industrial-static-holding-brake\/#primaryimage\"},\"thumbnailUrl\":\"https:\/\/dev.myindustrial.eu\/wp-content\/uploads\/2024\/12\/klotzbremse_kbhkk-320.webp\",\"datePublished\":\"2024-12-02T12:31:52+00:00\",\"dateModified\":\"2024-12-27T21:42:52+00:00\",\"breadcrumb\":{\"@id\":\"https:\/\/dev.myindustrial.eu\/et\/shop\/toostuslikud-pidurisusteemid-ja-ajami-seiskamise-komponendid\/toostuslikud-ketas-ja-trummelpidurid\/industrial-static-holding-brake\/#breadcrumb\"},\"inLanguage\":\"et\",\"potentialAction\":[{\"@type\":\"ReadAction\",\"target\":[\"https:\/\/dev.myindustrial.eu\/et\/shop\/toostuslikud-pidurisusteemid-ja-ajami-seiskamise-komponendid\/toostuslikud-ketas-ja-trummelpidurid\/industrial-static-holding-brake\/\"]}]},{\"@type\":\"ImageObject\",\"inLanguage\":\"et\",\"@id\":\"https:\/\/dev.myindustrial.eu\/et\/shop\/toostuslikud-pidurisusteemid-ja-ajami-seiskamise-komponendid\/toostuslikud-ketas-ja-trummelpidurid\/industrial-static-holding-brake\/#primaryimage\",\"url\":\"https:\/\/dev.myindustrial.eu\/wp-content\/uploads\/2024\/12\/klotzbremse_kbhkk-320.webp\",\"contentUrl\":\"https:\/\/dev.myindustrial.eu\/wp-content\/uploads\/2024\/12\/klotzbremse_kbhkk-320.webp\",\"width\":800,\"height\":800},{\"@type\":\"BreadcrumbList\",\"@id\":\"https:\/\/dev.myindustrial.eu\/et\/shop\/toostuslikud-pidurisusteemid-ja-ajami-seiskamise-komponendid\/toostuslikud-ketas-ja-trummelpidurid\/industrial-static-holding-brake\/#breadcrumb\",\"itemListElement\":[{\"@type\":\"ListItem\",\"position\":1,\"name\":\"Home\",\"item\":\"https:\/\/dev.myindustrial.eu\/et\/\"},{\"@type\":\"ListItem\",\"position\":2,\"name\":\"Products\",\"item\":\"https:\/\/dev.myindustrial.eu\/et\/products\/\"},{\"@type\":\"ListItem\",\"position\":3,\"name\":\"T\u00f6\u00f6stuslik staatiline pidurduspidur\"}]},{\"@type\":\"WebSite\",\"@id\":\"https:\/\/dev.myindustrial.eu\/et\/#website\",\"url\":\"https:\/\/dev.myindustrial.eu\/et\/\",\"name\":\"My industrial\",\"description\":\"\",\"potentialAction\":[{\"@type\":\"SearchAction\",\"target\":{\"@type\":\"EntryPoint\",\"urlTemplate\":\"https:\/\/dev.myindustrial.eu\/et\/?s={search_term_string}\"},\"query-input\":{\"@type\":\"PropertyValueSpecification\",\"valueRequired\":true,\"valueName\":\"search_term_string\"}}],\"inLanguage\":\"et\"}]}<\/script>\n<!-- \/ Yoast SEO plugin. -->","yoast_head_json":{"title":"T\u00f6\u00f6stuslik staatiline pidurduspidur - My industrial","robots":{"index":"noindex","follow":"follow","max-snippet":"max-snippet:-1","max-image-preview":"max-image-preview:large","max-video-preview":"max-video-preview:-1"},"og_locale":"et_EE","og_type":"article","og_title":"T\u00f6\u00f6stuslik staatiline pidurduspidur - My industrial","og_description":"T\u00f6\u00f6stuslik seisupidur T\u00fc\u00fcp KB  Sobib eriti h\u00e4sti t\u00f6\u00f6stuslikuks staatiliseks pidurduspiduriks (ei sobi d\u00fcnaamiliseks pidurdamiseks). V\u00e4ldib soovimatut liikumist hooldust\u00f6\u00f6de ajal v\u00f5i masinate tahtmatut liikumist laevatelgedel, suurtes ventilaatoris\u00fcsteemides, tuuleturbiinides v\u00f5i t\u00f6\u00f6stuslikes seadmetes.   Staatiline pidurdustrumli pidur (ei ole d\u00fcnaamilise pidurdamise lahendus)  Kohandatav igale telje l\u00e4bim\u00f5\u00f5dule (140 kuni 750 mm)  Spetsiaalsed piduriklotsid  Pidurdusmomendid kuni 10 563 Nm \u00fche piduris\u00fcsteemi kohta  9 pidurisuurust  Kahevarraseline pidurihoobade versioon  Standardv\u00e4rv RAL 7024  Ei toimi iseseisvalt elektrikatkestuse korral","og_url":"https:\/\/dev.myindustrial.eu\/et\/shop\/toostuslikud-pidurisusteemid-ja-ajami-seiskamise-komponendid\/toostuslikud-ketas-ja-trummelpidurid\/industrial-static-holding-brake\/","og_site_name":"My industrial","article_modified_time":"2024-12-27T21:42:52+00:00","og_image":[{"width":800,"height":800,"url":"https:\/\/dev.myindustrial.eu\/wp-content\/uploads\/2024\/12\/klotzbremse_kbhkk-320.webp","type":"image\/webp"}],"twitter_card":"summary_large_image","schema":{"@context":"https:\/\/schema.org","@graph":[{"@type":"WebPage","@id":"https:\/\/dev.myindustrial.eu\/et\/shop\/toostuslikud-pidurisusteemid-ja-ajami-seiskamise-komponendid\/toostuslikud-ketas-ja-trummelpidurid\/industrial-static-holding-brake\/","url":"https:\/\/dev.myindustrial.eu\/et\/shop\/toostuslikud-pidurisusteemid-ja-ajami-seiskamise-komponendid\/toostuslikud-ketas-ja-trummelpidurid\/industrial-static-holding-brake\/","name":"T\u00f6\u00f6stuslik staatiline pidurduspidur - My industrial","isPartOf":{"@id":"https:\/\/dev.myindustrial.eu\/et\/#website"},"primaryImageOfPage":{"@id":"https:\/\/dev.myindustrial.eu\/et\/shop\/toostuslikud-pidurisusteemid-ja-ajami-seiskamise-komponendid\/toostuslikud-ketas-ja-trummelpidurid\/industrial-static-holding-brake\/#primaryimage"},"image":{"@id":"https:\/\/dev.myindustrial.eu\/et\/shop\/toostuslikud-pidurisusteemid-ja-ajami-seiskamise-komponendid\/toostuslikud-ketas-ja-trummelpidurid\/industrial-static-holding-brake\/#primaryimage"},"thumbnailUrl":"https:\/\/dev.myindustrial.eu\/wp-content\/uploads\/2024\/12\/klotzbremse_kbhkk-320.webp","datePublished":"2024-12-02T12:31:52+00:00","dateModified":"2024-12-27T21:42:52+00:00","breadcrumb":{"@id":"https:\/\/dev.myindustrial.eu\/et\/shop\/toostuslikud-pidurisusteemid-ja-ajami-seiskamise-komponendid\/toostuslikud-ketas-ja-trummelpidurid\/industrial-static-holding-brake\/#breadcrumb"},"inLanguage":"et","potentialAction":[{"@type":"ReadAction","target":["https:\/\/dev.myindustrial.eu\/et\/shop\/toostuslikud-pidurisusteemid-ja-ajami-seiskamise-komponendid\/toostuslikud-ketas-ja-trummelpidurid\/industrial-static-holding-brake\/"]}]},{"@type":"ImageObject","inLanguage":"et","@id":"https:\/\/dev.myindustrial.eu\/et\/shop\/toostuslikud-pidurisusteemid-ja-ajami-seiskamise-komponendid\/toostuslikud-ketas-ja-trummelpidurid\/industrial-static-holding-brake\/#primaryimage","url":"https:\/\/dev.myindustrial.eu\/wp-content\/uploads\/2024\/12\/klotzbremse_kbhkk-320.webp","contentUrl":"https:\/\/dev.myindustrial.eu\/wp-content\/uploads\/2024\/12\/klotzbremse_kbhkk-320.webp","width":800,"height":800},{"@type":"BreadcrumbList","@id":"https:\/\/dev.myindustrial.eu\/et\/shop\/toostuslikud-pidurisusteemid-ja-ajami-seiskamise-komponendid\/toostuslikud-ketas-ja-trummelpidurid\/industrial-static-holding-brake\/#breadcrumb","itemListElement":[{"@type":"ListItem","position":1,"name":"Home","item":"https:\/\/dev.myindustrial.eu\/et\/"},{"@type":"ListItem","position":2,"name":"Products","item":"https:\/\/dev.myindustrial.eu\/et\/products\/"},{"@type":"ListItem","position":3,"name":"T\u00f6\u00f6stuslik staatiline pidurduspidur"}]},{"@type":"WebSite","@id":"https:\/\/dev.myindustrial.eu\/et\/#website","url":"https:\/\/dev.myindustrial.eu\/et\/","name":"My industrial","description":"","potentialAction":[{"@type":"SearchAction","target":{"@type":"EntryPoint","urlTemplate":"https:\/\/dev.myindustrial.eu\/et\/?s={search_term_string}"},"query-input":{"@type":"PropertyValueSpecification","valueRequired":true,"valueName":"search_term_string"}}],"inLanguage":"et"}]}},"_links":{"self":[{"href":"https:\/\/dev.myindustrial.eu\/et\/wp-json\/wp\/v2\/product\/1260065597","targetHints":{"allow":["GET"]}}],"collection":[{"href":"https:\/\/dev.myindustrial.eu\/et\/wp-json\/wp\/v2\/product"}],"about":[{"href":"https:\/\/dev.myindustrial.eu\/et\/wp-json\/wp\/v2\/types\/product"}],"version-history":[{"count":0,"href":"https:\/\/dev.myindustrial.eu\/et\/wp-json\/wp\/v2\/product\/1260065597\/revisions"}],"wp:featuredmedia":[{"embeddable":true,"href":"https:\/\/dev.myindustrial.eu\/et\/wp-json\/wp\/v2\/media\/1260065099"}],"wp:attachment":[{"href":"https:\/\/dev.myindustrial.eu\/et\/wp-json\/wp\/v2\/media?parent=1260065597"}],"wp:term":[{"taxonomy":"product_brand","embeddable":true,"href":"https:\/\/dev.myindustrial.eu\/et\/wp-json\/wp\/v2\/product_brand?post=1260065597"},{"taxonomy":"product_cat","embeddable":true,"href":"https:\/\/dev.myindustrial.eu\/et\/wp-json\/wp\/v2\/product_cat?post=1260065597"},{"taxonomy":"product_tag","embeddable":true,"href":"https:\/\/dev.myindustrial.eu\/et\/wp-json\/wp\/v2\/product_tag?post=1260065597"}],"curies":[{"name":"wp","href":"https:\/\/api.w.org\/{rel}","templated":true}]}}