{"id":1260065602,"date":"2024-12-02T12:35:53","date_gmt":"2024-12-02T12:35:53","guid":{"rendered":"https:\/\/dev.myindustrial.eu\/shop\/maaratlemata\/industrial-sheaves-rope-pulleys\/"},"modified":"2024-12-27T21:50:37","modified_gmt":"2024-12-27T21:50:37","slug":"industrial-sheaves-rope-pulleys","status":"publish","type":"product","link":"https:\/\/dev.myindustrial.eu\/et\/shop\/toostuslikud-pidurisusteemid-ja-ajami-seiskamise-komponendid\/puure-ja-koie-pulgad\/industrial-sheaves-rope-pulleys\/","title":{"rendered":"T\u00f6\u00f6stuslikud puure ja k\u00f6ie pulgad"},"content":{"rendered":"","protected":false},"excerpt":{"rendered":"<p><b>T\u00f6\u00f6stuslikud trossirattad<\/b><\/p>\n<p><span style=\"font-weight: 400;\">Kavandatud t\u00f5stet\u00f5stukite puure, mille diameeter on 225, 250 kuni 2000 mm, ilma v\u00f5i kokkupanduna.<\/span><span style=\"font-weight: 400;\"><br \/>\n<\/span><span style=\"font-weight: 400;\">Sepistamise tootmine tagab erakordsed funktsionaalsed ja vastupidavusomadused, t\u00e4nu massiivsematele ja \u00fchtlasematele komponentidele. P\u00f6\u00f6rates t\u00e4helepanu k\u00f5venemisfaasidele, iga protsessi hoolikale teostusele ja t\u00e4psusele l\u00f5pptoote viimistlemisel, suudame rahuldada kliendi vajadused kvaliteedi ja usaldusv\u00e4\u00e4rsuse osas.<\/span><\/p>\n<ul>\n<li style=\"font-weight: 400;\" aria-level=\"1\"><span style=\"font-weight: 400;\">\u00d8 225 kuni \u00d8 2000 mm<\/span><\/li>\n<li style=\"font-weight: 400;\" aria-level=\"1\"><span style=\"font-weight: 400;\">Standard: tahkest materjalist<\/span><\/li>\n<li style=\"font-weight: 400;\" aria-level=\"1\"><span style=\"font-weight: 400;\">T\u00e4iskomplektne tsilindriline rulllaager kahekordse reaga, hermeetiliselt suletud m\u00f5lemalt poolt<\/span><\/li>\n<li style=\"font-weight: 400;\" aria-level=\"1\"><span style=\"font-weight: 400;\">K\u00f5rgekvaliteedilised 2-komponentne kattekiht<\/span><\/li>\n<li style=\"font-weight: 400;\" aria-level=\"1\"><span style=\"font-weight: 400;\">K\u00f5rge kvaliteeditase \u2013 pikk t\u00f6\u00f6iga<\/span><\/li>\n<\/ul>\n","protected":false},"featured_media":1260065120,"template":"","meta":[],"product_brand":[],"product_cat":[1715],"product_tag":[],"class_list":{"0":"post-1260065602","1":"product","2":"type-product","3":"status-publish","4":"has-post-thumbnail","6":"product_cat-puure-ja-koie-pulgad","8":"first","9":"instock","10":"shipping-taxable","11":"product-type-simple"},"yoast_head":"<!-- This site is optimized with the Yoast SEO plugin v27.1.1 - https:\/\/yoast.com\/product\/yoast-seo-wordpress\/ -->\n<title>T\u00f6\u00f6stuslikud puure ja k\u00f6ie pulgad - My industrial<\/title>\n<meta name=\"robots\" content=\"noindex, follow, max-snippet:-1, max-image-preview:large, max-video-preview:-1\" \/>\n<meta property=\"og:locale\" content=\"et_EE\" \/>\n<meta property=\"og:type\" content=\"article\" \/>\n<meta property=\"og:title\" content=\"T\u00f6\u00f6stuslikud puure ja k\u00f6ie pulgad - My industrial\" \/>\n<meta property=\"og:description\" content=\"T\u00f6\u00f6stuslikud trossirattad  Kavandatud t\u00f5stet\u00f5stukite puure, mille diameeter on 225, 250 kuni 2000 mm, ilma v\u00f5i kokkupanduna. Sepistamise tootmine tagab erakordsed funktsionaalsed ja vastupidavusomadused, t\u00e4nu massiivsematele ja \u00fchtlasematele komponentidele. P\u00f6\u00f6rates t\u00e4helepanu k\u00f5venemisfaasidele, iga protsessi hoolikale teostusele ja t\u00e4psusele l\u00f5pptoote viimistlemisel, suudame rahuldada kliendi vajadused kvaliteedi ja usaldusv\u00e4\u00e4rsuse osas.   \u00d8 225 kuni \u00d8 2000 mm  Standard: tahkest materjalist  T\u00e4iskomplektne tsilindriline rulllaager kahekordse reaga, hermeetiliselt suletud m\u00f5lemalt poolt  K\u00f5rgekvaliteedilised 2-komponentne kattekiht  K\u00f5rge kvaliteeditase \u2013 pikk t\u00f6\u00f6iga\" \/>\n<meta property=\"og:url\" content=\"https:\/\/dev.myindustrial.eu\/et\/shop\/toostuslikud-pidurisusteemid-ja-ajami-seiskamise-komponendid\/puure-ja-koie-pulgad\/industrial-sheaves-rope-pulleys\/\" \/>\n<meta property=\"og:site_name\" content=\"My industrial\" \/>\n<meta property=\"article:modified_time\" content=\"2024-12-27T21:50:37+00:00\" \/>\n<meta property=\"og:image\" content=\"https:\/\/dev.myindustrial.eu\/wp-content\/uploads\/2024\/12\/shaves-rope-pulleys-4.webp\" \/>\n\t<meta property=\"og:image:width\" content=\"800\" \/>\n\t<meta property=\"og:image:height\" content=\"800\" \/>\n\t<meta property=\"og:image:type\" content=\"image\/webp\" \/>\n<meta name=\"twitter:card\" content=\"summary_large_image\" \/>\n<script type=\"application\/ld+json\" class=\"yoast-schema-graph\">{\"@context\":\"https:\/\/schema.org\",\"@graph\":[{\"@type\":\"WebPage\",\"@id\":\"https:\/\/dev.myindustrial.eu\/et\/shop\/toostuslikud-pidurisusteemid-ja-ajami-seiskamise-komponendid\/puure-ja-koie-pulgad\/industrial-sheaves-rope-pulleys\/\",\"url\":\"https:\/\/dev.myindustrial.eu\/et\/shop\/toostuslikud-pidurisusteemid-ja-ajami-seiskamise-komponendid\/puure-ja-koie-pulgad\/industrial-sheaves-rope-pulleys\/\",\"name\":\"T\u00f6\u00f6stuslikud puure ja k\u00f6ie pulgad - My industrial\",\"isPartOf\":{\"@id\":\"https:\/\/dev.myindustrial.eu\/et\/#website\"},\"primaryImageOfPage\":{\"@id\":\"https:\/\/dev.myindustrial.eu\/et\/shop\/toostuslikud-pidurisusteemid-ja-ajami-seiskamise-komponendid\/puure-ja-koie-pulgad\/industrial-sheaves-rope-pulleys\/#primaryimage\"},\"image\":{\"@id\":\"https:\/\/dev.myindustrial.eu\/et\/shop\/toostuslikud-pidurisusteemid-ja-ajami-seiskamise-komponendid\/puure-ja-koie-pulgad\/industrial-sheaves-rope-pulleys\/#primaryimage\"},\"thumbnailUrl\":\"https:\/\/dev.myindustrial.eu\/wp-content\/uploads\/2024\/12\/shaves-rope-pulleys-4.webp\",\"datePublished\":\"2024-12-02T12:35:53+00:00\",\"dateModified\":\"2024-12-27T21:50:37+00:00\",\"breadcrumb\":{\"@id\":\"https:\/\/dev.myindustrial.eu\/et\/shop\/toostuslikud-pidurisusteemid-ja-ajami-seiskamise-komponendid\/puure-ja-koie-pulgad\/industrial-sheaves-rope-pulleys\/#breadcrumb\"},\"inLanguage\":\"et\",\"potentialAction\":[{\"@type\":\"ReadAction\",\"target\":[\"https:\/\/dev.myindustrial.eu\/et\/shop\/toostuslikud-pidurisusteemid-ja-ajami-seiskamise-komponendid\/puure-ja-koie-pulgad\/industrial-sheaves-rope-pulleys\/\"]}]},{\"@type\":\"ImageObject\",\"inLanguage\":\"et\",\"@id\":\"https:\/\/dev.myindustrial.eu\/et\/shop\/toostuslikud-pidurisusteemid-ja-ajami-seiskamise-komponendid\/puure-ja-koie-pulgad\/industrial-sheaves-rope-pulleys\/#primaryimage\",\"url\":\"https:\/\/dev.myindustrial.eu\/wp-content\/uploads\/2024\/12\/shaves-rope-pulleys-4.webp\",\"contentUrl\":\"https:\/\/dev.myindustrial.eu\/wp-content\/uploads\/2024\/12\/shaves-rope-pulleys-4.webp\",\"width\":800,\"height\":800},{\"@type\":\"BreadcrumbList\",\"@id\":\"https:\/\/dev.myindustrial.eu\/et\/shop\/toostuslikud-pidurisusteemid-ja-ajami-seiskamise-komponendid\/puure-ja-koie-pulgad\/industrial-sheaves-rope-pulleys\/#breadcrumb\",\"itemListElement\":[{\"@type\":\"ListItem\",\"position\":1,\"name\":\"Home\",\"item\":\"https:\/\/dev.myindustrial.eu\/et\/\"},{\"@type\":\"ListItem\",\"position\":2,\"name\":\"Products\",\"item\":\"https:\/\/dev.myindustrial.eu\/et\/products\/\"},{\"@type\":\"ListItem\",\"position\":3,\"name\":\"T\u00f6\u00f6stuslikud puure ja k\u00f6ie pulgad\"}]},{\"@type\":\"WebSite\",\"@id\":\"https:\/\/dev.myindustrial.eu\/et\/#website\",\"url\":\"https:\/\/dev.myindustrial.eu\/et\/\",\"name\":\"My industrial\",\"description\":\"\",\"potentialAction\":[{\"@type\":\"SearchAction\",\"target\":{\"@type\":\"EntryPoint\",\"urlTemplate\":\"https:\/\/dev.myindustrial.eu\/et\/?s={search_term_string}\"},\"query-input\":{\"@type\":\"PropertyValueSpecification\",\"valueRequired\":true,\"valueName\":\"search_term_string\"}}],\"inLanguage\":\"et\"}]}<\/script>\n<!-- \/ Yoast SEO plugin. -->","yoast_head_json":{"title":"T\u00f6\u00f6stuslikud puure ja k\u00f6ie pulgad - My industrial","robots":{"index":"noindex","follow":"follow","max-snippet":"max-snippet:-1","max-image-preview":"max-image-preview:large","max-video-preview":"max-video-preview:-1"},"og_locale":"et_EE","og_type":"article","og_title":"T\u00f6\u00f6stuslikud puure ja k\u00f6ie pulgad - My industrial","og_description":"T\u00f6\u00f6stuslikud trossirattad  Kavandatud t\u00f5stet\u00f5stukite puure, mille diameeter on 225, 250 kuni 2000 mm, ilma v\u00f5i kokkupanduna. Sepistamise tootmine tagab erakordsed funktsionaalsed ja vastupidavusomadused, t\u00e4nu massiivsematele ja \u00fchtlasematele komponentidele. P\u00f6\u00f6rates t\u00e4helepanu k\u00f5venemisfaasidele, iga protsessi hoolikale teostusele ja t\u00e4psusele l\u00f5pptoote viimistlemisel, suudame rahuldada kliendi vajadused kvaliteedi ja usaldusv\u00e4\u00e4rsuse osas.   \u00d8 225 kuni \u00d8 2000 mm  Standard: tahkest materjalist  T\u00e4iskomplektne tsilindriline rulllaager kahekordse reaga, hermeetiliselt suletud m\u00f5lemalt poolt  K\u00f5rgekvaliteedilised 2-komponentne kattekiht  K\u00f5rge kvaliteeditase \u2013 pikk t\u00f6\u00f6iga","og_url":"https:\/\/dev.myindustrial.eu\/et\/shop\/toostuslikud-pidurisusteemid-ja-ajami-seiskamise-komponendid\/puure-ja-koie-pulgad\/industrial-sheaves-rope-pulleys\/","og_site_name":"My industrial","article_modified_time":"2024-12-27T21:50:37+00:00","og_image":[{"width":800,"height":800,"url":"https:\/\/dev.myindustrial.eu\/wp-content\/uploads\/2024\/12\/shaves-rope-pulleys-4.webp","type":"image\/webp"}],"twitter_card":"summary_large_image","schema":{"@context":"https:\/\/schema.org","@graph":[{"@type":"WebPage","@id":"https:\/\/dev.myindustrial.eu\/et\/shop\/toostuslikud-pidurisusteemid-ja-ajami-seiskamise-komponendid\/puure-ja-koie-pulgad\/industrial-sheaves-rope-pulleys\/","url":"https:\/\/dev.myindustrial.eu\/et\/shop\/toostuslikud-pidurisusteemid-ja-ajami-seiskamise-komponendid\/puure-ja-koie-pulgad\/industrial-sheaves-rope-pulleys\/","name":"T\u00f6\u00f6stuslikud puure ja k\u00f6ie pulgad - My industrial","isPartOf":{"@id":"https:\/\/dev.myindustrial.eu\/et\/#website"},"primaryImageOfPage":{"@id":"https:\/\/dev.myindustrial.eu\/et\/shop\/toostuslikud-pidurisusteemid-ja-ajami-seiskamise-komponendid\/puure-ja-koie-pulgad\/industrial-sheaves-rope-pulleys\/#primaryimage"},"image":{"@id":"https:\/\/dev.myindustrial.eu\/et\/shop\/toostuslikud-pidurisusteemid-ja-ajami-seiskamise-komponendid\/puure-ja-koie-pulgad\/industrial-sheaves-rope-pulleys\/#primaryimage"},"thumbnailUrl":"https:\/\/dev.myindustrial.eu\/wp-content\/uploads\/2024\/12\/shaves-rope-pulleys-4.webp","datePublished":"2024-12-02T12:35:53+00:00","dateModified":"2024-12-27T21:50:37+00:00","breadcrumb":{"@id":"https:\/\/dev.myindustrial.eu\/et\/shop\/toostuslikud-pidurisusteemid-ja-ajami-seiskamise-komponendid\/puure-ja-koie-pulgad\/industrial-sheaves-rope-pulleys\/#breadcrumb"},"inLanguage":"et","potentialAction":[{"@type":"ReadAction","target":["https:\/\/dev.myindustrial.eu\/et\/shop\/toostuslikud-pidurisusteemid-ja-ajami-seiskamise-komponendid\/puure-ja-koie-pulgad\/industrial-sheaves-rope-pulleys\/"]}]},{"@type":"ImageObject","inLanguage":"et","@id":"https:\/\/dev.myindustrial.eu\/et\/shop\/toostuslikud-pidurisusteemid-ja-ajami-seiskamise-komponendid\/puure-ja-koie-pulgad\/industrial-sheaves-rope-pulleys\/#primaryimage","url":"https:\/\/dev.myindustrial.eu\/wp-content\/uploads\/2024\/12\/shaves-rope-pulleys-4.webp","contentUrl":"https:\/\/dev.myindustrial.eu\/wp-content\/uploads\/2024\/12\/shaves-rope-pulleys-4.webp","width":800,"height":800},{"@type":"BreadcrumbList","@id":"https:\/\/dev.myindustrial.eu\/et\/shop\/toostuslikud-pidurisusteemid-ja-ajami-seiskamise-komponendid\/puure-ja-koie-pulgad\/industrial-sheaves-rope-pulleys\/#breadcrumb","itemListElement":[{"@type":"ListItem","position":1,"name":"Home","item":"https:\/\/dev.myindustrial.eu\/et\/"},{"@type":"ListItem","position":2,"name":"Products","item":"https:\/\/dev.myindustrial.eu\/et\/products\/"},{"@type":"ListItem","position":3,"name":"T\u00f6\u00f6stuslikud puure ja k\u00f6ie pulgad"}]},{"@type":"WebSite","@id":"https:\/\/dev.myindustrial.eu\/et\/#website","url":"https:\/\/dev.myindustrial.eu\/et\/","name":"My industrial","description":"","potentialAction":[{"@type":"SearchAction","target":{"@type":"EntryPoint","urlTemplate":"https:\/\/dev.myindustrial.eu\/et\/?s={search_term_string}"},"query-input":{"@type":"PropertyValueSpecification","valueRequired":true,"valueName":"search_term_string"}}],"inLanguage":"et"}]}},"_links":{"self":[{"href":"https:\/\/dev.myindustrial.eu\/et\/wp-json\/wp\/v2\/product\/1260065602","targetHints":{"allow":["GET"]}}],"collection":[{"href":"https:\/\/dev.myindustrial.eu\/et\/wp-json\/wp\/v2\/product"}],"about":[{"href":"https:\/\/dev.myindustrial.eu\/et\/wp-json\/wp\/v2\/types\/product"}],"version-history":[{"count":0,"href":"https:\/\/dev.myindustrial.eu\/et\/wp-json\/wp\/v2\/product\/1260065602\/revisions"}],"wp:featuredmedia":[{"embeddable":true,"href":"https:\/\/dev.myindustrial.eu\/et\/wp-json\/wp\/v2\/media\/1260065120"}],"wp:attachment":[{"href":"https:\/\/dev.myindustrial.eu\/et\/wp-json\/wp\/v2\/media?parent=1260065602"}],"wp:term":[{"taxonomy":"product_brand","embeddable":true,"href":"https:\/\/dev.myindustrial.eu\/et\/wp-json\/wp\/v2\/product_brand?post=1260065602"},{"taxonomy":"product_cat","embeddable":true,"href":"https:\/\/dev.myindustrial.eu\/et\/wp-json\/wp\/v2\/product_cat?post=1260065602"},{"taxonomy":"product_tag","embeddable":true,"href":"https:\/\/dev.myindustrial.eu\/et\/wp-json\/wp\/v2\/product_tag?post=1260065602"}],"curies":[{"name":"wp","href":"https:\/\/api.w.org\/{rel}","templated":true}]}}