{"id":1260065606,"date":"2024-12-02T12:39:06","date_gmt":"2024-12-02T12:39:06","guid":{"rendered":"https:\/\/dev.myindustrial.eu\/shop\/maaratlemata\/storm-brake-rail-clamp-operated-electrically\/"},"modified":"2024-12-27T21:59:39","modified_gmt":"2024-12-27T21:59:39","slug":"storm-brake-rail-clamp-operated-electrically","status":"publish","type":"product","link":"https:\/\/dev.myindustrial.eu\/et\/shop\/toostuslikud-pidurisusteemid-ja-ajami-seiskamise-komponendid\/parkimis-tormi-pidurid\/storm-brake-rail-clamp-operated-electrically\/","title":{"rendered":"Tormipidur \/ r\u00f6\u00f6pklamber elektrilise juhtimisega"},"content":{"rendered":"<p><b>Tehnilised eelised<\/b><\/p>\n<ul>\n<li style=\"font-weight: 400;\" aria-level=\"1\"><span style=\"font-weight: 400;\">Tehniline paindlikkus.<\/span><\/li>\n<li style=\"font-weight: 400;\" aria-level=\"1\"><span style=\"font-weight: 400;\">K\u00f5rge kvaliteet ja ohutustase.<\/span><\/li>\n<li style=\"font-weight: 400;\" aria-level=\"1\"><span style=\"font-weight: 400;\">Madalamad jooksvad kulud.<\/span><\/li>\n<\/ul>\n<p><b>T\u00f6\u00f6p\u00f5him\u00f5te<\/b><\/p>\n<ul>\n<li style=\"font-weight: 400;\" aria-level=\"1\"><span style=\"font-weight: 400;\">T\u00f6\u00f6tamine mootoriga.<\/span><\/li>\n<li style=\"font-weight: 400;\" aria-level=\"1\"><span style=\"font-weight: 400;\">Survetaldade t\u00f5stemehhanism.<\/span><\/li>\n<li style=\"font-weight: 400;\" aria-level=\"1\"><span style=\"font-weight: 400;\">L\u00f5pp-l\u00fclitid j\u00e4lgivad klambri asendit: suletud v\u00f5i avatud.<\/span><\/li>\n<\/ul>\n<p><b>Konstruktsioon<\/b><\/p>\n<ul>\n<li style=\"font-weight: 400;\" aria-level=\"1\"><span style=\"font-weight: 400;\">Kinnitus polt\u00e4\u00e4rikuga r\u00f6\u00f6pmassina esiosale.<\/span><\/li>\n<li style=\"font-weight: 400;\" aria-level=\"1\"><span style=\"font-weight: 400;\">V\u00f5imalus paigaldada amortisaator.<\/span><\/li>\n<li style=\"font-weight: 400;\" aria-level=\"1\"><span style=\"font-weight: 400;\">Ujuv korpus (SG) k\u00fclgliikumise juhikutega, et kompenseerida rataste ja r\u00f6\u00f6pa vahelisi vahesid.<\/span><\/li>\n<li style=\"font-weight: 400;\" aria-level=\"1\"><span style=\"font-weight: 400;\">Survetallad t\u00f5stetakse r\u00f6\u00f6pa pinnast k\u00f5rgemale, kui klamber on avatud, et v\u00e4ltida kokkup\u00f5rkeohtu. Siiski j\u00e4\u00e4vad juhtrullid r\u00f6\u00f6pa peaga samasse joondusse ja v\u00f5ivad kokku puutuda kokkup\u00f5rgetega.<\/span><\/li>\n<li style=\"font-weight: 400;\" aria-level=\"1\"><span style=\"font-weight: 400;\">K\u00f5ik t\u00fc\u00fcpi amortisaatorite paigaldamine on v\u00f5imalik, kinnitused kohandatakse iga tellimuse jaoks eraldi.<\/span><\/li>\n<li style=\"font-weight: 400;\" aria-level=\"1\"><span style=\"font-weight: 400;\">Roostevabast terasest poldid ja sisetugedega laagrid suurendavad t\u00f6\u00f6ohutust ja kasutusiga.<\/span><\/li>\n<li style=\"font-weight: 400;\" aria-level=\"1\"><span style=\"font-weight: 400;\">Kettvedrude pakett hoidej\u00f5u s\u00e4ilitamiseks.<\/span><\/li>\n<li style=\"font-weight: 400;\" aria-level=\"1\"><span style=\"font-weight: 400;\">Survetallad vooderdistega kohandatakse r\u00f6\u00f6paprofiili j\u00e4rgi.<\/span><\/li>\n<li style=\"font-weight: 400;\" aria-level=\"1\"><span style=\"font-weight: 400;\">Horisontaalne liikumine ujuva korpusega +\/- 25 mm.<\/span><\/li>\n<\/ul>\n","protected":false},"excerpt":{"rendered":"<p><b>T\u00fc\u00fcp VZE<\/b><\/p>\n<p><span style=\"font-weight: 400;\">Elektriliselt juhitav tormipidur \/ r\u00f6\u00f6pklamber kraanas\u00fcsteemide v\u00f5i r\u00f6\u00f6pmassinate kaitsmiseks soovimatu liikumise eest, n\u00e4iteks tormi ajal.<\/span><\/p>\n<ul>\n<li style=\"font-weight: 400;\" aria-level=\"1\"><span style=\"font-weight: 400;\">Elektriliselt juhitav tormipidur \/ r\u00f6\u00f6pklamber kraanas\u00fcsteemide v\u00f5i r\u00f6\u00f6pmassinate kaitsmiseks soovimatu liikumise eest, n\u00e4iteks tormi ajal.<\/span><\/li>\n<li style=\"font-weight: 400;\" aria-level=\"1\"><span style=\"font-weight: 400;\">Elektriline avamine ja sulgemine.<\/span><\/li>\n<li style=\"font-weight: 400;\" aria-level=\"1\"><span style=\"font-weight: 400;\">T\u00f6\u00f6tamine mootoriga.<\/span><\/li>\n<li style=\"font-weight: 400;\" aria-level=\"1\"><span style=\"font-weight: 400;\">Survetaldade t\u00f5stemehhanism.<\/span><\/li>\n<li style=\"font-weight: 400;\" aria-level=\"1\"><span style=\"font-weight: 400;\">Hoidej\u00f5ud kuni 100 kN \u00fche klambri kohta.<\/span><\/li>\n<li style=\"font-weight: 400;\" aria-level=\"1\"><span style=\"font-weight: 400;\">L\u00f5pp-l\u00fclitid klambri asendi j\u00e4lgimiseks.<\/span><\/li>\n<li style=\"font-weight: 400;\" aria-level=\"1\"><span style=\"font-weight: 400;\">R\u00f6\u00f6pme k\u00fclgnihke kompensatsioon \u00b1 25 mm.<\/span><\/li>\n<li style=\"font-weight: 400;\" aria-level=\"1\"><span style=\"font-weight: 400;\">Valikuline: UPS-i (katkematu toiteallikas) v\u00f5imalus \/ Automaatne t\u00f6\u00f6 elektrikatkestuse korral.<\/span><\/li>\n<li style=\"font-weight: 400;\" aria-level=\"1\"><span style=\"font-weight: 400;\">Survetallad kohandatakse r\u00f6\u00f6pa t\u00fc\u00fcbi j\u00e4rgi (m\u00e4rkige r\u00f6\u00f6pa t\u00fc\u00fcp).<\/span><\/li>\n<\/ul>\n","protected":false},"featured_media":1260065126,"template":"","meta":[],"product_brand":[],"product_cat":[1425],"product_tag":[],"class_list":{"0":"post-1260065606","1":"product","2":"type-product","3":"status-publish","4":"has-post-thumbnail","6":"product_cat-parkimis-tormi-pidurid","8":"first","9":"instock","10":"shipping-taxable","11":"product-type-simple"},"yoast_head":"<!-- This site is optimized with the Yoast SEO plugin v27.1.1 - https:\/\/yoast.com\/product\/yoast-seo-wordpress\/ -->\n<title>Tormipidur \/ r\u00f6\u00f6pklamber elektrilise juhtimisega - My industrial<\/title>\n<meta name=\"robots\" content=\"noindex, follow, max-snippet:-1, max-image-preview:large, max-video-preview:-1\" \/>\n<meta property=\"og:locale\" content=\"et_EE\" \/>\n<meta property=\"og:type\" content=\"article\" \/>\n<meta property=\"og:title\" content=\"Tormipidur \/ r\u00f6\u00f6pklamber elektrilise juhtimisega - My industrial\" \/>\n<meta property=\"og:description\" content=\"T\u00fc\u00fcp VZE  Elektriliselt juhitav tormipidur \/ r\u00f6\u00f6pklamber kraanas\u00fcsteemide v\u00f5i r\u00f6\u00f6pmassinate kaitsmiseks soovimatu liikumise eest, n\u00e4iteks tormi ajal.   Elektriliselt juhitav tormipidur \/ r\u00f6\u00f6pklamber kraanas\u00fcsteemide v\u00f5i r\u00f6\u00f6pmassinate kaitsmiseks soovimatu liikumise eest, n\u00e4iteks tormi ajal.  Elektriline avamine ja sulgemine.  T\u00f6\u00f6tamine mootoriga.  Survetaldade t\u00f5stemehhanism.  Hoidej\u00f5ud kuni 100 kN \u00fche klambri kohta.  L\u00f5pp-l\u00fclitid klambri asendi j\u00e4lgimiseks.  R\u00f6\u00f6pme k\u00fclgnihke kompensatsioon \u00b1 25 mm.  Valikuline: UPS-i (katkematu toiteallikas) v\u00f5imalus \/ Automaatne t\u00f6\u00f6 elektrikatkestuse korral.  Survetallad kohandatakse r\u00f6\u00f6pa t\u00fc\u00fcbi j\u00e4rgi (m\u00e4rkige r\u00f6\u00f6pa t\u00fc\u00fcp).\" \/>\n<meta property=\"og:url\" content=\"https:\/\/dev.myindustrial.eu\/et\/shop\/toostuslikud-pidurisusteemid-ja-ajami-seiskamise-komponendid\/parkimis-tormi-pidurid\/storm-brake-rail-clamp-operated-electrically\/\" \/>\n<meta property=\"og:site_name\" content=\"My industrial\" \/>\n<meta property=\"article:modified_time\" content=\"2024-12-27T21:59:39+00:00\" \/>\n<meta property=\"og:image\" content=\"https:\/\/dev.myindustrial.eu\/wp-content\/uploads\/2024\/12\/rft_stormbrake-type-vze.webp\" \/>\n\t<meta property=\"og:image:width\" content=\"800\" \/>\n\t<meta property=\"og:image:height\" content=\"800\" \/>\n\t<meta property=\"og:image:type\" content=\"image\/webp\" \/>\n<meta name=\"twitter:card\" content=\"summary_large_image\" \/>\n<script type=\"application\/ld+json\" class=\"yoast-schema-graph\">{\"@context\":\"https:\/\/schema.org\",\"@graph\":[{\"@type\":\"WebPage\",\"@id\":\"https:\/\/dev.myindustrial.eu\/et\/shop\/toostuslikud-pidurisusteemid-ja-ajami-seiskamise-komponendid\/parkimis-tormi-pidurid\/storm-brake-rail-clamp-operated-electrically\/\",\"url\":\"https:\/\/dev.myindustrial.eu\/et\/shop\/toostuslikud-pidurisusteemid-ja-ajami-seiskamise-komponendid\/parkimis-tormi-pidurid\/storm-brake-rail-clamp-operated-electrically\/\",\"name\":\"Tormipidur \/ r\u00f6\u00f6pklamber elektrilise juhtimisega - My industrial\",\"isPartOf\":{\"@id\":\"https:\/\/dev.myindustrial.eu\/et\/#website\"},\"primaryImageOfPage\":{\"@id\":\"https:\/\/dev.myindustrial.eu\/et\/shop\/toostuslikud-pidurisusteemid-ja-ajami-seiskamise-komponendid\/parkimis-tormi-pidurid\/storm-brake-rail-clamp-operated-electrically\/#primaryimage\"},\"image\":{\"@id\":\"https:\/\/dev.myindustrial.eu\/et\/shop\/toostuslikud-pidurisusteemid-ja-ajami-seiskamise-komponendid\/parkimis-tormi-pidurid\/storm-brake-rail-clamp-operated-electrically\/#primaryimage\"},\"thumbnailUrl\":\"https:\/\/dev.myindustrial.eu\/wp-content\/uploads\/2024\/12\/rft_stormbrake-type-vze.webp\",\"datePublished\":\"2024-12-02T12:39:06+00:00\",\"dateModified\":\"2024-12-27T21:59:39+00:00\",\"breadcrumb\":{\"@id\":\"https:\/\/dev.myindustrial.eu\/et\/shop\/toostuslikud-pidurisusteemid-ja-ajami-seiskamise-komponendid\/parkimis-tormi-pidurid\/storm-brake-rail-clamp-operated-electrically\/#breadcrumb\"},\"inLanguage\":\"et\",\"potentialAction\":[{\"@type\":\"ReadAction\",\"target\":[\"https:\/\/dev.myindustrial.eu\/et\/shop\/toostuslikud-pidurisusteemid-ja-ajami-seiskamise-komponendid\/parkimis-tormi-pidurid\/storm-brake-rail-clamp-operated-electrically\/\"]}]},{\"@type\":\"ImageObject\",\"inLanguage\":\"et\",\"@id\":\"https:\/\/dev.myindustrial.eu\/et\/shop\/toostuslikud-pidurisusteemid-ja-ajami-seiskamise-komponendid\/parkimis-tormi-pidurid\/storm-brake-rail-clamp-operated-electrically\/#primaryimage\",\"url\":\"https:\/\/dev.myindustrial.eu\/wp-content\/uploads\/2024\/12\/rft_stormbrake-type-vze.webp\",\"contentUrl\":\"https:\/\/dev.myindustrial.eu\/wp-content\/uploads\/2024\/12\/rft_stormbrake-type-vze.webp\",\"width\":800,\"height\":800},{\"@type\":\"BreadcrumbList\",\"@id\":\"https:\/\/dev.myindustrial.eu\/et\/shop\/toostuslikud-pidurisusteemid-ja-ajami-seiskamise-komponendid\/parkimis-tormi-pidurid\/storm-brake-rail-clamp-operated-electrically\/#breadcrumb\",\"itemListElement\":[{\"@type\":\"ListItem\",\"position\":1,\"name\":\"Home\",\"item\":\"https:\/\/dev.myindustrial.eu\/et\/\"},{\"@type\":\"ListItem\",\"position\":2,\"name\":\"Products\",\"item\":\"https:\/\/dev.myindustrial.eu\/et\/products\/\"},{\"@type\":\"ListItem\",\"position\":3,\"name\":\"Tormipidur \/ r\u00f6\u00f6pklamber elektrilise juhtimisega\"}]},{\"@type\":\"WebSite\",\"@id\":\"https:\/\/dev.myindustrial.eu\/et\/#website\",\"url\":\"https:\/\/dev.myindustrial.eu\/et\/\",\"name\":\"My industrial\",\"description\":\"\",\"potentialAction\":[{\"@type\":\"SearchAction\",\"target\":{\"@type\":\"EntryPoint\",\"urlTemplate\":\"https:\/\/dev.myindustrial.eu\/et\/?s={search_term_string}\"},\"query-input\":{\"@type\":\"PropertyValueSpecification\",\"valueRequired\":true,\"valueName\":\"search_term_string\"}}],\"inLanguage\":\"et\"}]}<\/script>\n<!-- \/ Yoast SEO plugin. -->","yoast_head_json":{"title":"Tormipidur \/ r\u00f6\u00f6pklamber elektrilise juhtimisega - My industrial","robots":{"index":"noindex","follow":"follow","max-snippet":"max-snippet:-1","max-image-preview":"max-image-preview:large","max-video-preview":"max-video-preview:-1"},"og_locale":"et_EE","og_type":"article","og_title":"Tormipidur \/ r\u00f6\u00f6pklamber elektrilise juhtimisega - My industrial","og_description":"T\u00fc\u00fcp VZE  Elektriliselt juhitav tormipidur \/ r\u00f6\u00f6pklamber kraanas\u00fcsteemide v\u00f5i r\u00f6\u00f6pmassinate kaitsmiseks soovimatu liikumise eest, n\u00e4iteks tormi ajal.   Elektriliselt juhitav tormipidur \/ r\u00f6\u00f6pklamber kraanas\u00fcsteemide v\u00f5i r\u00f6\u00f6pmassinate kaitsmiseks soovimatu liikumise eest, n\u00e4iteks tormi ajal.  Elektriline avamine ja sulgemine.  T\u00f6\u00f6tamine mootoriga.  Survetaldade t\u00f5stemehhanism.  Hoidej\u00f5ud kuni 100 kN \u00fche klambri kohta.  L\u00f5pp-l\u00fclitid klambri asendi j\u00e4lgimiseks.  R\u00f6\u00f6pme k\u00fclgnihke kompensatsioon \u00b1 25 mm.  Valikuline: UPS-i (katkematu toiteallikas) v\u00f5imalus \/ Automaatne t\u00f6\u00f6 elektrikatkestuse korral.  Survetallad kohandatakse r\u00f6\u00f6pa t\u00fc\u00fcbi j\u00e4rgi (m\u00e4rkige r\u00f6\u00f6pa t\u00fc\u00fcp).","og_url":"https:\/\/dev.myindustrial.eu\/et\/shop\/toostuslikud-pidurisusteemid-ja-ajami-seiskamise-komponendid\/parkimis-tormi-pidurid\/storm-brake-rail-clamp-operated-electrically\/","og_site_name":"My industrial","article_modified_time":"2024-12-27T21:59:39+00:00","og_image":[{"width":800,"height":800,"url":"https:\/\/dev.myindustrial.eu\/wp-content\/uploads\/2024\/12\/rft_stormbrake-type-vze.webp","type":"image\/webp"}],"twitter_card":"summary_large_image","schema":{"@context":"https:\/\/schema.org","@graph":[{"@type":"WebPage","@id":"https:\/\/dev.myindustrial.eu\/et\/shop\/toostuslikud-pidurisusteemid-ja-ajami-seiskamise-komponendid\/parkimis-tormi-pidurid\/storm-brake-rail-clamp-operated-electrically\/","url":"https:\/\/dev.myindustrial.eu\/et\/shop\/toostuslikud-pidurisusteemid-ja-ajami-seiskamise-komponendid\/parkimis-tormi-pidurid\/storm-brake-rail-clamp-operated-electrically\/","name":"Tormipidur \/ r\u00f6\u00f6pklamber elektrilise juhtimisega - My industrial","isPartOf":{"@id":"https:\/\/dev.myindustrial.eu\/et\/#website"},"primaryImageOfPage":{"@id":"https:\/\/dev.myindustrial.eu\/et\/shop\/toostuslikud-pidurisusteemid-ja-ajami-seiskamise-komponendid\/parkimis-tormi-pidurid\/storm-brake-rail-clamp-operated-electrically\/#primaryimage"},"image":{"@id":"https:\/\/dev.myindustrial.eu\/et\/shop\/toostuslikud-pidurisusteemid-ja-ajami-seiskamise-komponendid\/parkimis-tormi-pidurid\/storm-brake-rail-clamp-operated-electrically\/#primaryimage"},"thumbnailUrl":"https:\/\/dev.myindustrial.eu\/wp-content\/uploads\/2024\/12\/rft_stormbrake-type-vze.webp","datePublished":"2024-12-02T12:39:06+00:00","dateModified":"2024-12-27T21:59:39+00:00","breadcrumb":{"@id":"https:\/\/dev.myindustrial.eu\/et\/shop\/toostuslikud-pidurisusteemid-ja-ajami-seiskamise-komponendid\/parkimis-tormi-pidurid\/storm-brake-rail-clamp-operated-electrically\/#breadcrumb"},"inLanguage":"et","potentialAction":[{"@type":"ReadAction","target":["https:\/\/dev.myindustrial.eu\/et\/shop\/toostuslikud-pidurisusteemid-ja-ajami-seiskamise-komponendid\/parkimis-tormi-pidurid\/storm-brake-rail-clamp-operated-electrically\/"]}]},{"@type":"ImageObject","inLanguage":"et","@id":"https:\/\/dev.myindustrial.eu\/et\/shop\/toostuslikud-pidurisusteemid-ja-ajami-seiskamise-komponendid\/parkimis-tormi-pidurid\/storm-brake-rail-clamp-operated-electrically\/#primaryimage","url":"https:\/\/dev.myindustrial.eu\/wp-content\/uploads\/2024\/12\/rft_stormbrake-type-vze.webp","contentUrl":"https:\/\/dev.myindustrial.eu\/wp-content\/uploads\/2024\/12\/rft_stormbrake-type-vze.webp","width":800,"height":800},{"@type":"BreadcrumbList","@id":"https:\/\/dev.myindustrial.eu\/et\/shop\/toostuslikud-pidurisusteemid-ja-ajami-seiskamise-komponendid\/parkimis-tormi-pidurid\/storm-brake-rail-clamp-operated-electrically\/#breadcrumb","itemListElement":[{"@type":"ListItem","position":1,"name":"Home","item":"https:\/\/dev.myindustrial.eu\/et\/"},{"@type":"ListItem","position":2,"name":"Products","item":"https:\/\/dev.myindustrial.eu\/et\/products\/"},{"@type":"ListItem","position":3,"name":"Tormipidur \/ r\u00f6\u00f6pklamber elektrilise juhtimisega"}]},{"@type":"WebSite","@id":"https:\/\/dev.myindustrial.eu\/et\/#website","url":"https:\/\/dev.myindustrial.eu\/et\/","name":"My industrial","description":"","potentialAction":[{"@type":"SearchAction","target":{"@type":"EntryPoint","urlTemplate":"https:\/\/dev.myindustrial.eu\/et\/?s={search_term_string}"},"query-input":{"@type":"PropertyValueSpecification","valueRequired":true,"valueName":"search_term_string"}}],"inLanguage":"et"}]}},"_links":{"self":[{"href":"https:\/\/dev.myindustrial.eu\/et\/wp-json\/wp\/v2\/product\/1260065606","targetHints":{"allow":["GET"]}}],"collection":[{"href":"https:\/\/dev.myindustrial.eu\/et\/wp-json\/wp\/v2\/product"}],"about":[{"href":"https:\/\/dev.myindustrial.eu\/et\/wp-json\/wp\/v2\/types\/product"}],"version-history":[{"count":0,"href":"https:\/\/dev.myindustrial.eu\/et\/wp-json\/wp\/v2\/product\/1260065606\/revisions"}],"wp:featuredmedia":[{"embeddable":true,"href":"https:\/\/dev.myindustrial.eu\/et\/wp-json\/wp\/v2\/media\/1260065126"}],"wp:attachment":[{"href":"https:\/\/dev.myindustrial.eu\/et\/wp-json\/wp\/v2\/media?parent=1260065606"}],"wp:term":[{"taxonomy":"product_brand","embeddable":true,"href":"https:\/\/dev.myindustrial.eu\/et\/wp-json\/wp\/v2\/product_brand?post=1260065606"},{"taxonomy":"product_cat","embeddable":true,"href":"https:\/\/dev.myindustrial.eu\/et\/wp-json\/wp\/v2\/product_cat?post=1260065606"},{"taxonomy":"product_tag","embeddable":true,"href":"https:\/\/dev.myindustrial.eu\/et\/wp-json\/wp\/v2\/product_tag?post=1260065606"}],"curies":[{"name":"wp","href":"https:\/\/api.w.org\/{rel}","templated":true}]}}