{"id":1260065616,"date":"2024-12-02T12:43:12","date_gmt":"2024-12-02T12:43:12","guid":{"rendered":"https:\/\/dev.myindustrial.eu\/shop\/maaratlemata\/storm-brake-rail-clamp-operated-manually\/"},"modified":"2024-12-27T22:35:10","modified_gmt":"2024-12-27T22:35:10","slug":"storm-brake-rail-clamp-operated-manually","status":"publish","type":"product","link":"https:\/\/dev.myindustrial.eu\/et\/shop\/toostuslikud-pidurisusteemid-ja-ajami-seiskamise-komponendid\/parkimis-tormi-pidurid\/storm-brake-rail-clamp-operated-manually\/","title":{"rendered":"Tormipidur \/ k\u00e4sitsi juhitav r\u00f6\u00f6paklamber"},"content":{"rendered":"<p><span style=\"font-weight: 400;\">K\u00e4sitsi juhitav tormipidur \/ r\u00f6\u00f6paklamber, mis kaitseb kraanas\u00fcsteeme v\u00f5i r\u00f6\u00f6bastel liikuvaid masinaid soovimatute liikumiste eest, n\u00e4iteks tormide ajal.<\/span><\/p>\n<ul>\n<li aria-level=\"1\"><span style=\"font-weight: 400;\">K\u00e4sitsi sulgemine ja avamine<\/span><\/li>\n<li aria-level=\"1\"><span style=\"font-weight: 400;\">Flantskinnitusega monteerimine r\u00f6\u00f6bastees\u00f5iduki esiosale<\/span><\/li>\n<li aria-level=\"1\"><span style=\"font-weight: 400;\">V\u00f5imalik paigaldada kaitseseadmeid<\/span><\/li>\n<li aria-level=\"1\"><span style=\"font-weight: 400;\">Ujuv korpus k\u00fclgsuunaliseks liikumiseks ratta\u00e4\u00e4riku l\u00f5tkude ja r\u00f6\u00f6baste nihke ulatuses rullikute abil r\u00f6\u00f6pa suunas v\u00f5i k\u00e4sitsi positsioneerimine kangiga.<\/span><\/li>\n<li aria-level=\"1\"><span style=\"font-weight: 400;\">Klambrikingad t\u00f5stetakse r\u00f6\u00f6pa pealispinnast k\u00f5rgemale, kui klamber on avatud, v\u00e4ltides seega kokkup\u00f5rkeriski.<\/span><\/li>\n<li aria-level=\"1\"><span style=\"font-weight: 400;\">K\u00f5iki t\u00fc\u00fcpi kaitseseadmeid saab paigaldada, iga tellimuse jaoks on kinnitused individuaalselt ette n\u00e4htud.<\/span><\/li>\n<li aria-level=\"1\"><span style=\"font-weight: 400;\">Roostevabast terasest poldid ja vooderdusega laagrid suurendavad t\u00f6\u00f6kindlust ja kasutusiga.<\/span><\/li>\n<li aria-level=\"1\"><span style=\"font-weight: 400;\">Kettavedrupakk hoidmisj\u00f5u tagamiseks.<\/span><\/li>\n<li aria-level=\"1\"><span style=\"font-weight: 400;\">Hoidmisj\u00f5ud kuni 100 kN klambri kohta.<\/span><\/li>\n<li aria-level=\"1\"><span style=\"font-weight: 400;\">Klambrikingade t\u00f5steseade.<\/span><\/li>\n<li aria-level=\"1\"><span style=\"font-weight: 400;\">L\u00f5ppl\u00fclitid j\u00e4lgivad klambri asendit.<\/span><\/li>\n<li aria-level=\"1\"><span style=\"font-weight: 400;\">K\u00fclgkompensatsioon r\u00f6\u00f6pa nihetele \u00b1 7 mm, ujuva korpusega \u00b1 25 mm.<\/span><\/li>\n<li aria-level=\"1\"><span style=\"font-weight: 400;\">Ujuva korpuse juhtimine rullikute abil v\u00f5i k\u00e4sitsi kangiga (kangi abil positsioneerimisel j\u00e4\u00e4vad r\u00f6\u00f6baste k\u00fclgpiirkonnad vabaks).<\/span><\/li>\n<li aria-level=\"1\"><span style=\"font-weight: 400;\">Klambril\u00f5uad kohandatakse r\u00f6\u00f6pat\u00fc\u00fcbile (palun m\u00e4rkige r\u00f6\u00f6pat\u00fc\u00fcp).<\/span><\/li>\n<\/ul>\n<h4><b>Tehnilised eelised<\/b><\/h4>\n<ul>\n<li aria-level=\"1\"><span style=\"font-weight: 400;\">Tehniline paindlikkus<\/span><\/li>\n<li aria-level=\"1\"><span style=\"font-weight: 400;\">K\u00f5rge kvaliteet ja turvalisuse tase<\/span><\/li>\n<li aria-level=\"1\"><span style=\"font-weight: 400;\">Hooldus- ja j\u00e4relkulude v\u00e4hendamine<\/span><\/li>\n<\/ul>\n<h4><b>T\u00f6\u00f6p\u00f5him\u00f5te<\/b><\/h4>\n<ul>\n<li aria-level=\"1\"><span style=\"font-weight: 400;\">K\u00e4sitsi sulgemine ja avamine k\u00e4sirattaga.<\/span><\/li>\n<li aria-level=\"1\"><span style=\"font-weight: 400;\">Klambrikingade t\u00f5steseade.<\/span><\/li>\n<li aria-level=\"1\"><span style=\"font-weight: 400;\">Valikuline l\u00f5pp-l\u00fclitite s\u00fcsteem klambri asendi j\u00e4lgimiseks (suletud v\u00f5i avatud).<\/span><\/li>\n<\/ul>\n<p>&nbsp;<\/p>\n","protected":false},"excerpt":{"rendered":"<p><b>T\u00fc\u00fcp VZM<\/b><span style=\"font-weight: 400;\"><br \/>\n<\/span><b>VZM-SG-MP ja VZM-SG-RF koos ujuva korpusega<\/b><\/p>\n","protected":false},"featured_media":1260065138,"template":"","meta":[],"product_brand":[],"product_cat":[1425],"product_tag":[],"class_list":{"0":"post-1260065616","1":"product","2":"type-product","3":"status-publish","4":"has-post-thumbnail","6":"product_cat-parkimis-tormi-pidurid","8":"first","9":"instock","10":"shipping-taxable","11":"product-type-simple"},"yoast_head":"<!-- This site is optimized with the Yoast SEO plugin v27.1.1 - https:\/\/yoast.com\/product\/yoast-seo-wordpress\/ -->\n<title>Tormipidur \/ k\u00e4sitsi juhitav r\u00f6\u00f6paklamber - My industrial<\/title>\n<meta name=\"robots\" content=\"noindex, follow, max-snippet:-1, max-image-preview:large, max-video-preview:-1\" \/>\n<meta property=\"og:locale\" content=\"et_EE\" \/>\n<meta property=\"og:type\" content=\"article\" \/>\n<meta property=\"og:title\" content=\"Tormipidur \/ k\u00e4sitsi juhitav r\u00f6\u00f6paklamber - My industrial\" \/>\n<meta property=\"og:description\" content=\"T\u00fc\u00fcp VZM VZM-SG-MP ja VZM-SG-RF koos ujuva korpusega\" \/>\n<meta property=\"og:url\" content=\"https:\/\/dev.myindustrial.eu\/et\/shop\/toostuslikud-pidurisusteemid-ja-ajami-seiskamise-komponendid\/parkimis-tormi-pidurid\/storm-brake-rail-clamp-operated-manually\/\" \/>\n<meta property=\"og:site_name\" content=\"My industrial\" \/>\n<meta property=\"article:modified_time\" content=\"2024-12-27T22:35:10+00:00\" \/>\n<meta property=\"og:image\" content=\"https:\/\/dev.myindustrial.eu\/wp-content\/uploads\/2024\/12\/rft_stormbrake-type-vzm.webp\" \/>\n\t<meta property=\"og:image:width\" content=\"800\" \/>\n\t<meta property=\"og:image:height\" content=\"800\" \/>\n\t<meta property=\"og:image:type\" content=\"image\/webp\" \/>\n<meta name=\"twitter:card\" content=\"summary_large_image\" \/>\n<script type=\"application\/ld+json\" class=\"yoast-schema-graph\">{\"@context\":\"https:\/\/schema.org\",\"@graph\":[{\"@type\":\"WebPage\",\"@id\":\"https:\/\/dev.myindustrial.eu\/et\/shop\/toostuslikud-pidurisusteemid-ja-ajami-seiskamise-komponendid\/parkimis-tormi-pidurid\/storm-brake-rail-clamp-operated-manually\/\",\"url\":\"https:\/\/dev.myindustrial.eu\/et\/shop\/toostuslikud-pidurisusteemid-ja-ajami-seiskamise-komponendid\/parkimis-tormi-pidurid\/storm-brake-rail-clamp-operated-manually\/\",\"name\":\"Tormipidur \/ k\u00e4sitsi juhitav r\u00f6\u00f6paklamber - My industrial\",\"isPartOf\":{\"@id\":\"https:\/\/dev.myindustrial.eu\/et\/#website\"},\"primaryImageOfPage\":{\"@id\":\"https:\/\/dev.myindustrial.eu\/et\/shop\/toostuslikud-pidurisusteemid-ja-ajami-seiskamise-komponendid\/parkimis-tormi-pidurid\/storm-brake-rail-clamp-operated-manually\/#primaryimage\"},\"image\":{\"@id\":\"https:\/\/dev.myindustrial.eu\/et\/shop\/toostuslikud-pidurisusteemid-ja-ajami-seiskamise-komponendid\/parkimis-tormi-pidurid\/storm-brake-rail-clamp-operated-manually\/#primaryimage\"},\"thumbnailUrl\":\"https:\/\/dev.myindustrial.eu\/wp-content\/uploads\/2024\/12\/rft_stormbrake-type-vzm.webp\",\"datePublished\":\"2024-12-02T12:43:12+00:00\",\"dateModified\":\"2024-12-27T22:35:10+00:00\",\"breadcrumb\":{\"@id\":\"https:\/\/dev.myindustrial.eu\/et\/shop\/toostuslikud-pidurisusteemid-ja-ajami-seiskamise-komponendid\/parkimis-tormi-pidurid\/storm-brake-rail-clamp-operated-manually\/#breadcrumb\"},\"inLanguage\":\"et\",\"potentialAction\":[{\"@type\":\"ReadAction\",\"target\":[\"https:\/\/dev.myindustrial.eu\/et\/shop\/toostuslikud-pidurisusteemid-ja-ajami-seiskamise-komponendid\/parkimis-tormi-pidurid\/storm-brake-rail-clamp-operated-manually\/\"]}]},{\"@type\":\"ImageObject\",\"inLanguage\":\"et\",\"@id\":\"https:\/\/dev.myindustrial.eu\/et\/shop\/toostuslikud-pidurisusteemid-ja-ajami-seiskamise-komponendid\/parkimis-tormi-pidurid\/storm-brake-rail-clamp-operated-manually\/#primaryimage\",\"url\":\"https:\/\/dev.myindustrial.eu\/wp-content\/uploads\/2024\/12\/rft_stormbrake-type-vzm.webp\",\"contentUrl\":\"https:\/\/dev.myindustrial.eu\/wp-content\/uploads\/2024\/12\/rft_stormbrake-type-vzm.webp\",\"width\":800,\"height\":800},{\"@type\":\"BreadcrumbList\",\"@id\":\"https:\/\/dev.myindustrial.eu\/et\/shop\/toostuslikud-pidurisusteemid-ja-ajami-seiskamise-komponendid\/parkimis-tormi-pidurid\/storm-brake-rail-clamp-operated-manually\/#breadcrumb\",\"itemListElement\":[{\"@type\":\"ListItem\",\"position\":1,\"name\":\"Home\",\"item\":\"https:\/\/dev.myindustrial.eu\/et\/\"},{\"@type\":\"ListItem\",\"position\":2,\"name\":\"Products\",\"item\":\"https:\/\/dev.myindustrial.eu\/et\/products\/\"},{\"@type\":\"ListItem\",\"position\":3,\"name\":\"Tormipidur \/ k\u00e4sitsi juhitav r\u00f6\u00f6paklamber\"}]},{\"@type\":\"WebSite\",\"@id\":\"https:\/\/dev.myindustrial.eu\/et\/#website\",\"url\":\"https:\/\/dev.myindustrial.eu\/et\/\",\"name\":\"My industrial\",\"description\":\"\",\"potentialAction\":[{\"@type\":\"SearchAction\",\"target\":{\"@type\":\"EntryPoint\",\"urlTemplate\":\"https:\/\/dev.myindustrial.eu\/et\/?s={search_term_string}\"},\"query-input\":{\"@type\":\"PropertyValueSpecification\",\"valueRequired\":true,\"valueName\":\"search_term_string\"}}],\"inLanguage\":\"et\"}]}<\/script>\n<!-- \/ Yoast SEO plugin. -->","yoast_head_json":{"title":"Tormipidur \/ k\u00e4sitsi juhitav r\u00f6\u00f6paklamber - My industrial","robots":{"index":"noindex","follow":"follow","max-snippet":"max-snippet:-1","max-image-preview":"max-image-preview:large","max-video-preview":"max-video-preview:-1"},"og_locale":"et_EE","og_type":"article","og_title":"Tormipidur \/ k\u00e4sitsi juhitav r\u00f6\u00f6paklamber - My industrial","og_description":"T\u00fc\u00fcp VZM VZM-SG-MP ja VZM-SG-RF koos ujuva korpusega","og_url":"https:\/\/dev.myindustrial.eu\/et\/shop\/toostuslikud-pidurisusteemid-ja-ajami-seiskamise-komponendid\/parkimis-tormi-pidurid\/storm-brake-rail-clamp-operated-manually\/","og_site_name":"My industrial","article_modified_time":"2024-12-27T22:35:10+00:00","og_image":[{"width":800,"height":800,"url":"https:\/\/dev.myindustrial.eu\/wp-content\/uploads\/2024\/12\/rft_stormbrake-type-vzm.webp","type":"image\/webp"}],"twitter_card":"summary_large_image","schema":{"@context":"https:\/\/schema.org","@graph":[{"@type":"WebPage","@id":"https:\/\/dev.myindustrial.eu\/et\/shop\/toostuslikud-pidurisusteemid-ja-ajami-seiskamise-komponendid\/parkimis-tormi-pidurid\/storm-brake-rail-clamp-operated-manually\/","url":"https:\/\/dev.myindustrial.eu\/et\/shop\/toostuslikud-pidurisusteemid-ja-ajami-seiskamise-komponendid\/parkimis-tormi-pidurid\/storm-brake-rail-clamp-operated-manually\/","name":"Tormipidur \/ k\u00e4sitsi juhitav r\u00f6\u00f6paklamber - My industrial","isPartOf":{"@id":"https:\/\/dev.myindustrial.eu\/et\/#website"},"primaryImageOfPage":{"@id":"https:\/\/dev.myindustrial.eu\/et\/shop\/toostuslikud-pidurisusteemid-ja-ajami-seiskamise-komponendid\/parkimis-tormi-pidurid\/storm-brake-rail-clamp-operated-manually\/#primaryimage"},"image":{"@id":"https:\/\/dev.myindustrial.eu\/et\/shop\/toostuslikud-pidurisusteemid-ja-ajami-seiskamise-komponendid\/parkimis-tormi-pidurid\/storm-brake-rail-clamp-operated-manually\/#primaryimage"},"thumbnailUrl":"https:\/\/dev.myindustrial.eu\/wp-content\/uploads\/2024\/12\/rft_stormbrake-type-vzm.webp","datePublished":"2024-12-02T12:43:12+00:00","dateModified":"2024-12-27T22:35:10+00:00","breadcrumb":{"@id":"https:\/\/dev.myindustrial.eu\/et\/shop\/toostuslikud-pidurisusteemid-ja-ajami-seiskamise-komponendid\/parkimis-tormi-pidurid\/storm-brake-rail-clamp-operated-manually\/#breadcrumb"},"inLanguage":"et","potentialAction":[{"@type":"ReadAction","target":["https:\/\/dev.myindustrial.eu\/et\/shop\/toostuslikud-pidurisusteemid-ja-ajami-seiskamise-komponendid\/parkimis-tormi-pidurid\/storm-brake-rail-clamp-operated-manually\/"]}]},{"@type":"ImageObject","inLanguage":"et","@id":"https:\/\/dev.myindustrial.eu\/et\/shop\/toostuslikud-pidurisusteemid-ja-ajami-seiskamise-komponendid\/parkimis-tormi-pidurid\/storm-brake-rail-clamp-operated-manually\/#primaryimage","url":"https:\/\/dev.myindustrial.eu\/wp-content\/uploads\/2024\/12\/rft_stormbrake-type-vzm.webp","contentUrl":"https:\/\/dev.myindustrial.eu\/wp-content\/uploads\/2024\/12\/rft_stormbrake-type-vzm.webp","width":800,"height":800},{"@type":"BreadcrumbList","@id":"https:\/\/dev.myindustrial.eu\/et\/shop\/toostuslikud-pidurisusteemid-ja-ajami-seiskamise-komponendid\/parkimis-tormi-pidurid\/storm-brake-rail-clamp-operated-manually\/#breadcrumb","itemListElement":[{"@type":"ListItem","position":1,"name":"Home","item":"https:\/\/dev.myindustrial.eu\/et\/"},{"@type":"ListItem","position":2,"name":"Products","item":"https:\/\/dev.myindustrial.eu\/et\/products\/"},{"@type":"ListItem","position":3,"name":"Tormipidur \/ k\u00e4sitsi juhitav r\u00f6\u00f6paklamber"}]},{"@type":"WebSite","@id":"https:\/\/dev.myindustrial.eu\/et\/#website","url":"https:\/\/dev.myindustrial.eu\/et\/","name":"My industrial","description":"","potentialAction":[{"@type":"SearchAction","target":{"@type":"EntryPoint","urlTemplate":"https:\/\/dev.myindustrial.eu\/et\/?s={search_term_string}"},"query-input":{"@type":"PropertyValueSpecification","valueRequired":true,"valueName":"search_term_string"}}],"inLanguage":"et"}]}},"_links":{"self":[{"href":"https:\/\/dev.myindustrial.eu\/et\/wp-json\/wp\/v2\/product\/1260065616","targetHints":{"allow":["GET"]}}],"collection":[{"href":"https:\/\/dev.myindustrial.eu\/et\/wp-json\/wp\/v2\/product"}],"about":[{"href":"https:\/\/dev.myindustrial.eu\/et\/wp-json\/wp\/v2\/types\/product"}],"version-history":[{"count":1,"href":"https:\/\/dev.myindustrial.eu\/et\/wp-json\/wp\/v2\/product\/1260065616\/revisions"}],"predecessor-version":[{"id":1260065617,"href":"https:\/\/dev.myindustrial.eu\/et\/wp-json\/wp\/v2\/product\/1260065616\/revisions\/1260065617"}],"wp:featuredmedia":[{"embeddable":true,"href":"https:\/\/dev.myindustrial.eu\/et\/wp-json\/wp\/v2\/media\/1260065138"}],"wp:attachment":[{"href":"https:\/\/dev.myindustrial.eu\/et\/wp-json\/wp\/v2\/media?parent=1260065616"}],"wp:term":[{"taxonomy":"product_brand","embeddable":true,"href":"https:\/\/dev.myindustrial.eu\/et\/wp-json\/wp\/v2\/product_brand?post=1260065616"},{"taxonomy":"product_cat","embeddable":true,"href":"https:\/\/dev.myindustrial.eu\/et\/wp-json\/wp\/v2\/product_cat?post=1260065616"},{"taxonomy":"product_tag","embeddable":true,"href":"https:\/\/dev.myindustrial.eu\/et\/wp-json\/wp\/v2\/product_tag?post=1260065616"}],"curies":[{"name":"wp","href":"https:\/\/api.w.org\/{rel}","templated":true}]}}