{"id":1260065708,"date":"2024-12-02T09:43:18","date_gmt":"2024-12-02T09:43:18","guid":{"rendered":"https:\/\/dev.myindustrial.eu\/shop\/maaratlemata\/electrohydraulic-thrusters\/"},"modified":"2025-01-27T20:21:52","modified_gmt":"2025-01-27T20:21:52","slug":"electrohydraulic-thrusters","status":"publish","type":"product","link":"https:\/\/dev.myindustrial.eu\/et\/shop\/toostuslikud-pidurisusteemid-ja-ajami-seiskamise-komponendid\/piduritarvikud\/electrohydraulic-thrusters\/","title":{"rendered":"Elektroh\u00fcdraulilised t\u00f5ukurajamid"},"content":{"rendered":"","protected":false},"excerpt":{"rendered":"<p><span style=\"font-weight: 400;\">Elektroh\u00fcdraulilised t\u00f5ukurajamid (t\u00f5ukurid) t\u00f6\u00f6stuslike piduris\u00fcsteemide vabastamiseks ja k\u00e4itamiseks.<\/span><span style=\"font-weight: 400;\"><br \/>\n<\/span><span style=\"font-weight: 400;\">Elektroh\u00fcdrauliline t\u00f5steseade vastavalt DIN 15430-le<\/span><span style=\"font-weight: 400;\"><br \/>\n<\/span><span style=\"font-weight: 400;\">T\u00f5stej\u00f5ud 250 N kuni 4000 N (teised j\u00f5ud vastavalt tellimusele)<\/span><span style=\"font-weight: 400;\"><br \/>\n<\/span><span style=\"font-weight: 400;\">Kolvik\u00e4igud 60 mm kuni 120 mm standard\u00fcksustes<\/span><span style=\"font-weight: 400;\"><br \/>\n<\/span><span style=\"font-weight: 400;\">Standardne \u00fcmbritseva \u00f5hu temperatuur: -25\u00b0C kuni +50\u00b0C<\/span><span style=\"font-weight: 400;\"><br \/>\n<\/span><span style=\"font-weight: 400;\">Standardpinge: 230\/400 V (+\/- 5%), 50 Hz, 3 faasi (Eripinge vastavalt tellimusele)<\/span><\/p>\n","protected":false},"featured_media":1260064761,"template":"","meta":[],"product_brand":[],"product_cat":[1679,1311],"product_tag":[],"class_list":{"0":"post-1260065708","1":"product","2":"type-product","3":"status-publish","4":"has-post-thumbnail","6":"product_cat-piduritarvikud","7":"product_cat-elektrohudraulilised-toukurid","9":"first","10":"instock","11":"shipping-taxable","12":"product-type-simple"},"yoast_head":"<!-- This site is optimized with the Yoast SEO plugin v27.1.1 - https:\/\/yoast.com\/product\/yoast-seo-wordpress\/ -->\n<title>Elektroh\u00fcdraulilised t\u00f5ukurajamid - My industrial<\/title>\n<meta name=\"robots\" content=\"noindex, follow, max-snippet:-1, max-image-preview:large, max-video-preview:-1\" \/>\n<meta property=\"og:locale\" content=\"et_EE\" \/>\n<meta property=\"og:type\" content=\"article\" \/>\n<meta property=\"og:title\" content=\"Elektroh\u00fcdraulilised t\u00f5ukurajamid - My industrial\" \/>\n<meta property=\"og:description\" content=\"Elektroh\u00fcdraulilised t\u00f5ukurajamid (t\u00f5ukurid) t\u00f6\u00f6stuslike piduris\u00fcsteemide vabastamiseks ja k\u00e4itamiseks. Elektroh\u00fcdrauliline t\u00f5steseade vastavalt DIN 15430-le T\u00f5stej\u00f5ud 250 N kuni 4000 N (teised j\u00f5ud vastavalt tellimusele) Kolvik\u00e4igud 60 mm kuni 120 mm standard\u00fcksustes Standardne \u00fcmbritseva \u00f5hu temperatuur: -25\u00b0C kuni +50\u00b0C Standardpinge: 230\/400 V (+\/- 5%), 50 Hz, 3 faasi (Eripinge vastavalt tellimusele)\" \/>\n<meta property=\"og:url\" content=\"https:\/\/dev.myindustrial.eu\/et\/shop\/toostuslikud-pidurisusteemid-ja-ajami-seiskamise-komponendid\/piduritarvikud\/electrohydraulic-thrusters\/\" \/>\n<meta property=\"og:site_name\" content=\"My industrial\" \/>\n<meta property=\"article:modified_time\" content=\"2025-01-27T20:21:52+00:00\" \/>\n<meta property=\"og:image\" content=\"https:\/\/dev.myindustrial.eu\/wp-content\/uploads\/2024\/12\/eldro-classic-kopie.webp\" \/>\n\t<meta property=\"og:image:width\" content=\"900\" \/>\n\t<meta property=\"og:image:height\" content=\"900\" \/>\n\t<meta property=\"og:image:type\" content=\"image\/webp\" \/>\n<meta name=\"twitter:card\" content=\"summary_large_image\" \/>\n<script type=\"application\/ld+json\" class=\"yoast-schema-graph\">{\"@context\":\"https:\/\/schema.org\",\"@graph\":[{\"@type\":\"WebPage\",\"@id\":\"https:\/\/dev.myindustrial.eu\/et\/shop\/toostuslikud-pidurisusteemid-ja-ajami-seiskamise-komponendid\/piduritarvikud\/electrohydraulic-thrusters\/\",\"url\":\"https:\/\/dev.myindustrial.eu\/et\/shop\/toostuslikud-pidurisusteemid-ja-ajami-seiskamise-komponendid\/piduritarvikud\/electrohydraulic-thrusters\/\",\"name\":\"Elektroh\u00fcdraulilised t\u00f5ukurajamid - My industrial\",\"isPartOf\":{\"@id\":\"https:\/\/dev.myindustrial.eu\/et\/#website\"},\"primaryImageOfPage\":{\"@id\":\"https:\/\/dev.myindustrial.eu\/et\/shop\/toostuslikud-pidurisusteemid-ja-ajami-seiskamise-komponendid\/piduritarvikud\/electrohydraulic-thrusters\/#primaryimage\"},\"image\":{\"@id\":\"https:\/\/dev.myindustrial.eu\/et\/shop\/toostuslikud-pidurisusteemid-ja-ajami-seiskamise-komponendid\/piduritarvikud\/electrohydraulic-thrusters\/#primaryimage\"},\"thumbnailUrl\":\"https:\/\/dev.myindustrial.eu\/wp-content\/uploads\/2024\/12\/eldro-classic-kopie.webp\",\"datePublished\":\"2024-12-02T09:43:18+00:00\",\"dateModified\":\"2025-01-27T20:21:52+00:00\",\"breadcrumb\":{\"@id\":\"https:\/\/dev.myindustrial.eu\/et\/shop\/toostuslikud-pidurisusteemid-ja-ajami-seiskamise-komponendid\/piduritarvikud\/electrohydraulic-thrusters\/#breadcrumb\"},\"inLanguage\":\"et\",\"potentialAction\":[{\"@type\":\"ReadAction\",\"target\":[\"https:\/\/dev.myindustrial.eu\/et\/shop\/toostuslikud-pidurisusteemid-ja-ajami-seiskamise-komponendid\/piduritarvikud\/electrohydraulic-thrusters\/\"]}]},{\"@type\":\"ImageObject\",\"inLanguage\":\"et\",\"@id\":\"https:\/\/dev.myindustrial.eu\/et\/shop\/toostuslikud-pidurisusteemid-ja-ajami-seiskamise-komponendid\/piduritarvikud\/electrohydraulic-thrusters\/#primaryimage\",\"url\":\"https:\/\/dev.myindustrial.eu\/wp-content\/uploads\/2024\/12\/eldro-classic-kopie.webp\",\"contentUrl\":\"https:\/\/dev.myindustrial.eu\/wp-content\/uploads\/2024\/12\/eldro-classic-kopie.webp\",\"width\":900,\"height\":900},{\"@type\":\"BreadcrumbList\",\"@id\":\"https:\/\/dev.myindustrial.eu\/et\/shop\/toostuslikud-pidurisusteemid-ja-ajami-seiskamise-komponendid\/piduritarvikud\/electrohydraulic-thrusters\/#breadcrumb\",\"itemListElement\":[{\"@type\":\"ListItem\",\"position\":1,\"name\":\"Home\",\"item\":\"https:\/\/dev.myindustrial.eu\/et\/\"},{\"@type\":\"ListItem\",\"position\":2,\"name\":\"Products\",\"item\":\"https:\/\/dev.myindustrial.eu\/et\/products\/\"},{\"@type\":\"ListItem\",\"position\":3,\"name\":\"Elektroh\u00fcdraulilised t\u00f5ukurajamid\"}]},{\"@type\":\"WebSite\",\"@id\":\"https:\/\/dev.myindustrial.eu\/et\/#website\",\"url\":\"https:\/\/dev.myindustrial.eu\/et\/\",\"name\":\"My industrial\",\"description\":\"\",\"potentialAction\":[{\"@type\":\"SearchAction\",\"target\":{\"@type\":\"EntryPoint\",\"urlTemplate\":\"https:\/\/dev.myindustrial.eu\/et\/?s={search_term_string}\"},\"query-input\":{\"@type\":\"PropertyValueSpecification\",\"valueRequired\":true,\"valueName\":\"search_term_string\"}}],\"inLanguage\":\"et\"}]}<\/script>\n<!-- \/ Yoast SEO plugin. -->","yoast_head_json":{"title":"Elektroh\u00fcdraulilised t\u00f5ukurajamid - My industrial","robots":{"index":"noindex","follow":"follow","max-snippet":"max-snippet:-1","max-image-preview":"max-image-preview:large","max-video-preview":"max-video-preview:-1"},"og_locale":"et_EE","og_type":"article","og_title":"Elektroh\u00fcdraulilised t\u00f5ukurajamid - My industrial","og_description":"Elektroh\u00fcdraulilised t\u00f5ukurajamid (t\u00f5ukurid) t\u00f6\u00f6stuslike piduris\u00fcsteemide vabastamiseks ja k\u00e4itamiseks. Elektroh\u00fcdrauliline t\u00f5steseade vastavalt DIN 15430-le T\u00f5stej\u00f5ud 250 N kuni 4000 N (teised j\u00f5ud vastavalt tellimusele) Kolvik\u00e4igud 60 mm kuni 120 mm standard\u00fcksustes Standardne \u00fcmbritseva \u00f5hu temperatuur: -25\u00b0C kuni +50\u00b0C Standardpinge: 230\/400 V (+\/- 5%), 50 Hz, 3 faasi (Eripinge vastavalt tellimusele)","og_url":"https:\/\/dev.myindustrial.eu\/et\/shop\/toostuslikud-pidurisusteemid-ja-ajami-seiskamise-komponendid\/piduritarvikud\/electrohydraulic-thrusters\/","og_site_name":"My industrial","article_modified_time":"2025-01-27T20:21:52+00:00","og_image":[{"width":900,"height":900,"url":"https:\/\/dev.myindustrial.eu\/wp-content\/uploads\/2024\/12\/eldro-classic-kopie.webp","type":"image\/webp"}],"twitter_card":"summary_large_image","schema":{"@context":"https:\/\/schema.org","@graph":[{"@type":"WebPage","@id":"https:\/\/dev.myindustrial.eu\/et\/shop\/toostuslikud-pidurisusteemid-ja-ajami-seiskamise-komponendid\/piduritarvikud\/electrohydraulic-thrusters\/","url":"https:\/\/dev.myindustrial.eu\/et\/shop\/toostuslikud-pidurisusteemid-ja-ajami-seiskamise-komponendid\/piduritarvikud\/electrohydraulic-thrusters\/","name":"Elektroh\u00fcdraulilised t\u00f5ukurajamid - My industrial","isPartOf":{"@id":"https:\/\/dev.myindustrial.eu\/et\/#website"},"primaryImageOfPage":{"@id":"https:\/\/dev.myindustrial.eu\/et\/shop\/toostuslikud-pidurisusteemid-ja-ajami-seiskamise-komponendid\/piduritarvikud\/electrohydraulic-thrusters\/#primaryimage"},"image":{"@id":"https:\/\/dev.myindustrial.eu\/et\/shop\/toostuslikud-pidurisusteemid-ja-ajami-seiskamise-komponendid\/piduritarvikud\/electrohydraulic-thrusters\/#primaryimage"},"thumbnailUrl":"https:\/\/dev.myindustrial.eu\/wp-content\/uploads\/2024\/12\/eldro-classic-kopie.webp","datePublished":"2024-12-02T09:43:18+00:00","dateModified":"2025-01-27T20:21:52+00:00","breadcrumb":{"@id":"https:\/\/dev.myindustrial.eu\/et\/shop\/toostuslikud-pidurisusteemid-ja-ajami-seiskamise-komponendid\/piduritarvikud\/electrohydraulic-thrusters\/#breadcrumb"},"inLanguage":"et","potentialAction":[{"@type":"ReadAction","target":["https:\/\/dev.myindustrial.eu\/et\/shop\/toostuslikud-pidurisusteemid-ja-ajami-seiskamise-komponendid\/piduritarvikud\/electrohydraulic-thrusters\/"]}]},{"@type":"ImageObject","inLanguage":"et","@id":"https:\/\/dev.myindustrial.eu\/et\/shop\/toostuslikud-pidurisusteemid-ja-ajami-seiskamise-komponendid\/piduritarvikud\/electrohydraulic-thrusters\/#primaryimage","url":"https:\/\/dev.myindustrial.eu\/wp-content\/uploads\/2024\/12\/eldro-classic-kopie.webp","contentUrl":"https:\/\/dev.myindustrial.eu\/wp-content\/uploads\/2024\/12\/eldro-classic-kopie.webp","width":900,"height":900},{"@type":"BreadcrumbList","@id":"https:\/\/dev.myindustrial.eu\/et\/shop\/toostuslikud-pidurisusteemid-ja-ajami-seiskamise-komponendid\/piduritarvikud\/electrohydraulic-thrusters\/#breadcrumb","itemListElement":[{"@type":"ListItem","position":1,"name":"Home","item":"https:\/\/dev.myindustrial.eu\/et\/"},{"@type":"ListItem","position":2,"name":"Products","item":"https:\/\/dev.myindustrial.eu\/et\/products\/"},{"@type":"ListItem","position":3,"name":"Elektroh\u00fcdraulilised t\u00f5ukurajamid"}]},{"@type":"WebSite","@id":"https:\/\/dev.myindustrial.eu\/et\/#website","url":"https:\/\/dev.myindustrial.eu\/et\/","name":"My industrial","description":"","potentialAction":[{"@type":"SearchAction","target":{"@type":"EntryPoint","urlTemplate":"https:\/\/dev.myindustrial.eu\/et\/?s={search_term_string}"},"query-input":{"@type":"PropertyValueSpecification","valueRequired":true,"valueName":"search_term_string"}}],"inLanguage":"et"}]}},"_links":{"self":[{"href":"https:\/\/dev.myindustrial.eu\/et\/wp-json\/wp\/v2\/product\/1260065708","targetHints":{"allow":["GET"]}}],"collection":[{"href":"https:\/\/dev.myindustrial.eu\/et\/wp-json\/wp\/v2\/product"}],"about":[{"href":"https:\/\/dev.myindustrial.eu\/et\/wp-json\/wp\/v2\/types\/product"}],"version-history":[{"count":1,"href":"https:\/\/dev.myindustrial.eu\/et\/wp-json\/wp\/v2\/product\/1260065708\/revisions"}],"predecessor-version":[{"id":1260065709,"href":"https:\/\/dev.myindustrial.eu\/et\/wp-json\/wp\/v2\/product\/1260065708\/revisions\/1260065709"}],"wp:featuredmedia":[{"embeddable":true,"href":"https:\/\/dev.myindustrial.eu\/et\/wp-json\/wp\/v2\/media\/1260064761"}],"wp:attachment":[{"href":"https:\/\/dev.myindustrial.eu\/et\/wp-json\/wp\/v2\/media?parent=1260065708"}],"wp:term":[{"taxonomy":"product_brand","embeddable":true,"href":"https:\/\/dev.myindustrial.eu\/et\/wp-json\/wp\/v2\/product_brand?post=1260065708"},{"taxonomy":"product_cat","embeddable":true,"href":"https:\/\/dev.myindustrial.eu\/et\/wp-json\/wp\/v2\/product_cat?post=1260065708"},{"taxonomy":"product_tag","embeddable":true,"href":"https:\/\/dev.myindustrial.eu\/et\/wp-json\/wp\/v2\/product_tag?post=1260065708"}],"curies":[{"name":"wp","href":"https:\/\/api.w.org\/{rel}","templated":true}]}}