{"id":1260065864,"date":"2025-06-02T15:47:01","date_gmt":"2025-06-02T15:47:01","guid":{"rendered":"https:\/\/dev.myindustrial.eu\/shop\/maaratlemata\/control-unit-kst32-swiveling-with-memory-function\/"},"modified":"2025-06-02T15:48:40","modified_gmt":"2025-06-02T15:48:40","slug":"control-unit-kst32-swiveling-with-memory-function","status":"publish","type":"product","link":"https:\/\/dev.myindustrial.eu\/et\/shop\/toostuskontrollerid-juhtkangid-ja-konsoolid\/kraana-juhtseadmed-seadmed\/kraana-juhtseadmed\/control-unit-kst32-swiveling-with-memory-function\/","title":{"rendered":"Juhtimistoole KST32 p\u00f6\u00f6ratav m\u00e4lufunktsiooniga"},"content":{"rendered":"<p><b>Risttala koos p\u00f6\u00f6rlemisalusega:<\/b><span style=\"font-weight: 400;\"><br \/>\n<\/span><span style=\"font-weight: 400;\">Lehtterasest kattega risttala ja juhiiste on ettepoole klapitavad, v\u00f5imaldades h\u00f5lpsat juurdep\u00e4\u00e4su k\u00f5ikidele juhtmetele, klemmidele ja \u00fchendustele seadistamise ja hoolduse ajal. P\u00f6\u00f6rdealusel on l\u00f5tkutud laagrid ning p\u00f6\u00f6rlemist saab lukustada iga 2\u00b0 j\u00e4rel.<\/span><\/p>\n<p><b>Pinnat\u00f6\u00f6tlus:<\/b><span style=\"font-weight: 400;\"><br \/>\n<\/span><span style=\"font-weight: 400;\">Kruntv\u00e4rv ja struktuurne viimistlus<\/span><span style=\"font-weight: 400;\"><br \/>\n<\/span><span style=\"font-weight: 400;\">Standardv\u00e4rv: RAL 9011 must<\/span><\/p>\n","protected":false},"excerpt":{"rendered":"<p><span style=\"font-weight: 400;\">KST32 on ergonoomiliselt kujundatud p\u00f6\u00f6ratav juhtimistool, mis pakub suurt mugavust. Iste tagab mugava kehahoiaku ja tervisliku t\u00f6\u00f6asendi. Juhtimiskonsool on varustatud m\u00e4lus\u00fcsteemiga \u2013 igal kasutajal on v\u00f5imalik salvestada kuni kolm isiklikku isteasendit RFID-m\u00e4lukiibile.<\/span><\/p>\n<p><b>Elektrooniliselt reguleeritavad funktsioonid:<\/b><span style=\"font-weight: 400;\"><br \/>\n<\/span><span style=\"font-weight: 400;\">\u21d2<\/span><span style=\"font-weight: 400;\"> seljatoe kaldenurk<\/span><span style=\"font-weight: 400;\"><br \/>\n<\/span><span style=\"font-weight: 400;\">\u21d2<\/span><span style=\"font-weight: 400;\"> istme kaldenurk<\/span><span style=\"font-weight: 400;\"><br \/>\n<\/span><span style=\"font-weight: 400;\">\u21d2<\/span><span style=\"font-weight: 400;\"> kahe juhtpaneeli kaldenurk<\/span><span style=\"font-weight: 400;\"><br \/>\n<\/span><span style=\"font-weight: 400;\">\u21d2<\/span><span style=\"font-weight: 400;\"> istme horisontaalne reguleerimine koos konsoolidega<\/span><span style=\"font-weight: 400;\"><br \/>\n<\/span><span style=\"font-weight: 400;\">\u21d2<\/span><span style=\"font-weight: 400;\"> istme horisontaalne reguleerimine ilma konsoolideta<\/span><\/p>\n<p><span style=\"font-weight: 400;\">Juhtimiskonsoolid, mis on kinnitatud juhitooli k\u00fclge, p\u00f6\u00f6rlevad koos tooliga.<\/span><\/p>\n<p><a href=\"https:\/\/dev.myindustrial.eu\/wp-content\/uploads\/2025\/06\/kst32.pdf\"><img decoding=\"async\" src=\"https:\/\/dev.myindustrial.eu\/wp-content\/uploads\/2023\/02\/download-button-est.svg\" \/><\/a><\/p>\n","protected":false},"featured_media":1260065854,"template":"","meta":[],"product_brand":[],"product_cat":[1318,1333,1336],"product_tag":[],"class_list":{"0":"post-1260065864","1":"product","2":"type-product","3":"status-publish","4":"has-post-thumbnail","6":"product_cat-toostuskontrollerid-juhtkangid-ja-konsoolid","7":"product_cat-kraana-juhtseadmed-seadmed","8":"product_cat-kraana-juhtseadmed","10":"first","11":"instock","12":"shipping-taxable","13":"product-type-simple"},"yoast_head":"<!-- This site is optimized with the Yoast SEO plugin v27.1.1 - https:\/\/yoast.com\/product\/yoast-seo-wordpress\/ -->\n<title>Juhtimistoole KST32 p\u00f6\u00f6ratav m\u00e4lufunktsiooniga - My industrial<\/title>\n<meta name=\"robots\" content=\"noindex, follow, max-snippet:-1, max-image-preview:large, max-video-preview:-1\" \/>\n<meta property=\"og:locale\" content=\"et_EE\" \/>\n<meta property=\"og:type\" content=\"article\" \/>\n<meta property=\"og:title\" content=\"Juhtimistoole KST32 p\u00f6\u00f6ratav m\u00e4lufunktsiooniga - My industrial\" \/>\n<meta property=\"og:description\" content=\"KST32 on ergonoomiliselt kujundatud p\u00f6\u00f6ratav juhtimistool, mis pakub suurt mugavust. Iste tagab mugava kehahoiaku ja tervisliku t\u00f6\u00f6asendi. Juhtimiskonsool on varustatud m\u00e4lus\u00fcsteemiga \u2013 igal kasutajal on v\u00f5imalik salvestada kuni kolm isiklikku isteasendit RFID-m\u00e4lukiibile.  Elektrooniliselt reguleeritavad funktsioonid: \u21d2 seljatoe kaldenurk \u21d2 istme kaldenurk \u21d2 kahe juhtpaneeli kaldenurk \u21d2 istme horisontaalne reguleerimine koos konsoolidega \u21d2 istme horisontaalne reguleerimine ilma konsoolideta  Juhtimiskonsoolid, mis on kinnitatud juhitooli k\u00fclge, p\u00f6\u00f6rlevad koos tooliga.\" \/>\n<meta property=\"og:url\" content=\"https:\/\/dev.myindustrial.eu\/et\/shop\/toostuskontrollerid-juhtkangid-ja-konsoolid\/kraana-juhtseadmed-seadmed\/kraana-juhtseadmed\/control-unit-kst32-swiveling-with-memory-function\/\" \/>\n<meta property=\"og:site_name\" content=\"My industrial\" \/>\n<meta property=\"article:modified_time\" content=\"2025-06-02T15:48:40+00:00\" \/>\n<meta property=\"og:image\" content=\"https:\/\/dev.myindustrial.eu\/wp-content\/uploads\/2025\/06\/kst32.webp\" \/>\n\t<meta property=\"og:image:width\" content=\"900\" \/>\n\t<meta property=\"og:image:height\" content=\"900\" \/>\n\t<meta property=\"og:image:type\" content=\"image\/webp\" \/>\n<meta name=\"twitter:card\" content=\"summary_large_image\" \/>\n<script type=\"application\/ld+json\" class=\"yoast-schema-graph\">{\"@context\":\"https:\/\/schema.org\",\"@graph\":[{\"@type\":\"WebPage\",\"@id\":\"https:\/\/dev.myindustrial.eu\/et\/shop\/toostuskontrollerid-juhtkangid-ja-konsoolid\/kraana-juhtseadmed-seadmed\/kraana-juhtseadmed\/control-unit-kst32-swiveling-with-memory-function\/\",\"url\":\"https:\/\/dev.myindustrial.eu\/et\/shop\/toostuskontrollerid-juhtkangid-ja-konsoolid\/kraana-juhtseadmed-seadmed\/kraana-juhtseadmed\/control-unit-kst32-swiveling-with-memory-function\/\",\"name\":\"Juhtimistoole KST32 p\u00f6\u00f6ratav m\u00e4lufunktsiooniga - My industrial\",\"isPartOf\":{\"@id\":\"https:\/\/dev.myindustrial.eu\/et\/#website\"},\"primaryImageOfPage\":{\"@id\":\"https:\/\/dev.myindustrial.eu\/et\/shop\/toostuskontrollerid-juhtkangid-ja-konsoolid\/kraana-juhtseadmed-seadmed\/kraana-juhtseadmed\/control-unit-kst32-swiveling-with-memory-function\/#primaryimage\"},\"image\":{\"@id\":\"https:\/\/dev.myindustrial.eu\/et\/shop\/toostuskontrollerid-juhtkangid-ja-konsoolid\/kraana-juhtseadmed-seadmed\/kraana-juhtseadmed\/control-unit-kst32-swiveling-with-memory-function\/#primaryimage\"},\"thumbnailUrl\":\"https:\/\/dev.myindustrial.eu\/wp-content\/uploads\/2025\/06\/kst32.webp\",\"datePublished\":\"2025-06-02T15:47:01+00:00\",\"dateModified\":\"2025-06-02T15:48:40+00:00\",\"breadcrumb\":{\"@id\":\"https:\/\/dev.myindustrial.eu\/et\/shop\/toostuskontrollerid-juhtkangid-ja-konsoolid\/kraana-juhtseadmed-seadmed\/kraana-juhtseadmed\/control-unit-kst32-swiveling-with-memory-function\/#breadcrumb\"},\"inLanguage\":\"et\",\"potentialAction\":[{\"@type\":\"ReadAction\",\"target\":[\"https:\/\/dev.myindustrial.eu\/et\/shop\/toostuskontrollerid-juhtkangid-ja-konsoolid\/kraana-juhtseadmed-seadmed\/kraana-juhtseadmed\/control-unit-kst32-swiveling-with-memory-function\/\"]}]},{\"@type\":\"ImageObject\",\"inLanguage\":\"et\",\"@id\":\"https:\/\/dev.myindustrial.eu\/et\/shop\/toostuskontrollerid-juhtkangid-ja-konsoolid\/kraana-juhtseadmed-seadmed\/kraana-juhtseadmed\/control-unit-kst32-swiveling-with-memory-function\/#primaryimage\",\"url\":\"https:\/\/dev.myindustrial.eu\/wp-content\/uploads\/2025\/06\/kst32.webp\",\"contentUrl\":\"https:\/\/dev.myindustrial.eu\/wp-content\/uploads\/2025\/06\/kst32.webp\",\"width\":900,\"height\":900},{\"@type\":\"BreadcrumbList\",\"@id\":\"https:\/\/dev.myindustrial.eu\/et\/shop\/toostuskontrollerid-juhtkangid-ja-konsoolid\/kraana-juhtseadmed-seadmed\/kraana-juhtseadmed\/control-unit-kst32-swiveling-with-memory-function\/#breadcrumb\",\"itemListElement\":[{\"@type\":\"ListItem\",\"position\":1,\"name\":\"Home\",\"item\":\"https:\/\/dev.myindustrial.eu\/et\/\"},{\"@type\":\"ListItem\",\"position\":2,\"name\":\"Products\",\"item\":\"https:\/\/dev.myindustrial.eu\/et\/products\/\"},{\"@type\":\"ListItem\",\"position\":3,\"name\":\"Juhtimistoole KST32 p\u00f6\u00f6ratav m\u00e4lufunktsiooniga\"}]},{\"@type\":\"WebSite\",\"@id\":\"https:\/\/dev.myindustrial.eu\/et\/#website\",\"url\":\"https:\/\/dev.myindustrial.eu\/et\/\",\"name\":\"My industrial\",\"description\":\"\",\"potentialAction\":[{\"@type\":\"SearchAction\",\"target\":{\"@type\":\"EntryPoint\",\"urlTemplate\":\"https:\/\/dev.myindustrial.eu\/et\/?s={search_term_string}\"},\"query-input\":{\"@type\":\"PropertyValueSpecification\",\"valueRequired\":true,\"valueName\":\"search_term_string\"}}],\"inLanguage\":\"et\"}]}<\/script>\n<!-- \/ Yoast SEO plugin. -->","yoast_head_json":{"title":"Juhtimistoole KST32 p\u00f6\u00f6ratav m\u00e4lufunktsiooniga - My industrial","robots":{"index":"noindex","follow":"follow","max-snippet":"max-snippet:-1","max-image-preview":"max-image-preview:large","max-video-preview":"max-video-preview:-1"},"og_locale":"et_EE","og_type":"article","og_title":"Juhtimistoole KST32 p\u00f6\u00f6ratav m\u00e4lufunktsiooniga - My industrial","og_description":"KST32 on ergonoomiliselt kujundatud p\u00f6\u00f6ratav juhtimistool, mis pakub suurt mugavust. Iste tagab mugava kehahoiaku ja tervisliku t\u00f6\u00f6asendi. Juhtimiskonsool on varustatud m\u00e4lus\u00fcsteemiga \u2013 igal kasutajal on v\u00f5imalik salvestada kuni kolm isiklikku isteasendit RFID-m\u00e4lukiibile.  Elektrooniliselt reguleeritavad funktsioonid: \u21d2 seljatoe kaldenurk \u21d2 istme kaldenurk \u21d2 kahe juhtpaneeli kaldenurk \u21d2 istme horisontaalne reguleerimine koos konsoolidega \u21d2 istme horisontaalne reguleerimine ilma konsoolideta  Juhtimiskonsoolid, mis on kinnitatud juhitooli k\u00fclge, p\u00f6\u00f6rlevad koos tooliga.","og_url":"https:\/\/dev.myindustrial.eu\/et\/shop\/toostuskontrollerid-juhtkangid-ja-konsoolid\/kraana-juhtseadmed-seadmed\/kraana-juhtseadmed\/control-unit-kst32-swiveling-with-memory-function\/","og_site_name":"My industrial","article_modified_time":"2025-06-02T15:48:40+00:00","og_image":[{"width":900,"height":900,"url":"https:\/\/dev.myindustrial.eu\/wp-content\/uploads\/2025\/06\/kst32.webp","type":"image\/webp"}],"twitter_card":"summary_large_image","schema":{"@context":"https:\/\/schema.org","@graph":[{"@type":"WebPage","@id":"https:\/\/dev.myindustrial.eu\/et\/shop\/toostuskontrollerid-juhtkangid-ja-konsoolid\/kraana-juhtseadmed-seadmed\/kraana-juhtseadmed\/control-unit-kst32-swiveling-with-memory-function\/","url":"https:\/\/dev.myindustrial.eu\/et\/shop\/toostuskontrollerid-juhtkangid-ja-konsoolid\/kraana-juhtseadmed-seadmed\/kraana-juhtseadmed\/control-unit-kst32-swiveling-with-memory-function\/","name":"Juhtimistoole KST32 p\u00f6\u00f6ratav m\u00e4lufunktsiooniga - My industrial","isPartOf":{"@id":"https:\/\/dev.myindustrial.eu\/et\/#website"},"primaryImageOfPage":{"@id":"https:\/\/dev.myindustrial.eu\/et\/shop\/toostuskontrollerid-juhtkangid-ja-konsoolid\/kraana-juhtseadmed-seadmed\/kraana-juhtseadmed\/control-unit-kst32-swiveling-with-memory-function\/#primaryimage"},"image":{"@id":"https:\/\/dev.myindustrial.eu\/et\/shop\/toostuskontrollerid-juhtkangid-ja-konsoolid\/kraana-juhtseadmed-seadmed\/kraana-juhtseadmed\/control-unit-kst32-swiveling-with-memory-function\/#primaryimage"},"thumbnailUrl":"https:\/\/dev.myindustrial.eu\/wp-content\/uploads\/2025\/06\/kst32.webp","datePublished":"2025-06-02T15:47:01+00:00","dateModified":"2025-06-02T15:48:40+00:00","breadcrumb":{"@id":"https:\/\/dev.myindustrial.eu\/et\/shop\/toostuskontrollerid-juhtkangid-ja-konsoolid\/kraana-juhtseadmed-seadmed\/kraana-juhtseadmed\/control-unit-kst32-swiveling-with-memory-function\/#breadcrumb"},"inLanguage":"et","potentialAction":[{"@type":"ReadAction","target":["https:\/\/dev.myindustrial.eu\/et\/shop\/toostuskontrollerid-juhtkangid-ja-konsoolid\/kraana-juhtseadmed-seadmed\/kraana-juhtseadmed\/control-unit-kst32-swiveling-with-memory-function\/"]}]},{"@type":"ImageObject","inLanguage":"et","@id":"https:\/\/dev.myindustrial.eu\/et\/shop\/toostuskontrollerid-juhtkangid-ja-konsoolid\/kraana-juhtseadmed-seadmed\/kraana-juhtseadmed\/control-unit-kst32-swiveling-with-memory-function\/#primaryimage","url":"https:\/\/dev.myindustrial.eu\/wp-content\/uploads\/2025\/06\/kst32.webp","contentUrl":"https:\/\/dev.myindustrial.eu\/wp-content\/uploads\/2025\/06\/kst32.webp","width":900,"height":900},{"@type":"BreadcrumbList","@id":"https:\/\/dev.myindustrial.eu\/et\/shop\/toostuskontrollerid-juhtkangid-ja-konsoolid\/kraana-juhtseadmed-seadmed\/kraana-juhtseadmed\/control-unit-kst32-swiveling-with-memory-function\/#breadcrumb","itemListElement":[{"@type":"ListItem","position":1,"name":"Home","item":"https:\/\/dev.myindustrial.eu\/et\/"},{"@type":"ListItem","position":2,"name":"Products","item":"https:\/\/dev.myindustrial.eu\/et\/products\/"},{"@type":"ListItem","position":3,"name":"Juhtimistoole KST32 p\u00f6\u00f6ratav m\u00e4lufunktsiooniga"}]},{"@type":"WebSite","@id":"https:\/\/dev.myindustrial.eu\/et\/#website","url":"https:\/\/dev.myindustrial.eu\/et\/","name":"My industrial","description":"","potentialAction":[{"@type":"SearchAction","target":{"@type":"EntryPoint","urlTemplate":"https:\/\/dev.myindustrial.eu\/et\/?s={search_term_string}"},"query-input":{"@type":"PropertyValueSpecification","valueRequired":true,"valueName":"search_term_string"}}],"inLanguage":"et"}]}},"_links":{"self":[{"href":"https:\/\/dev.myindustrial.eu\/et\/wp-json\/wp\/v2\/product\/1260065864","targetHints":{"allow":["GET"]}}],"collection":[{"href":"https:\/\/dev.myindustrial.eu\/et\/wp-json\/wp\/v2\/product"}],"about":[{"href":"https:\/\/dev.myindustrial.eu\/et\/wp-json\/wp\/v2\/types\/product"}],"version-history":[{"count":1,"href":"https:\/\/dev.myindustrial.eu\/et\/wp-json\/wp\/v2\/product\/1260065864\/revisions"}],"predecessor-version":[{"id":1260065865,"href":"https:\/\/dev.myindustrial.eu\/et\/wp-json\/wp\/v2\/product\/1260065864\/revisions\/1260065865"}],"wp:featuredmedia":[{"embeddable":true,"href":"https:\/\/dev.myindustrial.eu\/et\/wp-json\/wp\/v2\/media\/1260065854"}],"wp:attachment":[{"href":"https:\/\/dev.myindustrial.eu\/et\/wp-json\/wp\/v2\/media?parent=1260065864"}],"wp:term":[{"taxonomy":"product_brand","embeddable":true,"href":"https:\/\/dev.myindustrial.eu\/et\/wp-json\/wp\/v2\/product_brand?post=1260065864"},{"taxonomy":"product_cat","embeddable":true,"href":"https:\/\/dev.myindustrial.eu\/et\/wp-json\/wp\/v2\/product_cat?post=1260065864"},{"taxonomy":"product_tag","embeddable":true,"href":"https:\/\/dev.myindustrial.eu\/et\/wp-json\/wp\/v2\/product_tag?post=1260065864"}],"curies":[{"name":"wp","href":"https:\/\/api.w.org\/{rel}","templated":true}]}}