{"id":1260065886,"date":"2025-06-02T15:58:00","date_gmt":"2025-06-02T15:58:00","guid":{"rendered":"https:\/\/dev.myindustrial.eu\/shop\/maaratlemata\/remote-operator-station-ros\/"},"modified":"2025-06-02T15:59:48","modified_gmt":"2025-06-02T15:59:48","slug":"remote-operator-station-ros","status":"publish","type":"product","link":"https:\/\/dev.myindustrial.eu\/et\/shop\/toostuskontrollerid-juhtkangid-ja-konsoolid\/kraana-juhtimissusteemid\/kaugjuhtimisega-operaatori-toojaam-ros\/remote-operator-station-ros\/","title":{"rendered":"Kaugjuhtimisega operaatori t\u00f6\u00f6jaam ROS"},"content":{"rendered":"<p><iframe title=\"Remote Operator Station ROS - System solutions for industrial applications.\" width=\"500\" height=\"281\" src=\"https:\/\/www.youtube.com\/embed\/vbiZZiulBEY?feature=oembed&#038;enablejsapi=1&#038;origin=https:\/\/dev.myindustrial.eu\" frameborder=\"0\" allow=\"accelerometer; autoplay; clipboard-write; encrypted-media; gyroscope; picture-in-picture; web-share\" referrerpolicy=\"strict-origin-when-cross-origin\" allowfullscreen><\/iframe><\/p>\n","protected":false},"excerpt":{"rendered":"<p>ROS1 on kujundatud vastavalt ergonoomika juhistele ja vastab v\u00e4ga k\u00f5rgetele mugavusn\u00f5uetele. K\u00f5rguse reguleerimisega lauaga s\u00fcsteem tagab mugava r\u00fchiasendi ja tervisliku t\u00f6\u00f6positsiooni.<br \/>\nKaks k\u00fclge kinnitatud C1 juhtpulti on horisontaalselt reguleeritavad ja soovi korral ka kallutatavad.<br \/>\nNeid saab varustada individuaalselt t\u00e4iendavate W.Gessmann GmbH komponentidega.<br \/>\nMonitorihoidja on k\u00f5rguses reguleeritav (0\u2013200 mm), mis tagab optimaalse vaate monitoridele. Tarnesse kuulub ka jaotuskast.<\/p>\n<p><strong>V\u00e4rvid:<\/strong><br \/>\nLauaplaat \u2013 hall RAL 7024<br \/>\nMetallosad \u2013 valge RAL 9016<br \/>\nValgustusriba \u2013 punane RAL 3018<\/p>\n<p><a href=\"https:\/\/dev.myindustrial.eu\/wp-content\/uploads\/2025\/06\/ros-1.pdf\"><img decoding=\"async\" src=\"https:\/\/dev.myindustrial.eu\/wp-content\/uploads\/2023\/02\/download-button-est.svg\" \/><\/a><\/p>\n","protected":false},"featured_media":1260065880,"template":"","meta":[],"product_brand":[],"product_cat":[1724,1318,1333],"product_tag":[],"class_list":{"0":"post-1260065886","1":"product","2":"type-product","3":"status-publish","4":"has-post-thumbnail","6":"product_cat-kaugjuhtimisega-operaatori-toojaam-ros","7":"product_cat-toostuskontrollerid-juhtkangid-ja-konsoolid","8":"product_cat-kraana-juhtimissusteemid","10":"first","11":"instock","12":"shipping-taxable","13":"product-type-simple"},"yoast_head":"<!-- This site is optimized with the Yoast SEO plugin v27.1.1 - https:\/\/yoast.com\/product\/yoast-seo-wordpress\/ -->\n<title>Kaugjuhtimisega operaatori t\u00f6\u00f6jaam ROS - My industrial<\/title>\n<meta name=\"robots\" content=\"noindex, follow, max-snippet:-1, max-image-preview:large, max-video-preview:-1\" \/>\n<meta property=\"og:locale\" content=\"et_EE\" \/>\n<meta property=\"og:type\" content=\"article\" \/>\n<meta property=\"og:title\" content=\"Kaugjuhtimisega operaatori t\u00f6\u00f6jaam ROS - My industrial\" \/>\n<meta property=\"og:description\" content=\"ROS1 on kujundatud vastavalt ergonoomika juhistele ja vastab v\u00e4ga k\u00f5rgetele mugavusn\u00f5uetele. K\u00f5rguse reguleerimisega lauaga s\u00fcsteem tagab mugava r\u00fchiasendi ja tervisliku t\u00f6\u00f6positsiooni. Kaks k\u00fclge kinnitatud C1 juhtpulti on horisontaalselt reguleeritavad ja soovi korral ka kallutatavad. Neid saab varustada individuaalselt t\u00e4iendavate W.Gessmann GmbH komponentidega. Monitorihoidja on k\u00f5rguses reguleeritav (0\u2013200 mm), mis tagab optimaalse vaate monitoridele. Tarnesse kuulub ka jaotuskast.  V\u00e4rvid: Lauaplaat \u2013 hall RAL 7024 Metallosad \u2013 valge RAL 9016 Valgustusriba \u2013 punane RAL 3018\" \/>\n<meta property=\"og:url\" content=\"https:\/\/dev.myindustrial.eu\/et\/shop\/toostuskontrollerid-juhtkangid-ja-konsoolid\/kraana-juhtimissusteemid\/kaugjuhtimisega-operaatori-toojaam-ros\/remote-operator-station-ros\/\" \/>\n<meta property=\"og:site_name\" content=\"My industrial\" \/>\n<meta property=\"article:modified_time\" content=\"2025-06-02T15:59:48+00:00\" \/>\n<meta property=\"og:image\" content=\"https:\/\/dev.myindustrial.eu\/wp-content\/uploads\/2025\/06\/ros.webp\" \/>\n\t<meta property=\"og:image:width\" content=\"900\" \/>\n\t<meta property=\"og:image:height\" content=\"900\" \/>\n\t<meta property=\"og:image:type\" content=\"image\/webp\" \/>\n<meta name=\"twitter:card\" content=\"summary_large_image\" \/>\n<script type=\"application\/ld+json\" class=\"yoast-schema-graph\">{\"@context\":\"https:\/\/schema.org\",\"@graph\":[{\"@type\":\"WebPage\",\"@id\":\"https:\/\/dev.myindustrial.eu\/et\/shop\/toostuskontrollerid-juhtkangid-ja-konsoolid\/kraana-juhtimissusteemid\/kaugjuhtimisega-operaatori-toojaam-ros\/remote-operator-station-ros\/\",\"url\":\"https:\/\/dev.myindustrial.eu\/et\/shop\/toostuskontrollerid-juhtkangid-ja-konsoolid\/kraana-juhtimissusteemid\/kaugjuhtimisega-operaatori-toojaam-ros\/remote-operator-station-ros\/\",\"name\":\"Kaugjuhtimisega operaatori t\u00f6\u00f6jaam ROS - My industrial\",\"isPartOf\":{\"@id\":\"https:\/\/dev.myindustrial.eu\/et\/#website\"},\"primaryImageOfPage\":{\"@id\":\"https:\/\/dev.myindustrial.eu\/et\/shop\/toostuskontrollerid-juhtkangid-ja-konsoolid\/kraana-juhtimissusteemid\/kaugjuhtimisega-operaatori-toojaam-ros\/remote-operator-station-ros\/#primaryimage\"},\"image\":{\"@id\":\"https:\/\/dev.myindustrial.eu\/et\/shop\/toostuskontrollerid-juhtkangid-ja-konsoolid\/kraana-juhtimissusteemid\/kaugjuhtimisega-operaatori-toojaam-ros\/remote-operator-station-ros\/#primaryimage\"},\"thumbnailUrl\":\"https:\/\/dev.myindustrial.eu\/wp-content\/uploads\/2025\/06\/ros.webp\",\"datePublished\":\"2025-06-02T15:58:00+00:00\",\"dateModified\":\"2025-06-02T15:59:48+00:00\",\"breadcrumb\":{\"@id\":\"https:\/\/dev.myindustrial.eu\/et\/shop\/toostuskontrollerid-juhtkangid-ja-konsoolid\/kraana-juhtimissusteemid\/kaugjuhtimisega-operaatori-toojaam-ros\/remote-operator-station-ros\/#breadcrumb\"},\"inLanguage\":\"et\",\"potentialAction\":[{\"@type\":\"ReadAction\",\"target\":[\"https:\/\/dev.myindustrial.eu\/et\/shop\/toostuskontrollerid-juhtkangid-ja-konsoolid\/kraana-juhtimissusteemid\/kaugjuhtimisega-operaatori-toojaam-ros\/remote-operator-station-ros\/\"]}]},{\"@type\":\"ImageObject\",\"inLanguage\":\"et\",\"@id\":\"https:\/\/dev.myindustrial.eu\/et\/shop\/toostuskontrollerid-juhtkangid-ja-konsoolid\/kraana-juhtimissusteemid\/kaugjuhtimisega-operaatori-toojaam-ros\/remote-operator-station-ros\/#primaryimage\",\"url\":\"https:\/\/dev.myindustrial.eu\/wp-content\/uploads\/2025\/06\/ros.webp\",\"contentUrl\":\"https:\/\/dev.myindustrial.eu\/wp-content\/uploads\/2025\/06\/ros.webp\",\"width\":900,\"height\":900},{\"@type\":\"BreadcrumbList\",\"@id\":\"https:\/\/dev.myindustrial.eu\/et\/shop\/toostuskontrollerid-juhtkangid-ja-konsoolid\/kraana-juhtimissusteemid\/kaugjuhtimisega-operaatori-toojaam-ros\/remote-operator-station-ros\/#breadcrumb\",\"itemListElement\":[{\"@type\":\"ListItem\",\"position\":1,\"name\":\"Home\",\"item\":\"https:\/\/dev.myindustrial.eu\/et\/\"},{\"@type\":\"ListItem\",\"position\":2,\"name\":\"Products\",\"item\":\"https:\/\/dev.myindustrial.eu\/et\/products\/\"},{\"@type\":\"ListItem\",\"position\":3,\"name\":\"Kaugjuhtimisega operaatori t\u00f6\u00f6jaam ROS\"}]},{\"@type\":\"WebSite\",\"@id\":\"https:\/\/dev.myindustrial.eu\/et\/#website\",\"url\":\"https:\/\/dev.myindustrial.eu\/et\/\",\"name\":\"My industrial\",\"description\":\"\",\"potentialAction\":[{\"@type\":\"SearchAction\",\"target\":{\"@type\":\"EntryPoint\",\"urlTemplate\":\"https:\/\/dev.myindustrial.eu\/et\/?s={search_term_string}\"},\"query-input\":{\"@type\":\"PropertyValueSpecification\",\"valueRequired\":true,\"valueName\":\"search_term_string\"}}],\"inLanguage\":\"et\"}]}<\/script>\n<!-- \/ Yoast SEO plugin. -->","yoast_head_json":{"title":"Kaugjuhtimisega operaatori t\u00f6\u00f6jaam ROS - My industrial","robots":{"index":"noindex","follow":"follow","max-snippet":"max-snippet:-1","max-image-preview":"max-image-preview:large","max-video-preview":"max-video-preview:-1"},"og_locale":"et_EE","og_type":"article","og_title":"Kaugjuhtimisega operaatori t\u00f6\u00f6jaam ROS - My industrial","og_description":"ROS1 on kujundatud vastavalt ergonoomika juhistele ja vastab v\u00e4ga k\u00f5rgetele mugavusn\u00f5uetele. K\u00f5rguse reguleerimisega lauaga s\u00fcsteem tagab mugava r\u00fchiasendi ja tervisliku t\u00f6\u00f6positsiooni. Kaks k\u00fclge kinnitatud C1 juhtpulti on horisontaalselt reguleeritavad ja soovi korral ka kallutatavad. Neid saab varustada individuaalselt t\u00e4iendavate W.Gessmann GmbH komponentidega. Monitorihoidja on k\u00f5rguses reguleeritav (0\u2013200 mm), mis tagab optimaalse vaate monitoridele. Tarnesse kuulub ka jaotuskast.  V\u00e4rvid: Lauaplaat \u2013 hall RAL 7024 Metallosad \u2013 valge RAL 9016 Valgustusriba \u2013 punane RAL 3018","og_url":"https:\/\/dev.myindustrial.eu\/et\/shop\/toostuskontrollerid-juhtkangid-ja-konsoolid\/kraana-juhtimissusteemid\/kaugjuhtimisega-operaatori-toojaam-ros\/remote-operator-station-ros\/","og_site_name":"My industrial","article_modified_time":"2025-06-02T15:59:48+00:00","og_image":[{"width":900,"height":900,"url":"https:\/\/dev.myindustrial.eu\/wp-content\/uploads\/2025\/06\/ros.webp","type":"image\/webp"}],"twitter_card":"summary_large_image","schema":{"@context":"https:\/\/schema.org","@graph":[{"@type":"WebPage","@id":"https:\/\/dev.myindustrial.eu\/et\/shop\/toostuskontrollerid-juhtkangid-ja-konsoolid\/kraana-juhtimissusteemid\/kaugjuhtimisega-operaatori-toojaam-ros\/remote-operator-station-ros\/","url":"https:\/\/dev.myindustrial.eu\/et\/shop\/toostuskontrollerid-juhtkangid-ja-konsoolid\/kraana-juhtimissusteemid\/kaugjuhtimisega-operaatori-toojaam-ros\/remote-operator-station-ros\/","name":"Kaugjuhtimisega operaatori t\u00f6\u00f6jaam ROS - My industrial","isPartOf":{"@id":"https:\/\/dev.myindustrial.eu\/et\/#website"},"primaryImageOfPage":{"@id":"https:\/\/dev.myindustrial.eu\/et\/shop\/toostuskontrollerid-juhtkangid-ja-konsoolid\/kraana-juhtimissusteemid\/kaugjuhtimisega-operaatori-toojaam-ros\/remote-operator-station-ros\/#primaryimage"},"image":{"@id":"https:\/\/dev.myindustrial.eu\/et\/shop\/toostuskontrollerid-juhtkangid-ja-konsoolid\/kraana-juhtimissusteemid\/kaugjuhtimisega-operaatori-toojaam-ros\/remote-operator-station-ros\/#primaryimage"},"thumbnailUrl":"https:\/\/dev.myindustrial.eu\/wp-content\/uploads\/2025\/06\/ros.webp","datePublished":"2025-06-02T15:58:00+00:00","dateModified":"2025-06-02T15:59:48+00:00","breadcrumb":{"@id":"https:\/\/dev.myindustrial.eu\/et\/shop\/toostuskontrollerid-juhtkangid-ja-konsoolid\/kraana-juhtimissusteemid\/kaugjuhtimisega-operaatori-toojaam-ros\/remote-operator-station-ros\/#breadcrumb"},"inLanguage":"et","potentialAction":[{"@type":"ReadAction","target":["https:\/\/dev.myindustrial.eu\/et\/shop\/toostuskontrollerid-juhtkangid-ja-konsoolid\/kraana-juhtimissusteemid\/kaugjuhtimisega-operaatori-toojaam-ros\/remote-operator-station-ros\/"]}]},{"@type":"ImageObject","inLanguage":"et","@id":"https:\/\/dev.myindustrial.eu\/et\/shop\/toostuskontrollerid-juhtkangid-ja-konsoolid\/kraana-juhtimissusteemid\/kaugjuhtimisega-operaatori-toojaam-ros\/remote-operator-station-ros\/#primaryimage","url":"https:\/\/dev.myindustrial.eu\/wp-content\/uploads\/2025\/06\/ros.webp","contentUrl":"https:\/\/dev.myindustrial.eu\/wp-content\/uploads\/2025\/06\/ros.webp","width":900,"height":900},{"@type":"BreadcrumbList","@id":"https:\/\/dev.myindustrial.eu\/et\/shop\/toostuskontrollerid-juhtkangid-ja-konsoolid\/kraana-juhtimissusteemid\/kaugjuhtimisega-operaatori-toojaam-ros\/remote-operator-station-ros\/#breadcrumb","itemListElement":[{"@type":"ListItem","position":1,"name":"Home","item":"https:\/\/dev.myindustrial.eu\/et\/"},{"@type":"ListItem","position":2,"name":"Products","item":"https:\/\/dev.myindustrial.eu\/et\/products\/"},{"@type":"ListItem","position":3,"name":"Kaugjuhtimisega operaatori t\u00f6\u00f6jaam ROS"}]},{"@type":"WebSite","@id":"https:\/\/dev.myindustrial.eu\/et\/#website","url":"https:\/\/dev.myindustrial.eu\/et\/","name":"My industrial","description":"","potentialAction":[{"@type":"SearchAction","target":{"@type":"EntryPoint","urlTemplate":"https:\/\/dev.myindustrial.eu\/et\/?s={search_term_string}"},"query-input":{"@type":"PropertyValueSpecification","valueRequired":true,"valueName":"search_term_string"}}],"inLanguage":"et"}]}},"_links":{"self":[{"href":"https:\/\/dev.myindustrial.eu\/et\/wp-json\/wp\/v2\/product\/1260065886","targetHints":{"allow":["GET"]}}],"collection":[{"href":"https:\/\/dev.myindustrial.eu\/et\/wp-json\/wp\/v2\/product"}],"about":[{"href":"https:\/\/dev.myindustrial.eu\/et\/wp-json\/wp\/v2\/types\/product"}],"version-history":[{"count":1,"href":"https:\/\/dev.myindustrial.eu\/et\/wp-json\/wp\/v2\/product\/1260065886\/revisions"}],"predecessor-version":[{"id":1260065887,"href":"https:\/\/dev.myindustrial.eu\/et\/wp-json\/wp\/v2\/product\/1260065886\/revisions\/1260065887"}],"wp:featuredmedia":[{"embeddable":true,"href":"https:\/\/dev.myindustrial.eu\/et\/wp-json\/wp\/v2\/media\/1260065880"}],"wp:attachment":[{"href":"https:\/\/dev.myindustrial.eu\/et\/wp-json\/wp\/v2\/media?parent=1260065886"}],"wp:term":[{"taxonomy":"product_brand","embeddable":true,"href":"https:\/\/dev.myindustrial.eu\/et\/wp-json\/wp\/v2\/product_brand?post=1260065886"},{"taxonomy":"product_cat","embeddable":true,"href":"https:\/\/dev.myindustrial.eu\/et\/wp-json\/wp\/v2\/product_cat?post=1260065886"},{"taxonomy":"product_tag","embeddable":true,"href":"https:\/\/dev.myindustrial.eu\/et\/wp-json\/wp\/v2\/product_tag?post=1260065886"}],"curies":[{"name":"wp","href":"https:\/\/api.w.org\/{rel}","templated":true}]}}