{"id":1260063185,"date":"2022-12-21T16:27:52","date_gmt":"2022-12-21T16:27:52","guid":{"rendered":"https:\/\/dev.myindustrial.eu\/training-and-internship\/"},"modified":"2025-02-03T16:15:07","modified_gmt":"2025-02-03T16:15:07","slug":"mokymai-ir-praktika","status":"publish","type":"page","link":"https:\/\/dev.myindustrial.eu\/lt\/mokymai-ir-praktika\/","title":{"rendered":"Mokymai ir praktika"},"content":{"rendered":"<p>[vc_row][vc_column][vc_column_text woodmart_inline=&#8221;no&#8221; text_larger=&#8221;no&#8221;]<\/p>\n<h4><b>J\u016bs\u0173 profesinis mokymas \u201eMAA intelengineering\u201c!<\/b><\/h4>\n<p><span style=\"font-weight: 400;\">Technologijos ir inovacijos \u2013 m\u016bs\u0173 s\u0117km\u0117s tikslai. Jei m\u0117gstate dirbti rankomis ir jums patinka net ir sud\u0117tingiausios situacijos, esate tinkamoje vietoje.<\/span><\/p>\n<p><span style=\"font-weight: 400;\">Mokymas laikomas labai svarbia \u201eMAA intelengineering\u201c tema. Esame komandin\u0117 \u012fmon\u0117, tod\u0117l mums tenka socialin\u0117 atsakomyb\u0117 patiems rengti ateities ekspertus.\u00a0<\/span><\/p>\n<p><span style=\"font-weight: 400;\">Atsi\u017evelgdami \u012f j\u016bs\u0173 gabumus ir pageidavimus, si\u016blome jums gerai pagr\u012fst\u0105 mokym\u0105 technin\u0117je arba komercin\u0117je srityje, remdamiesi<\/span><\/p>\n<ul>\n<li><span style=\"font-weight: 400;\">pameistryst\u0117s pozicijomis<\/span><\/li>\n<li>programa \u201eStudijos+Darbas\u201c;<\/li>\n<li>komercin\u0117mis ir technin\u0117mis, verslo ir IT profesijomis.<\/li>\n<\/ul>\n<p><span style=\"font-weight: 400;\">M\u016bs\u0173 tikslas \u2013 optimaliai paruo\u0161ti praktikantus darbui, kad jie gal\u0117t\u0173 susidoroti su kasdienio darbo reikalavimais.<\/span><\/p>\n<p><span style=\"font-weight: 400;\">Jei nesate visi\u0161kai tikri d\u0117l savo sprendimo, tiesiog kreipkit\u0117s \u012f mus \u2013 mes, \u017einoma, mielai jums pad\u0117sime ir pateiksime pagr\u012fst\u0173 patarim\u0173.<\/span>[\/vc_column_text][vc_single_image image=&#8221;1260065041&#8243; img_size=&#8221;full&#8221; alignment=&#8221;center&#8221; parallax_scroll=&#8221;no&#8221; woodmart_inline=&#8221;no&#8221;][vc_column_text woodmart_inline=&#8221;no&#8221; text_larger=&#8221;no&#8221;]<\/p>\n<h4><b>Student\u0173 praktika \/ dirbantys studentai<\/b><\/h4>\n<p><span style=\"font-weight: 400;\">Ar \u017einote, k\u0105 veikti po pamok\u0173? Svarstote, kaip gal\u0117t\u0173 atrodyti j\u016bs\u0173 \u017eingsnis \u012f darbin\u012f gyvenim\u0105?\u00a0 \u201eMAA intelengineering\u201c galite rinktis vien\u0105 i\u0161 si\u016blom\u0173 \u012fdomi\u0173 pameistryst\u0117s program\u0173 \u2013 nuo komercin\u0117s iki pramonin\u0117s ir technin\u0117s.\u00a0<\/span><\/p>\n<p><span style=\"font-weight: 400;\">Nesvarbu, ar esate profesinio orientavimo mokykloje praktikantas, ar studentas, ie\u0161kantis pagrindin\u0117s ir (arba) specializuotos praktikos, ar ilgalaik\u0117s praktikos su galimybe ra\u0161yti bakalauro ir (arba) magistro darb\u0105 \u2013 motyvuoti ir atsidav\u0119 studentai ir praktikantai visada laukiami \u201eMAA intelengineering\u201c.<\/span><\/p>\n<p><span style=\"font-weight: 400;\">Esame tikri, kad yra jums tinkamas pasirinkimas, ir nekantriai laukiame, kada gal\u0117sime jus pa\u017einti! Jei jus domina praktika, pasinaudokite proga ir atsi\u0173skite mums trump\u0105 parai\u0161k\u0105 su pageidaujama sritimi ir laikotarpiu adresu maaie@maaie.net !<\/span>[\/vc_column_text][vc_row_inner][vc_column_inner width=&#8221;1\/2&#8243;][vc_column_text woodmart_inline=&#8221;no&#8221; text_larger=&#8221;no&#8221;]<\/p>\n<h4><b>Prie\u017eastys, kod\u0117l mums tinkate<\/b><\/h4>\n<p><span style=\"font-weight: 400;\">Mums svarbu ne tik geri pa\u017eymiai, bet ir:<\/span><\/p>\n<ul>\n<li><span style=\"font-weight: 400;\">iniciatyvumas ir noras mokytis,<\/span><\/li>\n<li>akivaizdi valia stropiai ir savaranki\u0161kai mokytis,<\/li>\n<li>i\u0161tverm\u0117 ir k\u016brybi\u0161kumas,<\/li>\n<li>draugi\u0161kumas, pasitik\u0117jimas savimi, ir<\/li>\n<li>geb\u0117jimas logi\u0161kai i\u0161nagrin\u0117ti net sud\u0117tingus momentus.<\/li>\n<\/ul>\n<p>[\/vc_column_text][\/vc_column_inner][vc_column_inner width=&#8221;1\/2&#8243;][vc_single_image image=&#8221;1260062389&#8243; img_size=&#8221;full&#8221; parallax_scroll=&#8221;no&#8221; woodmart_inline=&#8221;no&#8221;][\/vc_column_inner][\/vc_row_inner][\/vc_column][\/vc_row][vc_row][vc_column][vc_column_text woodmart_inline=&#8221;no&#8221; text_larger=&#8221;no&#8221;]<\/p>\n<h4><b>Parai\u0161k\u0173 teikimo patarimai darbo prad\u017eiai<\/b><\/h4>\n<p><span style=\"font-weight: 400;\">Darbo paie\u0161ka \u2013 tai naujo gyvenimo etapo prad\u017eia! Dabar konkuruojate su daugeliu kit\u0173 kandidat\u0173, kurie domisi praktika. Tod\u0117l labai svarbu pasirinkti parai\u0161kos form\u0105, turin\u012f ir laik\u0105: pirmajam \u012fsp\u016bd\u017eiui n\u0117ra antros galimyb\u0117s!\u00a0<\/span><\/p>\n<p><span style=\"font-weight: 400;\">Jei norite i\u0161siskirti ir \u012ftikinti savo parai\u0161ka, tur\u0117tum\u0117te skirti \u0161iek tiek laiko ir pagalvoti apie turin\u012f. \u0160abloni\u0161kos parai\u0161kos atrodo beasmeniai ir pasimeta minioje. Tod\u0117l labai svarbu, kad gerai apgalvotum\u0117te, kod\u0117l pasirinkote konkre\u010di\u0105 profesij\u0105. Ar j\u016bs\u0173 stipriosios savyb\u0117s atitinka darbo apra\u0161ymo reikalavimus? Kokios yra j\u016bs\u0173 svajoni\u0173 darbo u\u017eduotys ir veikla? Ar jos atitinka j\u016bs\u0173 \u012fg\u016bd\u017eius ir interesus? Savo parai\u0161koje taip pat paai\u0161kinkite, kod\u0117l nor\u0117tum\u0117te prad\u0117ti mokymus \u201eMAA intelengineering\u201c ir kod\u0117l esate tinkamas kandidatas \u0161iai mokym\u0173 vietai.<\/span>[\/vc_column_text][vc_single_image image=&#8221;1260062394&#8243; img_size=&#8221;full&#8221; alignment=&#8221;center&#8221; parallax_scroll=&#8221;no&#8221; woodmart_inline=&#8221;no&#8221;][\/vc_column][\/vc_row][vc_row][vc_column width=&#8221;1\/2&#8243;][vc_column_text woodmart_inline=&#8221;no&#8221; text_larger=&#8221;no&#8221;]<\/p>\n<h4><b>Laukiame j\u016bs\u0173 atsakym\u0173! \u0160tai kaip galite su mumies susisiekti.<\/b><\/h4>\n<p><strong>Kontaktinis asmuo<\/strong><\/p>\n<p><span style=\"font-weight: 400;\">Aleksandrs Mihailovs<\/span><\/p>\n<p><span style=\"font-weight: 400;\">Valdybos narys<\/span><\/p>\n<p><span style=\"font-weight: 400;\">Telefonas: + 371 26390398<\/span><\/p>\n<p><span style=\"font-weight: 400;\">maaie@maaie.net<\/span>[\/vc_column_text][\/vc_column][vc_column width=&#8221;1\/2&#8243;][vc_single_image image=&#8221;1260064942&#8243; img_size=&#8221;full&#8221; parallax_scroll=&#8221;no&#8221; woodmart_inline=&#8221;no&#8221;][\/vc_column][\/vc_row]<\/p>\n","protected":false},"excerpt":{"rendered":"<p>[vc_row][vc_column][vc_column_text woodmart_inline=&#8221;no&#8221; text_larger=&#8221;no&#8221;] J\u016bs\u0173 profesinis mokymas \u201eMAA intelengineering\u201c! Technologijos ir inovacijos \u2013 m\u016bs\u0173 s\u0117km\u0117s tikslai. Jei m\u0117gstate dirbti rankomis ir<\/p>\n","protected":false},"author":1,"featured_media":0,"parent":0,"menu_order":0,"comment_status":"closed","ping_status":"closed","template":"","meta":{"footnotes":""},"class_list":["post-1260063185","page","type-page","status-publish","hentry"],"yoast_head":"<!-- This site is optimized with the Yoast SEO plugin v27.1.1 - https:\/\/yoast.com\/product\/yoast-seo-wordpress\/ -->\n<title>Mokymai ir praktika - My industrial<\/title>\n<meta name=\"robots\" content=\"noindex, follow, max-snippet:-1, max-image-preview:large, max-video-preview:-1\" \/>\n<meta property=\"og:locale\" content=\"lt_LT\" \/>\n<meta property=\"og:type\" content=\"article\" \/>\n<meta property=\"og:title\" content=\"Mokymai ir praktika - My industrial\" \/>\n<meta property=\"og:description\" content=\"[vc_row][vc_column][vc_column_text woodmart_inline=&#8221;no&#8221; text_larger=&#8221;no&#8221;] J\u016bs\u0173 profesinis mokymas \u201eMAA intelengineering\u201c! Technologijos ir inovacijos \u2013 m\u016bs\u0173 s\u0117km\u0117s tikslai. Jei m\u0117gstate dirbti rankomis ir\" \/>\n<meta property=\"og:url\" content=\"https:\/\/dev.myindustrial.eu\/lt\/mokymai-ir-praktika\/\" \/>\n<meta property=\"og:site_name\" content=\"My industrial\" \/>\n<meta property=\"article:modified_time\" content=\"2025-02-03T16:15:07+00:00\" \/>\n<meta name=\"twitter:card\" content=\"summary_large_image\" \/>\n<script type=\"application\/ld+json\" class=\"yoast-schema-graph\">{\"@context\":\"https:\/\/schema.org\",\"@graph\":[{\"@type\":\"WebPage\",\"@id\":\"https:\/\/dev.myindustrial.eu\/lt\/mokymai-ir-praktika\/\",\"url\":\"https:\/\/dev.myindustrial.eu\/lt\/mokymai-ir-praktika\/\",\"name\":\"Mokymai ir praktika - My industrial\",\"isPartOf\":{\"@id\":\"https:\/\/dev.myindustrial.eu\/lt\/#website\"},\"datePublished\":\"2022-12-21T16:27:52+00:00\",\"dateModified\":\"2025-02-03T16:15:07+00:00\",\"breadcrumb\":{\"@id\":\"https:\/\/dev.myindustrial.eu\/lt\/mokymai-ir-praktika\/#breadcrumb\"},\"inLanguage\":\"lt-LT\",\"potentialAction\":[{\"@type\":\"ReadAction\",\"target\":[\"https:\/\/dev.myindustrial.eu\/lt\/mokymai-ir-praktika\/\"]}]},{\"@type\":\"BreadcrumbList\",\"@id\":\"https:\/\/dev.myindustrial.eu\/lt\/mokymai-ir-praktika\/#breadcrumb\",\"itemListElement\":[{\"@type\":\"ListItem\",\"position\":1,\"name\":\"Home\",\"item\":\"https:\/\/dev.myindustrial.eu\/lt\/\"},{\"@type\":\"ListItem\",\"position\":2,\"name\":\"Mokymai ir praktika\"}]},{\"@type\":\"WebSite\",\"@id\":\"https:\/\/dev.myindustrial.eu\/lt\/#website\",\"url\":\"https:\/\/dev.myindustrial.eu\/lt\/\",\"name\":\"My industrial\",\"description\":\"\",\"potentialAction\":[{\"@type\":\"SearchAction\",\"target\":{\"@type\":\"EntryPoint\",\"urlTemplate\":\"https:\/\/dev.myindustrial.eu\/lt\/?s={search_term_string}\"},\"query-input\":{\"@type\":\"PropertyValueSpecification\",\"valueRequired\":true,\"valueName\":\"search_term_string\"}}],\"inLanguage\":\"lt-LT\"}]}<\/script>\n<!-- \/ Yoast SEO plugin. -->","yoast_head_json":{"title":"Mokymai ir praktika - My industrial","robots":{"index":"noindex","follow":"follow","max-snippet":"max-snippet:-1","max-image-preview":"max-image-preview:large","max-video-preview":"max-video-preview:-1"},"og_locale":"lt_LT","og_type":"article","og_title":"Mokymai ir praktika - My industrial","og_description":"[vc_row][vc_column][vc_column_text woodmart_inline=&#8221;no&#8221; text_larger=&#8221;no&#8221;] J\u016bs\u0173 profesinis mokymas \u201eMAA intelengineering\u201c! Technologijos ir inovacijos \u2013 m\u016bs\u0173 s\u0117km\u0117s tikslai. Jei m\u0117gstate dirbti rankomis ir","og_url":"https:\/\/dev.myindustrial.eu\/lt\/mokymai-ir-praktika\/","og_site_name":"My industrial","article_modified_time":"2025-02-03T16:15:07+00:00","twitter_card":"summary_large_image","schema":{"@context":"https:\/\/schema.org","@graph":[{"@type":"WebPage","@id":"https:\/\/dev.myindustrial.eu\/lt\/mokymai-ir-praktika\/","url":"https:\/\/dev.myindustrial.eu\/lt\/mokymai-ir-praktika\/","name":"Mokymai ir praktika - My industrial","isPartOf":{"@id":"https:\/\/dev.myindustrial.eu\/lt\/#website"},"datePublished":"2022-12-21T16:27:52+00:00","dateModified":"2025-02-03T16:15:07+00:00","breadcrumb":{"@id":"https:\/\/dev.myindustrial.eu\/lt\/mokymai-ir-praktika\/#breadcrumb"},"inLanguage":"lt-LT","potentialAction":[{"@type":"ReadAction","target":["https:\/\/dev.myindustrial.eu\/lt\/mokymai-ir-praktika\/"]}]},{"@type":"BreadcrumbList","@id":"https:\/\/dev.myindustrial.eu\/lt\/mokymai-ir-praktika\/#breadcrumb","itemListElement":[{"@type":"ListItem","position":1,"name":"Home","item":"https:\/\/dev.myindustrial.eu\/lt\/"},{"@type":"ListItem","position":2,"name":"Mokymai ir praktika"}]},{"@type":"WebSite","@id":"https:\/\/dev.myindustrial.eu\/lt\/#website","url":"https:\/\/dev.myindustrial.eu\/lt\/","name":"My industrial","description":"","potentialAction":[{"@type":"SearchAction","target":{"@type":"EntryPoint","urlTemplate":"https:\/\/dev.myindustrial.eu\/lt\/?s={search_term_string}"},"query-input":{"@type":"PropertyValueSpecification","valueRequired":true,"valueName":"search_term_string"}}],"inLanguage":"lt-LT"}]}},"_links":{"self":[{"href":"https:\/\/dev.myindustrial.eu\/lt\/wp-json\/wp\/v2\/pages\/1260063185","targetHints":{"allow":["GET"]}}],"collection":[{"href":"https:\/\/dev.myindustrial.eu\/lt\/wp-json\/wp\/v2\/pages"}],"about":[{"href":"https:\/\/dev.myindustrial.eu\/lt\/wp-json\/wp\/v2\/types\/page"}],"author":[{"embeddable":true,"href":"https:\/\/dev.myindustrial.eu\/lt\/wp-json\/wp\/v2\/users\/1"}],"replies":[{"embeddable":true,"href":"https:\/\/dev.myindustrial.eu\/lt\/wp-json\/wp\/v2\/comments?post=1260063185"}],"version-history":[{"count":5,"href":"https:\/\/dev.myindustrial.eu\/lt\/wp-json\/wp\/v2\/pages\/1260063185\/revisions"}],"predecessor-version":[{"id":1260065718,"href":"https:\/\/dev.myindustrial.eu\/lt\/wp-json\/wp\/v2\/pages\/1260063185\/revisions\/1260065718"}],"wp:attachment":[{"href":"https:\/\/dev.myindustrial.eu\/lt\/wp-json\/wp\/v2\/media?parent=1260063185"}],"curies":[{"name":"wp","href":"https:\/\/api.w.org\/{rel}","templated":true}]}}