{"id":1260059165,"date":"2022-01-14T02:01:50","date_gmt":"2022-01-14T02:01:50","guid":{"rendered":"https:\/\/dev.myindustrial.eu\/shop-2\/be-kategorijos\/krano-valdymo-blokas-kst19-pasukamas\/"},"modified":"2023-06-16T20:54:20","modified_gmt":"2023-06-16T20:54:20","slug":"krano-valdymo-blokas-kst19-pasukamas","status":"publish","type":"product","link":"https:\/\/dev.myindustrial.eu\/lt\/shop\/pramoniniai-valdikliai-dzoistikai-ir-konsoles\/krano-valdymo-sistemos\/krano-valdymo-blokai\/krano-valdymo-blokas-kst19-pasukamas\/","title":{"rendered":"Krano valdymo blokas KST19 pasukamas"},"content":{"rendered":"<p>KST19 yra ergonomi\u0161kai sukurta pasukama valdymo k\u0117d\u0117, kuri u\u017etikrina auk\u0161t\u0105 komfort\u0105.\u012erangos d\u0117\u017e\u0117s yra reguliuojamos vertikaliai ir horizontaliai. Joystick&#8217;\u0173, indikatori\u0173 ir valdymo \u012ftais\u0173 i\u0161d\u0117stymas yra pritaikytas pagal kliento specifikacijas. Kabeliavimas atliekamas per skersin\u012f skersin\u012f (gnybt\u0173 blok\u0105).Standarti\u0161kai KST19 yra sumontuota KFS10 s\u0117dyn\u0117. S\u0117dyn\u0117je sumontuota pneumatin\u0117 vibracijos sug\u0117rimo sistema su svorio reguliavimu, porankiais ir galvos atrama, u\u017etikrinan\u010dia komforto lyg\u012f. Yra galimyb\u0117 s\u0117dyn\u0119 padengti dirbtine orui pralaid\u017eia oda.Pasukamas pagrindas turi nulin\u012f guol\u012f ir gali b\u016bti u\u017efiksuotas fiksatoriumi (standartinis) 3 \u00b0 \u017eingsniais arba be pakopos trinties stabd\u017eiu.<iframe width=\"560\" height=\"315\" src=\"https:\/\/youtube.com\/embed\/0H09lExPQ_g\" frameborder=\"0\" allow=\"accelerometer; autoplay; clipboard-write; encrypted-media; gyroscope; picture-in-picture; web-share\" allowfullscreen><\/iframe><\/p>\n","protected":false},"excerpt":{"rendered":"<p><a href=\"\/wp-content\/uploads\/gessmann\/KST19-GB.pdf\"><img decoding=\"async\" src=\"\/wp-content\/uploads\/2023\/02\/download-button-lt.svg\" \/><\/a><\/p>\n","protected":false},"featured_media":1260057771,"template":"","meta":[],"product_brand":[],"product_cat":[1335],"product_tag":[],"class_list":{"0":"post-1260059165","1":"product","2":"type-product","3":"status-publish","4":"has-post-thumbnail","6":"product_cat-krano-valdymo-blokai","8":"first","9":"instock","10":"product-type-simple"},"yoast_head":"<!-- This site is optimized with the Yoast SEO plugin v27.1.1 - https:\/\/yoast.com\/product\/yoast-seo-wordpress\/ -->\n<title>Krano valdymo blokas KST19 pasukamas - My industrial<\/title>\n<meta name=\"robots\" content=\"noindex, follow, max-snippet:-1, max-image-preview:large, max-video-preview:-1\" \/>\n<meta property=\"og:locale\" content=\"lt_LT\" \/>\n<meta property=\"og:type\" content=\"article\" \/>\n<meta property=\"og:title\" content=\"Krano valdymo blokas KST19 pasukamas - My industrial\" \/>\n<meta property=\"og:url\" content=\"https:\/\/dev.myindustrial.eu\/lt\/shop\/pramoniniai-valdikliai-dzoistikai-ir-konsoles\/krano-valdymo-sistemos\/krano-valdymo-blokai\/krano-valdymo-blokas-kst19-pasukamas\/\" \/>\n<meta property=\"og:site_name\" content=\"My industrial\" \/>\n<meta property=\"article:modified_time\" content=\"2023-06-16T20:54:20+00:00\" \/>\n<meta property=\"og:image\" content=\"https:\/\/dev.myindustrial.eu\/wp-content\/uploads\/2022\/01\/KST19-3-3.webp\" \/>\n\t<meta property=\"og:image:width\" content=\"500\" \/>\n\t<meta property=\"og:image:height\" content=\"500\" \/>\n\t<meta property=\"og:image:type\" content=\"image\/webp\" \/>\n<meta name=\"twitter:card\" content=\"summary_large_image\" \/>\n<script type=\"application\/ld+json\" class=\"yoast-schema-graph\">{\"@context\":\"https:\/\/schema.org\",\"@graph\":[{\"@type\":\"WebPage\",\"@id\":\"https:\/\/dev.myindustrial.eu\/lt\/shop\/pramoniniai-valdikliai-dzoistikai-ir-konsoles\/krano-valdymo-sistemos\/krano-valdymo-blokai\/krano-valdymo-blokas-kst19-pasukamas\/\",\"url\":\"https:\/\/dev.myindustrial.eu\/lt\/shop\/pramoniniai-valdikliai-dzoistikai-ir-konsoles\/krano-valdymo-sistemos\/krano-valdymo-blokai\/krano-valdymo-blokas-kst19-pasukamas\/\",\"name\":\"Krano valdymo blokas KST19 pasukamas - My industrial\",\"isPartOf\":{\"@id\":\"https:\/\/dev.myindustrial.eu\/lt\/#website\"},\"primaryImageOfPage\":{\"@id\":\"https:\/\/dev.myindustrial.eu\/lt\/shop\/pramoniniai-valdikliai-dzoistikai-ir-konsoles\/krano-valdymo-sistemos\/krano-valdymo-blokai\/krano-valdymo-blokas-kst19-pasukamas\/#primaryimage\"},\"image\":{\"@id\":\"https:\/\/dev.myindustrial.eu\/lt\/shop\/pramoniniai-valdikliai-dzoistikai-ir-konsoles\/krano-valdymo-sistemos\/krano-valdymo-blokai\/krano-valdymo-blokas-kst19-pasukamas\/#primaryimage\"},\"thumbnailUrl\":\"https:\/\/dev.myindustrial.eu\/wp-content\/uploads\/2022\/01\/KST19-3-3.webp\",\"datePublished\":\"2022-01-14T02:01:50+00:00\",\"dateModified\":\"2023-06-16T20:54:20+00:00\",\"breadcrumb\":{\"@id\":\"https:\/\/dev.myindustrial.eu\/lt\/shop\/pramoniniai-valdikliai-dzoistikai-ir-konsoles\/krano-valdymo-sistemos\/krano-valdymo-blokai\/krano-valdymo-blokas-kst19-pasukamas\/#breadcrumb\"},\"inLanguage\":\"lt-LT\",\"potentialAction\":[{\"@type\":\"ReadAction\",\"target\":[\"https:\/\/dev.myindustrial.eu\/lt\/shop\/pramoniniai-valdikliai-dzoistikai-ir-konsoles\/krano-valdymo-sistemos\/krano-valdymo-blokai\/krano-valdymo-blokas-kst19-pasukamas\/\"]}]},{\"@type\":\"ImageObject\",\"inLanguage\":\"lt-LT\",\"@id\":\"https:\/\/dev.myindustrial.eu\/lt\/shop\/pramoniniai-valdikliai-dzoistikai-ir-konsoles\/krano-valdymo-sistemos\/krano-valdymo-blokai\/krano-valdymo-blokas-kst19-pasukamas\/#primaryimage\",\"url\":\"https:\/\/dev.myindustrial.eu\/wp-content\/uploads\/2022\/01\/KST19-3-3.webp\",\"contentUrl\":\"https:\/\/dev.myindustrial.eu\/wp-content\/uploads\/2022\/01\/KST19-3-3.webp\",\"width\":500,\"height\":500},{\"@type\":\"BreadcrumbList\",\"@id\":\"https:\/\/dev.myindustrial.eu\/lt\/shop\/pramoniniai-valdikliai-dzoistikai-ir-konsoles\/krano-valdymo-sistemos\/krano-valdymo-blokai\/krano-valdymo-blokas-kst19-pasukamas\/#breadcrumb\",\"itemListElement\":[{\"@type\":\"ListItem\",\"position\":1,\"name\":\"Home\",\"item\":\"https:\/\/dev.myindustrial.eu\/lt\/\"},{\"@type\":\"ListItem\",\"position\":2,\"name\":\"Products\",\"item\":\"https:\/\/dev.myindustrial.eu\/lt\/products\/\"},{\"@type\":\"ListItem\",\"position\":3,\"name\":\"Krano valdymo blokas KST19 pasukamas\"}]},{\"@type\":\"WebSite\",\"@id\":\"https:\/\/dev.myindustrial.eu\/lt\/#website\",\"url\":\"https:\/\/dev.myindustrial.eu\/lt\/\",\"name\":\"My industrial\",\"description\":\"\",\"potentialAction\":[{\"@type\":\"SearchAction\",\"target\":{\"@type\":\"EntryPoint\",\"urlTemplate\":\"https:\/\/dev.myindustrial.eu\/lt\/?s={search_term_string}\"},\"query-input\":{\"@type\":\"PropertyValueSpecification\",\"valueRequired\":true,\"valueName\":\"search_term_string\"}}],\"inLanguage\":\"lt-LT\"}]}<\/script>\n<!-- \/ Yoast SEO plugin. -->","yoast_head_json":{"title":"Krano valdymo blokas KST19 pasukamas - My industrial","robots":{"index":"noindex","follow":"follow","max-snippet":"max-snippet:-1","max-image-preview":"max-image-preview:large","max-video-preview":"max-video-preview:-1"},"og_locale":"lt_LT","og_type":"article","og_title":"Krano valdymo blokas KST19 pasukamas - My industrial","og_url":"https:\/\/dev.myindustrial.eu\/lt\/shop\/pramoniniai-valdikliai-dzoistikai-ir-konsoles\/krano-valdymo-sistemos\/krano-valdymo-blokai\/krano-valdymo-blokas-kst19-pasukamas\/","og_site_name":"My industrial","article_modified_time":"2023-06-16T20:54:20+00:00","og_image":[{"width":500,"height":500,"url":"https:\/\/dev.myindustrial.eu\/wp-content\/uploads\/2022\/01\/KST19-3-3.webp","type":"image\/webp"}],"twitter_card":"summary_large_image","schema":{"@context":"https:\/\/schema.org","@graph":[{"@type":"WebPage","@id":"https:\/\/dev.myindustrial.eu\/lt\/shop\/pramoniniai-valdikliai-dzoistikai-ir-konsoles\/krano-valdymo-sistemos\/krano-valdymo-blokai\/krano-valdymo-blokas-kst19-pasukamas\/","url":"https:\/\/dev.myindustrial.eu\/lt\/shop\/pramoniniai-valdikliai-dzoistikai-ir-konsoles\/krano-valdymo-sistemos\/krano-valdymo-blokai\/krano-valdymo-blokas-kst19-pasukamas\/","name":"Krano valdymo blokas KST19 pasukamas - My industrial","isPartOf":{"@id":"https:\/\/dev.myindustrial.eu\/lt\/#website"},"primaryImageOfPage":{"@id":"https:\/\/dev.myindustrial.eu\/lt\/shop\/pramoniniai-valdikliai-dzoistikai-ir-konsoles\/krano-valdymo-sistemos\/krano-valdymo-blokai\/krano-valdymo-blokas-kst19-pasukamas\/#primaryimage"},"image":{"@id":"https:\/\/dev.myindustrial.eu\/lt\/shop\/pramoniniai-valdikliai-dzoistikai-ir-konsoles\/krano-valdymo-sistemos\/krano-valdymo-blokai\/krano-valdymo-blokas-kst19-pasukamas\/#primaryimage"},"thumbnailUrl":"https:\/\/dev.myindustrial.eu\/wp-content\/uploads\/2022\/01\/KST19-3-3.webp","datePublished":"2022-01-14T02:01:50+00:00","dateModified":"2023-06-16T20:54:20+00:00","breadcrumb":{"@id":"https:\/\/dev.myindustrial.eu\/lt\/shop\/pramoniniai-valdikliai-dzoistikai-ir-konsoles\/krano-valdymo-sistemos\/krano-valdymo-blokai\/krano-valdymo-blokas-kst19-pasukamas\/#breadcrumb"},"inLanguage":"lt-LT","potentialAction":[{"@type":"ReadAction","target":["https:\/\/dev.myindustrial.eu\/lt\/shop\/pramoniniai-valdikliai-dzoistikai-ir-konsoles\/krano-valdymo-sistemos\/krano-valdymo-blokai\/krano-valdymo-blokas-kst19-pasukamas\/"]}]},{"@type":"ImageObject","inLanguage":"lt-LT","@id":"https:\/\/dev.myindustrial.eu\/lt\/shop\/pramoniniai-valdikliai-dzoistikai-ir-konsoles\/krano-valdymo-sistemos\/krano-valdymo-blokai\/krano-valdymo-blokas-kst19-pasukamas\/#primaryimage","url":"https:\/\/dev.myindustrial.eu\/wp-content\/uploads\/2022\/01\/KST19-3-3.webp","contentUrl":"https:\/\/dev.myindustrial.eu\/wp-content\/uploads\/2022\/01\/KST19-3-3.webp","width":500,"height":500},{"@type":"BreadcrumbList","@id":"https:\/\/dev.myindustrial.eu\/lt\/shop\/pramoniniai-valdikliai-dzoistikai-ir-konsoles\/krano-valdymo-sistemos\/krano-valdymo-blokai\/krano-valdymo-blokas-kst19-pasukamas\/#breadcrumb","itemListElement":[{"@type":"ListItem","position":1,"name":"Home","item":"https:\/\/dev.myindustrial.eu\/lt\/"},{"@type":"ListItem","position":2,"name":"Products","item":"https:\/\/dev.myindustrial.eu\/lt\/products\/"},{"@type":"ListItem","position":3,"name":"Krano valdymo blokas KST19 pasukamas"}]},{"@type":"WebSite","@id":"https:\/\/dev.myindustrial.eu\/lt\/#website","url":"https:\/\/dev.myindustrial.eu\/lt\/","name":"My industrial","description":"","potentialAction":[{"@type":"SearchAction","target":{"@type":"EntryPoint","urlTemplate":"https:\/\/dev.myindustrial.eu\/lt\/?s={search_term_string}"},"query-input":{"@type":"PropertyValueSpecification","valueRequired":true,"valueName":"search_term_string"}}],"inLanguage":"lt-LT"}]}},"_links":{"self":[{"href":"https:\/\/dev.myindustrial.eu\/lt\/wp-json\/wp\/v2\/product\/1260059165","targetHints":{"allow":["GET"]}}],"collection":[{"href":"https:\/\/dev.myindustrial.eu\/lt\/wp-json\/wp\/v2\/product"}],"about":[{"href":"https:\/\/dev.myindustrial.eu\/lt\/wp-json\/wp\/v2\/types\/product"}],"version-history":[{"count":0,"href":"https:\/\/dev.myindustrial.eu\/lt\/wp-json\/wp\/v2\/product\/1260059165\/revisions"}],"wp:featuredmedia":[{"embeddable":true,"href":"https:\/\/dev.myindustrial.eu\/lt\/wp-json\/wp\/v2\/media\/1260057771"}],"wp:attachment":[{"href":"https:\/\/dev.myindustrial.eu\/lt\/wp-json\/wp\/v2\/media?parent=1260059165"}],"wp:term":[{"taxonomy":"product_brand","embeddable":true,"href":"https:\/\/dev.myindustrial.eu\/lt\/wp-json\/wp\/v2\/product_brand?post=1260059165"},{"taxonomy":"product_cat","embeddable":true,"href":"https:\/\/dev.myindustrial.eu\/lt\/wp-json\/wp\/v2\/product_cat?post=1260059165"},{"taxonomy":"product_tag","embeddable":true,"href":"https:\/\/dev.myindustrial.eu\/lt\/wp-json\/wp\/v2\/product_tag?post=1260059165"}],"curies":[{"name":"wp","href":"https:\/\/api.w.org\/{rel}","templated":true}]}}