{"id":1260059166,"date":"2022-01-14T02:01:50","date_gmt":"2022-01-14T02:01:50","guid":{"rendered":"https:\/\/dev.myindustrial.eu\/shop-2\/be-kategorijos\/krano-valdymo-blokas-kst30-pasukamas\/"},"modified":"2023-06-16T20:54:12","modified_gmt":"2023-06-16T20:54:12","slug":"krano-valdymo-blokas-kst30-pasukamas","status":"publish","type":"product","link":"https:\/\/dev.myindustrial.eu\/lt\/shop\/pramoniniai-valdikliai-dzoistikai-ir-konsoles\/krano-valdymo-sistemos\/krano-valdymo-blokai\/krano-valdymo-blokas-kst30-pasukamas\/","title":{"rendered":"Krano valdymo blokas KST30 pasukamas"},"content":{"rendered":"<p><span style=\"font-weight: 400\">KST30 yra ergonomi\u0161kai sukurta pasukama k\u0117d\u0117, u\u017etikrinanti auk\u0161t\u0105 komforto lyg\u012f. Vidin\u0117s konsol\u0117s, pritvirtintos prie vairuotojo s\u0117dyn\u0117s, sukasi kartu su s\u0117dyne. D\u0117l ilgio, auk\u0161\u010dio ir nuolyd\u017eio reguliavimo konsol\u0117s gali b\u016bti i\u0161d\u0117stytos taip, kad puikiai atitikt\u0173 bet kur\u012f operatori\u0173. 1 konsol\u0117s versijoje vis\u0105 valdymo blok\u0105 galima i\u0161pl\u0117sti papildomomis fiksuotomis i\u0161orin\u0117mis konsol\u0117mis.<\/span><span style=\"font-weight: 400\">Vidin\u0117s konsol\u0117s: plastikini\u0173 konsoli\u0173 auk\u0161t\u012f galima reguliuoti, kad atitikt\u0173 bet kokio dyd\u017eio vairasvirtes. Be to, konsol\u0117s gali b\u016bti apr\u016bpintos pasirinktiniais komand\u0173 ir indikatoriais.<\/span><span style=\"font-weight: 400\">I\u0161orin\u0117s konsol\u0117s: I\u0161orin\u0117se metalin\u0117se konsol\u0117se yra sulankstomi vir\u0161utiniai dangteliai, \u012fskaitant mechanin\u0119 fiksacij\u0105, kad dangtelis b\u016bt\u0173 atidarytas. Vidines gnybt\u0173 juostas galima lengvai pasiekti nuimamais \u0161oniniais dangteliais. Komandos ir indikatoriai gali b\u016bti prid\u0117ti pagal kliento reikalavimus. Taip pat pagal u\u017esakym\u0105 galima \u012fsigyti speciali\u0173 dyd\u017ei\u0173 ir form\u0173 i\u0161orini\u0173 konsoli\u0173.<\/span><span style=\"font-weight: 400\">Patogioje vairuotojo s\u0117dyn\u0117je KFS 11 yra sumontuota spyruoklin\u0117 hidraulin\u0117 vibracijos sug\u0117rimo sistema, \u012fskaitant svorio reguliavim\u0105, orui pralaid\u0173 tekstil\u0117s u\u017evalkal\u0105, rank\u0173 ir galvos atramas.<\/span><span style=\"font-weight: 400\">Plieninio lak\u0161tinio skersinio dangtis, \u012fskaitant vairuotojo s\u0117dyn\u0119, yra sulankstomas \u012f priek\u012f. Taigi visi laidai, gnybtai ir \u012fvor\u0117s yra lengvai prieinami paleidimo ir prie\u017ei\u016bros metu. Pasukamas p<\/span><span style=\"font-weight: 400\">agrindas turi nulin\u0117s tolerancijos guolius, o sukim\u0105si galima u\u017efiksuoti 3 \u00b0 \u017eingsniais.<\/span><\/p>\n","protected":false},"excerpt":{"rendered":"<p><a href=\"\/wp-content\/uploads\/gessmann\/KST30-GB.pdf\"><img decoding=\"async\" src=\"\/wp-content\/uploads\/2023\/02\/download-button-lt.svg\" \/><\/a><\/p>\n","protected":false},"featured_media":1260057777,"template":"","meta":[],"product_brand":[],"product_cat":[1335],"product_tag":[],"class_list":{"0":"post-1260059166","1":"product","2":"type-product","3":"status-publish","4":"has-post-thumbnail","6":"product_cat-krano-valdymo-blokai","8":"first","9":"instock","10":"product-type-simple"},"yoast_head":"<!-- This site is optimized with the Yoast SEO plugin v27.1.1 - https:\/\/yoast.com\/product\/yoast-seo-wordpress\/ -->\n<title>Krano valdymo blokas KST30 pasukamas - My industrial<\/title>\n<meta name=\"robots\" content=\"noindex, follow, max-snippet:-1, max-image-preview:large, max-video-preview:-1\" \/>\n<meta property=\"og:locale\" content=\"lt_LT\" \/>\n<meta property=\"og:type\" content=\"article\" \/>\n<meta property=\"og:title\" content=\"Krano valdymo blokas KST30 pasukamas - My industrial\" \/>\n<meta property=\"og:url\" content=\"https:\/\/dev.myindustrial.eu\/lt\/shop\/pramoniniai-valdikliai-dzoistikai-ir-konsoles\/krano-valdymo-sistemos\/krano-valdymo-blokai\/krano-valdymo-blokas-kst30-pasukamas\/\" \/>\n<meta property=\"og:site_name\" content=\"My industrial\" \/>\n<meta property=\"article:modified_time\" content=\"2023-06-16T20:54:12+00:00\" \/>\n<meta property=\"og:image\" content=\"https:\/\/dev.myindustrial.eu\/wp-content\/uploads\/2022\/01\/KST30-3.webp\" \/>\n\t<meta property=\"og:image:width\" content=\"500\" \/>\n\t<meta property=\"og:image:height\" content=\"500\" \/>\n\t<meta property=\"og:image:type\" content=\"image\/webp\" \/>\n<meta name=\"twitter:card\" content=\"summary_large_image\" \/>\n<script type=\"application\/ld+json\" class=\"yoast-schema-graph\">{\"@context\":\"https:\/\/schema.org\",\"@graph\":[{\"@type\":\"WebPage\",\"@id\":\"https:\/\/dev.myindustrial.eu\/lt\/shop\/pramoniniai-valdikliai-dzoistikai-ir-konsoles\/krano-valdymo-sistemos\/krano-valdymo-blokai\/krano-valdymo-blokas-kst30-pasukamas\/\",\"url\":\"https:\/\/dev.myindustrial.eu\/lt\/shop\/pramoniniai-valdikliai-dzoistikai-ir-konsoles\/krano-valdymo-sistemos\/krano-valdymo-blokai\/krano-valdymo-blokas-kst30-pasukamas\/\",\"name\":\"Krano valdymo blokas KST30 pasukamas - My industrial\",\"isPartOf\":{\"@id\":\"https:\/\/dev.myindustrial.eu\/lt\/#website\"},\"primaryImageOfPage\":{\"@id\":\"https:\/\/dev.myindustrial.eu\/lt\/shop\/pramoniniai-valdikliai-dzoistikai-ir-konsoles\/krano-valdymo-sistemos\/krano-valdymo-blokai\/krano-valdymo-blokas-kst30-pasukamas\/#primaryimage\"},\"image\":{\"@id\":\"https:\/\/dev.myindustrial.eu\/lt\/shop\/pramoniniai-valdikliai-dzoistikai-ir-konsoles\/krano-valdymo-sistemos\/krano-valdymo-blokai\/krano-valdymo-blokas-kst30-pasukamas\/#primaryimage\"},\"thumbnailUrl\":\"https:\/\/dev.myindustrial.eu\/wp-content\/uploads\/2022\/01\/KST30-3.webp\",\"datePublished\":\"2022-01-14T02:01:50+00:00\",\"dateModified\":\"2023-06-16T20:54:12+00:00\",\"breadcrumb\":{\"@id\":\"https:\/\/dev.myindustrial.eu\/lt\/shop\/pramoniniai-valdikliai-dzoistikai-ir-konsoles\/krano-valdymo-sistemos\/krano-valdymo-blokai\/krano-valdymo-blokas-kst30-pasukamas\/#breadcrumb\"},\"inLanguage\":\"lt-LT\",\"potentialAction\":[{\"@type\":\"ReadAction\",\"target\":[\"https:\/\/dev.myindustrial.eu\/lt\/shop\/pramoniniai-valdikliai-dzoistikai-ir-konsoles\/krano-valdymo-sistemos\/krano-valdymo-blokai\/krano-valdymo-blokas-kst30-pasukamas\/\"]}]},{\"@type\":\"ImageObject\",\"inLanguage\":\"lt-LT\",\"@id\":\"https:\/\/dev.myindustrial.eu\/lt\/shop\/pramoniniai-valdikliai-dzoistikai-ir-konsoles\/krano-valdymo-sistemos\/krano-valdymo-blokai\/krano-valdymo-blokas-kst30-pasukamas\/#primaryimage\",\"url\":\"https:\/\/dev.myindustrial.eu\/wp-content\/uploads\/2022\/01\/KST30-3.webp\",\"contentUrl\":\"https:\/\/dev.myindustrial.eu\/wp-content\/uploads\/2022\/01\/KST30-3.webp\",\"width\":500,\"height\":500},{\"@type\":\"BreadcrumbList\",\"@id\":\"https:\/\/dev.myindustrial.eu\/lt\/shop\/pramoniniai-valdikliai-dzoistikai-ir-konsoles\/krano-valdymo-sistemos\/krano-valdymo-blokai\/krano-valdymo-blokas-kst30-pasukamas\/#breadcrumb\",\"itemListElement\":[{\"@type\":\"ListItem\",\"position\":1,\"name\":\"Home\",\"item\":\"https:\/\/dev.myindustrial.eu\/lt\/\"},{\"@type\":\"ListItem\",\"position\":2,\"name\":\"Products\",\"item\":\"https:\/\/dev.myindustrial.eu\/lt\/products\/\"},{\"@type\":\"ListItem\",\"position\":3,\"name\":\"Krano valdymo blokas KST30 pasukamas\"}]},{\"@type\":\"WebSite\",\"@id\":\"https:\/\/dev.myindustrial.eu\/lt\/#website\",\"url\":\"https:\/\/dev.myindustrial.eu\/lt\/\",\"name\":\"My industrial\",\"description\":\"\",\"potentialAction\":[{\"@type\":\"SearchAction\",\"target\":{\"@type\":\"EntryPoint\",\"urlTemplate\":\"https:\/\/dev.myindustrial.eu\/lt\/?s={search_term_string}\"},\"query-input\":{\"@type\":\"PropertyValueSpecification\",\"valueRequired\":true,\"valueName\":\"search_term_string\"}}],\"inLanguage\":\"lt-LT\"}]}<\/script>\n<!-- \/ Yoast SEO plugin. -->","yoast_head_json":{"title":"Krano valdymo blokas KST30 pasukamas - My industrial","robots":{"index":"noindex","follow":"follow","max-snippet":"max-snippet:-1","max-image-preview":"max-image-preview:large","max-video-preview":"max-video-preview:-1"},"og_locale":"lt_LT","og_type":"article","og_title":"Krano valdymo blokas KST30 pasukamas - My industrial","og_url":"https:\/\/dev.myindustrial.eu\/lt\/shop\/pramoniniai-valdikliai-dzoistikai-ir-konsoles\/krano-valdymo-sistemos\/krano-valdymo-blokai\/krano-valdymo-blokas-kst30-pasukamas\/","og_site_name":"My industrial","article_modified_time":"2023-06-16T20:54:12+00:00","og_image":[{"width":500,"height":500,"url":"https:\/\/dev.myindustrial.eu\/wp-content\/uploads\/2022\/01\/KST30-3.webp","type":"image\/webp"}],"twitter_card":"summary_large_image","schema":{"@context":"https:\/\/schema.org","@graph":[{"@type":"WebPage","@id":"https:\/\/dev.myindustrial.eu\/lt\/shop\/pramoniniai-valdikliai-dzoistikai-ir-konsoles\/krano-valdymo-sistemos\/krano-valdymo-blokai\/krano-valdymo-blokas-kst30-pasukamas\/","url":"https:\/\/dev.myindustrial.eu\/lt\/shop\/pramoniniai-valdikliai-dzoistikai-ir-konsoles\/krano-valdymo-sistemos\/krano-valdymo-blokai\/krano-valdymo-blokas-kst30-pasukamas\/","name":"Krano valdymo blokas KST30 pasukamas - My industrial","isPartOf":{"@id":"https:\/\/dev.myindustrial.eu\/lt\/#website"},"primaryImageOfPage":{"@id":"https:\/\/dev.myindustrial.eu\/lt\/shop\/pramoniniai-valdikliai-dzoistikai-ir-konsoles\/krano-valdymo-sistemos\/krano-valdymo-blokai\/krano-valdymo-blokas-kst30-pasukamas\/#primaryimage"},"image":{"@id":"https:\/\/dev.myindustrial.eu\/lt\/shop\/pramoniniai-valdikliai-dzoistikai-ir-konsoles\/krano-valdymo-sistemos\/krano-valdymo-blokai\/krano-valdymo-blokas-kst30-pasukamas\/#primaryimage"},"thumbnailUrl":"https:\/\/dev.myindustrial.eu\/wp-content\/uploads\/2022\/01\/KST30-3.webp","datePublished":"2022-01-14T02:01:50+00:00","dateModified":"2023-06-16T20:54:12+00:00","breadcrumb":{"@id":"https:\/\/dev.myindustrial.eu\/lt\/shop\/pramoniniai-valdikliai-dzoistikai-ir-konsoles\/krano-valdymo-sistemos\/krano-valdymo-blokai\/krano-valdymo-blokas-kst30-pasukamas\/#breadcrumb"},"inLanguage":"lt-LT","potentialAction":[{"@type":"ReadAction","target":["https:\/\/dev.myindustrial.eu\/lt\/shop\/pramoniniai-valdikliai-dzoistikai-ir-konsoles\/krano-valdymo-sistemos\/krano-valdymo-blokai\/krano-valdymo-blokas-kst30-pasukamas\/"]}]},{"@type":"ImageObject","inLanguage":"lt-LT","@id":"https:\/\/dev.myindustrial.eu\/lt\/shop\/pramoniniai-valdikliai-dzoistikai-ir-konsoles\/krano-valdymo-sistemos\/krano-valdymo-blokai\/krano-valdymo-blokas-kst30-pasukamas\/#primaryimage","url":"https:\/\/dev.myindustrial.eu\/wp-content\/uploads\/2022\/01\/KST30-3.webp","contentUrl":"https:\/\/dev.myindustrial.eu\/wp-content\/uploads\/2022\/01\/KST30-3.webp","width":500,"height":500},{"@type":"BreadcrumbList","@id":"https:\/\/dev.myindustrial.eu\/lt\/shop\/pramoniniai-valdikliai-dzoistikai-ir-konsoles\/krano-valdymo-sistemos\/krano-valdymo-blokai\/krano-valdymo-blokas-kst30-pasukamas\/#breadcrumb","itemListElement":[{"@type":"ListItem","position":1,"name":"Home","item":"https:\/\/dev.myindustrial.eu\/lt\/"},{"@type":"ListItem","position":2,"name":"Products","item":"https:\/\/dev.myindustrial.eu\/lt\/products\/"},{"@type":"ListItem","position":3,"name":"Krano valdymo blokas KST30 pasukamas"}]},{"@type":"WebSite","@id":"https:\/\/dev.myindustrial.eu\/lt\/#website","url":"https:\/\/dev.myindustrial.eu\/lt\/","name":"My industrial","description":"","potentialAction":[{"@type":"SearchAction","target":{"@type":"EntryPoint","urlTemplate":"https:\/\/dev.myindustrial.eu\/lt\/?s={search_term_string}"},"query-input":{"@type":"PropertyValueSpecification","valueRequired":true,"valueName":"search_term_string"}}],"inLanguage":"lt-LT"}]}},"_links":{"self":[{"href":"https:\/\/dev.myindustrial.eu\/lt\/wp-json\/wp\/v2\/product\/1260059166","targetHints":{"allow":["GET"]}}],"collection":[{"href":"https:\/\/dev.myindustrial.eu\/lt\/wp-json\/wp\/v2\/product"}],"about":[{"href":"https:\/\/dev.myindustrial.eu\/lt\/wp-json\/wp\/v2\/types\/product"}],"version-history":[{"count":0,"href":"https:\/\/dev.myindustrial.eu\/lt\/wp-json\/wp\/v2\/product\/1260059166\/revisions"}],"wp:featuredmedia":[{"embeddable":true,"href":"https:\/\/dev.myindustrial.eu\/lt\/wp-json\/wp\/v2\/media\/1260057777"}],"wp:attachment":[{"href":"https:\/\/dev.myindustrial.eu\/lt\/wp-json\/wp\/v2\/media?parent=1260059166"}],"wp:term":[{"taxonomy":"product_brand","embeddable":true,"href":"https:\/\/dev.myindustrial.eu\/lt\/wp-json\/wp\/v2\/product_brand?post=1260059166"},{"taxonomy":"product_cat","embeddable":true,"href":"https:\/\/dev.myindustrial.eu\/lt\/wp-json\/wp\/v2\/product_cat?post=1260059166"},{"taxonomy":"product_tag","embeddable":true,"href":"https:\/\/dev.myindustrial.eu\/lt\/wp-json\/wp\/v2\/product_tag?post=1260059166"}],"curies":[{"name":"wp","href":"https:\/\/api.w.org\/{rel}","templated":true}]}}