{"id":1260059183,"date":"2022-01-14T01:36:05","date_gmt":"2022-01-14T02:01:58","guid":{"rendered":"https:\/\/dev.myindustrial.eu\/shop-2\/be-kategorijos\/nuolatines-sroves-kontaktas-so-ss\/"},"modified":"2024-02-06T16:54:16","modified_gmt":"2024-02-06T16:54:16","slug":"nuolatines-sroves-kontaktas-so-ss","status":"publish","type":"product","link":"https:\/\/dev.myindustrial.eu\/lt\/shop\/pramoniniai-valdikliai-dzoistikai-ir-konsoles\/pramoniniai-valdymo-jungikliai-gessmann\/nuolatines-sroves-kontaktas-so-ss\/","title":{"rendered":"Nuolatin\u0117s srov\u0117s kontaktas SO \/ SS"},"content":{"rendered":"<div>\n<p>\n<a href=\"\/wp-content\/uploads\/2022\/01\/so-1.10-ss1.10-gb.pdf\" target=\"_blank\" rel=\"noopener\"><\/p>\n<p><img decoding=\"async\" src=\"\/wp-content\/uploads\/2023\/02\/download-button-lt.svg\" alt=\"\" height=\"51\" \/><\/p>\n<p><\/a>\n<\/p>\n<\/div>\n","protected":false},"excerpt":{"rendered":"<p><span style=\"font-weight: 400;\">SO 1.10 Paprastai atidaryta (NO)<\/span><\/p>\n<p><span style=\"font-weight: 400;\">SS 1.10 Paprastai u\u017edarytas (NC)<\/span><\/p>\n<p>&nbsp;<\/p>\n<p><span style=\"font-weight: 400;\">Nuolatin\u0117s srov\u0117s kontaktas naudojamas signal\u0173 darbui ir prane\u0161imams. U\u017efiksuojamo veikimo mechanizmas neleid\u017eia l\u0117tai atidaryti kontakt\u0173, kai st\u016bmoklis veikia l\u0117tai. Lanko gesinimas, atsirandantis naudojant DC, palaikomas dviej\u0173 talp\u0173 nuolatiniais magnetais.<\/span><\/p>\n<p><span style=\"font-weight: 400;\">Jie i\u0161d\u0117styti taip, kad jungiant +\/- laidus b\u016bt\u0173 galima nepaisyti poli\u0161kumo. Ta\u010diau montuojant kontaktus reikia atkreipti d\u0117mes\u012f \u012f gesinimo magnet\u0173 poli\u0161kum\u0105, kad magnetai nedaryt\u0173 neigiamo poveikio vienas kitam. Galimi keturi\u0173 skirting\u0173 spalv\u0173 kontaktai, skirti nustatyti magnet\u0173 poli\u0161kum\u0105.<\/span><\/p>\n<p><span style=\"font-weight: 400;\">Kontakt\u0105 galima montuoti tik ant ne\u012fmagnetinam\u0173 med\u017eiag\u0173 su var\u017etais ir pan., pagamintais i\u0161 spalvot\u0173j\u0173 metal\u0173.<\/span><\/p>\n<p><span style=\"font-weight: 400;\">Savaime i\u0161sivalantys sidabriniai kontaktai skirti \u017eemam perjungimo da\u017eniui, ma\u017eoms srov\u0117ms ir \u012ftampai. Galima tiekti auksu dengtus kontaktus (apie 0,2\u03bc), reikia ma\u017eiau nei 42 volt\u0173. Sraigtin\u0117 jungtis M3.5 \u0161one tinka 2 laidininkams max. 2,5 mm\u00b2. Ki\u0161tukin\u0117 jungtis vir\u0161uje 4,8 x 0,8 mm DIN 46247.<\/span><\/p>\n<p><span style=\"font-weight: 400;\">Keli kontaktai gali b\u016bti prijungti vienas ant kito ir valdomi kartu. Tada ki\u0161tukiniai gnybtai pasiekiami tik vir\u0161utiniame bloke. Kontaktai gali b\u016bti apr\u016bpinti apsauga nuo sm\u016bgio pagal DIN VDE 0106 100 dal\u012f.<\/span><\/p>\n","protected":false},"featured_media":1260057879,"template":"","meta":[],"product_brand":[],"product_cat":[1356],"product_tag":[],"class_list":{"0":"post-1260059183","1":"product","2":"type-product","3":"status-publish","4":"has-post-thumbnail","6":"product_cat-pramoniniai-valdymo-jungikliai-gessmann","8":"first","9":"instock","10":"product-type-simple"},"yoast_head":"<!-- This site is optimized with the Yoast SEO plugin v27.1.1 - https:\/\/yoast.com\/product\/yoast-seo-wordpress\/ -->\n<title>Nuolatin\u0117s srov\u0117s kontaktas SO \/ SS - My industrial<\/title>\n<meta name=\"robots\" content=\"noindex, follow, max-snippet:-1, max-image-preview:large, max-video-preview:-1\" \/>\n<meta property=\"og:locale\" content=\"lt_LT\" \/>\n<meta property=\"og:type\" content=\"article\" \/>\n<meta property=\"og:title\" content=\"Nuolatin\u0117s srov\u0117s kontaktas SO \/ SS - My industrial\" \/>\n<meta property=\"og:description\" content=\"SO 1.10 Paprastai atidaryta (NO)  SS 1.10 Paprastai u\u017edarytas (NC)  &nbsp;  Nuolatin\u0117s srov\u0117s kontaktas naudojamas signal\u0173 darbui ir prane\u0161imams. U\u017efiksuojamo veikimo mechanizmas neleid\u017eia l\u0117tai atidaryti kontakt\u0173, kai st\u016bmoklis veikia l\u0117tai. Lanko gesinimas, atsirandantis naudojant DC, palaikomas dviej\u0173 talp\u0173 nuolatiniais magnetais.  Jie i\u0161d\u0117styti taip, kad jungiant +\/- laidus b\u016bt\u0173 galima nepaisyti poli\u0161kumo. Ta\u010diau montuojant kontaktus reikia atkreipti d\u0117mes\u012f \u012f gesinimo magnet\u0173 poli\u0161kum\u0105, kad magnetai nedaryt\u0173 neigiamo poveikio vienas kitam. Galimi keturi\u0173 skirting\u0173 spalv\u0173 kontaktai, skirti nustatyti magnet\u0173 poli\u0161kum\u0105.  Kontakt\u0105 galima montuoti tik ant ne\u012fmagnetinam\u0173 med\u017eiag\u0173 su var\u017etais ir pan., pagamintais i\u0161 spalvot\u0173j\u0173 metal\u0173.  Savaime i\u0161sivalantys sidabriniai kontaktai skirti \u017eemam perjungimo da\u017eniui, ma\u017eoms srov\u0117ms ir \u012ftampai. Galima tiekti auksu dengtus kontaktus (apie 0,2\u03bc), reikia ma\u017eiau nei 42 volt\u0173. Sraigtin\u0117 jungtis M3.5 \u0161one tinka 2 laidininkams max. 2,5 mm\u00b2. Ki\u0161tukin\u0117 jungtis vir\u0161uje 4,8 x 0,8 mm DIN 46247.  Keli kontaktai gali b\u016bti prijungti vienas ant kito ir valdomi kartu. Tada ki\u0161tukiniai gnybtai pasiekiami tik vir\u0161utiniame bloke. Kontaktai gali b\u016bti apr\u016bpinti apsauga nuo sm\u016bgio pagal DIN VDE 0106 100 dal\u012f.\" \/>\n<meta property=\"og:url\" content=\"https:\/\/dev.myindustrial.eu\/lt\/shop\/pramoniniai-valdikliai-dzoistikai-ir-konsoles\/pramoniniai-valdymo-jungikliai-gessmann\/nuolatines-sroves-kontaktas-so-ss\/\" \/>\n<meta property=\"og:site_name\" content=\"My industrial\" \/>\n<meta property=\"article:modified_time\" content=\"2024-02-06T16:54:16+00:00\" \/>\n<meta property=\"og:image\" content=\"https:\/\/dev.myindustrial.eu\/wp-content\/uploads\/2022\/01\/so-ss.webp\" \/>\n\t<meta property=\"og:image:width\" content=\"500\" \/>\n\t<meta property=\"og:image:height\" content=\"500\" \/>\n\t<meta property=\"og:image:type\" content=\"image\/webp\" \/>\n<meta name=\"twitter:card\" content=\"summary_large_image\" \/>\n<script type=\"application\/ld+json\" class=\"yoast-schema-graph\">{\"@context\":\"https:\/\/schema.org\",\"@graph\":[{\"@type\":\"WebPage\",\"@id\":\"https:\/\/dev.myindustrial.eu\/lt\/shop\/pramoniniai-valdikliai-dzoistikai-ir-konsoles\/pramoniniai-valdymo-jungikliai-gessmann\/nuolatines-sroves-kontaktas-so-ss\/\",\"url\":\"https:\/\/dev.myindustrial.eu\/lt\/shop\/pramoniniai-valdikliai-dzoistikai-ir-konsoles\/pramoniniai-valdymo-jungikliai-gessmann\/nuolatines-sroves-kontaktas-so-ss\/\",\"name\":\"Nuolatin\u0117s srov\u0117s kontaktas SO \/ SS - My industrial\",\"isPartOf\":{\"@id\":\"https:\/\/dev.myindustrial.eu\/lt\/#website\"},\"primaryImageOfPage\":{\"@id\":\"https:\/\/dev.myindustrial.eu\/lt\/shop\/pramoniniai-valdikliai-dzoistikai-ir-konsoles\/pramoniniai-valdymo-jungikliai-gessmann\/nuolatines-sroves-kontaktas-so-ss\/#primaryimage\"},\"image\":{\"@id\":\"https:\/\/dev.myindustrial.eu\/lt\/shop\/pramoniniai-valdikliai-dzoistikai-ir-konsoles\/pramoniniai-valdymo-jungikliai-gessmann\/nuolatines-sroves-kontaktas-so-ss\/#primaryimage\"},\"thumbnailUrl\":\"https:\/\/dev.myindustrial.eu\/wp-content\/uploads\/2022\/01\/so-ss.webp\",\"datePublished\":\"2022-01-14T02:01:58+00:00\",\"dateModified\":\"2024-02-06T16:54:16+00:00\",\"breadcrumb\":{\"@id\":\"https:\/\/dev.myindustrial.eu\/lt\/shop\/pramoniniai-valdikliai-dzoistikai-ir-konsoles\/pramoniniai-valdymo-jungikliai-gessmann\/nuolatines-sroves-kontaktas-so-ss\/#breadcrumb\"},\"inLanguage\":\"lt-LT\",\"potentialAction\":[{\"@type\":\"ReadAction\",\"target\":[\"https:\/\/dev.myindustrial.eu\/lt\/shop\/pramoniniai-valdikliai-dzoistikai-ir-konsoles\/pramoniniai-valdymo-jungikliai-gessmann\/nuolatines-sroves-kontaktas-so-ss\/\"]}]},{\"@type\":\"ImageObject\",\"inLanguage\":\"lt-LT\",\"@id\":\"https:\/\/dev.myindustrial.eu\/lt\/shop\/pramoniniai-valdikliai-dzoistikai-ir-konsoles\/pramoniniai-valdymo-jungikliai-gessmann\/nuolatines-sroves-kontaktas-so-ss\/#primaryimage\",\"url\":\"https:\/\/dev.myindustrial.eu\/wp-content\/uploads\/2022\/01\/so-ss.webp\",\"contentUrl\":\"https:\/\/dev.myindustrial.eu\/wp-content\/uploads\/2022\/01\/so-ss.webp\",\"width\":500,\"height\":500},{\"@type\":\"BreadcrumbList\",\"@id\":\"https:\/\/dev.myindustrial.eu\/lt\/shop\/pramoniniai-valdikliai-dzoistikai-ir-konsoles\/pramoniniai-valdymo-jungikliai-gessmann\/nuolatines-sroves-kontaktas-so-ss\/#breadcrumb\",\"itemListElement\":[{\"@type\":\"ListItem\",\"position\":1,\"name\":\"Home\",\"item\":\"https:\/\/dev.myindustrial.eu\/lt\/\"},{\"@type\":\"ListItem\",\"position\":2,\"name\":\"Products\",\"item\":\"https:\/\/dev.myindustrial.eu\/lt\/products\/\"},{\"@type\":\"ListItem\",\"position\":3,\"name\":\"Nuolatin\u0117s srov\u0117s kontaktas SO \/ SS\"}]},{\"@type\":\"WebSite\",\"@id\":\"https:\/\/dev.myindustrial.eu\/lt\/#website\",\"url\":\"https:\/\/dev.myindustrial.eu\/lt\/\",\"name\":\"My industrial\",\"description\":\"\",\"potentialAction\":[{\"@type\":\"SearchAction\",\"target\":{\"@type\":\"EntryPoint\",\"urlTemplate\":\"https:\/\/dev.myindustrial.eu\/lt\/?s={search_term_string}\"},\"query-input\":{\"@type\":\"PropertyValueSpecification\",\"valueRequired\":true,\"valueName\":\"search_term_string\"}}],\"inLanguage\":\"lt-LT\"}]}<\/script>\n<!-- \/ Yoast SEO plugin. -->","yoast_head_json":{"title":"Nuolatin\u0117s srov\u0117s kontaktas SO \/ SS - My industrial","robots":{"index":"noindex","follow":"follow","max-snippet":"max-snippet:-1","max-image-preview":"max-image-preview:large","max-video-preview":"max-video-preview:-1"},"og_locale":"lt_LT","og_type":"article","og_title":"Nuolatin\u0117s srov\u0117s kontaktas SO \/ SS - My industrial","og_description":"SO 1.10 Paprastai atidaryta (NO)  SS 1.10 Paprastai u\u017edarytas (NC)  &nbsp;  Nuolatin\u0117s srov\u0117s kontaktas naudojamas signal\u0173 darbui ir prane\u0161imams. U\u017efiksuojamo veikimo mechanizmas neleid\u017eia l\u0117tai atidaryti kontakt\u0173, kai st\u016bmoklis veikia l\u0117tai. Lanko gesinimas, atsirandantis naudojant DC, palaikomas dviej\u0173 talp\u0173 nuolatiniais magnetais.  Jie i\u0161d\u0117styti taip, kad jungiant +\/- laidus b\u016bt\u0173 galima nepaisyti poli\u0161kumo. Ta\u010diau montuojant kontaktus reikia atkreipti d\u0117mes\u012f \u012f gesinimo magnet\u0173 poli\u0161kum\u0105, kad magnetai nedaryt\u0173 neigiamo poveikio vienas kitam. Galimi keturi\u0173 skirting\u0173 spalv\u0173 kontaktai, skirti nustatyti magnet\u0173 poli\u0161kum\u0105.  Kontakt\u0105 galima montuoti tik ant ne\u012fmagnetinam\u0173 med\u017eiag\u0173 su var\u017etais ir pan., pagamintais i\u0161 spalvot\u0173j\u0173 metal\u0173.  Savaime i\u0161sivalantys sidabriniai kontaktai skirti \u017eemam perjungimo da\u017eniui, ma\u017eoms srov\u0117ms ir \u012ftampai. Galima tiekti auksu dengtus kontaktus (apie 0,2\u03bc), reikia ma\u017eiau nei 42 volt\u0173. Sraigtin\u0117 jungtis M3.5 \u0161one tinka 2 laidininkams max. 2,5 mm\u00b2. Ki\u0161tukin\u0117 jungtis vir\u0161uje 4,8 x 0,8 mm DIN 46247.  Keli kontaktai gali b\u016bti prijungti vienas ant kito ir valdomi kartu. Tada ki\u0161tukiniai gnybtai pasiekiami tik vir\u0161utiniame bloke. Kontaktai gali b\u016bti apr\u016bpinti apsauga nuo sm\u016bgio pagal DIN VDE 0106 100 dal\u012f.","og_url":"https:\/\/dev.myindustrial.eu\/lt\/shop\/pramoniniai-valdikliai-dzoistikai-ir-konsoles\/pramoniniai-valdymo-jungikliai-gessmann\/nuolatines-sroves-kontaktas-so-ss\/","og_site_name":"My industrial","article_modified_time":"2024-02-06T16:54:16+00:00","og_image":[{"width":500,"height":500,"url":"https:\/\/dev.myindustrial.eu\/wp-content\/uploads\/2022\/01\/so-ss.webp","type":"image\/webp"}],"twitter_card":"summary_large_image","schema":{"@context":"https:\/\/schema.org","@graph":[{"@type":"WebPage","@id":"https:\/\/dev.myindustrial.eu\/lt\/shop\/pramoniniai-valdikliai-dzoistikai-ir-konsoles\/pramoniniai-valdymo-jungikliai-gessmann\/nuolatines-sroves-kontaktas-so-ss\/","url":"https:\/\/dev.myindustrial.eu\/lt\/shop\/pramoniniai-valdikliai-dzoistikai-ir-konsoles\/pramoniniai-valdymo-jungikliai-gessmann\/nuolatines-sroves-kontaktas-so-ss\/","name":"Nuolatin\u0117s srov\u0117s kontaktas SO \/ SS - My industrial","isPartOf":{"@id":"https:\/\/dev.myindustrial.eu\/lt\/#website"},"primaryImageOfPage":{"@id":"https:\/\/dev.myindustrial.eu\/lt\/shop\/pramoniniai-valdikliai-dzoistikai-ir-konsoles\/pramoniniai-valdymo-jungikliai-gessmann\/nuolatines-sroves-kontaktas-so-ss\/#primaryimage"},"image":{"@id":"https:\/\/dev.myindustrial.eu\/lt\/shop\/pramoniniai-valdikliai-dzoistikai-ir-konsoles\/pramoniniai-valdymo-jungikliai-gessmann\/nuolatines-sroves-kontaktas-so-ss\/#primaryimage"},"thumbnailUrl":"https:\/\/dev.myindustrial.eu\/wp-content\/uploads\/2022\/01\/so-ss.webp","datePublished":"2022-01-14T02:01:58+00:00","dateModified":"2024-02-06T16:54:16+00:00","breadcrumb":{"@id":"https:\/\/dev.myindustrial.eu\/lt\/shop\/pramoniniai-valdikliai-dzoistikai-ir-konsoles\/pramoniniai-valdymo-jungikliai-gessmann\/nuolatines-sroves-kontaktas-so-ss\/#breadcrumb"},"inLanguage":"lt-LT","potentialAction":[{"@type":"ReadAction","target":["https:\/\/dev.myindustrial.eu\/lt\/shop\/pramoniniai-valdikliai-dzoistikai-ir-konsoles\/pramoniniai-valdymo-jungikliai-gessmann\/nuolatines-sroves-kontaktas-so-ss\/"]}]},{"@type":"ImageObject","inLanguage":"lt-LT","@id":"https:\/\/dev.myindustrial.eu\/lt\/shop\/pramoniniai-valdikliai-dzoistikai-ir-konsoles\/pramoniniai-valdymo-jungikliai-gessmann\/nuolatines-sroves-kontaktas-so-ss\/#primaryimage","url":"https:\/\/dev.myindustrial.eu\/wp-content\/uploads\/2022\/01\/so-ss.webp","contentUrl":"https:\/\/dev.myindustrial.eu\/wp-content\/uploads\/2022\/01\/so-ss.webp","width":500,"height":500},{"@type":"BreadcrumbList","@id":"https:\/\/dev.myindustrial.eu\/lt\/shop\/pramoniniai-valdikliai-dzoistikai-ir-konsoles\/pramoniniai-valdymo-jungikliai-gessmann\/nuolatines-sroves-kontaktas-so-ss\/#breadcrumb","itemListElement":[{"@type":"ListItem","position":1,"name":"Home","item":"https:\/\/dev.myindustrial.eu\/lt\/"},{"@type":"ListItem","position":2,"name":"Products","item":"https:\/\/dev.myindustrial.eu\/lt\/products\/"},{"@type":"ListItem","position":3,"name":"Nuolatin\u0117s srov\u0117s kontaktas SO \/ SS"}]},{"@type":"WebSite","@id":"https:\/\/dev.myindustrial.eu\/lt\/#website","url":"https:\/\/dev.myindustrial.eu\/lt\/","name":"My industrial","description":"","potentialAction":[{"@type":"SearchAction","target":{"@type":"EntryPoint","urlTemplate":"https:\/\/dev.myindustrial.eu\/lt\/?s={search_term_string}"},"query-input":{"@type":"PropertyValueSpecification","valueRequired":true,"valueName":"search_term_string"}}],"inLanguage":"lt-LT"}]}},"_links":{"self":[{"href":"https:\/\/dev.myindustrial.eu\/lt\/wp-json\/wp\/v2\/product\/1260059183","targetHints":{"allow":["GET"]}}],"collection":[{"href":"https:\/\/dev.myindustrial.eu\/lt\/wp-json\/wp\/v2\/product"}],"about":[{"href":"https:\/\/dev.myindustrial.eu\/lt\/wp-json\/wp\/v2\/types\/product"}],"version-history":[{"count":0,"href":"https:\/\/dev.myindustrial.eu\/lt\/wp-json\/wp\/v2\/product\/1260059183\/revisions"}],"wp:featuredmedia":[{"embeddable":true,"href":"https:\/\/dev.myindustrial.eu\/lt\/wp-json\/wp\/v2\/media\/1260057879"}],"wp:attachment":[{"href":"https:\/\/dev.myindustrial.eu\/lt\/wp-json\/wp\/v2\/media?parent=1260059183"}],"wp:term":[{"taxonomy":"product_brand","embeddable":true,"href":"https:\/\/dev.myindustrial.eu\/lt\/wp-json\/wp\/v2\/product_brand?post=1260059183"},{"taxonomy":"product_cat","embeddable":true,"href":"https:\/\/dev.myindustrial.eu\/lt\/wp-json\/wp\/v2\/product_cat?post=1260059183"},{"taxonomy":"product_tag","embeddable":true,"href":"https:\/\/dev.myindustrial.eu\/lt\/wp-json\/wp\/v2\/product_tag?post=1260059183"}],"curies":[{"name":"wp","href":"https:\/\/api.w.org\/{rel}","templated":true}]}}