{"id":1260059190,"date":"2022-01-14T02:01:58","date_gmt":"2022-01-14T02:01:58","guid":{"rendered":"https:\/\/dev.myindustrial.eu\/shop-2\/be-kategorijos\/pagrindine-valdymo-sistema\/"},"modified":"2023-06-16T20:53:23","modified_gmt":"2023-06-16T20:53:23","slug":"pagrindine-valdymo-sistema","status":"publish","type":"product","link":"https:\/\/dev.myindustrial.eu\/lt\/shop\/pramoniniai-valdikliai-dzoistikai-ir-konsoles\/gelezinkelio-transporto-komandu-valdikliai-en-50155-ir-en-45545\/pagrindine-valdymo-sistema\/","title":{"rendered":"Pagrindin\u0117 valdymo sistema"},"content":{"rendered":"<p>Gessmann pagrindin\u0117 valdymo sistema TBC 01, MC 01 yra specialiai sukurta naudoti gele\u017einkelio \u012frangoje. J\u0173 tvirta konstrukcija, pagr\u012fsta atitinkamais standartais EN-60077, UIC 612 ir EN-50155, garantuoja ma\u017eas gyvavimo ciklo s\u0105naudas ir 35 met\u0173 laikotarp\u012f.Aplinkos temperat\u016bra transporto priemon\u0117s i\u0161or\u0117je: nuo -40 \u00b0 C iki +50 \u00b0 C-&gt; EN 50155. T1, T2, T3, TX klas\u0117.Nominali maitinimo \u012ftampa: 24\/72\/ 110VDC su skirtumais pagal EN 50155.Sm\u016bgis ir vibracija: Pagal EN 61373.Elektromagnetinis suderinamumas (EMC): Pagal EN 50121-3-2Izoliacijos ir auk\u0161tos \u012ftampos bandymas: Pagal EN 50155Tar\u0161os laipsnis: PD 3 pagal EN 60077-1 (kiti pagal poreik\u012f)Ugnis ir d\u016bmai: atitinka EN 45545 (HL3) (kiti pagal pareikalavim\u0105)Elektros patvarumas: Minimali darbo ciklo klas\u0117 C3\/A3 pagal EN 60077-2 Pagrindinis valdiklis naudojamas kaip instrukcij\u0173 elementas gele\u017einkelio transporto priemon\u0117se. J\u012f galima suskirstyti \u012f tris pagrindinius komponentus.Pagrindinis \/ stabd\u017ei\u0173 valdiklisNustatytos vert\u0117s nustatymas va\u017eiavimo galios \/stabd\u017ei\u0173 zonoje su integruota \u201edeadman\u201c funkcija, paspaud\u017eiant ranken\u0117l\u0119 \u017eemyn.Parinkimo jungiklis: galima pasirinkti darbo s\u0105lygas \u201eR\u201c \/ \u201eO\u201c \/ \u201e*\u201c \/ \u201eV\u201c \/ \u201eN\u201cRakto jungiklis: pagrindinio valdiklio patvirtinimas. Veikimo b\u016bsenos: nustatymai \u201e0\u201c ir \u201e1\u201cPagrindinis valdiklis yra sumontuotas tramvajaus vairuotojo kabinoje. Jis skirtas manipuliuoti kairi\u0105ja ranka ir suteikia \u017emogaus ir ma\u0161inos s\u0105saj\u0105 transporto priemon\u0117s traukos, darbinio stabdymo ir avarinio stabdymo valdymui valdyti. Be to, pagrindinio valdiklio rankenoje yra mygtukas, naudojamas automatinei atsargumo valdymo funkcijai sustabdyti.<\/p>\n","protected":false},"excerpt":{"rendered":"<p>Gessmann pagrindin\u0117 valdymo sistema TBC 01, MC 01 yra specialiai sukurta naudoti gele\u017einkelio \u012frangoje. J\u0173 tvirta konstrukcija, pagr\u012fsta atitinkamais standartais<\/p>\n","protected":false},"featured_media":1260057921,"template":"","meta":[],"product_brand":[],"product_cat":[1377],"product_tag":[],"class_list":{"0":"post-1260059190","1":"product","2":"type-product","3":"status-publish","4":"has-post-thumbnail","6":"product_cat-gelezinkelio-transporto-komandu-valdikliai-en-50155-ir-en-45545","8":"first","9":"instock","10":"product-type-simple"},"yoast_head":"<!-- This site is optimized with the Yoast SEO plugin v27.1.1 - https:\/\/yoast.com\/product\/yoast-seo-wordpress\/ -->\n<title>Pagrindin\u0117 valdymo sistema - My industrial<\/title>\n<meta name=\"robots\" content=\"noindex, follow, max-snippet:-1, max-image-preview:large, max-video-preview:-1\" \/>\n<meta property=\"og:locale\" content=\"lt_LT\" \/>\n<meta property=\"og:type\" content=\"article\" \/>\n<meta property=\"og:title\" content=\"Pagrindin\u0117 valdymo sistema - My industrial\" \/>\n<meta property=\"og:description\" content=\"Gessmann pagrindin\u0117 valdymo sistema TBC 01, MC 01 yra specialiai sukurta naudoti gele\u017einkelio \u012frangoje. J\u0173 tvirta konstrukcija, pagr\u012fsta atitinkamais standartais\" \/>\n<meta property=\"og:url\" content=\"https:\/\/dev.myindustrial.eu\/lt\/shop\/pramoniniai-valdikliai-dzoistikai-ir-konsoles\/gelezinkelio-transporto-komandu-valdikliai-en-50155-ir-en-45545\/pagrindine-valdymo-sistema\/\" \/>\n<meta property=\"og:site_name\" content=\"My industrial\" \/>\n<meta property=\"article:modified_time\" content=\"2023-06-16T20:53:23+00:00\" \/>\n<meta property=\"og:image\" content=\"https:\/\/dev.myindustrial.eu\/wp-content\/uploads\/2022\/01\/Master-Controller-MC-2-1.webp\" \/>\n\t<meta property=\"og:image:width\" content=\"500\" \/>\n\t<meta property=\"og:image:height\" content=\"500\" \/>\n\t<meta property=\"og:image:type\" content=\"image\/webp\" \/>\n<meta name=\"twitter:card\" content=\"summary_large_image\" \/>\n<script type=\"application\/ld+json\" class=\"yoast-schema-graph\">{\"@context\":\"https:\/\/schema.org\",\"@graph\":[{\"@type\":\"WebPage\",\"@id\":\"https:\/\/dev.myindustrial.eu\/lt\/shop\/pramoniniai-valdikliai-dzoistikai-ir-konsoles\/gelezinkelio-transporto-komandu-valdikliai-en-50155-ir-en-45545\/pagrindine-valdymo-sistema\/\",\"url\":\"https:\/\/dev.myindustrial.eu\/lt\/shop\/pramoniniai-valdikliai-dzoistikai-ir-konsoles\/gelezinkelio-transporto-komandu-valdikliai-en-50155-ir-en-45545\/pagrindine-valdymo-sistema\/\",\"name\":\"Pagrindin\u0117 valdymo sistema - My industrial\",\"isPartOf\":{\"@id\":\"https:\/\/dev.myindustrial.eu\/lt\/#website\"},\"primaryImageOfPage\":{\"@id\":\"https:\/\/dev.myindustrial.eu\/lt\/shop\/pramoniniai-valdikliai-dzoistikai-ir-konsoles\/gelezinkelio-transporto-komandu-valdikliai-en-50155-ir-en-45545\/pagrindine-valdymo-sistema\/#primaryimage\"},\"image\":{\"@id\":\"https:\/\/dev.myindustrial.eu\/lt\/shop\/pramoniniai-valdikliai-dzoistikai-ir-konsoles\/gelezinkelio-transporto-komandu-valdikliai-en-50155-ir-en-45545\/pagrindine-valdymo-sistema\/#primaryimage\"},\"thumbnailUrl\":\"https:\/\/dev.myindustrial.eu\/wp-content\/uploads\/2022\/01\/Master-Controller-MC-2-1.webp\",\"datePublished\":\"2022-01-14T02:01:58+00:00\",\"dateModified\":\"2023-06-16T20:53:23+00:00\",\"breadcrumb\":{\"@id\":\"https:\/\/dev.myindustrial.eu\/lt\/shop\/pramoniniai-valdikliai-dzoistikai-ir-konsoles\/gelezinkelio-transporto-komandu-valdikliai-en-50155-ir-en-45545\/pagrindine-valdymo-sistema\/#breadcrumb\"},\"inLanguage\":\"lt-LT\",\"potentialAction\":[{\"@type\":\"ReadAction\",\"target\":[\"https:\/\/dev.myindustrial.eu\/lt\/shop\/pramoniniai-valdikliai-dzoistikai-ir-konsoles\/gelezinkelio-transporto-komandu-valdikliai-en-50155-ir-en-45545\/pagrindine-valdymo-sistema\/\"]}]},{\"@type\":\"ImageObject\",\"inLanguage\":\"lt-LT\",\"@id\":\"https:\/\/dev.myindustrial.eu\/lt\/shop\/pramoniniai-valdikliai-dzoistikai-ir-konsoles\/gelezinkelio-transporto-komandu-valdikliai-en-50155-ir-en-45545\/pagrindine-valdymo-sistema\/#primaryimage\",\"url\":\"https:\/\/dev.myindustrial.eu\/wp-content\/uploads\/2022\/01\/Master-Controller-MC-2-1.webp\",\"contentUrl\":\"https:\/\/dev.myindustrial.eu\/wp-content\/uploads\/2022\/01\/Master-Controller-MC-2-1.webp\",\"width\":500,\"height\":500},{\"@type\":\"BreadcrumbList\",\"@id\":\"https:\/\/dev.myindustrial.eu\/lt\/shop\/pramoniniai-valdikliai-dzoistikai-ir-konsoles\/gelezinkelio-transporto-komandu-valdikliai-en-50155-ir-en-45545\/pagrindine-valdymo-sistema\/#breadcrumb\",\"itemListElement\":[{\"@type\":\"ListItem\",\"position\":1,\"name\":\"Home\",\"item\":\"https:\/\/dev.myindustrial.eu\/lt\/\"},{\"@type\":\"ListItem\",\"position\":2,\"name\":\"Products\",\"item\":\"https:\/\/dev.myindustrial.eu\/lt\/products\/\"},{\"@type\":\"ListItem\",\"position\":3,\"name\":\"Pagrindin\u0117 valdymo sistema\"}]},{\"@type\":\"WebSite\",\"@id\":\"https:\/\/dev.myindustrial.eu\/lt\/#website\",\"url\":\"https:\/\/dev.myindustrial.eu\/lt\/\",\"name\":\"My industrial\",\"description\":\"\",\"potentialAction\":[{\"@type\":\"SearchAction\",\"target\":{\"@type\":\"EntryPoint\",\"urlTemplate\":\"https:\/\/dev.myindustrial.eu\/lt\/?s={search_term_string}\"},\"query-input\":{\"@type\":\"PropertyValueSpecification\",\"valueRequired\":true,\"valueName\":\"search_term_string\"}}],\"inLanguage\":\"lt-LT\"}]}<\/script>\n<!-- \/ Yoast SEO plugin. -->","yoast_head_json":{"title":"Pagrindin\u0117 valdymo sistema - My industrial","robots":{"index":"noindex","follow":"follow","max-snippet":"max-snippet:-1","max-image-preview":"max-image-preview:large","max-video-preview":"max-video-preview:-1"},"og_locale":"lt_LT","og_type":"article","og_title":"Pagrindin\u0117 valdymo sistema - My industrial","og_description":"Gessmann pagrindin\u0117 valdymo sistema TBC 01, MC 01 yra specialiai sukurta naudoti gele\u017einkelio \u012frangoje. J\u0173 tvirta konstrukcija, pagr\u012fsta atitinkamais standartais","og_url":"https:\/\/dev.myindustrial.eu\/lt\/shop\/pramoniniai-valdikliai-dzoistikai-ir-konsoles\/gelezinkelio-transporto-komandu-valdikliai-en-50155-ir-en-45545\/pagrindine-valdymo-sistema\/","og_site_name":"My industrial","article_modified_time":"2023-06-16T20:53:23+00:00","og_image":[{"width":500,"height":500,"url":"https:\/\/dev.myindustrial.eu\/wp-content\/uploads\/2022\/01\/Master-Controller-MC-2-1.webp","type":"image\/webp"}],"twitter_card":"summary_large_image","schema":{"@context":"https:\/\/schema.org","@graph":[{"@type":"WebPage","@id":"https:\/\/dev.myindustrial.eu\/lt\/shop\/pramoniniai-valdikliai-dzoistikai-ir-konsoles\/gelezinkelio-transporto-komandu-valdikliai-en-50155-ir-en-45545\/pagrindine-valdymo-sistema\/","url":"https:\/\/dev.myindustrial.eu\/lt\/shop\/pramoniniai-valdikliai-dzoistikai-ir-konsoles\/gelezinkelio-transporto-komandu-valdikliai-en-50155-ir-en-45545\/pagrindine-valdymo-sistema\/","name":"Pagrindin\u0117 valdymo sistema - My industrial","isPartOf":{"@id":"https:\/\/dev.myindustrial.eu\/lt\/#website"},"primaryImageOfPage":{"@id":"https:\/\/dev.myindustrial.eu\/lt\/shop\/pramoniniai-valdikliai-dzoistikai-ir-konsoles\/gelezinkelio-transporto-komandu-valdikliai-en-50155-ir-en-45545\/pagrindine-valdymo-sistema\/#primaryimage"},"image":{"@id":"https:\/\/dev.myindustrial.eu\/lt\/shop\/pramoniniai-valdikliai-dzoistikai-ir-konsoles\/gelezinkelio-transporto-komandu-valdikliai-en-50155-ir-en-45545\/pagrindine-valdymo-sistema\/#primaryimage"},"thumbnailUrl":"https:\/\/dev.myindustrial.eu\/wp-content\/uploads\/2022\/01\/Master-Controller-MC-2-1.webp","datePublished":"2022-01-14T02:01:58+00:00","dateModified":"2023-06-16T20:53:23+00:00","breadcrumb":{"@id":"https:\/\/dev.myindustrial.eu\/lt\/shop\/pramoniniai-valdikliai-dzoistikai-ir-konsoles\/gelezinkelio-transporto-komandu-valdikliai-en-50155-ir-en-45545\/pagrindine-valdymo-sistema\/#breadcrumb"},"inLanguage":"lt-LT","potentialAction":[{"@type":"ReadAction","target":["https:\/\/dev.myindustrial.eu\/lt\/shop\/pramoniniai-valdikliai-dzoistikai-ir-konsoles\/gelezinkelio-transporto-komandu-valdikliai-en-50155-ir-en-45545\/pagrindine-valdymo-sistema\/"]}]},{"@type":"ImageObject","inLanguage":"lt-LT","@id":"https:\/\/dev.myindustrial.eu\/lt\/shop\/pramoniniai-valdikliai-dzoistikai-ir-konsoles\/gelezinkelio-transporto-komandu-valdikliai-en-50155-ir-en-45545\/pagrindine-valdymo-sistema\/#primaryimage","url":"https:\/\/dev.myindustrial.eu\/wp-content\/uploads\/2022\/01\/Master-Controller-MC-2-1.webp","contentUrl":"https:\/\/dev.myindustrial.eu\/wp-content\/uploads\/2022\/01\/Master-Controller-MC-2-1.webp","width":500,"height":500},{"@type":"BreadcrumbList","@id":"https:\/\/dev.myindustrial.eu\/lt\/shop\/pramoniniai-valdikliai-dzoistikai-ir-konsoles\/gelezinkelio-transporto-komandu-valdikliai-en-50155-ir-en-45545\/pagrindine-valdymo-sistema\/#breadcrumb","itemListElement":[{"@type":"ListItem","position":1,"name":"Home","item":"https:\/\/dev.myindustrial.eu\/lt\/"},{"@type":"ListItem","position":2,"name":"Products","item":"https:\/\/dev.myindustrial.eu\/lt\/products\/"},{"@type":"ListItem","position":3,"name":"Pagrindin\u0117 valdymo sistema"}]},{"@type":"WebSite","@id":"https:\/\/dev.myindustrial.eu\/lt\/#website","url":"https:\/\/dev.myindustrial.eu\/lt\/","name":"My industrial","description":"","potentialAction":[{"@type":"SearchAction","target":{"@type":"EntryPoint","urlTemplate":"https:\/\/dev.myindustrial.eu\/lt\/?s={search_term_string}"},"query-input":{"@type":"PropertyValueSpecification","valueRequired":true,"valueName":"search_term_string"}}],"inLanguage":"lt-LT"}]}},"_links":{"self":[{"href":"https:\/\/dev.myindustrial.eu\/lt\/wp-json\/wp\/v2\/product\/1260059190","targetHints":{"allow":["GET"]}}],"collection":[{"href":"https:\/\/dev.myindustrial.eu\/lt\/wp-json\/wp\/v2\/product"}],"about":[{"href":"https:\/\/dev.myindustrial.eu\/lt\/wp-json\/wp\/v2\/types\/product"}],"version-history":[{"count":0,"href":"https:\/\/dev.myindustrial.eu\/lt\/wp-json\/wp\/v2\/product\/1260059190\/revisions"}],"wp:featuredmedia":[{"embeddable":true,"href":"https:\/\/dev.myindustrial.eu\/lt\/wp-json\/wp\/v2\/media\/1260057921"}],"wp:attachment":[{"href":"https:\/\/dev.myindustrial.eu\/lt\/wp-json\/wp\/v2\/media?parent=1260059190"}],"wp:term":[{"taxonomy":"product_brand","embeddable":true,"href":"https:\/\/dev.myindustrial.eu\/lt\/wp-json\/wp\/v2\/product_brand?post=1260059190"},{"taxonomy":"product_cat","embeddable":true,"href":"https:\/\/dev.myindustrial.eu\/lt\/wp-json\/wp\/v2\/product_cat?post=1260059190"},{"taxonomy":"product_tag","embeddable":true,"href":"https:\/\/dev.myindustrial.eu\/lt\/wp-json\/wp\/v2\/product_tag?post=1260059190"}],"curies":[{"name":"wp","href":"https:\/\/api.w.org\/{rel}","templated":true}]}}