{"id":1260059196,"date":"2022-01-14T02:02:06","date_gmt":"2022-01-14T02:02:06","guid":{"rendered":"https:\/\/dev.myindustrial.eu\/shop-2\/be-kategorijos\/pedalas-p15-gelezinkeliui\/"},"modified":"2023-06-16T20:53:15","modified_gmt":"2023-06-16T20:53:15","slug":"pedalas-p15-gelezinkeliui","status":"publish","type":"product","link":"https:\/\/dev.myindustrial.eu\/lt\/shop\/pramoniniai-valdikliai-dzoistikai-ir-konsoles\/pedu-pedalai\/pedalas-p15-gelezinkeliui\/","title":{"rendered":"Pedalas P15 gele\u017einkeliui"},"content":{"rendered":"<p>Gessmann pedal\u0173 valdiklis P15 yra specialiai sukurtas naudoti gele\u017einkeliuose. J\u0173 tvirta konstrukcija, pagr\u012fsta atitinkamais standartais EN-60077 ir EN-50155, garantuoja ma\u017eas gyvavimo ciklo i\u0161laidas ir 35 met\u0173 prie\u017ei\u016br\u0105.Aplinkos temperat\u016bra transporto priemon\u0117s i\u0161or\u0117je: nuo -40 \u00b0 C iki +50 \u00b0 C -&gt; EN 50 155 T1, T2, T3, TX klas\u0117.Sm\u016bgis ir vibracija: Pagal EN 61373.Izoliacija ir auk\u0161tos \u012ftampos bandymas: Pagal EN 50155.Tar\u0161os laipsnis PD 3 pagal: EN 60077-1 (kiti pagal poreik\u012f).Ugnis ir d\u016bmai: atitinka EN 45545 (kiti pagal poreik\u012f)Elektros patvarumas: Minimali darbo ciklo klas\u0117 C3\/A3 pagal EN 60077-2.<\/p>\n","protected":false},"excerpt":{"rendered":"<p><a href='\/wp-content\/uploads\/gessmann\/Foot_operated_pedal_P15.pdf'><img decoding=\"async\" src=\"\/wp-content\/uploads\/2023\/02\/download-button-lt.svg\" \/><\/a><\/p>\n","protected":false},"featured_media":1260057957,"template":"","meta":[],"product_brand":[],"product_cat":[1344],"product_tag":[],"class_list":{"0":"post-1260059196","1":"product","2":"type-product","3":"status-publish","4":"has-post-thumbnail","6":"product_cat-pedu-pedalai","8":"first","9":"instock","10":"product-type-simple"},"yoast_head":"<!-- This site is optimized with the Yoast SEO plugin v27.1.1 - https:\/\/yoast.com\/product\/yoast-seo-wordpress\/ -->\n<title>Pedalas P15 gele\u017einkeliui - My industrial<\/title>\n<meta name=\"robots\" content=\"noindex, follow, max-snippet:-1, max-image-preview:large, max-video-preview:-1\" \/>\n<meta property=\"og:locale\" content=\"lt_LT\" \/>\n<meta property=\"og:type\" content=\"article\" \/>\n<meta property=\"og:title\" content=\"Pedalas P15 gele\u017einkeliui - My industrial\" \/>\n<meta property=\"og:url\" content=\"https:\/\/dev.myindustrial.eu\/lt\/shop\/pramoniniai-valdikliai-dzoistikai-ir-konsoles\/pedu-pedalai\/pedalas-p15-gelezinkeliui\/\" \/>\n<meta property=\"og:site_name\" content=\"My industrial\" \/>\n<meta property=\"article:modified_time\" content=\"2023-06-16T20:53:15+00:00\" \/>\n<meta property=\"og:image\" content=\"https:\/\/dev.myindustrial.eu\/wp-content\/uploads\/2022\/01\/p15.webp\" \/>\n\t<meta property=\"og:image:width\" content=\"500\" \/>\n\t<meta property=\"og:image:height\" content=\"500\" \/>\n\t<meta property=\"og:image:type\" content=\"image\/webp\" \/>\n<meta name=\"twitter:card\" content=\"summary_large_image\" \/>\n<script type=\"application\/ld+json\" class=\"yoast-schema-graph\">{\"@context\":\"https:\/\/schema.org\",\"@graph\":[{\"@type\":\"WebPage\",\"@id\":\"https:\/\/dev.myindustrial.eu\/lt\/shop\/pramoniniai-valdikliai-dzoistikai-ir-konsoles\/pedu-pedalai\/pedalas-p15-gelezinkeliui\/\",\"url\":\"https:\/\/dev.myindustrial.eu\/lt\/shop\/pramoniniai-valdikliai-dzoistikai-ir-konsoles\/pedu-pedalai\/pedalas-p15-gelezinkeliui\/\",\"name\":\"Pedalas P15 gele\u017einkeliui - My industrial\",\"isPartOf\":{\"@id\":\"https:\/\/dev.myindustrial.eu\/lt\/#website\"},\"primaryImageOfPage\":{\"@id\":\"https:\/\/dev.myindustrial.eu\/lt\/shop\/pramoniniai-valdikliai-dzoistikai-ir-konsoles\/pedu-pedalai\/pedalas-p15-gelezinkeliui\/#primaryimage\"},\"image\":{\"@id\":\"https:\/\/dev.myindustrial.eu\/lt\/shop\/pramoniniai-valdikliai-dzoistikai-ir-konsoles\/pedu-pedalai\/pedalas-p15-gelezinkeliui\/#primaryimage\"},\"thumbnailUrl\":\"https:\/\/dev.myindustrial.eu\/wp-content\/uploads\/2022\/01\/p15.webp\",\"datePublished\":\"2022-01-14T02:02:06+00:00\",\"dateModified\":\"2023-06-16T20:53:15+00:00\",\"breadcrumb\":{\"@id\":\"https:\/\/dev.myindustrial.eu\/lt\/shop\/pramoniniai-valdikliai-dzoistikai-ir-konsoles\/pedu-pedalai\/pedalas-p15-gelezinkeliui\/#breadcrumb\"},\"inLanguage\":\"lt-LT\",\"potentialAction\":[{\"@type\":\"ReadAction\",\"target\":[\"https:\/\/dev.myindustrial.eu\/lt\/shop\/pramoniniai-valdikliai-dzoistikai-ir-konsoles\/pedu-pedalai\/pedalas-p15-gelezinkeliui\/\"]}]},{\"@type\":\"ImageObject\",\"inLanguage\":\"lt-LT\",\"@id\":\"https:\/\/dev.myindustrial.eu\/lt\/shop\/pramoniniai-valdikliai-dzoistikai-ir-konsoles\/pedu-pedalai\/pedalas-p15-gelezinkeliui\/#primaryimage\",\"url\":\"https:\/\/dev.myindustrial.eu\/wp-content\/uploads\/2022\/01\/p15.webp\",\"contentUrl\":\"https:\/\/dev.myindustrial.eu\/wp-content\/uploads\/2022\/01\/p15.webp\",\"width\":500,\"height\":500},{\"@type\":\"BreadcrumbList\",\"@id\":\"https:\/\/dev.myindustrial.eu\/lt\/shop\/pramoniniai-valdikliai-dzoistikai-ir-konsoles\/pedu-pedalai\/pedalas-p15-gelezinkeliui\/#breadcrumb\",\"itemListElement\":[{\"@type\":\"ListItem\",\"position\":1,\"name\":\"Home\",\"item\":\"https:\/\/dev.myindustrial.eu\/lt\/\"},{\"@type\":\"ListItem\",\"position\":2,\"name\":\"Products\",\"item\":\"https:\/\/dev.myindustrial.eu\/lt\/products\/\"},{\"@type\":\"ListItem\",\"position\":3,\"name\":\"Pedalas P15 gele\u017einkeliui\"}]},{\"@type\":\"WebSite\",\"@id\":\"https:\/\/dev.myindustrial.eu\/lt\/#website\",\"url\":\"https:\/\/dev.myindustrial.eu\/lt\/\",\"name\":\"My industrial\",\"description\":\"\",\"potentialAction\":[{\"@type\":\"SearchAction\",\"target\":{\"@type\":\"EntryPoint\",\"urlTemplate\":\"https:\/\/dev.myindustrial.eu\/lt\/?s={search_term_string}\"},\"query-input\":{\"@type\":\"PropertyValueSpecification\",\"valueRequired\":true,\"valueName\":\"search_term_string\"}}],\"inLanguage\":\"lt-LT\"}]}<\/script>\n<!-- \/ Yoast SEO plugin. -->","yoast_head_json":{"title":"Pedalas P15 gele\u017einkeliui - My industrial","robots":{"index":"noindex","follow":"follow","max-snippet":"max-snippet:-1","max-image-preview":"max-image-preview:large","max-video-preview":"max-video-preview:-1"},"og_locale":"lt_LT","og_type":"article","og_title":"Pedalas P15 gele\u017einkeliui - My industrial","og_url":"https:\/\/dev.myindustrial.eu\/lt\/shop\/pramoniniai-valdikliai-dzoistikai-ir-konsoles\/pedu-pedalai\/pedalas-p15-gelezinkeliui\/","og_site_name":"My industrial","article_modified_time":"2023-06-16T20:53:15+00:00","og_image":[{"width":500,"height":500,"url":"https:\/\/dev.myindustrial.eu\/wp-content\/uploads\/2022\/01\/p15.webp","type":"image\/webp"}],"twitter_card":"summary_large_image","schema":{"@context":"https:\/\/schema.org","@graph":[{"@type":"WebPage","@id":"https:\/\/dev.myindustrial.eu\/lt\/shop\/pramoniniai-valdikliai-dzoistikai-ir-konsoles\/pedu-pedalai\/pedalas-p15-gelezinkeliui\/","url":"https:\/\/dev.myindustrial.eu\/lt\/shop\/pramoniniai-valdikliai-dzoistikai-ir-konsoles\/pedu-pedalai\/pedalas-p15-gelezinkeliui\/","name":"Pedalas P15 gele\u017einkeliui - My industrial","isPartOf":{"@id":"https:\/\/dev.myindustrial.eu\/lt\/#website"},"primaryImageOfPage":{"@id":"https:\/\/dev.myindustrial.eu\/lt\/shop\/pramoniniai-valdikliai-dzoistikai-ir-konsoles\/pedu-pedalai\/pedalas-p15-gelezinkeliui\/#primaryimage"},"image":{"@id":"https:\/\/dev.myindustrial.eu\/lt\/shop\/pramoniniai-valdikliai-dzoistikai-ir-konsoles\/pedu-pedalai\/pedalas-p15-gelezinkeliui\/#primaryimage"},"thumbnailUrl":"https:\/\/dev.myindustrial.eu\/wp-content\/uploads\/2022\/01\/p15.webp","datePublished":"2022-01-14T02:02:06+00:00","dateModified":"2023-06-16T20:53:15+00:00","breadcrumb":{"@id":"https:\/\/dev.myindustrial.eu\/lt\/shop\/pramoniniai-valdikliai-dzoistikai-ir-konsoles\/pedu-pedalai\/pedalas-p15-gelezinkeliui\/#breadcrumb"},"inLanguage":"lt-LT","potentialAction":[{"@type":"ReadAction","target":["https:\/\/dev.myindustrial.eu\/lt\/shop\/pramoniniai-valdikliai-dzoistikai-ir-konsoles\/pedu-pedalai\/pedalas-p15-gelezinkeliui\/"]}]},{"@type":"ImageObject","inLanguage":"lt-LT","@id":"https:\/\/dev.myindustrial.eu\/lt\/shop\/pramoniniai-valdikliai-dzoistikai-ir-konsoles\/pedu-pedalai\/pedalas-p15-gelezinkeliui\/#primaryimage","url":"https:\/\/dev.myindustrial.eu\/wp-content\/uploads\/2022\/01\/p15.webp","contentUrl":"https:\/\/dev.myindustrial.eu\/wp-content\/uploads\/2022\/01\/p15.webp","width":500,"height":500},{"@type":"BreadcrumbList","@id":"https:\/\/dev.myindustrial.eu\/lt\/shop\/pramoniniai-valdikliai-dzoistikai-ir-konsoles\/pedu-pedalai\/pedalas-p15-gelezinkeliui\/#breadcrumb","itemListElement":[{"@type":"ListItem","position":1,"name":"Home","item":"https:\/\/dev.myindustrial.eu\/lt\/"},{"@type":"ListItem","position":2,"name":"Products","item":"https:\/\/dev.myindustrial.eu\/lt\/products\/"},{"@type":"ListItem","position":3,"name":"Pedalas P15 gele\u017einkeliui"}]},{"@type":"WebSite","@id":"https:\/\/dev.myindustrial.eu\/lt\/#website","url":"https:\/\/dev.myindustrial.eu\/lt\/","name":"My industrial","description":"","potentialAction":[{"@type":"SearchAction","target":{"@type":"EntryPoint","urlTemplate":"https:\/\/dev.myindustrial.eu\/lt\/?s={search_term_string}"},"query-input":{"@type":"PropertyValueSpecification","valueRequired":true,"valueName":"search_term_string"}}],"inLanguage":"lt-LT"}]}},"_links":{"self":[{"href":"https:\/\/dev.myindustrial.eu\/lt\/wp-json\/wp\/v2\/product\/1260059196","targetHints":{"allow":["GET"]}}],"collection":[{"href":"https:\/\/dev.myindustrial.eu\/lt\/wp-json\/wp\/v2\/product"}],"about":[{"href":"https:\/\/dev.myindustrial.eu\/lt\/wp-json\/wp\/v2\/types\/product"}],"version-history":[{"count":0,"href":"https:\/\/dev.myindustrial.eu\/lt\/wp-json\/wp\/v2\/product\/1260059196\/revisions"}],"wp:featuredmedia":[{"embeddable":true,"href":"https:\/\/dev.myindustrial.eu\/lt\/wp-json\/wp\/v2\/media\/1260057957"}],"wp:attachment":[{"href":"https:\/\/dev.myindustrial.eu\/lt\/wp-json\/wp\/v2\/media?parent=1260059196"}],"wp:term":[{"taxonomy":"product_brand","embeddable":true,"href":"https:\/\/dev.myindustrial.eu\/lt\/wp-json\/wp\/v2\/product_brand?post=1260059196"},{"taxonomy":"product_cat","embeddable":true,"href":"https:\/\/dev.myindustrial.eu\/lt\/wp-json\/wp\/v2\/product_cat?post=1260059196"},{"taxonomy":"product_tag","embeddable":true,"href":"https:\/\/dev.myindustrial.eu\/lt\/wp-json\/wp\/v2\/product_tag?post=1260059196"}],"curies":[{"name":"wp","href":"https:\/\/api.w.org\/{rel}","templated":true}]}}