{"id":1260059251,"date":"2022-01-14T02:02:23","date_gmt":"2022-01-14T02:02:23","guid":{"rendered":"https:\/\/dev.myindustrial.eu\/shop-2\/be-kategorijos\/elhy-elektrohidraulinis-variklis\/"},"modified":"2023-06-16T20:51:21","modified_gmt":"2023-06-16T20:51:21","slug":"elhy-elektrohidraulinis-variklis","status":"publish","type":"product","link":"https:\/\/dev.myindustrial.eu\/lt\/shop\/elektrohidrauliniai-pavaru-sprendimai\/elektrohidrauliniai-varikliai\/elhy-elektrohidraulinis-variklis\/","title":{"rendered":"ELHY\u00ae elektrohidraulinis variklis"},"content":{"rendered":"<p><iframe width=\"560\" height=\"315\" src=\"https:\/\/youtube.com\/embed\/E9ieLcNyUUY\" frameborder=\"0\" allow=\"accelerometer; autoplay; clipboard-write; encrypted-media; gyroscope; picture-in-picture; web-share\" allowfullscreen><\/iframe><\/p>\n","protected":false},"excerpt":{"rendered":"<p><strong>Funkcijos principas<\/strong><\/p>\n<p>ELHY\u00ae prietaisai yra trij\u0173 skirting\u0173 serij\u0173, kuri\u0173 visi turi t\u0105 pat\u012f funkcin\u012f princip\u0105, t\u0105 pat\u012f vidin\u012f dizain\u0105 ir t\u0105 pa\u010di\u0105 i\u0161orin\u0119 form\u0105.<br \/>\nKorpuse yra variklio su pavara statorius; pats variklis yra trifazis asinchroninis \u201etrumpojo jungimo\u201c variklis. Variklis veikia darbiniame skystyje.<br \/>\nElektros jungtis u\u017emezgama per gnybt\u0173 d\u0117\u017eut\u0119, kuri sandariai u\u017esandarina variklio korpus\u0105. Variklio korpuso lietin\u0117s kojel\u0117s naudojamos ELHY\u00ae prietaisui pritvirtinti. Siurblio sparnuot\u0117 pritvirtinta prie variklio veleno.<br \/>\nKreipiantis cilindras su a\u0161ine kryptimi judan\u010diu st\u016bmokliu yra vir\u0161 sparnuot\u0117s. Prietaiso vidus yra u\u017epildytas hidrauliniu skys\u010diu iki u\u017epildymo angos lygio.<\/p>\n<p><a href=\"\/wp-content\/uploads\/2022\/01\/20221212_emg_elhy_en_rev00.pdf\" target=\"_blank\" rel=\"noopener\"><img decoding=\"async\" src=\"\/wp-content\/uploads\/2023\/02\/download-button-lt.svg\" \/><\/a><\/p>\n","protected":false},"featured_media":1260058287,"template":"","meta":[],"product_brand":[],"product_cat":[1313],"product_tag":[],"class_list":{"0":"post-1260059251","1":"product","2":"type-product","3":"status-publish","4":"has-post-thumbnail","6":"product_cat-elektrohidrauliniai-varikliai","8":"first","9":"instock","10":"product-type-simple"},"yoast_head":"<!-- This site is optimized with the Yoast SEO plugin v27.1.1 - https:\/\/yoast.com\/product\/yoast-seo-wordpress\/ -->\n<title>ELHY\u00ae elektrohidraulinis variklis - My industrial<\/title>\n<meta name=\"robots\" content=\"noindex, follow, max-snippet:-1, max-image-preview:large, max-video-preview:-1\" \/>\n<meta property=\"og:locale\" content=\"lt_LT\" \/>\n<meta property=\"og:type\" content=\"article\" \/>\n<meta property=\"og:title\" content=\"ELHY\u00ae elektrohidraulinis variklis - My industrial\" \/>\n<meta property=\"og:description\" content=\"Funkcijos principas  ELHY\u00ae prietaisai yra trij\u0173 skirting\u0173 serij\u0173, kuri\u0173 visi turi t\u0105 pat\u012f funkcin\u012f princip\u0105, t\u0105 pat\u012f vidin\u012f dizain\u0105 ir t\u0105 pa\u010di\u0105 i\u0161orin\u0119 form\u0105. Korpuse yra variklio su pavara statorius; pats variklis yra trifazis asinchroninis \u201etrumpojo jungimo\u201c variklis. Variklis veikia darbiniame skystyje. Elektros jungtis u\u017emezgama per gnybt\u0173 d\u0117\u017eut\u0119, kuri sandariai u\u017esandarina variklio korpus\u0105. Variklio korpuso lietin\u0117s kojel\u0117s naudojamos ELHY\u00ae prietaisui pritvirtinti. Siurblio sparnuot\u0117 pritvirtinta prie variklio veleno. Kreipiantis cilindras su a\u0161ine kryptimi judan\u010diu st\u016bmokliu yra vir\u0161 sparnuot\u0117s. Prietaiso vidus yra u\u017epildytas hidrauliniu skys\u010diu iki u\u017epildymo angos lygio.\" \/>\n<meta property=\"og:url\" content=\"https:\/\/dev.myindustrial.eu\/lt\/shop\/elektrohidrauliniai-pavaru-sprendimai\/elektrohidrauliniai-varikliai\/elhy-elektrohidraulinis-variklis\/\" \/>\n<meta property=\"og:site_name\" content=\"My industrial\" \/>\n<meta property=\"article:modified_time\" content=\"2023-06-16T20:51:21+00:00\" \/>\n<meta property=\"og:image\" content=\"https:\/\/dev.myindustrial.eu\/wp-content\/uploads\/2022\/01\/ELHY-1-280x300-3.jpg\" \/>\n\t<meta property=\"og:image:width\" content=\"280\" \/>\n\t<meta property=\"og:image:height\" content=\"300\" \/>\n\t<meta property=\"og:image:type\" content=\"image\/jpeg\" \/>\n<meta name=\"twitter:card\" content=\"summary_large_image\" \/>\n<script type=\"application\/ld+json\" class=\"yoast-schema-graph\">{\"@context\":\"https:\/\/schema.org\",\"@graph\":[{\"@type\":\"WebPage\",\"@id\":\"https:\/\/dev.myindustrial.eu\/lt\/shop\/elektrohidrauliniai-pavaru-sprendimai\/elektrohidrauliniai-varikliai\/elhy-elektrohidraulinis-variklis\/\",\"url\":\"https:\/\/dev.myindustrial.eu\/lt\/shop\/elektrohidrauliniai-pavaru-sprendimai\/elektrohidrauliniai-varikliai\/elhy-elektrohidraulinis-variklis\/\",\"name\":\"ELHY\u00ae elektrohidraulinis variklis - My industrial\",\"isPartOf\":{\"@id\":\"https:\/\/dev.myindustrial.eu\/lt\/#website\"},\"primaryImageOfPage\":{\"@id\":\"https:\/\/dev.myindustrial.eu\/lt\/shop\/elektrohidrauliniai-pavaru-sprendimai\/elektrohidrauliniai-varikliai\/elhy-elektrohidraulinis-variklis\/#primaryimage\"},\"image\":{\"@id\":\"https:\/\/dev.myindustrial.eu\/lt\/shop\/elektrohidrauliniai-pavaru-sprendimai\/elektrohidrauliniai-varikliai\/elhy-elektrohidraulinis-variklis\/#primaryimage\"},\"thumbnailUrl\":\"https:\/\/dev.myindustrial.eu\/wp-content\/uploads\/2022\/01\/ELHY-1-280x300-3.jpg\",\"datePublished\":\"2022-01-14T02:02:23+00:00\",\"dateModified\":\"2023-06-16T20:51:21+00:00\",\"breadcrumb\":{\"@id\":\"https:\/\/dev.myindustrial.eu\/lt\/shop\/elektrohidrauliniai-pavaru-sprendimai\/elektrohidrauliniai-varikliai\/elhy-elektrohidraulinis-variklis\/#breadcrumb\"},\"inLanguage\":\"lt-LT\",\"potentialAction\":[{\"@type\":\"ReadAction\",\"target\":[\"https:\/\/dev.myindustrial.eu\/lt\/shop\/elektrohidrauliniai-pavaru-sprendimai\/elektrohidrauliniai-varikliai\/elhy-elektrohidraulinis-variklis\/\"]}]},{\"@type\":\"ImageObject\",\"inLanguage\":\"lt-LT\",\"@id\":\"https:\/\/dev.myindustrial.eu\/lt\/shop\/elektrohidrauliniai-pavaru-sprendimai\/elektrohidrauliniai-varikliai\/elhy-elektrohidraulinis-variklis\/#primaryimage\",\"url\":\"https:\/\/dev.myindustrial.eu\/wp-content\/uploads\/2022\/01\/ELHY-1-280x300-3.jpg\",\"contentUrl\":\"https:\/\/dev.myindustrial.eu\/wp-content\/uploads\/2022\/01\/ELHY-1-280x300-3.jpg\",\"width\":280,\"height\":300},{\"@type\":\"BreadcrumbList\",\"@id\":\"https:\/\/dev.myindustrial.eu\/lt\/shop\/elektrohidrauliniai-pavaru-sprendimai\/elektrohidrauliniai-varikliai\/elhy-elektrohidraulinis-variklis\/#breadcrumb\",\"itemListElement\":[{\"@type\":\"ListItem\",\"position\":1,\"name\":\"Home\",\"item\":\"https:\/\/dev.myindustrial.eu\/lt\/\"},{\"@type\":\"ListItem\",\"position\":2,\"name\":\"Products\",\"item\":\"https:\/\/dev.myindustrial.eu\/lt\/products\/\"},{\"@type\":\"ListItem\",\"position\":3,\"name\":\"ELHY\u00ae elektrohidraulinis variklis\"}]},{\"@type\":\"WebSite\",\"@id\":\"https:\/\/dev.myindustrial.eu\/lt\/#website\",\"url\":\"https:\/\/dev.myindustrial.eu\/lt\/\",\"name\":\"My industrial\",\"description\":\"\",\"potentialAction\":[{\"@type\":\"SearchAction\",\"target\":{\"@type\":\"EntryPoint\",\"urlTemplate\":\"https:\/\/dev.myindustrial.eu\/lt\/?s={search_term_string}\"},\"query-input\":{\"@type\":\"PropertyValueSpecification\",\"valueRequired\":true,\"valueName\":\"search_term_string\"}}],\"inLanguage\":\"lt-LT\"}]}<\/script>\n<!-- \/ Yoast SEO plugin. -->","yoast_head_json":{"title":"ELHY\u00ae elektrohidraulinis variklis - My industrial","robots":{"index":"noindex","follow":"follow","max-snippet":"max-snippet:-1","max-image-preview":"max-image-preview:large","max-video-preview":"max-video-preview:-1"},"og_locale":"lt_LT","og_type":"article","og_title":"ELHY\u00ae elektrohidraulinis variklis - My industrial","og_description":"Funkcijos principas  ELHY\u00ae prietaisai yra trij\u0173 skirting\u0173 serij\u0173, kuri\u0173 visi turi t\u0105 pat\u012f funkcin\u012f princip\u0105, t\u0105 pat\u012f vidin\u012f dizain\u0105 ir t\u0105 pa\u010di\u0105 i\u0161orin\u0119 form\u0105. Korpuse yra variklio su pavara statorius; pats variklis yra trifazis asinchroninis \u201etrumpojo jungimo\u201c variklis. Variklis veikia darbiniame skystyje. Elektros jungtis u\u017emezgama per gnybt\u0173 d\u0117\u017eut\u0119, kuri sandariai u\u017esandarina variklio korpus\u0105. Variklio korpuso lietin\u0117s kojel\u0117s naudojamos ELHY\u00ae prietaisui pritvirtinti. Siurblio sparnuot\u0117 pritvirtinta prie variklio veleno. Kreipiantis cilindras su a\u0161ine kryptimi judan\u010diu st\u016bmokliu yra vir\u0161 sparnuot\u0117s. Prietaiso vidus yra u\u017epildytas hidrauliniu skys\u010diu iki u\u017epildymo angos lygio.","og_url":"https:\/\/dev.myindustrial.eu\/lt\/shop\/elektrohidrauliniai-pavaru-sprendimai\/elektrohidrauliniai-varikliai\/elhy-elektrohidraulinis-variklis\/","og_site_name":"My industrial","article_modified_time":"2023-06-16T20:51:21+00:00","og_image":[{"width":280,"height":300,"url":"https:\/\/dev.myindustrial.eu\/wp-content\/uploads\/2022\/01\/ELHY-1-280x300-3.jpg","type":"image\/jpeg"}],"twitter_card":"summary_large_image","schema":{"@context":"https:\/\/schema.org","@graph":[{"@type":"WebPage","@id":"https:\/\/dev.myindustrial.eu\/lt\/shop\/elektrohidrauliniai-pavaru-sprendimai\/elektrohidrauliniai-varikliai\/elhy-elektrohidraulinis-variklis\/","url":"https:\/\/dev.myindustrial.eu\/lt\/shop\/elektrohidrauliniai-pavaru-sprendimai\/elektrohidrauliniai-varikliai\/elhy-elektrohidraulinis-variklis\/","name":"ELHY\u00ae elektrohidraulinis variklis - My industrial","isPartOf":{"@id":"https:\/\/dev.myindustrial.eu\/lt\/#website"},"primaryImageOfPage":{"@id":"https:\/\/dev.myindustrial.eu\/lt\/shop\/elektrohidrauliniai-pavaru-sprendimai\/elektrohidrauliniai-varikliai\/elhy-elektrohidraulinis-variklis\/#primaryimage"},"image":{"@id":"https:\/\/dev.myindustrial.eu\/lt\/shop\/elektrohidrauliniai-pavaru-sprendimai\/elektrohidrauliniai-varikliai\/elhy-elektrohidraulinis-variklis\/#primaryimage"},"thumbnailUrl":"https:\/\/dev.myindustrial.eu\/wp-content\/uploads\/2022\/01\/ELHY-1-280x300-3.jpg","datePublished":"2022-01-14T02:02:23+00:00","dateModified":"2023-06-16T20:51:21+00:00","breadcrumb":{"@id":"https:\/\/dev.myindustrial.eu\/lt\/shop\/elektrohidrauliniai-pavaru-sprendimai\/elektrohidrauliniai-varikliai\/elhy-elektrohidraulinis-variklis\/#breadcrumb"},"inLanguage":"lt-LT","potentialAction":[{"@type":"ReadAction","target":["https:\/\/dev.myindustrial.eu\/lt\/shop\/elektrohidrauliniai-pavaru-sprendimai\/elektrohidrauliniai-varikliai\/elhy-elektrohidraulinis-variklis\/"]}]},{"@type":"ImageObject","inLanguage":"lt-LT","@id":"https:\/\/dev.myindustrial.eu\/lt\/shop\/elektrohidrauliniai-pavaru-sprendimai\/elektrohidrauliniai-varikliai\/elhy-elektrohidraulinis-variklis\/#primaryimage","url":"https:\/\/dev.myindustrial.eu\/wp-content\/uploads\/2022\/01\/ELHY-1-280x300-3.jpg","contentUrl":"https:\/\/dev.myindustrial.eu\/wp-content\/uploads\/2022\/01\/ELHY-1-280x300-3.jpg","width":280,"height":300},{"@type":"BreadcrumbList","@id":"https:\/\/dev.myindustrial.eu\/lt\/shop\/elektrohidrauliniai-pavaru-sprendimai\/elektrohidrauliniai-varikliai\/elhy-elektrohidraulinis-variklis\/#breadcrumb","itemListElement":[{"@type":"ListItem","position":1,"name":"Home","item":"https:\/\/dev.myindustrial.eu\/lt\/"},{"@type":"ListItem","position":2,"name":"Products","item":"https:\/\/dev.myindustrial.eu\/lt\/products\/"},{"@type":"ListItem","position":3,"name":"ELHY\u00ae elektrohidraulinis variklis"}]},{"@type":"WebSite","@id":"https:\/\/dev.myindustrial.eu\/lt\/#website","url":"https:\/\/dev.myindustrial.eu\/lt\/","name":"My industrial","description":"","potentialAction":[{"@type":"SearchAction","target":{"@type":"EntryPoint","urlTemplate":"https:\/\/dev.myindustrial.eu\/lt\/?s={search_term_string}"},"query-input":{"@type":"PropertyValueSpecification","valueRequired":true,"valueName":"search_term_string"}}],"inLanguage":"lt-LT"}]}},"_links":{"self":[{"href":"https:\/\/dev.myindustrial.eu\/lt\/wp-json\/wp\/v2\/product\/1260059251","targetHints":{"allow":["GET"]}}],"collection":[{"href":"https:\/\/dev.myindustrial.eu\/lt\/wp-json\/wp\/v2\/product"}],"about":[{"href":"https:\/\/dev.myindustrial.eu\/lt\/wp-json\/wp\/v2\/types\/product"}],"version-history":[{"count":0,"href":"https:\/\/dev.myindustrial.eu\/lt\/wp-json\/wp\/v2\/product\/1260059251\/revisions"}],"wp:featuredmedia":[{"embeddable":true,"href":"https:\/\/dev.myindustrial.eu\/lt\/wp-json\/wp\/v2\/media\/1260058287"}],"wp:attachment":[{"href":"https:\/\/dev.myindustrial.eu\/lt\/wp-json\/wp\/v2\/media?parent=1260059251"}],"wp:term":[{"taxonomy":"product_brand","embeddable":true,"href":"https:\/\/dev.myindustrial.eu\/lt\/wp-json\/wp\/v2\/product_brand?post=1260059251"},{"taxonomy":"product_cat","embeddable":true,"href":"https:\/\/dev.myindustrial.eu\/lt\/wp-json\/wp\/v2\/product_cat?post=1260059251"},{"taxonomy":"product_tag","embeddable":true,"href":"https:\/\/dev.myindustrial.eu\/lt\/wp-json\/wp\/v2\/product_tag?post=1260059251"}],"curies":[{"name":"wp","href":"https:\/\/api.w.org\/{rel}","templated":true}]}}