{"id":1260059252,"date":"2022-01-14T02:02:32","date_gmt":"2022-01-14T02:02:32","guid":{"rendered":"https:\/\/dev.myindustrial.eu\/shop-2\/be-kategorijos\/eldro-serija-atspari-sprogimui\/"},"modified":"2023-06-16T20:51:21","modified_gmt":"2023-06-16T20:51:21","slug":"eldro-serija-atspari-sprogimui","status":"publish","type":"product","link":"https:\/\/dev.myindustrial.eu\/lt\/shop\/elektrohidrauliniai-pavaru-sprendimai\/elektrohidrauliniai-varikliai\/eldro-serija-atspari-sprogimui\/","title":{"rendered":"ELDRO\u00ae serija, atspari sprogimui"},"content":{"rendered":"<p><iframe width=\"560\" height=\"315\" src=\"https:\/\/youtube.com\/embed\/E9ieLcNyUUY\" frameborder=\"0\" allow=\"accelerometer; autoplay; clipboard-write; encrypted-media; gyroscope; picture-in-picture; web-share\" allowfullscreen><\/iframe><\/p>\n","protected":false},"excerpt":{"rendered":"<p><strong>Taikymo sritys<\/strong><br \/>\nDujos, garai, garai ir dulk\u0117s susidaro arba i\u0161siskiria gaminant, perdirbant, gabenant ir sand\u0117liuojant degi\u0105sias med\u017eiagas daugelyje pramon\u0117s sektori\u0173. Susijungus su deguonimi, gali susidaryti sprogi atmosfera. Jei tai u\u017esidegs, tai gali sukelti sprogimus ir rimt\u0173 su\u017ealojim\u0173 bei materialin\u0117s \u017ealos. Tokie sektoriai apima, pavyzd\u017eiui, chemijos ir naftos chemijos pramon\u0119, farmacij\u0105, naftos ir duj\u0173 gamyb\u0105, kasyb\u0105, taip pat maisto pramon\u0119, biokuro pramon\u0119 ir nuotek\u0173 sektori\u0173.<\/p>\n<p>Apsaugoti nuo sprogimo ELDRO\u00ae prietaisai idealiai tinka \u0161ioms taikymo sritims. Jie atitinka galiojan\u010dias taisykles ir standartus ir gali b\u016bti naudojami \u012fvairiais b\u016bdais.<\/p>\n<p><strong>Pavojinga zona:<\/strong><\/p>\n<ul>\n<li>I M2 (kasyba) <\/li>\n<li>II 2G 1 ir 2 zonoms (vir\u0161 \u017eem\u0117s) <\/li>\n<li>II 2D 21 ir 22 zonoms (vir\u0161 \u017eem\u0117s) <\/li>\n<\/ul>\n<p><strong>Atitikties sertifikatas:<br \/>\n<\/strong><\/p>\n<ul>\n<li>ATEX &#8211; BVS 05 ATEX E 074 X<\/li>\n<li>IECEx &#8211; IECEx BVS 12.0014X<\/li>\n<li>TP TC &#8211; RU C-DE.\u0413\u041104.\u0412.00477<\/li>\n<\/ul>\n<p><a href=\"\/wp-content\/uploads\/2022\/01\/20221115_emg_eldro-ex_en.pdf\" target=\"_blank\" rel=\"noopener\"><img decoding=\"async\" src=\"\/wp-content\/uploads\/2023\/02\/download-button-lt.svg\" \/><\/a><\/p>\n","protected":false},"featured_media":1260058293,"template":"","meta":[],"product_brand":[],"product_cat":[1313],"product_tag":[],"class_list":{"0":"post-1260059252","1":"product","2":"type-product","3":"status-publish","4":"has-post-thumbnail","6":"product_cat-elektrohidrauliniai-varikliai","8":"first","9":"instock","10":"product-type-simple"},"yoast_head":"<!-- This site is optimized with the Yoast SEO plugin v27.1.1 - https:\/\/yoast.com\/product\/yoast-seo-wordpress\/ -->\n<title>ELDRO\u00ae serija, atspari sprogimui - My industrial<\/title>\n<meta name=\"robots\" content=\"noindex, follow, max-snippet:-1, max-image-preview:large, max-video-preview:-1\" \/>\n<meta property=\"og:locale\" content=\"lt_LT\" \/>\n<meta property=\"og:type\" content=\"article\" \/>\n<meta property=\"og:title\" content=\"ELDRO\u00ae serija, atspari sprogimui - My industrial\" \/>\n<meta property=\"og:description\" content=\"Taikymo sritys Dujos, garai, garai ir dulk\u0117s susidaro arba i\u0161siskiria gaminant, perdirbant, gabenant ir sand\u0117liuojant degi\u0105sias med\u017eiagas daugelyje pramon\u0117s sektori\u0173. Susijungus su deguonimi, gali susidaryti sprogi atmosfera. Jei tai u\u017esidegs, tai gali sukelti sprogimus ir rimt\u0173 su\u017ealojim\u0173 bei materialin\u0117s \u017ealos. Tokie sektoriai apima, pavyzd\u017eiui, chemijos ir naftos chemijos pramon\u0119, farmacij\u0105, naftos ir duj\u0173 gamyb\u0105, kasyb\u0105, taip pat maisto pramon\u0119, biokuro pramon\u0119 ir nuotek\u0173 sektori\u0173.  Apsaugoti nuo sprogimo ELDRO\u00ae prietaisai idealiai tinka \u0161ioms taikymo sritims. Jie atitinka galiojan\u010dias taisykles ir standartus ir gali b\u016bti naudojami \u012fvairiais b\u016bdais.   Pavojinga zona:       I M2 (kasyba)  II 2G 1 ir 2 zonoms (vir\u0161 \u017eem\u0117s)  II 2D 21 ir 22 zonoms (vir\u0161 \u017eem\u0117s)    Atitikties sertifikatas:        ATEX - BVS 05 ATEX E 074 X      IECEx - IECEx BVS 12.0014X      TP TC - RU C-DE.\u0413\u041104.\u0412.00477\" \/>\n<meta property=\"og:url\" content=\"https:\/\/dev.myindustrial.eu\/lt\/shop\/elektrohidrauliniai-pavaru-sprendimai\/elektrohidrauliniai-varikliai\/eldro-serija-atspari-sprogimui\/\" \/>\n<meta property=\"og:site_name\" content=\"My industrial\" \/>\n<meta property=\"article:modified_time\" content=\"2023-06-16T20:51:21+00:00\" \/>\n<meta property=\"og:image\" content=\"https:\/\/dev.myindustrial.eu\/wp-content\/uploads\/2022\/01\/ELDRO-explosive-proof-300x300-3-300x300.jpg\" \/>\n\t<meta property=\"og:image:width\" content=\"300\" \/>\n\t<meta property=\"og:image:height\" content=\"300\" \/>\n\t<meta property=\"og:image:type\" content=\"image\/jpeg\" \/>\n<meta name=\"twitter:card\" content=\"summary_large_image\" \/>\n<script type=\"application\/ld+json\" class=\"yoast-schema-graph\">{\"@context\":\"https:\/\/schema.org\",\"@graph\":[{\"@type\":\"WebPage\",\"@id\":\"https:\/\/dev.myindustrial.eu\/lt\/shop\/elektrohidrauliniai-pavaru-sprendimai\/elektrohidrauliniai-varikliai\/eldro-serija-atspari-sprogimui\/\",\"url\":\"https:\/\/dev.myindustrial.eu\/lt\/shop\/elektrohidrauliniai-pavaru-sprendimai\/elektrohidrauliniai-varikliai\/eldro-serija-atspari-sprogimui\/\",\"name\":\"ELDRO\u00ae serija, atspari sprogimui - My industrial\",\"isPartOf\":{\"@id\":\"https:\/\/dev.myindustrial.eu\/lt\/#website\"},\"primaryImageOfPage\":{\"@id\":\"https:\/\/dev.myindustrial.eu\/lt\/shop\/elektrohidrauliniai-pavaru-sprendimai\/elektrohidrauliniai-varikliai\/eldro-serija-atspari-sprogimui\/#primaryimage\"},\"image\":{\"@id\":\"https:\/\/dev.myindustrial.eu\/lt\/shop\/elektrohidrauliniai-pavaru-sprendimai\/elektrohidrauliniai-varikliai\/eldro-serija-atspari-sprogimui\/#primaryimage\"},\"thumbnailUrl\":\"https:\/\/dev.myindustrial.eu\/wp-content\/uploads\/2022\/01\/ELDRO-explosive-proof-300x300-3-300x300.jpg\",\"datePublished\":\"2022-01-14T02:02:32+00:00\",\"dateModified\":\"2023-06-16T20:51:21+00:00\",\"breadcrumb\":{\"@id\":\"https:\/\/dev.myindustrial.eu\/lt\/shop\/elektrohidrauliniai-pavaru-sprendimai\/elektrohidrauliniai-varikliai\/eldro-serija-atspari-sprogimui\/#breadcrumb\"},\"inLanguage\":\"lt-LT\",\"potentialAction\":[{\"@type\":\"ReadAction\",\"target\":[\"https:\/\/dev.myindustrial.eu\/lt\/shop\/elektrohidrauliniai-pavaru-sprendimai\/elektrohidrauliniai-varikliai\/eldro-serija-atspari-sprogimui\/\"]}]},{\"@type\":\"ImageObject\",\"inLanguage\":\"lt-LT\",\"@id\":\"https:\/\/dev.myindustrial.eu\/lt\/shop\/elektrohidrauliniai-pavaru-sprendimai\/elektrohidrauliniai-varikliai\/eldro-serija-atspari-sprogimui\/#primaryimage\",\"url\":\"https:\/\/dev.myindustrial.eu\/wp-content\/uploads\/2022\/01\/ELDRO-explosive-proof-300x300-3-300x300.jpg\",\"contentUrl\":\"https:\/\/dev.myindustrial.eu\/wp-content\/uploads\/2022\/01\/ELDRO-explosive-proof-300x300-3-300x300.jpg\",\"width\":300,\"height\":300},{\"@type\":\"BreadcrumbList\",\"@id\":\"https:\/\/dev.myindustrial.eu\/lt\/shop\/elektrohidrauliniai-pavaru-sprendimai\/elektrohidrauliniai-varikliai\/eldro-serija-atspari-sprogimui\/#breadcrumb\",\"itemListElement\":[{\"@type\":\"ListItem\",\"position\":1,\"name\":\"Home\",\"item\":\"https:\/\/dev.myindustrial.eu\/lt\/\"},{\"@type\":\"ListItem\",\"position\":2,\"name\":\"Products\",\"item\":\"https:\/\/dev.myindustrial.eu\/lt\/products\/\"},{\"@type\":\"ListItem\",\"position\":3,\"name\":\"ELDRO\u00ae serija, atspari sprogimui\"}]},{\"@type\":\"WebSite\",\"@id\":\"https:\/\/dev.myindustrial.eu\/lt\/#website\",\"url\":\"https:\/\/dev.myindustrial.eu\/lt\/\",\"name\":\"My industrial\",\"description\":\"\",\"potentialAction\":[{\"@type\":\"SearchAction\",\"target\":{\"@type\":\"EntryPoint\",\"urlTemplate\":\"https:\/\/dev.myindustrial.eu\/lt\/?s={search_term_string}\"},\"query-input\":{\"@type\":\"PropertyValueSpecification\",\"valueRequired\":true,\"valueName\":\"search_term_string\"}}],\"inLanguage\":\"lt-LT\"}]}<\/script>\n<!-- \/ Yoast SEO plugin. -->","yoast_head_json":{"title":"ELDRO\u00ae serija, atspari sprogimui - My industrial","robots":{"index":"noindex","follow":"follow","max-snippet":"max-snippet:-1","max-image-preview":"max-image-preview:large","max-video-preview":"max-video-preview:-1"},"og_locale":"lt_LT","og_type":"article","og_title":"ELDRO\u00ae serija, atspari sprogimui - My industrial","og_description":"Taikymo sritys Dujos, garai, garai ir dulk\u0117s susidaro arba i\u0161siskiria gaminant, perdirbant, gabenant ir sand\u0117liuojant degi\u0105sias med\u017eiagas daugelyje pramon\u0117s sektori\u0173. Susijungus su deguonimi, gali susidaryti sprogi atmosfera. Jei tai u\u017esidegs, tai gali sukelti sprogimus ir rimt\u0173 su\u017ealojim\u0173 bei materialin\u0117s \u017ealos. Tokie sektoriai apima, pavyzd\u017eiui, chemijos ir naftos chemijos pramon\u0119, farmacij\u0105, naftos ir duj\u0173 gamyb\u0105, kasyb\u0105, taip pat maisto pramon\u0119, biokuro pramon\u0119 ir nuotek\u0173 sektori\u0173.  Apsaugoti nuo sprogimo ELDRO\u00ae prietaisai idealiai tinka \u0161ioms taikymo sritims. Jie atitinka galiojan\u010dias taisykles ir standartus ir gali b\u016bti naudojami \u012fvairiais b\u016bdais.   Pavojinga zona:       I M2 (kasyba)  II 2G 1 ir 2 zonoms (vir\u0161 \u017eem\u0117s)  II 2D 21 ir 22 zonoms (vir\u0161 \u017eem\u0117s)    Atitikties sertifikatas:        ATEX - BVS 05 ATEX E 074 X      IECEx - IECEx BVS 12.0014X      TP TC - RU C-DE.\u0413\u041104.\u0412.00477","og_url":"https:\/\/dev.myindustrial.eu\/lt\/shop\/elektrohidrauliniai-pavaru-sprendimai\/elektrohidrauliniai-varikliai\/eldro-serija-atspari-sprogimui\/","og_site_name":"My industrial","article_modified_time":"2023-06-16T20:51:21+00:00","og_image":[{"width":300,"height":300,"url":"https:\/\/dev.myindustrial.eu\/wp-content\/uploads\/2022\/01\/ELDRO-explosive-proof-300x300-3-300x300.jpg","type":"image\/jpeg"}],"twitter_card":"summary_large_image","schema":{"@context":"https:\/\/schema.org","@graph":[{"@type":"WebPage","@id":"https:\/\/dev.myindustrial.eu\/lt\/shop\/elektrohidrauliniai-pavaru-sprendimai\/elektrohidrauliniai-varikliai\/eldro-serija-atspari-sprogimui\/","url":"https:\/\/dev.myindustrial.eu\/lt\/shop\/elektrohidrauliniai-pavaru-sprendimai\/elektrohidrauliniai-varikliai\/eldro-serija-atspari-sprogimui\/","name":"ELDRO\u00ae serija, atspari sprogimui - My industrial","isPartOf":{"@id":"https:\/\/dev.myindustrial.eu\/lt\/#website"},"primaryImageOfPage":{"@id":"https:\/\/dev.myindustrial.eu\/lt\/shop\/elektrohidrauliniai-pavaru-sprendimai\/elektrohidrauliniai-varikliai\/eldro-serija-atspari-sprogimui\/#primaryimage"},"image":{"@id":"https:\/\/dev.myindustrial.eu\/lt\/shop\/elektrohidrauliniai-pavaru-sprendimai\/elektrohidrauliniai-varikliai\/eldro-serija-atspari-sprogimui\/#primaryimage"},"thumbnailUrl":"https:\/\/dev.myindustrial.eu\/wp-content\/uploads\/2022\/01\/ELDRO-explosive-proof-300x300-3-300x300.jpg","datePublished":"2022-01-14T02:02:32+00:00","dateModified":"2023-06-16T20:51:21+00:00","breadcrumb":{"@id":"https:\/\/dev.myindustrial.eu\/lt\/shop\/elektrohidrauliniai-pavaru-sprendimai\/elektrohidrauliniai-varikliai\/eldro-serija-atspari-sprogimui\/#breadcrumb"},"inLanguage":"lt-LT","potentialAction":[{"@type":"ReadAction","target":["https:\/\/dev.myindustrial.eu\/lt\/shop\/elektrohidrauliniai-pavaru-sprendimai\/elektrohidrauliniai-varikliai\/eldro-serija-atspari-sprogimui\/"]}]},{"@type":"ImageObject","inLanguage":"lt-LT","@id":"https:\/\/dev.myindustrial.eu\/lt\/shop\/elektrohidrauliniai-pavaru-sprendimai\/elektrohidrauliniai-varikliai\/eldro-serija-atspari-sprogimui\/#primaryimage","url":"https:\/\/dev.myindustrial.eu\/wp-content\/uploads\/2022\/01\/ELDRO-explosive-proof-300x300-3-300x300.jpg","contentUrl":"https:\/\/dev.myindustrial.eu\/wp-content\/uploads\/2022\/01\/ELDRO-explosive-proof-300x300-3-300x300.jpg","width":300,"height":300},{"@type":"BreadcrumbList","@id":"https:\/\/dev.myindustrial.eu\/lt\/shop\/elektrohidrauliniai-pavaru-sprendimai\/elektrohidrauliniai-varikliai\/eldro-serija-atspari-sprogimui\/#breadcrumb","itemListElement":[{"@type":"ListItem","position":1,"name":"Home","item":"https:\/\/dev.myindustrial.eu\/lt\/"},{"@type":"ListItem","position":2,"name":"Products","item":"https:\/\/dev.myindustrial.eu\/lt\/products\/"},{"@type":"ListItem","position":3,"name":"ELDRO\u00ae serija, atspari sprogimui"}]},{"@type":"WebSite","@id":"https:\/\/dev.myindustrial.eu\/lt\/#website","url":"https:\/\/dev.myindustrial.eu\/lt\/","name":"My industrial","description":"","potentialAction":[{"@type":"SearchAction","target":{"@type":"EntryPoint","urlTemplate":"https:\/\/dev.myindustrial.eu\/lt\/?s={search_term_string}"},"query-input":{"@type":"PropertyValueSpecification","valueRequired":true,"valueName":"search_term_string"}}],"inLanguage":"lt-LT"}]}},"_links":{"self":[{"href":"https:\/\/dev.myindustrial.eu\/lt\/wp-json\/wp\/v2\/product\/1260059252","targetHints":{"allow":["GET"]}}],"collection":[{"href":"https:\/\/dev.myindustrial.eu\/lt\/wp-json\/wp\/v2\/product"}],"about":[{"href":"https:\/\/dev.myindustrial.eu\/lt\/wp-json\/wp\/v2\/types\/product"}],"version-history":[{"count":0,"href":"https:\/\/dev.myindustrial.eu\/lt\/wp-json\/wp\/v2\/product\/1260059252\/revisions"}],"wp:featuredmedia":[{"embeddable":true,"href":"https:\/\/dev.myindustrial.eu\/lt\/wp-json\/wp\/v2\/media\/1260058293"}],"wp:attachment":[{"href":"https:\/\/dev.myindustrial.eu\/lt\/wp-json\/wp\/v2\/media?parent=1260059252"}],"wp:term":[{"taxonomy":"product_brand","embeddable":true,"href":"https:\/\/dev.myindustrial.eu\/lt\/wp-json\/wp\/v2\/product_brand?post=1260059252"},{"taxonomy":"product_cat","embeddable":true,"href":"https:\/\/dev.myindustrial.eu\/lt\/wp-json\/wp\/v2\/product_cat?post=1260059252"},{"taxonomy":"product_tag","embeddable":true,"href":"https:\/\/dev.myindustrial.eu\/lt\/wp-json\/wp\/v2\/product_tag?post=1260059252"}],"curies":[{"name":"wp","href":"https:\/\/api.w.org\/{rel}","templated":true}]}}