{"id":1260059253,"date":"2022-01-14T02:02:32","date_gmt":"2022-01-14T02:02:32","guid":{"rendered":"https:\/\/dev.myindustrial.eu\/shop-2\/be-kategorijos\/elektrohidrauliniai-varikliai-eldroclassic\/"},"modified":"2023-06-16T20:51:21","modified_gmt":"2023-06-16T20:51:21","slug":"elektrohidrauliniai-varikliai-eldroclassic","status":"publish","type":"product","link":"https:\/\/dev.myindustrial.eu\/lt\/shop\/elektrohidrauliniai-pavaru-sprendimai\/elektrohidrauliniai-varikliai\/elektrohidrauliniai-varikliai-eldroclassic\/","title":{"rendered":"Elektrohidrauliniai varikliai ELDROclassic\u00ae"},"content":{"rendered":"<p><iframe width=\"560\" height=\"315\" src=\"https:\/\/youtube.com\/embed\/E9ieLcNyUUY\" frameborder=\"0\" allow=\"accelerometer; autoplay; clipboard-write; encrypted-media; gyroscope; picture-in-picture; web-share\" allowfullscreen><\/iframe><iframe width=\"560\" height=\"315\" src=\"https:\/\/youtube.com\/embed\/ktqsaxDLCLE\" frameborder=\"0\" allow=\"accelerometer; autoplay; clipboard-write; encrypted-media; gyroscope; picture-in-picture; web-share\" allowfullscreen><\/iframe><\/p>\n","protected":false},"excerpt":{"rendered":"<p><strong>Auk\u0161\u010diausia kokyb\u0117 &#8211; maksimalus saugumas<br \/>\nVEIKIMO B\u016aDAS<br \/>\n<\/strong><br \/>\nVisi hidraulin\u0117s pavaros sistemos elementai yra sujungti \u012f EMG elektrohidraulinius st\u016bmoklius, kad b\u016bt\u0173 sukurtas kompakti\u0161kas mazgas. I\u0161jungtas hidraulinis st\u016bmoklis su st\u016bmoklio strypu yra apatin\u0117je galin\u0117je pad\u0117tyje. \u012ejungtas hidraulinis siurblys siurbia darbin\u012f skyst\u012f po st\u016bmokliu ir \u010dia sukuria hidraulin\u012f sl\u0117g\u012f. Tai perkelia st\u016bmokl\u012f iki did\u017eiausios eigos trajektorijos. Tai atliekant reikia saugiai \u012fveikti prie\u0161prie\u0161\u0105, kuri\u0105 sukuria integruotas stabdys arba gr\u012f\u017etamoji spyruokl\u0117 arba i\u0161orin\u0117 apkrova (pvz., Stabdys).<\/p>\n<p>Maksimalus prietais\u0173 eigos kelias gali b\u016bti i\u0161ori\u0161kai savavali\u0161kai apribotas. Taip gali atsitikti, jei norint \u012fjungti stabd\u012f reikia tik suma\u017einto eigos kelio, kad jis b\u016bt\u0173 visi\u0161kai atidarytas. Atitinkamoje st\u016bmoklio galin\u0117je pad\u0117tyje d\u0117l hidraulikos d\u0117sni\u0173 variklio energijos suvartojimas suma\u017e\u0117ja, palyginti su galia, sunaudota k\u0117limo proceso metu. \u010cia sl\u0117gis \u012frenginyje pasiekia did\u017eiausi\u0105 vert\u0119. Tod\u0117l varomasis variklis atleid\u017eiamas esant \u201elaisvoje\u201c st\u016bmoklio pad\u0117\u010diai. \u012erengini\u0173 mechanin\u0117 perkrova negalima.<\/p>\n<p><strong>B\u016bdingi bruo\u017eai<br \/>\n<\/strong><\/p>\n<p>Elektrohidraulin\u0117 sistema, naudojama ELDRO\u00ae \u012frenginiuose, kartu su nesud\u0117tinga integracija \u012f stabd\u017ei\u0173 sistemas ir paprastu elektrinio paleidimo procesu, suteikia \u0161ias savybes \u012fvairioms eksploatavimo s\u0105lygoms:<\/p>\n<ul>\n<li>Didelis eksploatacinis patikimumas          <\/li>\n<li>Ilgas tarnavimo laikas d\u0117l nenusid\u0117v\u0117jimo ir nuolatinio savaiminio tepimo<\/li>\n<li>Mink\u0161tas ir be sm\u016bgi\u0173 veikimas d\u0117l sisteminio hidraulinio veikimo principo<\/li>\n<li>Trumpas reguliavimo laikas<\/li>\n<li>Patvirtintas nuolatinis veikimas S1<\/li>\n<li>Didelis perjungimo da\u017enis &#8211; iki 2000 cikl\u0173 per valand\u0105 perjungimo re\u017eimu S3<\/li>\n<li>Atbulin\u0117s eigos veikimas be joki\u0173 apribojim\u0173<\/li>\n<li>Lengvas montavimas ir nu\u0117mimas<\/li>\n<li>Savavali\u0161ka variklio sukimosi kryptis, tod\u0117l nereikia joki\u0173 perjungimo kontaktori\u0173<\/li>\n<li>Eksploatacijos metu negalima perkrauti<\/li>\n<li>Savavali\u0161kas i\u0161orinis sm\u016bgio kelio apribojimas<\/li>\n<li>Be pakop\u0173 pailginti k\u0117limo ir (arba) nuleidimo laik\u0105, sumontuojant vo\u017etuvus<\/li>\n<li>Valdymo terp\u0117s u\u017epildymo lygis yra optimizuotas atsi\u017evelgiant \u012f darbo s\u0105lygas ir nereikalauja papildomo patikrinimo.<\/li>\n<li>Platus standartinis temperat\u016bros diapazonas nuo \u201325 \u00b0 C iki +50 \u00b0 C, i\u0161pl\u0117stas iki \u201345 \u00b0 C iki +80 \u00b0 C su papildoma \u012franga, pvz.          \u0161ildymas ir speciali\u0173 darbo terpi\u0173 naudojimas<\/li>\n<li>Nereikalinga \u0161ilumin\u0117 apsaugos grandin\u0117<\/li>\n<li>Veikimo principui nereikia jautri\u0173 elektronini\u0173 ir sensorini\u0173 montavimo dali\u0173<\/li>\n<\/ul>\n<p><a href=\"\/wp-content\/uploads\/2022\/01\/20230125_eldroclassic_gesamtprospekt_en.pdf\" target=\"_blank\" rel=\"noopener\"><img decoding=\"async\" src=\"\/wp-content\/uploads\/2023\/02\/download-button-lt.svg\" \/><\/a><\/p>\n","protected":false},"featured_media":1260058299,"template":"","meta":[],"product_brand":[],"product_cat":[1313],"product_tag":[],"class_list":{"0":"post-1260059253","1":"product","2":"type-product","3":"status-publish","4":"has-post-thumbnail","6":"product_cat-elektrohidrauliniai-varikliai","8":"first","9":"instock","10":"product-type-simple"},"yoast_head":"<!-- This site is optimized with the Yoast SEO plugin v27.1.1 - https:\/\/yoast.com\/product\/yoast-seo-wordpress\/ -->\n<title>Elektrohidrauliniai varikliai ELDROclassic\u00ae - My industrial<\/title>\n<meta name=\"robots\" content=\"noindex, follow, max-snippet:-1, max-image-preview:large, max-video-preview:-1\" \/>\n<meta property=\"og:locale\" content=\"lt_LT\" \/>\n<meta property=\"og:type\" content=\"article\" \/>\n<meta property=\"og:title\" content=\"Elektrohidrauliniai varikliai ELDROclassic\u00ae - My industrial\" \/>\n<meta property=\"og:description\" content=\"Auk\u0161\u010diausia kokyb\u0117 - maksimalus saugumas VEIKIMO B\u016aDAS  Visi hidraulin\u0117s pavaros sistemos elementai yra sujungti \u012f EMG elektrohidraulinius st\u016bmoklius, kad b\u016bt\u0173 sukurtas kompakti\u0161kas mazgas. I\u0161jungtas hidraulinis st\u016bmoklis su st\u016bmoklio strypu yra apatin\u0117je galin\u0117je pad\u0117tyje. \u012ejungtas hidraulinis siurblys siurbia darbin\u012f skyst\u012f po st\u016bmokliu ir \u010dia sukuria hidraulin\u012f sl\u0117g\u012f. Tai perkelia st\u016bmokl\u012f iki did\u017eiausios eigos trajektorijos. Tai atliekant reikia saugiai \u012fveikti prie\u0161prie\u0161\u0105, kuri\u0105 sukuria integruotas stabdys arba gr\u012f\u017etamoji spyruokl\u0117 arba i\u0161orin\u0117 apkrova (pvz., Stabdys).  Maksimalus prietais\u0173 eigos kelias gali b\u016bti i\u0161ori\u0161kai savavali\u0161kai apribotas. Taip gali atsitikti, jei norint \u012fjungti stabd\u012f reikia tik suma\u017einto eigos kelio, kad jis b\u016bt\u0173 visi\u0161kai atidarytas. Atitinkamoje st\u016bmoklio galin\u0117je pad\u0117tyje d\u0117l hidraulikos d\u0117sni\u0173 variklio energijos suvartojimas suma\u017e\u0117ja, palyginti su galia, sunaudota k\u0117limo proceso metu. \u010cia sl\u0117gis \u012frenginyje pasiekia did\u017eiausi\u0105 vert\u0119. Tod\u0117l varomasis variklis atleid\u017eiamas esant \u201elaisvoje\u201c st\u016bmoklio pad\u0117\u010diai. \u012erengini\u0173 mechanin\u0117 perkrova negalima.  B\u016bdingi bruo\u017eai   Elektrohidraulin\u0117 sistema, naudojama ELDRO\u00ae \u012frenginiuose, kartu su nesud\u0117tinga integracija \u012f stabd\u017ei\u0173 sistemas ir paprastu elektrinio paleidimo procesu, suteikia \u0161ias savybes \u012fvairioms eksploatavimo s\u0105lygoms:        Didelis eksploatacinis patikimumas           Ilgas tarnavimo laikas d\u0117l nenusid\u0117v\u0117jimo ir nuolatinio savaiminio tepimo      Mink\u0161tas ir be sm\u016bgi\u0173 veikimas d\u0117l sisteminio hidraulinio veikimo principo      Trumpas reguliavimo laikas      Patvirtintas nuolatinis veikimas S1      Didelis perjungimo da\u017enis - iki 2000 cikl\u0173 per valand\u0105 perjungimo re\u017eimu S3      Atbulin\u0117s eigos veikimas be joki\u0173 apribojim\u0173      Lengvas montavimas ir nu\u0117mimas      Savavali\u0161ka variklio sukimosi kryptis, tod\u0117l nereikia joki\u0173 perjungimo kontaktori\u0173      Eksploatacijos metu negalima perkrauti      Savavali\u0161kas i\u0161orinis sm\u016bgio kelio apribojimas      Be pakop\u0173 pailginti k\u0117limo ir (arba) nuleidimo laik\u0105, sumontuojant vo\u017etuvus      Valdymo terp\u0117s u\u017epildymo lygis yra optimizuotas atsi\u017evelgiant \u012f darbo s\u0105lygas ir nereikalauja papildomo patikrinimo.      Platus standartinis temperat\u016bros diapazonas nuo \u201325 \u00b0 C iki +50 \u00b0 C, i\u0161pl\u0117stas iki \u201345 \u00b0 C iki +80 \u00b0 C su papildoma \u012franga, pvz.     \u0161ildymas ir speciali\u0173 darbo terpi\u0173 naudojimas      Nereikalinga \u0161ilumin\u0117 apsaugos grandin\u0117      Veikimo principui nereikia jautri\u0173 elektronini\u0173 ir sensorini\u0173 montavimo dali\u0173\" \/>\n<meta property=\"og:url\" content=\"https:\/\/dev.myindustrial.eu\/lt\/shop\/elektrohidrauliniai-pavaru-sprendimai\/elektrohidrauliniai-varikliai\/elektrohidrauliniai-varikliai-eldroclassic\/\" \/>\n<meta property=\"og:site_name\" content=\"My industrial\" \/>\n<meta property=\"article:modified_time\" content=\"2023-06-16T20:51:21+00:00\" \/>\n<meta property=\"og:image\" content=\"https:\/\/dev.myindustrial.eu\/wp-content\/uploads\/2022\/01\/ELDRO-classic-1-456x450-3.jpg\" \/>\n\t<meta property=\"og:image:width\" content=\"456\" \/>\n\t<meta property=\"og:image:height\" content=\"450\" \/>\n\t<meta property=\"og:image:type\" content=\"image\/jpeg\" \/>\n<meta name=\"twitter:card\" content=\"summary_large_image\" \/>\n<script type=\"application\/ld+json\" class=\"yoast-schema-graph\">{\"@context\":\"https:\/\/schema.org\",\"@graph\":[{\"@type\":\"WebPage\",\"@id\":\"https:\/\/dev.myindustrial.eu\/lt\/shop\/elektrohidrauliniai-pavaru-sprendimai\/elektrohidrauliniai-varikliai\/elektrohidrauliniai-varikliai-eldroclassic\/\",\"url\":\"https:\/\/dev.myindustrial.eu\/lt\/shop\/elektrohidrauliniai-pavaru-sprendimai\/elektrohidrauliniai-varikliai\/elektrohidrauliniai-varikliai-eldroclassic\/\",\"name\":\"Elektrohidrauliniai varikliai ELDROclassic\u00ae - My industrial\",\"isPartOf\":{\"@id\":\"https:\/\/dev.myindustrial.eu\/lt\/#website\"},\"primaryImageOfPage\":{\"@id\":\"https:\/\/dev.myindustrial.eu\/lt\/shop\/elektrohidrauliniai-pavaru-sprendimai\/elektrohidrauliniai-varikliai\/elektrohidrauliniai-varikliai-eldroclassic\/#primaryimage\"},\"image\":{\"@id\":\"https:\/\/dev.myindustrial.eu\/lt\/shop\/elektrohidrauliniai-pavaru-sprendimai\/elektrohidrauliniai-varikliai\/elektrohidrauliniai-varikliai-eldroclassic\/#primaryimage\"},\"thumbnailUrl\":\"https:\/\/dev.myindustrial.eu\/wp-content\/uploads\/2022\/01\/ELDRO-classic-1-456x450-3.jpg\",\"datePublished\":\"2022-01-14T02:02:32+00:00\",\"dateModified\":\"2023-06-16T20:51:21+00:00\",\"breadcrumb\":{\"@id\":\"https:\/\/dev.myindustrial.eu\/lt\/shop\/elektrohidrauliniai-pavaru-sprendimai\/elektrohidrauliniai-varikliai\/elektrohidrauliniai-varikliai-eldroclassic\/#breadcrumb\"},\"inLanguage\":\"lt-LT\",\"potentialAction\":[{\"@type\":\"ReadAction\",\"target\":[\"https:\/\/dev.myindustrial.eu\/lt\/shop\/elektrohidrauliniai-pavaru-sprendimai\/elektrohidrauliniai-varikliai\/elektrohidrauliniai-varikliai-eldroclassic\/\"]}]},{\"@type\":\"ImageObject\",\"inLanguage\":\"lt-LT\",\"@id\":\"https:\/\/dev.myindustrial.eu\/lt\/shop\/elektrohidrauliniai-pavaru-sprendimai\/elektrohidrauliniai-varikliai\/elektrohidrauliniai-varikliai-eldroclassic\/#primaryimage\",\"url\":\"https:\/\/dev.myindustrial.eu\/wp-content\/uploads\/2022\/01\/ELDRO-classic-1-456x450-3.jpg\",\"contentUrl\":\"https:\/\/dev.myindustrial.eu\/wp-content\/uploads\/2022\/01\/ELDRO-classic-1-456x450-3.jpg\",\"width\":456,\"height\":450},{\"@type\":\"BreadcrumbList\",\"@id\":\"https:\/\/dev.myindustrial.eu\/lt\/shop\/elektrohidrauliniai-pavaru-sprendimai\/elektrohidrauliniai-varikliai\/elektrohidrauliniai-varikliai-eldroclassic\/#breadcrumb\",\"itemListElement\":[{\"@type\":\"ListItem\",\"position\":1,\"name\":\"Home\",\"item\":\"https:\/\/dev.myindustrial.eu\/lt\/\"},{\"@type\":\"ListItem\",\"position\":2,\"name\":\"Products\",\"item\":\"https:\/\/dev.myindustrial.eu\/lt\/products\/\"},{\"@type\":\"ListItem\",\"position\":3,\"name\":\"Elektrohidrauliniai varikliai ELDROclassic\u00ae\"}]},{\"@type\":\"WebSite\",\"@id\":\"https:\/\/dev.myindustrial.eu\/lt\/#website\",\"url\":\"https:\/\/dev.myindustrial.eu\/lt\/\",\"name\":\"My industrial\",\"description\":\"\",\"potentialAction\":[{\"@type\":\"SearchAction\",\"target\":{\"@type\":\"EntryPoint\",\"urlTemplate\":\"https:\/\/dev.myindustrial.eu\/lt\/?s={search_term_string}\"},\"query-input\":{\"@type\":\"PropertyValueSpecification\",\"valueRequired\":true,\"valueName\":\"search_term_string\"}}],\"inLanguage\":\"lt-LT\"}]}<\/script>\n<!-- \/ Yoast SEO plugin. -->","yoast_head_json":{"title":"Elektrohidrauliniai varikliai ELDROclassic\u00ae - My industrial","robots":{"index":"noindex","follow":"follow","max-snippet":"max-snippet:-1","max-image-preview":"max-image-preview:large","max-video-preview":"max-video-preview:-1"},"og_locale":"lt_LT","og_type":"article","og_title":"Elektrohidrauliniai varikliai ELDROclassic\u00ae - My industrial","og_description":"Auk\u0161\u010diausia kokyb\u0117 - maksimalus saugumas VEIKIMO B\u016aDAS  Visi hidraulin\u0117s pavaros sistemos elementai yra sujungti \u012f EMG elektrohidraulinius st\u016bmoklius, kad b\u016bt\u0173 sukurtas kompakti\u0161kas mazgas. I\u0161jungtas hidraulinis st\u016bmoklis su st\u016bmoklio strypu yra apatin\u0117je galin\u0117je pad\u0117tyje. \u012ejungtas hidraulinis siurblys siurbia darbin\u012f skyst\u012f po st\u016bmokliu ir \u010dia sukuria hidraulin\u012f sl\u0117g\u012f. Tai perkelia st\u016bmokl\u012f iki did\u017eiausios eigos trajektorijos. Tai atliekant reikia saugiai \u012fveikti prie\u0161prie\u0161\u0105, kuri\u0105 sukuria integruotas stabdys arba gr\u012f\u017etamoji spyruokl\u0117 arba i\u0161orin\u0117 apkrova (pvz., Stabdys).  Maksimalus prietais\u0173 eigos kelias gali b\u016bti i\u0161ori\u0161kai savavali\u0161kai apribotas. Taip gali atsitikti, jei norint \u012fjungti stabd\u012f reikia tik suma\u017einto eigos kelio, kad jis b\u016bt\u0173 visi\u0161kai atidarytas. Atitinkamoje st\u016bmoklio galin\u0117je pad\u0117tyje d\u0117l hidraulikos d\u0117sni\u0173 variklio energijos suvartojimas suma\u017e\u0117ja, palyginti su galia, sunaudota k\u0117limo proceso metu. \u010cia sl\u0117gis \u012frenginyje pasiekia did\u017eiausi\u0105 vert\u0119. Tod\u0117l varomasis variklis atleid\u017eiamas esant \u201elaisvoje\u201c st\u016bmoklio pad\u0117\u010diai. \u012erengini\u0173 mechanin\u0117 perkrova negalima.  B\u016bdingi bruo\u017eai   Elektrohidraulin\u0117 sistema, naudojama ELDRO\u00ae \u012frenginiuose, kartu su nesud\u0117tinga integracija \u012f stabd\u017ei\u0173 sistemas ir paprastu elektrinio paleidimo procesu, suteikia \u0161ias savybes \u012fvairioms eksploatavimo s\u0105lygoms:        Didelis eksploatacinis patikimumas           Ilgas tarnavimo laikas d\u0117l nenusid\u0117v\u0117jimo ir nuolatinio savaiminio tepimo      Mink\u0161tas ir be sm\u016bgi\u0173 veikimas d\u0117l sisteminio hidraulinio veikimo principo      Trumpas reguliavimo laikas      Patvirtintas nuolatinis veikimas S1      Didelis perjungimo da\u017enis - iki 2000 cikl\u0173 per valand\u0105 perjungimo re\u017eimu S3      Atbulin\u0117s eigos veikimas be joki\u0173 apribojim\u0173      Lengvas montavimas ir nu\u0117mimas      Savavali\u0161ka variklio sukimosi kryptis, tod\u0117l nereikia joki\u0173 perjungimo kontaktori\u0173      Eksploatacijos metu negalima perkrauti      Savavali\u0161kas i\u0161orinis sm\u016bgio kelio apribojimas      Be pakop\u0173 pailginti k\u0117limo ir (arba) nuleidimo laik\u0105, sumontuojant vo\u017etuvus      Valdymo terp\u0117s u\u017epildymo lygis yra optimizuotas atsi\u017evelgiant \u012f darbo s\u0105lygas ir nereikalauja papildomo patikrinimo.      Platus standartinis temperat\u016bros diapazonas nuo \u201325 \u00b0 C iki +50 \u00b0 C, i\u0161pl\u0117stas iki \u201345 \u00b0 C iki +80 \u00b0 C su papildoma \u012franga, pvz.     \u0161ildymas ir speciali\u0173 darbo terpi\u0173 naudojimas      Nereikalinga \u0161ilumin\u0117 apsaugos grandin\u0117      Veikimo principui nereikia jautri\u0173 elektronini\u0173 ir sensorini\u0173 montavimo dali\u0173","og_url":"https:\/\/dev.myindustrial.eu\/lt\/shop\/elektrohidrauliniai-pavaru-sprendimai\/elektrohidrauliniai-varikliai\/elektrohidrauliniai-varikliai-eldroclassic\/","og_site_name":"My industrial","article_modified_time":"2023-06-16T20:51:21+00:00","og_image":[{"width":456,"height":450,"url":"https:\/\/dev.myindustrial.eu\/wp-content\/uploads\/2022\/01\/ELDRO-classic-1-456x450-3.jpg","type":"image\/jpeg"}],"twitter_card":"summary_large_image","schema":{"@context":"https:\/\/schema.org","@graph":[{"@type":"WebPage","@id":"https:\/\/dev.myindustrial.eu\/lt\/shop\/elektrohidrauliniai-pavaru-sprendimai\/elektrohidrauliniai-varikliai\/elektrohidrauliniai-varikliai-eldroclassic\/","url":"https:\/\/dev.myindustrial.eu\/lt\/shop\/elektrohidrauliniai-pavaru-sprendimai\/elektrohidrauliniai-varikliai\/elektrohidrauliniai-varikliai-eldroclassic\/","name":"Elektrohidrauliniai varikliai ELDROclassic\u00ae - My industrial","isPartOf":{"@id":"https:\/\/dev.myindustrial.eu\/lt\/#website"},"primaryImageOfPage":{"@id":"https:\/\/dev.myindustrial.eu\/lt\/shop\/elektrohidrauliniai-pavaru-sprendimai\/elektrohidrauliniai-varikliai\/elektrohidrauliniai-varikliai-eldroclassic\/#primaryimage"},"image":{"@id":"https:\/\/dev.myindustrial.eu\/lt\/shop\/elektrohidrauliniai-pavaru-sprendimai\/elektrohidrauliniai-varikliai\/elektrohidrauliniai-varikliai-eldroclassic\/#primaryimage"},"thumbnailUrl":"https:\/\/dev.myindustrial.eu\/wp-content\/uploads\/2022\/01\/ELDRO-classic-1-456x450-3.jpg","datePublished":"2022-01-14T02:02:32+00:00","dateModified":"2023-06-16T20:51:21+00:00","breadcrumb":{"@id":"https:\/\/dev.myindustrial.eu\/lt\/shop\/elektrohidrauliniai-pavaru-sprendimai\/elektrohidrauliniai-varikliai\/elektrohidrauliniai-varikliai-eldroclassic\/#breadcrumb"},"inLanguage":"lt-LT","potentialAction":[{"@type":"ReadAction","target":["https:\/\/dev.myindustrial.eu\/lt\/shop\/elektrohidrauliniai-pavaru-sprendimai\/elektrohidrauliniai-varikliai\/elektrohidrauliniai-varikliai-eldroclassic\/"]}]},{"@type":"ImageObject","inLanguage":"lt-LT","@id":"https:\/\/dev.myindustrial.eu\/lt\/shop\/elektrohidrauliniai-pavaru-sprendimai\/elektrohidrauliniai-varikliai\/elektrohidrauliniai-varikliai-eldroclassic\/#primaryimage","url":"https:\/\/dev.myindustrial.eu\/wp-content\/uploads\/2022\/01\/ELDRO-classic-1-456x450-3.jpg","contentUrl":"https:\/\/dev.myindustrial.eu\/wp-content\/uploads\/2022\/01\/ELDRO-classic-1-456x450-3.jpg","width":456,"height":450},{"@type":"BreadcrumbList","@id":"https:\/\/dev.myindustrial.eu\/lt\/shop\/elektrohidrauliniai-pavaru-sprendimai\/elektrohidrauliniai-varikliai\/elektrohidrauliniai-varikliai-eldroclassic\/#breadcrumb","itemListElement":[{"@type":"ListItem","position":1,"name":"Home","item":"https:\/\/dev.myindustrial.eu\/lt\/"},{"@type":"ListItem","position":2,"name":"Products","item":"https:\/\/dev.myindustrial.eu\/lt\/products\/"},{"@type":"ListItem","position":3,"name":"Elektrohidrauliniai varikliai ELDROclassic\u00ae"}]},{"@type":"WebSite","@id":"https:\/\/dev.myindustrial.eu\/lt\/#website","url":"https:\/\/dev.myindustrial.eu\/lt\/","name":"My industrial","description":"","potentialAction":[{"@type":"SearchAction","target":{"@type":"EntryPoint","urlTemplate":"https:\/\/dev.myindustrial.eu\/lt\/?s={search_term_string}"},"query-input":{"@type":"PropertyValueSpecification","valueRequired":true,"valueName":"search_term_string"}}],"inLanguage":"lt-LT"}]}},"_links":{"self":[{"href":"https:\/\/dev.myindustrial.eu\/lt\/wp-json\/wp\/v2\/product\/1260059253","targetHints":{"allow":["GET"]}}],"collection":[{"href":"https:\/\/dev.myindustrial.eu\/lt\/wp-json\/wp\/v2\/product"}],"about":[{"href":"https:\/\/dev.myindustrial.eu\/lt\/wp-json\/wp\/v2\/types\/product"}],"version-history":[{"count":1,"href":"https:\/\/dev.myindustrial.eu\/lt\/wp-json\/wp\/v2\/product\/1260059253\/revisions"}],"predecessor-version":[{"id":1260062840,"href":"https:\/\/dev.myindustrial.eu\/lt\/wp-json\/wp\/v2\/product\/1260059253\/revisions\/1260062840"}],"wp:featuredmedia":[{"embeddable":true,"href":"https:\/\/dev.myindustrial.eu\/lt\/wp-json\/wp\/v2\/media\/1260058299"}],"wp:attachment":[{"href":"https:\/\/dev.myindustrial.eu\/lt\/wp-json\/wp\/v2\/media?parent=1260059253"}],"wp:term":[{"taxonomy":"product_brand","embeddable":true,"href":"https:\/\/dev.myindustrial.eu\/lt\/wp-json\/wp\/v2\/product_brand?post=1260059253"},{"taxonomy":"product_cat","embeddable":true,"href":"https:\/\/dev.myindustrial.eu\/lt\/wp-json\/wp\/v2\/product_cat?post=1260059253"},{"taxonomy":"product_tag","embeddable":true,"href":"https:\/\/dev.myindustrial.eu\/lt\/wp-json\/wp\/v2\/product_tag?post=1260059253"}],"curies":[{"name":"wp","href":"https:\/\/api.w.org\/{rel}","templated":true}]}}