{"id":1260059255,"date":"2022-01-14T02:02:32","date_gmt":"2022-01-14T02:02:32","guid":{"rendered":"https:\/\/dev.myindustrial.eu\/shop-2\/be-kategorijos\/eldrodynamic\/"},"modified":"2023-06-16T20:51:13","modified_gmt":"2023-06-16T20:51:13","slug":"eldrodynamic","status":"publish","type":"product","link":"https:\/\/dev.myindustrial.eu\/lt\/shop\/elektrohidrauliniai-pavaru-sprendimai\/elektrohidrauliniai-varikliai\/eldrodynamic\/","title":{"rendered":"ELDROdynamic\u00ae"},"content":{"rendered":"<p><iframe width=\"560\" height=\"315\" src=\"https:\/\/youtube.com\/embed\/E9ieLcNyUUY\" frameborder=\"0\" allow=\"accelerometer; autoplay; clipboard-write; encrypted-media; gyroscope; picture-in-picture; web-share\" allowfullscreen><\/iframe><\/p>\n","protected":false},"excerpt":{"rendered":"<p>ELDROdynamic\u00ae privairavimo mechanizm\u0173 elektrohidraulin\u0117 sistema kartu su lengvu j\u0173 integravimu \u012f stabd\u017ei\u0173 sistemas ir paprastu elektriniu prijungimu u\u017etikrina \u0161ias savybes \u012fvairioms naudojimo s\u0105lygoms:<\/p>\n<ul>\n<li>Ma\u017eesnis energijos suvartojimas ir savaiminis \u012f\u0161ilimas d\u0117l IE3 efektyvumo klas\u0117s varikli\u0173 ir optimizuotos siurblio geometrijos<\/li>\n<li>U\u017edarymo laikas \u2264 200 ms ir sm\u016bgio laikas \u2264 700 ms pasiekiamas naudojant ELDROdynamic\u00ae (nustatomas esant 80 mm eigai)<\/li>\n<li>Patogi prie\u017ei\u016bra ir aptarnavimas d\u0117l modulin\u0117s konstrukcijos<\/li>\n<li>Galimi sm\u016bgio ilgiai iki 500 mm, pagal pageidavim\u0105 skirtingi reikalavimai<\/li>\n<li>Didelis veikimo patikimumas (nesaugus)<\/li>\n<li>Ilgas tarnavimo laikas d\u0117l nenusid\u0117v\u0117jusio veikimo<\/li>\n<li>Mink\u0161tas ir be sm\u016bgi\u0173 veikimas d\u0117l hidrodinaminio veikimo re\u017eimo<\/li>\n<li>Patvirtintas nepertraukiamas veikimas S1 ir perjungimas S3 iki 2000 operacij\u0173 per valand\u0105<\/li>\n<li>Bet kokia variklio sukimosi kryptis<\/li>\n<li>Veikimo metu negalima perkrauti<\/li>\n<li>Nuolatinis k\u0117limo ir (arba) nuleidimo laiko reguliavimas, sumontuojant vo\u017etuvus<\/li>\n<\/ul>\n<p>Su papildoma \u012franga ELDRO\u00aedynamic tampa:<br \/>\nELDROdigital\u00ae<br \/>\nJei reikia, ELDROdigital\u00ae elektrohidraulinis variklis gali b\u016bti apr\u016bpintas \u012fvairi\u0173 tip\u0173 jutikliais ir su IO-Link suderinama vertinimo elektronika, skirta \u012fra\u0161yti ir \u012fvertinti jutiklius ir veikimo duomenis, kad b\u016bt\u0173 galima prijungti prie b\u016bkl\u0117s steb\u0117jimo sistemos.<br \/>\nGalima papildoma \u012franga:<\/p>\n<ul>\n<li>sl\u0117gio daviklis<\/li>\n<li>analoginio poslinkio keitiklis<\/li>\n<li>temperat\u016bros jutiklis<\/li>\n<li>j\u0117gos jutiklis<\/li>\n<li>galin\u0117s pad\u0117ties jutimas<\/li>\n<\/ul>\n<p><a href=\"\/wp-content\/uploads\/2022\/01\/emg_eldro-dynamic_en_rev00_10-2022.pdf\" target=\"_blank\" rel=\"noopener\"><img decoding=\"async\" src=\"\/wp-content\/uploads\/2023\/02\/download-button-lt.svg\" \/><\/a><\/p>\n","protected":false},"featured_media":1260058311,"template":"","meta":[],"product_brand":[],"product_cat":[1313],"product_tag":[],"class_list":{"0":"post-1260059255","1":"product","2":"type-product","3":"status-publish","4":"has-post-thumbnail","6":"product_cat-elektrohidrauliniai-varikliai","8":"first","9":"instock","10":"product-type-simple"},"yoast_head":"<!-- This site is optimized with the Yoast SEO plugin v27.1.1 - https:\/\/yoast.com\/product\/yoast-seo-wordpress\/ -->\n<title>ELDROdynamic\u00ae - My industrial<\/title>\n<meta name=\"robots\" content=\"noindex, follow, max-snippet:-1, max-image-preview:large, max-video-preview:-1\" \/>\n<meta property=\"og:locale\" content=\"lt_LT\" \/>\n<meta property=\"og:type\" content=\"article\" \/>\n<meta property=\"og:title\" content=\"ELDROdynamic\u00ae - My industrial\" \/>\n<meta property=\"og:description\" content=\"ELDROdynamic\u00ae privairavimo mechanizm\u0173 elektrohidraulin\u0117 sistema kartu su lengvu j\u0173 integravimu \u012f stabd\u017ei\u0173 sistemas ir paprastu elektriniu prijungimu u\u017etikrina \u0161ias savybes \u012fvairioms naudojimo s\u0105lygoms:  Ma\u017eesnis energijos suvartojimas ir savaiminis \u012f\u0161ilimas d\u0117l IE3 efektyvumo klas\u0117s varikli\u0173 ir optimizuotos siurblio geometrijos U\u017edarymo laikas \u2264 200 ms ir sm\u016bgio laikas \u2264 700 ms pasiekiamas naudojant ELDROdynamic\u00ae (nustatomas esant 80 mm eigai) Patogi prie\u017ei\u016bra ir aptarnavimas d\u0117l modulin\u0117s konstrukcijos Galimi sm\u016bgio ilgiai iki 500 mm, pagal pageidavim\u0105 skirtingi reikalavimai Didelis veikimo patikimumas (nesaugus) Ilgas tarnavimo laikas d\u0117l nenusid\u0117v\u0117jusio veikimo Mink\u0161tas ir be sm\u016bgi\u0173 veikimas d\u0117l hidrodinaminio veikimo re\u017eimo Patvirtintas nepertraukiamas veikimas S1 ir perjungimas S3 iki 2000 operacij\u0173 per valand\u0105 Bet kokia variklio sukimosi kryptis Veikimo metu negalima perkrauti Nuolatinis k\u0117limo ir (arba) nuleidimo laiko reguliavimas, sumontuojant vo\u017etuvus  Su papildoma \u012franga ELDRO\u00aedynamic tampa: ELDROdigital\u00ae Jei reikia, ELDROdigital\u00ae elektrohidraulinis variklis gali b\u016bti apr\u016bpintas \u012fvairi\u0173 tip\u0173 jutikliais ir su IO-Link suderinama vertinimo elektronika, skirta \u012fra\u0161yti ir \u012fvertinti jutiklius ir veikimo duomenis, kad b\u016bt\u0173 galima prijungti prie b\u016bkl\u0117s steb\u0117jimo sistemos. Galima papildoma \u012franga:  sl\u0117gio daviklis analoginio poslinkio keitiklis temperat\u016bros jutiklis j\u0117gos jutiklis galin\u0117s pad\u0117ties jutimas\" \/>\n<meta property=\"og:url\" content=\"https:\/\/dev.myindustrial.eu\/lt\/shop\/elektrohidrauliniai-pavaru-sprendimai\/elektrohidrauliniai-varikliai\/eldrodynamic\/\" \/>\n<meta property=\"og:site_name\" content=\"My industrial\" \/>\n<meta property=\"article:modified_time\" content=\"2023-06-16T20:51:13+00:00\" \/>\n<meta property=\"og:image\" content=\"https:\/\/dev.myindustrial.eu\/wp-content\/uploads\/2022\/01\/EMG_ELDRO-dynamic-1-568x576-3.jpg\" \/>\n\t<meta property=\"og:image:width\" content=\"568\" \/>\n\t<meta property=\"og:image:height\" content=\"576\" \/>\n\t<meta property=\"og:image:type\" content=\"image\/jpeg\" \/>\n<meta name=\"twitter:card\" content=\"summary_large_image\" \/>\n<script type=\"application\/ld+json\" class=\"yoast-schema-graph\">{\"@context\":\"https:\/\/schema.org\",\"@graph\":[{\"@type\":\"WebPage\",\"@id\":\"https:\/\/dev.myindustrial.eu\/lt\/shop\/elektrohidrauliniai-pavaru-sprendimai\/elektrohidrauliniai-varikliai\/eldrodynamic\/\",\"url\":\"https:\/\/dev.myindustrial.eu\/lt\/shop\/elektrohidrauliniai-pavaru-sprendimai\/elektrohidrauliniai-varikliai\/eldrodynamic\/\",\"name\":\"ELDROdynamic\u00ae - My industrial\",\"isPartOf\":{\"@id\":\"https:\/\/dev.myindustrial.eu\/lt\/#website\"},\"primaryImageOfPage\":{\"@id\":\"https:\/\/dev.myindustrial.eu\/lt\/shop\/elektrohidrauliniai-pavaru-sprendimai\/elektrohidrauliniai-varikliai\/eldrodynamic\/#primaryimage\"},\"image\":{\"@id\":\"https:\/\/dev.myindustrial.eu\/lt\/shop\/elektrohidrauliniai-pavaru-sprendimai\/elektrohidrauliniai-varikliai\/eldrodynamic\/#primaryimage\"},\"thumbnailUrl\":\"https:\/\/dev.myindustrial.eu\/wp-content\/uploads\/2022\/01\/EMG_ELDRO-dynamic-1-568x576-3.jpg\",\"datePublished\":\"2022-01-14T02:02:32+00:00\",\"dateModified\":\"2023-06-16T20:51:13+00:00\",\"breadcrumb\":{\"@id\":\"https:\/\/dev.myindustrial.eu\/lt\/shop\/elektrohidrauliniai-pavaru-sprendimai\/elektrohidrauliniai-varikliai\/eldrodynamic\/#breadcrumb\"},\"inLanguage\":\"lt-LT\",\"potentialAction\":[{\"@type\":\"ReadAction\",\"target\":[\"https:\/\/dev.myindustrial.eu\/lt\/shop\/elektrohidrauliniai-pavaru-sprendimai\/elektrohidrauliniai-varikliai\/eldrodynamic\/\"]}]},{\"@type\":\"ImageObject\",\"inLanguage\":\"lt-LT\",\"@id\":\"https:\/\/dev.myindustrial.eu\/lt\/shop\/elektrohidrauliniai-pavaru-sprendimai\/elektrohidrauliniai-varikliai\/eldrodynamic\/#primaryimage\",\"url\":\"https:\/\/dev.myindustrial.eu\/wp-content\/uploads\/2022\/01\/EMG_ELDRO-dynamic-1-568x576-3.jpg\",\"contentUrl\":\"https:\/\/dev.myindustrial.eu\/wp-content\/uploads\/2022\/01\/EMG_ELDRO-dynamic-1-568x576-3.jpg\",\"width\":568,\"height\":576},{\"@type\":\"BreadcrumbList\",\"@id\":\"https:\/\/dev.myindustrial.eu\/lt\/shop\/elektrohidrauliniai-pavaru-sprendimai\/elektrohidrauliniai-varikliai\/eldrodynamic\/#breadcrumb\",\"itemListElement\":[{\"@type\":\"ListItem\",\"position\":1,\"name\":\"Home\",\"item\":\"https:\/\/dev.myindustrial.eu\/lt\/\"},{\"@type\":\"ListItem\",\"position\":2,\"name\":\"Products\",\"item\":\"https:\/\/dev.myindustrial.eu\/lt\/products\/\"},{\"@type\":\"ListItem\",\"position\":3,\"name\":\"ELDROdynamic\u00ae\"}]},{\"@type\":\"WebSite\",\"@id\":\"https:\/\/dev.myindustrial.eu\/lt\/#website\",\"url\":\"https:\/\/dev.myindustrial.eu\/lt\/\",\"name\":\"My industrial\",\"description\":\"\",\"potentialAction\":[{\"@type\":\"SearchAction\",\"target\":{\"@type\":\"EntryPoint\",\"urlTemplate\":\"https:\/\/dev.myindustrial.eu\/lt\/?s={search_term_string}\"},\"query-input\":{\"@type\":\"PropertyValueSpecification\",\"valueRequired\":true,\"valueName\":\"search_term_string\"}}],\"inLanguage\":\"lt-LT\"}]}<\/script>\n<!-- \/ Yoast SEO plugin. -->","yoast_head_json":{"title":"ELDROdynamic\u00ae - My industrial","robots":{"index":"noindex","follow":"follow","max-snippet":"max-snippet:-1","max-image-preview":"max-image-preview:large","max-video-preview":"max-video-preview:-1"},"og_locale":"lt_LT","og_type":"article","og_title":"ELDROdynamic\u00ae - My industrial","og_description":"ELDROdynamic\u00ae privairavimo mechanizm\u0173 elektrohidraulin\u0117 sistema kartu su lengvu j\u0173 integravimu \u012f stabd\u017ei\u0173 sistemas ir paprastu elektriniu prijungimu u\u017etikrina \u0161ias savybes \u012fvairioms naudojimo s\u0105lygoms:  Ma\u017eesnis energijos suvartojimas ir savaiminis \u012f\u0161ilimas d\u0117l IE3 efektyvumo klas\u0117s varikli\u0173 ir optimizuotos siurblio geometrijos U\u017edarymo laikas \u2264 200 ms ir sm\u016bgio laikas \u2264 700 ms pasiekiamas naudojant ELDROdynamic\u00ae (nustatomas esant 80 mm eigai) Patogi prie\u017ei\u016bra ir aptarnavimas d\u0117l modulin\u0117s konstrukcijos Galimi sm\u016bgio ilgiai iki 500 mm, pagal pageidavim\u0105 skirtingi reikalavimai Didelis veikimo patikimumas (nesaugus) Ilgas tarnavimo laikas d\u0117l nenusid\u0117v\u0117jusio veikimo Mink\u0161tas ir be sm\u016bgi\u0173 veikimas d\u0117l hidrodinaminio veikimo re\u017eimo Patvirtintas nepertraukiamas veikimas S1 ir perjungimas S3 iki 2000 operacij\u0173 per valand\u0105 Bet kokia variklio sukimosi kryptis Veikimo metu negalima perkrauti Nuolatinis k\u0117limo ir (arba) nuleidimo laiko reguliavimas, sumontuojant vo\u017etuvus  Su papildoma \u012franga ELDRO\u00aedynamic tampa: ELDROdigital\u00ae Jei reikia, ELDROdigital\u00ae elektrohidraulinis variklis gali b\u016bti apr\u016bpintas \u012fvairi\u0173 tip\u0173 jutikliais ir su IO-Link suderinama vertinimo elektronika, skirta \u012fra\u0161yti ir \u012fvertinti jutiklius ir veikimo duomenis, kad b\u016bt\u0173 galima prijungti prie b\u016bkl\u0117s steb\u0117jimo sistemos. Galima papildoma \u012franga:  sl\u0117gio daviklis analoginio poslinkio keitiklis temperat\u016bros jutiklis j\u0117gos jutiklis galin\u0117s pad\u0117ties jutimas","og_url":"https:\/\/dev.myindustrial.eu\/lt\/shop\/elektrohidrauliniai-pavaru-sprendimai\/elektrohidrauliniai-varikliai\/eldrodynamic\/","og_site_name":"My industrial","article_modified_time":"2023-06-16T20:51:13+00:00","og_image":[{"width":568,"height":576,"url":"https:\/\/dev.myindustrial.eu\/wp-content\/uploads\/2022\/01\/EMG_ELDRO-dynamic-1-568x576-3.jpg","type":"image\/jpeg"}],"twitter_card":"summary_large_image","schema":{"@context":"https:\/\/schema.org","@graph":[{"@type":"WebPage","@id":"https:\/\/dev.myindustrial.eu\/lt\/shop\/elektrohidrauliniai-pavaru-sprendimai\/elektrohidrauliniai-varikliai\/eldrodynamic\/","url":"https:\/\/dev.myindustrial.eu\/lt\/shop\/elektrohidrauliniai-pavaru-sprendimai\/elektrohidrauliniai-varikliai\/eldrodynamic\/","name":"ELDROdynamic\u00ae - My industrial","isPartOf":{"@id":"https:\/\/dev.myindustrial.eu\/lt\/#website"},"primaryImageOfPage":{"@id":"https:\/\/dev.myindustrial.eu\/lt\/shop\/elektrohidrauliniai-pavaru-sprendimai\/elektrohidrauliniai-varikliai\/eldrodynamic\/#primaryimage"},"image":{"@id":"https:\/\/dev.myindustrial.eu\/lt\/shop\/elektrohidrauliniai-pavaru-sprendimai\/elektrohidrauliniai-varikliai\/eldrodynamic\/#primaryimage"},"thumbnailUrl":"https:\/\/dev.myindustrial.eu\/wp-content\/uploads\/2022\/01\/EMG_ELDRO-dynamic-1-568x576-3.jpg","datePublished":"2022-01-14T02:02:32+00:00","dateModified":"2023-06-16T20:51:13+00:00","breadcrumb":{"@id":"https:\/\/dev.myindustrial.eu\/lt\/shop\/elektrohidrauliniai-pavaru-sprendimai\/elektrohidrauliniai-varikliai\/eldrodynamic\/#breadcrumb"},"inLanguage":"lt-LT","potentialAction":[{"@type":"ReadAction","target":["https:\/\/dev.myindustrial.eu\/lt\/shop\/elektrohidrauliniai-pavaru-sprendimai\/elektrohidrauliniai-varikliai\/eldrodynamic\/"]}]},{"@type":"ImageObject","inLanguage":"lt-LT","@id":"https:\/\/dev.myindustrial.eu\/lt\/shop\/elektrohidrauliniai-pavaru-sprendimai\/elektrohidrauliniai-varikliai\/eldrodynamic\/#primaryimage","url":"https:\/\/dev.myindustrial.eu\/wp-content\/uploads\/2022\/01\/EMG_ELDRO-dynamic-1-568x576-3.jpg","contentUrl":"https:\/\/dev.myindustrial.eu\/wp-content\/uploads\/2022\/01\/EMG_ELDRO-dynamic-1-568x576-3.jpg","width":568,"height":576},{"@type":"BreadcrumbList","@id":"https:\/\/dev.myindustrial.eu\/lt\/shop\/elektrohidrauliniai-pavaru-sprendimai\/elektrohidrauliniai-varikliai\/eldrodynamic\/#breadcrumb","itemListElement":[{"@type":"ListItem","position":1,"name":"Home","item":"https:\/\/dev.myindustrial.eu\/lt\/"},{"@type":"ListItem","position":2,"name":"Products","item":"https:\/\/dev.myindustrial.eu\/lt\/products\/"},{"@type":"ListItem","position":3,"name":"ELDROdynamic\u00ae"}]},{"@type":"WebSite","@id":"https:\/\/dev.myindustrial.eu\/lt\/#website","url":"https:\/\/dev.myindustrial.eu\/lt\/","name":"My industrial","description":"","potentialAction":[{"@type":"SearchAction","target":{"@type":"EntryPoint","urlTemplate":"https:\/\/dev.myindustrial.eu\/lt\/?s={search_term_string}"},"query-input":{"@type":"PropertyValueSpecification","valueRequired":true,"valueName":"search_term_string"}}],"inLanguage":"lt-LT"}]}},"_links":{"self":[{"href":"https:\/\/dev.myindustrial.eu\/lt\/wp-json\/wp\/v2\/product\/1260059255","targetHints":{"allow":["GET"]}}],"collection":[{"href":"https:\/\/dev.myindustrial.eu\/lt\/wp-json\/wp\/v2\/product"}],"about":[{"href":"https:\/\/dev.myindustrial.eu\/lt\/wp-json\/wp\/v2\/types\/product"}],"version-history":[{"count":0,"href":"https:\/\/dev.myindustrial.eu\/lt\/wp-json\/wp\/v2\/product\/1260059255\/revisions"}],"wp:featuredmedia":[{"embeddable":true,"href":"https:\/\/dev.myindustrial.eu\/lt\/wp-json\/wp\/v2\/media\/1260058311"}],"wp:attachment":[{"href":"https:\/\/dev.myindustrial.eu\/lt\/wp-json\/wp\/v2\/media?parent=1260059255"}],"wp:term":[{"taxonomy":"product_brand","embeddable":true,"href":"https:\/\/dev.myindustrial.eu\/lt\/wp-json\/wp\/v2\/product_brand?post=1260059255"},{"taxonomy":"product_cat","embeddable":true,"href":"https:\/\/dev.myindustrial.eu\/lt\/wp-json\/wp\/v2\/product_cat?post=1260059255"},{"taxonomy":"product_tag","embeddable":true,"href":"https:\/\/dev.myindustrial.eu\/lt\/wp-json\/wp\/v2\/product_tag?post=1260059255"}],"curies":[{"name":"wp","href":"https:\/\/api.w.org\/{rel}","templated":true}]}}