{"id":1260059261,"date":"2022-01-14T01:36:47","date_gmt":"2022-01-14T02:02:32","guid":{"rendered":"https:\/\/dev.myindustrial.eu\/shop-2\/be-kategorijos\/dmg24m\/"},"modified":"2023-06-16T20:51:04","modified_gmt":"2023-06-16T20:51:04","slug":"dmg24m","status":"publish","type":"product","link":"https:\/\/dev.myindustrial.eu\/lt\/shop\/potenciometrai-ir-jutikliai\/keliu-posukiu-potenciometras\/dmg24m\/","title":{"rendered":"Daugias\u016bkiai potenciometrai DMG24M"},"content":{"rendered":"","protected":false},"excerpt":{"rendered":"<p>DMG24M tipo produkto korpusas pagamintas i\u0161 aliuminio ir standarti\u0161kai tiekiamas metrinis variantas. Be to, var\u017ein\u0117 viela gali b\u016bti su hibridiniu elementu, kuris u\u017etikrina ilgesn\u012f tarnavimo laik\u0105. Daugias\u016bkis tikslumo potenciometras naudojamas kaip esamos vert\u0117s si\u0173stuvas, \u012frengiant jutiklio pried\u0105, kurio i\u0161vesties signalas yra 0\/4&#8230;20 mA arba 0&#8230;10 V nuolatin\u0117 srov\u0117. Visi tipai gali b\u016bti su 3, 5 ir 10 pavar\u0173. DMG24M serijoje yra didel\u0117s skyros si\u0173stuvas. Pasirinktinai, kartu su reduktoriniu potenciometru, galima naudoti \u012fvairius redukcinio santykio koeficientus.<\/p>\n","protected":false},"featured_media":1260061797,"template":"","meta":[],"product_brand":[],"product_cat":[1298],"product_tag":[],"class_list":{"0":"post-1260059261","1":"product","2":"type-product","3":"status-publish","4":"has-post-thumbnail","6":"product_cat-keliu-posukiu-potenciometras","8":"first","9":"instock","10":"product-type-simple"},"yoast_head":"<!-- This site is optimized with the Yoast SEO plugin v27.1.1 - https:\/\/yoast.com\/product\/yoast-seo-wordpress\/ -->\n<title>Daugias\u016bkiai potenciometrai DMG24M - My industrial<\/title>\n<meta name=\"robots\" content=\"noindex, follow, max-snippet:-1, max-image-preview:large, max-video-preview:-1\" \/>\n<meta property=\"og:locale\" content=\"lt_LT\" \/>\n<meta property=\"og:type\" content=\"article\" \/>\n<meta property=\"og:title\" content=\"Daugias\u016bkiai potenciometrai DMG24M - My industrial\" \/>\n<meta property=\"og:description\" content=\"DMG24M tipo produkto korpusas pagamintas i\u0161 aliuminio ir standarti\u0161kai tiekiamas metrinis variantas. Be to, var\u017ein\u0117 viela gali b\u016bti su hibridiniu elementu, kuris u\u017etikrina ilgesn\u012f tarnavimo laik\u0105. Daugias\u016bkis tikslumo potenciometras naudojamas kaip esamos vert\u0117s si\u0173stuvas, \u012frengiant jutiklio pried\u0105, kurio i\u0161vesties signalas yra 0\/4...20 mA arba 0...10 V nuolatin\u0117 srov\u0117. Visi tipai gali b\u016bti su 3, 5 ir 10 pavar\u0173. DMG24M serijoje yra didel\u0117s skyros si\u0173stuvas. Pasirinktinai, kartu su reduktoriniu potenciometru, galima naudoti \u012fvairius redukcinio santykio koeficientus.\" \/>\n<meta property=\"og:url\" content=\"https:\/\/dev.myindustrial.eu\/lt\/shop\/potenciometrai-ir-jutikliai\/keliu-posukiu-potenciometras\/dmg24m\/\" \/>\n<meta property=\"og:site_name\" content=\"My industrial\" \/>\n<meta property=\"article:modified_time\" content=\"2023-06-16T20:51:04+00:00\" \/>\n<meta property=\"og:image\" content=\"https:\/\/dev.myindustrial.eu\/wp-content\/uploads\/2022\/01\/dmg24m_413x400-413x400.jpg\" \/>\n\t<meta property=\"og:image:width\" content=\"413\" \/>\n\t<meta property=\"og:image:height\" content=\"400\" \/>\n\t<meta property=\"og:image:type\" content=\"image\/jpeg\" \/>\n<meta name=\"twitter:card\" content=\"summary_large_image\" \/>\n<script type=\"application\/ld+json\" class=\"yoast-schema-graph\">{\"@context\":\"https:\/\/schema.org\",\"@graph\":[{\"@type\":\"WebPage\",\"@id\":\"https:\/\/dev.myindustrial.eu\/lt\/shop\/potenciometrai-ir-jutikliai\/keliu-posukiu-potenciometras\/dmg24m\/\",\"url\":\"https:\/\/dev.myindustrial.eu\/lt\/shop\/potenciometrai-ir-jutikliai\/keliu-posukiu-potenciometras\/dmg24m\/\",\"name\":\"Daugias\u016bkiai potenciometrai DMG24M - My industrial\",\"isPartOf\":{\"@id\":\"https:\/\/dev.myindustrial.eu\/lt\/#website\"},\"primaryImageOfPage\":{\"@id\":\"https:\/\/dev.myindustrial.eu\/lt\/shop\/potenciometrai-ir-jutikliai\/keliu-posukiu-potenciometras\/dmg24m\/#primaryimage\"},\"image\":{\"@id\":\"https:\/\/dev.myindustrial.eu\/lt\/shop\/potenciometrai-ir-jutikliai\/keliu-posukiu-potenciometras\/dmg24m\/#primaryimage\"},\"thumbnailUrl\":\"https:\/\/dev.myindustrial.eu\/wp-content\/uploads\/2022\/01\/dmg24m_413x400-413x400.jpg\",\"datePublished\":\"2022-01-14T02:02:32+00:00\",\"dateModified\":\"2023-06-16T20:51:04+00:00\",\"breadcrumb\":{\"@id\":\"https:\/\/dev.myindustrial.eu\/lt\/shop\/potenciometrai-ir-jutikliai\/keliu-posukiu-potenciometras\/dmg24m\/#breadcrumb\"},\"inLanguage\":\"lt-LT\",\"potentialAction\":[{\"@type\":\"ReadAction\",\"target\":[\"https:\/\/dev.myindustrial.eu\/lt\/shop\/potenciometrai-ir-jutikliai\/keliu-posukiu-potenciometras\/dmg24m\/\"]}]},{\"@type\":\"ImageObject\",\"inLanguage\":\"lt-LT\",\"@id\":\"https:\/\/dev.myindustrial.eu\/lt\/shop\/potenciometrai-ir-jutikliai\/keliu-posukiu-potenciometras\/dmg24m\/#primaryimage\",\"url\":\"https:\/\/dev.myindustrial.eu\/wp-content\/uploads\/2022\/01\/dmg24m_413x400-413x400.jpg\",\"contentUrl\":\"https:\/\/dev.myindustrial.eu\/wp-content\/uploads\/2022\/01\/dmg24m_413x400-413x400.jpg\",\"width\":413,\"height\":400},{\"@type\":\"BreadcrumbList\",\"@id\":\"https:\/\/dev.myindustrial.eu\/lt\/shop\/potenciometrai-ir-jutikliai\/keliu-posukiu-potenciometras\/dmg24m\/#breadcrumb\",\"itemListElement\":[{\"@type\":\"ListItem\",\"position\":1,\"name\":\"Home\",\"item\":\"https:\/\/dev.myindustrial.eu\/lt\/\"},{\"@type\":\"ListItem\",\"position\":2,\"name\":\"Products\",\"item\":\"https:\/\/dev.myindustrial.eu\/lt\/products\/\"},{\"@type\":\"ListItem\",\"position\":3,\"name\":\"Daugias\u016bkiai potenciometrai DMG24M\"}]},{\"@type\":\"WebSite\",\"@id\":\"https:\/\/dev.myindustrial.eu\/lt\/#website\",\"url\":\"https:\/\/dev.myindustrial.eu\/lt\/\",\"name\":\"My industrial\",\"description\":\"\",\"potentialAction\":[{\"@type\":\"SearchAction\",\"target\":{\"@type\":\"EntryPoint\",\"urlTemplate\":\"https:\/\/dev.myindustrial.eu\/lt\/?s={search_term_string}\"},\"query-input\":{\"@type\":\"PropertyValueSpecification\",\"valueRequired\":true,\"valueName\":\"search_term_string\"}}],\"inLanguage\":\"lt-LT\"}]}<\/script>\n<!-- \/ Yoast SEO plugin. -->","yoast_head_json":{"title":"Daugias\u016bkiai potenciometrai DMG24M - My industrial","robots":{"index":"noindex","follow":"follow","max-snippet":"max-snippet:-1","max-image-preview":"max-image-preview:large","max-video-preview":"max-video-preview:-1"},"og_locale":"lt_LT","og_type":"article","og_title":"Daugias\u016bkiai potenciometrai DMG24M - My industrial","og_description":"DMG24M tipo produkto korpusas pagamintas i\u0161 aliuminio ir standarti\u0161kai tiekiamas metrinis variantas. Be to, var\u017ein\u0117 viela gali b\u016bti su hibridiniu elementu, kuris u\u017etikrina ilgesn\u012f tarnavimo laik\u0105. Daugias\u016bkis tikslumo potenciometras naudojamas kaip esamos vert\u0117s si\u0173stuvas, \u012frengiant jutiklio pried\u0105, kurio i\u0161vesties signalas yra 0\/4...20 mA arba 0...10 V nuolatin\u0117 srov\u0117. Visi tipai gali b\u016bti su 3, 5 ir 10 pavar\u0173. DMG24M serijoje yra didel\u0117s skyros si\u0173stuvas. Pasirinktinai, kartu su reduktoriniu potenciometru, galima naudoti \u012fvairius redukcinio santykio koeficientus.","og_url":"https:\/\/dev.myindustrial.eu\/lt\/shop\/potenciometrai-ir-jutikliai\/keliu-posukiu-potenciometras\/dmg24m\/","og_site_name":"My industrial","article_modified_time":"2023-06-16T20:51:04+00:00","og_image":[{"width":413,"height":400,"url":"https:\/\/dev.myindustrial.eu\/wp-content\/uploads\/2022\/01\/dmg24m_413x400-413x400.jpg","type":"image\/jpeg"}],"twitter_card":"summary_large_image","schema":{"@context":"https:\/\/schema.org","@graph":[{"@type":"WebPage","@id":"https:\/\/dev.myindustrial.eu\/lt\/shop\/potenciometrai-ir-jutikliai\/keliu-posukiu-potenciometras\/dmg24m\/","url":"https:\/\/dev.myindustrial.eu\/lt\/shop\/potenciometrai-ir-jutikliai\/keliu-posukiu-potenciometras\/dmg24m\/","name":"Daugias\u016bkiai potenciometrai DMG24M - My industrial","isPartOf":{"@id":"https:\/\/dev.myindustrial.eu\/lt\/#website"},"primaryImageOfPage":{"@id":"https:\/\/dev.myindustrial.eu\/lt\/shop\/potenciometrai-ir-jutikliai\/keliu-posukiu-potenciometras\/dmg24m\/#primaryimage"},"image":{"@id":"https:\/\/dev.myindustrial.eu\/lt\/shop\/potenciometrai-ir-jutikliai\/keliu-posukiu-potenciometras\/dmg24m\/#primaryimage"},"thumbnailUrl":"https:\/\/dev.myindustrial.eu\/wp-content\/uploads\/2022\/01\/dmg24m_413x400-413x400.jpg","datePublished":"2022-01-14T02:02:32+00:00","dateModified":"2023-06-16T20:51:04+00:00","breadcrumb":{"@id":"https:\/\/dev.myindustrial.eu\/lt\/shop\/potenciometrai-ir-jutikliai\/keliu-posukiu-potenciometras\/dmg24m\/#breadcrumb"},"inLanguage":"lt-LT","potentialAction":[{"@type":"ReadAction","target":["https:\/\/dev.myindustrial.eu\/lt\/shop\/potenciometrai-ir-jutikliai\/keliu-posukiu-potenciometras\/dmg24m\/"]}]},{"@type":"ImageObject","inLanguage":"lt-LT","@id":"https:\/\/dev.myindustrial.eu\/lt\/shop\/potenciometrai-ir-jutikliai\/keliu-posukiu-potenciometras\/dmg24m\/#primaryimage","url":"https:\/\/dev.myindustrial.eu\/wp-content\/uploads\/2022\/01\/dmg24m_413x400-413x400.jpg","contentUrl":"https:\/\/dev.myindustrial.eu\/wp-content\/uploads\/2022\/01\/dmg24m_413x400-413x400.jpg","width":413,"height":400},{"@type":"BreadcrumbList","@id":"https:\/\/dev.myindustrial.eu\/lt\/shop\/potenciometrai-ir-jutikliai\/keliu-posukiu-potenciometras\/dmg24m\/#breadcrumb","itemListElement":[{"@type":"ListItem","position":1,"name":"Home","item":"https:\/\/dev.myindustrial.eu\/lt\/"},{"@type":"ListItem","position":2,"name":"Products","item":"https:\/\/dev.myindustrial.eu\/lt\/products\/"},{"@type":"ListItem","position":3,"name":"Daugias\u016bkiai potenciometrai DMG24M"}]},{"@type":"WebSite","@id":"https:\/\/dev.myindustrial.eu\/lt\/#website","url":"https:\/\/dev.myindustrial.eu\/lt\/","name":"My industrial","description":"","potentialAction":[{"@type":"SearchAction","target":{"@type":"EntryPoint","urlTemplate":"https:\/\/dev.myindustrial.eu\/lt\/?s={search_term_string}"},"query-input":{"@type":"PropertyValueSpecification","valueRequired":true,"valueName":"search_term_string"}}],"inLanguage":"lt-LT"}]}},"_links":{"self":[{"href":"https:\/\/dev.myindustrial.eu\/lt\/wp-json\/wp\/v2\/product\/1260059261","targetHints":{"allow":["GET"]}}],"collection":[{"href":"https:\/\/dev.myindustrial.eu\/lt\/wp-json\/wp\/v2\/product"}],"about":[{"href":"https:\/\/dev.myindustrial.eu\/lt\/wp-json\/wp\/v2\/types\/product"}],"version-history":[{"count":0,"href":"https:\/\/dev.myindustrial.eu\/lt\/wp-json\/wp\/v2\/product\/1260059261\/revisions"}],"wp:featuredmedia":[{"embeddable":true,"href":"https:\/\/dev.myindustrial.eu\/lt\/wp-json\/wp\/v2\/media\/1260061797"}],"wp:attachment":[{"href":"https:\/\/dev.myindustrial.eu\/lt\/wp-json\/wp\/v2\/media?parent=1260059261"}],"wp:term":[{"taxonomy":"product_brand","embeddable":true,"href":"https:\/\/dev.myindustrial.eu\/lt\/wp-json\/wp\/v2\/product_brand?post=1260059261"},{"taxonomy":"product_cat","embeddable":true,"href":"https:\/\/dev.myindustrial.eu\/lt\/wp-json\/wp\/v2\/product_cat?post=1260059261"},{"taxonomy":"product_tag","embeddable":true,"href":"https:\/\/dev.myindustrial.eu\/lt\/wp-json\/wp\/v2\/product_tag?post=1260059261"}],"curies":[{"name":"wp","href":"https:\/\/api.w.org\/{rel}","templated":true}]}}