{"id":1260059263,"date":"2022-01-14T02:02:32","date_gmt":"2022-01-14T02:02:32","guid":{"rendered":"https:\/\/dev.myindustrial.eu\/shop-2\/be-kategorijos\/ll30\/"},"modified":"2023-06-16T20:50:56","modified_gmt":"2023-06-16T20:50:56","slug":"ll30","status":"publish","type":"product","link":"https:\/\/dev.myindustrial.eu\/lt\/shop\/potenciometrai-ir-jutikliai\/linijinis-potenciometras\/ll30\/","title":{"rendered":"Linijinis potenciometras LL30"},"content":{"rendered":"<p><iframe width=\"560\" height=\"315\" src=\"https:\/\/youtube.com\/embed\/7TTbOH1ox1E\" frameborder=\"0\" allow=\"accelerometer; autoplay; clipboard-write; encrypted-media; gyroscope; picture-in-picture; web-share\" allowfullscreen><\/iframe><\/p>\n","protected":false},"excerpt":{"rendered":"<p>LL30 tipo linijinis tikslumo potenciometras patikimai fiksuoja linijines matavimo trajektorijas pramonin\u0117ms reikm\u0117ms. Kaip var\u017einis elementas naudojamas laidus plastikas. Galimos standartin\u0117s matavimo trajektorijos iki 500 mm. Anoduoto aliuminio korpusas yra itin tvirtas ir u\u017etikrina apsaug\u0105 nuo i\u0161orinio poveikio, standartin\u0117je versijoje \u2013 iki did\u017eiausios IP65 apsaugos klas\u0117s. Skland\u0173 veikim\u0105 u\u017etikrina slydimo guoliai. Potenciometrai gali b\u016bti su mygtukine spyruokle arba integruota gr\u012f\u017etam\u0105ja spyruokle. I\u0161vesties signal\u0105 galima i\u0161vesti kaip 0&#8230;10 V nuolatin\u0117s srov\u0117s arba 0\/4&#8230;20 mA signal\u0105 naudojant integruot\u0105 matavimo keitl\u012f.<\/p>\n","protected":false},"featured_media":1260061367,"template":"","meta":[],"product_brand":[],"product_cat":[1294],"product_tag":[],"class_list":{"0":"post-1260059263","1":"product","2":"type-product","3":"status-publish","4":"has-post-thumbnail","6":"product_cat-linijinis-potenciometras","8":"first","9":"instock","10":"product-type-simple"},"yoast_head":"<!-- This site is optimized with the Yoast SEO plugin v27.1.1 - https:\/\/yoast.com\/product\/yoast-seo-wordpress\/ -->\n<title>Linijinis potenciometras LL30 - My industrial<\/title>\n<meta name=\"robots\" content=\"noindex, follow, max-snippet:-1, max-image-preview:large, max-video-preview:-1\" \/>\n<meta property=\"og:locale\" content=\"lt_LT\" \/>\n<meta property=\"og:type\" content=\"article\" \/>\n<meta property=\"og:title\" content=\"Linijinis potenciometras LL30 - My industrial\" \/>\n<meta property=\"og:description\" content=\"LL30 tipo linijinis tikslumo potenciometras patikimai fiksuoja linijines matavimo trajektorijas pramonin\u0117ms reikm\u0117ms. Kaip var\u017einis elementas naudojamas laidus plastikas. Galimos standartin\u0117s matavimo trajektorijos iki 500 mm. Anoduoto aliuminio korpusas yra itin tvirtas ir u\u017etikrina apsaug\u0105 nuo i\u0161orinio poveikio, standartin\u0117je versijoje \u2013 iki did\u017eiausios IP65 apsaugos klas\u0117s. Skland\u0173 veikim\u0105 u\u017etikrina slydimo guoliai. Potenciometrai gali b\u016bti su mygtukine spyruokle arba integruota gr\u012f\u017etam\u0105ja spyruokle. I\u0161vesties signal\u0105 galima i\u0161vesti kaip 0...10 V nuolatin\u0117s srov\u0117s arba 0\/4...20 mA signal\u0105 naudojant integruot\u0105 matavimo keitl\u012f.\" \/>\n<meta property=\"og:url\" content=\"https:\/\/dev.myindustrial.eu\/lt\/shop\/potenciometrai-ir-jutikliai\/linijinis-potenciometras\/ll30\/\" \/>\n<meta property=\"og:site_name\" content=\"My industrial\" \/>\n<meta property=\"article:modified_time\" content=\"2023-06-16T20:50:56+00:00\" \/>\n<meta property=\"og:image\" content=\"https:\/\/dev.myindustrial.eu\/wp-content\/uploads\/2022\/06\/ll30.webp\" \/>\n\t<meta property=\"og:image:width\" content=\"500\" \/>\n\t<meta property=\"og:image:height\" content=\"500\" \/>\n\t<meta property=\"og:image:type\" content=\"image\/webp\" \/>\n<meta name=\"twitter:card\" content=\"summary_large_image\" \/>\n<script type=\"application\/ld+json\" class=\"yoast-schema-graph\">{\"@context\":\"https:\/\/schema.org\",\"@graph\":[{\"@type\":\"WebPage\",\"@id\":\"https:\/\/dev.myindustrial.eu\/lt\/shop\/potenciometrai-ir-jutikliai\/linijinis-potenciometras\/ll30\/\",\"url\":\"https:\/\/dev.myindustrial.eu\/lt\/shop\/potenciometrai-ir-jutikliai\/linijinis-potenciometras\/ll30\/\",\"name\":\"Linijinis potenciometras LL30 - My industrial\",\"isPartOf\":{\"@id\":\"https:\/\/dev.myindustrial.eu\/lt\/#website\"},\"primaryImageOfPage\":{\"@id\":\"https:\/\/dev.myindustrial.eu\/lt\/shop\/potenciometrai-ir-jutikliai\/linijinis-potenciometras\/ll30\/#primaryimage\"},\"image\":{\"@id\":\"https:\/\/dev.myindustrial.eu\/lt\/shop\/potenciometrai-ir-jutikliai\/linijinis-potenciometras\/ll30\/#primaryimage\"},\"thumbnailUrl\":\"https:\/\/dev.myindustrial.eu\/wp-content\/uploads\/2022\/06\/ll30.webp\",\"datePublished\":\"2022-01-14T02:02:32+00:00\",\"dateModified\":\"2023-06-16T20:50:56+00:00\",\"breadcrumb\":{\"@id\":\"https:\/\/dev.myindustrial.eu\/lt\/shop\/potenciometrai-ir-jutikliai\/linijinis-potenciometras\/ll30\/#breadcrumb\"},\"inLanguage\":\"lt-LT\",\"potentialAction\":[{\"@type\":\"ReadAction\",\"target\":[\"https:\/\/dev.myindustrial.eu\/lt\/shop\/potenciometrai-ir-jutikliai\/linijinis-potenciometras\/ll30\/\"]}]},{\"@type\":\"ImageObject\",\"inLanguage\":\"lt-LT\",\"@id\":\"https:\/\/dev.myindustrial.eu\/lt\/shop\/potenciometrai-ir-jutikliai\/linijinis-potenciometras\/ll30\/#primaryimage\",\"url\":\"https:\/\/dev.myindustrial.eu\/wp-content\/uploads\/2022\/06\/ll30.webp\",\"contentUrl\":\"https:\/\/dev.myindustrial.eu\/wp-content\/uploads\/2022\/06\/ll30.webp\",\"width\":500,\"height\":500},{\"@type\":\"BreadcrumbList\",\"@id\":\"https:\/\/dev.myindustrial.eu\/lt\/shop\/potenciometrai-ir-jutikliai\/linijinis-potenciometras\/ll30\/#breadcrumb\",\"itemListElement\":[{\"@type\":\"ListItem\",\"position\":1,\"name\":\"Home\",\"item\":\"https:\/\/dev.myindustrial.eu\/lt\/\"},{\"@type\":\"ListItem\",\"position\":2,\"name\":\"Products\",\"item\":\"https:\/\/dev.myindustrial.eu\/lt\/products\/\"},{\"@type\":\"ListItem\",\"position\":3,\"name\":\"Linijinis potenciometras LL30\"}]},{\"@type\":\"WebSite\",\"@id\":\"https:\/\/dev.myindustrial.eu\/lt\/#website\",\"url\":\"https:\/\/dev.myindustrial.eu\/lt\/\",\"name\":\"My industrial\",\"description\":\"\",\"potentialAction\":[{\"@type\":\"SearchAction\",\"target\":{\"@type\":\"EntryPoint\",\"urlTemplate\":\"https:\/\/dev.myindustrial.eu\/lt\/?s={search_term_string}\"},\"query-input\":{\"@type\":\"PropertyValueSpecification\",\"valueRequired\":true,\"valueName\":\"search_term_string\"}}],\"inLanguage\":\"lt-LT\"}]}<\/script>\n<!-- \/ Yoast SEO plugin. -->","yoast_head_json":{"title":"Linijinis potenciometras LL30 - My industrial","robots":{"index":"noindex","follow":"follow","max-snippet":"max-snippet:-1","max-image-preview":"max-image-preview:large","max-video-preview":"max-video-preview:-1"},"og_locale":"lt_LT","og_type":"article","og_title":"Linijinis potenciometras LL30 - My industrial","og_description":"LL30 tipo linijinis tikslumo potenciometras patikimai fiksuoja linijines matavimo trajektorijas pramonin\u0117ms reikm\u0117ms. Kaip var\u017einis elementas naudojamas laidus plastikas. Galimos standartin\u0117s matavimo trajektorijos iki 500 mm. Anoduoto aliuminio korpusas yra itin tvirtas ir u\u017etikrina apsaug\u0105 nuo i\u0161orinio poveikio, standartin\u0117je versijoje \u2013 iki did\u017eiausios IP65 apsaugos klas\u0117s. Skland\u0173 veikim\u0105 u\u017etikrina slydimo guoliai. Potenciometrai gali b\u016bti su mygtukine spyruokle arba integruota gr\u012f\u017etam\u0105ja spyruokle. I\u0161vesties signal\u0105 galima i\u0161vesti kaip 0...10 V nuolatin\u0117s srov\u0117s arba 0\/4...20 mA signal\u0105 naudojant integruot\u0105 matavimo keitl\u012f.","og_url":"https:\/\/dev.myindustrial.eu\/lt\/shop\/potenciometrai-ir-jutikliai\/linijinis-potenciometras\/ll30\/","og_site_name":"My industrial","article_modified_time":"2023-06-16T20:50:56+00:00","og_image":[{"width":500,"height":500,"url":"https:\/\/dev.myindustrial.eu\/wp-content\/uploads\/2022\/06\/ll30.webp","type":"image\/webp"}],"twitter_card":"summary_large_image","schema":{"@context":"https:\/\/schema.org","@graph":[{"@type":"WebPage","@id":"https:\/\/dev.myindustrial.eu\/lt\/shop\/potenciometrai-ir-jutikliai\/linijinis-potenciometras\/ll30\/","url":"https:\/\/dev.myindustrial.eu\/lt\/shop\/potenciometrai-ir-jutikliai\/linijinis-potenciometras\/ll30\/","name":"Linijinis potenciometras LL30 - My industrial","isPartOf":{"@id":"https:\/\/dev.myindustrial.eu\/lt\/#website"},"primaryImageOfPage":{"@id":"https:\/\/dev.myindustrial.eu\/lt\/shop\/potenciometrai-ir-jutikliai\/linijinis-potenciometras\/ll30\/#primaryimage"},"image":{"@id":"https:\/\/dev.myindustrial.eu\/lt\/shop\/potenciometrai-ir-jutikliai\/linijinis-potenciometras\/ll30\/#primaryimage"},"thumbnailUrl":"https:\/\/dev.myindustrial.eu\/wp-content\/uploads\/2022\/06\/ll30.webp","datePublished":"2022-01-14T02:02:32+00:00","dateModified":"2023-06-16T20:50:56+00:00","breadcrumb":{"@id":"https:\/\/dev.myindustrial.eu\/lt\/shop\/potenciometrai-ir-jutikliai\/linijinis-potenciometras\/ll30\/#breadcrumb"},"inLanguage":"lt-LT","potentialAction":[{"@type":"ReadAction","target":["https:\/\/dev.myindustrial.eu\/lt\/shop\/potenciometrai-ir-jutikliai\/linijinis-potenciometras\/ll30\/"]}]},{"@type":"ImageObject","inLanguage":"lt-LT","@id":"https:\/\/dev.myindustrial.eu\/lt\/shop\/potenciometrai-ir-jutikliai\/linijinis-potenciometras\/ll30\/#primaryimage","url":"https:\/\/dev.myindustrial.eu\/wp-content\/uploads\/2022\/06\/ll30.webp","contentUrl":"https:\/\/dev.myindustrial.eu\/wp-content\/uploads\/2022\/06\/ll30.webp","width":500,"height":500},{"@type":"BreadcrumbList","@id":"https:\/\/dev.myindustrial.eu\/lt\/shop\/potenciometrai-ir-jutikliai\/linijinis-potenciometras\/ll30\/#breadcrumb","itemListElement":[{"@type":"ListItem","position":1,"name":"Home","item":"https:\/\/dev.myindustrial.eu\/lt\/"},{"@type":"ListItem","position":2,"name":"Products","item":"https:\/\/dev.myindustrial.eu\/lt\/products\/"},{"@type":"ListItem","position":3,"name":"Linijinis potenciometras LL30"}]},{"@type":"WebSite","@id":"https:\/\/dev.myindustrial.eu\/lt\/#website","url":"https:\/\/dev.myindustrial.eu\/lt\/","name":"My industrial","description":"","potentialAction":[{"@type":"SearchAction","target":{"@type":"EntryPoint","urlTemplate":"https:\/\/dev.myindustrial.eu\/lt\/?s={search_term_string}"},"query-input":{"@type":"PropertyValueSpecification","valueRequired":true,"valueName":"search_term_string"}}],"inLanguage":"lt-LT"}]}},"_links":{"self":[{"href":"https:\/\/dev.myindustrial.eu\/lt\/wp-json\/wp\/v2\/product\/1260059263","targetHints":{"allow":["GET"]}}],"collection":[{"href":"https:\/\/dev.myindustrial.eu\/lt\/wp-json\/wp\/v2\/product"}],"about":[{"href":"https:\/\/dev.myindustrial.eu\/lt\/wp-json\/wp\/v2\/types\/product"}],"version-history":[{"count":0,"href":"https:\/\/dev.myindustrial.eu\/lt\/wp-json\/wp\/v2\/product\/1260059263\/revisions"}],"wp:featuredmedia":[{"embeddable":true,"href":"https:\/\/dev.myindustrial.eu\/lt\/wp-json\/wp\/v2\/media\/1260061367"}],"wp:attachment":[{"href":"https:\/\/dev.myindustrial.eu\/lt\/wp-json\/wp\/v2\/media?parent=1260059263"}],"wp:term":[{"taxonomy":"product_brand","embeddable":true,"href":"https:\/\/dev.myindustrial.eu\/lt\/wp-json\/wp\/v2\/product_brand?post=1260059263"},{"taxonomy":"product_cat","embeddable":true,"href":"https:\/\/dev.myindustrial.eu\/lt\/wp-json\/wp\/v2\/product_cat?post=1260059263"},{"taxonomy":"product_tag","embeddable":true,"href":"https:\/\/dev.myindustrial.eu\/lt\/wp-json\/wp\/v2\/product_tag?post=1260059263"}],"curies":[{"name":"wp","href":"https:\/\/api.w.org\/{rel}","templated":true}]}}