{"id":1260059266,"date":"2022-01-14T01:36:47","date_gmt":"2022-01-14T02:02:32","guid":{"rendered":"https:\/\/dev.myindustrial.eu\/shop-2\/be-kategorijos\/dp18\/"},"modified":"2023-12-28T19:24:51","modified_gmt":"2023-12-28T19:24:51","slug":"dp18","status":"publish","type":"product","link":"https:\/\/dev.myindustrial.eu\/lt\/shop\/potenciometrai-ir-jutikliai\/vieno-posukio-potenciometras\/vielinis-potenciometras\/dp18\/","title":{"rendered":"Vielinis potenciometras DP18"},"content":{"rendered":"","protected":false},"excerpt":{"rendered":"<p>\u0160ios gamini\u0173 linijos vieliniai tikslumo potenciometrai tinka naudoti visose pramon\u0117s srityse. Stiklo pluo\u0161tu sutvirtinto plastiko korpusas pasi\u017eymi dideliu tvirtumu ir atsparumu kar\u0161\u010diui. Jis taip pat gali b\u016bti sandarinamas, tod\u0117l jo apsaugos klas\u0117 siekia iki maks. IP67. \u0160ie potenciometrai su keliomis brangi\u0173j\u0173 metal\u0173 valytuv\u0173 at\u0161akomis ypa\u010d tinka esamoms vert\u0117ms gauti. Be to, velenas yra sumontuotas dugne, kad b\u016bt\u0173 neutralizuotos a\u0161in\u0117s apkrovos. Galima \u012fsigyti per velen\u0105 jungiam\u0105 potenciometr\u0105 ir kelias jo versijas.<\/p>\n","protected":false},"featured_media":1260061888,"template":"","meta":[],"product_brand":[],"product_cat":[1301,1541],"product_tag":[],"class_list":{"0":"post-1260059266","1":"product","2":"type-product","3":"status-publish","4":"has-post-thumbnail","6":"product_cat-vieno-posukio-potenciometras","7":"product_cat-vielinis-potenciometras","9":"first","10":"instock","11":"product-type-simple"},"yoast_head":"<!-- This site is optimized with the Yoast SEO plugin v27.1.1 - https:\/\/yoast.com\/product\/yoast-seo-wordpress\/ -->\n<title>Vielinis potenciometras DP18 - My industrial<\/title>\n<meta name=\"robots\" content=\"noindex, follow, max-snippet:-1, max-image-preview:large, max-video-preview:-1\" \/>\n<meta property=\"og:locale\" content=\"lt_LT\" \/>\n<meta property=\"og:type\" content=\"article\" \/>\n<meta property=\"og:title\" content=\"Vielinis potenciometras DP18 - My industrial\" \/>\n<meta property=\"og:description\" content=\"\u0160ios gamini\u0173 linijos vieliniai tikslumo potenciometrai tinka naudoti visose pramon\u0117s srityse. Stiklo pluo\u0161tu sutvirtinto plastiko korpusas pasi\u017eymi dideliu tvirtumu ir atsparumu kar\u0161\u010diui. Jis taip pat gali b\u016bti sandarinamas, tod\u0117l jo apsaugos klas\u0117 siekia iki maks. IP67. \u0160ie potenciometrai su keliomis brangi\u0173j\u0173 metal\u0173 valytuv\u0173 at\u0161akomis ypa\u010d tinka esamoms vert\u0117ms gauti. Be to, velenas yra sumontuotas dugne, kad b\u016bt\u0173 neutralizuotos a\u0161in\u0117s apkrovos. Galima \u012fsigyti per velen\u0105 jungiam\u0105 potenciometr\u0105 ir kelias jo versijas.\" \/>\n<meta property=\"og:url\" content=\"https:\/\/dev.myindustrial.eu\/lt\/shop\/potenciometrai-ir-jutikliai\/vieno-posukio-potenciometras\/vielinis-potenciometras\/dp18\/\" \/>\n<meta property=\"og:site_name\" content=\"My industrial\" \/>\n<meta property=\"article:modified_time\" content=\"2023-12-28T19:24:51+00:00\" \/>\n<meta property=\"og:image\" content=\"https:\/\/dev.myindustrial.eu\/wp-content\/uploads\/2022\/01\/dp18_eingang_draht_altmann_400x413-400x413.jpg\" \/>\n\t<meta property=\"og:image:width\" content=\"400\" \/>\n\t<meta property=\"og:image:height\" content=\"413\" \/>\n\t<meta property=\"og:image:type\" content=\"image\/jpeg\" \/>\n<meta name=\"twitter:card\" content=\"summary_large_image\" \/>\n<script type=\"application\/ld+json\" class=\"yoast-schema-graph\">{\"@context\":\"https:\/\/schema.org\",\"@graph\":[{\"@type\":\"WebPage\",\"@id\":\"https:\/\/dev.myindustrial.eu\/lt\/shop\/potenciometrai-ir-jutikliai\/vieno-posukio-potenciometras\/vielinis-potenciometras\/dp18\/\",\"url\":\"https:\/\/dev.myindustrial.eu\/lt\/shop\/potenciometrai-ir-jutikliai\/vieno-posukio-potenciometras\/vielinis-potenciometras\/dp18\/\",\"name\":\"Vielinis potenciometras DP18 - My industrial\",\"isPartOf\":{\"@id\":\"https:\/\/dev.myindustrial.eu\/lt\/#website\"},\"primaryImageOfPage\":{\"@id\":\"https:\/\/dev.myindustrial.eu\/lt\/shop\/potenciometrai-ir-jutikliai\/vieno-posukio-potenciometras\/vielinis-potenciometras\/dp18\/#primaryimage\"},\"image\":{\"@id\":\"https:\/\/dev.myindustrial.eu\/lt\/shop\/potenciometrai-ir-jutikliai\/vieno-posukio-potenciometras\/vielinis-potenciometras\/dp18\/#primaryimage\"},\"thumbnailUrl\":\"https:\/\/dev.myindustrial.eu\/wp-content\/uploads\/2022\/01\/dp18_eingang_draht_altmann_400x413-400x413.jpg\",\"datePublished\":\"2022-01-14T02:02:32+00:00\",\"dateModified\":\"2023-12-28T19:24:51+00:00\",\"breadcrumb\":{\"@id\":\"https:\/\/dev.myindustrial.eu\/lt\/shop\/potenciometrai-ir-jutikliai\/vieno-posukio-potenciometras\/vielinis-potenciometras\/dp18\/#breadcrumb\"},\"inLanguage\":\"lt-LT\",\"potentialAction\":[{\"@type\":\"ReadAction\",\"target\":[\"https:\/\/dev.myindustrial.eu\/lt\/shop\/potenciometrai-ir-jutikliai\/vieno-posukio-potenciometras\/vielinis-potenciometras\/dp18\/\"]}]},{\"@type\":\"ImageObject\",\"inLanguage\":\"lt-LT\",\"@id\":\"https:\/\/dev.myindustrial.eu\/lt\/shop\/potenciometrai-ir-jutikliai\/vieno-posukio-potenciometras\/vielinis-potenciometras\/dp18\/#primaryimage\",\"url\":\"https:\/\/dev.myindustrial.eu\/wp-content\/uploads\/2022\/01\/dp18_eingang_draht_altmann_400x413-400x413.jpg\",\"contentUrl\":\"https:\/\/dev.myindustrial.eu\/wp-content\/uploads\/2022\/01\/dp18_eingang_draht_altmann_400x413-400x413.jpg\",\"width\":400,\"height\":413},{\"@type\":\"BreadcrumbList\",\"@id\":\"https:\/\/dev.myindustrial.eu\/lt\/shop\/potenciometrai-ir-jutikliai\/vieno-posukio-potenciometras\/vielinis-potenciometras\/dp18\/#breadcrumb\",\"itemListElement\":[{\"@type\":\"ListItem\",\"position\":1,\"name\":\"Home\",\"item\":\"https:\/\/dev.myindustrial.eu\/lt\/\"},{\"@type\":\"ListItem\",\"position\":2,\"name\":\"Products\",\"item\":\"https:\/\/dev.myindustrial.eu\/lt\/products\/\"},{\"@type\":\"ListItem\",\"position\":3,\"name\":\"Vielinis potenciometras DP18\"}]},{\"@type\":\"WebSite\",\"@id\":\"https:\/\/dev.myindustrial.eu\/lt\/#website\",\"url\":\"https:\/\/dev.myindustrial.eu\/lt\/\",\"name\":\"My industrial\",\"description\":\"\",\"potentialAction\":[{\"@type\":\"SearchAction\",\"target\":{\"@type\":\"EntryPoint\",\"urlTemplate\":\"https:\/\/dev.myindustrial.eu\/lt\/?s={search_term_string}\"},\"query-input\":{\"@type\":\"PropertyValueSpecification\",\"valueRequired\":true,\"valueName\":\"search_term_string\"}}],\"inLanguage\":\"lt-LT\"}]}<\/script>\n<!-- \/ Yoast SEO plugin. -->","yoast_head_json":{"title":"Vielinis potenciometras DP18 - My industrial","robots":{"index":"noindex","follow":"follow","max-snippet":"max-snippet:-1","max-image-preview":"max-image-preview:large","max-video-preview":"max-video-preview:-1"},"og_locale":"lt_LT","og_type":"article","og_title":"Vielinis potenciometras DP18 - My industrial","og_description":"\u0160ios gamini\u0173 linijos vieliniai tikslumo potenciometrai tinka naudoti visose pramon\u0117s srityse. Stiklo pluo\u0161tu sutvirtinto plastiko korpusas pasi\u017eymi dideliu tvirtumu ir atsparumu kar\u0161\u010diui. Jis taip pat gali b\u016bti sandarinamas, tod\u0117l jo apsaugos klas\u0117 siekia iki maks. IP67. \u0160ie potenciometrai su keliomis brangi\u0173j\u0173 metal\u0173 valytuv\u0173 at\u0161akomis ypa\u010d tinka esamoms vert\u0117ms gauti. Be to, velenas yra sumontuotas dugne, kad b\u016bt\u0173 neutralizuotos a\u0161in\u0117s apkrovos. Galima \u012fsigyti per velen\u0105 jungiam\u0105 potenciometr\u0105 ir kelias jo versijas.","og_url":"https:\/\/dev.myindustrial.eu\/lt\/shop\/potenciometrai-ir-jutikliai\/vieno-posukio-potenciometras\/vielinis-potenciometras\/dp18\/","og_site_name":"My industrial","article_modified_time":"2023-12-28T19:24:51+00:00","og_image":[{"width":400,"height":413,"url":"https:\/\/dev.myindustrial.eu\/wp-content\/uploads\/2022\/01\/dp18_eingang_draht_altmann_400x413-400x413.jpg","type":"image\/jpeg"}],"twitter_card":"summary_large_image","schema":{"@context":"https:\/\/schema.org","@graph":[{"@type":"WebPage","@id":"https:\/\/dev.myindustrial.eu\/lt\/shop\/potenciometrai-ir-jutikliai\/vieno-posukio-potenciometras\/vielinis-potenciometras\/dp18\/","url":"https:\/\/dev.myindustrial.eu\/lt\/shop\/potenciometrai-ir-jutikliai\/vieno-posukio-potenciometras\/vielinis-potenciometras\/dp18\/","name":"Vielinis potenciometras DP18 - My industrial","isPartOf":{"@id":"https:\/\/dev.myindustrial.eu\/lt\/#website"},"primaryImageOfPage":{"@id":"https:\/\/dev.myindustrial.eu\/lt\/shop\/potenciometrai-ir-jutikliai\/vieno-posukio-potenciometras\/vielinis-potenciometras\/dp18\/#primaryimage"},"image":{"@id":"https:\/\/dev.myindustrial.eu\/lt\/shop\/potenciometrai-ir-jutikliai\/vieno-posukio-potenciometras\/vielinis-potenciometras\/dp18\/#primaryimage"},"thumbnailUrl":"https:\/\/dev.myindustrial.eu\/wp-content\/uploads\/2022\/01\/dp18_eingang_draht_altmann_400x413-400x413.jpg","datePublished":"2022-01-14T02:02:32+00:00","dateModified":"2023-12-28T19:24:51+00:00","breadcrumb":{"@id":"https:\/\/dev.myindustrial.eu\/lt\/shop\/potenciometrai-ir-jutikliai\/vieno-posukio-potenciometras\/vielinis-potenciometras\/dp18\/#breadcrumb"},"inLanguage":"lt-LT","potentialAction":[{"@type":"ReadAction","target":["https:\/\/dev.myindustrial.eu\/lt\/shop\/potenciometrai-ir-jutikliai\/vieno-posukio-potenciometras\/vielinis-potenciometras\/dp18\/"]}]},{"@type":"ImageObject","inLanguage":"lt-LT","@id":"https:\/\/dev.myindustrial.eu\/lt\/shop\/potenciometrai-ir-jutikliai\/vieno-posukio-potenciometras\/vielinis-potenciometras\/dp18\/#primaryimage","url":"https:\/\/dev.myindustrial.eu\/wp-content\/uploads\/2022\/01\/dp18_eingang_draht_altmann_400x413-400x413.jpg","contentUrl":"https:\/\/dev.myindustrial.eu\/wp-content\/uploads\/2022\/01\/dp18_eingang_draht_altmann_400x413-400x413.jpg","width":400,"height":413},{"@type":"BreadcrumbList","@id":"https:\/\/dev.myindustrial.eu\/lt\/shop\/potenciometrai-ir-jutikliai\/vieno-posukio-potenciometras\/vielinis-potenciometras\/dp18\/#breadcrumb","itemListElement":[{"@type":"ListItem","position":1,"name":"Home","item":"https:\/\/dev.myindustrial.eu\/lt\/"},{"@type":"ListItem","position":2,"name":"Products","item":"https:\/\/dev.myindustrial.eu\/lt\/products\/"},{"@type":"ListItem","position":3,"name":"Vielinis potenciometras DP18"}]},{"@type":"WebSite","@id":"https:\/\/dev.myindustrial.eu\/lt\/#website","url":"https:\/\/dev.myindustrial.eu\/lt\/","name":"My industrial","description":"","potentialAction":[{"@type":"SearchAction","target":{"@type":"EntryPoint","urlTemplate":"https:\/\/dev.myindustrial.eu\/lt\/?s={search_term_string}"},"query-input":{"@type":"PropertyValueSpecification","valueRequired":true,"valueName":"search_term_string"}}],"inLanguage":"lt-LT"}]}},"_links":{"self":[{"href":"https:\/\/dev.myindustrial.eu\/lt\/wp-json\/wp\/v2\/product\/1260059266","targetHints":{"allow":["GET"]}}],"collection":[{"href":"https:\/\/dev.myindustrial.eu\/lt\/wp-json\/wp\/v2\/product"}],"about":[{"href":"https:\/\/dev.myindustrial.eu\/lt\/wp-json\/wp\/v2\/types\/product"}],"version-history":[{"count":0,"href":"https:\/\/dev.myindustrial.eu\/lt\/wp-json\/wp\/v2\/product\/1260059266\/revisions"}],"wp:featuredmedia":[{"embeddable":true,"href":"https:\/\/dev.myindustrial.eu\/lt\/wp-json\/wp\/v2\/media\/1260061888"}],"wp:attachment":[{"href":"https:\/\/dev.myindustrial.eu\/lt\/wp-json\/wp\/v2\/media?parent=1260059266"}],"wp:term":[{"taxonomy":"product_brand","embeddable":true,"href":"https:\/\/dev.myindustrial.eu\/lt\/wp-json\/wp\/v2\/product_brand?post=1260059266"},{"taxonomy":"product_cat","embeddable":true,"href":"https:\/\/dev.myindustrial.eu\/lt\/wp-json\/wp\/v2\/product_cat?post=1260059266"},{"taxonomy":"product_tag","embeddable":true,"href":"https:\/\/dev.myindustrial.eu\/lt\/wp-json\/wp\/v2\/product_tag?post=1260059266"}],"curies":[{"name":"wp","href":"https:\/\/api.w.org\/{rel}","templated":true}]}}