{"id":1260059270,"date":"2022-01-14T02:02:32","date_gmt":"2022-01-14T02:02:32","guid":{"rendered":"https:\/\/dev.myindustrial.eu\/shop-2\/be-kategorijos\/lpt18\/"},"modified":"2023-06-16T20:50:48","modified_gmt":"2023-06-16T20:50:48","slug":"lpt18","status":"publish","type":"product","link":"https:\/\/dev.myindustrial.eu\/lt\/shop\/potenciometrai-ir-jutikliai\/vieno-posukio-potenciometras\/laidaus-plastiko-potenciometras\/lpt18\/","title":{"rendered":"Laidaus plastiko potenciometras LPT18"},"content":{"rendered":"<p><iframe width=\"560\" height=\"315\" src=\"https:\/\/youtube.com\/embed\/Z6an0Ckc5Zg\" frameborder=\"0\" allow=\"accelerometer; autoplay; clipboard-write; encrypted-media; gyroscope; picture-in-picture; web-share\" allowfullscreen><\/iframe><iframe width=\"560\" height=\"315\" src=\"https:\/\/youtube.com\/embed\/S341UgztNTU\" frameborder=\"0\" allow=\"accelerometer; autoplay; clipboard-write; encrypted-media; gyroscope; picture-in-picture; web-share\" allowfullscreen><\/iframe><\/p>\n","protected":false},"excerpt":{"rendered":"<p>\u0160ios produkt\u0173 linijos laidaus plastiko tikslumo potenciometrai tinka naudoti visose pramon\u0117s srityse. Stiklo pluo\u0161tu sutvirtinto plastiko korpusas pasi\u017eymi dideliu tvirtumu ir atsparumu kar\u0161\u010diui. Jis taip pat gali b\u016bti sandarinamas, tod\u0117l jo apsaugos klas\u0117 siekia iki maks. IP67. Be to, velenas yra sumontuotas korpuse, kad b\u016bt\u0173 neutralizuotos a\u0161in\u0117s apkrovos. Potenciometr\u0105 galima prijungti dviem b\u016bdais: \u0161oniniais arba apatiniais kontaktais. LPT18 serij\u0105 galima i\u0161pl\u0117sti \u012f perjungimo potenciometr\u0105 su i\u0161oriniu korpusu.<\/p>\n","protected":false},"featured_media":1260061878,"template":"","meta":[],"product_brand":[],"product_cat":[1546],"product_tag":[],"class_list":{"0":"post-1260059270","1":"product","2":"type-product","3":"status-publish","4":"has-post-thumbnail","6":"product_cat-laidaus-plastiko-potenciometras","8":"first","9":"instock","10":"product-type-simple"},"yoast_head":"<!-- This site is optimized with the Yoast SEO plugin v27.1.1 - https:\/\/yoast.com\/product\/yoast-seo-wordpress\/ -->\n<title>Laidaus plastiko potenciometras LPT18 - My industrial<\/title>\n<meta name=\"robots\" content=\"noindex, follow, max-snippet:-1, max-image-preview:large, max-video-preview:-1\" \/>\n<meta property=\"og:locale\" content=\"lt_LT\" \/>\n<meta property=\"og:type\" content=\"article\" \/>\n<meta property=\"og:title\" content=\"Laidaus plastiko potenciometras LPT18 - My industrial\" \/>\n<meta property=\"og:description\" content=\"\u0160ios produkt\u0173 linijos laidaus plastiko tikslumo potenciometrai tinka naudoti visose pramon\u0117s srityse. Stiklo pluo\u0161tu sutvirtinto plastiko korpusas pasi\u017eymi dideliu tvirtumu ir atsparumu kar\u0161\u010diui. Jis taip pat gali b\u016bti sandarinamas, tod\u0117l jo apsaugos klas\u0117 siekia iki maks. IP67. Be to, velenas yra sumontuotas korpuse, kad b\u016bt\u0173 neutralizuotos a\u0161in\u0117s apkrovos. Potenciometr\u0105 galima prijungti dviem b\u016bdais: \u0161oniniais arba apatiniais kontaktais. LPT18 serij\u0105 galima i\u0161pl\u0117sti \u012f perjungimo potenciometr\u0105 su i\u0161oriniu korpusu.\" \/>\n<meta property=\"og:url\" content=\"https:\/\/dev.myindustrial.eu\/lt\/shop\/potenciometrai-ir-jutikliai\/vieno-posukio-potenciometras\/laidaus-plastiko-potenciometras\/lpt18\/\" \/>\n<meta property=\"og:site_name\" content=\"My industrial\" \/>\n<meta property=\"article:modified_time\" content=\"2023-06-16T20:50:48+00:00\" \/>\n<meta property=\"og:image\" content=\"https:\/\/dev.myindustrial.eu\/wp-content\/uploads\/2022\/01\/lpt18_leitplastik_altmann_400x413-400x413.jpg\" \/>\n\t<meta property=\"og:image:width\" content=\"400\" \/>\n\t<meta property=\"og:image:height\" content=\"413\" \/>\n\t<meta property=\"og:image:type\" content=\"image\/jpeg\" \/>\n<meta name=\"twitter:card\" content=\"summary_large_image\" \/>\n<script type=\"application\/ld+json\" class=\"yoast-schema-graph\">{\"@context\":\"https:\/\/schema.org\",\"@graph\":[{\"@type\":\"WebPage\",\"@id\":\"https:\/\/dev.myindustrial.eu\/lt\/shop\/potenciometrai-ir-jutikliai\/vieno-posukio-potenciometras\/laidaus-plastiko-potenciometras\/lpt18\/\",\"url\":\"https:\/\/dev.myindustrial.eu\/lt\/shop\/potenciometrai-ir-jutikliai\/vieno-posukio-potenciometras\/laidaus-plastiko-potenciometras\/lpt18\/\",\"name\":\"Laidaus plastiko potenciometras LPT18 - My industrial\",\"isPartOf\":{\"@id\":\"https:\/\/dev.myindustrial.eu\/lt\/#website\"},\"primaryImageOfPage\":{\"@id\":\"https:\/\/dev.myindustrial.eu\/lt\/shop\/potenciometrai-ir-jutikliai\/vieno-posukio-potenciometras\/laidaus-plastiko-potenciometras\/lpt18\/#primaryimage\"},\"image\":{\"@id\":\"https:\/\/dev.myindustrial.eu\/lt\/shop\/potenciometrai-ir-jutikliai\/vieno-posukio-potenciometras\/laidaus-plastiko-potenciometras\/lpt18\/#primaryimage\"},\"thumbnailUrl\":\"https:\/\/dev.myindustrial.eu\/wp-content\/uploads\/2022\/01\/lpt18_leitplastik_altmann_400x413-400x413.jpg\",\"datePublished\":\"2022-01-14T02:02:32+00:00\",\"dateModified\":\"2023-06-16T20:50:48+00:00\",\"breadcrumb\":{\"@id\":\"https:\/\/dev.myindustrial.eu\/lt\/shop\/potenciometrai-ir-jutikliai\/vieno-posukio-potenciometras\/laidaus-plastiko-potenciometras\/lpt18\/#breadcrumb\"},\"inLanguage\":\"lt-LT\",\"potentialAction\":[{\"@type\":\"ReadAction\",\"target\":[\"https:\/\/dev.myindustrial.eu\/lt\/shop\/potenciometrai-ir-jutikliai\/vieno-posukio-potenciometras\/laidaus-plastiko-potenciometras\/lpt18\/\"]}]},{\"@type\":\"ImageObject\",\"inLanguage\":\"lt-LT\",\"@id\":\"https:\/\/dev.myindustrial.eu\/lt\/shop\/potenciometrai-ir-jutikliai\/vieno-posukio-potenciometras\/laidaus-plastiko-potenciometras\/lpt18\/#primaryimage\",\"url\":\"https:\/\/dev.myindustrial.eu\/wp-content\/uploads\/2022\/01\/lpt18_leitplastik_altmann_400x413-400x413.jpg\",\"contentUrl\":\"https:\/\/dev.myindustrial.eu\/wp-content\/uploads\/2022\/01\/lpt18_leitplastik_altmann_400x413-400x413.jpg\",\"width\":400,\"height\":413},{\"@type\":\"BreadcrumbList\",\"@id\":\"https:\/\/dev.myindustrial.eu\/lt\/shop\/potenciometrai-ir-jutikliai\/vieno-posukio-potenciometras\/laidaus-plastiko-potenciometras\/lpt18\/#breadcrumb\",\"itemListElement\":[{\"@type\":\"ListItem\",\"position\":1,\"name\":\"Home\",\"item\":\"https:\/\/dev.myindustrial.eu\/lt\/\"},{\"@type\":\"ListItem\",\"position\":2,\"name\":\"Products\",\"item\":\"https:\/\/dev.myindustrial.eu\/lt\/products\/\"},{\"@type\":\"ListItem\",\"position\":3,\"name\":\"Laidaus plastiko potenciometras LPT18\"}]},{\"@type\":\"WebSite\",\"@id\":\"https:\/\/dev.myindustrial.eu\/lt\/#website\",\"url\":\"https:\/\/dev.myindustrial.eu\/lt\/\",\"name\":\"My industrial\",\"description\":\"\",\"potentialAction\":[{\"@type\":\"SearchAction\",\"target\":{\"@type\":\"EntryPoint\",\"urlTemplate\":\"https:\/\/dev.myindustrial.eu\/lt\/?s={search_term_string}\"},\"query-input\":{\"@type\":\"PropertyValueSpecification\",\"valueRequired\":true,\"valueName\":\"search_term_string\"}}],\"inLanguage\":\"lt-LT\"}]}<\/script>\n<!-- \/ Yoast SEO plugin. -->","yoast_head_json":{"title":"Laidaus plastiko potenciometras LPT18 - My industrial","robots":{"index":"noindex","follow":"follow","max-snippet":"max-snippet:-1","max-image-preview":"max-image-preview:large","max-video-preview":"max-video-preview:-1"},"og_locale":"lt_LT","og_type":"article","og_title":"Laidaus plastiko potenciometras LPT18 - My industrial","og_description":"\u0160ios produkt\u0173 linijos laidaus plastiko tikslumo potenciometrai tinka naudoti visose pramon\u0117s srityse. Stiklo pluo\u0161tu sutvirtinto plastiko korpusas pasi\u017eymi dideliu tvirtumu ir atsparumu kar\u0161\u010diui. Jis taip pat gali b\u016bti sandarinamas, tod\u0117l jo apsaugos klas\u0117 siekia iki maks. IP67. Be to, velenas yra sumontuotas korpuse, kad b\u016bt\u0173 neutralizuotos a\u0161in\u0117s apkrovos. Potenciometr\u0105 galima prijungti dviem b\u016bdais: \u0161oniniais arba apatiniais kontaktais. LPT18 serij\u0105 galima i\u0161pl\u0117sti \u012f perjungimo potenciometr\u0105 su i\u0161oriniu korpusu.","og_url":"https:\/\/dev.myindustrial.eu\/lt\/shop\/potenciometrai-ir-jutikliai\/vieno-posukio-potenciometras\/laidaus-plastiko-potenciometras\/lpt18\/","og_site_name":"My industrial","article_modified_time":"2023-06-16T20:50:48+00:00","og_image":[{"width":400,"height":413,"url":"https:\/\/dev.myindustrial.eu\/wp-content\/uploads\/2022\/01\/lpt18_leitplastik_altmann_400x413-400x413.jpg","type":"image\/jpeg"}],"twitter_card":"summary_large_image","schema":{"@context":"https:\/\/schema.org","@graph":[{"@type":"WebPage","@id":"https:\/\/dev.myindustrial.eu\/lt\/shop\/potenciometrai-ir-jutikliai\/vieno-posukio-potenciometras\/laidaus-plastiko-potenciometras\/lpt18\/","url":"https:\/\/dev.myindustrial.eu\/lt\/shop\/potenciometrai-ir-jutikliai\/vieno-posukio-potenciometras\/laidaus-plastiko-potenciometras\/lpt18\/","name":"Laidaus plastiko potenciometras LPT18 - My industrial","isPartOf":{"@id":"https:\/\/dev.myindustrial.eu\/lt\/#website"},"primaryImageOfPage":{"@id":"https:\/\/dev.myindustrial.eu\/lt\/shop\/potenciometrai-ir-jutikliai\/vieno-posukio-potenciometras\/laidaus-plastiko-potenciometras\/lpt18\/#primaryimage"},"image":{"@id":"https:\/\/dev.myindustrial.eu\/lt\/shop\/potenciometrai-ir-jutikliai\/vieno-posukio-potenciometras\/laidaus-plastiko-potenciometras\/lpt18\/#primaryimage"},"thumbnailUrl":"https:\/\/dev.myindustrial.eu\/wp-content\/uploads\/2022\/01\/lpt18_leitplastik_altmann_400x413-400x413.jpg","datePublished":"2022-01-14T02:02:32+00:00","dateModified":"2023-06-16T20:50:48+00:00","breadcrumb":{"@id":"https:\/\/dev.myindustrial.eu\/lt\/shop\/potenciometrai-ir-jutikliai\/vieno-posukio-potenciometras\/laidaus-plastiko-potenciometras\/lpt18\/#breadcrumb"},"inLanguage":"lt-LT","potentialAction":[{"@type":"ReadAction","target":["https:\/\/dev.myindustrial.eu\/lt\/shop\/potenciometrai-ir-jutikliai\/vieno-posukio-potenciometras\/laidaus-plastiko-potenciometras\/lpt18\/"]}]},{"@type":"ImageObject","inLanguage":"lt-LT","@id":"https:\/\/dev.myindustrial.eu\/lt\/shop\/potenciometrai-ir-jutikliai\/vieno-posukio-potenciometras\/laidaus-plastiko-potenciometras\/lpt18\/#primaryimage","url":"https:\/\/dev.myindustrial.eu\/wp-content\/uploads\/2022\/01\/lpt18_leitplastik_altmann_400x413-400x413.jpg","contentUrl":"https:\/\/dev.myindustrial.eu\/wp-content\/uploads\/2022\/01\/lpt18_leitplastik_altmann_400x413-400x413.jpg","width":400,"height":413},{"@type":"BreadcrumbList","@id":"https:\/\/dev.myindustrial.eu\/lt\/shop\/potenciometrai-ir-jutikliai\/vieno-posukio-potenciometras\/laidaus-plastiko-potenciometras\/lpt18\/#breadcrumb","itemListElement":[{"@type":"ListItem","position":1,"name":"Home","item":"https:\/\/dev.myindustrial.eu\/lt\/"},{"@type":"ListItem","position":2,"name":"Products","item":"https:\/\/dev.myindustrial.eu\/lt\/products\/"},{"@type":"ListItem","position":3,"name":"Laidaus plastiko potenciometras LPT18"}]},{"@type":"WebSite","@id":"https:\/\/dev.myindustrial.eu\/lt\/#website","url":"https:\/\/dev.myindustrial.eu\/lt\/","name":"My industrial","description":"","potentialAction":[{"@type":"SearchAction","target":{"@type":"EntryPoint","urlTemplate":"https:\/\/dev.myindustrial.eu\/lt\/?s={search_term_string}"},"query-input":{"@type":"PropertyValueSpecification","valueRequired":true,"valueName":"search_term_string"}}],"inLanguage":"lt-LT"}]}},"_links":{"self":[{"href":"https:\/\/dev.myindustrial.eu\/lt\/wp-json\/wp\/v2\/product\/1260059270","targetHints":{"allow":["GET"]}}],"collection":[{"href":"https:\/\/dev.myindustrial.eu\/lt\/wp-json\/wp\/v2\/product"}],"about":[{"href":"https:\/\/dev.myindustrial.eu\/lt\/wp-json\/wp\/v2\/types\/product"}],"version-history":[{"count":0,"href":"https:\/\/dev.myindustrial.eu\/lt\/wp-json\/wp\/v2\/product\/1260059270\/revisions"}],"wp:featuredmedia":[{"embeddable":true,"href":"https:\/\/dev.myindustrial.eu\/lt\/wp-json\/wp\/v2\/media\/1260061878"}],"wp:attachment":[{"href":"https:\/\/dev.myindustrial.eu\/lt\/wp-json\/wp\/v2\/media?parent=1260059270"}],"wp:term":[{"taxonomy":"product_brand","embeddable":true,"href":"https:\/\/dev.myindustrial.eu\/lt\/wp-json\/wp\/v2\/product_brand?post=1260059270"},{"taxonomy":"product_cat","embeddable":true,"href":"https:\/\/dev.myindustrial.eu\/lt\/wp-json\/wp\/v2\/product_cat?post=1260059270"},{"taxonomy":"product_tag","embeddable":true,"href":"https:\/\/dev.myindustrial.eu\/lt\/wp-json\/wp\/v2\/product_tag?post=1260059270"}],"curies":[{"name":"wp","href":"https:\/\/api.w.org\/{rel}","templated":true}]}}