{"id":1260059278,"date":"2022-01-14T01:36:56","date_gmt":"2022-01-14T02:02:41","guid":{"rendered":"https:\/\/dev.myindustrial.eu\/shop-2\/be-kategorijos\/mp40\/"},"modified":"2023-06-16T20:50:32","modified_gmt":"2023-06-16T20:50:32","slug":"mp40","status":"publish","type":"product","link":"https:\/\/dev.myindustrial.eu\/lt\/shop\/potenciometrai-ir-jutikliai\/priekinio-skydelio-potenciometras\/mp40\/","title":{"rendered":"Pavaros ir variklio potenciometras MP40"},"content":{"rendered":"<p><iframe width=\"560\" height=\"315\" src=\"https:\/\/youtube.com\/embed\/Yp4G_XNLtc4\" frameborder=\"0\" allow=\"accelerometer; autoplay; clipboard-write; encrypted-media; gyroscope; picture-in-picture; web-share\" allowfullscreen><\/iframe><iframe width=\"560\" height=\"315\" src=\"https:\/\/youtube.com\/embed\/8Ssa5Iiy-WA\" frameborder=\"0\" allow=\"accelerometer; autoplay; clipboard-write; encrypted-media; gyroscope; picture-in-picture; web-share\" allowfullscreen><\/iframe><\/p>\n","protected":false},"excerpt":{"rendered":"<p>Naudojame gerai \u017einom\u0173 gamintoj\u0173 nuolatin\u0117s srov\u0117s variklius. Galite pasirinkti 6, 12 ir 24 V nuolatin\u0117s srov\u0117s darbin\u0119 \u012ftamp\u0105. \u0160iems potenciometrams kaip komponentus naudojame m\u016bs\u0173 DMG23 ir DMG24M tipo daugias\u016bkius potenciometrus bei DP18 ir DP113 tipo vieno pasukimo potenciometrus. Visi potenciometrai turi galinius ribotuvus. Siekiant apsaugoti varikl\u012f ir perdavim\u0105 nuo perkrovos integruota speciali slydimo mova. Kaip papildomus komponentus si\u016blome variklio potenciometr\u0105 su ribiniais jungikliais ir atitinkamais kum\u0161teliniais arba segmentiniais diskais (tik vieno pasukimo potenciometras). Variklio potenciometras turi tvirt\u0105 aliuminio korpus\u0105 (pasirinktinai galima \u012fsigyti su ner\u016bdijan\u010diojo plieno korpusu) ir centrin\u012f tvirtinim\u0105 (priklausomai nuo potenciometro tipo). Be to, jame galima \u012frengti jutiklio i\u0161vesties signal\u0105 (0\/4&#8230;20 mA arba 0&#8230;10 V nuolatin\u0117s srov\u0117s). Variklio potenciometras prijungiamas kabeliu arba gnybt\u0173 bloku.<\/p>\n","protected":false},"featured_media":1260061352,"template":"","meta":[],"product_brand":[],"product_cat":[1289,1521],"product_tag":[],"class_list":{"0":"post-1260059278","1":"product","2":"type-product","3":"status-publish","4":"has-post-thumbnail","6":"product_cat-priekinio-skydelio-potenciometras","7":"product_cat-variklio-potenciometras","9":"first","10":"instock","11":"product-type-simple"},"yoast_head":"<!-- This site is optimized with the Yoast SEO plugin v27.1.1 - https:\/\/yoast.com\/product\/yoast-seo-wordpress\/ -->\n<title>Pavaros ir variklio potenciometras MP40 - My industrial<\/title>\n<meta name=\"robots\" content=\"noindex, follow, max-snippet:-1, max-image-preview:large, max-video-preview:-1\" \/>\n<meta property=\"og:locale\" content=\"lt_LT\" \/>\n<meta property=\"og:type\" content=\"article\" \/>\n<meta property=\"og:title\" content=\"Pavaros ir variklio potenciometras MP40 - My industrial\" \/>\n<meta property=\"og:description\" content=\"Naudojame gerai \u017einom\u0173 gamintoj\u0173 nuolatin\u0117s srov\u0117s variklius. Galite pasirinkti 6, 12 ir 24 V nuolatin\u0117s srov\u0117s darbin\u0119 \u012ftamp\u0105. \u0160iems potenciometrams kaip komponentus naudojame m\u016bs\u0173 DMG23 ir DMG24M tipo daugias\u016bkius potenciometrus bei DP18 ir DP113 tipo vieno pasukimo potenciometrus. Visi potenciometrai turi galinius ribotuvus. Siekiant apsaugoti varikl\u012f ir perdavim\u0105 nuo perkrovos integruota speciali slydimo mova. Kaip papildomus komponentus si\u016blome variklio potenciometr\u0105 su ribiniais jungikliais ir atitinkamais kum\u0161teliniais arba segmentiniais diskais (tik vieno pasukimo potenciometras). Variklio potenciometras turi tvirt\u0105 aliuminio korpus\u0105 (pasirinktinai galima \u012fsigyti su ner\u016bdijan\u010diojo plieno korpusu) ir centrin\u012f tvirtinim\u0105 (priklausomai nuo potenciometro tipo). Be to, jame galima \u012frengti jutiklio i\u0161vesties signal\u0105 (0\/4...20 mA arba 0...10 V nuolatin\u0117s srov\u0117s). Variklio potenciometras prijungiamas kabeliu arba gnybt\u0173 bloku.\" \/>\n<meta property=\"og:url\" content=\"https:\/\/dev.myindustrial.eu\/lt\/shop\/potenciometrai-ir-jutikliai\/priekinio-skydelio-potenciometras\/mp40\/\" \/>\n<meta property=\"og:site_name\" content=\"My industrial\" \/>\n<meta property=\"article:modified_time\" content=\"2023-06-16T20:50:32+00:00\" \/>\n<meta property=\"og:image\" content=\"https:\/\/dev.myindustrial.eu\/wp-content\/uploads\/2022\/06\/MP40.webp\" \/>\n\t<meta property=\"og:image:width\" content=\"500\" \/>\n\t<meta property=\"og:image:height\" content=\"500\" \/>\n\t<meta property=\"og:image:type\" content=\"image\/webp\" \/>\n<meta name=\"twitter:card\" content=\"summary_large_image\" \/>\n<script type=\"application\/ld+json\" class=\"yoast-schema-graph\">{\"@context\":\"https:\/\/schema.org\",\"@graph\":[{\"@type\":\"WebPage\",\"@id\":\"https:\/\/dev.myindustrial.eu\/lt\/shop\/potenciometrai-ir-jutikliai\/priekinio-skydelio-potenciometras\/mp40\/\",\"url\":\"https:\/\/dev.myindustrial.eu\/lt\/shop\/potenciometrai-ir-jutikliai\/priekinio-skydelio-potenciometras\/mp40\/\",\"name\":\"Pavaros ir variklio potenciometras MP40 - My industrial\",\"isPartOf\":{\"@id\":\"https:\/\/dev.myindustrial.eu\/lt\/#website\"},\"primaryImageOfPage\":{\"@id\":\"https:\/\/dev.myindustrial.eu\/lt\/shop\/potenciometrai-ir-jutikliai\/priekinio-skydelio-potenciometras\/mp40\/#primaryimage\"},\"image\":{\"@id\":\"https:\/\/dev.myindustrial.eu\/lt\/shop\/potenciometrai-ir-jutikliai\/priekinio-skydelio-potenciometras\/mp40\/#primaryimage\"},\"thumbnailUrl\":\"https:\/\/dev.myindustrial.eu\/wp-content\/uploads\/2022\/06\/MP40.webp\",\"datePublished\":\"2022-01-14T02:02:41+00:00\",\"dateModified\":\"2023-06-16T20:50:32+00:00\",\"breadcrumb\":{\"@id\":\"https:\/\/dev.myindustrial.eu\/lt\/shop\/potenciometrai-ir-jutikliai\/priekinio-skydelio-potenciometras\/mp40\/#breadcrumb\"},\"inLanguage\":\"lt-LT\",\"potentialAction\":[{\"@type\":\"ReadAction\",\"target\":[\"https:\/\/dev.myindustrial.eu\/lt\/shop\/potenciometrai-ir-jutikliai\/priekinio-skydelio-potenciometras\/mp40\/\"]}]},{\"@type\":\"ImageObject\",\"inLanguage\":\"lt-LT\",\"@id\":\"https:\/\/dev.myindustrial.eu\/lt\/shop\/potenciometrai-ir-jutikliai\/priekinio-skydelio-potenciometras\/mp40\/#primaryimage\",\"url\":\"https:\/\/dev.myindustrial.eu\/wp-content\/uploads\/2022\/06\/MP40.webp\",\"contentUrl\":\"https:\/\/dev.myindustrial.eu\/wp-content\/uploads\/2022\/06\/MP40.webp\",\"width\":500,\"height\":500},{\"@type\":\"BreadcrumbList\",\"@id\":\"https:\/\/dev.myindustrial.eu\/lt\/shop\/potenciometrai-ir-jutikliai\/priekinio-skydelio-potenciometras\/mp40\/#breadcrumb\",\"itemListElement\":[{\"@type\":\"ListItem\",\"position\":1,\"name\":\"Home\",\"item\":\"https:\/\/dev.myindustrial.eu\/lt\/\"},{\"@type\":\"ListItem\",\"position\":2,\"name\":\"Products\",\"item\":\"https:\/\/dev.myindustrial.eu\/lt\/products\/\"},{\"@type\":\"ListItem\",\"position\":3,\"name\":\"Pavaros ir variklio potenciometras MP40\"}]},{\"@type\":\"WebSite\",\"@id\":\"https:\/\/dev.myindustrial.eu\/lt\/#website\",\"url\":\"https:\/\/dev.myindustrial.eu\/lt\/\",\"name\":\"My industrial\",\"description\":\"\",\"potentialAction\":[{\"@type\":\"SearchAction\",\"target\":{\"@type\":\"EntryPoint\",\"urlTemplate\":\"https:\/\/dev.myindustrial.eu\/lt\/?s={search_term_string}\"},\"query-input\":{\"@type\":\"PropertyValueSpecification\",\"valueRequired\":true,\"valueName\":\"search_term_string\"}}],\"inLanguage\":\"lt-LT\"}]}<\/script>\n<!-- \/ Yoast SEO plugin. -->","yoast_head_json":{"title":"Pavaros ir variklio potenciometras MP40 - My industrial","robots":{"index":"noindex","follow":"follow","max-snippet":"max-snippet:-1","max-image-preview":"max-image-preview:large","max-video-preview":"max-video-preview:-1"},"og_locale":"lt_LT","og_type":"article","og_title":"Pavaros ir variklio potenciometras MP40 - My industrial","og_description":"Naudojame gerai \u017einom\u0173 gamintoj\u0173 nuolatin\u0117s srov\u0117s variklius. Galite pasirinkti 6, 12 ir 24 V nuolatin\u0117s srov\u0117s darbin\u0119 \u012ftamp\u0105. \u0160iems potenciometrams kaip komponentus naudojame m\u016bs\u0173 DMG23 ir DMG24M tipo daugias\u016bkius potenciometrus bei DP18 ir DP113 tipo vieno pasukimo potenciometrus. Visi potenciometrai turi galinius ribotuvus. Siekiant apsaugoti varikl\u012f ir perdavim\u0105 nuo perkrovos integruota speciali slydimo mova. Kaip papildomus komponentus si\u016blome variklio potenciometr\u0105 su ribiniais jungikliais ir atitinkamais kum\u0161teliniais arba segmentiniais diskais (tik vieno pasukimo potenciometras). Variklio potenciometras turi tvirt\u0105 aliuminio korpus\u0105 (pasirinktinai galima \u012fsigyti su ner\u016bdijan\u010diojo plieno korpusu) ir centrin\u012f tvirtinim\u0105 (priklausomai nuo potenciometro tipo). Be to, jame galima \u012frengti jutiklio i\u0161vesties signal\u0105 (0\/4...20 mA arba 0...10 V nuolatin\u0117s srov\u0117s). Variklio potenciometras prijungiamas kabeliu arba gnybt\u0173 bloku.","og_url":"https:\/\/dev.myindustrial.eu\/lt\/shop\/potenciometrai-ir-jutikliai\/priekinio-skydelio-potenciometras\/mp40\/","og_site_name":"My industrial","article_modified_time":"2023-06-16T20:50:32+00:00","og_image":[{"width":500,"height":500,"url":"https:\/\/dev.myindustrial.eu\/wp-content\/uploads\/2022\/06\/MP40.webp","type":"image\/webp"}],"twitter_card":"summary_large_image","schema":{"@context":"https:\/\/schema.org","@graph":[{"@type":"WebPage","@id":"https:\/\/dev.myindustrial.eu\/lt\/shop\/potenciometrai-ir-jutikliai\/priekinio-skydelio-potenciometras\/mp40\/","url":"https:\/\/dev.myindustrial.eu\/lt\/shop\/potenciometrai-ir-jutikliai\/priekinio-skydelio-potenciometras\/mp40\/","name":"Pavaros ir variklio potenciometras MP40 - My industrial","isPartOf":{"@id":"https:\/\/dev.myindustrial.eu\/lt\/#website"},"primaryImageOfPage":{"@id":"https:\/\/dev.myindustrial.eu\/lt\/shop\/potenciometrai-ir-jutikliai\/priekinio-skydelio-potenciometras\/mp40\/#primaryimage"},"image":{"@id":"https:\/\/dev.myindustrial.eu\/lt\/shop\/potenciometrai-ir-jutikliai\/priekinio-skydelio-potenciometras\/mp40\/#primaryimage"},"thumbnailUrl":"https:\/\/dev.myindustrial.eu\/wp-content\/uploads\/2022\/06\/MP40.webp","datePublished":"2022-01-14T02:02:41+00:00","dateModified":"2023-06-16T20:50:32+00:00","breadcrumb":{"@id":"https:\/\/dev.myindustrial.eu\/lt\/shop\/potenciometrai-ir-jutikliai\/priekinio-skydelio-potenciometras\/mp40\/#breadcrumb"},"inLanguage":"lt-LT","potentialAction":[{"@type":"ReadAction","target":["https:\/\/dev.myindustrial.eu\/lt\/shop\/potenciometrai-ir-jutikliai\/priekinio-skydelio-potenciometras\/mp40\/"]}]},{"@type":"ImageObject","inLanguage":"lt-LT","@id":"https:\/\/dev.myindustrial.eu\/lt\/shop\/potenciometrai-ir-jutikliai\/priekinio-skydelio-potenciometras\/mp40\/#primaryimage","url":"https:\/\/dev.myindustrial.eu\/wp-content\/uploads\/2022\/06\/MP40.webp","contentUrl":"https:\/\/dev.myindustrial.eu\/wp-content\/uploads\/2022\/06\/MP40.webp","width":500,"height":500},{"@type":"BreadcrumbList","@id":"https:\/\/dev.myindustrial.eu\/lt\/shop\/potenciometrai-ir-jutikliai\/priekinio-skydelio-potenciometras\/mp40\/#breadcrumb","itemListElement":[{"@type":"ListItem","position":1,"name":"Home","item":"https:\/\/dev.myindustrial.eu\/lt\/"},{"@type":"ListItem","position":2,"name":"Products","item":"https:\/\/dev.myindustrial.eu\/lt\/products\/"},{"@type":"ListItem","position":3,"name":"Pavaros ir variklio potenciometras MP40"}]},{"@type":"WebSite","@id":"https:\/\/dev.myindustrial.eu\/lt\/#website","url":"https:\/\/dev.myindustrial.eu\/lt\/","name":"My industrial","description":"","potentialAction":[{"@type":"SearchAction","target":{"@type":"EntryPoint","urlTemplate":"https:\/\/dev.myindustrial.eu\/lt\/?s={search_term_string}"},"query-input":{"@type":"PropertyValueSpecification","valueRequired":true,"valueName":"search_term_string"}}],"inLanguage":"lt-LT"}]}},"_links":{"self":[{"href":"https:\/\/dev.myindustrial.eu\/lt\/wp-json\/wp\/v2\/product\/1260059278","targetHints":{"allow":["GET"]}}],"collection":[{"href":"https:\/\/dev.myindustrial.eu\/lt\/wp-json\/wp\/v2\/product"}],"about":[{"href":"https:\/\/dev.myindustrial.eu\/lt\/wp-json\/wp\/v2\/types\/product"}],"version-history":[{"count":0,"href":"https:\/\/dev.myindustrial.eu\/lt\/wp-json\/wp\/v2\/product\/1260059278\/revisions"}],"wp:featuredmedia":[{"embeddable":true,"href":"https:\/\/dev.myindustrial.eu\/lt\/wp-json\/wp\/v2\/media\/1260061352"}],"wp:attachment":[{"href":"https:\/\/dev.myindustrial.eu\/lt\/wp-json\/wp\/v2\/media?parent=1260059278"}],"wp:term":[{"taxonomy":"product_brand","embeddable":true,"href":"https:\/\/dev.myindustrial.eu\/lt\/wp-json\/wp\/v2\/product_brand?post=1260059278"},{"taxonomy":"product_cat","embeddable":true,"href":"https:\/\/dev.myindustrial.eu\/lt\/wp-json\/wp\/v2\/product_cat?post=1260059278"},{"taxonomy":"product_tag","embeddable":true,"href":"https:\/\/dev.myindustrial.eu\/lt\/wp-json\/wp\/v2\/product_tag?post=1260059278"}],"curies":[{"name":"wp","href":"https:\/\/api.w.org\/{rel}","templated":true}]}}