{"id":1260059285,"date":"2022-01-14T02:02:41","date_gmt":"2022-01-14T02:02:41","guid":{"rendered":"https:\/\/dev.myindustrial.eu\/shop-2\/be-kategorijos\/tipas-usb-5-iii-elhy\/"},"modified":"2023-06-16T20:50:15","modified_gmt":"2023-06-16T20:50:15","slug":"tipas-usb-5-iii-elhy","status":"publish","type":"product","link":"https:\/\/dev.myindustrial.eu\/lt\/shop\/darbiniai-stabdziai\/tipas-usb-5-iii-elhy\/","title":{"rendered":"Tipas USB 5 III ELHY"},"content":{"rendered":"<p><iframe width=\"560\" height=\"315\" src=\"https:\/\/youtube.com\/embed\/vk8AGkE3hSY\" frameborder=\"0\" allow=\"accelerometer; autoplay; clipboard-write; encrypted-media; gyroscope; picture-in-picture; web-share\" allowfullscreen><\/iframe><iframe width=\"560\" height=\"315\" src=\"https:\/\/youtube.com\/embed\/qCgrDnsHGlc\" frameborder=\"0\" allow=\"accelerometer; autoplay; clipboard-write; encrypted-media; gyroscope; picture-in-picture; web-share\" allowfullscreen><\/iframe><\/p>\n","protected":false},"excerpt":{"rendered":"<p>\u0160ie stabd\u017eiai sukurti atsi\u017evelgiant \u012f specifinius kran\u0173, k\u0117limo ir med\u017eiag\u0173 krovimo \u012frangos reikalavimus ir yra nuolatini\u0173 SIBRE tyrim\u0173 ir pl\u0117tros rezultatas.<br \/>\nDISKINIAI STABD\u017dIAI \u2013 USB tipas<br \/>\nUSB serijos diskiniai stabd\u017eiai yra visi\u0161kai perdaryti ir veikiant sudaro spyruokl\u0117s j\u0117gos ir kampinio stabd\u017eio svorio derin\u012f.<br \/>\n\u0160i stabd\u017ei\u0173 serija sukurta atsi\u017evelgiant \u012f specifinius kran\u0173, med\u017eiag\u0173 krovimo \u012frangos, med\u017eiag\u0173 krovimo \u012frangos eksploatavimo reikalavimus ir yra nuoseklus SIBRE centrinio biuro techninio skyriaus nuolatinio tyrim\u0173 ir pl\u0117tros darbo rezultatas.<br \/>\nKartu su pa\u017eangiu stabd\u017ei\u0173 trinkeli\u0173 nusid\u0117v\u0117jimo kompensatoriumi naujoji USB serijos darbiniai diskiniai stabd\u017eiai suteikia beveik prie\u017ei\u016bros nereikalaujant\u012f stabd\u017ei\u0173 sprendim\u0105. Naujoji stabd\u017ei\u0173 sistema yra suprojektuota 2 dyd\u017ei\u0173 ir suteikia sprendimus \u012fvairioms stabdymo u\u017eduotims.<br \/>\nKur jis taikomas:<br \/>\nUSB serijos stabd\u017eiai yra skirti naudoti kaip darbiniai arba avariniai stov\u0117jimo stabd\u017eiai esant dideliam paleidim\u0173 skai\u010diui ir esant dideliam stabdymo grei\u010diui, pavyzd\u017eiui, k\u0117limo mechanizmams, konteineri\u0173 kran\u0173 jud\u0117jimo mechanizmams, konvejeri\u0173 pavaroms, nuolatinio transportavimo ma\u0161inoms, pavaroms keli\u0173 kau\u0161\u0173 rotoriniai ekskavatoriai, krautuvai ir kt.<\/p>\n","protected":false},"featured_media":1260062074,"template":"","meta":[],"product_brand":[],"product_cat":[1417],"product_tag":[],"class_list":{"0":"post-1260059285","1":"product","2":"type-product","3":"status-publish","4":"has-post-thumbnail","6":"product_cat-darbiniai-stabdziai","8":"first","9":"instock","10":"product-type-simple"},"yoast_head":"<!-- This site is optimized with the Yoast SEO plugin v27.1.1 - https:\/\/yoast.com\/product\/yoast-seo-wordpress\/ -->\n<title>Tipas USB 5 III ELHY - My industrial<\/title>\n<meta name=\"robots\" content=\"noindex, follow, max-snippet:-1, max-image-preview:large, max-video-preview:-1\" \/>\n<meta property=\"og:locale\" content=\"lt_LT\" \/>\n<meta property=\"og:type\" content=\"article\" \/>\n<meta property=\"og:title\" content=\"Tipas USB 5 III ELHY - My industrial\" \/>\n<meta property=\"og:description\" content=\"\u0160ie stabd\u017eiai sukurti atsi\u017evelgiant \u012f specifinius kran\u0173, k\u0117limo ir med\u017eiag\u0173 krovimo \u012frangos reikalavimus ir yra nuolatini\u0173 SIBRE tyrim\u0173 ir pl\u0117tros rezultatas. DISKINIAI STABD\u017dIAI \u2013 USB tipas USB serijos diskiniai stabd\u017eiai yra visi\u0161kai perdaryti ir veikiant sudaro spyruokl\u0117s j\u0117gos ir kampinio stabd\u017eio svorio derin\u012f. \u0160i stabd\u017ei\u0173 serija sukurta atsi\u017evelgiant \u012f specifinius kran\u0173, med\u017eiag\u0173 krovimo \u012frangos, med\u017eiag\u0173 krovimo \u012frangos eksploatavimo reikalavimus ir yra nuoseklus SIBRE centrinio biuro techninio skyriaus nuolatinio tyrim\u0173 ir pl\u0117tros darbo rezultatas. Kartu su pa\u017eangiu stabd\u017ei\u0173 trinkeli\u0173 nusid\u0117v\u0117jimo kompensatoriumi naujoji USB serijos darbiniai diskiniai stabd\u017eiai suteikia beveik prie\u017ei\u016bros nereikalaujant\u012f stabd\u017ei\u0173 sprendim\u0105. Naujoji stabd\u017ei\u0173 sistema yra suprojektuota 2 dyd\u017ei\u0173 ir suteikia sprendimus \u012fvairioms stabdymo u\u017eduotims. Kur jis taikomas: USB serijos stabd\u017eiai yra skirti naudoti kaip darbiniai arba avariniai stov\u0117jimo stabd\u017eiai esant dideliam paleidim\u0173 skai\u010diui ir esant dideliam stabdymo grei\u010diui, pavyzd\u017eiui, k\u0117limo mechanizmams, konteineri\u0173 kran\u0173 jud\u0117jimo mechanizmams, konvejeri\u0173 pavaroms, nuolatinio transportavimo ma\u0161inoms, pavaroms keli\u0173 kau\u0161\u0173 rotoriniai ekskavatoriai, krautuvai ir kt.\" \/>\n<meta property=\"og:url\" content=\"https:\/\/dev.myindustrial.eu\/lt\/shop\/darbiniai-stabdziai\/tipas-usb-5-iii-elhy\/\" \/>\n<meta property=\"og:site_name\" content=\"My industrial\" \/>\n<meta property=\"article:modified_time\" content=\"2023-06-16T20:50:15+00:00\" \/>\n<meta property=\"og:image\" content=\"https:\/\/dev.myindustrial.eu\/wp-content\/uploads\/2022\/01\/sibre-betriebsbremsen-usb5-iii_-3-500x500.jpg\" \/>\n\t<meta property=\"og:image:width\" content=\"500\" \/>\n\t<meta property=\"og:image:height\" content=\"500\" \/>\n\t<meta property=\"og:image:type\" content=\"image\/jpeg\" \/>\n<meta name=\"twitter:card\" content=\"summary_large_image\" \/>\n<script type=\"application\/ld+json\" class=\"yoast-schema-graph\">{\"@context\":\"https:\/\/schema.org\",\"@graph\":[{\"@type\":\"WebPage\",\"@id\":\"https:\/\/dev.myindustrial.eu\/lt\/shop\/darbiniai-stabdziai\/tipas-usb-5-iii-elhy\/\",\"url\":\"https:\/\/dev.myindustrial.eu\/lt\/shop\/darbiniai-stabdziai\/tipas-usb-5-iii-elhy\/\",\"name\":\"Tipas USB 5 III ELHY - My industrial\",\"isPartOf\":{\"@id\":\"https:\/\/dev.myindustrial.eu\/lt\/#website\"},\"primaryImageOfPage\":{\"@id\":\"https:\/\/dev.myindustrial.eu\/lt\/shop\/darbiniai-stabdziai\/tipas-usb-5-iii-elhy\/#primaryimage\"},\"image\":{\"@id\":\"https:\/\/dev.myindustrial.eu\/lt\/shop\/darbiniai-stabdziai\/tipas-usb-5-iii-elhy\/#primaryimage\"},\"thumbnailUrl\":\"https:\/\/dev.myindustrial.eu\/wp-content\/uploads\/2022\/01\/sibre-betriebsbremsen-usb5-iii_-3-500x500.jpg\",\"datePublished\":\"2022-01-14T02:02:41+00:00\",\"dateModified\":\"2023-06-16T20:50:15+00:00\",\"breadcrumb\":{\"@id\":\"https:\/\/dev.myindustrial.eu\/lt\/shop\/darbiniai-stabdziai\/tipas-usb-5-iii-elhy\/#breadcrumb\"},\"inLanguage\":\"lt-LT\",\"potentialAction\":[{\"@type\":\"ReadAction\",\"target\":[\"https:\/\/dev.myindustrial.eu\/lt\/shop\/darbiniai-stabdziai\/tipas-usb-5-iii-elhy\/\"]}]},{\"@type\":\"ImageObject\",\"inLanguage\":\"lt-LT\",\"@id\":\"https:\/\/dev.myindustrial.eu\/lt\/shop\/darbiniai-stabdziai\/tipas-usb-5-iii-elhy\/#primaryimage\",\"url\":\"https:\/\/dev.myindustrial.eu\/wp-content\/uploads\/2022\/01\/sibre-betriebsbremsen-usb5-iii_-3-500x500.jpg\",\"contentUrl\":\"https:\/\/dev.myindustrial.eu\/wp-content\/uploads\/2022\/01\/sibre-betriebsbremsen-usb5-iii_-3-500x500.jpg\",\"width\":500,\"height\":500},{\"@type\":\"BreadcrumbList\",\"@id\":\"https:\/\/dev.myindustrial.eu\/lt\/shop\/darbiniai-stabdziai\/tipas-usb-5-iii-elhy\/#breadcrumb\",\"itemListElement\":[{\"@type\":\"ListItem\",\"position\":1,\"name\":\"Home\",\"item\":\"https:\/\/dev.myindustrial.eu\/lt\/\"},{\"@type\":\"ListItem\",\"position\":2,\"name\":\"Products\",\"item\":\"https:\/\/dev.myindustrial.eu\/lt\/products\/\"},{\"@type\":\"ListItem\",\"position\":3,\"name\":\"Tipas USB 5 III ELHY\"}]},{\"@type\":\"WebSite\",\"@id\":\"https:\/\/dev.myindustrial.eu\/lt\/#website\",\"url\":\"https:\/\/dev.myindustrial.eu\/lt\/\",\"name\":\"My industrial\",\"description\":\"\",\"potentialAction\":[{\"@type\":\"SearchAction\",\"target\":{\"@type\":\"EntryPoint\",\"urlTemplate\":\"https:\/\/dev.myindustrial.eu\/lt\/?s={search_term_string}\"},\"query-input\":{\"@type\":\"PropertyValueSpecification\",\"valueRequired\":true,\"valueName\":\"search_term_string\"}}],\"inLanguage\":\"lt-LT\"}]}<\/script>\n<!-- \/ Yoast SEO plugin. -->","yoast_head_json":{"title":"Tipas USB 5 III ELHY - My industrial","robots":{"index":"noindex","follow":"follow","max-snippet":"max-snippet:-1","max-image-preview":"max-image-preview:large","max-video-preview":"max-video-preview:-1"},"og_locale":"lt_LT","og_type":"article","og_title":"Tipas USB 5 III ELHY - My industrial","og_description":"\u0160ie stabd\u017eiai sukurti atsi\u017evelgiant \u012f specifinius kran\u0173, k\u0117limo ir med\u017eiag\u0173 krovimo \u012frangos reikalavimus ir yra nuolatini\u0173 SIBRE tyrim\u0173 ir pl\u0117tros rezultatas. DISKINIAI STABD\u017dIAI \u2013 USB tipas USB serijos diskiniai stabd\u017eiai yra visi\u0161kai perdaryti ir veikiant sudaro spyruokl\u0117s j\u0117gos ir kampinio stabd\u017eio svorio derin\u012f. \u0160i stabd\u017ei\u0173 serija sukurta atsi\u017evelgiant \u012f specifinius kran\u0173, med\u017eiag\u0173 krovimo \u012frangos, med\u017eiag\u0173 krovimo \u012frangos eksploatavimo reikalavimus ir yra nuoseklus SIBRE centrinio biuro techninio skyriaus nuolatinio tyrim\u0173 ir pl\u0117tros darbo rezultatas. Kartu su pa\u017eangiu stabd\u017ei\u0173 trinkeli\u0173 nusid\u0117v\u0117jimo kompensatoriumi naujoji USB serijos darbiniai diskiniai stabd\u017eiai suteikia beveik prie\u017ei\u016bros nereikalaujant\u012f stabd\u017ei\u0173 sprendim\u0105. Naujoji stabd\u017ei\u0173 sistema yra suprojektuota 2 dyd\u017ei\u0173 ir suteikia sprendimus \u012fvairioms stabdymo u\u017eduotims. Kur jis taikomas: USB serijos stabd\u017eiai yra skirti naudoti kaip darbiniai arba avariniai stov\u0117jimo stabd\u017eiai esant dideliam paleidim\u0173 skai\u010diui ir esant dideliam stabdymo grei\u010diui, pavyzd\u017eiui, k\u0117limo mechanizmams, konteineri\u0173 kran\u0173 jud\u0117jimo mechanizmams, konvejeri\u0173 pavaroms, nuolatinio transportavimo ma\u0161inoms, pavaroms keli\u0173 kau\u0161\u0173 rotoriniai ekskavatoriai, krautuvai ir kt.","og_url":"https:\/\/dev.myindustrial.eu\/lt\/shop\/darbiniai-stabdziai\/tipas-usb-5-iii-elhy\/","og_site_name":"My industrial","article_modified_time":"2023-06-16T20:50:15+00:00","og_image":[{"width":500,"height":500,"url":"https:\/\/dev.myindustrial.eu\/wp-content\/uploads\/2022\/01\/sibre-betriebsbremsen-usb5-iii_-3-500x500.jpg","type":"image\/jpeg"}],"twitter_card":"summary_large_image","schema":{"@context":"https:\/\/schema.org","@graph":[{"@type":"WebPage","@id":"https:\/\/dev.myindustrial.eu\/lt\/shop\/darbiniai-stabdziai\/tipas-usb-5-iii-elhy\/","url":"https:\/\/dev.myindustrial.eu\/lt\/shop\/darbiniai-stabdziai\/tipas-usb-5-iii-elhy\/","name":"Tipas USB 5 III ELHY - My industrial","isPartOf":{"@id":"https:\/\/dev.myindustrial.eu\/lt\/#website"},"primaryImageOfPage":{"@id":"https:\/\/dev.myindustrial.eu\/lt\/shop\/darbiniai-stabdziai\/tipas-usb-5-iii-elhy\/#primaryimage"},"image":{"@id":"https:\/\/dev.myindustrial.eu\/lt\/shop\/darbiniai-stabdziai\/tipas-usb-5-iii-elhy\/#primaryimage"},"thumbnailUrl":"https:\/\/dev.myindustrial.eu\/wp-content\/uploads\/2022\/01\/sibre-betriebsbremsen-usb5-iii_-3-500x500.jpg","datePublished":"2022-01-14T02:02:41+00:00","dateModified":"2023-06-16T20:50:15+00:00","breadcrumb":{"@id":"https:\/\/dev.myindustrial.eu\/lt\/shop\/darbiniai-stabdziai\/tipas-usb-5-iii-elhy\/#breadcrumb"},"inLanguage":"lt-LT","potentialAction":[{"@type":"ReadAction","target":["https:\/\/dev.myindustrial.eu\/lt\/shop\/darbiniai-stabdziai\/tipas-usb-5-iii-elhy\/"]}]},{"@type":"ImageObject","inLanguage":"lt-LT","@id":"https:\/\/dev.myindustrial.eu\/lt\/shop\/darbiniai-stabdziai\/tipas-usb-5-iii-elhy\/#primaryimage","url":"https:\/\/dev.myindustrial.eu\/wp-content\/uploads\/2022\/01\/sibre-betriebsbremsen-usb5-iii_-3-500x500.jpg","contentUrl":"https:\/\/dev.myindustrial.eu\/wp-content\/uploads\/2022\/01\/sibre-betriebsbremsen-usb5-iii_-3-500x500.jpg","width":500,"height":500},{"@type":"BreadcrumbList","@id":"https:\/\/dev.myindustrial.eu\/lt\/shop\/darbiniai-stabdziai\/tipas-usb-5-iii-elhy\/#breadcrumb","itemListElement":[{"@type":"ListItem","position":1,"name":"Home","item":"https:\/\/dev.myindustrial.eu\/lt\/"},{"@type":"ListItem","position":2,"name":"Products","item":"https:\/\/dev.myindustrial.eu\/lt\/products\/"},{"@type":"ListItem","position":3,"name":"Tipas USB 5 III ELHY"}]},{"@type":"WebSite","@id":"https:\/\/dev.myindustrial.eu\/lt\/#website","url":"https:\/\/dev.myindustrial.eu\/lt\/","name":"My industrial","description":"","potentialAction":[{"@type":"SearchAction","target":{"@type":"EntryPoint","urlTemplate":"https:\/\/dev.myindustrial.eu\/lt\/?s={search_term_string}"},"query-input":{"@type":"PropertyValueSpecification","valueRequired":true,"valueName":"search_term_string"}}],"inLanguage":"lt-LT"}]}},"_links":{"self":[{"href":"https:\/\/dev.myindustrial.eu\/lt\/wp-json\/wp\/v2\/product\/1260059285","targetHints":{"allow":["GET"]}}],"collection":[{"href":"https:\/\/dev.myindustrial.eu\/lt\/wp-json\/wp\/v2\/product"}],"about":[{"href":"https:\/\/dev.myindustrial.eu\/lt\/wp-json\/wp\/v2\/types\/product"}],"version-history":[{"count":0,"href":"https:\/\/dev.myindustrial.eu\/lt\/wp-json\/wp\/v2\/product\/1260059285\/revisions"}],"wp:featuredmedia":[{"embeddable":true,"href":"https:\/\/dev.myindustrial.eu\/lt\/wp-json\/wp\/v2\/media\/1260062074"}],"wp:attachment":[{"href":"https:\/\/dev.myindustrial.eu\/lt\/wp-json\/wp\/v2\/media?parent=1260059285"}],"wp:term":[{"taxonomy":"product_brand","embeddable":true,"href":"https:\/\/dev.myindustrial.eu\/lt\/wp-json\/wp\/v2\/product_brand?post=1260059285"},{"taxonomy":"product_cat","embeddable":true,"href":"https:\/\/dev.myindustrial.eu\/lt\/wp-json\/wp\/v2\/product_cat?post=1260059285"},{"taxonomy":"product_tag","embeddable":true,"href":"https:\/\/dev.myindustrial.eu\/lt\/wp-json\/wp\/v2\/product_tag?post=1260059285"}],"curies":[{"name":"wp","href":"https:\/\/api.w.org\/{rel}","templated":true}]}}