{"id":1260059290,"date":"2022-01-14T01:36:56","date_gmt":"2022-01-14T02:02:41","guid":{"rendered":"https:\/\/dev.myindustrial.eu\/shop-2\/be-kategorijos\/tipas-cb8-cb6-compact-cb6\/"},"modified":"2023-07-06T11:58:56","modified_gmt":"2023-07-06T11:58:56","slug":"tipas-cb8-cb6-compact-cb6","status":"publish","type":"product","link":"https:\/\/dev.myindustrial.eu\/lt\/shop\/darbiniai-stabdziai\/tipas-cb8-cb6-compact-cb6\/","title":{"rendered":"Tipas CB8 \/ CB6 Compact CB6"},"content":{"rendered":"<p><iframe width=\"560\" height=\"315\" src=\"https:\/\/youtube.com\/embed\/cE0BHXEtjFA\" frameborder=\"0\" allow=\"accelerometer; autoplay; clipboard-write; encrypted-media; gyroscope; picture-in-picture; web-share\" allowfullscreen><\/iframe><\/p>\n","protected":false},"excerpt":{"rendered":"<p>Diskinis stabdys CB8 tiekiamas su elektrohidrauliniu st\u016bmikliu EDC 100, solenoidu arba hidrauliniu cilindru.<br \/>\nDiskinis stabdys CB6 su elektrohidrauliniu st\u016bmikliu EDC 100\/30, saugus modelis, elektrohidraulinis stabd\u017ei\u0173 atleidimas, standartin\u0117s versijos &#8222;sinter&#8221; antd\u0117klai.<\/p>\n<p><a href=\"\/wp-content\/uploads\/2021\/11\/S1-6-1_EN_CB6-E_2014-03.pdf\" target=\"_blank\" rel=\"noopener\"><img decoding=\"async\" src=\"\/wp-content\/uploads\/2023\/02\/download-button-lt.svg\" \/><\/a><\/p>\n","protected":false},"featured_media":1260062029,"template":"","meta":[],"product_brand":[],"product_cat":[1417],"product_tag":[],"class_list":{"0":"post-1260059290","1":"product","2":"type-product","3":"status-publish","4":"has-post-thumbnail","6":"product_cat-darbiniai-stabdziai","8":"first","9":"instock","10":"product-type-simple"},"yoast_head":"<!-- This site is optimized with the Yoast SEO plugin v27.1.1 - https:\/\/yoast.com\/product\/yoast-seo-wordpress\/ -->\n<title>Tipas CB8 \/ CB6 Compact CB6 - My industrial<\/title>\n<meta name=\"robots\" content=\"noindex, follow, max-snippet:-1, max-image-preview:large, max-video-preview:-1\" \/>\n<meta property=\"og:locale\" content=\"lt_LT\" \/>\n<meta property=\"og:type\" content=\"article\" \/>\n<meta property=\"og:title\" content=\"Tipas CB8 \/ CB6 Compact CB6 - My industrial\" \/>\n<meta property=\"og:description\" content=\"Diskinis stabdys CB8 tiekiamas su elektrohidrauliniu st\u016bmikliu EDC 100, solenoidu arba hidrauliniu cilindru. Diskinis stabdys CB6 su elektrohidrauliniu st\u016bmikliu EDC 100\/30, saugus modelis, elektrohidraulinis stabd\u017ei\u0173 atleidimas, standartin\u0117s versijos &quot;sinter&quot; antd\u0117klai.\" \/>\n<meta property=\"og:url\" content=\"https:\/\/dev.myindustrial.eu\/lt\/shop\/darbiniai-stabdziai\/tipas-cb8-cb6-compact-cb6\/\" \/>\n<meta property=\"og:site_name\" content=\"My industrial\" \/>\n<meta property=\"article:modified_time\" content=\"2023-07-06T11:58:56+00:00\" \/>\n<meta property=\"og:image\" content=\"https:\/\/dev.myindustrial.eu\/wp-content\/uploads\/2022\/01\/sibre-kompakt-cb8_-500x500.jpg\" \/>\n\t<meta property=\"og:image:width\" content=\"500\" \/>\n\t<meta property=\"og:image:height\" content=\"500\" \/>\n\t<meta property=\"og:image:type\" content=\"image\/jpeg\" \/>\n<meta name=\"twitter:card\" content=\"summary_large_image\" \/>\n<script type=\"application\/ld+json\" class=\"yoast-schema-graph\">{\"@context\":\"https:\/\/schema.org\",\"@graph\":[{\"@type\":\"WebPage\",\"@id\":\"https:\/\/dev.myindustrial.eu\/lt\/shop\/darbiniai-stabdziai\/tipas-cb8-cb6-compact-cb6\/\",\"url\":\"https:\/\/dev.myindustrial.eu\/lt\/shop\/darbiniai-stabdziai\/tipas-cb8-cb6-compact-cb6\/\",\"name\":\"Tipas CB8 \/ CB6 Compact CB6 - My industrial\",\"isPartOf\":{\"@id\":\"https:\/\/dev.myindustrial.eu\/lt\/#website\"},\"primaryImageOfPage\":{\"@id\":\"https:\/\/dev.myindustrial.eu\/lt\/shop\/darbiniai-stabdziai\/tipas-cb8-cb6-compact-cb6\/#primaryimage\"},\"image\":{\"@id\":\"https:\/\/dev.myindustrial.eu\/lt\/shop\/darbiniai-stabdziai\/tipas-cb8-cb6-compact-cb6\/#primaryimage\"},\"thumbnailUrl\":\"https:\/\/dev.myindustrial.eu\/wp-content\/uploads\/2022\/01\/sibre-kompakt-cb8_-500x500.jpg\",\"datePublished\":\"2022-01-14T02:02:41+00:00\",\"dateModified\":\"2023-07-06T11:58:56+00:00\",\"breadcrumb\":{\"@id\":\"https:\/\/dev.myindustrial.eu\/lt\/shop\/darbiniai-stabdziai\/tipas-cb8-cb6-compact-cb6\/#breadcrumb\"},\"inLanguage\":\"lt-LT\",\"potentialAction\":[{\"@type\":\"ReadAction\",\"target\":[\"https:\/\/dev.myindustrial.eu\/lt\/shop\/darbiniai-stabdziai\/tipas-cb8-cb6-compact-cb6\/\"]}]},{\"@type\":\"ImageObject\",\"inLanguage\":\"lt-LT\",\"@id\":\"https:\/\/dev.myindustrial.eu\/lt\/shop\/darbiniai-stabdziai\/tipas-cb8-cb6-compact-cb6\/#primaryimage\",\"url\":\"https:\/\/dev.myindustrial.eu\/wp-content\/uploads\/2022\/01\/sibre-kompakt-cb8_-500x500.jpg\",\"contentUrl\":\"https:\/\/dev.myindustrial.eu\/wp-content\/uploads\/2022\/01\/sibre-kompakt-cb8_-500x500.jpg\",\"width\":500,\"height\":500},{\"@type\":\"BreadcrumbList\",\"@id\":\"https:\/\/dev.myindustrial.eu\/lt\/shop\/darbiniai-stabdziai\/tipas-cb8-cb6-compact-cb6\/#breadcrumb\",\"itemListElement\":[{\"@type\":\"ListItem\",\"position\":1,\"name\":\"Home\",\"item\":\"https:\/\/dev.myindustrial.eu\/lt\/\"},{\"@type\":\"ListItem\",\"position\":2,\"name\":\"Products\",\"item\":\"https:\/\/dev.myindustrial.eu\/lt\/products\/\"},{\"@type\":\"ListItem\",\"position\":3,\"name\":\"Tipas CB8 \/ CB6 Compact CB6\"}]},{\"@type\":\"WebSite\",\"@id\":\"https:\/\/dev.myindustrial.eu\/lt\/#website\",\"url\":\"https:\/\/dev.myindustrial.eu\/lt\/\",\"name\":\"My industrial\",\"description\":\"\",\"potentialAction\":[{\"@type\":\"SearchAction\",\"target\":{\"@type\":\"EntryPoint\",\"urlTemplate\":\"https:\/\/dev.myindustrial.eu\/lt\/?s={search_term_string}\"},\"query-input\":{\"@type\":\"PropertyValueSpecification\",\"valueRequired\":true,\"valueName\":\"search_term_string\"}}],\"inLanguage\":\"lt-LT\"}]}<\/script>\n<!-- \/ Yoast SEO plugin. -->","yoast_head_json":{"title":"Tipas CB8 \/ CB6 Compact CB6 - My industrial","robots":{"index":"noindex","follow":"follow","max-snippet":"max-snippet:-1","max-image-preview":"max-image-preview:large","max-video-preview":"max-video-preview:-1"},"og_locale":"lt_LT","og_type":"article","og_title":"Tipas CB8 \/ CB6 Compact CB6 - My industrial","og_description":"Diskinis stabdys CB8 tiekiamas su elektrohidrauliniu st\u016bmikliu EDC 100, solenoidu arba hidrauliniu cilindru. Diskinis stabdys CB6 su elektrohidrauliniu st\u016bmikliu EDC 100\/30, saugus modelis, elektrohidraulinis stabd\u017ei\u0173 atleidimas, standartin\u0117s versijos \"sinter\" antd\u0117klai.","og_url":"https:\/\/dev.myindustrial.eu\/lt\/shop\/darbiniai-stabdziai\/tipas-cb8-cb6-compact-cb6\/","og_site_name":"My industrial","article_modified_time":"2023-07-06T11:58:56+00:00","og_image":[{"width":500,"height":500,"url":"https:\/\/dev.myindustrial.eu\/wp-content\/uploads\/2022\/01\/sibre-kompakt-cb8_-500x500.jpg","type":"image\/jpeg"}],"twitter_card":"summary_large_image","schema":{"@context":"https:\/\/schema.org","@graph":[{"@type":"WebPage","@id":"https:\/\/dev.myindustrial.eu\/lt\/shop\/darbiniai-stabdziai\/tipas-cb8-cb6-compact-cb6\/","url":"https:\/\/dev.myindustrial.eu\/lt\/shop\/darbiniai-stabdziai\/tipas-cb8-cb6-compact-cb6\/","name":"Tipas CB8 \/ CB6 Compact CB6 - My industrial","isPartOf":{"@id":"https:\/\/dev.myindustrial.eu\/lt\/#website"},"primaryImageOfPage":{"@id":"https:\/\/dev.myindustrial.eu\/lt\/shop\/darbiniai-stabdziai\/tipas-cb8-cb6-compact-cb6\/#primaryimage"},"image":{"@id":"https:\/\/dev.myindustrial.eu\/lt\/shop\/darbiniai-stabdziai\/tipas-cb8-cb6-compact-cb6\/#primaryimage"},"thumbnailUrl":"https:\/\/dev.myindustrial.eu\/wp-content\/uploads\/2022\/01\/sibre-kompakt-cb8_-500x500.jpg","datePublished":"2022-01-14T02:02:41+00:00","dateModified":"2023-07-06T11:58:56+00:00","breadcrumb":{"@id":"https:\/\/dev.myindustrial.eu\/lt\/shop\/darbiniai-stabdziai\/tipas-cb8-cb6-compact-cb6\/#breadcrumb"},"inLanguage":"lt-LT","potentialAction":[{"@type":"ReadAction","target":["https:\/\/dev.myindustrial.eu\/lt\/shop\/darbiniai-stabdziai\/tipas-cb8-cb6-compact-cb6\/"]}]},{"@type":"ImageObject","inLanguage":"lt-LT","@id":"https:\/\/dev.myindustrial.eu\/lt\/shop\/darbiniai-stabdziai\/tipas-cb8-cb6-compact-cb6\/#primaryimage","url":"https:\/\/dev.myindustrial.eu\/wp-content\/uploads\/2022\/01\/sibre-kompakt-cb8_-500x500.jpg","contentUrl":"https:\/\/dev.myindustrial.eu\/wp-content\/uploads\/2022\/01\/sibre-kompakt-cb8_-500x500.jpg","width":500,"height":500},{"@type":"BreadcrumbList","@id":"https:\/\/dev.myindustrial.eu\/lt\/shop\/darbiniai-stabdziai\/tipas-cb8-cb6-compact-cb6\/#breadcrumb","itemListElement":[{"@type":"ListItem","position":1,"name":"Home","item":"https:\/\/dev.myindustrial.eu\/lt\/"},{"@type":"ListItem","position":2,"name":"Products","item":"https:\/\/dev.myindustrial.eu\/lt\/products\/"},{"@type":"ListItem","position":3,"name":"Tipas CB8 \/ CB6 Compact CB6"}]},{"@type":"WebSite","@id":"https:\/\/dev.myindustrial.eu\/lt\/#website","url":"https:\/\/dev.myindustrial.eu\/lt\/","name":"My industrial","description":"","potentialAction":[{"@type":"SearchAction","target":{"@type":"EntryPoint","urlTemplate":"https:\/\/dev.myindustrial.eu\/lt\/?s={search_term_string}"},"query-input":{"@type":"PropertyValueSpecification","valueRequired":true,"valueName":"search_term_string"}}],"inLanguage":"lt-LT"}]}},"_links":{"self":[{"href":"https:\/\/dev.myindustrial.eu\/lt\/wp-json\/wp\/v2\/product\/1260059290","targetHints":{"allow":["GET"]}}],"collection":[{"href":"https:\/\/dev.myindustrial.eu\/lt\/wp-json\/wp\/v2\/product"}],"about":[{"href":"https:\/\/dev.myindustrial.eu\/lt\/wp-json\/wp\/v2\/types\/product"}],"version-history":[{"count":0,"href":"https:\/\/dev.myindustrial.eu\/lt\/wp-json\/wp\/v2\/product\/1260059290\/revisions"}],"wp:featuredmedia":[{"embeddable":true,"href":"https:\/\/dev.myindustrial.eu\/lt\/wp-json\/wp\/v2\/media\/1260062029"}],"wp:attachment":[{"href":"https:\/\/dev.myindustrial.eu\/lt\/wp-json\/wp\/v2\/media?parent=1260059290"}],"wp:term":[{"taxonomy":"product_brand","embeddable":true,"href":"https:\/\/dev.myindustrial.eu\/lt\/wp-json\/wp\/v2\/product_brand?post=1260059290"},{"taxonomy":"product_cat","embeddable":true,"href":"https:\/\/dev.myindustrial.eu\/lt\/wp-json\/wp\/v2\/product_cat?post=1260059290"},{"taxonomy":"product_tag","embeddable":true,"href":"https:\/\/dev.myindustrial.eu\/lt\/wp-json\/wp\/v2\/product_tag?post=1260059290"}],"curies":[{"name":"wp","href":"https:\/\/api.w.org\/{rel}","templated":true}]}}