{"id":1260059291,"date":"2022-01-14T01:36:56","date_gmt":"2022-01-14T02:02:41","guid":{"rendered":"https:\/\/dev.myindustrial.eu\/shop-2\/be-kategorijos\/tipas-te\/"},"modified":"2024-02-06T17:26:18","modified_gmt":"2024-02-06T17:26:18","slug":"tipas-te","status":"publish","type":"product","link":"https:\/\/dev.myindustrial.eu\/lt\/shop\/darbiniai-stabdziai\/tipas-te\/","title":{"rendered":"Tipas TE"},"content":{"rendered":"<p><iframe width=\"560\" height=\"315\" src=\"https:\/\/youtube.com\/embed\/0VIRCvjWsPg\" frameborder=\"0\" allow=\"accelerometer; autoplay; clipboard-write; encrypted-media; gyroscope; picture-in-picture; web-share\" allowfullscreen><\/iframe><\/p>\n","protected":false},"excerpt":{"rendered":"<p>DARBINIAI STABD\u017dIAI \u2013 TE tipas<br \/>\nTE serijos b\u016bgniniai stabd\u017eiai buvo sukurti naudojant naujausi\u0105 pramonini\u0173 stabd\u017ei\u0173 technologij\u0105 pagal DIN 15435.<br \/>\n\u0160is tvirtas modelis buvo ypa\u010d sukurtas naudoti bendrosiose in\u017einerijos, metalurgijos, kran\u0173 ir konvejeri\u0173 gamyklose, tiek po\u017eemin\u0117se, tiek ant\u017eemin\u0117se, taip pat v\u0117jo turbinose.<br \/>\n\u0160ie stabd\u017eiai skirti naudoti visada, kai nuolatinis stabdymo momentas yra itin svarbus ne tik saugumo, bet ir komerciniu po\u017ei\u016briu.<\/p>\n","protected":false},"featured_media":1260062034,"template":"","meta":[],"product_brand":[],"product_cat":[1417],"product_tag":[],"class_list":{"0":"post-1260059291","1":"product","2":"type-product","3":"status-publish","4":"has-post-thumbnail","6":"product_cat-darbiniai-stabdziai","8":"first","9":"instock","10":"product-type-simple"},"yoast_head":"<!-- This site is optimized with the Yoast SEO plugin v27.1.1 - https:\/\/yoast.com\/product\/yoast-seo-wordpress\/ -->\n<title>Tipas TE - My industrial<\/title>\n<meta name=\"robots\" content=\"noindex, follow, max-snippet:-1, max-image-preview:large, max-video-preview:-1\" \/>\n<meta property=\"og:locale\" content=\"lt_LT\" \/>\n<meta property=\"og:type\" content=\"article\" \/>\n<meta property=\"og:title\" content=\"Tipas TE - My industrial\" \/>\n<meta property=\"og:description\" content=\"DARBINIAI STABD\u017dIAI \u2013 TE tipas TE serijos b\u016bgniniai stabd\u017eiai buvo sukurti naudojant naujausi\u0105 pramonini\u0173 stabd\u017ei\u0173 technologij\u0105 pagal DIN 15435. \u0160is tvirtas modelis buvo ypa\u010d sukurtas naudoti bendrosiose in\u017einerijos, metalurgijos, kran\u0173 ir konvejeri\u0173 gamyklose, tiek po\u017eemin\u0117se, tiek ant\u017eemin\u0117se, taip pat v\u0117jo turbinose. \u0160ie stabd\u017eiai skirti naudoti visada, kai nuolatinis stabdymo momentas yra itin svarbus ne tik saugumo, bet ir komerciniu po\u017ei\u016briu.\" \/>\n<meta property=\"og:url\" content=\"https:\/\/dev.myindustrial.eu\/lt\/shop\/darbiniai-stabdziai\/tipas-te\/\" \/>\n<meta property=\"og:site_name\" content=\"My industrial\" \/>\n<meta property=\"article:modified_time\" content=\"2024-02-06T17:26:18+00:00\" \/>\n<meta property=\"og:image\" content=\"https:\/\/dev.myindustrial.eu\/wp-content\/uploads\/2022\/01\/sibre-betriebsbremsen-te_-500x500.jpg\" \/>\n\t<meta property=\"og:image:width\" content=\"500\" \/>\n\t<meta property=\"og:image:height\" content=\"500\" \/>\n\t<meta property=\"og:image:type\" content=\"image\/jpeg\" \/>\n<meta name=\"twitter:card\" content=\"summary_large_image\" \/>\n<script type=\"application\/ld+json\" class=\"yoast-schema-graph\">{\"@context\":\"https:\/\/schema.org\",\"@graph\":[{\"@type\":\"WebPage\",\"@id\":\"https:\/\/dev.myindustrial.eu\/lt\/shop\/darbiniai-stabdziai\/tipas-te\/\",\"url\":\"https:\/\/dev.myindustrial.eu\/lt\/shop\/darbiniai-stabdziai\/tipas-te\/\",\"name\":\"Tipas TE - My industrial\",\"isPartOf\":{\"@id\":\"https:\/\/dev.myindustrial.eu\/lt\/#website\"},\"primaryImageOfPage\":{\"@id\":\"https:\/\/dev.myindustrial.eu\/lt\/shop\/darbiniai-stabdziai\/tipas-te\/#primaryimage\"},\"image\":{\"@id\":\"https:\/\/dev.myindustrial.eu\/lt\/shop\/darbiniai-stabdziai\/tipas-te\/#primaryimage\"},\"thumbnailUrl\":\"https:\/\/dev.myindustrial.eu\/wp-content\/uploads\/2022\/01\/sibre-betriebsbremsen-te_-500x500.jpg\",\"datePublished\":\"2022-01-14T02:02:41+00:00\",\"dateModified\":\"2024-02-06T17:26:18+00:00\",\"breadcrumb\":{\"@id\":\"https:\/\/dev.myindustrial.eu\/lt\/shop\/darbiniai-stabdziai\/tipas-te\/#breadcrumb\"},\"inLanguage\":\"lt-LT\",\"potentialAction\":[{\"@type\":\"ReadAction\",\"target\":[\"https:\/\/dev.myindustrial.eu\/lt\/shop\/darbiniai-stabdziai\/tipas-te\/\"]}]},{\"@type\":\"ImageObject\",\"inLanguage\":\"lt-LT\",\"@id\":\"https:\/\/dev.myindustrial.eu\/lt\/shop\/darbiniai-stabdziai\/tipas-te\/#primaryimage\",\"url\":\"https:\/\/dev.myindustrial.eu\/wp-content\/uploads\/2022\/01\/sibre-betriebsbremsen-te_-500x500.jpg\",\"contentUrl\":\"https:\/\/dev.myindustrial.eu\/wp-content\/uploads\/2022\/01\/sibre-betriebsbremsen-te_-500x500.jpg\",\"width\":500,\"height\":500},{\"@type\":\"BreadcrumbList\",\"@id\":\"https:\/\/dev.myindustrial.eu\/lt\/shop\/darbiniai-stabdziai\/tipas-te\/#breadcrumb\",\"itemListElement\":[{\"@type\":\"ListItem\",\"position\":1,\"name\":\"Home\",\"item\":\"https:\/\/dev.myindustrial.eu\/lt\/\"},{\"@type\":\"ListItem\",\"position\":2,\"name\":\"Products\",\"item\":\"https:\/\/dev.myindustrial.eu\/lt\/products\/\"},{\"@type\":\"ListItem\",\"position\":3,\"name\":\"Tipas TE\"}]},{\"@type\":\"WebSite\",\"@id\":\"https:\/\/dev.myindustrial.eu\/lt\/#website\",\"url\":\"https:\/\/dev.myindustrial.eu\/lt\/\",\"name\":\"My industrial\",\"description\":\"\",\"potentialAction\":[{\"@type\":\"SearchAction\",\"target\":{\"@type\":\"EntryPoint\",\"urlTemplate\":\"https:\/\/dev.myindustrial.eu\/lt\/?s={search_term_string}\"},\"query-input\":{\"@type\":\"PropertyValueSpecification\",\"valueRequired\":true,\"valueName\":\"search_term_string\"}}],\"inLanguage\":\"lt-LT\"}]}<\/script>\n<!-- \/ Yoast SEO plugin. -->","yoast_head_json":{"title":"Tipas TE - My industrial","robots":{"index":"noindex","follow":"follow","max-snippet":"max-snippet:-1","max-image-preview":"max-image-preview:large","max-video-preview":"max-video-preview:-1"},"og_locale":"lt_LT","og_type":"article","og_title":"Tipas TE - My industrial","og_description":"DARBINIAI STABD\u017dIAI \u2013 TE tipas TE serijos b\u016bgniniai stabd\u017eiai buvo sukurti naudojant naujausi\u0105 pramonini\u0173 stabd\u017ei\u0173 technologij\u0105 pagal DIN 15435. \u0160is tvirtas modelis buvo ypa\u010d sukurtas naudoti bendrosiose in\u017einerijos, metalurgijos, kran\u0173 ir konvejeri\u0173 gamyklose, tiek po\u017eemin\u0117se, tiek ant\u017eemin\u0117se, taip pat v\u0117jo turbinose. \u0160ie stabd\u017eiai skirti naudoti visada, kai nuolatinis stabdymo momentas yra itin svarbus ne tik saugumo, bet ir komerciniu po\u017ei\u016briu.","og_url":"https:\/\/dev.myindustrial.eu\/lt\/shop\/darbiniai-stabdziai\/tipas-te\/","og_site_name":"My industrial","article_modified_time":"2024-02-06T17:26:18+00:00","og_image":[{"width":500,"height":500,"url":"https:\/\/dev.myindustrial.eu\/wp-content\/uploads\/2022\/01\/sibre-betriebsbremsen-te_-500x500.jpg","type":"image\/jpeg"}],"twitter_card":"summary_large_image","schema":{"@context":"https:\/\/schema.org","@graph":[{"@type":"WebPage","@id":"https:\/\/dev.myindustrial.eu\/lt\/shop\/darbiniai-stabdziai\/tipas-te\/","url":"https:\/\/dev.myindustrial.eu\/lt\/shop\/darbiniai-stabdziai\/tipas-te\/","name":"Tipas TE - My industrial","isPartOf":{"@id":"https:\/\/dev.myindustrial.eu\/lt\/#website"},"primaryImageOfPage":{"@id":"https:\/\/dev.myindustrial.eu\/lt\/shop\/darbiniai-stabdziai\/tipas-te\/#primaryimage"},"image":{"@id":"https:\/\/dev.myindustrial.eu\/lt\/shop\/darbiniai-stabdziai\/tipas-te\/#primaryimage"},"thumbnailUrl":"https:\/\/dev.myindustrial.eu\/wp-content\/uploads\/2022\/01\/sibre-betriebsbremsen-te_-500x500.jpg","datePublished":"2022-01-14T02:02:41+00:00","dateModified":"2024-02-06T17:26:18+00:00","breadcrumb":{"@id":"https:\/\/dev.myindustrial.eu\/lt\/shop\/darbiniai-stabdziai\/tipas-te\/#breadcrumb"},"inLanguage":"lt-LT","potentialAction":[{"@type":"ReadAction","target":["https:\/\/dev.myindustrial.eu\/lt\/shop\/darbiniai-stabdziai\/tipas-te\/"]}]},{"@type":"ImageObject","inLanguage":"lt-LT","@id":"https:\/\/dev.myindustrial.eu\/lt\/shop\/darbiniai-stabdziai\/tipas-te\/#primaryimage","url":"https:\/\/dev.myindustrial.eu\/wp-content\/uploads\/2022\/01\/sibre-betriebsbremsen-te_-500x500.jpg","contentUrl":"https:\/\/dev.myindustrial.eu\/wp-content\/uploads\/2022\/01\/sibre-betriebsbremsen-te_-500x500.jpg","width":500,"height":500},{"@type":"BreadcrumbList","@id":"https:\/\/dev.myindustrial.eu\/lt\/shop\/darbiniai-stabdziai\/tipas-te\/#breadcrumb","itemListElement":[{"@type":"ListItem","position":1,"name":"Home","item":"https:\/\/dev.myindustrial.eu\/lt\/"},{"@type":"ListItem","position":2,"name":"Products","item":"https:\/\/dev.myindustrial.eu\/lt\/products\/"},{"@type":"ListItem","position":3,"name":"Tipas TE"}]},{"@type":"WebSite","@id":"https:\/\/dev.myindustrial.eu\/lt\/#website","url":"https:\/\/dev.myindustrial.eu\/lt\/","name":"My industrial","description":"","potentialAction":[{"@type":"SearchAction","target":{"@type":"EntryPoint","urlTemplate":"https:\/\/dev.myindustrial.eu\/lt\/?s={search_term_string}"},"query-input":{"@type":"PropertyValueSpecification","valueRequired":true,"valueName":"search_term_string"}}],"inLanguage":"lt-LT"}]}},"_links":{"self":[{"href":"https:\/\/dev.myindustrial.eu\/lt\/wp-json\/wp\/v2\/product\/1260059291","targetHints":{"allow":["GET"]}}],"collection":[{"href":"https:\/\/dev.myindustrial.eu\/lt\/wp-json\/wp\/v2\/product"}],"about":[{"href":"https:\/\/dev.myindustrial.eu\/lt\/wp-json\/wp\/v2\/types\/product"}],"version-history":[{"count":0,"href":"https:\/\/dev.myindustrial.eu\/lt\/wp-json\/wp\/v2\/product\/1260059291\/revisions"}],"wp:featuredmedia":[{"embeddable":true,"href":"https:\/\/dev.myindustrial.eu\/lt\/wp-json\/wp\/v2\/media\/1260062034"}],"wp:attachment":[{"href":"https:\/\/dev.myindustrial.eu\/lt\/wp-json\/wp\/v2\/media?parent=1260059291"}],"wp:term":[{"taxonomy":"product_brand","embeddable":true,"href":"https:\/\/dev.myindustrial.eu\/lt\/wp-json\/wp\/v2\/product_brand?post=1260059291"},{"taxonomy":"product_cat","embeddable":true,"href":"https:\/\/dev.myindustrial.eu\/lt\/wp-json\/wp\/v2\/product_cat?post=1260059291"},{"taxonomy":"product_tag","embeddable":true,"href":"https:\/\/dev.myindustrial.eu\/lt\/wp-json\/wp\/v2\/product_tag?post=1260059291"}],"curies":[{"name":"wp","href":"https:\/\/api.w.org\/{rel}","templated":true}]}}