{"id":1260059292,"date":"2022-01-14T01:37:06","date_gmt":"2022-01-14T02:02:50","guid":{"rendered":"https:\/\/dev.myindustrial.eu\/shop-2\/be-kategorijos\/tips-shi\/"},"modified":"2023-12-29T14:53:38","modified_gmt":"2023-12-29T14:53:38","slug":"tips-shi","status":"publish","type":"product","link":"https:\/\/dev.myindustrial.eu\/lt\/shop\/avariniai-stabdziai\/tips-shi\/","title":{"rendered":"SHI tipas"},"content":{"rendered":"<p><iframe width=\"560\" height=\"315\" src=\"https:\/\/youtube.com\/embed\/LfpiuG-_8fw\" frameborder=\"0\" allow=\"accelerometer; autoplay; clipboard-write; encrypted-media; gyroscope; picture-in-picture; web-share\" allowfullscreen><\/iframe><br \/>\n<iframe width=\"560\" height=\"315\" src=\"https:\/\/youtube.com\/embed\/3Qg-lmVo3Qg\" frameborder=\"0\" allow=\"accelerometer; autoplay; clipboard-write; encrypted-media; gyroscope; picture-in-picture; web-share\" allowfullscreen><\/iframe><\/p>\n","protected":false},"excerpt":{"rendered":"<p>STABD\u017dI\u0172 APKABA- SHI tipo<br \/>\nnaudojami kaip laikymo ir avarinio stabdymo stabd\u017eiai, montuojami ant i\u0161\u0117jimo velenu sujungt\u0173 pavaros komponent\u0173, toki\u0173 kaip k\u0117limo lyno b\u016bgn\u0173 flan\u0161as arba ant konvejerio juostos tu\u0161\u010diosios eigos skriemulio.<br \/>\nSHI serijos stabd\u017eiai susideda i\u0161 dviej\u0173 nepriklausom\u0173 stabd\u017ei\u0173 pusi\u0173 su prie\u0161ingomis spyruokli\u0173 kameromis ir hidrauliniais cilindrais. Kiekvienos stabd\u017ei\u0173 pus\u0117s stabd\u017ei\u0173 trinkel\u0117s gauna spaudimo j\u0117g\u0105 i\u0161 prispaud\u017eiam\u0173j\u0173 pir\u0161t\u0173 (keturi spaudimo pir\u0161tai kiekvienoje stabd\u017eio pus\u0117je).<br \/>\nAtidarius stabd\u012f, stabd\u017ei\u0173 kalad\u0117l\u0117s nustatomos hidrauli\u0161kai. SHI serijos stabd\u017eiai naudojami tiek vertikaliai, tiek horizontaliai \u2013 pirmiausia kaip avarinis stabdys ant lyno b\u016bgno flan\u0161o.<br \/>\nStabd\u017ei\u0173 trinkel\u0117s labai paprastai ir greitai reguliuojamos rankiniu b\u016bdu, kad susid\u0117v\u0117t\u0173. D\u0117l speciali\u0173 stabd\u017ei\u0173 veikimo reikalavim\u0173 galima \u012fsigyti trinkeli\u0173 su antd\u0117klais i\u0161 speciali\u0173 med\u017eiag\u0173.<\/p>\n","protected":false},"featured_media":1260062019,"template":"","meta":[],"product_brand":[],"product_cat":[1411],"product_tag":[],"class_list":{"0":"post-1260059292","1":"product","2":"type-product","3":"status-publish","4":"has-post-thumbnail","6":"product_cat-avariniai-stabdziai","8":"first","9":"instock","10":"product-type-simple"},"yoast_head":"<!-- This site is optimized with the Yoast SEO plugin v27.1.1 - https:\/\/yoast.com\/product\/yoast-seo-wordpress\/ -->\n<title>SHI tipas - My industrial<\/title>\n<meta name=\"robots\" content=\"noindex, follow, max-snippet:-1, max-image-preview:large, max-video-preview:-1\" \/>\n<meta property=\"og:locale\" content=\"lt_LT\" \/>\n<meta property=\"og:type\" content=\"article\" \/>\n<meta property=\"og:title\" content=\"SHI tipas - My industrial\" \/>\n<meta property=\"og:description\" content=\"STABD\u017dI\u0172 APKABA- SHI tipo naudojami kaip laikymo ir avarinio stabdymo stabd\u017eiai, montuojami ant i\u0161\u0117jimo velenu sujungt\u0173 pavaros komponent\u0173, toki\u0173 kaip k\u0117limo lyno b\u016bgn\u0173 flan\u0161as arba ant konvejerio juostos tu\u0161\u010diosios eigos skriemulio. SHI serijos stabd\u017eiai susideda i\u0161 dviej\u0173 nepriklausom\u0173 stabd\u017ei\u0173 pusi\u0173 su prie\u0161ingomis spyruokli\u0173 kameromis ir hidrauliniais cilindrais. Kiekvienos stabd\u017ei\u0173 pus\u0117s stabd\u017ei\u0173 trinkel\u0117s gauna spaudimo j\u0117g\u0105 i\u0161 prispaud\u017eiam\u0173j\u0173 pir\u0161t\u0173 (keturi spaudimo pir\u0161tai kiekvienoje stabd\u017eio pus\u0117je). Atidarius stabd\u012f, stabd\u017ei\u0173 kalad\u0117l\u0117s nustatomos hidrauli\u0161kai. SHI serijos stabd\u017eiai naudojami tiek vertikaliai, tiek horizontaliai \u2013 pirmiausia kaip avarinis stabdys ant lyno b\u016bgno flan\u0161o. Stabd\u017ei\u0173 trinkel\u0117s labai paprastai ir greitai reguliuojamos rankiniu b\u016bdu, kad susid\u0117v\u0117t\u0173. D\u0117l speciali\u0173 stabd\u017ei\u0173 veikimo reikalavim\u0173 galima \u012fsigyti trinkeli\u0173 su antd\u0117klais i\u0161 speciali\u0173 med\u017eiag\u0173.\" \/>\n<meta property=\"og:url\" content=\"https:\/\/dev.myindustrial.eu\/lt\/shop\/avariniai-stabdziai\/tips-shi\/\" \/>\n<meta property=\"og:site_name\" content=\"My industrial\" \/>\n<meta property=\"article:modified_time\" content=\"2023-12-29T14:53:38+00:00\" \/>\n<meta property=\"og:image\" content=\"https:\/\/dev.myindustrial.eu\/wp-content\/uploads\/2022\/01\/sibre-shi-252_-500x500.jpg\" \/>\n\t<meta property=\"og:image:width\" content=\"500\" \/>\n\t<meta property=\"og:image:height\" content=\"500\" \/>\n\t<meta property=\"og:image:type\" content=\"image\/jpeg\" \/>\n<meta name=\"twitter:card\" content=\"summary_large_image\" \/>\n<script type=\"application\/ld+json\" class=\"yoast-schema-graph\">{\"@context\":\"https:\/\/schema.org\",\"@graph\":[{\"@type\":\"WebPage\",\"@id\":\"https:\/\/dev.myindustrial.eu\/lt\/shop\/avariniai-stabdziai\/tips-shi\/\",\"url\":\"https:\/\/dev.myindustrial.eu\/lt\/shop\/avariniai-stabdziai\/tips-shi\/\",\"name\":\"SHI tipas - My industrial\",\"isPartOf\":{\"@id\":\"https:\/\/dev.myindustrial.eu\/lt\/#website\"},\"primaryImageOfPage\":{\"@id\":\"https:\/\/dev.myindustrial.eu\/lt\/shop\/avariniai-stabdziai\/tips-shi\/#primaryimage\"},\"image\":{\"@id\":\"https:\/\/dev.myindustrial.eu\/lt\/shop\/avariniai-stabdziai\/tips-shi\/#primaryimage\"},\"thumbnailUrl\":\"https:\/\/dev.myindustrial.eu\/wp-content\/uploads\/2022\/01\/sibre-shi-252_-500x500.jpg\",\"datePublished\":\"2022-01-14T02:02:50+00:00\",\"dateModified\":\"2023-12-29T14:53:38+00:00\",\"breadcrumb\":{\"@id\":\"https:\/\/dev.myindustrial.eu\/lt\/shop\/avariniai-stabdziai\/tips-shi\/#breadcrumb\"},\"inLanguage\":\"lt-LT\",\"potentialAction\":[{\"@type\":\"ReadAction\",\"target\":[\"https:\/\/dev.myindustrial.eu\/lt\/shop\/avariniai-stabdziai\/tips-shi\/\"]}]},{\"@type\":\"ImageObject\",\"inLanguage\":\"lt-LT\",\"@id\":\"https:\/\/dev.myindustrial.eu\/lt\/shop\/avariniai-stabdziai\/tips-shi\/#primaryimage\",\"url\":\"https:\/\/dev.myindustrial.eu\/wp-content\/uploads\/2022\/01\/sibre-shi-252_-500x500.jpg\",\"contentUrl\":\"https:\/\/dev.myindustrial.eu\/wp-content\/uploads\/2022\/01\/sibre-shi-252_-500x500.jpg\",\"width\":500,\"height\":500},{\"@type\":\"BreadcrumbList\",\"@id\":\"https:\/\/dev.myindustrial.eu\/lt\/shop\/avariniai-stabdziai\/tips-shi\/#breadcrumb\",\"itemListElement\":[{\"@type\":\"ListItem\",\"position\":1,\"name\":\"Home\",\"item\":\"https:\/\/dev.myindustrial.eu\/lt\/\"},{\"@type\":\"ListItem\",\"position\":2,\"name\":\"Products\",\"item\":\"https:\/\/dev.myindustrial.eu\/lt\/products\/\"},{\"@type\":\"ListItem\",\"position\":3,\"name\":\"SHI tipas\"}]},{\"@type\":\"WebSite\",\"@id\":\"https:\/\/dev.myindustrial.eu\/lt\/#website\",\"url\":\"https:\/\/dev.myindustrial.eu\/lt\/\",\"name\":\"My industrial\",\"description\":\"\",\"potentialAction\":[{\"@type\":\"SearchAction\",\"target\":{\"@type\":\"EntryPoint\",\"urlTemplate\":\"https:\/\/dev.myindustrial.eu\/lt\/?s={search_term_string}\"},\"query-input\":{\"@type\":\"PropertyValueSpecification\",\"valueRequired\":true,\"valueName\":\"search_term_string\"}}],\"inLanguage\":\"lt-LT\"}]}<\/script>\n<!-- \/ Yoast SEO plugin. -->","yoast_head_json":{"title":"SHI tipas - My industrial","robots":{"index":"noindex","follow":"follow","max-snippet":"max-snippet:-1","max-image-preview":"max-image-preview:large","max-video-preview":"max-video-preview:-1"},"og_locale":"lt_LT","og_type":"article","og_title":"SHI tipas - My industrial","og_description":"STABD\u017dI\u0172 APKABA- SHI tipo naudojami kaip laikymo ir avarinio stabdymo stabd\u017eiai, montuojami ant i\u0161\u0117jimo velenu sujungt\u0173 pavaros komponent\u0173, toki\u0173 kaip k\u0117limo lyno b\u016bgn\u0173 flan\u0161as arba ant konvejerio juostos tu\u0161\u010diosios eigos skriemulio. SHI serijos stabd\u017eiai susideda i\u0161 dviej\u0173 nepriklausom\u0173 stabd\u017ei\u0173 pusi\u0173 su prie\u0161ingomis spyruokli\u0173 kameromis ir hidrauliniais cilindrais. Kiekvienos stabd\u017ei\u0173 pus\u0117s stabd\u017ei\u0173 trinkel\u0117s gauna spaudimo j\u0117g\u0105 i\u0161 prispaud\u017eiam\u0173j\u0173 pir\u0161t\u0173 (keturi spaudimo pir\u0161tai kiekvienoje stabd\u017eio pus\u0117je). Atidarius stabd\u012f, stabd\u017ei\u0173 kalad\u0117l\u0117s nustatomos hidrauli\u0161kai. SHI serijos stabd\u017eiai naudojami tiek vertikaliai, tiek horizontaliai \u2013 pirmiausia kaip avarinis stabdys ant lyno b\u016bgno flan\u0161o. Stabd\u017ei\u0173 trinkel\u0117s labai paprastai ir greitai reguliuojamos rankiniu b\u016bdu, kad susid\u0117v\u0117t\u0173. D\u0117l speciali\u0173 stabd\u017ei\u0173 veikimo reikalavim\u0173 galima \u012fsigyti trinkeli\u0173 su antd\u0117klais i\u0161 speciali\u0173 med\u017eiag\u0173.","og_url":"https:\/\/dev.myindustrial.eu\/lt\/shop\/avariniai-stabdziai\/tips-shi\/","og_site_name":"My industrial","article_modified_time":"2023-12-29T14:53:38+00:00","og_image":[{"width":500,"height":500,"url":"https:\/\/dev.myindustrial.eu\/wp-content\/uploads\/2022\/01\/sibre-shi-252_-500x500.jpg","type":"image\/jpeg"}],"twitter_card":"summary_large_image","schema":{"@context":"https:\/\/schema.org","@graph":[{"@type":"WebPage","@id":"https:\/\/dev.myindustrial.eu\/lt\/shop\/avariniai-stabdziai\/tips-shi\/","url":"https:\/\/dev.myindustrial.eu\/lt\/shop\/avariniai-stabdziai\/tips-shi\/","name":"SHI tipas - My industrial","isPartOf":{"@id":"https:\/\/dev.myindustrial.eu\/lt\/#website"},"primaryImageOfPage":{"@id":"https:\/\/dev.myindustrial.eu\/lt\/shop\/avariniai-stabdziai\/tips-shi\/#primaryimage"},"image":{"@id":"https:\/\/dev.myindustrial.eu\/lt\/shop\/avariniai-stabdziai\/tips-shi\/#primaryimage"},"thumbnailUrl":"https:\/\/dev.myindustrial.eu\/wp-content\/uploads\/2022\/01\/sibre-shi-252_-500x500.jpg","datePublished":"2022-01-14T02:02:50+00:00","dateModified":"2023-12-29T14:53:38+00:00","breadcrumb":{"@id":"https:\/\/dev.myindustrial.eu\/lt\/shop\/avariniai-stabdziai\/tips-shi\/#breadcrumb"},"inLanguage":"lt-LT","potentialAction":[{"@type":"ReadAction","target":["https:\/\/dev.myindustrial.eu\/lt\/shop\/avariniai-stabdziai\/tips-shi\/"]}]},{"@type":"ImageObject","inLanguage":"lt-LT","@id":"https:\/\/dev.myindustrial.eu\/lt\/shop\/avariniai-stabdziai\/tips-shi\/#primaryimage","url":"https:\/\/dev.myindustrial.eu\/wp-content\/uploads\/2022\/01\/sibre-shi-252_-500x500.jpg","contentUrl":"https:\/\/dev.myindustrial.eu\/wp-content\/uploads\/2022\/01\/sibre-shi-252_-500x500.jpg","width":500,"height":500},{"@type":"BreadcrumbList","@id":"https:\/\/dev.myindustrial.eu\/lt\/shop\/avariniai-stabdziai\/tips-shi\/#breadcrumb","itemListElement":[{"@type":"ListItem","position":1,"name":"Home","item":"https:\/\/dev.myindustrial.eu\/lt\/"},{"@type":"ListItem","position":2,"name":"Products","item":"https:\/\/dev.myindustrial.eu\/lt\/products\/"},{"@type":"ListItem","position":3,"name":"SHI tipas"}]},{"@type":"WebSite","@id":"https:\/\/dev.myindustrial.eu\/lt\/#website","url":"https:\/\/dev.myindustrial.eu\/lt\/","name":"My industrial","description":"","potentialAction":[{"@type":"SearchAction","target":{"@type":"EntryPoint","urlTemplate":"https:\/\/dev.myindustrial.eu\/lt\/?s={search_term_string}"},"query-input":{"@type":"PropertyValueSpecification","valueRequired":true,"valueName":"search_term_string"}}],"inLanguage":"lt-LT"}]}},"_links":{"self":[{"href":"https:\/\/dev.myindustrial.eu\/lt\/wp-json\/wp\/v2\/product\/1260059292","targetHints":{"allow":["GET"]}}],"collection":[{"href":"https:\/\/dev.myindustrial.eu\/lt\/wp-json\/wp\/v2\/product"}],"about":[{"href":"https:\/\/dev.myindustrial.eu\/lt\/wp-json\/wp\/v2\/types\/product"}],"version-history":[{"count":1,"href":"https:\/\/dev.myindustrial.eu\/lt\/wp-json\/wp\/v2\/product\/1260059292\/revisions"}],"predecessor-version":[{"id":1260059984,"href":"https:\/\/dev.myindustrial.eu\/lt\/wp-json\/wp\/v2\/product\/1260059292\/revisions\/1260059984"}],"wp:featuredmedia":[{"embeddable":true,"href":"https:\/\/dev.myindustrial.eu\/lt\/wp-json\/wp\/v2\/media\/1260062019"}],"wp:attachment":[{"href":"https:\/\/dev.myindustrial.eu\/lt\/wp-json\/wp\/v2\/media?parent=1260059292"}],"wp:term":[{"taxonomy":"product_brand","embeddable":true,"href":"https:\/\/dev.myindustrial.eu\/lt\/wp-json\/wp\/v2\/product_brand?post=1260059292"},{"taxonomy":"product_cat","embeddable":true,"href":"https:\/\/dev.myindustrial.eu\/lt\/wp-json\/wp\/v2\/product_cat?post=1260059292"},{"taxonomy":"product_tag","embeddable":true,"href":"https:\/\/dev.myindustrial.eu\/lt\/wp-json\/wp\/v2\/product_tag?post=1260059292"}],"curies":[{"name":"wp","href":"https:\/\/api.w.org\/{rel}","templated":true}]}}