{"id":1260059318,"date":"2022-01-14T01:37:16","date_gmt":"2022-01-14T02:02:59","guid":{"rendered":"https:\/\/dev.myindustrial.eu\/shop-2\/be-kategorijos\/sprendimas\/"},"modified":"2023-10-18T16:00:01","modified_gmt":"2023-10-18T16:00:01","slug":"sprendimas","status":"publish","type":"product","link":"https:\/\/dev.myindustrial.eu\/lt\/shop\/slp-kroviniu-lyginimo-sistema\/sprendimas\/","title":{"rendered":"SPRENDIMAS"},"content":{"rendered":"<p><iframe src=\"https:\/\/www.youtube.com\/embed\/65yHOAWYjXo\" width=\"560\" height=\"315\" frameborder=\"0\" allowfullscreen=\"allowfullscreen\"><\/iframe><iframe src=\"https:\/\/www.youtube.com\/embed\/iCRA9SZWtr0\" width=\"560\" height=\"315\" frameborder=\"0\" allowfullscreen=\"allowfullscreen\"><\/iframe><iframe src=\"https:\/\/www.youtube.com\/embed\/H8zGyXjY9EQ\" width=\"560\" height=\"315\" frameborder=\"0\" allowfullscreen=\"allowfullscreen\"><\/iframe><iframe src=\"https:\/\/www.youtube.com\/embed\/pMZOhWMPUEQ\" width=\"560\" height=\"315\" frameborder=\"0\" allowfullscreen=\"allowfullscreen\"><\/iframe><iframe src=\"https:\/\/www.youtube.com\/embed\/NShKxdaGtvk\" width=\"560\" height=\"315\" frameborder=\"0\" allowfullscreen=\"allowfullscreen\"><\/iframe><\/p>\n<div>\n<strong>1 \u017eingsnis \u2013 K\u0116LIMO ETAPAS<\/strong><\/p>\n<p><span style=\"font-weight: 400;\">SLP jutikli\u0173 steb\u0117jimas<\/span><\/p>\n<p><img fetchpriority=\"high\" decoding=\"async\" src=\"\/wp-content\/uploads\/2021\/11\/solution-1.webp\" alt=\"\" width=\"470\" height=\"350\" \/><\/p>\n<p>&nbsp;<\/p>\n<p><strong>2 \u017eingsnis \u2013 ART\u0116JANTIS KLIUVINYS<\/strong><\/p>\n<p><span style=\"font-weight: 400;\">Aptikti b\u016bsim\u0105 u\u017ekliuvim\u0105Inklinometro ir akselerometro jutikliaisPlius apkrovos elementaipertekliniam aptikimui<\/span><\/p>\n<p><img decoding=\"async\" src=\"\/wp-content\/uploads\/2021\/11\/solution-2.webp\" alt=\"\" width=\"470\" height=\"350\" \/><\/p>\n<p>&nbsp;<\/p>\n<p><strong>3 \u017eingsnis \u2013 UNIKALI NUSTATYMO SISTEMA<\/strong><\/p>\n<p><span style=\"font-weight: 400;\">Saugesnis ir ma\u017eesnis stresaspavaros grandin\u0117je d\u0117l numatymo naudojant jutikliusesantis netoli b\u016bsimo u\u017ekliuvimo<\/span><\/p>\n<p><img decoding=\"async\" src=\"\/wp-content\/uploads\/2021\/11\/solution-3.webp\" alt=\"\" width=\"470\" height=\"350\" \/><\/p>\n<p>&nbsp;<\/p>\n<p><strong>4 \u017eingsnis \u2013 GREIAUSIA REAKCIJOS SISTEMA<\/strong><\/p>\n<p><span style=\"font-weight: 400;\">Greitas aptikimas ir greitas u\u017edarymasBendras reakcijos laikas apie 150 ms.<\/span><\/p>\n<p><img loading=\"lazy\" decoding=\"async\" src=\"\/wp-content\/uploads\/2021\/11\/solution-4.webp\" alt=\"\" width=\"470\" height=\"350\" \/><\/p>\n<p>&nbsp;<\/p>\n<p><strong>5 \u017eingsnis \u2013 ATSARGIN\u0116 APTIKIMO SISTEMA<\/strong><\/p>\n<p><span style=\"font-weight: 400;\">Papildomas saugumas per sekund\u0119kelio aptikimas naudojant apkrovos elementus<\/span><\/p>\n<p><img loading=\"lazy\" decoding=\"async\" src=\"\/wp-content\/uploads\/2021\/11\/solution-5.webp\" alt=\"\" width=\"470\" height=\"350\" \/>\n<\/div>\n","protected":false},"excerpt":{"rendered":"<p>1 \u017eingsnis \u2013 K\u0116LIMO ETAPAS SLP jutikli\u0173 steb\u0117jimas &nbsp; 2 \u017eingsnis \u2013 ART\u0116JANTIS KLIUVINYS Aptikti b\u016bsim\u0105 u\u017ekliuvim\u0105Inklinometro ir akselerometro jutikliaisPlius<\/p>\n","protected":false},"featured_media":1260058654,"template":"","meta":[],"product_brand":[],"product_cat":[1422],"product_tag":[],"class_list":{"0":"post-1260059318","1":"product","2":"type-product","3":"status-publish","4":"has-post-thumbnail","6":"product_cat-slp-kroviniu-lyginimo-sistema","8":"first","9":"instock","10":"product-type-simple"},"yoast_head":"<!-- This site is optimized with the Yoast SEO plugin v27.1.1 - https:\/\/yoast.com\/product\/yoast-seo-wordpress\/ -->\n<title>SPRENDIMAS - My industrial<\/title>\n<meta name=\"robots\" content=\"noindex, follow, max-snippet:-1, max-image-preview:large, max-video-preview:-1\" \/>\n<meta property=\"og:locale\" content=\"lt_LT\" \/>\n<meta property=\"og:type\" content=\"article\" \/>\n<meta property=\"og:title\" content=\"SPRENDIMAS - My industrial\" \/>\n<meta property=\"og:description\" content=\"1 \u017eingsnis \u2013 K\u0116LIMO ETAPAS SLP jutikli\u0173 steb\u0117jimas &nbsp; 2 \u017eingsnis \u2013 ART\u0116JANTIS KLIUVINYS Aptikti b\u016bsim\u0105 u\u017ekliuvim\u0105Inklinometro ir akselerometro jutikliaisPlius\" \/>\n<meta property=\"og:url\" content=\"https:\/\/dev.myindustrial.eu\/lt\/shop\/slp-kroviniu-lyginimo-sistema\/sprendimas\/\" \/>\n<meta property=\"og:site_name\" content=\"My industrial\" \/>\n<meta property=\"article:modified_time\" content=\"2023-10-18T16:00:01+00:00\" \/>\n<meta property=\"og:image\" content=\"https:\/\/dev.myindustrial.eu\/wp-content\/uploads\/2022\/01\/solution-5.webp\" \/>\n\t<meta property=\"og:image:width\" content=\"470\" \/>\n\t<meta property=\"og:image:height\" content=\"350\" \/>\n\t<meta property=\"og:image:type\" content=\"image\/webp\" \/>\n<meta name=\"twitter:card\" content=\"summary_large_image\" \/>\n<script type=\"application\/ld+json\" class=\"yoast-schema-graph\">{\"@context\":\"https:\/\/schema.org\",\"@graph\":[{\"@type\":\"WebPage\",\"@id\":\"https:\/\/dev.myindustrial.eu\/lt\/shop\/slp-kroviniu-lyginimo-sistema\/sprendimas\/\",\"url\":\"https:\/\/dev.myindustrial.eu\/lt\/shop\/slp-kroviniu-lyginimo-sistema\/sprendimas\/\",\"name\":\"SPRENDIMAS - My industrial\",\"isPartOf\":{\"@id\":\"https:\/\/dev.myindustrial.eu\/lt\/#website\"},\"primaryImageOfPage\":{\"@id\":\"https:\/\/dev.myindustrial.eu\/lt\/shop\/slp-kroviniu-lyginimo-sistema\/sprendimas\/#primaryimage\"},\"image\":{\"@id\":\"https:\/\/dev.myindustrial.eu\/lt\/shop\/slp-kroviniu-lyginimo-sistema\/sprendimas\/#primaryimage\"},\"thumbnailUrl\":\"https:\/\/dev.myindustrial.eu\/wp-content\/uploads\/2022\/01\/solution-5.webp\",\"datePublished\":\"2022-01-14T02:02:59+00:00\",\"dateModified\":\"2023-10-18T16:00:01+00:00\",\"breadcrumb\":{\"@id\":\"https:\/\/dev.myindustrial.eu\/lt\/shop\/slp-kroviniu-lyginimo-sistema\/sprendimas\/#breadcrumb\"},\"inLanguage\":\"lt-LT\",\"potentialAction\":[{\"@type\":\"ReadAction\",\"target\":[\"https:\/\/dev.myindustrial.eu\/lt\/shop\/slp-kroviniu-lyginimo-sistema\/sprendimas\/\"]}]},{\"@type\":\"ImageObject\",\"inLanguage\":\"lt-LT\",\"@id\":\"https:\/\/dev.myindustrial.eu\/lt\/shop\/slp-kroviniu-lyginimo-sistema\/sprendimas\/#primaryimage\",\"url\":\"https:\/\/dev.myindustrial.eu\/wp-content\/uploads\/2022\/01\/solution-5.webp\",\"contentUrl\":\"https:\/\/dev.myindustrial.eu\/wp-content\/uploads\/2022\/01\/solution-5.webp\",\"width\":470,\"height\":350},{\"@type\":\"BreadcrumbList\",\"@id\":\"https:\/\/dev.myindustrial.eu\/lt\/shop\/slp-kroviniu-lyginimo-sistema\/sprendimas\/#breadcrumb\",\"itemListElement\":[{\"@type\":\"ListItem\",\"position\":1,\"name\":\"Home\",\"item\":\"https:\/\/dev.myindustrial.eu\/lt\/\"},{\"@type\":\"ListItem\",\"position\":2,\"name\":\"Products\",\"item\":\"https:\/\/dev.myindustrial.eu\/lt\/products\/\"},{\"@type\":\"ListItem\",\"position\":3,\"name\":\"SPRENDIMAS\"}]},{\"@type\":\"WebSite\",\"@id\":\"https:\/\/dev.myindustrial.eu\/lt\/#website\",\"url\":\"https:\/\/dev.myindustrial.eu\/lt\/\",\"name\":\"My industrial\",\"description\":\"\",\"potentialAction\":[{\"@type\":\"SearchAction\",\"target\":{\"@type\":\"EntryPoint\",\"urlTemplate\":\"https:\/\/dev.myindustrial.eu\/lt\/?s={search_term_string}\"},\"query-input\":{\"@type\":\"PropertyValueSpecification\",\"valueRequired\":true,\"valueName\":\"search_term_string\"}}],\"inLanguage\":\"lt-LT\"}]}<\/script>\n<!-- \/ Yoast SEO plugin. -->","yoast_head_json":{"title":"SPRENDIMAS - My industrial","robots":{"index":"noindex","follow":"follow","max-snippet":"max-snippet:-1","max-image-preview":"max-image-preview:large","max-video-preview":"max-video-preview:-1"},"og_locale":"lt_LT","og_type":"article","og_title":"SPRENDIMAS - My industrial","og_description":"1 \u017eingsnis \u2013 K\u0116LIMO ETAPAS SLP jutikli\u0173 steb\u0117jimas &nbsp; 2 \u017eingsnis \u2013 ART\u0116JANTIS KLIUVINYS Aptikti b\u016bsim\u0105 u\u017ekliuvim\u0105Inklinometro ir akselerometro jutikliaisPlius","og_url":"https:\/\/dev.myindustrial.eu\/lt\/shop\/slp-kroviniu-lyginimo-sistema\/sprendimas\/","og_site_name":"My industrial","article_modified_time":"2023-10-18T16:00:01+00:00","og_image":[{"width":470,"height":350,"url":"https:\/\/dev.myindustrial.eu\/wp-content\/uploads\/2022\/01\/solution-5.webp","type":"image\/webp"}],"twitter_card":"summary_large_image","schema":{"@context":"https:\/\/schema.org","@graph":[{"@type":"WebPage","@id":"https:\/\/dev.myindustrial.eu\/lt\/shop\/slp-kroviniu-lyginimo-sistema\/sprendimas\/","url":"https:\/\/dev.myindustrial.eu\/lt\/shop\/slp-kroviniu-lyginimo-sistema\/sprendimas\/","name":"SPRENDIMAS - My industrial","isPartOf":{"@id":"https:\/\/dev.myindustrial.eu\/lt\/#website"},"primaryImageOfPage":{"@id":"https:\/\/dev.myindustrial.eu\/lt\/shop\/slp-kroviniu-lyginimo-sistema\/sprendimas\/#primaryimage"},"image":{"@id":"https:\/\/dev.myindustrial.eu\/lt\/shop\/slp-kroviniu-lyginimo-sistema\/sprendimas\/#primaryimage"},"thumbnailUrl":"https:\/\/dev.myindustrial.eu\/wp-content\/uploads\/2022\/01\/solution-5.webp","datePublished":"2022-01-14T02:02:59+00:00","dateModified":"2023-10-18T16:00:01+00:00","breadcrumb":{"@id":"https:\/\/dev.myindustrial.eu\/lt\/shop\/slp-kroviniu-lyginimo-sistema\/sprendimas\/#breadcrumb"},"inLanguage":"lt-LT","potentialAction":[{"@type":"ReadAction","target":["https:\/\/dev.myindustrial.eu\/lt\/shop\/slp-kroviniu-lyginimo-sistema\/sprendimas\/"]}]},{"@type":"ImageObject","inLanguage":"lt-LT","@id":"https:\/\/dev.myindustrial.eu\/lt\/shop\/slp-kroviniu-lyginimo-sistema\/sprendimas\/#primaryimage","url":"https:\/\/dev.myindustrial.eu\/wp-content\/uploads\/2022\/01\/solution-5.webp","contentUrl":"https:\/\/dev.myindustrial.eu\/wp-content\/uploads\/2022\/01\/solution-5.webp","width":470,"height":350},{"@type":"BreadcrumbList","@id":"https:\/\/dev.myindustrial.eu\/lt\/shop\/slp-kroviniu-lyginimo-sistema\/sprendimas\/#breadcrumb","itemListElement":[{"@type":"ListItem","position":1,"name":"Home","item":"https:\/\/dev.myindustrial.eu\/lt\/"},{"@type":"ListItem","position":2,"name":"Products","item":"https:\/\/dev.myindustrial.eu\/lt\/products\/"},{"@type":"ListItem","position":3,"name":"SPRENDIMAS"}]},{"@type":"WebSite","@id":"https:\/\/dev.myindustrial.eu\/lt\/#website","url":"https:\/\/dev.myindustrial.eu\/lt\/","name":"My industrial","description":"","potentialAction":[{"@type":"SearchAction","target":{"@type":"EntryPoint","urlTemplate":"https:\/\/dev.myindustrial.eu\/lt\/?s={search_term_string}"},"query-input":{"@type":"PropertyValueSpecification","valueRequired":true,"valueName":"search_term_string"}}],"inLanguage":"lt-LT"}]}},"_links":{"self":[{"href":"https:\/\/dev.myindustrial.eu\/lt\/wp-json\/wp\/v2\/product\/1260059318","targetHints":{"allow":["GET"]}}],"collection":[{"href":"https:\/\/dev.myindustrial.eu\/lt\/wp-json\/wp\/v2\/product"}],"about":[{"href":"https:\/\/dev.myindustrial.eu\/lt\/wp-json\/wp\/v2\/types\/product"}],"version-history":[{"count":1,"href":"https:\/\/dev.myindustrial.eu\/lt\/wp-json\/wp\/v2\/product\/1260059318\/revisions"}],"predecessor-version":[{"id":1260063447,"href":"https:\/\/dev.myindustrial.eu\/lt\/wp-json\/wp\/v2\/product\/1260059318\/revisions\/1260063447"}],"wp:featuredmedia":[{"embeddable":true,"href":"https:\/\/dev.myindustrial.eu\/lt\/wp-json\/wp\/v2\/media\/1260058654"}],"wp:attachment":[{"href":"https:\/\/dev.myindustrial.eu\/lt\/wp-json\/wp\/v2\/media?parent=1260059318"}],"wp:term":[{"taxonomy":"product_brand","embeddable":true,"href":"https:\/\/dev.myindustrial.eu\/lt\/wp-json\/wp\/v2\/product_brand?post=1260059318"},{"taxonomy":"product_cat","embeddable":true,"href":"https:\/\/dev.myindustrial.eu\/lt\/wp-json\/wp\/v2\/product_cat?post=1260059318"},{"taxonomy":"product_tag","embeddable":true,"href":"https:\/\/dev.myindustrial.eu\/lt\/wp-json\/wp\/v2\/product_tag?post=1260059318"}],"curies":[{"name":"wp","href":"https:\/\/api.w.org\/{rel}","templated":true}]}}