{"id":1260060782,"date":"2022-05-11T15:28:12","date_gmt":"2022-05-11T15:28:12","guid":{"rendered":"https:\/\/dev.myindustrial.eu\/shop\/be-kategorijos\/scales\/"},"modified":"2023-06-16T20:48:13","modified_gmt":"2023-06-16T20:48:13","slug":"scales","status":"publish","type":"product","link":"https:\/\/dev.myindustrial.eu\/lt\/shop\/potenciometrai-ir-jutikliai\/potenciometro-priedai\/scales\/","title":{"rendered":"Matavimo skal\u0117"},"content":{"rendered":"<p><iframe width=\"560\" height=\"315\" src=\"https:\/\/youtube.com\/embed\/Ds_GP4s2SIQ\" frameborder=\"0\" allow=\"accelerometer; autoplay; clipboard-write; encrypted-media; gyroscope; picture-in-picture; web-share\" allowfullscreen><\/iframe><\/p>\n","protected":false},"excerpt":{"rendered":"<p><span data-sheets-value=\"{&quot;1&quot;:2,&quot;2&quot;:&quot;Metalin\u0117s matavimo skal\u0117 gali b\u016bti standarti\u0161kai naudojamos \u012fvairiems potenciometrams i\u0161 m\u016bs\u0173 gamini\u0173 asortimento. Klientui pageidaujant galima spausdinti pagal u\u017esakym\u0105.&quot;}\">Metalin\u0117s matavimo skal\u0117 gali b\u016bti standarti\u0161kai naudojamos \u012fvairiems potenciometrams i\u0161 m\u016bs\u0173 gamini\u0173 asortimento. Klientui pageidaujant galima spausdinti pagal u\u017esakym\u0105.<\/span><\/p>\n<p><strong>Prek\u0117s apra\u0161ymas<\/strong> &#8222;2\u00d760\u00b0\/ 2\u00d790\u00b0\/ 2\u00d7135\u00b0 \/ 2\u00d7165\u00b0 \/\u00a0120\u00b0 \/ 180\u00b0 \/ 270\u00b0 \/ 330\u00b0&#8221;<br \/>\n<strong>Skersmuo<\/strong> \u00d8 70 mm<br \/>\n<strong>Gaminio<\/strong> <strong>med\u017eiaga<\/strong> Aliuminis<br \/>\n<strong>Produkto<\/strong> <strong>na\u0161umas<\/strong> Pagrindas: sidabrinis, juodi u\u017era\u0161ai<\/p>\n<p><strong>Ie\u0161kote individuali\u0173 sprendim\u0173?<\/strong><br \/>\nTada susisiekite su mumis.<\/p>\n","protected":false},"featured_media":1260060777,"template":"","meta":[],"product_brand":[],"product_cat":[1285,1453],"product_tag":[],"class_list":{"0":"post-1260060782","1":"product","2":"type-product","3":"status-publish","4":"has-post-thumbnail","6":"product_cat-potenciometrai-ir-jutikliai","7":"product_cat-potenciometro-priedai","9":"first","10":"instock","11":"shipping-taxable","12":"product-type-simple"},"yoast_head":"<!-- This site is optimized with the Yoast SEO plugin v27.1.1 - https:\/\/yoast.com\/product\/yoast-seo-wordpress\/ -->\n<title>Matavimo skal\u0117 - My industrial<\/title>\n<meta name=\"robots\" content=\"noindex, follow, max-snippet:-1, max-image-preview:large, max-video-preview:-1\" \/>\n<meta property=\"og:locale\" content=\"lt_LT\" \/>\n<meta property=\"og:type\" content=\"article\" \/>\n<meta property=\"og:title\" content=\"Matavimo skal\u0117 - My industrial\" \/>\n<meta property=\"og:description\" content=\"Metalin\u0117s matavimo skal\u0117 gali b\u016bti standarti\u0161kai naudojamos \u012fvairiems potenciometrams i\u0161 m\u016bs\u0173 gamini\u0173 asortimento. Klientui pageidaujant galima spausdinti pagal u\u017esakym\u0105.  Prek\u0117s apra\u0161ymas &quot;2\u00d760\u00b0\/ 2\u00d790\u00b0\/ 2\u00d7135\u00b0 \/ 2\u00d7165\u00b0 \/\u00a0120\u00b0 \/ 180\u00b0 \/ 270\u00b0 \/ 330\u00b0&quot; Skersmuo \u00d8 70 mm Gaminio med\u017eiaga Aliuminis Produkto na\u0161umas Pagrindas: sidabrinis, juodi u\u017era\u0161ai  Ie\u0161kote individuali\u0173 sprendim\u0173? Tada susisiekite su mumis.\" \/>\n<meta property=\"og:url\" content=\"https:\/\/dev.myindustrial.eu\/lt\/shop\/potenciometrai-ir-jutikliai\/potenciometro-priedai\/scales\/\" \/>\n<meta property=\"og:site_name\" content=\"My industrial\" \/>\n<meta property=\"article:modified_time\" content=\"2023-06-16T20:48:13+00:00\" \/>\n<meta property=\"og:image\" content=\"https:\/\/dev.myindustrial.eu\/wp-content\/uploads\/2022\/05\/scales.webp\" \/>\n\t<meta property=\"og:image:width\" content=\"500\" \/>\n\t<meta property=\"og:image:height\" content=\"500\" \/>\n\t<meta property=\"og:image:type\" content=\"image\/webp\" \/>\n<meta name=\"twitter:card\" content=\"summary_large_image\" \/>\n<script type=\"application\/ld+json\" class=\"yoast-schema-graph\">{\"@context\":\"https:\/\/schema.org\",\"@graph\":[{\"@type\":\"WebPage\",\"@id\":\"https:\/\/dev.myindustrial.eu\/lt\/shop\/potenciometrai-ir-jutikliai\/potenciometro-priedai\/scales\/\",\"url\":\"https:\/\/dev.myindustrial.eu\/lt\/shop\/potenciometrai-ir-jutikliai\/potenciometro-priedai\/scales\/\",\"name\":\"Matavimo skal\u0117 - My industrial\",\"isPartOf\":{\"@id\":\"https:\/\/dev.myindustrial.eu\/lt\/#website\"},\"primaryImageOfPage\":{\"@id\":\"https:\/\/dev.myindustrial.eu\/lt\/shop\/potenciometrai-ir-jutikliai\/potenciometro-priedai\/scales\/#primaryimage\"},\"image\":{\"@id\":\"https:\/\/dev.myindustrial.eu\/lt\/shop\/potenciometrai-ir-jutikliai\/potenciometro-priedai\/scales\/#primaryimage\"},\"thumbnailUrl\":\"https:\/\/dev.myindustrial.eu\/wp-content\/uploads\/2022\/05\/scales.webp\",\"datePublished\":\"2022-05-11T15:28:12+00:00\",\"dateModified\":\"2023-06-16T20:48:13+00:00\",\"breadcrumb\":{\"@id\":\"https:\/\/dev.myindustrial.eu\/lt\/shop\/potenciometrai-ir-jutikliai\/potenciometro-priedai\/scales\/#breadcrumb\"},\"inLanguage\":\"lt-LT\",\"potentialAction\":[{\"@type\":\"ReadAction\",\"target\":[\"https:\/\/dev.myindustrial.eu\/lt\/shop\/potenciometrai-ir-jutikliai\/potenciometro-priedai\/scales\/\"]}]},{\"@type\":\"ImageObject\",\"inLanguage\":\"lt-LT\",\"@id\":\"https:\/\/dev.myindustrial.eu\/lt\/shop\/potenciometrai-ir-jutikliai\/potenciometro-priedai\/scales\/#primaryimage\",\"url\":\"https:\/\/dev.myindustrial.eu\/wp-content\/uploads\/2022\/05\/scales.webp\",\"contentUrl\":\"https:\/\/dev.myindustrial.eu\/wp-content\/uploads\/2022\/05\/scales.webp\",\"width\":500,\"height\":500},{\"@type\":\"BreadcrumbList\",\"@id\":\"https:\/\/dev.myindustrial.eu\/lt\/shop\/potenciometrai-ir-jutikliai\/potenciometro-priedai\/scales\/#breadcrumb\",\"itemListElement\":[{\"@type\":\"ListItem\",\"position\":1,\"name\":\"Home\",\"item\":\"https:\/\/dev.myindustrial.eu\/lt\/\"},{\"@type\":\"ListItem\",\"position\":2,\"name\":\"Products\",\"item\":\"https:\/\/dev.myindustrial.eu\/lt\/products\/\"},{\"@type\":\"ListItem\",\"position\":3,\"name\":\"Matavimo skal\u0117\"}]},{\"@type\":\"WebSite\",\"@id\":\"https:\/\/dev.myindustrial.eu\/lt\/#website\",\"url\":\"https:\/\/dev.myindustrial.eu\/lt\/\",\"name\":\"My industrial\",\"description\":\"\",\"potentialAction\":[{\"@type\":\"SearchAction\",\"target\":{\"@type\":\"EntryPoint\",\"urlTemplate\":\"https:\/\/dev.myindustrial.eu\/lt\/?s={search_term_string}\"},\"query-input\":{\"@type\":\"PropertyValueSpecification\",\"valueRequired\":true,\"valueName\":\"search_term_string\"}}],\"inLanguage\":\"lt-LT\"}]}<\/script>\n<!-- \/ Yoast SEO plugin. -->","yoast_head_json":{"title":"Matavimo skal\u0117 - My industrial","robots":{"index":"noindex","follow":"follow","max-snippet":"max-snippet:-1","max-image-preview":"max-image-preview:large","max-video-preview":"max-video-preview:-1"},"og_locale":"lt_LT","og_type":"article","og_title":"Matavimo skal\u0117 - My industrial","og_description":"Metalin\u0117s matavimo skal\u0117 gali b\u016bti standarti\u0161kai naudojamos \u012fvairiems potenciometrams i\u0161 m\u016bs\u0173 gamini\u0173 asortimento. Klientui pageidaujant galima spausdinti pagal u\u017esakym\u0105.  Prek\u0117s apra\u0161ymas \"2\u00d760\u00b0\/ 2\u00d790\u00b0\/ 2\u00d7135\u00b0 \/ 2\u00d7165\u00b0 \/\u00a0120\u00b0 \/ 180\u00b0 \/ 270\u00b0 \/ 330\u00b0\" Skersmuo \u00d8 70 mm Gaminio med\u017eiaga Aliuminis Produkto na\u0161umas Pagrindas: sidabrinis, juodi u\u017era\u0161ai  Ie\u0161kote individuali\u0173 sprendim\u0173? Tada susisiekite su mumis.","og_url":"https:\/\/dev.myindustrial.eu\/lt\/shop\/potenciometrai-ir-jutikliai\/potenciometro-priedai\/scales\/","og_site_name":"My industrial","article_modified_time":"2023-06-16T20:48:13+00:00","og_image":[{"width":500,"height":500,"url":"https:\/\/dev.myindustrial.eu\/wp-content\/uploads\/2022\/05\/scales.webp","type":"image\/webp"}],"twitter_card":"summary_large_image","schema":{"@context":"https:\/\/schema.org","@graph":[{"@type":"WebPage","@id":"https:\/\/dev.myindustrial.eu\/lt\/shop\/potenciometrai-ir-jutikliai\/potenciometro-priedai\/scales\/","url":"https:\/\/dev.myindustrial.eu\/lt\/shop\/potenciometrai-ir-jutikliai\/potenciometro-priedai\/scales\/","name":"Matavimo skal\u0117 - My industrial","isPartOf":{"@id":"https:\/\/dev.myindustrial.eu\/lt\/#website"},"primaryImageOfPage":{"@id":"https:\/\/dev.myindustrial.eu\/lt\/shop\/potenciometrai-ir-jutikliai\/potenciometro-priedai\/scales\/#primaryimage"},"image":{"@id":"https:\/\/dev.myindustrial.eu\/lt\/shop\/potenciometrai-ir-jutikliai\/potenciometro-priedai\/scales\/#primaryimage"},"thumbnailUrl":"https:\/\/dev.myindustrial.eu\/wp-content\/uploads\/2022\/05\/scales.webp","datePublished":"2022-05-11T15:28:12+00:00","dateModified":"2023-06-16T20:48:13+00:00","breadcrumb":{"@id":"https:\/\/dev.myindustrial.eu\/lt\/shop\/potenciometrai-ir-jutikliai\/potenciometro-priedai\/scales\/#breadcrumb"},"inLanguage":"lt-LT","potentialAction":[{"@type":"ReadAction","target":["https:\/\/dev.myindustrial.eu\/lt\/shop\/potenciometrai-ir-jutikliai\/potenciometro-priedai\/scales\/"]}]},{"@type":"ImageObject","inLanguage":"lt-LT","@id":"https:\/\/dev.myindustrial.eu\/lt\/shop\/potenciometrai-ir-jutikliai\/potenciometro-priedai\/scales\/#primaryimage","url":"https:\/\/dev.myindustrial.eu\/wp-content\/uploads\/2022\/05\/scales.webp","contentUrl":"https:\/\/dev.myindustrial.eu\/wp-content\/uploads\/2022\/05\/scales.webp","width":500,"height":500},{"@type":"BreadcrumbList","@id":"https:\/\/dev.myindustrial.eu\/lt\/shop\/potenciometrai-ir-jutikliai\/potenciometro-priedai\/scales\/#breadcrumb","itemListElement":[{"@type":"ListItem","position":1,"name":"Home","item":"https:\/\/dev.myindustrial.eu\/lt\/"},{"@type":"ListItem","position":2,"name":"Products","item":"https:\/\/dev.myindustrial.eu\/lt\/products\/"},{"@type":"ListItem","position":3,"name":"Matavimo skal\u0117"}]},{"@type":"WebSite","@id":"https:\/\/dev.myindustrial.eu\/lt\/#website","url":"https:\/\/dev.myindustrial.eu\/lt\/","name":"My industrial","description":"","potentialAction":[{"@type":"SearchAction","target":{"@type":"EntryPoint","urlTemplate":"https:\/\/dev.myindustrial.eu\/lt\/?s={search_term_string}"},"query-input":{"@type":"PropertyValueSpecification","valueRequired":true,"valueName":"search_term_string"}}],"inLanguage":"lt-LT"}]}},"_links":{"self":[{"href":"https:\/\/dev.myindustrial.eu\/lt\/wp-json\/wp\/v2\/product\/1260060782","targetHints":{"allow":["GET"]}}],"collection":[{"href":"https:\/\/dev.myindustrial.eu\/lt\/wp-json\/wp\/v2\/product"}],"about":[{"href":"https:\/\/dev.myindustrial.eu\/lt\/wp-json\/wp\/v2\/types\/product"}],"version-history":[{"count":0,"href":"https:\/\/dev.myindustrial.eu\/lt\/wp-json\/wp\/v2\/product\/1260060782\/revisions"}],"wp:featuredmedia":[{"embeddable":true,"href":"https:\/\/dev.myindustrial.eu\/lt\/wp-json\/wp\/v2\/media\/1260060777"}],"wp:attachment":[{"href":"https:\/\/dev.myindustrial.eu\/lt\/wp-json\/wp\/v2\/media?parent=1260060782"}],"wp:term":[{"taxonomy":"product_brand","embeddable":true,"href":"https:\/\/dev.myindustrial.eu\/lt\/wp-json\/wp\/v2\/product_brand?post=1260060782"},{"taxonomy":"product_cat","embeddable":true,"href":"https:\/\/dev.myindustrial.eu\/lt\/wp-json\/wp\/v2\/product_cat?post=1260060782"},{"taxonomy":"product_tag","embeddable":true,"href":"https:\/\/dev.myindustrial.eu\/lt\/wp-json\/wp\/v2\/product_tag?post=1260060782"}],"curies":[{"name":"wp","href":"https:\/\/api.w.org\/{rel}","templated":true}]}}