{"id":1260060819,"date":"2022-05-16T21:14:37","date_gmt":"2022-05-16T21:14:37","guid":{"rendered":"https:\/\/dev.myindustrial.eu\/shop\/be-kategorijos\/special-product\/"},"modified":"2023-06-16T20:48:13","modified_gmt":"2023-06-16T20:48:13","slug":"special-product","status":"publish","type":"product","link":"https:\/\/dev.myindustrial.eu\/lt\/shop\/potenciometrai-ir-jutikliai\/special-product-lt\/special-product\/","title":{"rendered":"\u201eAltmann\u201c spausdintiniai elementai"},"content":{"rendered":"<p><iframe width=\"560\" height=\"315\" src=\"https:\/\/youtube.com\/shorts\/NaJHxPlv8fA?feature=share\" frameborder=\"0\" allow=\"accelerometer; autoplay; clipboard-write; encrypted-media; gyroscope; picture-in-picture; web-share\" allowfullscreen><\/iframe><\/p>\n","protected":false},"excerpt":{"rendered":"<p>Nuo pat 1963 m., kai buvo \u012fkurta \u201eAltmann\u201c, u\u017esiimame potenciometr\u0173 ir atstumo, kampo bei pad\u0117ties nustatymui pramon\u0117je skirt\u0173 jutikli\u0173 k\u016brimu, projektavimu ir gamyba.<br \/>\nDauguma m\u016bs\u0173 gaminiuose naudojam\u0173 komponent\u0173 tradici\u0161kai kuriami ir gaminami pa\u010dios \u012fmon\u0117s viduje. \u0160i ai\u0161kiai i\u0161reik\u0161ta vertikali integracija leid\u017eia mums b\u016bti kiek \u012fmanoma lankstesniems.<br \/>\nBe vielos apvij\u0173 technologijos, tai pirmiausia ir storasluoksnio spausdinimo technologija.<br \/>\nM\u016bs\u0173 nuosavoje past\u0173 laboratorijoje kuriamos ir gaminamos laid\u017eios polimerin\u0117s pastos, kurias galima individualiai pritaikyti j\u016bs\u0173 poreikiams. Var\u017e\u0173 nuolyd\u017eiai spausdinami ant laikan\u010diosios med\u017eiagos (pvz., FR4) naudojant trafaretinio spausdinimo proces\u0105 m\u016bs\u0173 pa\u010di\u0173 sistemose.<\/p>\n","protected":false},"featured_media":1260061817,"template":"","meta":[],"product_brand":[],"product_cat":[1285,1510],"product_tag":[],"class_list":{"0":"post-1260060819","1":"product","2":"type-product","3":"status-publish","4":"has-post-thumbnail","6":"product_cat-potenciometrai-ir-jutikliai","7":"product_cat-special-product-lt","9":"first","10":"instock","11":"shipping-taxable","12":"product-type-simple"},"yoast_head":"<!-- This site is optimized with the Yoast SEO plugin v27.1.1 - https:\/\/yoast.com\/product\/yoast-seo-wordpress\/ -->\n<title>\u201eAltmann\u201c spausdintiniai elementai - My industrial<\/title>\n<meta name=\"robots\" content=\"noindex, follow, max-snippet:-1, max-image-preview:large, max-video-preview:-1\" \/>\n<meta property=\"og:locale\" content=\"lt_LT\" \/>\n<meta property=\"og:type\" content=\"article\" \/>\n<meta property=\"og:title\" content=\"\u201eAltmann\u201c spausdintiniai elementai - My industrial\" \/>\n<meta property=\"og:description\" content=\"Nuo pat 1963 m., kai buvo \u012fkurta \u201eAltmann\u201c, u\u017esiimame potenciometr\u0173 ir atstumo, kampo bei pad\u0117ties nustatymui pramon\u0117je skirt\u0173 jutikli\u0173 k\u016brimu, projektavimu ir gamyba. Dauguma m\u016bs\u0173 gaminiuose naudojam\u0173 komponent\u0173 tradici\u0161kai kuriami ir gaminami pa\u010dios \u012fmon\u0117s viduje. \u0160i ai\u0161kiai i\u0161reik\u0161ta vertikali integracija leid\u017eia mums b\u016bti kiek \u012fmanoma lankstesniems. Be vielos apvij\u0173 technologijos, tai pirmiausia ir storasluoksnio spausdinimo technologija. M\u016bs\u0173 nuosavoje past\u0173 laboratorijoje kuriamos ir gaminamos laid\u017eios polimerin\u0117s pastos, kurias galima individualiai pritaikyti j\u016bs\u0173 poreikiams. Var\u017e\u0173 nuolyd\u017eiai spausdinami ant laikan\u010diosios med\u017eiagos (pvz., FR4) naudojant trafaretinio spausdinimo proces\u0105 m\u016bs\u0173 pa\u010di\u0173 sistemose.\" \/>\n<meta property=\"og:url\" content=\"https:\/\/dev.myindustrial.eu\/lt\/shop\/potenciometrai-ir-jutikliai\/special-product-lt\/special-product\/\" \/>\n<meta property=\"og:site_name\" content=\"My industrial\" \/>\n<meta property=\"article:modified_time\" content=\"2023-06-16T20:48:13+00:00\" \/>\n<meta property=\"og:image\" content=\"https:\/\/dev.myindustrial.eu\/wp-content\/uploads\/2022\/05\/biegebalken_neu_1-500x500.jpg\" \/>\n\t<meta property=\"og:image:width\" content=\"500\" \/>\n\t<meta property=\"og:image:height\" content=\"500\" \/>\n\t<meta property=\"og:image:type\" content=\"image\/jpeg\" \/>\n<meta name=\"twitter:card\" content=\"summary_large_image\" \/>\n<script type=\"application\/ld+json\" class=\"yoast-schema-graph\">{\"@context\":\"https:\/\/schema.org\",\"@graph\":[{\"@type\":\"WebPage\",\"@id\":\"https:\/\/dev.myindustrial.eu\/lt\/shop\/potenciometrai-ir-jutikliai\/special-product-lt\/special-product\/\",\"url\":\"https:\/\/dev.myindustrial.eu\/lt\/shop\/potenciometrai-ir-jutikliai\/special-product-lt\/special-product\/\",\"name\":\"\u201eAltmann\u201c spausdintiniai elementai - My industrial\",\"isPartOf\":{\"@id\":\"https:\/\/dev.myindustrial.eu\/lt\/#website\"},\"primaryImageOfPage\":{\"@id\":\"https:\/\/dev.myindustrial.eu\/lt\/shop\/potenciometrai-ir-jutikliai\/special-product-lt\/special-product\/#primaryimage\"},\"image\":{\"@id\":\"https:\/\/dev.myindustrial.eu\/lt\/shop\/potenciometrai-ir-jutikliai\/special-product-lt\/special-product\/#primaryimage\"},\"thumbnailUrl\":\"https:\/\/dev.myindustrial.eu\/wp-content\/uploads\/2022\/05\/biegebalken_neu_1-500x500.jpg\",\"datePublished\":\"2022-05-16T21:14:37+00:00\",\"dateModified\":\"2023-06-16T20:48:13+00:00\",\"breadcrumb\":{\"@id\":\"https:\/\/dev.myindustrial.eu\/lt\/shop\/potenciometrai-ir-jutikliai\/special-product-lt\/special-product\/#breadcrumb\"},\"inLanguage\":\"lt-LT\",\"potentialAction\":[{\"@type\":\"ReadAction\",\"target\":[\"https:\/\/dev.myindustrial.eu\/lt\/shop\/potenciometrai-ir-jutikliai\/special-product-lt\/special-product\/\"]}]},{\"@type\":\"ImageObject\",\"inLanguage\":\"lt-LT\",\"@id\":\"https:\/\/dev.myindustrial.eu\/lt\/shop\/potenciometrai-ir-jutikliai\/special-product-lt\/special-product\/#primaryimage\",\"url\":\"https:\/\/dev.myindustrial.eu\/wp-content\/uploads\/2022\/05\/biegebalken_neu_1-500x500.jpg\",\"contentUrl\":\"https:\/\/dev.myindustrial.eu\/wp-content\/uploads\/2022\/05\/biegebalken_neu_1-500x500.jpg\",\"width\":500,\"height\":500},{\"@type\":\"BreadcrumbList\",\"@id\":\"https:\/\/dev.myindustrial.eu\/lt\/shop\/potenciometrai-ir-jutikliai\/special-product-lt\/special-product\/#breadcrumb\",\"itemListElement\":[{\"@type\":\"ListItem\",\"position\":1,\"name\":\"Home\",\"item\":\"https:\/\/dev.myindustrial.eu\/lt\/\"},{\"@type\":\"ListItem\",\"position\":2,\"name\":\"Products\",\"item\":\"https:\/\/dev.myindustrial.eu\/lt\/products\/\"},{\"@type\":\"ListItem\",\"position\":3,\"name\":\"\u201eAltmann\u201c spausdintiniai elementai\"}]},{\"@type\":\"WebSite\",\"@id\":\"https:\/\/dev.myindustrial.eu\/lt\/#website\",\"url\":\"https:\/\/dev.myindustrial.eu\/lt\/\",\"name\":\"My industrial\",\"description\":\"\",\"potentialAction\":[{\"@type\":\"SearchAction\",\"target\":{\"@type\":\"EntryPoint\",\"urlTemplate\":\"https:\/\/dev.myindustrial.eu\/lt\/?s={search_term_string}\"},\"query-input\":{\"@type\":\"PropertyValueSpecification\",\"valueRequired\":true,\"valueName\":\"search_term_string\"}}],\"inLanguage\":\"lt-LT\"}]}<\/script>\n<!-- \/ Yoast SEO plugin. -->","yoast_head_json":{"title":"\u201eAltmann\u201c spausdintiniai elementai - My industrial","robots":{"index":"noindex","follow":"follow","max-snippet":"max-snippet:-1","max-image-preview":"max-image-preview:large","max-video-preview":"max-video-preview:-1"},"og_locale":"lt_LT","og_type":"article","og_title":"\u201eAltmann\u201c spausdintiniai elementai - My industrial","og_description":"Nuo pat 1963 m., kai buvo \u012fkurta \u201eAltmann\u201c, u\u017esiimame potenciometr\u0173 ir atstumo, kampo bei pad\u0117ties nustatymui pramon\u0117je skirt\u0173 jutikli\u0173 k\u016brimu, projektavimu ir gamyba. Dauguma m\u016bs\u0173 gaminiuose naudojam\u0173 komponent\u0173 tradici\u0161kai kuriami ir gaminami pa\u010dios \u012fmon\u0117s viduje. \u0160i ai\u0161kiai i\u0161reik\u0161ta vertikali integracija leid\u017eia mums b\u016bti kiek \u012fmanoma lankstesniems. Be vielos apvij\u0173 technologijos, tai pirmiausia ir storasluoksnio spausdinimo technologija. M\u016bs\u0173 nuosavoje past\u0173 laboratorijoje kuriamos ir gaminamos laid\u017eios polimerin\u0117s pastos, kurias galima individualiai pritaikyti j\u016bs\u0173 poreikiams. Var\u017e\u0173 nuolyd\u017eiai spausdinami ant laikan\u010diosios med\u017eiagos (pvz., FR4) naudojant trafaretinio spausdinimo proces\u0105 m\u016bs\u0173 pa\u010di\u0173 sistemose.","og_url":"https:\/\/dev.myindustrial.eu\/lt\/shop\/potenciometrai-ir-jutikliai\/special-product-lt\/special-product\/","og_site_name":"My industrial","article_modified_time":"2023-06-16T20:48:13+00:00","og_image":[{"width":500,"height":500,"url":"https:\/\/dev.myindustrial.eu\/wp-content\/uploads\/2022\/05\/biegebalken_neu_1-500x500.jpg","type":"image\/jpeg"}],"twitter_card":"summary_large_image","schema":{"@context":"https:\/\/schema.org","@graph":[{"@type":"WebPage","@id":"https:\/\/dev.myindustrial.eu\/lt\/shop\/potenciometrai-ir-jutikliai\/special-product-lt\/special-product\/","url":"https:\/\/dev.myindustrial.eu\/lt\/shop\/potenciometrai-ir-jutikliai\/special-product-lt\/special-product\/","name":"\u201eAltmann\u201c spausdintiniai elementai - My industrial","isPartOf":{"@id":"https:\/\/dev.myindustrial.eu\/lt\/#website"},"primaryImageOfPage":{"@id":"https:\/\/dev.myindustrial.eu\/lt\/shop\/potenciometrai-ir-jutikliai\/special-product-lt\/special-product\/#primaryimage"},"image":{"@id":"https:\/\/dev.myindustrial.eu\/lt\/shop\/potenciometrai-ir-jutikliai\/special-product-lt\/special-product\/#primaryimage"},"thumbnailUrl":"https:\/\/dev.myindustrial.eu\/wp-content\/uploads\/2022\/05\/biegebalken_neu_1-500x500.jpg","datePublished":"2022-05-16T21:14:37+00:00","dateModified":"2023-06-16T20:48:13+00:00","breadcrumb":{"@id":"https:\/\/dev.myindustrial.eu\/lt\/shop\/potenciometrai-ir-jutikliai\/special-product-lt\/special-product\/#breadcrumb"},"inLanguage":"lt-LT","potentialAction":[{"@type":"ReadAction","target":["https:\/\/dev.myindustrial.eu\/lt\/shop\/potenciometrai-ir-jutikliai\/special-product-lt\/special-product\/"]}]},{"@type":"ImageObject","inLanguage":"lt-LT","@id":"https:\/\/dev.myindustrial.eu\/lt\/shop\/potenciometrai-ir-jutikliai\/special-product-lt\/special-product\/#primaryimage","url":"https:\/\/dev.myindustrial.eu\/wp-content\/uploads\/2022\/05\/biegebalken_neu_1-500x500.jpg","contentUrl":"https:\/\/dev.myindustrial.eu\/wp-content\/uploads\/2022\/05\/biegebalken_neu_1-500x500.jpg","width":500,"height":500},{"@type":"BreadcrumbList","@id":"https:\/\/dev.myindustrial.eu\/lt\/shop\/potenciometrai-ir-jutikliai\/special-product-lt\/special-product\/#breadcrumb","itemListElement":[{"@type":"ListItem","position":1,"name":"Home","item":"https:\/\/dev.myindustrial.eu\/lt\/"},{"@type":"ListItem","position":2,"name":"Products","item":"https:\/\/dev.myindustrial.eu\/lt\/products\/"},{"@type":"ListItem","position":3,"name":"\u201eAltmann\u201c spausdintiniai elementai"}]},{"@type":"WebSite","@id":"https:\/\/dev.myindustrial.eu\/lt\/#website","url":"https:\/\/dev.myindustrial.eu\/lt\/","name":"My industrial","description":"","potentialAction":[{"@type":"SearchAction","target":{"@type":"EntryPoint","urlTemplate":"https:\/\/dev.myindustrial.eu\/lt\/?s={search_term_string}"},"query-input":{"@type":"PropertyValueSpecification","valueRequired":true,"valueName":"search_term_string"}}],"inLanguage":"lt-LT"}]}},"_links":{"self":[{"href":"https:\/\/dev.myindustrial.eu\/lt\/wp-json\/wp\/v2\/product\/1260060819","targetHints":{"allow":["GET"]}}],"collection":[{"href":"https:\/\/dev.myindustrial.eu\/lt\/wp-json\/wp\/v2\/product"}],"about":[{"href":"https:\/\/dev.myindustrial.eu\/lt\/wp-json\/wp\/v2\/types\/product"}],"version-history":[{"count":0,"href":"https:\/\/dev.myindustrial.eu\/lt\/wp-json\/wp\/v2\/product\/1260060819\/revisions"}],"wp:featuredmedia":[{"embeddable":true,"href":"https:\/\/dev.myindustrial.eu\/lt\/wp-json\/wp\/v2\/media\/1260061817"}],"wp:attachment":[{"href":"https:\/\/dev.myindustrial.eu\/lt\/wp-json\/wp\/v2\/media?parent=1260060819"}],"wp:term":[{"taxonomy":"product_brand","embeddable":true,"href":"https:\/\/dev.myindustrial.eu\/lt\/wp-json\/wp\/v2\/product_brand?post=1260060819"},{"taxonomy":"product_cat","embeddable":true,"href":"https:\/\/dev.myindustrial.eu\/lt\/wp-json\/wp\/v2\/product_cat?post=1260060819"},{"taxonomy":"product_tag","embeddable":true,"href":"https:\/\/dev.myindustrial.eu\/lt\/wp-json\/wp\/v2\/product_tag?post=1260060819"}],"curies":[{"name":"wp","href":"https:\/\/api.w.org\/{rel}","templated":true}]}}