{"id":1260060824,"date":"2022-05-16T21:31:57","date_gmt":"2022-05-16T21:31:57","guid":{"rendered":"https:\/\/dev.myindustrial.eu\/shop\/be-kategorijos\/backstops\/"},"modified":"2023-06-16T20:48:13","modified_gmt":"2023-06-16T20:48:13","slug":"backstops","status":"publish","type":"product","link":"https:\/\/dev.myindustrial.eu\/lt\/shop\/pramonines-stabdziu-sistemos-ir-pavaru-sustabdymo-komponentai\/backstops\/","title":{"rendered":"Atbulin\u0117s eigos u\u017eraktas"},"content":{"rendered":"","protected":false},"excerpt":{"rendered":"<p><b>TAIKYMAS<\/b><\/p>\n<p>SIBRE ART tipo serijos atbulin\u0117s eigos atrama yra specialiai sukurta naudoti juostiniuose konvejeriuose su traukimu auk\u0161tyn ir paprastai montuojama ant ma\u017eo grei\u010dio pavaros velen\u0173.<\/p>\n<p>Jis apsaugo nuo nekontroliuojamo atbulin\u0117s eigos nutr\u016bkimo arba pavaros dalies pa\u017eeidimo atveju.<\/p>\n<p>SIBRE atbulin\u0117s eigos stabd\u017eiai paprastai montuojami ant ma\u017eo grei\u010dio pavaros velen\u0173, tod\u0117l bus i\u0161vengta \u012frenginio apsisukimo, jei sugadinta pavar\u0173 d\u0117\u017e\u0117.<\/p>\n<p>Sukimo momentas iki 1800 kNm gali b\u016bti i\u0161laikomas su maksimaliu 7000 kg vieneto svoriu.<\/p>\n","protected":false},"featured_media":1260063817,"template":"","meta":[],"product_brand":[],"product_cat":[1386,1477],"product_tag":[],"class_list":{"0":"post-1260060824","1":"product","2":"type-product","3":"status-publish","4":"has-post-thumbnail","6":"product_cat-pramonines-stabdziu-sistemos-ir-pavaru-sustabdymo-komponentai","7":"product_cat-atbulines-eigos-uzraktas","9":"first","10":"instock","11":"shipping-taxable","12":"product-type-simple"},"yoast_head":"<!-- This site is optimized with the Yoast SEO plugin v27.1.1 - https:\/\/yoast.com\/product\/yoast-seo-wordpress\/ -->\n<title>Atbulin\u0117s eigos u\u017eraktas - My industrial<\/title>\n<meta name=\"robots\" content=\"noindex, follow, max-snippet:-1, max-image-preview:large, max-video-preview:-1\" \/>\n<meta property=\"og:locale\" content=\"lt_LT\" \/>\n<meta property=\"og:type\" content=\"article\" \/>\n<meta property=\"og:title\" content=\"Atbulin\u0117s eigos u\u017eraktas - My industrial\" \/>\n<meta property=\"og:description\" content=\"TAIKYMAS  SIBRE ART tipo serijos atbulin\u0117s eigos atrama yra specialiai sukurta naudoti juostiniuose konvejeriuose su traukimu auk\u0161tyn ir paprastai montuojama ant ma\u017eo grei\u010dio pavaros velen\u0173.  Jis apsaugo nuo nekontroliuojamo atbulin\u0117s eigos nutr\u016bkimo arba pavaros dalies pa\u017eeidimo atveju.  SIBRE atbulin\u0117s eigos stabd\u017eiai paprastai montuojami ant ma\u017eo grei\u010dio pavaros velen\u0173, tod\u0117l bus i\u0161vengta \u012frenginio apsisukimo, jei sugadinta pavar\u0173 d\u0117\u017e\u0117.  Sukimo momentas iki 1800 kNm gali b\u016bti i\u0161laikomas su maksimaliu 7000 kg vieneto svoriu.\" \/>\n<meta property=\"og:url\" content=\"https:\/\/dev.myindustrial.eu\/lt\/shop\/pramonines-stabdziu-sistemos-ir-pavaru-sustabdymo-komponentai\/backstops\/\" \/>\n<meta property=\"og:site_name\" content=\"My industrial\" \/>\n<meta property=\"article:modified_time\" content=\"2023-06-16T20:48:13+00:00\" \/>\n<meta property=\"og:image\" content=\"https:\/\/dev.myindustrial.eu\/wp-content\/uploads\/2022\/04\/backstops.webp\" \/>\n\t<meta property=\"og:image:width\" content=\"470\" \/>\n\t<meta property=\"og:image:height\" content=\"350\" \/>\n\t<meta property=\"og:image:type\" content=\"image\/webp\" \/>\n<meta name=\"twitter:card\" content=\"summary_large_image\" \/>\n<script type=\"application\/ld+json\" class=\"yoast-schema-graph\">{\"@context\":\"https:\/\/schema.org\",\"@graph\":[{\"@type\":\"WebPage\",\"@id\":\"https:\/\/dev.myindustrial.eu\/lt\/shop\/pramonines-stabdziu-sistemos-ir-pavaru-sustabdymo-komponentai\/backstops\/\",\"url\":\"https:\/\/dev.myindustrial.eu\/lt\/shop\/pramonines-stabdziu-sistemos-ir-pavaru-sustabdymo-komponentai\/backstops\/\",\"name\":\"Atbulin\u0117s eigos u\u017eraktas - My industrial\",\"isPartOf\":{\"@id\":\"https:\/\/dev.myindustrial.eu\/lt\/#website\"},\"primaryImageOfPage\":{\"@id\":\"https:\/\/dev.myindustrial.eu\/lt\/shop\/pramonines-stabdziu-sistemos-ir-pavaru-sustabdymo-komponentai\/backstops\/#primaryimage\"},\"image\":{\"@id\":\"https:\/\/dev.myindustrial.eu\/lt\/shop\/pramonines-stabdziu-sistemos-ir-pavaru-sustabdymo-komponentai\/backstops\/#primaryimage\"},\"thumbnailUrl\":\"https:\/\/dev.myindustrial.eu\/wp-content\/uploads\/2022\/05\/backstops-recktangle.webp\",\"datePublished\":\"2022-05-16T21:31:57+00:00\",\"dateModified\":\"2023-06-16T20:48:13+00:00\",\"breadcrumb\":{\"@id\":\"https:\/\/dev.myindustrial.eu\/lt\/shop\/pramonines-stabdziu-sistemos-ir-pavaru-sustabdymo-komponentai\/backstops\/#breadcrumb\"},\"inLanguage\":\"lt-LT\",\"potentialAction\":[{\"@type\":\"ReadAction\",\"target\":[\"https:\/\/dev.myindustrial.eu\/lt\/shop\/pramonines-stabdziu-sistemos-ir-pavaru-sustabdymo-komponentai\/backstops\/\"]}]},{\"@type\":\"ImageObject\",\"inLanguage\":\"lt-LT\",\"@id\":\"https:\/\/dev.myindustrial.eu\/lt\/shop\/pramonines-stabdziu-sistemos-ir-pavaru-sustabdymo-komponentai\/backstops\/#primaryimage\",\"url\":\"https:\/\/dev.myindustrial.eu\/wp-content\/uploads\/2022\/05\/backstops-recktangle.webp\",\"contentUrl\":\"https:\/\/dev.myindustrial.eu\/wp-content\/uploads\/2022\/05\/backstops-recktangle.webp\",\"width\":500,\"height\":500},{\"@type\":\"BreadcrumbList\",\"@id\":\"https:\/\/dev.myindustrial.eu\/lt\/shop\/pramonines-stabdziu-sistemos-ir-pavaru-sustabdymo-komponentai\/backstops\/#breadcrumb\",\"itemListElement\":[{\"@type\":\"ListItem\",\"position\":1,\"name\":\"Home\",\"item\":\"https:\/\/dev.myindustrial.eu\/lt\/\"},{\"@type\":\"ListItem\",\"position\":2,\"name\":\"Products\",\"item\":\"https:\/\/dev.myindustrial.eu\/lt\/products\/\"},{\"@type\":\"ListItem\",\"position\":3,\"name\":\"Atbulin\u0117s eigos u\u017eraktas\"}]},{\"@type\":\"WebSite\",\"@id\":\"https:\/\/dev.myindustrial.eu\/lt\/#website\",\"url\":\"https:\/\/dev.myindustrial.eu\/lt\/\",\"name\":\"My industrial\",\"description\":\"\",\"potentialAction\":[{\"@type\":\"SearchAction\",\"target\":{\"@type\":\"EntryPoint\",\"urlTemplate\":\"https:\/\/dev.myindustrial.eu\/lt\/?s={search_term_string}\"},\"query-input\":{\"@type\":\"PropertyValueSpecification\",\"valueRequired\":true,\"valueName\":\"search_term_string\"}}],\"inLanguage\":\"lt-LT\"}]}<\/script>\n<!-- \/ Yoast SEO plugin. -->","yoast_head_json":{"title":"Atbulin\u0117s eigos u\u017eraktas - My industrial","robots":{"index":"noindex","follow":"follow","max-snippet":"max-snippet:-1","max-image-preview":"max-image-preview:large","max-video-preview":"max-video-preview:-1"},"og_locale":"lt_LT","og_type":"article","og_title":"Atbulin\u0117s eigos u\u017eraktas - My industrial","og_description":"TAIKYMAS  SIBRE ART tipo serijos atbulin\u0117s eigos atrama yra specialiai sukurta naudoti juostiniuose konvejeriuose su traukimu auk\u0161tyn ir paprastai montuojama ant ma\u017eo grei\u010dio pavaros velen\u0173.  Jis apsaugo nuo nekontroliuojamo atbulin\u0117s eigos nutr\u016bkimo arba pavaros dalies pa\u017eeidimo atveju.  SIBRE atbulin\u0117s eigos stabd\u017eiai paprastai montuojami ant ma\u017eo grei\u010dio pavaros velen\u0173, tod\u0117l bus i\u0161vengta \u012frenginio apsisukimo, jei sugadinta pavar\u0173 d\u0117\u017e\u0117.  Sukimo momentas iki 1800 kNm gali b\u016bti i\u0161laikomas su maksimaliu 7000 kg vieneto svoriu.","og_url":"https:\/\/dev.myindustrial.eu\/lt\/shop\/pramonines-stabdziu-sistemos-ir-pavaru-sustabdymo-komponentai\/backstops\/","og_site_name":"My industrial","article_modified_time":"2023-06-16T20:48:13+00:00","og_image":[{"width":470,"height":350,"url":"https:\/\/dev.myindustrial.eu\/wp-content\/uploads\/2022\/04\/backstops.webp","type":"image\/webp"}],"twitter_card":"summary_large_image","schema":{"@context":"https:\/\/schema.org","@graph":[{"@type":"WebPage","@id":"https:\/\/dev.myindustrial.eu\/lt\/shop\/pramonines-stabdziu-sistemos-ir-pavaru-sustabdymo-komponentai\/backstops\/","url":"https:\/\/dev.myindustrial.eu\/lt\/shop\/pramonines-stabdziu-sistemos-ir-pavaru-sustabdymo-komponentai\/backstops\/","name":"Atbulin\u0117s eigos u\u017eraktas - My industrial","isPartOf":{"@id":"https:\/\/dev.myindustrial.eu\/lt\/#website"},"primaryImageOfPage":{"@id":"https:\/\/dev.myindustrial.eu\/lt\/shop\/pramonines-stabdziu-sistemos-ir-pavaru-sustabdymo-komponentai\/backstops\/#primaryimage"},"image":{"@id":"https:\/\/dev.myindustrial.eu\/lt\/shop\/pramonines-stabdziu-sistemos-ir-pavaru-sustabdymo-komponentai\/backstops\/#primaryimage"},"thumbnailUrl":"https:\/\/dev.myindustrial.eu\/wp-content\/uploads\/2022\/05\/backstops-recktangle.webp","datePublished":"2022-05-16T21:31:57+00:00","dateModified":"2023-06-16T20:48:13+00:00","breadcrumb":{"@id":"https:\/\/dev.myindustrial.eu\/lt\/shop\/pramonines-stabdziu-sistemos-ir-pavaru-sustabdymo-komponentai\/backstops\/#breadcrumb"},"inLanguage":"lt-LT","potentialAction":[{"@type":"ReadAction","target":["https:\/\/dev.myindustrial.eu\/lt\/shop\/pramonines-stabdziu-sistemos-ir-pavaru-sustabdymo-komponentai\/backstops\/"]}]},{"@type":"ImageObject","inLanguage":"lt-LT","@id":"https:\/\/dev.myindustrial.eu\/lt\/shop\/pramonines-stabdziu-sistemos-ir-pavaru-sustabdymo-komponentai\/backstops\/#primaryimage","url":"https:\/\/dev.myindustrial.eu\/wp-content\/uploads\/2022\/05\/backstops-recktangle.webp","contentUrl":"https:\/\/dev.myindustrial.eu\/wp-content\/uploads\/2022\/05\/backstops-recktangle.webp","width":500,"height":500},{"@type":"BreadcrumbList","@id":"https:\/\/dev.myindustrial.eu\/lt\/shop\/pramonines-stabdziu-sistemos-ir-pavaru-sustabdymo-komponentai\/backstops\/#breadcrumb","itemListElement":[{"@type":"ListItem","position":1,"name":"Home","item":"https:\/\/dev.myindustrial.eu\/lt\/"},{"@type":"ListItem","position":2,"name":"Products","item":"https:\/\/dev.myindustrial.eu\/lt\/products\/"},{"@type":"ListItem","position":3,"name":"Atbulin\u0117s eigos u\u017eraktas"}]},{"@type":"WebSite","@id":"https:\/\/dev.myindustrial.eu\/lt\/#website","url":"https:\/\/dev.myindustrial.eu\/lt\/","name":"My industrial","description":"","potentialAction":[{"@type":"SearchAction","target":{"@type":"EntryPoint","urlTemplate":"https:\/\/dev.myindustrial.eu\/lt\/?s={search_term_string}"},"query-input":{"@type":"PropertyValueSpecification","valueRequired":true,"valueName":"search_term_string"}}],"inLanguage":"lt-LT"}]}},"_links":{"self":[{"href":"https:\/\/dev.myindustrial.eu\/lt\/wp-json\/wp\/v2\/product\/1260060824","targetHints":{"allow":["GET"]}}],"collection":[{"href":"https:\/\/dev.myindustrial.eu\/lt\/wp-json\/wp\/v2\/product"}],"about":[{"href":"https:\/\/dev.myindustrial.eu\/lt\/wp-json\/wp\/v2\/types\/product"}],"version-history":[{"count":0,"href":"https:\/\/dev.myindustrial.eu\/lt\/wp-json\/wp\/v2\/product\/1260060824\/revisions"}],"wp:featuredmedia":[{"embeddable":true,"href":"https:\/\/dev.myindustrial.eu\/lt\/wp-json\/wp\/v2\/media\/1260063817"}],"wp:attachment":[{"href":"https:\/\/dev.myindustrial.eu\/lt\/wp-json\/wp\/v2\/media?parent=1260060824"}],"wp:term":[{"taxonomy":"product_brand","embeddable":true,"href":"https:\/\/dev.myindustrial.eu\/lt\/wp-json\/wp\/v2\/product_brand?post=1260060824"},{"taxonomy":"product_cat","embeddable":true,"href":"https:\/\/dev.myindustrial.eu\/lt\/wp-json\/wp\/v2\/product_cat?post=1260060824"},{"taxonomy":"product_tag","embeddable":true,"href":"https:\/\/dev.myindustrial.eu\/lt\/wp-json\/wp\/v2\/product_tag?post=1260060824"}],"curies":[{"name":"wp","href":"https:\/\/api.w.org\/{rel}","templated":true}]}}