{"id":1260060855,"date":"2022-05-16T21:57:42","date_gmt":"2022-05-16T21:57:42","guid":{"rendered":"https:\/\/dev.myindustrial.eu\/shop\/be-kategorijos\/crane-wheels\/"},"modified":"2024-12-27T23:37:38","modified_gmt":"2024-12-27T23:37:38","slug":"crane-wheels","status":"publish","type":"product","link":"https:\/\/dev.myindustrial.eu\/lt\/shop\/pramonines-stabdziu-sistemos-ir-pavaru-sustabdymo-komponentai\/krano-ratai\/crane-wheels\/","title":{"rendered":"Krano ratai"},"content":{"rendered":"<p><span style=\"font-weight: 400;\">Pramoninis ratas yra daugelio met\u0173 tyrim\u0173, taikymo ir tobulinimo rezultatas: specifin\u0117s \u017einios, leidusios sukurti ideal\u0173 komponent\u0105 pagrindiniams sektoriaus poreikiams, siekiant u\u017etikrinti maksimali\u0105 tiltini\u0173 kran\u0173, uost\u0173 kran\u0173, ve\u017eim\u0117li\u0173, speciali\u0173 ma\u0161in\u0173 ir gele\u017einkelio transporto priemoni\u0173 efektyvum\u0105.<\/span><\/p>\n<p><span style=\"font-weight: 400;\">Kiekvieno gamybos, kontrol\u0117s, kokyb\u0117s u\u017etikrinimo ir surinkimo etapo valdymas kartu su grie\u017etu sertifikuoto Europos plieno pasirinkimu ir specialiu gr\u016bdinimu leid\u017eia mums u\u017etikrinti auk\u0161tus \u017ealiav\u0173 ir vis\u0173 proces\u0173 standartus, \u012fvairius individualius pritaikymus ir specialiai sukurtus sprendimus.<\/span><\/p>\n<p><span style=\"font-weight: 400;\">Tiksl\u016bs bandymai ir sertifikavimo proced\u016bros u\u017etikrina ilgalaik\u012f na\u0161um\u0105 ir didel\u012f patikimum\u0105 24 valandas per par\u0105, 365 dienas per metus: tai rei\u0161kia laiko taupym\u0105 prie\u017ei\u016brai ir suma\u017eint\u0105 \u012frangos prastov\u0105.<\/span><span style=\"font-weight: 400;\"><br \/>\n<\/span><span style=\"font-weight: 400;\">Taip pat teikiame konsultavimo paslaugas, nes MAA intelengineering SIA gali pasi\u016blyti ideal\u0173 sprendim\u0105 bet kokiems poreikiams.<\/span><\/p>\n<p><b>Gamybos procesas<\/b><\/p>\n<ul>\n<li style=\"font-weight: 400;\" aria-level=\"1\"><span style=\"font-weight: 400;\">\u017daliav\u0173 pirkimas<\/span><\/li>\n<li style=\"font-weight: 400;\" aria-level=\"1\"><span style=\"font-weight: 400;\">Pirminis apdirbimas<\/span><\/li>\n<li style=\"font-weight: 400;\" aria-level=\"1\"><span style=\"font-weight: 400;\">Termin\u0117 apdorojimas<\/span><\/li>\n<li style=\"font-weight: 400;\" aria-level=\"1\"><span style=\"font-weight: 400;\">Galutinis \u0161lifavimas<\/span><\/li>\n<li style=\"font-weight: 400;\" aria-level=\"1\"><span style=\"font-weight: 400;\">Kokyb\u0117s patikrinimas<\/span><\/li>\n<\/ul>\n<p><b>Savyb\u0117s<\/b><span style=\"font-weight: 400;\"><br \/>\n<\/span><span style=\"font-weight: 400;\">Nuolatiniai med\u017eiag\u0173 ir technologij\u0173 tyrimai u\u017etikrina ilgalaik\u012f gr\u016bdinim\u0105.<\/span><\/p>\n<ul>\n<li style=\"font-weight: 400;\" aria-level=\"1\"><span style=\"font-weight: 400;\">Bendradarbiaudami su tyrim\u0173 centru, m\u016bs\u0173 ratai yra vieninteliai, kurie yra sertifikuoti naudojant speciali\u0105 gr\u016bdinimo analiz\u0119.<\/span><\/li>\n<li style=\"font-weight: 400;\" aria-level=\"1\"><span style=\"font-weight: 400;\">Ratai atitinka standartus, kurie u\u017etikrina auk\u0161t\u0105 na\u0161um\u0105 ilgainiui. Gr\u016bdinim\u0105 galima dar labiau pritaikyti pagal kliento poreikius.<\/span><\/li>\n<li style=\"font-weight: 400;\" aria-level=\"1\"><span style=\"font-weight: 400;\">Visi ratai pateikiami su sertifikuotu gamyklos bandym\u0173 protokolu, metalo gr\u016bdinimo sertifikatu (net kiekvienam atskiram ratui) ir matmen\u0173 rezultat\u0173 ataskaita.<\/span><\/li>\n<\/ul>\n<p><b>Technin\u0117s naudos<\/b><span style=\"font-weight: 400;\"><br \/>\n<\/span><b>GR\u016aDINIMAS<\/b><span style=\"font-weight: 400;\"><br \/>\n<\/span><span style=\"font-weight: 400;\">Kiekvieno atskiro rato metalas ir gr\u016bdinimas gali b\u016bti sertifikuoti, naudojant neardom\u0105j\u012f bandymo metod\u0105, leid\u017eiant\u012f matuoti cementavimo gyl\u012f nepjaustant rato.<\/span><\/p>\n<p>&nbsp;<\/p>\n","protected":false},"excerpt":{"rendered":"<p><span style=\"font-weight: 400;\">Pramoniniai krano ratai sukurti taip, kad u\u017etikrint\u0173 maksimali\u0105 tiltini\u0173 kran\u0173, uost\u0173 kran\u0173, ve\u017eim\u0117li\u0173 ir speciali\u0173 ma\u0161in\u0173 veikimo kokyb\u0119.<\/span><span style=\"font-weight: 400;\"><br \/>\n<\/span><span style=\"font-weight: 400;\">Pagaminti i\u0161 sertifikuoto Europos plieno ir naudojant pa\u017eangiausias technologijas, m\u016bs\u0173 pramoniniai ratai atitinka auk\u0161tus kokyb\u0117s standartus ir yra paremti MAA intelengineering SIA sukauptomis specialiomis \u017einiomis.<\/span><\/p>\n","protected":false},"featured_media":1260064926,"template":"","meta":[],"product_brand":[],"product_cat":[1386,1487],"product_tag":[],"class_list":{"0":"post-1260060855","1":"product","2":"type-product","3":"status-publish","4":"has-post-thumbnail","6":"product_cat-pramonines-stabdziu-sistemos-ir-pavaru-sustabdymo-komponentai","7":"product_cat-krano-ratai","9":"first","10":"instock","11":"shipping-taxable","12":"product-type-simple"},"yoast_head":"<!-- This site is optimized with the Yoast SEO plugin v27.1.1 - https:\/\/yoast.com\/product\/yoast-seo-wordpress\/ -->\n<title>Krano ratai - My industrial<\/title>\n<meta name=\"robots\" content=\"noindex, follow, max-snippet:-1, max-image-preview:large, max-video-preview:-1\" \/>\n<meta property=\"og:locale\" content=\"lt_LT\" \/>\n<meta property=\"og:type\" content=\"article\" \/>\n<meta property=\"og:title\" content=\"Krano ratai - My industrial\" \/>\n<meta property=\"og:description\" content=\"Pramoniniai krano ratai sukurti taip, kad u\u017etikrint\u0173 maksimali\u0105 tiltini\u0173 kran\u0173, uost\u0173 kran\u0173, ve\u017eim\u0117li\u0173 ir speciali\u0173 ma\u0161in\u0173 veikimo kokyb\u0119. Pagaminti i\u0161 sertifikuoto Europos plieno ir naudojant pa\u017eangiausias technologijas, m\u016bs\u0173 pramoniniai ratai atitinka auk\u0161tus kokyb\u0117s standartus ir yra paremti MAA intelengineering SIA sukauptomis specialiomis \u017einiomis.\" \/>\n<meta property=\"og:url\" content=\"https:\/\/dev.myindustrial.eu\/lt\/shop\/pramonines-stabdziu-sistemos-ir-pavaru-sustabdymo-komponentai\/krano-ratai\/crane-wheels\/\" \/>\n<meta property=\"og:site_name\" content=\"My industrial\" \/>\n<meta property=\"article:modified_time\" content=\"2024-12-27T23:37:38+00:00\" \/>\n<meta property=\"og:image\" content=\"https:\/\/dev.myindustrial.eu\/wp-content\/uploads\/2022\/05\/yellow-crane-wheels-3.webp\" \/>\n\t<meta property=\"og:image:width\" content=\"800\" \/>\n\t<meta property=\"og:image:height\" content=\"800\" \/>\n\t<meta property=\"og:image:type\" content=\"image\/webp\" \/>\n<meta name=\"twitter:card\" content=\"summary_large_image\" \/>\n<script type=\"application\/ld+json\" class=\"yoast-schema-graph\">{\"@context\":\"https:\/\/schema.org\",\"@graph\":[{\"@type\":\"WebPage\",\"@id\":\"https:\/\/dev.myindustrial.eu\/lt\/shop\/pramonines-stabdziu-sistemos-ir-pavaru-sustabdymo-komponentai\/krano-ratai\/crane-wheels\/\",\"url\":\"https:\/\/dev.myindustrial.eu\/lt\/shop\/pramonines-stabdziu-sistemos-ir-pavaru-sustabdymo-komponentai\/krano-ratai\/crane-wheels\/\",\"name\":\"Krano ratai - My industrial\",\"isPartOf\":{\"@id\":\"https:\/\/dev.myindustrial.eu\/lt\/#website\"},\"primaryImageOfPage\":{\"@id\":\"https:\/\/dev.myindustrial.eu\/lt\/shop\/pramonines-stabdziu-sistemos-ir-pavaru-sustabdymo-komponentai\/krano-ratai\/crane-wheels\/#primaryimage\"},\"image\":{\"@id\":\"https:\/\/dev.myindustrial.eu\/lt\/shop\/pramonines-stabdziu-sistemos-ir-pavaru-sustabdymo-komponentai\/krano-ratai\/crane-wheels\/#primaryimage\"},\"thumbnailUrl\":\"https:\/\/dev.myindustrial.eu\/wp-content\/uploads\/2022\/05\/yellow-crane-wheels-3.webp\",\"datePublished\":\"2022-05-16T21:57:42+00:00\",\"dateModified\":\"2024-12-27T23:37:38+00:00\",\"breadcrumb\":{\"@id\":\"https:\/\/dev.myindustrial.eu\/lt\/shop\/pramonines-stabdziu-sistemos-ir-pavaru-sustabdymo-komponentai\/krano-ratai\/crane-wheels\/#breadcrumb\"},\"inLanguage\":\"lt-LT\",\"potentialAction\":[{\"@type\":\"ReadAction\",\"target\":[\"https:\/\/dev.myindustrial.eu\/lt\/shop\/pramonines-stabdziu-sistemos-ir-pavaru-sustabdymo-komponentai\/krano-ratai\/crane-wheels\/\"]}]},{\"@type\":\"ImageObject\",\"inLanguage\":\"lt-LT\",\"@id\":\"https:\/\/dev.myindustrial.eu\/lt\/shop\/pramonines-stabdziu-sistemos-ir-pavaru-sustabdymo-komponentai\/krano-ratai\/crane-wheels\/#primaryimage\",\"url\":\"https:\/\/dev.myindustrial.eu\/wp-content\/uploads\/2022\/05\/yellow-crane-wheels-3.webp\",\"contentUrl\":\"https:\/\/dev.myindustrial.eu\/wp-content\/uploads\/2022\/05\/yellow-crane-wheels-3.webp\",\"width\":800,\"height\":800},{\"@type\":\"BreadcrumbList\",\"@id\":\"https:\/\/dev.myindustrial.eu\/lt\/shop\/pramonines-stabdziu-sistemos-ir-pavaru-sustabdymo-komponentai\/krano-ratai\/crane-wheels\/#breadcrumb\",\"itemListElement\":[{\"@type\":\"ListItem\",\"position\":1,\"name\":\"Home\",\"item\":\"https:\/\/dev.myindustrial.eu\/lt\/\"},{\"@type\":\"ListItem\",\"position\":2,\"name\":\"Products\",\"item\":\"https:\/\/dev.myindustrial.eu\/lt\/products\/\"},{\"@type\":\"ListItem\",\"position\":3,\"name\":\"Krano ratai\"}]},{\"@type\":\"WebSite\",\"@id\":\"https:\/\/dev.myindustrial.eu\/lt\/#website\",\"url\":\"https:\/\/dev.myindustrial.eu\/lt\/\",\"name\":\"My industrial\",\"description\":\"\",\"potentialAction\":[{\"@type\":\"SearchAction\",\"target\":{\"@type\":\"EntryPoint\",\"urlTemplate\":\"https:\/\/dev.myindustrial.eu\/lt\/?s={search_term_string}\"},\"query-input\":{\"@type\":\"PropertyValueSpecification\",\"valueRequired\":true,\"valueName\":\"search_term_string\"}}],\"inLanguage\":\"lt-LT\"}]}<\/script>\n<!-- \/ Yoast SEO plugin. -->","yoast_head_json":{"title":"Krano ratai - My industrial","robots":{"index":"noindex","follow":"follow","max-snippet":"max-snippet:-1","max-image-preview":"max-image-preview:large","max-video-preview":"max-video-preview:-1"},"og_locale":"lt_LT","og_type":"article","og_title":"Krano ratai - My industrial","og_description":"Pramoniniai krano ratai sukurti taip, kad u\u017etikrint\u0173 maksimali\u0105 tiltini\u0173 kran\u0173, uost\u0173 kran\u0173, ve\u017eim\u0117li\u0173 ir speciali\u0173 ma\u0161in\u0173 veikimo kokyb\u0119. Pagaminti i\u0161 sertifikuoto Europos plieno ir naudojant pa\u017eangiausias technologijas, m\u016bs\u0173 pramoniniai ratai atitinka auk\u0161tus kokyb\u0117s standartus ir yra paremti MAA intelengineering SIA sukauptomis specialiomis \u017einiomis.","og_url":"https:\/\/dev.myindustrial.eu\/lt\/shop\/pramonines-stabdziu-sistemos-ir-pavaru-sustabdymo-komponentai\/krano-ratai\/crane-wheels\/","og_site_name":"My industrial","article_modified_time":"2024-12-27T23:37:38+00:00","og_image":[{"width":800,"height":800,"url":"https:\/\/dev.myindustrial.eu\/wp-content\/uploads\/2022\/05\/yellow-crane-wheels-3.webp","type":"image\/webp"}],"twitter_card":"summary_large_image","schema":{"@context":"https:\/\/schema.org","@graph":[{"@type":"WebPage","@id":"https:\/\/dev.myindustrial.eu\/lt\/shop\/pramonines-stabdziu-sistemos-ir-pavaru-sustabdymo-komponentai\/krano-ratai\/crane-wheels\/","url":"https:\/\/dev.myindustrial.eu\/lt\/shop\/pramonines-stabdziu-sistemos-ir-pavaru-sustabdymo-komponentai\/krano-ratai\/crane-wheels\/","name":"Krano ratai - My industrial","isPartOf":{"@id":"https:\/\/dev.myindustrial.eu\/lt\/#website"},"primaryImageOfPage":{"@id":"https:\/\/dev.myindustrial.eu\/lt\/shop\/pramonines-stabdziu-sistemos-ir-pavaru-sustabdymo-komponentai\/krano-ratai\/crane-wheels\/#primaryimage"},"image":{"@id":"https:\/\/dev.myindustrial.eu\/lt\/shop\/pramonines-stabdziu-sistemos-ir-pavaru-sustabdymo-komponentai\/krano-ratai\/crane-wheels\/#primaryimage"},"thumbnailUrl":"https:\/\/dev.myindustrial.eu\/wp-content\/uploads\/2022\/05\/yellow-crane-wheels-3.webp","datePublished":"2022-05-16T21:57:42+00:00","dateModified":"2024-12-27T23:37:38+00:00","breadcrumb":{"@id":"https:\/\/dev.myindustrial.eu\/lt\/shop\/pramonines-stabdziu-sistemos-ir-pavaru-sustabdymo-komponentai\/krano-ratai\/crane-wheels\/#breadcrumb"},"inLanguage":"lt-LT","potentialAction":[{"@type":"ReadAction","target":["https:\/\/dev.myindustrial.eu\/lt\/shop\/pramonines-stabdziu-sistemos-ir-pavaru-sustabdymo-komponentai\/krano-ratai\/crane-wheels\/"]}]},{"@type":"ImageObject","inLanguage":"lt-LT","@id":"https:\/\/dev.myindustrial.eu\/lt\/shop\/pramonines-stabdziu-sistemos-ir-pavaru-sustabdymo-komponentai\/krano-ratai\/crane-wheels\/#primaryimage","url":"https:\/\/dev.myindustrial.eu\/wp-content\/uploads\/2022\/05\/yellow-crane-wheels-3.webp","contentUrl":"https:\/\/dev.myindustrial.eu\/wp-content\/uploads\/2022\/05\/yellow-crane-wheels-3.webp","width":800,"height":800},{"@type":"BreadcrumbList","@id":"https:\/\/dev.myindustrial.eu\/lt\/shop\/pramonines-stabdziu-sistemos-ir-pavaru-sustabdymo-komponentai\/krano-ratai\/crane-wheels\/#breadcrumb","itemListElement":[{"@type":"ListItem","position":1,"name":"Home","item":"https:\/\/dev.myindustrial.eu\/lt\/"},{"@type":"ListItem","position":2,"name":"Products","item":"https:\/\/dev.myindustrial.eu\/lt\/products\/"},{"@type":"ListItem","position":3,"name":"Krano ratai"}]},{"@type":"WebSite","@id":"https:\/\/dev.myindustrial.eu\/lt\/#website","url":"https:\/\/dev.myindustrial.eu\/lt\/","name":"My industrial","description":"","potentialAction":[{"@type":"SearchAction","target":{"@type":"EntryPoint","urlTemplate":"https:\/\/dev.myindustrial.eu\/lt\/?s={search_term_string}"},"query-input":{"@type":"PropertyValueSpecification","valueRequired":true,"valueName":"search_term_string"}}],"inLanguage":"lt-LT"}]}},"_links":{"self":[{"href":"https:\/\/dev.myindustrial.eu\/lt\/wp-json\/wp\/v2\/product\/1260060855","targetHints":{"allow":["GET"]}}],"collection":[{"href":"https:\/\/dev.myindustrial.eu\/lt\/wp-json\/wp\/v2\/product"}],"about":[{"href":"https:\/\/dev.myindustrial.eu\/lt\/wp-json\/wp\/v2\/types\/product"}],"version-history":[{"count":0,"href":"https:\/\/dev.myindustrial.eu\/lt\/wp-json\/wp\/v2\/product\/1260060855\/revisions"}],"wp:featuredmedia":[{"embeddable":true,"href":"https:\/\/dev.myindustrial.eu\/lt\/wp-json\/wp\/v2\/media\/1260064926"}],"wp:attachment":[{"href":"https:\/\/dev.myindustrial.eu\/lt\/wp-json\/wp\/v2\/media?parent=1260060855"}],"wp:term":[{"taxonomy":"product_brand","embeddable":true,"href":"https:\/\/dev.myindustrial.eu\/lt\/wp-json\/wp\/v2\/product_brand?post=1260060855"},{"taxonomy":"product_cat","embeddable":true,"href":"https:\/\/dev.myindustrial.eu\/lt\/wp-json\/wp\/v2\/product_cat?post=1260060855"},{"taxonomy":"product_tag","embeddable":true,"href":"https:\/\/dev.myindustrial.eu\/lt\/wp-json\/wp\/v2\/product_tag?post=1260060855"}],"curies":[{"name":"wp","href":"https:\/\/api.w.org\/{rel}","templated":true}]}}