{"id":1260061018,"date":"2022-05-25T17:43:40","date_gmt":"2022-05-25T17:43:40","guid":{"rendered":"https:\/\/dev.myindustrial.eu\/shop\/be-kategorijos\/emg-eldro-new-generation\/"},"modified":"2023-07-16T19:55:20","modified_gmt":"2023-07-16T19:55:20","slug":"emg-eldro-new-generation","status":"publish","type":"product","link":"https:\/\/dev.myindustrial.eu\/lt\/shop\/elektrohidrauliniai-pavaru-sprendimai\/elektrohidrauliniai-varikliai\/emg-eldro-new-generation\/","title":{"rendered":"EMG ELDRO\u00ae \u2013 nauja karta"},"content":{"rendered":"<p><iframe width=\"560\" height=\"315\" src=\"https:\/\/www.youtube.com\/embed\/He3bOT_491g\" frameborder=\"0\" allow=\"accelerometer; autoplay; clipboard-write; encrypted-media; gyroscope; picture-in-picture; web-share\" allowfullscreen><\/iframe><\/p>\n","protected":false},"excerpt":{"rendered":"<p>EMG ELDRO\u00ae \u2013 Geriausia i\u0161 abiej\u0173 pasauli\u0173 \u2013 nauja karta<br \/>\nEMG ELDRO\u00ae \u2013 Elektrohidraulinis variklis<\/p>\n<p>Kiekvien\u0105 dien\u0105 m\u016bs\u0173 klientai mums patiki savo \u012frangos ir krovini\u0173 saugum\u0105, ta\u010diau dar svarbiau, kad jie mums patiki \u017emoni\u0173, dirban\u010di\u0173 su kran\u0173 sistemomis ir pakabinamais kroviniais, saugum\u0105.<br \/>\nM\u016bs\u0173 EMG gamini\u0173 asortimentas tenkina visus \u012fmanomus klient\u0173 poreikius, nepriklausomai nuo pramon\u0117s \u0161akos, aplinkos s\u0105lyg\u0173, \u012frenginio dyd\u017eio ir vietos, j\u0117gos ar grei\u010dio reikalavim\u0173. U\u017etikriname visi\u0161k\u0105 \u012fvairov\u0119, kokyb\u0119, ilgaam\u017ei\u0161kum\u0105 ir patikimum\u0105.<br \/>\nRemdamiesi srauto skaitmeniniais skai\u010diavimais ir modeliavimu \u2013 dabar jau turime praktini\u0173 \u017eini\u0173 \u2013 i\u0161tobulinome patikrint\u0105 EMG varom\u0173j\u0173 varikli\u0173 technologij\u0105 ir suk\u016br\u0117me nauj\u0105 j\u0173 kart\u0105:<br \/>\nEMG ELDRO\u00ae \u2013 Elektrohidraulinis variklis.<\/p>\n<p>Naujos kartos EMG ELDRO\u00ae sujungia geriausius ankstesni\u0173 ELDRO\u00ae ir ELHY\u00ae serij\u0173 gaminius ir apima vis\u0105 per de\u0161imtme\u010dius sukaupt\u0105 \u012fvairi\u0173 sri\u010di\u0173 taikymo patirt\u012f. D\u0117l daugyb\u0117s nauj\u0173 technologij\u0173 ir CFD (\u201eComputational Fluid Dynamics\u201c) modeliavimo m\u016bs\u0173 naujieji varikliai gali b\u016bti naudojami dar efektyviau ir individualiau!<br \/>\nTuo pat metu i\u0161liekame i\u0161tikimi grynai mechaniniam funkciniam principui, kurio pagrindiniame veikime n\u0117ra joki\u0173 elektrini\u0173 vo\u017etuv\u0173 ar elektronini\u0173 komponent\u0173.<\/p>\n<p>Kaip visada, taip u\u017etikriname visi\u0161k\u0105 patikimum\u0105 ir maksimaliai paprast\u0105 prie\u017ei\u016br\u0105.<br \/>\n\u0160ios naujos kartos varikliai suteikia:<br \/>\n\u2013 daugiau saugumo ir patogumo;<br \/>\n\u2013 didesn\u012f na\u0161um\u0105 naudojant ma\u017eesnius dyd\u017eius;<br \/>\n\u2013 didesn\u012f efektyvum\u0105 ir trumpesn\u012f ciklo laik\u0105;<br \/>\n\u2013 naudojim\u0105 auk\u0161tesn\u0117se temperat\u016brose;<br \/>\n\u2013 vidin\u0117s pad\u0117ties rodmenis;<br \/>\n\u2013 lengvesn\u0119 prie\u017ei\u016br\u0105.<\/p>\n<p>I\u0161samesn\u0117 informacija bus pateikta artimiausiomis savait\u0117mis! B\u016bkite smals\u016bs!<br \/>\nORIGINALAS. B\u016aKITE SAUG\u016aS.<\/p>\n<p><a href=\"\/wp-content\/uploads\/2023\/07\/20230502_eldro_uebersicht_a-baureihe_en.pdf\" target=\"_blank\" rel=\"noopener\"><img decoding=\"async\" src=\"\/wp-content\/uploads\/2023\/02\/download-button-lt.svg\" \/><\/a><\/p>\n","protected":false},"featured_media":1260061023,"template":"","meta":[],"product_brand":[],"product_cat":[1305,1313],"product_tag":[],"class_list":{"0":"post-1260061018","1":"product","2":"type-product","3":"status-publish","4":"has-post-thumbnail","6":"product_cat-elektrohidrauliniai-pavaru-sprendimai","7":"product_cat-elektrohidrauliniai-varikliai","9":"first","10":"instock","11":"shipping-taxable","12":"product-type-simple"},"yoast_head":"<!-- This site is optimized with the Yoast SEO plugin v27.1.1 - https:\/\/yoast.com\/product\/yoast-seo-wordpress\/ -->\n<title>EMG ELDRO\u00ae \u2013 nauja karta - My industrial<\/title>\n<meta name=\"robots\" content=\"noindex, follow, max-snippet:-1, max-image-preview:large, max-video-preview:-1\" \/>\n<meta property=\"og:locale\" content=\"lt_LT\" \/>\n<meta property=\"og:type\" content=\"article\" \/>\n<meta property=\"og:title\" content=\"EMG ELDRO\u00ae \u2013 nauja karta - My industrial\" \/>\n<meta property=\"og:description\" content=\"EMG ELDRO\u00ae \u2013 Geriausia i\u0161 abiej\u0173 pasauli\u0173 \u2013 nauja karta EMG ELDRO\u00ae \u2013 Elektrohidraulinis variklis  Kiekvien\u0105 dien\u0105 m\u016bs\u0173 klientai mums patiki savo \u012frangos ir krovini\u0173 saugum\u0105, ta\u010diau dar svarbiau, kad jie mums patiki \u017emoni\u0173, dirban\u010di\u0173 su kran\u0173 sistemomis ir pakabinamais kroviniais, saugum\u0105. M\u016bs\u0173 EMG gamini\u0173 asortimentas tenkina visus \u012fmanomus klient\u0173 poreikius, nepriklausomai nuo pramon\u0117s \u0161akos, aplinkos s\u0105lyg\u0173, \u012frenginio dyd\u017eio ir vietos, j\u0117gos ar grei\u010dio reikalavim\u0173. U\u017etikriname visi\u0161k\u0105 \u012fvairov\u0119, kokyb\u0119, ilgaam\u017ei\u0161kum\u0105 ir patikimum\u0105. Remdamiesi srauto skaitmeniniais skai\u010diavimais ir modeliavimu \u2013 dabar jau turime praktini\u0173 \u017eini\u0173 \u2013 i\u0161tobulinome patikrint\u0105 EMG varom\u0173j\u0173 varikli\u0173 technologij\u0105 ir suk\u016br\u0117me nauj\u0105 j\u0173 kart\u0105: EMG ELDRO\u00ae \u2013 Elektrohidraulinis variklis.  Naujos kartos EMG ELDRO\u00ae sujungia geriausius ankstesni\u0173 ELDRO\u00ae ir ELHY\u00ae serij\u0173 gaminius ir apima vis\u0105 per de\u0161imtme\u010dius sukaupt\u0105 \u012fvairi\u0173 sri\u010di\u0173 taikymo patirt\u012f. D\u0117l daugyb\u0117s nauj\u0173 technologij\u0173 ir CFD (\u201eComputational Fluid Dynamics\u201c) modeliavimo m\u016bs\u0173 naujieji varikliai gali b\u016bti naudojami dar efektyviau ir individualiau! Tuo pat metu i\u0161liekame i\u0161tikimi grynai mechaniniam funkciniam principui, kurio pagrindiniame veikime n\u0117ra joki\u0173 elektrini\u0173 vo\u017etuv\u0173 ar elektronini\u0173 komponent\u0173.  Kaip visada, taip u\u017etikriname visi\u0161k\u0105 patikimum\u0105 ir maksimaliai paprast\u0105 prie\u017ei\u016br\u0105. \u0160ios naujos kartos varikliai suteikia: \u2013 daugiau saugumo ir patogumo; \u2013 didesn\u012f na\u0161um\u0105 naudojant ma\u017eesnius dyd\u017eius; \u2013 didesn\u012f efektyvum\u0105 ir trumpesn\u012f ciklo laik\u0105; \u2013 naudojim\u0105 auk\u0161tesn\u0117se temperat\u016brose; \u2013 vidin\u0117s pad\u0117ties rodmenis; \u2013 lengvesn\u0119 prie\u017ei\u016br\u0105.  I\u0161samesn\u0117 informacija bus pateikta artimiausiomis savait\u0117mis! B\u016bkite smals\u016bs! ORIGINALAS. B\u016aKITE SAUG\u016aS.\" \/>\n<meta property=\"og:url\" content=\"https:\/\/dev.myindustrial.eu\/lt\/shop\/elektrohidrauliniai-pavaru-sprendimai\/elektrohidrauliniai-varikliai\/emg-eldro-new-generation\/\" \/>\n<meta property=\"og:site_name\" content=\"My industrial\" \/>\n<meta property=\"article:modified_time\" content=\"2023-07-16T19:55:20+00:00\" \/>\n<meta property=\"og:image\" content=\"https:\/\/dev.myindustrial.eu\/wp-content\/uploads\/2022\/05\/new-generation.webp\" \/>\n\t<meta property=\"og:image:width\" content=\"568\" \/>\n\t<meta property=\"og:image:height\" content=\"576\" \/>\n\t<meta property=\"og:image:type\" content=\"image\/webp\" \/>\n<meta name=\"twitter:card\" content=\"summary_large_image\" \/>\n<script type=\"application\/ld+json\" class=\"yoast-schema-graph\">{\"@context\":\"https:\/\/schema.org\",\"@graph\":[{\"@type\":\"WebPage\",\"@id\":\"https:\/\/dev.myindustrial.eu\/lt\/shop\/elektrohidrauliniai-pavaru-sprendimai\/elektrohidrauliniai-varikliai\/emg-eldro-new-generation\/\",\"url\":\"https:\/\/dev.myindustrial.eu\/lt\/shop\/elektrohidrauliniai-pavaru-sprendimai\/elektrohidrauliniai-varikliai\/emg-eldro-new-generation\/\",\"name\":\"EMG ELDRO\u00ae \u2013 nauja karta - My industrial\",\"isPartOf\":{\"@id\":\"https:\/\/dev.myindustrial.eu\/lt\/#website\"},\"primaryImageOfPage\":{\"@id\":\"https:\/\/dev.myindustrial.eu\/lt\/shop\/elektrohidrauliniai-pavaru-sprendimai\/elektrohidrauliniai-varikliai\/emg-eldro-new-generation\/#primaryimage\"},\"image\":{\"@id\":\"https:\/\/dev.myindustrial.eu\/lt\/shop\/elektrohidrauliniai-pavaru-sprendimai\/elektrohidrauliniai-varikliai\/emg-eldro-new-generation\/#primaryimage\"},\"thumbnailUrl\":\"https:\/\/dev.myindustrial.eu\/wp-content\/uploads\/2022\/05\/new-generation.webp\",\"datePublished\":\"2022-05-25T17:43:40+00:00\",\"dateModified\":\"2023-07-16T19:55:20+00:00\",\"breadcrumb\":{\"@id\":\"https:\/\/dev.myindustrial.eu\/lt\/shop\/elektrohidrauliniai-pavaru-sprendimai\/elektrohidrauliniai-varikliai\/emg-eldro-new-generation\/#breadcrumb\"},\"inLanguage\":\"lt-LT\",\"potentialAction\":[{\"@type\":\"ReadAction\",\"target\":[\"https:\/\/dev.myindustrial.eu\/lt\/shop\/elektrohidrauliniai-pavaru-sprendimai\/elektrohidrauliniai-varikliai\/emg-eldro-new-generation\/\"]}]},{\"@type\":\"ImageObject\",\"inLanguage\":\"lt-LT\",\"@id\":\"https:\/\/dev.myindustrial.eu\/lt\/shop\/elektrohidrauliniai-pavaru-sprendimai\/elektrohidrauliniai-varikliai\/emg-eldro-new-generation\/#primaryimage\",\"url\":\"https:\/\/dev.myindustrial.eu\/wp-content\/uploads\/2022\/05\/new-generation.webp\",\"contentUrl\":\"https:\/\/dev.myindustrial.eu\/wp-content\/uploads\/2022\/05\/new-generation.webp\",\"width\":568,\"height\":576},{\"@type\":\"BreadcrumbList\",\"@id\":\"https:\/\/dev.myindustrial.eu\/lt\/shop\/elektrohidrauliniai-pavaru-sprendimai\/elektrohidrauliniai-varikliai\/emg-eldro-new-generation\/#breadcrumb\",\"itemListElement\":[{\"@type\":\"ListItem\",\"position\":1,\"name\":\"Home\",\"item\":\"https:\/\/dev.myindustrial.eu\/lt\/\"},{\"@type\":\"ListItem\",\"position\":2,\"name\":\"Products\",\"item\":\"https:\/\/dev.myindustrial.eu\/lt\/products\/\"},{\"@type\":\"ListItem\",\"position\":3,\"name\":\"EMG ELDRO\u00ae \u2013 nauja karta\"}]},{\"@type\":\"WebSite\",\"@id\":\"https:\/\/dev.myindustrial.eu\/lt\/#website\",\"url\":\"https:\/\/dev.myindustrial.eu\/lt\/\",\"name\":\"My industrial\",\"description\":\"\",\"potentialAction\":[{\"@type\":\"SearchAction\",\"target\":{\"@type\":\"EntryPoint\",\"urlTemplate\":\"https:\/\/dev.myindustrial.eu\/lt\/?s={search_term_string}\"},\"query-input\":{\"@type\":\"PropertyValueSpecification\",\"valueRequired\":true,\"valueName\":\"search_term_string\"}}],\"inLanguage\":\"lt-LT\"}]}<\/script>\n<!-- \/ Yoast SEO plugin. -->","yoast_head_json":{"title":"EMG ELDRO\u00ae \u2013 nauja karta - My industrial","robots":{"index":"noindex","follow":"follow","max-snippet":"max-snippet:-1","max-image-preview":"max-image-preview:large","max-video-preview":"max-video-preview:-1"},"og_locale":"lt_LT","og_type":"article","og_title":"EMG ELDRO\u00ae \u2013 nauja karta - My industrial","og_description":"EMG ELDRO\u00ae \u2013 Geriausia i\u0161 abiej\u0173 pasauli\u0173 \u2013 nauja karta EMG ELDRO\u00ae \u2013 Elektrohidraulinis variklis  Kiekvien\u0105 dien\u0105 m\u016bs\u0173 klientai mums patiki savo \u012frangos ir krovini\u0173 saugum\u0105, ta\u010diau dar svarbiau, kad jie mums patiki \u017emoni\u0173, dirban\u010di\u0173 su kran\u0173 sistemomis ir pakabinamais kroviniais, saugum\u0105. M\u016bs\u0173 EMG gamini\u0173 asortimentas tenkina visus \u012fmanomus klient\u0173 poreikius, nepriklausomai nuo pramon\u0117s \u0161akos, aplinkos s\u0105lyg\u0173, \u012frenginio dyd\u017eio ir vietos, j\u0117gos ar grei\u010dio reikalavim\u0173. U\u017etikriname visi\u0161k\u0105 \u012fvairov\u0119, kokyb\u0119, ilgaam\u017ei\u0161kum\u0105 ir patikimum\u0105. Remdamiesi srauto skaitmeniniais skai\u010diavimais ir modeliavimu \u2013 dabar jau turime praktini\u0173 \u017eini\u0173 \u2013 i\u0161tobulinome patikrint\u0105 EMG varom\u0173j\u0173 varikli\u0173 technologij\u0105 ir suk\u016br\u0117me nauj\u0105 j\u0173 kart\u0105: EMG ELDRO\u00ae \u2013 Elektrohidraulinis variklis.  Naujos kartos EMG ELDRO\u00ae sujungia geriausius ankstesni\u0173 ELDRO\u00ae ir ELHY\u00ae serij\u0173 gaminius ir apima vis\u0105 per de\u0161imtme\u010dius sukaupt\u0105 \u012fvairi\u0173 sri\u010di\u0173 taikymo patirt\u012f. D\u0117l daugyb\u0117s nauj\u0173 technologij\u0173 ir CFD (\u201eComputational Fluid Dynamics\u201c) modeliavimo m\u016bs\u0173 naujieji varikliai gali b\u016bti naudojami dar efektyviau ir individualiau! Tuo pat metu i\u0161liekame i\u0161tikimi grynai mechaniniam funkciniam principui, kurio pagrindiniame veikime n\u0117ra joki\u0173 elektrini\u0173 vo\u017etuv\u0173 ar elektronini\u0173 komponent\u0173.  Kaip visada, taip u\u017etikriname visi\u0161k\u0105 patikimum\u0105 ir maksimaliai paprast\u0105 prie\u017ei\u016br\u0105. \u0160ios naujos kartos varikliai suteikia: \u2013 daugiau saugumo ir patogumo; \u2013 didesn\u012f na\u0161um\u0105 naudojant ma\u017eesnius dyd\u017eius; \u2013 didesn\u012f efektyvum\u0105 ir trumpesn\u012f ciklo laik\u0105; \u2013 naudojim\u0105 auk\u0161tesn\u0117se temperat\u016brose; \u2013 vidin\u0117s pad\u0117ties rodmenis; \u2013 lengvesn\u0119 prie\u017ei\u016br\u0105.  I\u0161samesn\u0117 informacija bus pateikta artimiausiomis savait\u0117mis! B\u016bkite smals\u016bs! ORIGINALAS. B\u016aKITE SAUG\u016aS.","og_url":"https:\/\/dev.myindustrial.eu\/lt\/shop\/elektrohidrauliniai-pavaru-sprendimai\/elektrohidrauliniai-varikliai\/emg-eldro-new-generation\/","og_site_name":"My industrial","article_modified_time":"2023-07-16T19:55:20+00:00","og_image":[{"width":568,"height":576,"url":"https:\/\/dev.myindustrial.eu\/wp-content\/uploads\/2022\/05\/new-generation.webp","type":"image\/webp"}],"twitter_card":"summary_large_image","schema":{"@context":"https:\/\/schema.org","@graph":[{"@type":"WebPage","@id":"https:\/\/dev.myindustrial.eu\/lt\/shop\/elektrohidrauliniai-pavaru-sprendimai\/elektrohidrauliniai-varikliai\/emg-eldro-new-generation\/","url":"https:\/\/dev.myindustrial.eu\/lt\/shop\/elektrohidrauliniai-pavaru-sprendimai\/elektrohidrauliniai-varikliai\/emg-eldro-new-generation\/","name":"EMG ELDRO\u00ae \u2013 nauja karta - My industrial","isPartOf":{"@id":"https:\/\/dev.myindustrial.eu\/lt\/#website"},"primaryImageOfPage":{"@id":"https:\/\/dev.myindustrial.eu\/lt\/shop\/elektrohidrauliniai-pavaru-sprendimai\/elektrohidrauliniai-varikliai\/emg-eldro-new-generation\/#primaryimage"},"image":{"@id":"https:\/\/dev.myindustrial.eu\/lt\/shop\/elektrohidrauliniai-pavaru-sprendimai\/elektrohidrauliniai-varikliai\/emg-eldro-new-generation\/#primaryimage"},"thumbnailUrl":"https:\/\/dev.myindustrial.eu\/wp-content\/uploads\/2022\/05\/new-generation.webp","datePublished":"2022-05-25T17:43:40+00:00","dateModified":"2023-07-16T19:55:20+00:00","breadcrumb":{"@id":"https:\/\/dev.myindustrial.eu\/lt\/shop\/elektrohidrauliniai-pavaru-sprendimai\/elektrohidrauliniai-varikliai\/emg-eldro-new-generation\/#breadcrumb"},"inLanguage":"lt-LT","potentialAction":[{"@type":"ReadAction","target":["https:\/\/dev.myindustrial.eu\/lt\/shop\/elektrohidrauliniai-pavaru-sprendimai\/elektrohidrauliniai-varikliai\/emg-eldro-new-generation\/"]}]},{"@type":"ImageObject","inLanguage":"lt-LT","@id":"https:\/\/dev.myindustrial.eu\/lt\/shop\/elektrohidrauliniai-pavaru-sprendimai\/elektrohidrauliniai-varikliai\/emg-eldro-new-generation\/#primaryimage","url":"https:\/\/dev.myindustrial.eu\/wp-content\/uploads\/2022\/05\/new-generation.webp","contentUrl":"https:\/\/dev.myindustrial.eu\/wp-content\/uploads\/2022\/05\/new-generation.webp","width":568,"height":576},{"@type":"BreadcrumbList","@id":"https:\/\/dev.myindustrial.eu\/lt\/shop\/elektrohidrauliniai-pavaru-sprendimai\/elektrohidrauliniai-varikliai\/emg-eldro-new-generation\/#breadcrumb","itemListElement":[{"@type":"ListItem","position":1,"name":"Home","item":"https:\/\/dev.myindustrial.eu\/lt\/"},{"@type":"ListItem","position":2,"name":"Products","item":"https:\/\/dev.myindustrial.eu\/lt\/products\/"},{"@type":"ListItem","position":3,"name":"EMG ELDRO\u00ae \u2013 nauja karta"}]},{"@type":"WebSite","@id":"https:\/\/dev.myindustrial.eu\/lt\/#website","url":"https:\/\/dev.myindustrial.eu\/lt\/","name":"My industrial","description":"","potentialAction":[{"@type":"SearchAction","target":{"@type":"EntryPoint","urlTemplate":"https:\/\/dev.myindustrial.eu\/lt\/?s={search_term_string}"},"query-input":{"@type":"PropertyValueSpecification","valueRequired":true,"valueName":"search_term_string"}}],"inLanguage":"lt-LT"}]}},"_links":{"self":[{"href":"https:\/\/dev.myindustrial.eu\/lt\/wp-json\/wp\/v2\/product\/1260061018","targetHints":{"allow":["GET"]}}],"collection":[{"href":"https:\/\/dev.myindustrial.eu\/lt\/wp-json\/wp\/v2\/product"}],"about":[{"href":"https:\/\/dev.myindustrial.eu\/lt\/wp-json\/wp\/v2\/types\/product"}],"version-history":[{"count":0,"href":"https:\/\/dev.myindustrial.eu\/lt\/wp-json\/wp\/v2\/product\/1260061018\/revisions"}],"wp:featuredmedia":[{"embeddable":true,"href":"https:\/\/dev.myindustrial.eu\/lt\/wp-json\/wp\/v2\/media\/1260061023"}],"wp:attachment":[{"href":"https:\/\/dev.myindustrial.eu\/lt\/wp-json\/wp\/v2\/media?parent=1260061018"}],"wp:term":[{"taxonomy":"product_brand","embeddable":true,"href":"https:\/\/dev.myindustrial.eu\/lt\/wp-json\/wp\/v2\/product_brand?post=1260061018"},{"taxonomy":"product_cat","embeddable":true,"href":"https:\/\/dev.myindustrial.eu\/lt\/wp-json\/wp\/v2\/product_cat?post=1260061018"},{"taxonomy":"product_tag","embeddable":true,"href":"https:\/\/dev.myindustrial.eu\/lt\/wp-json\/wp\/v2\/product_tag?post=1260061018"}],"curies":[{"name":"wp","href":"https:\/\/api.w.org\/{rel}","templated":true}]}}