{"id":1260061346,"date":"2022-06-20T17:34:22","date_gmt":"2022-06-20T17:34:22","guid":{"rendered":"https:\/\/dev.myindustrial.eu\/shop\/be-kategorijos\/foil-membrane-potentiometer\/"},"modified":"2023-06-16T20:47:48","modified_gmt":"2023-06-16T20:47:48","slug":"foil-membrane-potentiometer","status":"publish","type":"product","link":"https:\/\/dev.myindustrial.eu\/lt\/shop\/potenciometrai-ir-jutikliai\/folijos-membranos-potenciometras\/foil-membrane-potentiometer\/","title":{"rendered":"Folijos membranos potenciometras"},"content":{"rendered":"<p>Be folijos med\u017eiagos, si\u016blome versijas su pagrindine med\u017eiaga FR4, kuri naudojama spausdintini\u0173 plok\u0161\u010di\u0173 gamyboje. Ji papildo plat\u0173 membraninio potenciometro savybi\u0173 spektr\u0105. Naudojant FR4 padid\u0117ja elemento stabilumas ir jung\u010di\u0173 kintamumas.Konstrukcijai taip pat galima nustatyti konkretaus kliento reikalavimus. Tai pasakytina apie ilg\u012f, kamp\u0105, form\u0105, sujungimo plot\u0105 ar papildomas funkcijas, pavyzd\u017eiui, impulsinius perjungimo ta\u0161kus.Ypatinga ypatyb\u0117 \u2013 linijini\u0173 element\u0173 plotis. Standartinis plotis yra 22 mm. \u012eprasti jutikliai yra 10\u201313 mm plo\u010dio. Naudojant m\u016bs\u0173 folijos potenciometrus taip pat galimas 9 mm plotis.Membraninio potenciometro efektyvusis plotas standarti\u0161kai yra 50\u2013500 mm. Klient\u0173 pageidavimu galimi ir trumpesni atstumai. Sukamieji membraniniai potenciometrai gali b\u016bti gaminami nuo ma\u017edaug 40 mm i\u0161orinio skersmens. Jau yra keletas galim\u0173 standartini\u0173 matavimo kamp\u0173.Kadangi jutikliai yra labai plok\u0161ti (nuo 0,5 mm), \u0161ie potenciometrai idealiai papildo m\u016bs\u0173 asortiment\u0105 ir yra ekonomi\u0161ka alternatyva, ypa\u010d esant ank\u0161toms montavimo s\u0105lygoms.<\/p>\n","protected":false},"excerpt":{"rendered":"<p>AFP<br \/>\nFolijos membraniniai jutikliai yra klasikini\u0173 potenciometr\u0173 su korpusu alternatyva. Jie naudojami kaip \u012ftampos skirstytuvai ir yra sudaryti i\u0161 keli\u0173 folijos sluoksni\u0173, kuriuos vienas nuo kito skiria supanti tarpin\u0117. Pagal numatytuosius nustatymus membraniniai potenciometrai yra sukamieji ir ver\u010diamieji elementai. D\u0117l savo konstrukcijos \u0161ie potenciometriniai elementai turi IP54 apsaugos laipsn\u012f jau pagrindin\u0117je versijoje.<br \/>\nKontaktas su pasiprie\u0161inimo taku u\u017emezgamas kontaktiniu sklandytuvu spaud\u017eiant folij\u0105. Klientas gali pasinaudoti var\u017eos verte per jungtis. Rekomenduojame naudoti spyruoklin\u012f spaudimo element\u0105 su plastikiniu rutuliuku kaip kontaktin\u012f sklandytuv\u0105 folijos versijai. Tai leid\u017eia optimaliai i\u0161naudoti atitinkamo elemento tarnavimo laik\u0105.<\/p>\n<p>&nbsp;<\/p>\n","protected":false},"featured_media":1260061342,"template":"","meta":[],"product_brand":[],"product_cat":[1285,1526],"product_tag":[],"class_list":{"0":"post-1260061346","1":"product","2":"type-product","3":"status-publish","4":"has-post-thumbnail","6":"product_cat-potenciometrai-ir-jutikliai","7":"product_cat-folijos-membranos-potenciometras","9":"first","10":"instock","11":"shipping-taxable","12":"product-type-simple"},"yoast_head":"<!-- This site is optimized with the Yoast SEO plugin v27.1.1 - https:\/\/yoast.com\/product\/yoast-seo-wordpress\/ -->\n<title>Folijos membranos potenciometras - My industrial<\/title>\n<meta name=\"robots\" content=\"noindex, follow, max-snippet:-1, max-image-preview:large, max-video-preview:-1\" \/>\n<meta property=\"og:locale\" content=\"lt_LT\" \/>\n<meta property=\"og:type\" content=\"article\" \/>\n<meta property=\"og:title\" content=\"Folijos membranos potenciometras - My industrial\" \/>\n<meta property=\"og:description\" content=\"AFP Folijos membraniniai jutikliai yra klasikini\u0173 potenciometr\u0173 su korpusu alternatyva. Jie naudojami kaip \u012ftampos skirstytuvai ir yra sudaryti i\u0161 keli\u0173 folijos sluoksni\u0173, kuriuos vienas nuo kito skiria supanti tarpin\u0117. Pagal numatytuosius nustatymus membraniniai potenciometrai yra sukamieji ir ver\u010diamieji elementai. D\u0117l savo konstrukcijos \u0161ie potenciometriniai elementai turi IP54 apsaugos laipsn\u012f jau pagrindin\u0117je versijoje. Kontaktas su pasiprie\u0161inimo taku u\u017emezgamas kontaktiniu sklandytuvu spaud\u017eiant folij\u0105. Klientas gali pasinaudoti var\u017eos verte per jungtis. Rekomenduojame naudoti spyruoklin\u012f spaudimo element\u0105 su plastikiniu rutuliuku kaip kontaktin\u012f sklandytuv\u0105 folijos versijai. Tai leid\u017eia optimaliai i\u0161naudoti atitinkamo elemento tarnavimo laik\u0105.  &nbsp;\" \/>\n<meta property=\"og:url\" content=\"https:\/\/dev.myindustrial.eu\/lt\/shop\/potenciometrai-ir-jutikliai\/folijos-membranos-potenciometras\/foil-membrane-potentiometer\/\" \/>\n<meta property=\"og:site_name\" content=\"My industrial\" \/>\n<meta property=\"article:modified_time\" content=\"2023-06-16T20:47:48+00:00\" \/>\n<meta property=\"og:image\" content=\"https:\/\/dev.myindustrial.eu\/wp-content\/uploads\/2022\/06\/Folien-Potentiometer.webp\" \/>\n\t<meta property=\"og:image:width\" content=\"800\" \/>\n\t<meta property=\"og:image:height\" content=\"800\" \/>\n\t<meta property=\"og:image:type\" content=\"image\/webp\" \/>\n<meta name=\"twitter:card\" content=\"summary_large_image\" \/>\n<script type=\"application\/ld+json\" class=\"yoast-schema-graph\">{\"@context\":\"https:\/\/schema.org\",\"@graph\":[{\"@type\":\"WebPage\",\"@id\":\"https:\/\/dev.myindustrial.eu\/lt\/shop\/potenciometrai-ir-jutikliai\/folijos-membranos-potenciometras\/foil-membrane-potentiometer\/\",\"url\":\"https:\/\/dev.myindustrial.eu\/lt\/shop\/potenciometrai-ir-jutikliai\/folijos-membranos-potenciometras\/foil-membrane-potentiometer\/\",\"name\":\"Folijos membranos potenciometras - My industrial\",\"isPartOf\":{\"@id\":\"https:\/\/dev.myindustrial.eu\/lt\/#website\"},\"primaryImageOfPage\":{\"@id\":\"https:\/\/dev.myindustrial.eu\/lt\/shop\/potenciometrai-ir-jutikliai\/folijos-membranos-potenciometras\/foil-membrane-potentiometer\/#primaryimage\"},\"image\":{\"@id\":\"https:\/\/dev.myindustrial.eu\/lt\/shop\/potenciometrai-ir-jutikliai\/folijos-membranos-potenciometras\/foil-membrane-potentiometer\/#primaryimage\"},\"thumbnailUrl\":\"https:\/\/dev.myindustrial.eu\/wp-content\/uploads\/2022\/06\/Folien-Potentiometer.webp\",\"datePublished\":\"2022-06-20T17:34:22+00:00\",\"dateModified\":\"2023-06-16T20:47:48+00:00\",\"breadcrumb\":{\"@id\":\"https:\/\/dev.myindustrial.eu\/lt\/shop\/potenciometrai-ir-jutikliai\/folijos-membranos-potenciometras\/foil-membrane-potentiometer\/#breadcrumb\"},\"inLanguage\":\"lt-LT\",\"potentialAction\":[{\"@type\":\"ReadAction\",\"target\":[\"https:\/\/dev.myindustrial.eu\/lt\/shop\/potenciometrai-ir-jutikliai\/folijos-membranos-potenciometras\/foil-membrane-potentiometer\/\"]}]},{\"@type\":\"ImageObject\",\"inLanguage\":\"lt-LT\",\"@id\":\"https:\/\/dev.myindustrial.eu\/lt\/shop\/potenciometrai-ir-jutikliai\/folijos-membranos-potenciometras\/foil-membrane-potentiometer\/#primaryimage\",\"url\":\"https:\/\/dev.myindustrial.eu\/wp-content\/uploads\/2022\/06\/Folien-Potentiometer.webp\",\"contentUrl\":\"https:\/\/dev.myindustrial.eu\/wp-content\/uploads\/2022\/06\/Folien-Potentiometer.webp\",\"width\":800,\"height\":800},{\"@type\":\"BreadcrumbList\",\"@id\":\"https:\/\/dev.myindustrial.eu\/lt\/shop\/potenciometrai-ir-jutikliai\/folijos-membranos-potenciometras\/foil-membrane-potentiometer\/#breadcrumb\",\"itemListElement\":[{\"@type\":\"ListItem\",\"position\":1,\"name\":\"Home\",\"item\":\"https:\/\/dev.myindustrial.eu\/lt\/\"},{\"@type\":\"ListItem\",\"position\":2,\"name\":\"Products\",\"item\":\"https:\/\/dev.myindustrial.eu\/lt\/products\/\"},{\"@type\":\"ListItem\",\"position\":3,\"name\":\"Folijos membranos potenciometras\"}]},{\"@type\":\"WebSite\",\"@id\":\"https:\/\/dev.myindustrial.eu\/lt\/#website\",\"url\":\"https:\/\/dev.myindustrial.eu\/lt\/\",\"name\":\"My industrial\",\"description\":\"\",\"potentialAction\":[{\"@type\":\"SearchAction\",\"target\":{\"@type\":\"EntryPoint\",\"urlTemplate\":\"https:\/\/dev.myindustrial.eu\/lt\/?s={search_term_string}\"},\"query-input\":{\"@type\":\"PropertyValueSpecification\",\"valueRequired\":true,\"valueName\":\"search_term_string\"}}],\"inLanguage\":\"lt-LT\"}]}<\/script>\n<!-- \/ Yoast SEO plugin. -->","yoast_head_json":{"title":"Folijos membranos potenciometras - My industrial","robots":{"index":"noindex","follow":"follow","max-snippet":"max-snippet:-1","max-image-preview":"max-image-preview:large","max-video-preview":"max-video-preview:-1"},"og_locale":"lt_LT","og_type":"article","og_title":"Folijos membranos potenciometras - My industrial","og_description":"AFP Folijos membraniniai jutikliai yra klasikini\u0173 potenciometr\u0173 su korpusu alternatyva. Jie naudojami kaip \u012ftampos skirstytuvai ir yra sudaryti i\u0161 keli\u0173 folijos sluoksni\u0173, kuriuos vienas nuo kito skiria supanti tarpin\u0117. Pagal numatytuosius nustatymus membraniniai potenciometrai yra sukamieji ir ver\u010diamieji elementai. D\u0117l savo konstrukcijos \u0161ie potenciometriniai elementai turi IP54 apsaugos laipsn\u012f jau pagrindin\u0117je versijoje. Kontaktas su pasiprie\u0161inimo taku u\u017emezgamas kontaktiniu sklandytuvu spaud\u017eiant folij\u0105. Klientas gali pasinaudoti var\u017eos verte per jungtis. Rekomenduojame naudoti spyruoklin\u012f spaudimo element\u0105 su plastikiniu rutuliuku kaip kontaktin\u012f sklandytuv\u0105 folijos versijai. Tai leid\u017eia optimaliai i\u0161naudoti atitinkamo elemento tarnavimo laik\u0105.  &nbsp;","og_url":"https:\/\/dev.myindustrial.eu\/lt\/shop\/potenciometrai-ir-jutikliai\/folijos-membranos-potenciometras\/foil-membrane-potentiometer\/","og_site_name":"My industrial","article_modified_time":"2023-06-16T20:47:48+00:00","og_image":[{"width":800,"height":800,"url":"https:\/\/dev.myindustrial.eu\/wp-content\/uploads\/2022\/06\/Folien-Potentiometer.webp","type":"image\/webp"}],"twitter_card":"summary_large_image","schema":{"@context":"https:\/\/schema.org","@graph":[{"@type":"WebPage","@id":"https:\/\/dev.myindustrial.eu\/lt\/shop\/potenciometrai-ir-jutikliai\/folijos-membranos-potenciometras\/foil-membrane-potentiometer\/","url":"https:\/\/dev.myindustrial.eu\/lt\/shop\/potenciometrai-ir-jutikliai\/folijos-membranos-potenciometras\/foil-membrane-potentiometer\/","name":"Folijos membranos potenciometras - My industrial","isPartOf":{"@id":"https:\/\/dev.myindustrial.eu\/lt\/#website"},"primaryImageOfPage":{"@id":"https:\/\/dev.myindustrial.eu\/lt\/shop\/potenciometrai-ir-jutikliai\/folijos-membranos-potenciometras\/foil-membrane-potentiometer\/#primaryimage"},"image":{"@id":"https:\/\/dev.myindustrial.eu\/lt\/shop\/potenciometrai-ir-jutikliai\/folijos-membranos-potenciometras\/foil-membrane-potentiometer\/#primaryimage"},"thumbnailUrl":"https:\/\/dev.myindustrial.eu\/wp-content\/uploads\/2022\/06\/Folien-Potentiometer.webp","datePublished":"2022-06-20T17:34:22+00:00","dateModified":"2023-06-16T20:47:48+00:00","breadcrumb":{"@id":"https:\/\/dev.myindustrial.eu\/lt\/shop\/potenciometrai-ir-jutikliai\/folijos-membranos-potenciometras\/foil-membrane-potentiometer\/#breadcrumb"},"inLanguage":"lt-LT","potentialAction":[{"@type":"ReadAction","target":["https:\/\/dev.myindustrial.eu\/lt\/shop\/potenciometrai-ir-jutikliai\/folijos-membranos-potenciometras\/foil-membrane-potentiometer\/"]}]},{"@type":"ImageObject","inLanguage":"lt-LT","@id":"https:\/\/dev.myindustrial.eu\/lt\/shop\/potenciometrai-ir-jutikliai\/folijos-membranos-potenciometras\/foil-membrane-potentiometer\/#primaryimage","url":"https:\/\/dev.myindustrial.eu\/wp-content\/uploads\/2022\/06\/Folien-Potentiometer.webp","contentUrl":"https:\/\/dev.myindustrial.eu\/wp-content\/uploads\/2022\/06\/Folien-Potentiometer.webp","width":800,"height":800},{"@type":"BreadcrumbList","@id":"https:\/\/dev.myindustrial.eu\/lt\/shop\/potenciometrai-ir-jutikliai\/folijos-membranos-potenciometras\/foil-membrane-potentiometer\/#breadcrumb","itemListElement":[{"@type":"ListItem","position":1,"name":"Home","item":"https:\/\/dev.myindustrial.eu\/lt\/"},{"@type":"ListItem","position":2,"name":"Products","item":"https:\/\/dev.myindustrial.eu\/lt\/products\/"},{"@type":"ListItem","position":3,"name":"Folijos membranos potenciometras"}]},{"@type":"WebSite","@id":"https:\/\/dev.myindustrial.eu\/lt\/#website","url":"https:\/\/dev.myindustrial.eu\/lt\/","name":"My industrial","description":"","potentialAction":[{"@type":"SearchAction","target":{"@type":"EntryPoint","urlTemplate":"https:\/\/dev.myindustrial.eu\/lt\/?s={search_term_string}"},"query-input":{"@type":"PropertyValueSpecification","valueRequired":true,"valueName":"search_term_string"}}],"inLanguage":"lt-LT"}]}},"_links":{"self":[{"href":"https:\/\/dev.myindustrial.eu\/lt\/wp-json\/wp\/v2\/product\/1260061346","targetHints":{"allow":["GET"]}}],"collection":[{"href":"https:\/\/dev.myindustrial.eu\/lt\/wp-json\/wp\/v2\/product"}],"about":[{"href":"https:\/\/dev.myindustrial.eu\/lt\/wp-json\/wp\/v2\/types\/product"}],"version-history":[{"count":0,"href":"https:\/\/dev.myindustrial.eu\/lt\/wp-json\/wp\/v2\/product\/1260061346\/revisions"}],"wp:featuredmedia":[{"embeddable":true,"href":"https:\/\/dev.myindustrial.eu\/lt\/wp-json\/wp\/v2\/media\/1260061342"}],"wp:attachment":[{"href":"https:\/\/dev.myindustrial.eu\/lt\/wp-json\/wp\/v2\/media?parent=1260061346"}],"wp:term":[{"taxonomy":"product_brand","embeddable":true,"href":"https:\/\/dev.myindustrial.eu\/lt\/wp-json\/wp\/v2\/product_brand?post=1260061346"},{"taxonomy":"product_cat","embeddable":true,"href":"https:\/\/dev.myindustrial.eu\/lt\/wp-json\/wp\/v2\/product_cat?post=1260061346"},{"taxonomy":"product_tag","embeddable":true,"href":"https:\/\/dev.myindustrial.eu\/lt\/wp-json\/wp\/v2\/product_tag?post=1260061346"}],"curies":[{"name":"wp","href":"https:\/\/api.w.org\/{rel}","templated":true}]}}