{"id":1260062089,"date":"2022-12-12T14:39:49","date_gmt":"2022-12-12T14:39:49","guid":{"rendered":"https:\/\/dev.myindustrial.eu\/?post_type=product&#038;p=1260062089"},"modified":"2023-06-16T20:47:40","modified_gmt":"2023-06-16T20:47:40","slug":"emg-esse-copy","status":"publish","type":"product","link":"https:\/\/dev.myindustrial.eu\/lt\/shop\/elektrohidrauliniai-pavaru-sprendimai\/emg-esse-lt\/emg-esse-copy\/","title":{"rendered":"Pa\u017eangi automatin\u0117 technologija j\u016bs\u0173 nuotek\u0173 valymo \u012frenginiui"},"content":{"rendered":"<p><iframe width=\"560\" height=\"315\" src=\"https:\/\/youtube.com\/shorts\/mz4ZFoZ4EBk?feature=share\" frameborder=\"0\" allow=\"accelerometer; autoplay; clipboard-write; encrypted-media; gyroscope; picture-in-picture; web-share\" allowfullscreen><\/iframe><\/p>\n","protected":false},"excerpt":{"rendered":"<p>EMG ESSE \u2013 greito reagavimo pavar\u0173 d\u0117\u017e\u0117<br \/>\nPa\u017eangi automatin\u0117 technologija j\u016bs\u0173 nuotek\u0173 valymo \u012frenginiui<\/p>\n<p>Ie\u0161kote automatinio sprendimo savo drena\u017eo procesams, pvz., pirminiame nusodintuve?<br \/>\nTuomet greito reagavimo pavara EMG ESSE yra tinkamas sprendimas!<br \/>\nESSE pavara atidaro ir u\u017edaro nuos\u0117d\u0173 dumblo ir plaukiojan\u010dio dumblo i\u0161leidimo vo\u017etuvus \u2013 100 % elektra, jokios pneumatikos ar hidraulikos.<\/p>\n<p>Sustiprintas ELHY\u00ae varomasis mechanizmas su padidinta j\u0117ga valdo \u0161liau\u017eikl\u012f per ilg\u0105, reguliuojam\u0105 ner\u016bdijan\u010diojo plieno stryp\u0105. D\u0117l saugios gr\u012f\u017etamosios spyruokl\u0117s ir jungties savitojo svorio u\u017edaroma greitai ir automati\u0161kai. D\u0117l m\u016bs\u0173 apsaugos nuo gedimo principo, sutrikus darbui, armat\u016bra i\u0161 karto u\u017esidaro. Galines pad\u0117tis nustato \u0161liau\u017eiklio galiniai jungikliai.<\/p>\n<p>Atsiliepimai apie \u201eSchnaittachtal\u201c nuotek\u0173 valymo \u012frenginius<br \/>\n\u201eESSE \u012frenginiai buvo sumontuoti 1999 m. automatiniam neapdoroto dumblo \u0161alinimui i\u0161 pirminio nusodintuvo, nuo tada jie veikia 8 ciklais per dien\u0105 be joki\u0173 gedim\u0173. Per \u0161\u012f laik\u0105, i\u0161skyrus kelet\u0105 sugedusi\u0173 iniciatori\u0173, nereik\u0117jo atlikti joki\u0173 remonto ar kit\u0173 darb\u0173. Tod\u0117l esame labai patenkinti \u0161iais \u012frenginiais, tod\u0117l dabar k\u0117limo \u012frenginiai kei\u010diami v\u0117lesniais modeliais.\u201c<br \/>\nChristian Schuhmann, \u201eSchnaittachtal\u201c nuotek\u0173 valymo \u012frenginys Noinkirchene am Sande<\/p>\n<p><a href=\"\/wp-content\/uploads\/2022\/05\/emg_esse_flyer_en_rev01_10-2022.pdf\" target=\"_blank\" rel=\"noopener\"><img decoding=\"async\" src=\"\/wp-content\/uploads\/2023\/02\/download-button-lt.svg\" \/><\/a><\/p>\n","protected":false},"featured_media":1260062095,"template":"","meta":[],"product_brand":[],"product_cat":[1305,1623],"product_tag":[],"class_list":{"0":"post-1260062089","1":"product","2":"type-product","3":"status-publish","4":"has-post-thumbnail","6":"product_cat-elektrohidrauliniai-pavaru-sprendimai","7":"product_cat-emg-esse-lt","9":"first","10":"instock","11":"shipping-taxable","12":"product-type-simple"},"yoast_head":"<!-- This site is optimized with the Yoast SEO plugin v27.1.1 - https:\/\/yoast.com\/product\/yoast-seo-wordpress\/ -->\n<title>Pa\u017eangi automatin\u0117 technologija j\u016bs\u0173 nuotek\u0173 valymo \u012frenginiui - My industrial<\/title>\n<meta name=\"robots\" content=\"noindex, follow, max-snippet:-1, max-image-preview:large, max-video-preview:-1\" \/>\n<meta property=\"og:locale\" content=\"lt_LT\" \/>\n<meta property=\"og:type\" content=\"article\" \/>\n<meta property=\"og:title\" content=\"Pa\u017eangi automatin\u0117 technologija j\u016bs\u0173 nuotek\u0173 valymo \u012frenginiui - My industrial\" \/>\n<meta property=\"og:description\" content=\"EMG ESSE \u2013 greito reagavimo pavar\u0173 d\u0117\u017e\u0117 Pa\u017eangi automatin\u0117 technologija j\u016bs\u0173 nuotek\u0173 valymo \u012frenginiui  Ie\u0161kote automatinio sprendimo savo drena\u017eo procesams, pvz., pirminiame nusodintuve? Tuomet greito reagavimo pavara EMG ESSE yra tinkamas sprendimas! ESSE pavara atidaro ir u\u017edaro nuos\u0117d\u0173 dumblo ir plaukiojan\u010dio dumblo i\u0161leidimo vo\u017etuvus \u2013 100 % elektra, jokios pneumatikos ar hidraulikos.  Sustiprintas ELHY\u00ae varomasis mechanizmas su padidinta j\u0117ga valdo \u0161liau\u017eikl\u012f per ilg\u0105, reguliuojam\u0105 ner\u016bdijan\u010diojo plieno stryp\u0105. D\u0117l saugios gr\u012f\u017etamosios spyruokl\u0117s ir jungties savitojo svorio u\u017edaroma greitai ir automati\u0161kai. D\u0117l m\u016bs\u0173 apsaugos nuo gedimo principo, sutrikus darbui, armat\u016bra i\u0161 karto u\u017esidaro. Galines pad\u0117tis nustato \u0161liau\u017eiklio galiniai jungikliai.  Atsiliepimai apie \u201eSchnaittachtal\u201c nuotek\u0173 valymo \u012frenginius \u201eESSE \u012frenginiai buvo sumontuoti 1999 m. automatiniam neapdoroto dumblo \u0161alinimui i\u0161 pirminio nusodintuvo, nuo tada jie veikia 8 ciklais per dien\u0105 be joki\u0173 gedim\u0173. Per \u0161\u012f laik\u0105, i\u0161skyrus kelet\u0105 sugedusi\u0173 iniciatori\u0173, nereik\u0117jo atlikti joki\u0173 remonto ar kit\u0173 darb\u0173. Tod\u0117l esame labai patenkinti \u0161iais \u012frenginiais, tod\u0117l dabar k\u0117limo \u012frenginiai kei\u010diami v\u0117lesniais modeliais.\u201c Christian Schuhmann, \u201eSchnaittachtal\u201c nuotek\u0173 valymo \u012frenginys Noinkirchene am Sande\" \/>\n<meta property=\"og:url\" content=\"https:\/\/dev.myindustrial.eu\/lt\/shop\/elektrohidrauliniai-pavaru-sprendimai\/emg-esse-lt\/emg-esse-copy\/\" \/>\n<meta property=\"og:site_name\" content=\"My industrial\" \/>\n<meta property=\"article:modified_time\" content=\"2023-06-16T20:47:40+00:00\" \/>\n<meta property=\"og:image\" content=\"https:\/\/dev.myindustrial.eu\/wp-content\/uploads\/2022\/12\/emg_esse_2-801x801.jpg\" \/>\n\t<meta property=\"og:image:width\" content=\"801\" \/>\n\t<meta property=\"og:image:height\" content=\"801\" \/>\n\t<meta property=\"og:image:type\" content=\"image\/jpeg\" \/>\n<meta name=\"twitter:card\" content=\"summary_large_image\" \/>\n<script type=\"application\/ld+json\" class=\"yoast-schema-graph\">{\"@context\":\"https:\/\/schema.org\",\"@graph\":[{\"@type\":\"WebPage\",\"@id\":\"https:\/\/dev.myindustrial.eu\/lt\/shop\/elektrohidrauliniai-pavaru-sprendimai\/emg-esse-lt\/emg-esse-copy\/\",\"url\":\"https:\/\/dev.myindustrial.eu\/lt\/shop\/elektrohidrauliniai-pavaru-sprendimai\/emg-esse-lt\/emg-esse-copy\/\",\"name\":\"Pa\u017eangi automatin\u0117 technologija j\u016bs\u0173 nuotek\u0173 valymo \u012frenginiui - My industrial\",\"isPartOf\":{\"@id\":\"https:\/\/dev.myindustrial.eu\/lt\/#website\"},\"primaryImageOfPage\":{\"@id\":\"https:\/\/dev.myindustrial.eu\/lt\/shop\/elektrohidrauliniai-pavaru-sprendimai\/emg-esse-lt\/emg-esse-copy\/#primaryimage\"},\"image\":{\"@id\":\"https:\/\/dev.myindustrial.eu\/lt\/shop\/elektrohidrauliniai-pavaru-sprendimai\/emg-esse-lt\/emg-esse-copy\/#primaryimage\"},\"thumbnailUrl\":\"https:\/\/dev.myindustrial.eu\/wp-content\/uploads\/2022\/12\/emg_esse_2-801x801.jpg\",\"datePublished\":\"2022-12-12T14:39:49+00:00\",\"dateModified\":\"2023-06-16T20:47:40+00:00\",\"breadcrumb\":{\"@id\":\"https:\/\/dev.myindustrial.eu\/lt\/shop\/elektrohidrauliniai-pavaru-sprendimai\/emg-esse-lt\/emg-esse-copy\/#breadcrumb\"},\"inLanguage\":\"lt-LT\",\"potentialAction\":[{\"@type\":\"ReadAction\",\"target\":[\"https:\/\/dev.myindustrial.eu\/lt\/shop\/elektrohidrauliniai-pavaru-sprendimai\/emg-esse-lt\/emg-esse-copy\/\"]}]},{\"@type\":\"ImageObject\",\"inLanguage\":\"lt-LT\",\"@id\":\"https:\/\/dev.myindustrial.eu\/lt\/shop\/elektrohidrauliniai-pavaru-sprendimai\/emg-esse-lt\/emg-esse-copy\/#primaryimage\",\"url\":\"https:\/\/dev.myindustrial.eu\/wp-content\/uploads\/2022\/12\/emg_esse_2-801x801.jpg\",\"contentUrl\":\"https:\/\/dev.myindustrial.eu\/wp-content\/uploads\/2022\/12\/emg_esse_2-801x801.jpg\",\"width\":801,\"height\":801},{\"@type\":\"BreadcrumbList\",\"@id\":\"https:\/\/dev.myindustrial.eu\/lt\/shop\/elektrohidrauliniai-pavaru-sprendimai\/emg-esse-lt\/emg-esse-copy\/#breadcrumb\",\"itemListElement\":[{\"@type\":\"ListItem\",\"position\":1,\"name\":\"Home\",\"item\":\"https:\/\/dev.myindustrial.eu\/lt\/\"},{\"@type\":\"ListItem\",\"position\":2,\"name\":\"Products\",\"item\":\"https:\/\/dev.myindustrial.eu\/lt\/products\/\"},{\"@type\":\"ListItem\",\"position\":3,\"name\":\"Pa\u017eangi automatin\u0117 technologija j\u016bs\u0173 nuotek\u0173 valymo \u012frenginiui\"}]},{\"@type\":\"WebSite\",\"@id\":\"https:\/\/dev.myindustrial.eu\/lt\/#website\",\"url\":\"https:\/\/dev.myindustrial.eu\/lt\/\",\"name\":\"My industrial\",\"description\":\"\",\"potentialAction\":[{\"@type\":\"SearchAction\",\"target\":{\"@type\":\"EntryPoint\",\"urlTemplate\":\"https:\/\/dev.myindustrial.eu\/lt\/?s={search_term_string}\"},\"query-input\":{\"@type\":\"PropertyValueSpecification\",\"valueRequired\":true,\"valueName\":\"search_term_string\"}}],\"inLanguage\":\"lt-LT\"}]}<\/script>\n<!-- \/ Yoast SEO plugin. -->","yoast_head_json":{"title":"Pa\u017eangi automatin\u0117 technologija j\u016bs\u0173 nuotek\u0173 valymo \u012frenginiui - My industrial","robots":{"index":"noindex","follow":"follow","max-snippet":"max-snippet:-1","max-image-preview":"max-image-preview:large","max-video-preview":"max-video-preview:-1"},"og_locale":"lt_LT","og_type":"article","og_title":"Pa\u017eangi automatin\u0117 technologija j\u016bs\u0173 nuotek\u0173 valymo \u012frenginiui - My industrial","og_description":"EMG ESSE \u2013 greito reagavimo pavar\u0173 d\u0117\u017e\u0117 Pa\u017eangi automatin\u0117 technologija j\u016bs\u0173 nuotek\u0173 valymo \u012frenginiui  Ie\u0161kote automatinio sprendimo savo drena\u017eo procesams, pvz., pirminiame nusodintuve? Tuomet greito reagavimo pavara EMG ESSE yra tinkamas sprendimas! ESSE pavara atidaro ir u\u017edaro nuos\u0117d\u0173 dumblo ir plaukiojan\u010dio dumblo i\u0161leidimo vo\u017etuvus \u2013 100 % elektra, jokios pneumatikos ar hidraulikos.  Sustiprintas ELHY\u00ae varomasis mechanizmas su padidinta j\u0117ga valdo \u0161liau\u017eikl\u012f per ilg\u0105, reguliuojam\u0105 ner\u016bdijan\u010diojo plieno stryp\u0105. D\u0117l saugios gr\u012f\u017etamosios spyruokl\u0117s ir jungties savitojo svorio u\u017edaroma greitai ir automati\u0161kai. D\u0117l m\u016bs\u0173 apsaugos nuo gedimo principo, sutrikus darbui, armat\u016bra i\u0161 karto u\u017esidaro. Galines pad\u0117tis nustato \u0161liau\u017eiklio galiniai jungikliai.  Atsiliepimai apie \u201eSchnaittachtal\u201c nuotek\u0173 valymo \u012frenginius \u201eESSE \u012frenginiai buvo sumontuoti 1999 m. automatiniam neapdoroto dumblo \u0161alinimui i\u0161 pirminio nusodintuvo, nuo tada jie veikia 8 ciklais per dien\u0105 be joki\u0173 gedim\u0173. Per \u0161\u012f laik\u0105, i\u0161skyrus kelet\u0105 sugedusi\u0173 iniciatori\u0173, nereik\u0117jo atlikti joki\u0173 remonto ar kit\u0173 darb\u0173. Tod\u0117l esame labai patenkinti \u0161iais \u012frenginiais, tod\u0117l dabar k\u0117limo \u012frenginiai kei\u010diami v\u0117lesniais modeliais.\u201c Christian Schuhmann, \u201eSchnaittachtal\u201c nuotek\u0173 valymo \u012frenginys Noinkirchene am Sande","og_url":"https:\/\/dev.myindustrial.eu\/lt\/shop\/elektrohidrauliniai-pavaru-sprendimai\/emg-esse-lt\/emg-esse-copy\/","og_site_name":"My industrial","article_modified_time":"2023-06-16T20:47:40+00:00","og_image":[{"width":801,"height":801,"url":"https:\/\/dev.myindustrial.eu\/wp-content\/uploads\/2022\/12\/emg_esse_2-801x801.jpg","type":"image\/jpeg"}],"twitter_card":"summary_large_image","schema":{"@context":"https:\/\/schema.org","@graph":[{"@type":"WebPage","@id":"https:\/\/dev.myindustrial.eu\/lt\/shop\/elektrohidrauliniai-pavaru-sprendimai\/emg-esse-lt\/emg-esse-copy\/","url":"https:\/\/dev.myindustrial.eu\/lt\/shop\/elektrohidrauliniai-pavaru-sprendimai\/emg-esse-lt\/emg-esse-copy\/","name":"Pa\u017eangi automatin\u0117 technologija j\u016bs\u0173 nuotek\u0173 valymo \u012frenginiui - My industrial","isPartOf":{"@id":"https:\/\/dev.myindustrial.eu\/lt\/#website"},"primaryImageOfPage":{"@id":"https:\/\/dev.myindustrial.eu\/lt\/shop\/elektrohidrauliniai-pavaru-sprendimai\/emg-esse-lt\/emg-esse-copy\/#primaryimage"},"image":{"@id":"https:\/\/dev.myindustrial.eu\/lt\/shop\/elektrohidrauliniai-pavaru-sprendimai\/emg-esse-lt\/emg-esse-copy\/#primaryimage"},"thumbnailUrl":"https:\/\/dev.myindustrial.eu\/wp-content\/uploads\/2022\/12\/emg_esse_2-801x801.jpg","datePublished":"2022-12-12T14:39:49+00:00","dateModified":"2023-06-16T20:47:40+00:00","breadcrumb":{"@id":"https:\/\/dev.myindustrial.eu\/lt\/shop\/elektrohidrauliniai-pavaru-sprendimai\/emg-esse-lt\/emg-esse-copy\/#breadcrumb"},"inLanguage":"lt-LT","potentialAction":[{"@type":"ReadAction","target":["https:\/\/dev.myindustrial.eu\/lt\/shop\/elektrohidrauliniai-pavaru-sprendimai\/emg-esse-lt\/emg-esse-copy\/"]}]},{"@type":"ImageObject","inLanguage":"lt-LT","@id":"https:\/\/dev.myindustrial.eu\/lt\/shop\/elektrohidrauliniai-pavaru-sprendimai\/emg-esse-lt\/emg-esse-copy\/#primaryimage","url":"https:\/\/dev.myindustrial.eu\/wp-content\/uploads\/2022\/12\/emg_esse_2-801x801.jpg","contentUrl":"https:\/\/dev.myindustrial.eu\/wp-content\/uploads\/2022\/12\/emg_esse_2-801x801.jpg","width":801,"height":801},{"@type":"BreadcrumbList","@id":"https:\/\/dev.myindustrial.eu\/lt\/shop\/elektrohidrauliniai-pavaru-sprendimai\/emg-esse-lt\/emg-esse-copy\/#breadcrumb","itemListElement":[{"@type":"ListItem","position":1,"name":"Home","item":"https:\/\/dev.myindustrial.eu\/lt\/"},{"@type":"ListItem","position":2,"name":"Products","item":"https:\/\/dev.myindustrial.eu\/lt\/products\/"},{"@type":"ListItem","position":3,"name":"Pa\u017eangi automatin\u0117 technologija j\u016bs\u0173 nuotek\u0173 valymo \u012frenginiui"}]},{"@type":"WebSite","@id":"https:\/\/dev.myindustrial.eu\/lt\/#website","url":"https:\/\/dev.myindustrial.eu\/lt\/","name":"My industrial","description":"","potentialAction":[{"@type":"SearchAction","target":{"@type":"EntryPoint","urlTemplate":"https:\/\/dev.myindustrial.eu\/lt\/?s={search_term_string}"},"query-input":{"@type":"PropertyValueSpecification","valueRequired":true,"valueName":"search_term_string"}}],"inLanguage":"lt-LT"}]}},"_links":{"self":[{"href":"https:\/\/dev.myindustrial.eu\/lt\/wp-json\/wp\/v2\/product\/1260062089","targetHints":{"allow":["GET"]}}],"collection":[{"href":"https:\/\/dev.myindustrial.eu\/lt\/wp-json\/wp\/v2\/product"}],"about":[{"href":"https:\/\/dev.myindustrial.eu\/lt\/wp-json\/wp\/v2\/types\/product"}],"version-history":[{"count":0,"href":"https:\/\/dev.myindustrial.eu\/lt\/wp-json\/wp\/v2\/product\/1260062089\/revisions"}],"wp:featuredmedia":[{"embeddable":true,"href":"https:\/\/dev.myindustrial.eu\/lt\/wp-json\/wp\/v2\/media\/1260062095"}],"wp:attachment":[{"href":"https:\/\/dev.myindustrial.eu\/lt\/wp-json\/wp\/v2\/media?parent=1260062089"}],"wp:term":[{"taxonomy":"product_brand","embeddable":true,"href":"https:\/\/dev.myindustrial.eu\/lt\/wp-json\/wp\/v2\/product_brand?post=1260062089"},{"taxonomy":"product_cat","embeddable":true,"href":"https:\/\/dev.myindustrial.eu\/lt\/wp-json\/wp\/v2\/product_cat?post=1260062089"},{"taxonomy":"product_tag","embeddable":true,"href":"https:\/\/dev.myindustrial.eu\/lt\/wp-json\/wp\/v2\/product_tag?post=1260062089"}],"curies":[{"name":"wp","href":"https:\/\/api.w.org\/{rel}","templated":true}]}}