{"id":1260062170,"date":"2022-12-13T13:16:59","date_gmt":"2022-12-13T13:16:59","guid":{"rendered":"https:\/\/dev.myindustrial.eu\/?post_type=product&#038;p=1260062170"},"modified":"2023-12-28T22:07:02","modified_gmt":"2023-12-28T22:07:02","slug":"pagrindine-valdymo-sistema-copy","status":"publish","type":"product","link":"https:\/\/dev.myindustrial.eu\/lt\/shop\/pramoniniai-valdikliai-dzoistikai-ir-konsoles\/gelezinkelio-transporto-komandu-valdikliai-en-50155-ir-en-45545\/pagrindine-valdymo-sistema-copy\/","title":{"rendered":"Krypties jungiklio blokas"},"content":{"rendered":"","protected":false},"excerpt":{"rendered":"<p>Taikymas<br \/>\nKrypties jungiklis yra pagal u\u017esakym\u0105 suprojektuoto traukos jungiklio, kurio specifikacijos numeris 618585 ir kuris naudojamas gele\u017einkelio riedmens traukai ir stabdymui valdyti, dalis.<\/p>\n<p>Krypties jungiklis turi lanks\u010di\u0105 jungt\u012f, kuri veikia kaip mechaninis blokavimas tarp pavaros ir stabd\u017ei\u0173 jungiklio ir \u0161io \u012frenginio krypties jungiklio.<\/p>\n<p>Technin\u0117s specifikacijos<br \/>\nDarbin\u0117 temperat\u016bra: nuo \u20135 \u00b0C iki +40 \u00b0C<br \/>\nDid\u017eiausia dr\u0117gm\u0117 naudojimo metu: 95 %<br \/>\nTinklo \u012ftampa: 110 V DC (+25 % \/ \u201330 %)<\/p>\n<p>\u012eskaitant<br \/>\nSm\u016bgio ir vibracijos bandym\u0105 pagal: IEC 61373<br \/>\nEMC bandym\u0105 pagal: LT 50 121-3-2<br \/>\n\u012etampos bandymas pagal: pagal EN 50155 \u00a712.2.9.2 &#8211; 50 Hz, 1 kV, 1 min<\/p>\n","protected":false},"featured_media":1260062176,"template":"","meta":[],"product_brand":[],"product_cat":[1377],"product_tag":[],"class_list":{"0":"post-1260062170","1":"product","2":"type-product","3":"status-publish","4":"has-post-thumbnail","6":"product_cat-gelezinkelio-transporto-komandu-valdikliai-en-50155-ir-en-45545","8":"first","9":"instock","10":"product-type-simple"},"yoast_head":"<!-- This site is optimized with the Yoast SEO plugin v27.1.1 - https:\/\/yoast.com\/product\/yoast-seo-wordpress\/ -->\n<title>Krypties jungiklio blokas - My industrial<\/title>\n<meta name=\"robots\" content=\"noindex, follow, max-snippet:-1, max-image-preview:large, max-video-preview:-1\" \/>\n<meta property=\"og:locale\" content=\"lt_LT\" \/>\n<meta property=\"og:type\" content=\"article\" \/>\n<meta property=\"og:title\" content=\"Krypties jungiklio blokas - My industrial\" \/>\n<meta property=\"og:description\" content=\"Taikymas Krypties jungiklis yra pagal u\u017esakym\u0105 suprojektuoto traukos jungiklio, kurio specifikacijos numeris 618585 ir kuris naudojamas gele\u017einkelio riedmens traukai ir stabdymui valdyti, dalis.  Krypties jungiklis turi lanks\u010di\u0105 jungt\u012f, kuri veikia kaip mechaninis blokavimas tarp pavaros ir stabd\u017ei\u0173 jungiklio ir \u0161io \u012frenginio krypties jungiklio.  Technin\u0117s specifikacijos Darbin\u0117 temperat\u016bra: nuo \u20135 \u00b0C iki +40 \u00b0C Did\u017eiausia dr\u0117gm\u0117 naudojimo metu: 95 % Tinklo \u012ftampa: 110 V DC (+25 % \/ \u201330 %)  \u012eskaitant Sm\u016bgio ir vibracijos bandym\u0105 pagal: IEC 61373 EMC bandym\u0105 pagal: LT 50 121-3-2 \u012etampos bandymas pagal: pagal EN 50155 \u00a712.2.9.2 - 50 Hz, 1 kV, 1 min\" \/>\n<meta property=\"og:url\" content=\"https:\/\/dev.myindustrial.eu\/lt\/shop\/pramoniniai-valdikliai-dzoistikai-ir-konsoles\/gelezinkelio-transporto-komandu-valdikliai-en-50155-ir-en-45545\/pagrindine-valdymo-sistema-copy\/\" \/>\n<meta property=\"og:site_name\" content=\"My industrial\" \/>\n<meta property=\"article:modified_time\" content=\"2023-12-28T22:07:02+00:00\" \/>\n<meta property=\"og:image\" content=\"https:\/\/dev.myindustrial.eu\/wp-content\/uploads\/2022\/12\/preselector-switch_2-500x500.jpg\" \/>\n\t<meta property=\"og:image:width\" content=\"500\" \/>\n\t<meta property=\"og:image:height\" content=\"500\" \/>\n\t<meta property=\"og:image:type\" content=\"image\/jpeg\" \/>\n<meta name=\"twitter:card\" content=\"summary_large_image\" \/>\n<script type=\"application\/ld+json\" class=\"yoast-schema-graph\">{\"@context\":\"https:\/\/schema.org\",\"@graph\":[{\"@type\":\"WebPage\",\"@id\":\"https:\/\/dev.myindustrial.eu\/lt\/shop\/pramoniniai-valdikliai-dzoistikai-ir-konsoles\/gelezinkelio-transporto-komandu-valdikliai-en-50155-ir-en-45545\/pagrindine-valdymo-sistema-copy\/\",\"url\":\"https:\/\/dev.myindustrial.eu\/lt\/shop\/pramoniniai-valdikliai-dzoistikai-ir-konsoles\/gelezinkelio-transporto-komandu-valdikliai-en-50155-ir-en-45545\/pagrindine-valdymo-sistema-copy\/\",\"name\":\"Krypties jungiklio blokas - My industrial\",\"isPartOf\":{\"@id\":\"https:\/\/dev.myindustrial.eu\/lt\/#website\"},\"primaryImageOfPage\":{\"@id\":\"https:\/\/dev.myindustrial.eu\/lt\/shop\/pramoniniai-valdikliai-dzoistikai-ir-konsoles\/gelezinkelio-transporto-komandu-valdikliai-en-50155-ir-en-45545\/pagrindine-valdymo-sistema-copy\/#primaryimage\"},\"image\":{\"@id\":\"https:\/\/dev.myindustrial.eu\/lt\/shop\/pramoniniai-valdikliai-dzoistikai-ir-konsoles\/gelezinkelio-transporto-komandu-valdikliai-en-50155-ir-en-45545\/pagrindine-valdymo-sistema-copy\/#primaryimage\"},\"thumbnailUrl\":\"https:\/\/dev.myindustrial.eu\/wp-content\/uploads\/2022\/12\/preselector-switch_2-500x500.jpg\",\"datePublished\":\"2022-12-13T13:16:59+00:00\",\"dateModified\":\"2023-12-28T22:07:02+00:00\",\"breadcrumb\":{\"@id\":\"https:\/\/dev.myindustrial.eu\/lt\/shop\/pramoniniai-valdikliai-dzoistikai-ir-konsoles\/gelezinkelio-transporto-komandu-valdikliai-en-50155-ir-en-45545\/pagrindine-valdymo-sistema-copy\/#breadcrumb\"},\"inLanguage\":\"lt-LT\",\"potentialAction\":[{\"@type\":\"ReadAction\",\"target\":[\"https:\/\/dev.myindustrial.eu\/lt\/shop\/pramoniniai-valdikliai-dzoistikai-ir-konsoles\/gelezinkelio-transporto-komandu-valdikliai-en-50155-ir-en-45545\/pagrindine-valdymo-sistema-copy\/\"]}]},{\"@type\":\"ImageObject\",\"inLanguage\":\"lt-LT\",\"@id\":\"https:\/\/dev.myindustrial.eu\/lt\/shop\/pramoniniai-valdikliai-dzoistikai-ir-konsoles\/gelezinkelio-transporto-komandu-valdikliai-en-50155-ir-en-45545\/pagrindine-valdymo-sistema-copy\/#primaryimage\",\"url\":\"https:\/\/dev.myindustrial.eu\/wp-content\/uploads\/2022\/12\/preselector-switch_2-500x500.jpg\",\"contentUrl\":\"https:\/\/dev.myindustrial.eu\/wp-content\/uploads\/2022\/12\/preselector-switch_2-500x500.jpg\",\"width\":500,\"height\":500},{\"@type\":\"BreadcrumbList\",\"@id\":\"https:\/\/dev.myindustrial.eu\/lt\/shop\/pramoniniai-valdikliai-dzoistikai-ir-konsoles\/gelezinkelio-transporto-komandu-valdikliai-en-50155-ir-en-45545\/pagrindine-valdymo-sistema-copy\/#breadcrumb\",\"itemListElement\":[{\"@type\":\"ListItem\",\"position\":1,\"name\":\"Home\",\"item\":\"https:\/\/dev.myindustrial.eu\/lt\/\"},{\"@type\":\"ListItem\",\"position\":2,\"name\":\"Products\",\"item\":\"https:\/\/dev.myindustrial.eu\/lt\/products\/\"},{\"@type\":\"ListItem\",\"position\":3,\"name\":\"Krypties jungiklio blokas\"}]},{\"@type\":\"WebSite\",\"@id\":\"https:\/\/dev.myindustrial.eu\/lt\/#website\",\"url\":\"https:\/\/dev.myindustrial.eu\/lt\/\",\"name\":\"My industrial\",\"description\":\"\",\"potentialAction\":[{\"@type\":\"SearchAction\",\"target\":{\"@type\":\"EntryPoint\",\"urlTemplate\":\"https:\/\/dev.myindustrial.eu\/lt\/?s={search_term_string}\"},\"query-input\":{\"@type\":\"PropertyValueSpecification\",\"valueRequired\":true,\"valueName\":\"search_term_string\"}}],\"inLanguage\":\"lt-LT\"}]}<\/script>\n<!-- \/ Yoast SEO plugin. -->","yoast_head_json":{"title":"Krypties jungiklio blokas - My industrial","robots":{"index":"noindex","follow":"follow","max-snippet":"max-snippet:-1","max-image-preview":"max-image-preview:large","max-video-preview":"max-video-preview:-1"},"og_locale":"lt_LT","og_type":"article","og_title":"Krypties jungiklio blokas - My industrial","og_description":"Taikymas Krypties jungiklis yra pagal u\u017esakym\u0105 suprojektuoto traukos jungiklio, kurio specifikacijos numeris 618585 ir kuris naudojamas gele\u017einkelio riedmens traukai ir stabdymui valdyti, dalis.  Krypties jungiklis turi lanks\u010di\u0105 jungt\u012f, kuri veikia kaip mechaninis blokavimas tarp pavaros ir stabd\u017ei\u0173 jungiklio ir \u0161io \u012frenginio krypties jungiklio.  Technin\u0117s specifikacijos Darbin\u0117 temperat\u016bra: nuo \u20135 \u00b0C iki +40 \u00b0C Did\u017eiausia dr\u0117gm\u0117 naudojimo metu: 95 % Tinklo \u012ftampa: 110 V DC (+25 % \/ \u201330 %)  \u012eskaitant Sm\u016bgio ir vibracijos bandym\u0105 pagal: IEC 61373 EMC bandym\u0105 pagal: LT 50 121-3-2 \u012etampos bandymas pagal: pagal EN 50155 \u00a712.2.9.2 - 50 Hz, 1 kV, 1 min","og_url":"https:\/\/dev.myindustrial.eu\/lt\/shop\/pramoniniai-valdikliai-dzoistikai-ir-konsoles\/gelezinkelio-transporto-komandu-valdikliai-en-50155-ir-en-45545\/pagrindine-valdymo-sistema-copy\/","og_site_name":"My industrial","article_modified_time":"2023-12-28T22:07:02+00:00","og_image":[{"width":500,"height":500,"url":"https:\/\/dev.myindustrial.eu\/wp-content\/uploads\/2022\/12\/preselector-switch_2-500x500.jpg","type":"image\/jpeg"}],"twitter_card":"summary_large_image","schema":{"@context":"https:\/\/schema.org","@graph":[{"@type":"WebPage","@id":"https:\/\/dev.myindustrial.eu\/lt\/shop\/pramoniniai-valdikliai-dzoistikai-ir-konsoles\/gelezinkelio-transporto-komandu-valdikliai-en-50155-ir-en-45545\/pagrindine-valdymo-sistema-copy\/","url":"https:\/\/dev.myindustrial.eu\/lt\/shop\/pramoniniai-valdikliai-dzoistikai-ir-konsoles\/gelezinkelio-transporto-komandu-valdikliai-en-50155-ir-en-45545\/pagrindine-valdymo-sistema-copy\/","name":"Krypties jungiklio blokas - My industrial","isPartOf":{"@id":"https:\/\/dev.myindustrial.eu\/lt\/#website"},"primaryImageOfPage":{"@id":"https:\/\/dev.myindustrial.eu\/lt\/shop\/pramoniniai-valdikliai-dzoistikai-ir-konsoles\/gelezinkelio-transporto-komandu-valdikliai-en-50155-ir-en-45545\/pagrindine-valdymo-sistema-copy\/#primaryimage"},"image":{"@id":"https:\/\/dev.myindustrial.eu\/lt\/shop\/pramoniniai-valdikliai-dzoistikai-ir-konsoles\/gelezinkelio-transporto-komandu-valdikliai-en-50155-ir-en-45545\/pagrindine-valdymo-sistema-copy\/#primaryimage"},"thumbnailUrl":"https:\/\/dev.myindustrial.eu\/wp-content\/uploads\/2022\/12\/preselector-switch_2-500x500.jpg","datePublished":"2022-12-13T13:16:59+00:00","dateModified":"2023-12-28T22:07:02+00:00","breadcrumb":{"@id":"https:\/\/dev.myindustrial.eu\/lt\/shop\/pramoniniai-valdikliai-dzoistikai-ir-konsoles\/gelezinkelio-transporto-komandu-valdikliai-en-50155-ir-en-45545\/pagrindine-valdymo-sistema-copy\/#breadcrumb"},"inLanguage":"lt-LT","potentialAction":[{"@type":"ReadAction","target":["https:\/\/dev.myindustrial.eu\/lt\/shop\/pramoniniai-valdikliai-dzoistikai-ir-konsoles\/gelezinkelio-transporto-komandu-valdikliai-en-50155-ir-en-45545\/pagrindine-valdymo-sistema-copy\/"]}]},{"@type":"ImageObject","inLanguage":"lt-LT","@id":"https:\/\/dev.myindustrial.eu\/lt\/shop\/pramoniniai-valdikliai-dzoistikai-ir-konsoles\/gelezinkelio-transporto-komandu-valdikliai-en-50155-ir-en-45545\/pagrindine-valdymo-sistema-copy\/#primaryimage","url":"https:\/\/dev.myindustrial.eu\/wp-content\/uploads\/2022\/12\/preselector-switch_2-500x500.jpg","contentUrl":"https:\/\/dev.myindustrial.eu\/wp-content\/uploads\/2022\/12\/preselector-switch_2-500x500.jpg","width":500,"height":500},{"@type":"BreadcrumbList","@id":"https:\/\/dev.myindustrial.eu\/lt\/shop\/pramoniniai-valdikliai-dzoistikai-ir-konsoles\/gelezinkelio-transporto-komandu-valdikliai-en-50155-ir-en-45545\/pagrindine-valdymo-sistema-copy\/#breadcrumb","itemListElement":[{"@type":"ListItem","position":1,"name":"Home","item":"https:\/\/dev.myindustrial.eu\/lt\/"},{"@type":"ListItem","position":2,"name":"Products","item":"https:\/\/dev.myindustrial.eu\/lt\/products\/"},{"@type":"ListItem","position":3,"name":"Krypties jungiklio blokas"}]},{"@type":"WebSite","@id":"https:\/\/dev.myindustrial.eu\/lt\/#website","url":"https:\/\/dev.myindustrial.eu\/lt\/","name":"My industrial","description":"","potentialAction":[{"@type":"SearchAction","target":{"@type":"EntryPoint","urlTemplate":"https:\/\/dev.myindustrial.eu\/lt\/?s={search_term_string}"},"query-input":{"@type":"PropertyValueSpecification","valueRequired":true,"valueName":"search_term_string"}}],"inLanguage":"lt-LT"}]}},"_links":{"self":[{"href":"https:\/\/dev.myindustrial.eu\/lt\/wp-json\/wp\/v2\/product\/1260062170","targetHints":{"allow":["GET"]}}],"collection":[{"href":"https:\/\/dev.myindustrial.eu\/lt\/wp-json\/wp\/v2\/product"}],"about":[{"href":"https:\/\/dev.myindustrial.eu\/lt\/wp-json\/wp\/v2\/types\/product"}],"version-history":[{"count":0,"href":"https:\/\/dev.myindustrial.eu\/lt\/wp-json\/wp\/v2\/product\/1260062170\/revisions"}],"wp:featuredmedia":[{"embeddable":true,"href":"https:\/\/dev.myindustrial.eu\/lt\/wp-json\/wp\/v2\/media\/1260062176"}],"wp:attachment":[{"href":"https:\/\/dev.myindustrial.eu\/lt\/wp-json\/wp\/v2\/media?parent=1260062170"}],"wp:term":[{"taxonomy":"product_brand","embeddable":true,"href":"https:\/\/dev.myindustrial.eu\/lt\/wp-json\/wp\/v2\/product_brand?post=1260062170"},{"taxonomy":"product_cat","embeddable":true,"href":"https:\/\/dev.myindustrial.eu\/lt\/wp-json\/wp\/v2\/product_cat?post=1260062170"},{"taxonomy":"product_tag","embeddable":true,"href":"https:\/\/dev.myindustrial.eu\/lt\/wp-json\/wp\/v2\/product_tag?post=1260062170"}],"curies":[{"name":"wp","href":"https:\/\/api.w.org\/{rel}","templated":true}]}}