{"id":1260062693,"date":"2023-03-01T14:31:05","date_gmt":"2023-03-01T14:31:05","guid":{"rendered":"https:\/\/dev.myindustrial.eu\/?post_type=product&#038;p=1260062693"},"modified":"2023-06-16T20:47:08","modified_gmt":"2023-06-16T20:47:08","slug":"rankena-b36","status":"publish","type":"product","link":"https:\/\/dev.myindustrial.eu\/lt\/shop\/pramoniniai-valdikliai-dzoistikai-ir-konsoles\/rankenos-valdikliams-vairasvirtems\/rankena-b36\/","title":{"rendered":"Rankena B36"},"content":{"rendered":"<p>Techniniai duomenysDarbin\u0117 temperat\u016bra: nuo \u201340 \u00b0C iki +85 \u00b0CValdymo elemento apsaugos klas\u0117: iki IP67Kontakt\u0173 papildymas 1,5 A 24 V nuolat. sr. 13 (*1 0,1 A 24 V nuolat. sr.13)<iframe width=\"560\" height=\"315\" src=\"https:\/\/youtube.com\/shorts\/b7YO7IzGkus?feature=share\" frameborder=\"0\" allow=\"accelerometer; autoplay; clipboard-write; encrypted-media; gyroscope; picture-in-picture; web-share\" allowfullscreen><\/iframe><\/p>\n","protected":false},"excerpt":{"rendered":"<p>Rankena B36 turi \u012fvairi\u0173 \u012frangos variant\u0173, atitinkan\u010di\u0173 daugel\u012f reikalavim\u0173. Ji suderinama su m\u016bs\u0173 keli\u0173 a\u0161i\u0173 valdikliu arba montuojama ant hidraulini\u0173 pavar\u0173. Rankena turi labai lankst\u0173 laid\u0105 (0,1 mm\u00b2, 450 mm ilgio). Pavaros strypo tvirtinimo elementas gali b\u016bti tiekiamas su 12 mm (standartin\u0117) arba 10 mm skyle su sriegiu.<\/p>\n<p><a href=\"\/wp-content\/uploads\/2023\/03\/palm-grip-b36-1.pdf\" target=\"_blank\" rel=\"noopener\"><img decoding=\"async\" src=\"\/wp-content\/uploads\/2023\/02\/download-button-lt.svg\" \/><\/a><\/p>\n","protected":false},"featured_media":1260063114,"template":"","meta":[],"product_brand":[],"product_cat":[1368],"product_tag":[],"class_list":{"0":"post-1260062693","1":"product","2":"type-product","3":"status-publish","4":"has-post-thumbnail","6":"product_cat-rankenos-valdikliams-vairasvirtems","8":"first","9":"instock","10":"shipping-taxable","11":"product-type-simple"},"yoast_head":"<!-- This site is optimized with the Yoast SEO plugin v27.1.1 - https:\/\/yoast.com\/product\/yoast-seo-wordpress\/ -->\n<title>Rankena B36 - My industrial<\/title>\n<meta name=\"robots\" content=\"noindex, follow, max-snippet:-1, max-image-preview:large, max-video-preview:-1\" \/>\n<meta property=\"og:locale\" content=\"lt_LT\" \/>\n<meta property=\"og:type\" content=\"article\" \/>\n<meta property=\"og:title\" content=\"Rankena B36 - My industrial\" \/>\n<meta property=\"og:description\" content=\"Rankena B36 turi \u012fvairi\u0173 \u012frangos variant\u0173, atitinkan\u010di\u0173 daugel\u012f reikalavim\u0173. Ji suderinama su m\u016bs\u0173 keli\u0173 a\u0161i\u0173 valdikliu arba montuojama ant hidraulini\u0173 pavar\u0173. Rankena turi labai lankst\u0173 laid\u0105 (0,1 mm\u00b2, 450 mm ilgio). Pavaros strypo tvirtinimo elementas gali b\u016bti tiekiamas su 12 mm (standartin\u0117) arba 10 mm skyle su sriegiu.\" \/>\n<meta property=\"og:url\" content=\"https:\/\/dev.myindustrial.eu\/lt\/shop\/pramoniniai-valdikliai-dzoistikai-ir-konsoles\/rankenos-valdikliams-vairasvirtems\/rankena-b36\/\" \/>\n<meta property=\"og:site_name\" content=\"My industrial\" \/>\n<meta property=\"article:modified_time\" content=\"2023-06-16T20:47:08+00:00\" \/>\n<meta property=\"og:image\" content=\"https:\/\/dev.myindustrial.eu\/wp-content\/uploads\/2023\/03\/b36.webp\" \/>\n\t<meta property=\"og:image:width\" content=\"977\" \/>\n\t<meta property=\"og:image:height\" content=\"1031\" \/>\n\t<meta property=\"og:image:type\" content=\"image\/webp\" \/>\n<meta name=\"twitter:card\" content=\"summary_large_image\" \/>\n<script type=\"application\/ld+json\" class=\"yoast-schema-graph\">{\"@context\":\"https:\/\/schema.org\",\"@graph\":[{\"@type\":\"WebPage\",\"@id\":\"https:\/\/dev.myindustrial.eu\/lt\/shop\/pramoniniai-valdikliai-dzoistikai-ir-konsoles\/rankenos-valdikliams-vairasvirtems\/rankena-b36\/\",\"url\":\"https:\/\/dev.myindustrial.eu\/lt\/shop\/pramoniniai-valdikliai-dzoistikai-ir-konsoles\/rankenos-valdikliams-vairasvirtems\/rankena-b36\/\",\"name\":\"Rankena B36 - My industrial\",\"isPartOf\":{\"@id\":\"https:\/\/dev.myindustrial.eu\/lt\/#website\"},\"primaryImageOfPage\":{\"@id\":\"https:\/\/dev.myindustrial.eu\/lt\/shop\/pramoniniai-valdikliai-dzoistikai-ir-konsoles\/rankenos-valdikliams-vairasvirtems\/rankena-b36\/#primaryimage\"},\"image\":{\"@id\":\"https:\/\/dev.myindustrial.eu\/lt\/shop\/pramoniniai-valdikliai-dzoistikai-ir-konsoles\/rankenos-valdikliams-vairasvirtems\/rankena-b36\/#primaryimage\"},\"thumbnailUrl\":\"https:\/\/dev.myindustrial.eu\/wp-content\/uploads\/2023\/03\/b36.webp\",\"datePublished\":\"2023-03-01T14:31:05+00:00\",\"dateModified\":\"2023-06-16T20:47:08+00:00\",\"breadcrumb\":{\"@id\":\"https:\/\/dev.myindustrial.eu\/lt\/shop\/pramoniniai-valdikliai-dzoistikai-ir-konsoles\/rankenos-valdikliams-vairasvirtems\/rankena-b36\/#breadcrumb\"},\"inLanguage\":\"lt-LT\",\"potentialAction\":[{\"@type\":\"ReadAction\",\"target\":[\"https:\/\/dev.myindustrial.eu\/lt\/shop\/pramoniniai-valdikliai-dzoistikai-ir-konsoles\/rankenos-valdikliams-vairasvirtems\/rankena-b36\/\"]}]},{\"@type\":\"ImageObject\",\"inLanguage\":\"lt-LT\",\"@id\":\"https:\/\/dev.myindustrial.eu\/lt\/shop\/pramoniniai-valdikliai-dzoistikai-ir-konsoles\/rankenos-valdikliams-vairasvirtems\/rankena-b36\/#primaryimage\",\"url\":\"https:\/\/dev.myindustrial.eu\/wp-content\/uploads\/2023\/03\/b36.webp\",\"contentUrl\":\"https:\/\/dev.myindustrial.eu\/wp-content\/uploads\/2023\/03\/b36.webp\",\"width\":977,\"height\":1031},{\"@type\":\"BreadcrumbList\",\"@id\":\"https:\/\/dev.myindustrial.eu\/lt\/shop\/pramoniniai-valdikliai-dzoistikai-ir-konsoles\/rankenos-valdikliams-vairasvirtems\/rankena-b36\/#breadcrumb\",\"itemListElement\":[{\"@type\":\"ListItem\",\"position\":1,\"name\":\"Home\",\"item\":\"https:\/\/dev.myindustrial.eu\/lt\/\"},{\"@type\":\"ListItem\",\"position\":2,\"name\":\"Products\",\"item\":\"https:\/\/dev.myindustrial.eu\/lt\/products\/\"},{\"@type\":\"ListItem\",\"position\":3,\"name\":\"Rankena B36\"}]},{\"@type\":\"WebSite\",\"@id\":\"https:\/\/dev.myindustrial.eu\/lt\/#website\",\"url\":\"https:\/\/dev.myindustrial.eu\/lt\/\",\"name\":\"My industrial\",\"description\":\"\",\"potentialAction\":[{\"@type\":\"SearchAction\",\"target\":{\"@type\":\"EntryPoint\",\"urlTemplate\":\"https:\/\/dev.myindustrial.eu\/lt\/?s={search_term_string}\"},\"query-input\":{\"@type\":\"PropertyValueSpecification\",\"valueRequired\":true,\"valueName\":\"search_term_string\"}}],\"inLanguage\":\"lt-LT\"}]}<\/script>\n<!-- \/ Yoast SEO plugin. -->","yoast_head_json":{"title":"Rankena B36 - My industrial","robots":{"index":"noindex","follow":"follow","max-snippet":"max-snippet:-1","max-image-preview":"max-image-preview:large","max-video-preview":"max-video-preview:-1"},"og_locale":"lt_LT","og_type":"article","og_title":"Rankena B36 - My industrial","og_description":"Rankena B36 turi \u012fvairi\u0173 \u012frangos variant\u0173, atitinkan\u010di\u0173 daugel\u012f reikalavim\u0173. Ji suderinama su m\u016bs\u0173 keli\u0173 a\u0161i\u0173 valdikliu arba montuojama ant hidraulini\u0173 pavar\u0173. Rankena turi labai lankst\u0173 laid\u0105 (0,1 mm\u00b2, 450 mm ilgio). Pavaros strypo tvirtinimo elementas gali b\u016bti tiekiamas su 12 mm (standartin\u0117) arba 10 mm skyle su sriegiu.","og_url":"https:\/\/dev.myindustrial.eu\/lt\/shop\/pramoniniai-valdikliai-dzoistikai-ir-konsoles\/rankenos-valdikliams-vairasvirtems\/rankena-b36\/","og_site_name":"My industrial","article_modified_time":"2023-06-16T20:47:08+00:00","og_image":[{"width":977,"height":1031,"url":"https:\/\/dev.myindustrial.eu\/wp-content\/uploads\/2023\/03\/b36.webp","type":"image\/webp"}],"twitter_card":"summary_large_image","schema":{"@context":"https:\/\/schema.org","@graph":[{"@type":"WebPage","@id":"https:\/\/dev.myindustrial.eu\/lt\/shop\/pramoniniai-valdikliai-dzoistikai-ir-konsoles\/rankenos-valdikliams-vairasvirtems\/rankena-b36\/","url":"https:\/\/dev.myindustrial.eu\/lt\/shop\/pramoniniai-valdikliai-dzoistikai-ir-konsoles\/rankenos-valdikliams-vairasvirtems\/rankena-b36\/","name":"Rankena B36 - My industrial","isPartOf":{"@id":"https:\/\/dev.myindustrial.eu\/lt\/#website"},"primaryImageOfPage":{"@id":"https:\/\/dev.myindustrial.eu\/lt\/shop\/pramoniniai-valdikliai-dzoistikai-ir-konsoles\/rankenos-valdikliams-vairasvirtems\/rankena-b36\/#primaryimage"},"image":{"@id":"https:\/\/dev.myindustrial.eu\/lt\/shop\/pramoniniai-valdikliai-dzoistikai-ir-konsoles\/rankenos-valdikliams-vairasvirtems\/rankena-b36\/#primaryimage"},"thumbnailUrl":"https:\/\/dev.myindustrial.eu\/wp-content\/uploads\/2023\/03\/b36.webp","datePublished":"2023-03-01T14:31:05+00:00","dateModified":"2023-06-16T20:47:08+00:00","breadcrumb":{"@id":"https:\/\/dev.myindustrial.eu\/lt\/shop\/pramoniniai-valdikliai-dzoistikai-ir-konsoles\/rankenos-valdikliams-vairasvirtems\/rankena-b36\/#breadcrumb"},"inLanguage":"lt-LT","potentialAction":[{"@type":"ReadAction","target":["https:\/\/dev.myindustrial.eu\/lt\/shop\/pramoniniai-valdikliai-dzoistikai-ir-konsoles\/rankenos-valdikliams-vairasvirtems\/rankena-b36\/"]}]},{"@type":"ImageObject","inLanguage":"lt-LT","@id":"https:\/\/dev.myindustrial.eu\/lt\/shop\/pramoniniai-valdikliai-dzoistikai-ir-konsoles\/rankenos-valdikliams-vairasvirtems\/rankena-b36\/#primaryimage","url":"https:\/\/dev.myindustrial.eu\/wp-content\/uploads\/2023\/03\/b36.webp","contentUrl":"https:\/\/dev.myindustrial.eu\/wp-content\/uploads\/2023\/03\/b36.webp","width":977,"height":1031},{"@type":"BreadcrumbList","@id":"https:\/\/dev.myindustrial.eu\/lt\/shop\/pramoniniai-valdikliai-dzoistikai-ir-konsoles\/rankenos-valdikliams-vairasvirtems\/rankena-b36\/#breadcrumb","itemListElement":[{"@type":"ListItem","position":1,"name":"Home","item":"https:\/\/dev.myindustrial.eu\/lt\/"},{"@type":"ListItem","position":2,"name":"Products","item":"https:\/\/dev.myindustrial.eu\/lt\/products\/"},{"@type":"ListItem","position":3,"name":"Rankena B36"}]},{"@type":"WebSite","@id":"https:\/\/dev.myindustrial.eu\/lt\/#website","url":"https:\/\/dev.myindustrial.eu\/lt\/","name":"My industrial","description":"","potentialAction":[{"@type":"SearchAction","target":{"@type":"EntryPoint","urlTemplate":"https:\/\/dev.myindustrial.eu\/lt\/?s={search_term_string}"},"query-input":{"@type":"PropertyValueSpecification","valueRequired":true,"valueName":"search_term_string"}}],"inLanguage":"lt-LT"}]}},"_links":{"self":[{"href":"https:\/\/dev.myindustrial.eu\/lt\/wp-json\/wp\/v2\/product\/1260062693","targetHints":{"allow":["GET"]}}],"collection":[{"href":"https:\/\/dev.myindustrial.eu\/lt\/wp-json\/wp\/v2\/product"}],"about":[{"href":"https:\/\/dev.myindustrial.eu\/lt\/wp-json\/wp\/v2\/types\/product"}],"version-history":[{"count":0,"href":"https:\/\/dev.myindustrial.eu\/lt\/wp-json\/wp\/v2\/product\/1260062693\/revisions"}],"wp:featuredmedia":[{"embeddable":true,"href":"https:\/\/dev.myindustrial.eu\/lt\/wp-json\/wp\/v2\/media\/1260063114"}],"wp:attachment":[{"href":"https:\/\/dev.myindustrial.eu\/lt\/wp-json\/wp\/v2\/media?parent=1260062693"}],"wp:term":[{"taxonomy":"product_brand","embeddable":true,"href":"https:\/\/dev.myindustrial.eu\/lt\/wp-json\/wp\/v2\/product_brand?post=1260062693"},{"taxonomy":"product_cat","embeddable":true,"href":"https:\/\/dev.myindustrial.eu\/lt\/wp-json\/wp\/v2\/product_cat?post=1260062693"},{"taxonomy":"product_tag","embeddable":true,"href":"https:\/\/dev.myindustrial.eu\/lt\/wp-json\/wp\/v2\/product_tag?post=1260062693"}],"curies":[{"name":"wp","href":"https:\/\/api.w.org\/{rel}","templated":true}]}}