{"id":1260062793,"date":"2022-12-14T13:34:01","date_gmt":"2022-12-14T13:34:01","guid":{"rendered":"https:\/\/dev.myindustrial.eu\/shop\/be-kategorijos\/altman-electrical-electronic-projects\/"},"modified":"2023-06-16T20:47:24","modified_gmt":"2023-06-16T20:47:24","slug":"altmann-potenciometru-taikymas","status":"publish","type":"product","link":"https:\/\/dev.myindustrial.eu\/lt\/shop\/potenciometrai-ir-jutikliai\/individualus-sprendimai-altmann\/altmann-potenciometru-taikymas\/","title":{"rendered":"Altmann potenciometr\u0173 taikymas"},"content":{"rendered":"","protected":false},"excerpt":{"rendered":"<p><span style=\"font-weight: 400;\">Pritaikome pagal j\u016bs\u0173 reikalavimus ir galime sakyti: \u201eIndividualus u\u017esakymas \u2013 m\u016bs\u0173 stipryb\u0117!\u201c<\/span><\/p>\n<p>&nbsp;<\/p>\n<p><span style=\"font-weight: 400;\">Visus m\u016bs\u0173 standartinius gaminius galima keisti individualiai. Nuo standartini\u0173 iki pritaikyt\u0173 \u2013 tai vienas i\u0161 m\u016bs\u0173 i\u0161skirtini\u0173 privalum\u0173. \u012emanoma viskas \u2013 nuo serijin\u0117s gamybos iki pavieni\u0173 detali\u0173 gamybos.<\/span><\/p>\n<p><span style=\"font-weight: 400;\">\u0160iame skyriuje supa\u017eindiname su potenciometr\u0173 naudojimo galimyb\u0117mis ir j\u0173 taikymo sritimis.<\/span><\/p>\n","protected":false},"featured_media":1260061731,"template":"","meta":[],"product_brand":[],"product_cat":[1285,1636],"product_tag":[],"class_list":{"0":"post-1260062793","1":"product","2":"type-product","3":"status-publish","4":"has-post-thumbnail","6":"product_cat-potenciometrai-ir-jutikliai","7":"product_cat-individualus-sprendimai-altmann","9":"first","10":"instock","11":"shipping-taxable","12":"product-type-simple"},"yoast_head":"<!-- This site is optimized with the Yoast SEO plugin v27.1.1 - https:\/\/yoast.com\/product\/yoast-seo-wordpress\/ -->\n<title>Altmann potenciometr\u0173 taikymas - My industrial<\/title>\n<meta name=\"robots\" content=\"noindex, follow, max-snippet:-1, max-image-preview:large, max-video-preview:-1\" \/>\n<meta property=\"og:locale\" content=\"lt_LT\" \/>\n<meta property=\"og:type\" content=\"article\" \/>\n<meta property=\"og:title\" content=\"Altmann potenciometr\u0173 taikymas - My industrial\" \/>\n<meta property=\"og:description\" content=\"Pritaikome pagal j\u016bs\u0173 reikalavimus ir galime sakyti: \u201eIndividualus u\u017esakymas \u2013 m\u016bs\u0173 stipryb\u0117!\u201c  &nbsp;  Visus m\u016bs\u0173 standartinius gaminius galima keisti individualiai. Nuo standartini\u0173 iki pritaikyt\u0173 \u2013 tai vienas i\u0161 m\u016bs\u0173 i\u0161skirtini\u0173 privalum\u0173. \u012emanoma viskas \u2013 nuo serijin\u0117s gamybos iki pavieni\u0173 detali\u0173 gamybos.  \u0160iame skyriuje supa\u017eindiname su potenciometr\u0173 naudojimo galimyb\u0117mis ir j\u0173 taikymo sritimis.\" \/>\n<meta property=\"og:url\" content=\"https:\/\/dev.myindustrial.eu\/lt\/shop\/potenciometrai-ir-jutikliai\/individualus-sprendimai-altmann\/altmann-potenciometru-taikymas\/\" \/>\n<meta property=\"og:site_name\" content=\"My industrial\" \/>\n<meta property=\"article:modified_time\" content=\"2023-06-16T20:47:24+00:00\" \/>\n<meta property=\"og:image\" content=\"https:\/\/dev.myindustrial.eu\/wp-content\/uploads\/2022\/11\/altmann-logo-small-pic.webp\" \/>\n\t<meta property=\"og:image:width\" content=\"800\" \/>\n\t<meta property=\"og:image:height\" content=\"800\" \/>\n\t<meta property=\"og:image:type\" content=\"image\/webp\" \/>\n<meta name=\"twitter:card\" content=\"summary_large_image\" \/>\n<script type=\"application\/ld+json\" class=\"yoast-schema-graph\">{\"@context\":\"https:\/\/schema.org\",\"@graph\":[{\"@type\":\"WebPage\",\"@id\":\"https:\/\/dev.myindustrial.eu\/lt\/shop\/potenciometrai-ir-jutikliai\/individualus-sprendimai-altmann\/altmann-potenciometru-taikymas\/\",\"url\":\"https:\/\/dev.myindustrial.eu\/lt\/shop\/potenciometrai-ir-jutikliai\/individualus-sprendimai-altmann\/altmann-potenciometru-taikymas\/\",\"name\":\"Altmann potenciometr\u0173 taikymas - My industrial\",\"isPartOf\":{\"@id\":\"https:\/\/dev.myindustrial.eu\/lt\/#website\"},\"primaryImageOfPage\":{\"@id\":\"https:\/\/dev.myindustrial.eu\/lt\/shop\/potenciometrai-ir-jutikliai\/individualus-sprendimai-altmann\/altmann-potenciometru-taikymas\/#primaryimage\"},\"image\":{\"@id\":\"https:\/\/dev.myindustrial.eu\/lt\/shop\/potenciometrai-ir-jutikliai\/individualus-sprendimai-altmann\/altmann-potenciometru-taikymas\/#primaryimage\"},\"thumbnailUrl\":\"https:\/\/dev.myindustrial.eu\/wp-content\/uploads\/2022\/11\/altmann-logo-small-pic.webp\",\"datePublished\":\"2022-12-14T13:34:01+00:00\",\"dateModified\":\"2023-06-16T20:47:24+00:00\",\"breadcrumb\":{\"@id\":\"https:\/\/dev.myindustrial.eu\/lt\/shop\/potenciometrai-ir-jutikliai\/individualus-sprendimai-altmann\/altmann-potenciometru-taikymas\/#breadcrumb\"},\"inLanguage\":\"lt-LT\",\"potentialAction\":[{\"@type\":\"ReadAction\",\"target\":[\"https:\/\/dev.myindustrial.eu\/lt\/shop\/potenciometrai-ir-jutikliai\/individualus-sprendimai-altmann\/altmann-potenciometru-taikymas\/\"]}]},{\"@type\":\"ImageObject\",\"inLanguage\":\"lt-LT\",\"@id\":\"https:\/\/dev.myindustrial.eu\/lt\/shop\/potenciometrai-ir-jutikliai\/individualus-sprendimai-altmann\/altmann-potenciometru-taikymas\/#primaryimage\",\"url\":\"https:\/\/dev.myindustrial.eu\/wp-content\/uploads\/2022\/11\/altmann-logo-small-pic.webp\",\"contentUrl\":\"https:\/\/dev.myindustrial.eu\/wp-content\/uploads\/2022\/11\/altmann-logo-small-pic.webp\",\"width\":800,\"height\":800},{\"@type\":\"BreadcrumbList\",\"@id\":\"https:\/\/dev.myindustrial.eu\/lt\/shop\/potenciometrai-ir-jutikliai\/individualus-sprendimai-altmann\/altmann-potenciometru-taikymas\/#breadcrumb\",\"itemListElement\":[{\"@type\":\"ListItem\",\"position\":1,\"name\":\"Home\",\"item\":\"https:\/\/dev.myindustrial.eu\/lt\/\"},{\"@type\":\"ListItem\",\"position\":2,\"name\":\"Products\",\"item\":\"https:\/\/dev.myindustrial.eu\/lt\/products\/\"},{\"@type\":\"ListItem\",\"position\":3,\"name\":\"Altmann potenciometr\u0173 taikymas\"}]},{\"@type\":\"WebSite\",\"@id\":\"https:\/\/dev.myindustrial.eu\/lt\/#website\",\"url\":\"https:\/\/dev.myindustrial.eu\/lt\/\",\"name\":\"My industrial\",\"description\":\"\",\"potentialAction\":[{\"@type\":\"SearchAction\",\"target\":{\"@type\":\"EntryPoint\",\"urlTemplate\":\"https:\/\/dev.myindustrial.eu\/lt\/?s={search_term_string}\"},\"query-input\":{\"@type\":\"PropertyValueSpecification\",\"valueRequired\":true,\"valueName\":\"search_term_string\"}}],\"inLanguage\":\"lt-LT\"}]}<\/script>\n<!-- \/ Yoast SEO plugin. -->","yoast_head_json":{"title":"Altmann potenciometr\u0173 taikymas - My industrial","robots":{"index":"noindex","follow":"follow","max-snippet":"max-snippet:-1","max-image-preview":"max-image-preview:large","max-video-preview":"max-video-preview:-1"},"og_locale":"lt_LT","og_type":"article","og_title":"Altmann potenciometr\u0173 taikymas - My industrial","og_description":"Pritaikome pagal j\u016bs\u0173 reikalavimus ir galime sakyti: \u201eIndividualus u\u017esakymas \u2013 m\u016bs\u0173 stipryb\u0117!\u201c  &nbsp;  Visus m\u016bs\u0173 standartinius gaminius galima keisti individualiai. Nuo standartini\u0173 iki pritaikyt\u0173 \u2013 tai vienas i\u0161 m\u016bs\u0173 i\u0161skirtini\u0173 privalum\u0173. \u012emanoma viskas \u2013 nuo serijin\u0117s gamybos iki pavieni\u0173 detali\u0173 gamybos.  \u0160iame skyriuje supa\u017eindiname su potenciometr\u0173 naudojimo galimyb\u0117mis ir j\u0173 taikymo sritimis.","og_url":"https:\/\/dev.myindustrial.eu\/lt\/shop\/potenciometrai-ir-jutikliai\/individualus-sprendimai-altmann\/altmann-potenciometru-taikymas\/","og_site_name":"My industrial","article_modified_time":"2023-06-16T20:47:24+00:00","og_image":[{"width":800,"height":800,"url":"https:\/\/dev.myindustrial.eu\/wp-content\/uploads\/2022\/11\/altmann-logo-small-pic.webp","type":"image\/webp"}],"twitter_card":"summary_large_image","schema":{"@context":"https:\/\/schema.org","@graph":[{"@type":"WebPage","@id":"https:\/\/dev.myindustrial.eu\/lt\/shop\/potenciometrai-ir-jutikliai\/individualus-sprendimai-altmann\/altmann-potenciometru-taikymas\/","url":"https:\/\/dev.myindustrial.eu\/lt\/shop\/potenciometrai-ir-jutikliai\/individualus-sprendimai-altmann\/altmann-potenciometru-taikymas\/","name":"Altmann potenciometr\u0173 taikymas - My industrial","isPartOf":{"@id":"https:\/\/dev.myindustrial.eu\/lt\/#website"},"primaryImageOfPage":{"@id":"https:\/\/dev.myindustrial.eu\/lt\/shop\/potenciometrai-ir-jutikliai\/individualus-sprendimai-altmann\/altmann-potenciometru-taikymas\/#primaryimage"},"image":{"@id":"https:\/\/dev.myindustrial.eu\/lt\/shop\/potenciometrai-ir-jutikliai\/individualus-sprendimai-altmann\/altmann-potenciometru-taikymas\/#primaryimage"},"thumbnailUrl":"https:\/\/dev.myindustrial.eu\/wp-content\/uploads\/2022\/11\/altmann-logo-small-pic.webp","datePublished":"2022-12-14T13:34:01+00:00","dateModified":"2023-06-16T20:47:24+00:00","breadcrumb":{"@id":"https:\/\/dev.myindustrial.eu\/lt\/shop\/potenciometrai-ir-jutikliai\/individualus-sprendimai-altmann\/altmann-potenciometru-taikymas\/#breadcrumb"},"inLanguage":"lt-LT","potentialAction":[{"@type":"ReadAction","target":["https:\/\/dev.myindustrial.eu\/lt\/shop\/potenciometrai-ir-jutikliai\/individualus-sprendimai-altmann\/altmann-potenciometru-taikymas\/"]}]},{"@type":"ImageObject","inLanguage":"lt-LT","@id":"https:\/\/dev.myindustrial.eu\/lt\/shop\/potenciometrai-ir-jutikliai\/individualus-sprendimai-altmann\/altmann-potenciometru-taikymas\/#primaryimage","url":"https:\/\/dev.myindustrial.eu\/wp-content\/uploads\/2022\/11\/altmann-logo-small-pic.webp","contentUrl":"https:\/\/dev.myindustrial.eu\/wp-content\/uploads\/2022\/11\/altmann-logo-small-pic.webp","width":800,"height":800},{"@type":"BreadcrumbList","@id":"https:\/\/dev.myindustrial.eu\/lt\/shop\/potenciometrai-ir-jutikliai\/individualus-sprendimai-altmann\/altmann-potenciometru-taikymas\/#breadcrumb","itemListElement":[{"@type":"ListItem","position":1,"name":"Home","item":"https:\/\/dev.myindustrial.eu\/lt\/"},{"@type":"ListItem","position":2,"name":"Products","item":"https:\/\/dev.myindustrial.eu\/lt\/products\/"},{"@type":"ListItem","position":3,"name":"Altmann potenciometr\u0173 taikymas"}]},{"@type":"WebSite","@id":"https:\/\/dev.myindustrial.eu\/lt\/#website","url":"https:\/\/dev.myindustrial.eu\/lt\/","name":"My industrial","description":"","potentialAction":[{"@type":"SearchAction","target":{"@type":"EntryPoint","urlTemplate":"https:\/\/dev.myindustrial.eu\/lt\/?s={search_term_string}"},"query-input":{"@type":"PropertyValueSpecification","valueRequired":true,"valueName":"search_term_string"}}],"inLanguage":"lt-LT"}]}},"_links":{"self":[{"href":"https:\/\/dev.myindustrial.eu\/lt\/wp-json\/wp\/v2\/product\/1260062793","targetHints":{"allow":["GET"]}}],"collection":[{"href":"https:\/\/dev.myindustrial.eu\/lt\/wp-json\/wp\/v2\/product"}],"about":[{"href":"https:\/\/dev.myindustrial.eu\/lt\/wp-json\/wp\/v2\/types\/product"}],"version-history":[{"count":0,"href":"https:\/\/dev.myindustrial.eu\/lt\/wp-json\/wp\/v2\/product\/1260062793\/revisions"}],"wp:featuredmedia":[{"embeddable":true,"href":"https:\/\/dev.myindustrial.eu\/lt\/wp-json\/wp\/v2\/media\/1260061731"}],"wp:attachment":[{"href":"https:\/\/dev.myindustrial.eu\/lt\/wp-json\/wp\/v2\/media?parent=1260062793"}],"wp:term":[{"taxonomy":"product_brand","embeddable":true,"href":"https:\/\/dev.myindustrial.eu\/lt\/wp-json\/wp\/v2\/product_brand?post=1260062793"},{"taxonomy":"product_cat","embeddable":true,"href":"https:\/\/dev.myindustrial.eu\/lt\/wp-json\/wp\/v2\/product_cat?post=1260062793"},{"taxonomy":"product_tag","embeddable":true,"href":"https:\/\/dev.myindustrial.eu\/lt\/wp-json\/wp\/v2\/product_tag?post=1260062793"}],"curies":[{"name":"wp","href":"https:\/\/api.w.org\/{rel}","templated":true}]}}