{"id":1260063017,"date":"2022-11-21T14:18:16","date_gmt":"2022-11-21T14:18:16","guid":{"rendered":"https:\/\/dev.myindustrial.eu\/shop\/be-kategorijos\/altman-potenciometras-su-specialiais-adapteriais\/"},"modified":"2023-06-16T20:47:40","modified_gmt":"2023-06-16T20:47:40","slug":"altman-potenciometras-su-specialiais-adapteriais","status":"publish","type":"product","link":"https:\/\/dev.myindustrial.eu\/lt\/shop\/potenciometrai-ir-jutikliai\/individualus-sprendimai-altmann\/altman-potenciometras-su-specialiais-adapteriais\/","title":{"rendered":"Altmann potenciometras su specialiais adapteriais"},"content":{"rendered":"<p><b>Nuo standartinio iki specializuoto \u2013 individualus tikslumas<\/b>M\u016bs\u0173 standartin\u0117 gamini\u0173 programa apima klientams pritaikytus individualius ir specialius sprendimus, kuriuose daugiausia d\u0117mesio skiriama kokybei ir tinkamam s\u0105naud\u0173 santykiui. Atsi\u017evelgdami \u012f j\u016bs\u0173 poreikius, si\u016blome vis\u0105 k\u016brimo proces\u0105. Norint pritaikyti gamin\u012f tiek elektriniu, tiek mechaniniu po\u017ei\u016briu, reikia nuodugniai i\u0161tirti galutin\u012f gamin\u012f. Papasakokite mums apie savo reikalavimus ir mes sukursime jums tinkam\u0105 gamin\u012f.Kartu su jumis parengsime individualius sprendimus su gamini\u0173 apdaila arba be jos \u2013 pagal j\u016bs\u0173 pageidavim\u0105. Si\u016blome galimybi\u0173 studijas, pl\u0117tros ir projekt\u0173 planavim\u0105, taip pat bandom\u0173j\u0173 dali\u0173 ir serij\u0173 bandymus. Nuo projekto planavimo iki serijin\u0117s gamybos prad\u017eios \u2013 mes b\u016bsime j\u016bs\u0173 pus\u0117je.<b><a href=\"https:\/\/dev.myindustrial.eu\/wp-content\/uploads\/2022\/11\/low-torque-resistors.png\"><img fetchpriority=\"high\" decoding=\"async\" class=\"alignnone wp-image-1260061694\" src=\"https:\/\/dev.myindustrial.eu\/wp-content\/uploads\/2022\/11\/low-torque-resistors.png\" alt=\"\" width=\"226\" height=\"227\" \/><\/a><\/b><b>Nuosavas \u012franki\u0173, form\u0173 projektavimas ir konstravimas<\/b>Turime savo \u012franki\u0173 gamybos, \u012frangos, form\u0173 ir \u0161tamp\u0173 konstrukcijas, kurios sudaro m\u016bs\u0173 i\u0161ankstinio gaminimo pagrind\u0105. I\u0161ankstin\u0117 gamyba apima ne tik smulk\u0173 mechanin\u012f metalo apdirbim\u0105, bet ir liejimo form\u0173 gamyb\u0105. Pageidaujant, prototipai ir i\u0161ankstin\u0117s serijos bus gaminami tiesiogiai ir greitai m\u016bs\u0173 gamykloje. Pakeitim\u0173 pra\u0161ymai gali b\u016bti greitai \u012fgyvendinami.<b><a href=\"https:\/\/dev.myindustrial.eu\/wp-content\/uploads\/2022\/11\/profi-adapter2-1.png\"><img decoding=\"async\" class=\"alignnone wp-image-1260061674\" src=\"https:\/\/dev.myindustrial.eu\/wp-content\/uploads\/2022\/11\/profi-adapter2-1.png\" alt=\"\" width=\"171\" height=\"155\" \/><\/a><\/b><b>K\u016brimas ir gamyba m\u016bs\u0173 gamykloje<\/b>Visi etapai nuo pirmojo kontakto po gaminio suk\u016brimo iki serijin\u0117s gamybos prad\u017eios atliekami m\u016bs\u0173 \u012fmon\u0117je. Viskas tvarkoma optimizuotais procesais. Taip sutaupysite laiko ir tur\u0117site tik vien\u0105 kontaktin\u012f asmen\u012f, kuris r\u016bpinsis visais klausimais.&nbsp;<b><a href=\"https:\/\/dev.myindustrial.eu\/wp-content\/uploads\/2022\/11\/low-torque-resistors1-348x435.jpg\"><img decoding=\"async\" class=\"alignnone wp-image-1260061699\" src=\"https:\/\/dev.myindustrial.eu\/wp-content\/uploads\/2022\/11\/low-torque-resistors1-348x435.jpg\" alt=\"\" width=\"201\" height=\"251\" \/><\/a><\/b><\/p>\n","protected":false},"excerpt":{"rendered":"<p>Nuo standartinio iki specializuoto \u2013 individualus tikslumasM\u016bs\u0173 standartin\u0117 gamini\u0173 programa apima klientams pritaikytus individualius ir specialius sprendimus, kuriuose daugiausia d\u0117mesio<\/p>\n","protected":false},"featured_media":1260061731,"template":"","meta":[],"product_brand":[],"product_cat":[1285,1636],"product_tag":[],"class_list":{"0":"post-1260063017","1":"product","2":"type-product","3":"status-publish","4":"has-post-thumbnail","6":"product_cat-potenciometrai-ir-jutikliai","7":"product_cat-individualus-sprendimai-altmann","9":"first","10":"instock","11":"shipping-taxable","12":"product-type-simple"},"yoast_head":"<!-- This site is optimized with the Yoast SEO plugin v27.1.1 - https:\/\/yoast.com\/product\/yoast-seo-wordpress\/ -->\n<title>Altmann potenciometras su specialiais adapteriais - My industrial<\/title>\n<meta name=\"robots\" content=\"noindex, follow, max-snippet:-1, max-image-preview:large, max-video-preview:-1\" \/>\n<meta property=\"og:locale\" content=\"lt_LT\" \/>\n<meta property=\"og:type\" content=\"article\" \/>\n<meta property=\"og:title\" content=\"Altmann potenciometras su specialiais adapteriais - My industrial\" \/>\n<meta property=\"og:description\" content=\"Nuo standartinio iki specializuoto \u2013 individualus tikslumasM\u016bs\u0173 standartin\u0117 gamini\u0173 programa apima klientams pritaikytus individualius ir specialius sprendimus, kuriuose daugiausia d\u0117mesio\" \/>\n<meta property=\"og:url\" content=\"https:\/\/dev.myindustrial.eu\/lt\/shop\/potenciometrai-ir-jutikliai\/individualus-sprendimai-altmann\/altman-potenciometras-su-specialiais-adapteriais\/\" \/>\n<meta property=\"og:site_name\" content=\"My industrial\" \/>\n<meta property=\"article:modified_time\" content=\"2023-06-16T20:47:40+00:00\" \/>\n<meta property=\"og:image\" content=\"https:\/\/dev.myindustrial.eu\/wp-content\/uploads\/2022\/11\/altmann-logo-small-pic.webp\" \/>\n\t<meta property=\"og:image:width\" content=\"800\" \/>\n\t<meta property=\"og:image:height\" content=\"800\" \/>\n\t<meta property=\"og:image:type\" content=\"image\/webp\" \/>\n<meta name=\"twitter:card\" content=\"summary_large_image\" \/>\n<script type=\"application\/ld+json\" class=\"yoast-schema-graph\">{\"@context\":\"https:\/\/schema.org\",\"@graph\":[{\"@type\":\"WebPage\",\"@id\":\"https:\/\/dev.myindustrial.eu\/lt\/shop\/potenciometrai-ir-jutikliai\/individualus-sprendimai-altmann\/altman-potenciometras-su-specialiais-adapteriais\/\",\"url\":\"https:\/\/dev.myindustrial.eu\/lt\/shop\/potenciometrai-ir-jutikliai\/individualus-sprendimai-altmann\/altman-potenciometras-su-specialiais-adapteriais\/\",\"name\":\"Altmann potenciometras su specialiais adapteriais - My industrial\",\"isPartOf\":{\"@id\":\"https:\/\/dev.myindustrial.eu\/lt\/#website\"},\"primaryImageOfPage\":{\"@id\":\"https:\/\/dev.myindustrial.eu\/lt\/shop\/potenciometrai-ir-jutikliai\/individualus-sprendimai-altmann\/altman-potenciometras-su-specialiais-adapteriais\/#primaryimage\"},\"image\":{\"@id\":\"https:\/\/dev.myindustrial.eu\/lt\/shop\/potenciometrai-ir-jutikliai\/individualus-sprendimai-altmann\/altman-potenciometras-su-specialiais-adapteriais\/#primaryimage\"},\"thumbnailUrl\":\"https:\/\/dev.myindustrial.eu\/wp-content\/uploads\/2022\/11\/altmann-logo-small-pic.webp\",\"datePublished\":\"2022-11-21T14:18:16+00:00\",\"dateModified\":\"2023-06-16T20:47:40+00:00\",\"breadcrumb\":{\"@id\":\"https:\/\/dev.myindustrial.eu\/lt\/shop\/potenciometrai-ir-jutikliai\/individualus-sprendimai-altmann\/altman-potenciometras-su-specialiais-adapteriais\/#breadcrumb\"},\"inLanguage\":\"lt-LT\",\"potentialAction\":[{\"@type\":\"ReadAction\",\"target\":[\"https:\/\/dev.myindustrial.eu\/lt\/shop\/potenciometrai-ir-jutikliai\/individualus-sprendimai-altmann\/altman-potenciometras-su-specialiais-adapteriais\/\"]}]},{\"@type\":\"ImageObject\",\"inLanguage\":\"lt-LT\",\"@id\":\"https:\/\/dev.myindustrial.eu\/lt\/shop\/potenciometrai-ir-jutikliai\/individualus-sprendimai-altmann\/altman-potenciometras-su-specialiais-adapteriais\/#primaryimage\",\"url\":\"https:\/\/dev.myindustrial.eu\/wp-content\/uploads\/2022\/11\/altmann-logo-small-pic.webp\",\"contentUrl\":\"https:\/\/dev.myindustrial.eu\/wp-content\/uploads\/2022\/11\/altmann-logo-small-pic.webp\",\"width\":800,\"height\":800},{\"@type\":\"BreadcrumbList\",\"@id\":\"https:\/\/dev.myindustrial.eu\/lt\/shop\/potenciometrai-ir-jutikliai\/individualus-sprendimai-altmann\/altman-potenciometras-su-specialiais-adapteriais\/#breadcrumb\",\"itemListElement\":[{\"@type\":\"ListItem\",\"position\":1,\"name\":\"Home\",\"item\":\"https:\/\/dev.myindustrial.eu\/lt\/\"},{\"@type\":\"ListItem\",\"position\":2,\"name\":\"Products\",\"item\":\"https:\/\/dev.myindustrial.eu\/lt\/products\/\"},{\"@type\":\"ListItem\",\"position\":3,\"name\":\"Altmann potenciometras su specialiais adapteriais\"}]},{\"@type\":\"WebSite\",\"@id\":\"https:\/\/dev.myindustrial.eu\/lt\/#website\",\"url\":\"https:\/\/dev.myindustrial.eu\/lt\/\",\"name\":\"My industrial\",\"description\":\"\",\"potentialAction\":[{\"@type\":\"SearchAction\",\"target\":{\"@type\":\"EntryPoint\",\"urlTemplate\":\"https:\/\/dev.myindustrial.eu\/lt\/?s={search_term_string}\"},\"query-input\":{\"@type\":\"PropertyValueSpecification\",\"valueRequired\":true,\"valueName\":\"search_term_string\"}}],\"inLanguage\":\"lt-LT\"}]}<\/script>\n<!-- \/ Yoast SEO plugin. -->","yoast_head_json":{"title":"Altmann potenciometras su specialiais adapteriais - My industrial","robots":{"index":"noindex","follow":"follow","max-snippet":"max-snippet:-1","max-image-preview":"max-image-preview:large","max-video-preview":"max-video-preview:-1"},"og_locale":"lt_LT","og_type":"article","og_title":"Altmann potenciometras su specialiais adapteriais - My industrial","og_description":"Nuo standartinio iki specializuoto \u2013 individualus tikslumasM\u016bs\u0173 standartin\u0117 gamini\u0173 programa apima klientams pritaikytus individualius ir specialius sprendimus, kuriuose daugiausia d\u0117mesio","og_url":"https:\/\/dev.myindustrial.eu\/lt\/shop\/potenciometrai-ir-jutikliai\/individualus-sprendimai-altmann\/altman-potenciometras-su-specialiais-adapteriais\/","og_site_name":"My industrial","article_modified_time":"2023-06-16T20:47:40+00:00","og_image":[{"width":800,"height":800,"url":"https:\/\/dev.myindustrial.eu\/wp-content\/uploads\/2022\/11\/altmann-logo-small-pic.webp","type":"image\/webp"}],"twitter_card":"summary_large_image","schema":{"@context":"https:\/\/schema.org","@graph":[{"@type":"WebPage","@id":"https:\/\/dev.myindustrial.eu\/lt\/shop\/potenciometrai-ir-jutikliai\/individualus-sprendimai-altmann\/altman-potenciometras-su-specialiais-adapteriais\/","url":"https:\/\/dev.myindustrial.eu\/lt\/shop\/potenciometrai-ir-jutikliai\/individualus-sprendimai-altmann\/altman-potenciometras-su-specialiais-adapteriais\/","name":"Altmann potenciometras su specialiais adapteriais - My industrial","isPartOf":{"@id":"https:\/\/dev.myindustrial.eu\/lt\/#website"},"primaryImageOfPage":{"@id":"https:\/\/dev.myindustrial.eu\/lt\/shop\/potenciometrai-ir-jutikliai\/individualus-sprendimai-altmann\/altman-potenciometras-su-specialiais-adapteriais\/#primaryimage"},"image":{"@id":"https:\/\/dev.myindustrial.eu\/lt\/shop\/potenciometrai-ir-jutikliai\/individualus-sprendimai-altmann\/altman-potenciometras-su-specialiais-adapteriais\/#primaryimage"},"thumbnailUrl":"https:\/\/dev.myindustrial.eu\/wp-content\/uploads\/2022\/11\/altmann-logo-small-pic.webp","datePublished":"2022-11-21T14:18:16+00:00","dateModified":"2023-06-16T20:47:40+00:00","breadcrumb":{"@id":"https:\/\/dev.myindustrial.eu\/lt\/shop\/potenciometrai-ir-jutikliai\/individualus-sprendimai-altmann\/altman-potenciometras-su-specialiais-adapteriais\/#breadcrumb"},"inLanguage":"lt-LT","potentialAction":[{"@type":"ReadAction","target":["https:\/\/dev.myindustrial.eu\/lt\/shop\/potenciometrai-ir-jutikliai\/individualus-sprendimai-altmann\/altman-potenciometras-su-specialiais-adapteriais\/"]}]},{"@type":"ImageObject","inLanguage":"lt-LT","@id":"https:\/\/dev.myindustrial.eu\/lt\/shop\/potenciometrai-ir-jutikliai\/individualus-sprendimai-altmann\/altman-potenciometras-su-specialiais-adapteriais\/#primaryimage","url":"https:\/\/dev.myindustrial.eu\/wp-content\/uploads\/2022\/11\/altmann-logo-small-pic.webp","contentUrl":"https:\/\/dev.myindustrial.eu\/wp-content\/uploads\/2022\/11\/altmann-logo-small-pic.webp","width":800,"height":800},{"@type":"BreadcrumbList","@id":"https:\/\/dev.myindustrial.eu\/lt\/shop\/potenciometrai-ir-jutikliai\/individualus-sprendimai-altmann\/altman-potenciometras-su-specialiais-adapteriais\/#breadcrumb","itemListElement":[{"@type":"ListItem","position":1,"name":"Home","item":"https:\/\/dev.myindustrial.eu\/lt\/"},{"@type":"ListItem","position":2,"name":"Products","item":"https:\/\/dev.myindustrial.eu\/lt\/products\/"},{"@type":"ListItem","position":3,"name":"Altmann potenciometras su specialiais adapteriais"}]},{"@type":"WebSite","@id":"https:\/\/dev.myindustrial.eu\/lt\/#website","url":"https:\/\/dev.myindustrial.eu\/lt\/","name":"My industrial","description":"","potentialAction":[{"@type":"SearchAction","target":{"@type":"EntryPoint","urlTemplate":"https:\/\/dev.myindustrial.eu\/lt\/?s={search_term_string}"},"query-input":{"@type":"PropertyValueSpecification","valueRequired":true,"valueName":"search_term_string"}}],"inLanguage":"lt-LT"}]}},"_links":{"self":[{"href":"https:\/\/dev.myindustrial.eu\/lt\/wp-json\/wp\/v2\/product\/1260063017","targetHints":{"allow":["GET"]}}],"collection":[{"href":"https:\/\/dev.myindustrial.eu\/lt\/wp-json\/wp\/v2\/product"}],"about":[{"href":"https:\/\/dev.myindustrial.eu\/lt\/wp-json\/wp\/v2\/types\/product"}],"version-history":[{"count":1,"href":"https:\/\/dev.myindustrial.eu\/lt\/wp-json\/wp\/v2\/product\/1260063017\/revisions"}],"predecessor-version":[{"id":1260063018,"href":"https:\/\/dev.myindustrial.eu\/lt\/wp-json\/wp\/v2\/product\/1260063017\/revisions\/1260063018"}],"wp:featuredmedia":[{"embeddable":true,"href":"https:\/\/dev.myindustrial.eu\/lt\/wp-json\/wp\/v2\/media\/1260061731"}],"wp:attachment":[{"href":"https:\/\/dev.myindustrial.eu\/lt\/wp-json\/wp\/v2\/media?parent=1260063017"}],"wp:term":[{"taxonomy":"product_brand","embeddable":true,"href":"https:\/\/dev.myindustrial.eu\/lt\/wp-json\/wp\/v2\/product_brand?post=1260063017"},{"taxonomy":"product_cat","embeddable":true,"href":"https:\/\/dev.myindustrial.eu\/lt\/wp-json\/wp\/v2\/product_cat?post=1260063017"},{"taxonomy":"product_tag","embeddable":true,"href":"https:\/\/dev.myindustrial.eu\/lt\/wp-json\/wp\/v2\/product_tag?post=1260063017"}],"curies":[{"name":"wp","href":"https:\/\/api.w.org\/{rel}","templated":true}]}}