{"id":1260063033,"date":"2023-03-10T13:18:05","date_gmt":"2023-03-10T13:18:05","guid":{"rendered":"https:\/\/dev.myindustrial.eu\/shop\/be-kategorijos\/gessmann-lever-switch-s51\/"},"modified":"2023-06-16T20:47:08","modified_gmt":"2023-06-16T20:47:08","slug":"gessmann-lever-switch-s51","status":"publish","type":"product","link":"https:\/\/dev.myindustrial.eu\/lt\/shop\/pramoniniai-valdikliai-dzoistikai-ir-konsoles\/valdymo-elementai\/gessmann-lever-switch-s51\/","title":{"rendered":"Svirtinis jungiklis S51"},"content":{"rendered":"","protected":false},"excerpt":{"rendered":"<p>Specialiai gele\u017einkeli\u0173 sektoriui sukurta S51 svirtini\u0173 jungikli\u0173 serija pasi\u017eymi dideliu tvirtumu ir ilgaam\u017ei\u0161kumu. Paprastai \u0161is auk\u0161tos kokyb\u0117s gaminys naudojamas gele\u017einkelio traukos riedmen\u0173 ma\u0161inisto kabinos pultelyje.<br \/>\nKuriant buvo laikomasi vis\u0173 galiojan\u010di\u0173 standart\u0173 (EN 50155, UIC 612, EN 45545&#8230;).<\/p>\n<p>Techniniai duomenys<br \/>\nDeformacijos kampas I\u0161 viso: \u00b1 34\u00b0 ( \u201334\u00b0 \/ \u201317\u00b0 \/ 0\u00b0 \/ +17\u00b0 \/ +34\u00b0)<br \/>\nMechaninis tarnavimo laikas: 3 milijonai darbo cikl\u0173<br \/>\nAplinkos temperat\u016bros diapazonas: nuo \u201325 \u00b0C iki +70 \u00b0C (OT3 pagal EN50155)<br \/>\nApsaugos klas\u0117: IP54 (vir\u0161 montavimo plok\u0161t\u0117s). IP20 (po montavimo plok\u0161te)<br \/>\nMaitinimo \u012ftampa: 24 V nuol. sr., 72 V nuol. sr., 110 V nuol. Sr. su svyravimais pagal EN 50155<\/p>\n<p>Nuoroda \u012f atitinkamus standartus<br \/>\nPrie\u0161gaisrin\u0117 apsauga: EN 45545 2 dalis<br \/>\nEMU\/DMU, lokomotyv\u0173 ir valdymo vagon\u0173 ma\u0161inisto ir ma\u0161inos s\u0105sajos UIC 612<br \/>\nApsauga korpusu: EN 60529<br \/>\nElektronin\u0117 \u012franga gele\u017einkeli\u0173 transporto priemon\u0117se: EN 50155<br \/>\nVibracijos ir sm\u016bgi\u0173 bandymai: EN 61373<br \/>\nKlimatiniai bandymai: EN 60068<\/p>\n<p><a href=\"\/wp-content\/uploads\/2023\/03\/lever-switch-s51-1.pdf\" target=\"_blank\" rel=\"noopener\"><img decoding=\"async\" src=\"\/wp-content\/uploads\/2023\/02\/download-button-lt.svg\" \/><\/a><\/p>\n","protected":false},"featured_media":1260063024,"template":"","meta":[],"product_brand":[],"product_cat":[1315,1330],"product_tag":[],"class_list":{"0":"post-1260063033","1":"product","2":"type-product","3":"status-publish","4":"has-post-thumbnail","6":"product_cat-pramoniniai-valdikliai-dzoistikai-ir-konsoles","7":"product_cat-valdymo-elementai","9":"first","10":"instock","11":"shipping-taxable","12":"product-type-simple"},"yoast_head":"<!-- This site is optimized with the Yoast SEO plugin v27.1.1 - https:\/\/yoast.com\/product\/yoast-seo-wordpress\/ -->\n<title>Svirtinis jungiklis S51 - My industrial<\/title>\n<meta name=\"robots\" content=\"noindex, follow, max-snippet:-1, max-image-preview:large, max-video-preview:-1\" \/>\n<meta property=\"og:locale\" content=\"lt_LT\" \/>\n<meta property=\"og:type\" content=\"article\" \/>\n<meta property=\"og:title\" content=\"Svirtinis jungiklis S51 - My industrial\" \/>\n<meta property=\"og:description\" content=\"Specialiai gele\u017einkeli\u0173 sektoriui sukurta S51 svirtini\u0173 jungikli\u0173 serija pasi\u017eymi dideliu tvirtumu ir ilgaam\u017ei\u0161kumu. Paprastai \u0161is auk\u0161tos kokyb\u0117s gaminys naudojamas gele\u017einkelio traukos riedmen\u0173 ma\u0161inisto kabinos pultelyje. Kuriant buvo laikomasi vis\u0173 galiojan\u010di\u0173 standart\u0173 (EN 50155, UIC 612, EN 45545...).  Techniniai duomenys Deformacijos kampas I\u0161 viso: \u00b1 34\u00b0 ( \u201334\u00b0 \/ \u201317\u00b0 \/ 0\u00b0 \/ +17\u00b0 \/ +34\u00b0) Mechaninis tarnavimo laikas: 3 milijonai darbo cikl\u0173 Aplinkos temperat\u016bros diapazonas: nuo \u201325 \u00b0C iki +70 \u00b0C (OT3 pagal EN50155) Apsaugos klas\u0117: IP54 (vir\u0161 montavimo plok\u0161t\u0117s). IP20 (po montavimo plok\u0161te) Maitinimo \u012ftampa: 24 V nuol. sr., 72 V nuol. sr., 110 V nuol. Sr. su svyravimais pagal EN 50155  Nuoroda \u012f atitinkamus standartus Prie\u0161gaisrin\u0117 apsauga: EN 45545 2 dalis EMU\/DMU, lokomotyv\u0173 ir valdymo vagon\u0173 ma\u0161inisto ir ma\u0161inos s\u0105sajos UIC 612 Apsauga korpusu: EN 60529 Elektronin\u0117 \u012franga gele\u017einkeli\u0173 transporto priemon\u0117se: EN 50155 Vibracijos ir sm\u016bgi\u0173 bandymai: EN 61373 Klimatiniai bandymai: EN 60068\" \/>\n<meta property=\"og:url\" content=\"https:\/\/dev.myindustrial.eu\/lt\/shop\/pramoniniai-valdikliai-dzoistikai-ir-konsoles\/valdymo-elementai\/gessmann-lever-switch-s51\/\" \/>\n<meta property=\"og:site_name\" content=\"My industrial\" \/>\n<meta property=\"article:modified_time\" content=\"2023-06-16T20:47:08+00:00\" \/>\n<meta property=\"og:image\" content=\"https:\/\/dev.myindustrial.eu\/wp-content\/uploads\/2023\/03\/s51.webp\" \/>\n\t<meta property=\"og:image:width\" content=\"3042\" \/>\n\t<meta property=\"og:image:height\" content=\"2927\" \/>\n\t<meta property=\"og:image:type\" content=\"image\/webp\" \/>\n<meta name=\"twitter:card\" content=\"summary_large_image\" \/>\n<script type=\"application\/ld+json\" class=\"yoast-schema-graph\">{\"@context\":\"https:\/\/schema.org\",\"@graph\":[{\"@type\":\"WebPage\",\"@id\":\"https:\/\/dev.myindustrial.eu\/lt\/shop\/pramoniniai-valdikliai-dzoistikai-ir-konsoles\/valdymo-elementai\/gessmann-lever-switch-s51\/\",\"url\":\"https:\/\/dev.myindustrial.eu\/lt\/shop\/pramoniniai-valdikliai-dzoistikai-ir-konsoles\/valdymo-elementai\/gessmann-lever-switch-s51\/\",\"name\":\"Svirtinis jungiklis S51 - My industrial\",\"isPartOf\":{\"@id\":\"https:\/\/dev.myindustrial.eu\/lt\/#website\"},\"primaryImageOfPage\":{\"@id\":\"https:\/\/dev.myindustrial.eu\/lt\/shop\/pramoniniai-valdikliai-dzoistikai-ir-konsoles\/valdymo-elementai\/gessmann-lever-switch-s51\/#primaryimage\"},\"image\":{\"@id\":\"https:\/\/dev.myindustrial.eu\/lt\/shop\/pramoniniai-valdikliai-dzoistikai-ir-konsoles\/valdymo-elementai\/gessmann-lever-switch-s51\/#primaryimage\"},\"thumbnailUrl\":\"https:\/\/dev.myindustrial.eu\/wp-content\/uploads\/2023\/03\/s51.webp\",\"datePublished\":\"2023-03-10T13:18:05+00:00\",\"dateModified\":\"2023-06-16T20:47:08+00:00\",\"breadcrumb\":{\"@id\":\"https:\/\/dev.myindustrial.eu\/lt\/shop\/pramoniniai-valdikliai-dzoistikai-ir-konsoles\/valdymo-elementai\/gessmann-lever-switch-s51\/#breadcrumb\"},\"inLanguage\":\"lt-LT\",\"potentialAction\":[{\"@type\":\"ReadAction\",\"target\":[\"https:\/\/dev.myindustrial.eu\/lt\/shop\/pramoniniai-valdikliai-dzoistikai-ir-konsoles\/valdymo-elementai\/gessmann-lever-switch-s51\/\"]}]},{\"@type\":\"ImageObject\",\"inLanguage\":\"lt-LT\",\"@id\":\"https:\/\/dev.myindustrial.eu\/lt\/shop\/pramoniniai-valdikliai-dzoistikai-ir-konsoles\/valdymo-elementai\/gessmann-lever-switch-s51\/#primaryimage\",\"url\":\"https:\/\/dev.myindustrial.eu\/wp-content\/uploads\/2023\/03\/s51.webp\",\"contentUrl\":\"https:\/\/dev.myindustrial.eu\/wp-content\/uploads\/2023\/03\/s51.webp\",\"width\":3042,\"height\":2927},{\"@type\":\"BreadcrumbList\",\"@id\":\"https:\/\/dev.myindustrial.eu\/lt\/shop\/pramoniniai-valdikliai-dzoistikai-ir-konsoles\/valdymo-elementai\/gessmann-lever-switch-s51\/#breadcrumb\",\"itemListElement\":[{\"@type\":\"ListItem\",\"position\":1,\"name\":\"Home\",\"item\":\"https:\/\/dev.myindustrial.eu\/lt\/\"},{\"@type\":\"ListItem\",\"position\":2,\"name\":\"Products\",\"item\":\"https:\/\/dev.myindustrial.eu\/lt\/products\/\"},{\"@type\":\"ListItem\",\"position\":3,\"name\":\"Svirtinis jungiklis S51\"}]},{\"@type\":\"WebSite\",\"@id\":\"https:\/\/dev.myindustrial.eu\/lt\/#website\",\"url\":\"https:\/\/dev.myindustrial.eu\/lt\/\",\"name\":\"My industrial\",\"description\":\"\",\"potentialAction\":[{\"@type\":\"SearchAction\",\"target\":{\"@type\":\"EntryPoint\",\"urlTemplate\":\"https:\/\/dev.myindustrial.eu\/lt\/?s={search_term_string}\"},\"query-input\":{\"@type\":\"PropertyValueSpecification\",\"valueRequired\":true,\"valueName\":\"search_term_string\"}}],\"inLanguage\":\"lt-LT\"}]}<\/script>\n<!-- \/ Yoast SEO plugin. -->","yoast_head_json":{"title":"Svirtinis jungiklis S51 - My industrial","robots":{"index":"noindex","follow":"follow","max-snippet":"max-snippet:-1","max-image-preview":"max-image-preview:large","max-video-preview":"max-video-preview:-1"},"og_locale":"lt_LT","og_type":"article","og_title":"Svirtinis jungiklis S51 - My industrial","og_description":"Specialiai gele\u017einkeli\u0173 sektoriui sukurta S51 svirtini\u0173 jungikli\u0173 serija pasi\u017eymi dideliu tvirtumu ir ilgaam\u017ei\u0161kumu. Paprastai \u0161is auk\u0161tos kokyb\u0117s gaminys naudojamas gele\u017einkelio traukos riedmen\u0173 ma\u0161inisto kabinos pultelyje. Kuriant buvo laikomasi vis\u0173 galiojan\u010di\u0173 standart\u0173 (EN 50155, UIC 612, EN 45545...).  Techniniai duomenys Deformacijos kampas I\u0161 viso: \u00b1 34\u00b0 ( \u201334\u00b0 \/ \u201317\u00b0 \/ 0\u00b0 \/ +17\u00b0 \/ +34\u00b0) Mechaninis tarnavimo laikas: 3 milijonai darbo cikl\u0173 Aplinkos temperat\u016bros diapazonas: nuo \u201325 \u00b0C iki +70 \u00b0C (OT3 pagal EN50155) Apsaugos klas\u0117: IP54 (vir\u0161 montavimo plok\u0161t\u0117s). IP20 (po montavimo plok\u0161te) Maitinimo \u012ftampa: 24 V nuol. sr., 72 V nuol. sr., 110 V nuol. Sr. su svyravimais pagal EN 50155  Nuoroda \u012f atitinkamus standartus Prie\u0161gaisrin\u0117 apsauga: EN 45545 2 dalis EMU\/DMU, lokomotyv\u0173 ir valdymo vagon\u0173 ma\u0161inisto ir ma\u0161inos s\u0105sajos UIC 612 Apsauga korpusu: EN 60529 Elektronin\u0117 \u012franga gele\u017einkeli\u0173 transporto priemon\u0117se: EN 50155 Vibracijos ir sm\u016bgi\u0173 bandymai: EN 61373 Klimatiniai bandymai: EN 60068","og_url":"https:\/\/dev.myindustrial.eu\/lt\/shop\/pramoniniai-valdikliai-dzoistikai-ir-konsoles\/valdymo-elementai\/gessmann-lever-switch-s51\/","og_site_name":"My industrial","article_modified_time":"2023-06-16T20:47:08+00:00","og_image":[{"width":3042,"height":2927,"url":"https:\/\/dev.myindustrial.eu\/wp-content\/uploads\/2023\/03\/s51.webp","type":"image\/webp"}],"twitter_card":"summary_large_image","schema":{"@context":"https:\/\/schema.org","@graph":[{"@type":"WebPage","@id":"https:\/\/dev.myindustrial.eu\/lt\/shop\/pramoniniai-valdikliai-dzoistikai-ir-konsoles\/valdymo-elementai\/gessmann-lever-switch-s51\/","url":"https:\/\/dev.myindustrial.eu\/lt\/shop\/pramoniniai-valdikliai-dzoistikai-ir-konsoles\/valdymo-elementai\/gessmann-lever-switch-s51\/","name":"Svirtinis jungiklis S51 - My industrial","isPartOf":{"@id":"https:\/\/dev.myindustrial.eu\/lt\/#website"},"primaryImageOfPage":{"@id":"https:\/\/dev.myindustrial.eu\/lt\/shop\/pramoniniai-valdikliai-dzoistikai-ir-konsoles\/valdymo-elementai\/gessmann-lever-switch-s51\/#primaryimage"},"image":{"@id":"https:\/\/dev.myindustrial.eu\/lt\/shop\/pramoniniai-valdikliai-dzoistikai-ir-konsoles\/valdymo-elementai\/gessmann-lever-switch-s51\/#primaryimage"},"thumbnailUrl":"https:\/\/dev.myindustrial.eu\/wp-content\/uploads\/2023\/03\/s51.webp","datePublished":"2023-03-10T13:18:05+00:00","dateModified":"2023-06-16T20:47:08+00:00","breadcrumb":{"@id":"https:\/\/dev.myindustrial.eu\/lt\/shop\/pramoniniai-valdikliai-dzoistikai-ir-konsoles\/valdymo-elementai\/gessmann-lever-switch-s51\/#breadcrumb"},"inLanguage":"lt-LT","potentialAction":[{"@type":"ReadAction","target":["https:\/\/dev.myindustrial.eu\/lt\/shop\/pramoniniai-valdikliai-dzoistikai-ir-konsoles\/valdymo-elementai\/gessmann-lever-switch-s51\/"]}]},{"@type":"ImageObject","inLanguage":"lt-LT","@id":"https:\/\/dev.myindustrial.eu\/lt\/shop\/pramoniniai-valdikliai-dzoistikai-ir-konsoles\/valdymo-elementai\/gessmann-lever-switch-s51\/#primaryimage","url":"https:\/\/dev.myindustrial.eu\/wp-content\/uploads\/2023\/03\/s51.webp","contentUrl":"https:\/\/dev.myindustrial.eu\/wp-content\/uploads\/2023\/03\/s51.webp","width":3042,"height":2927},{"@type":"BreadcrumbList","@id":"https:\/\/dev.myindustrial.eu\/lt\/shop\/pramoniniai-valdikliai-dzoistikai-ir-konsoles\/valdymo-elementai\/gessmann-lever-switch-s51\/#breadcrumb","itemListElement":[{"@type":"ListItem","position":1,"name":"Home","item":"https:\/\/dev.myindustrial.eu\/lt\/"},{"@type":"ListItem","position":2,"name":"Products","item":"https:\/\/dev.myindustrial.eu\/lt\/products\/"},{"@type":"ListItem","position":3,"name":"Svirtinis jungiklis S51"}]},{"@type":"WebSite","@id":"https:\/\/dev.myindustrial.eu\/lt\/#website","url":"https:\/\/dev.myindustrial.eu\/lt\/","name":"My industrial","description":"","potentialAction":[{"@type":"SearchAction","target":{"@type":"EntryPoint","urlTemplate":"https:\/\/dev.myindustrial.eu\/lt\/?s={search_term_string}"},"query-input":{"@type":"PropertyValueSpecification","valueRequired":true,"valueName":"search_term_string"}}],"inLanguage":"lt-LT"}]}},"_links":{"self":[{"href":"https:\/\/dev.myindustrial.eu\/lt\/wp-json\/wp\/v2\/product\/1260063033","targetHints":{"allow":["GET"]}}],"collection":[{"href":"https:\/\/dev.myindustrial.eu\/lt\/wp-json\/wp\/v2\/product"}],"about":[{"href":"https:\/\/dev.myindustrial.eu\/lt\/wp-json\/wp\/v2\/types\/product"}],"version-history":[{"count":0,"href":"https:\/\/dev.myindustrial.eu\/lt\/wp-json\/wp\/v2\/product\/1260063033\/revisions"}],"wp:featuredmedia":[{"embeddable":true,"href":"https:\/\/dev.myindustrial.eu\/lt\/wp-json\/wp\/v2\/media\/1260063024"}],"wp:attachment":[{"href":"https:\/\/dev.myindustrial.eu\/lt\/wp-json\/wp\/v2\/media?parent=1260063033"}],"wp:term":[{"taxonomy":"product_brand","embeddable":true,"href":"https:\/\/dev.myindustrial.eu\/lt\/wp-json\/wp\/v2\/product_brand?post=1260063033"},{"taxonomy":"product_cat","embeddable":true,"href":"https:\/\/dev.myindustrial.eu\/lt\/wp-json\/wp\/v2\/product_cat?post=1260063033"},{"taxonomy":"product_tag","embeddable":true,"href":"https:\/\/dev.myindustrial.eu\/lt\/wp-json\/wp\/v2\/product_tag?post=1260063033"}],"curies":[{"name":"wp","href":"https:\/\/api.w.org\/{rel}","templated":true}]}}