{"id":1260063048,"date":"2023-03-10T13:27:37","date_gmt":"2023-03-10T13:27:37","guid":{"rendered":"https:\/\/dev.myindustrial.eu\/shop\/be-kategorijos\/gessmann-minilever-s17\/"},"modified":"2023-06-16T20:47:08","modified_gmt":"2023-06-16T20:47:08","slug":"gessmann-minilever-s17","status":"publish","type":"product","link":"https:\/\/dev.myindustrial.eu\/lt\/shop\/pramoniniai-valdikliai-dzoistikai-ir-konsoles\/valdymo-elementai\/gessmann-minilever-s17\/","title":{"rendered":"Svirtel\u0117 S17"},"content":{"rendered":"","protected":false},"excerpt":{"rendered":"<p>S17 \u2013 tai pir\u0161t\u0173 galiukais valdoma jutiklin\u0117 svirtel\u0117, skirta elektrohidraulin\u0117ms situacijoms. Ilgas tarnavimo laikas ir didelis patikimumas u\u017etikrinamas naudojant naujausi\u0105 bekontakt\u0119 \u201eHall\u201c technologij\u0105.<\/p>\n<p>Techniniai duomenys<br \/>\nMechaninis tarnavimo laikas: 5 milijonai darbo cikl\u0173<br \/>\nDarbin\u0117 temperat\u016bra: nuo \u201340 \u00b0C iki +85 \u00b0C<br \/>\nApsaugos klas\u0117: IP67<br \/>\nFunkcin\u0117 sauga<br \/>\nSuderinamas su PLd (EN ISO 13849, atitinka SIL2 pagal DIN EN IEC 61508)<\/p>\n<p><a href=\"\/wp-content\/uploads\/2023\/03\/minilever-s17-1.pdf\" target=\"_blank\" rel=\"noopener\"><img decoding=\"async\" src=\"\/wp-content\/uploads\/2023\/02\/download-button-lt.svg\" \/><\/a><\/p>\n","protected":false},"featured_media":1260063044,"template":"","meta":[],"product_brand":[],"product_cat":[1315,1330],"product_tag":[],"class_list":{"0":"post-1260063048","1":"product","2":"type-product","3":"status-publish","4":"has-post-thumbnail","6":"product_cat-pramoniniai-valdikliai-dzoistikai-ir-konsoles","7":"product_cat-valdymo-elementai","9":"first","10":"instock","11":"shipping-taxable","12":"product-type-simple"},"yoast_head":"<!-- This site is optimized with the Yoast SEO plugin v27.1.1 - https:\/\/yoast.com\/product\/yoast-seo-wordpress\/ -->\n<title>Svirtel\u0117 S17 - My industrial<\/title>\n<meta name=\"robots\" content=\"noindex, follow, max-snippet:-1, max-image-preview:large, max-video-preview:-1\" \/>\n<meta property=\"og:locale\" content=\"lt_LT\" \/>\n<meta property=\"og:type\" content=\"article\" \/>\n<meta property=\"og:title\" content=\"Svirtel\u0117 S17 - My industrial\" \/>\n<meta property=\"og:description\" content=\"S17 \u2013 tai pir\u0161t\u0173 galiukais valdoma jutiklin\u0117 svirtel\u0117, skirta elektrohidraulin\u0117ms situacijoms. Ilgas tarnavimo laikas ir didelis patikimumas u\u017etikrinamas naudojant naujausi\u0105 bekontakt\u0119 \u201eHall\u201c technologij\u0105.  Techniniai duomenys Mechaninis tarnavimo laikas: 5 milijonai darbo cikl\u0173 Darbin\u0117 temperat\u016bra: nuo \u201340 \u00b0C iki +85 \u00b0C Apsaugos klas\u0117: IP67 Funkcin\u0117 sauga Suderinamas su PLd (EN ISO 13849, atitinka SIL2 pagal DIN EN IEC 61508)\" \/>\n<meta property=\"og:url\" content=\"https:\/\/dev.myindustrial.eu\/lt\/shop\/pramoniniai-valdikliai-dzoistikai-ir-konsoles\/valdymo-elementai\/gessmann-minilever-s17\/\" \/>\n<meta property=\"og:site_name\" content=\"My industrial\" \/>\n<meta property=\"article:modified_time\" content=\"2023-06-16T20:47:08+00:00\" \/>\n<meta property=\"og:image\" content=\"https:\/\/dev.myindustrial.eu\/wp-content\/uploads\/2023\/03\/s17.webp\" \/>\n\t<meta property=\"og:image:width\" content=\"1200\" \/>\n\t<meta property=\"og:image:height\" content=\"1215\" \/>\n\t<meta property=\"og:image:type\" content=\"image\/webp\" \/>\n<meta name=\"twitter:card\" content=\"summary_large_image\" \/>\n<script type=\"application\/ld+json\" class=\"yoast-schema-graph\">{\"@context\":\"https:\/\/schema.org\",\"@graph\":[{\"@type\":\"WebPage\",\"@id\":\"https:\/\/dev.myindustrial.eu\/lt\/shop\/pramoniniai-valdikliai-dzoistikai-ir-konsoles\/valdymo-elementai\/gessmann-minilever-s17\/\",\"url\":\"https:\/\/dev.myindustrial.eu\/lt\/shop\/pramoniniai-valdikliai-dzoistikai-ir-konsoles\/valdymo-elementai\/gessmann-minilever-s17\/\",\"name\":\"Svirtel\u0117 S17 - My industrial\",\"isPartOf\":{\"@id\":\"https:\/\/dev.myindustrial.eu\/lt\/#website\"},\"primaryImageOfPage\":{\"@id\":\"https:\/\/dev.myindustrial.eu\/lt\/shop\/pramoniniai-valdikliai-dzoistikai-ir-konsoles\/valdymo-elementai\/gessmann-minilever-s17\/#primaryimage\"},\"image\":{\"@id\":\"https:\/\/dev.myindustrial.eu\/lt\/shop\/pramoniniai-valdikliai-dzoistikai-ir-konsoles\/valdymo-elementai\/gessmann-minilever-s17\/#primaryimage\"},\"thumbnailUrl\":\"https:\/\/dev.myindustrial.eu\/wp-content\/uploads\/2023\/03\/s17.webp\",\"datePublished\":\"2023-03-10T13:27:37+00:00\",\"dateModified\":\"2023-06-16T20:47:08+00:00\",\"breadcrumb\":{\"@id\":\"https:\/\/dev.myindustrial.eu\/lt\/shop\/pramoniniai-valdikliai-dzoistikai-ir-konsoles\/valdymo-elementai\/gessmann-minilever-s17\/#breadcrumb\"},\"inLanguage\":\"lt-LT\",\"potentialAction\":[{\"@type\":\"ReadAction\",\"target\":[\"https:\/\/dev.myindustrial.eu\/lt\/shop\/pramoniniai-valdikliai-dzoistikai-ir-konsoles\/valdymo-elementai\/gessmann-minilever-s17\/\"]}]},{\"@type\":\"ImageObject\",\"inLanguage\":\"lt-LT\",\"@id\":\"https:\/\/dev.myindustrial.eu\/lt\/shop\/pramoniniai-valdikliai-dzoistikai-ir-konsoles\/valdymo-elementai\/gessmann-minilever-s17\/#primaryimage\",\"url\":\"https:\/\/dev.myindustrial.eu\/wp-content\/uploads\/2023\/03\/s17.webp\",\"contentUrl\":\"https:\/\/dev.myindustrial.eu\/wp-content\/uploads\/2023\/03\/s17.webp\",\"width\":1200,\"height\":1215},{\"@type\":\"BreadcrumbList\",\"@id\":\"https:\/\/dev.myindustrial.eu\/lt\/shop\/pramoniniai-valdikliai-dzoistikai-ir-konsoles\/valdymo-elementai\/gessmann-minilever-s17\/#breadcrumb\",\"itemListElement\":[{\"@type\":\"ListItem\",\"position\":1,\"name\":\"Home\",\"item\":\"https:\/\/dev.myindustrial.eu\/lt\/\"},{\"@type\":\"ListItem\",\"position\":2,\"name\":\"Products\",\"item\":\"https:\/\/dev.myindustrial.eu\/lt\/products\/\"},{\"@type\":\"ListItem\",\"position\":3,\"name\":\"Svirtel\u0117 S17\"}]},{\"@type\":\"WebSite\",\"@id\":\"https:\/\/dev.myindustrial.eu\/lt\/#website\",\"url\":\"https:\/\/dev.myindustrial.eu\/lt\/\",\"name\":\"My industrial\",\"description\":\"\",\"potentialAction\":[{\"@type\":\"SearchAction\",\"target\":{\"@type\":\"EntryPoint\",\"urlTemplate\":\"https:\/\/dev.myindustrial.eu\/lt\/?s={search_term_string}\"},\"query-input\":{\"@type\":\"PropertyValueSpecification\",\"valueRequired\":true,\"valueName\":\"search_term_string\"}}],\"inLanguage\":\"lt-LT\"}]}<\/script>\n<!-- \/ Yoast SEO plugin. -->","yoast_head_json":{"title":"Svirtel\u0117 S17 - My industrial","robots":{"index":"noindex","follow":"follow","max-snippet":"max-snippet:-1","max-image-preview":"max-image-preview:large","max-video-preview":"max-video-preview:-1"},"og_locale":"lt_LT","og_type":"article","og_title":"Svirtel\u0117 S17 - My industrial","og_description":"S17 \u2013 tai pir\u0161t\u0173 galiukais valdoma jutiklin\u0117 svirtel\u0117, skirta elektrohidraulin\u0117ms situacijoms. Ilgas tarnavimo laikas ir didelis patikimumas u\u017etikrinamas naudojant naujausi\u0105 bekontakt\u0119 \u201eHall\u201c technologij\u0105.  Techniniai duomenys Mechaninis tarnavimo laikas: 5 milijonai darbo cikl\u0173 Darbin\u0117 temperat\u016bra: nuo \u201340 \u00b0C iki +85 \u00b0C Apsaugos klas\u0117: IP67 Funkcin\u0117 sauga Suderinamas su PLd (EN ISO 13849, atitinka SIL2 pagal DIN EN IEC 61508)","og_url":"https:\/\/dev.myindustrial.eu\/lt\/shop\/pramoniniai-valdikliai-dzoistikai-ir-konsoles\/valdymo-elementai\/gessmann-minilever-s17\/","og_site_name":"My industrial","article_modified_time":"2023-06-16T20:47:08+00:00","og_image":[{"width":1200,"height":1215,"url":"https:\/\/dev.myindustrial.eu\/wp-content\/uploads\/2023\/03\/s17.webp","type":"image\/webp"}],"twitter_card":"summary_large_image","schema":{"@context":"https:\/\/schema.org","@graph":[{"@type":"WebPage","@id":"https:\/\/dev.myindustrial.eu\/lt\/shop\/pramoniniai-valdikliai-dzoistikai-ir-konsoles\/valdymo-elementai\/gessmann-minilever-s17\/","url":"https:\/\/dev.myindustrial.eu\/lt\/shop\/pramoniniai-valdikliai-dzoistikai-ir-konsoles\/valdymo-elementai\/gessmann-minilever-s17\/","name":"Svirtel\u0117 S17 - My industrial","isPartOf":{"@id":"https:\/\/dev.myindustrial.eu\/lt\/#website"},"primaryImageOfPage":{"@id":"https:\/\/dev.myindustrial.eu\/lt\/shop\/pramoniniai-valdikliai-dzoistikai-ir-konsoles\/valdymo-elementai\/gessmann-minilever-s17\/#primaryimage"},"image":{"@id":"https:\/\/dev.myindustrial.eu\/lt\/shop\/pramoniniai-valdikliai-dzoistikai-ir-konsoles\/valdymo-elementai\/gessmann-minilever-s17\/#primaryimage"},"thumbnailUrl":"https:\/\/dev.myindustrial.eu\/wp-content\/uploads\/2023\/03\/s17.webp","datePublished":"2023-03-10T13:27:37+00:00","dateModified":"2023-06-16T20:47:08+00:00","breadcrumb":{"@id":"https:\/\/dev.myindustrial.eu\/lt\/shop\/pramoniniai-valdikliai-dzoistikai-ir-konsoles\/valdymo-elementai\/gessmann-minilever-s17\/#breadcrumb"},"inLanguage":"lt-LT","potentialAction":[{"@type":"ReadAction","target":["https:\/\/dev.myindustrial.eu\/lt\/shop\/pramoniniai-valdikliai-dzoistikai-ir-konsoles\/valdymo-elementai\/gessmann-minilever-s17\/"]}]},{"@type":"ImageObject","inLanguage":"lt-LT","@id":"https:\/\/dev.myindustrial.eu\/lt\/shop\/pramoniniai-valdikliai-dzoistikai-ir-konsoles\/valdymo-elementai\/gessmann-minilever-s17\/#primaryimage","url":"https:\/\/dev.myindustrial.eu\/wp-content\/uploads\/2023\/03\/s17.webp","contentUrl":"https:\/\/dev.myindustrial.eu\/wp-content\/uploads\/2023\/03\/s17.webp","width":1200,"height":1215},{"@type":"BreadcrumbList","@id":"https:\/\/dev.myindustrial.eu\/lt\/shop\/pramoniniai-valdikliai-dzoistikai-ir-konsoles\/valdymo-elementai\/gessmann-minilever-s17\/#breadcrumb","itemListElement":[{"@type":"ListItem","position":1,"name":"Home","item":"https:\/\/dev.myindustrial.eu\/lt\/"},{"@type":"ListItem","position":2,"name":"Products","item":"https:\/\/dev.myindustrial.eu\/lt\/products\/"},{"@type":"ListItem","position":3,"name":"Svirtel\u0117 S17"}]},{"@type":"WebSite","@id":"https:\/\/dev.myindustrial.eu\/lt\/#website","url":"https:\/\/dev.myindustrial.eu\/lt\/","name":"My industrial","description":"","potentialAction":[{"@type":"SearchAction","target":{"@type":"EntryPoint","urlTemplate":"https:\/\/dev.myindustrial.eu\/lt\/?s={search_term_string}"},"query-input":{"@type":"PropertyValueSpecification","valueRequired":true,"valueName":"search_term_string"}}],"inLanguage":"lt-LT"}]}},"_links":{"self":[{"href":"https:\/\/dev.myindustrial.eu\/lt\/wp-json\/wp\/v2\/product\/1260063048","targetHints":{"allow":["GET"]}}],"collection":[{"href":"https:\/\/dev.myindustrial.eu\/lt\/wp-json\/wp\/v2\/product"}],"about":[{"href":"https:\/\/dev.myindustrial.eu\/lt\/wp-json\/wp\/v2\/types\/product"}],"version-history":[{"count":0,"href":"https:\/\/dev.myindustrial.eu\/lt\/wp-json\/wp\/v2\/product\/1260063048\/revisions"}],"wp:featuredmedia":[{"embeddable":true,"href":"https:\/\/dev.myindustrial.eu\/lt\/wp-json\/wp\/v2\/media\/1260063044"}],"wp:attachment":[{"href":"https:\/\/dev.myindustrial.eu\/lt\/wp-json\/wp\/v2\/media?parent=1260063048"}],"wp:term":[{"taxonomy":"product_brand","embeddable":true,"href":"https:\/\/dev.myindustrial.eu\/lt\/wp-json\/wp\/v2\/product_brand?post=1260063048"},{"taxonomy":"product_cat","embeddable":true,"href":"https:\/\/dev.myindustrial.eu\/lt\/wp-json\/wp\/v2\/product_cat?post=1260063048"},{"taxonomy":"product_tag","embeddable":true,"href":"https:\/\/dev.myindustrial.eu\/lt\/wp-json\/wp\/v2\/product_tag?post=1260063048"}],"curies":[{"name":"wp","href":"https:\/\/api.w.org\/{rel}","templated":true}]}}