{"id":1260063078,"date":"2023-03-10T13:45:46","date_gmt":"2023-03-10T13:45:46","guid":{"rendered":"https:\/\/dev.myindustrial.eu\/shop\/be-kategorijos\/gessmann-steering-controller-lg2\/"},"modified":"2023-06-16T20:47:00","modified_gmt":"2023-06-16T20:47:00","slug":"gessmann-steering-controller-lg2","status":"publish","type":"product","link":"https:\/\/dev.myindustrial.eu\/lt\/shop\/pramoniniai-valdikliai-dzoistikai-ir-konsoles\/valdymo-pultai\/gessmann-steering-controller-lg2\/","title":{"rendered":"Vairavimo valdiklis LG2"},"content":{"rendered":"","protected":false},"excerpt":{"rendered":"<p>Vairavimo valdiklis LG2 sukurtas intensyviam darbini\u0173 ma\u0161in\u0173 naudojimui. Ilgas tarnavimo laikas ir didelis patikimumas u\u017etikrinamas naudojant naujausi\u0105 bekontakt\u0119 \u201eHall\u201c technologij\u0105. D\u0117l CAN magistral\u0117s s\u0105sajos valdikl\u012f lengva integruoti \u012f bet kuri\u0105 ma\u0161in\u0105. LG 2 gali b\u016bti su rankena arba be rankenos su veleno i\u0161leidimo anga (12 mm).<\/p>\n<p>Techniniai duomenys<br \/>\nLG2 mechaninis tarnavimo laikas: 10 milijon\u0173 apsisukim\u0173<br \/>\nMaitinimo \u012ftampa \u017dr. s\u0105saj\u0105<br \/>\nDarbin\u0117 temperat\u016bra: nuo \u201340 \u00b0C iki +85 \u00b0C<br \/>\nApsaugos klas\u0117: iki IP67<br \/>\nFunkcin\u0117 sauga<br \/>\nSuderinamas su PLd (EN ISO 13849, atitinka SIL2 pagal DIN EN IEC 61508)<\/p>\n<p><a href=\"\/wp-content\/uploads\/2023\/03\/steering-controller-lg2.pdf\" target=\"_blank\" rel=\"noopener\"><img decoding=\"async\" src=\"\/wp-content\/uploads\/2023\/02\/download-button-lt.svg\" \/><\/a><\/p>\n","protected":false},"featured_media":1260063074,"template":"","meta":[],"product_brand":[],"product_cat":[1315,1321],"product_tag":[],"class_list":{"0":"post-1260063078","1":"product","2":"type-product","3":"status-publish","4":"has-post-thumbnail","6":"product_cat-pramoniniai-valdikliai-dzoistikai-ir-konsoles","7":"product_cat-valdymo-pultai","9":"first","10":"instock","11":"shipping-taxable","12":"product-type-simple"},"yoast_head":"<!-- This site is optimized with the Yoast SEO plugin v27.1.1 - https:\/\/yoast.com\/product\/yoast-seo-wordpress\/ -->\n<title>Vairavimo valdiklis LG2 - My industrial<\/title>\n<meta name=\"robots\" content=\"noindex, follow, max-snippet:-1, max-image-preview:large, max-video-preview:-1\" \/>\n<meta property=\"og:locale\" content=\"lt_LT\" \/>\n<meta property=\"og:type\" content=\"article\" \/>\n<meta property=\"og:title\" content=\"Vairavimo valdiklis LG2 - My industrial\" \/>\n<meta property=\"og:description\" content=\"Vairavimo valdiklis LG2 sukurtas intensyviam darbini\u0173 ma\u0161in\u0173 naudojimui. Ilgas tarnavimo laikas ir didelis patikimumas u\u017etikrinamas naudojant naujausi\u0105 bekontakt\u0119 \u201eHall\u201c technologij\u0105. D\u0117l CAN magistral\u0117s s\u0105sajos valdikl\u012f lengva integruoti \u012f bet kuri\u0105 ma\u0161in\u0105. LG 2 gali b\u016bti su rankena arba be rankenos su veleno i\u0161leidimo anga (12 mm).  Techniniai duomenys LG2 mechaninis tarnavimo laikas: 10 milijon\u0173 apsisukim\u0173 Maitinimo \u012ftampa \u017dr. s\u0105saj\u0105 Darbin\u0117 temperat\u016bra: nuo \u201340 \u00b0C iki +85 \u00b0C Apsaugos klas\u0117: iki IP67 Funkcin\u0117 sauga Suderinamas su PLd (EN ISO 13849, atitinka SIL2 pagal DIN EN IEC 61508)\" \/>\n<meta property=\"og:url\" content=\"https:\/\/dev.myindustrial.eu\/lt\/shop\/pramoniniai-valdikliai-dzoistikai-ir-konsoles\/valdymo-pultai\/gessmann-steering-controller-lg2\/\" \/>\n<meta property=\"og:site_name\" content=\"My industrial\" \/>\n<meta property=\"article:modified_time\" content=\"2023-06-16T20:47:00+00:00\" \/>\n<meta property=\"og:image\" content=\"https:\/\/dev.myindustrial.eu\/wp-content\/uploads\/2023\/03\/lg2.webp\" \/>\n\t<meta property=\"og:image:width\" content=\"1200\" \/>\n\t<meta property=\"og:image:height\" content=\"1230\" \/>\n\t<meta property=\"og:image:type\" content=\"image\/webp\" \/>\n<meta name=\"twitter:card\" content=\"summary_large_image\" \/>\n<script type=\"application\/ld+json\" class=\"yoast-schema-graph\">{\"@context\":\"https:\/\/schema.org\",\"@graph\":[{\"@type\":\"WebPage\",\"@id\":\"https:\/\/dev.myindustrial.eu\/lt\/shop\/pramoniniai-valdikliai-dzoistikai-ir-konsoles\/valdymo-pultai\/gessmann-steering-controller-lg2\/\",\"url\":\"https:\/\/dev.myindustrial.eu\/lt\/shop\/pramoniniai-valdikliai-dzoistikai-ir-konsoles\/valdymo-pultai\/gessmann-steering-controller-lg2\/\",\"name\":\"Vairavimo valdiklis LG2 - My industrial\",\"isPartOf\":{\"@id\":\"https:\/\/dev.myindustrial.eu\/lt\/#website\"},\"primaryImageOfPage\":{\"@id\":\"https:\/\/dev.myindustrial.eu\/lt\/shop\/pramoniniai-valdikliai-dzoistikai-ir-konsoles\/valdymo-pultai\/gessmann-steering-controller-lg2\/#primaryimage\"},\"image\":{\"@id\":\"https:\/\/dev.myindustrial.eu\/lt\/shop\/pramoniniai-valdikliai-dzoistikai-ir-konsoles\/valdymo-pultai\/gessmann-steering-controller-lg2\/#primaryimage\"},\"thumbnailUrl\":\"https:\/\/dev.myindustrial.eu\/wp-content\/uploads\/2023\/03\/lg2.webp\",\"datePublished\":\"2023-03-10T13:45:46+00:00\",\"dateModified\":\"2023-06-16T20:47:00+00:00\",\"breadcrumb\":{\"@id\":\"https:\/\/dev.myindustrial.eu\/lt\/shop\/pramoniniai-valdikliai-dzoistikai-ir-konsoles\/valdymo-pultai\/gessmann-steering-controller-lg2\/#breadcrumb\"},\"inLanguage\":\"lt-LT\",\"potentialAction\":[{\"@type\":\"ReadAction\",\"target\":[\"https:\/\/dev.myindustrial.eu\/lt\/shop\/pramoniniai-valdikliai-dzoistikai-ir-konsoles\/valdymo-pultai\/gessmann-steering-controller-lg2\/\"]}]},{\"@type\":\"ImageObject\",\"inLanguage\":\"lt-LT\",\"@id\":\"https:\/\/dev.myindustrial.eu\/lt\/shop\/pramoniniai-valdikliai-dzoistikai-ir-konsoles\/valdymo-pultai\/gessmann-steering-controller-lg2\/#primaryimage\",\"url\":\"https:\/\/dev.myindustrial.eu\/wp-content\/uploads\/2023\/03\/lg2.webp\",\"contentUrl\":\"https:\/\/dev.myindustrial.eu\/wp-content\/uploads\/2023\/03\/lg2.webp\",\"width\":1200,\"height\":1230},{\"@type\":\"BreadcrumbList\",\"@id\":\"https:\/\/dev.myindustrial.eu\/lt\/shop\/pramoniniai-valdikliai-dzoistikai-ir-konsoles\/valdymo-pultai\/gessmann-steering-controller-lg2\/#breadcrumb\",\"itemListElement\":[{\"@type\":\"ListItem\",\"position\":1,\"name\":\"Home\",\"item\":\"https:\/\/dev.myindustrial.eu\/lt\/\"},{\"@type\":\"ListItem\",\"position\":2,\"name\":\"Products\",\"item\":\"https:\/\/dev.myindustrial.eu\/lt\/products\/\"},{\"@type\":\"ListItem\",\"position\":3,\"name\":\"Vairavimo valdiklis LG2\"}]},{\"@type\":\"WebSite\",\"@id\":\"https:\/\/dev.myindustrial.eu\/lt\/#website\",\"url\":\"https:\/\/dev.myindustrial.eu\/lt\/\",\"name\":\"My industrial\",\"description\":\"\",\"potentialAction\":[{\"@type\":\"SearchAction\",\"target\":{\"@type\":\"EntryPoint\",\"urlTemplate\":\"https:\/\/dev.myindustrial.eu\/lt\/?s={search_term_string}\"},\"query-input\":{\"@type\":\"PropertyValueSpecification\",\"valueRequired\":true,\"valueName\":\"search_term_string\"}}],\"inLanguage\":\"lt-LT\"}]}<\/script>\n<!-- \/ Yoast SEO plugin. -->","yoast_head_json":{"title":"Vairavimo valdiklis LG2 - My industrial","robots":{"index":"noindex","follow":"follow","max-snippet":"max-snippet:-1","max-image-preview":"max-image-preview:large","max-video-preview":"max-video-preview:-1"},"og_locale":"lt_LT","og_type":"article","og_title":"Vairavimo valdiklis LG2 - My industrial","og_description":"Vairavimo valdiklis LG2 sukurtas intensyviam darbini\u0173 ma\u0161in\u0173 naudojimui. Ilgas tarnavimo laikas ir didelis patikimumas u\u017etikrinamas naudojant naujausi\u0105 bekontakt\u0119 \u201eHall\u201c technologij\u0105. D\u0117l CAN magistral\u0117s s\u0105sajos valdikl\u012f lengva integruoti \u012f bet kuri\u0105 ma\u0161in\u0105. LG 2 gali b\u016bti su rankena arba be rankenos su veleno i\u0161leidimo anga (12 mm).  Techniniai duomenys LG2 mechaninis tarnavimo laikas: 10 milijon\u0173 apsisukim\u0173 Maitinimo \u012ftampa \u017dr. s\u0105saj\u0105 Darbin\u0117 temperat\u016bra: nuo \u201340 \u00b0C iki +85 \u00b0C Apsaugos klas\u0117: iki IP67 Funkcin\u0117 sauga Suderinamas su PLd (EN ISO 13849, atitinka SIL2 pagal DIN EN IEC 61508)","og_url":"https:\/\/dev.myindustrial.eu\/lt\/shop\/pramoniniai-valdikliai-dzoistikai-ir-konsoles\/valdymo-pultai\/gessmann-steering-controller-lg2\/","og_site_name":"My industrial","article_modified_time":"2023-06-16T20:47:00+00:00","og_image":[{"width":1200,"height":1230,"url":"https:\/\/dev.myindustrial.eu\/wp-content\/uploads\/2023\/03\/lg2.webp","type":"image\/webp"}],"twitter_card":"summary_large_image","schema":{"@context":"https:\/\/schema.org","@graph":[{"@type":"WebPage","@id":"https:\/\/dev.myindustrial.eu\/lt\/shop\/pramoniniai-valdikliai-dzoistikai-ir-konsoles\/valdymo-pultai\/gessmann-steering-controller-lg2\/","url":"https:\/\/dev.myindustrial.eu\/lt\/shop\/pramoniniai-valdikliai-dzoistikai-ir-konsoles\/valdymo-pultai\/gessmann-steering-controller-lg2\/","name":"Vairavimo valdiklis LG2 - My industrial","isPartOf":{"@id":"https:\/\/dev.myindustrial.eu\/lt\/#website"},"primaryImageOfPage":{"@id":"https:\/\/dev.myindustrial.eu\/lt\/shop\/pramoniniai-valdikliai-dzoistikai-ir-konsoles\/valdymo-pultai\/gessmann-steering-controller-lg2\/#primaryimage"},"image":{"@id":"https:\/\/dev.myindustrial.eu\/lt\/shop\/pramoniniai-valdikliai-dzoistikai-ir-konsoles\/valdymo-pultai\/gessmann-steering-controller-lg2\/#primaryimage"},"thumbnailUrl":"https:\/\/dev.myindustrial.eu\/wp-content\/uploads\/2023\/03\/lg2.webp","datePublished":"2023-03-10T13:45:46+00:00","dateModified":"2023-06-16T20:47:00+00:00","breadcrumb":{"@id":"https:\/\/dev.myindustrial.eu\/lt\/shop\/pramoniniai-valdikliai-dzoistikai-ir-konsoles\/valdymo-pultai\/gessmann-steering-controller-lg2\/#breadcrumb"},"inLanguage":"lt-LT","potentialAction":[{"@type":"ReadAction","target":["https:\/\/dev.myindustrial.eu\/lt\/shop\/pramoniniai-valdikliai-dzoistikai-ir-konsoles\/valdymo-pultai\/gessmann-steering-controller-lg2\/"]}]},{"@type":"ImageObject","inLanguage":"lt-LT","@id":"https:\/\/dev.myindustrial.eu\/lt\/shop\/pramoniniai-valdikliai-dzoistikai-ir-konsoles\/valdymo-pultai\/gessmann-steering-controller-lg2\/#primaryimage","url":"https:\/\/dev.myindustrial.eu\/wp-content\/uploads\/2023\/03\/lg2.webp","contentUrl":"https:\/\/dev.myindustrial.eu\/wp-content\/uploads\/2023\/03\/lg2.webp","width":1200,"height":1230},{"@type":"BreadcrumbList","@id":"https:\/\/dev.myindustrial.eu\/lt\/shop\/pramoniniai-valdikliai-dzoistikai-ir-konsoles\/valdymo-pultai\/gessmann-steering-controller-lg2\/#breadcrumb","itemListElement":[{"@type":"ListItem","position":1,"name":"Home","item":"https:\/\/dev.myindustrial.eu\/lt\/"},{"@type":"ListItem","position":2,"name":"Products","item":"https:\/\/dev.myindustrial.eu\/lt\/products\/"},{"@type":"ListItem","position":3,"name":"Vairavimo valdiklis LG2"}]},{"@type":"WebSite","@id":"https:\/\/dev.myindustrial.eu\/lt\/#website","url":"https:\/\/dev.myindustrial.eu\/lt\/","name":"My industrial","description":"","potentialAction":[{"@type":"SearchAction","target":{"@type":"EntryPoint","urlTemplate":"https:\/\/dev.myindustrial.eu\/lt\/?s={search_term_string}"},"query-input":{"@type":"PropertyValueSpecification","valueRequired":true,"valueName":"search_term_string"}}],"inLanguage":"lt-LT"}]}},"_links":{"self":[{"href":"https:\/\/dev.myindustrial.eu\/lt\/wp-json\/wp\/v2\/product\/1260063078","targetHints":{"allow":["GET"]}}],"collection":[{"href":"https:\/\/dev.myindustrial.eu\/lt\/wp-json\/wp\/v2\/product"}],"about":[{"href":"https:\/\/dev.myindustrial.eu\/lt\/wp-json\/wp\/v2\/types\/product"}],"version-history":[{"count":0,"href":"https:\/\/dev.myindustrial.eu\/lt\/wp-json\/wp\/v2\/product\/1260063078\/revisions"}],"wp:featuredmedia":[{"embeddable":true,"href":"https:\/\/dev.myindustrial.eu\/lt\/wp-json\/wp\/v2\/media\/1260063074"}],"wp:attachment":[{"href":"https:\/\/dev.myindustrial.eu\/lt\/wp-json\/wp\/v2\/media?parent=1260063078"}],"wp:term":[{"taxonomy":"product_brand","embeddable":true,"href":"https:\/\/dev.myindustrial.eu\/lt\/wp-json\/wp\/v2\/product_brand?post=1260063078"},{"taxonomy":"product_cat","embeddable":true,"href":"https:\/\/dev.myindustrial.eu\/lt\/wp-json\/wp\/v2\/product_cat?post=1260063078"},{"taxonomy":"product_tag","embeddable":true,"href":"https:\/\/dev.myindustrial.eu\/lt\/wp-json\/wp\/v2\/product_tag?post=1260063078"}],"curies":[{"name":"wp","href":"https:\/\/api.w.org\/{rel}","templated":true}]}}