{"id":1260063093,"date":"2023-03-10T13:52:54","date_gmt":"2023-03-10T13:52:54","guid":{"rendered":"https:\/\/dev.myindustrial.eu\/shop\/be-kategorijos\/gessmann-touch-display-td1\/"},"modified":"2023-06-16T20:47:00","modified_gmt":"2023-06-16T20:47:00","slug":"gessmann-touch-display-td1","status":"publish","type":"product","link":"https:\/\/dev.myindustrial.eu\/lt\/shop\/pramoniniai-valdikliai-dzoistikai-ir-konsoles\/valdymo-pultai\/gessmann-touch-display-td1\/","title":{"rendered":"Jutiklinis ekranas TD1"},"content":{"rendered":"","protected":false},"excerpt":{"rendered":"<p>Jutiklinis ekranas TD1 sukurtas \u0161iurk\u0161\u010diam naudojimui darbo ma\u0161inose. Jis b\u016bna 7 ir 10,1 coli\u0173 versij\u0173. J\u012f galima lengvai integruoti \u012f ma\u0161in\u0105 per CAN magistral\u0117s s\u0105saj\u0105. D\u0117l plataus skaitymo kampo ir didelio ry\u0161kumo u\u017etikrinamas optimalus \u012fskaitomumas net ir esant sud\u0117tingam ap\u0161vietimui.<\/p>\n<p>Technin\u0117 informacija<br \/>\n\u017di\u016br\u0117jimo kampas: +\/-85\u00b0<br \/>\nSpalv\u0173 gylis: 24 bitai<br \/>\nKontrastinis santykis: 1000:1<br \/>\nRy\u0161kumo tipas: 850cd\/kv. m<br \/>\nRy\u0161kumas reguliuojamas 16 \u017eingsni\u0173<br \/>\nTalpinis jutiklinis skydelis<br \/>\n4 branduoli\u0173 procesorius ARM A35 1,2 GHz, 2 GB RAM<br \/>\nCAN magistral\u0117s s\u0105saja<br \/>\neMMC 8 GB vidinis<br \/>\nIntegruotas garsinis signalas, i\u0161orin\u0117 ausini\u0173 stereo i\u0161vestis (automobilio garsiakalbiams su stiprintuvu)<br \/>\nUSB B 2.0 didel\u0117s spartos, maksimali \u012fkrovimo srov\u0117: 1500 mA<br \/>\nBelaidis duomen\u0173 perdavimas: \u201eBluetooth 4.0\u201c arba \u201eBluethooth 5.0\u201c<br \/>\n\u0160viesos jutiklis<br \/>\nMaitinimo \u012ftampa: nuo 7 iki 32 V nuolatin\u0117s srov\u0117s<br \/>\n2 skaitmeniniai i\u0161\u0117jimai: maks. srov\u0117 2A<br \/>\n5 skaitmeniniai \u012f\u0117jimai ir degimo \u012f\u0117jimas<br \/>\nVidinis realaus laiko laikrodis<br \/>\nApsaugos klas\u0117: IP68<br \/>\nI\u0161 anksto \u012fdiegta \u201eLinux\u201c operacin\u0117 sistema su visomis reikalingomis tvarkykl\u0117mis<br \/>\nProfesionali naudotojo s\u0105saja gali b\u016bti programuojama naudojant Qt bibliotek\u0105 (LGPL)<\/p>\n<p><a href=\"\/wp-content\/uploads\/2023\/03\/touch-display-td1-1.pdf\" target=\"_blank\" rel=\"noopener\"><img decoding=\"async\" src=\"\/wp-content\/uploads\/2023\/02\/download-button-lt.svg\" \/><\/a><\/p>\n","protected":false},"featured_media":1260063089,"template":"","meta":[],"product_brand":[],"product_cat":[1315,1321],"product_tag":[],"class_list":{"0":"post-1260063093","1":"product","2":"type-product","3":"status-publish","4":"has-post-thumbnail","6":"product_cat-pramoniniai-valdikliai-dzoistikai-ir-konsoles","7":"product_cat-valdymo-pultai","9":"first","10":"instock","11":"shipping-taxable","12":"product-type-simple"},"yoast_head":"<!-- This site is optimized with the Yoast SEO plugin v27.1.1 - https:\/\/yoast.com\/product\/yoast-seo-wordpress\/ -->\n<title>Jutiklinis ekranas TD1 - My industrial<\/title>\n<meta name=\"robots\" content=\"noindex, follow, max-snippet:-1, max-image-preview:large, max-video-preview:-1\" \/>\n<meta property=\"og:locale\" content=\"lt_LT\" \/>\n<meta property=\"og:type\" content=\"article\" \/>\n<meta property=\"og:title\" content=\"Jutiklinis ekranas TD1 - My industrial\" \/>\n<meta property=\"og:description\" content=\"Jutiklinis ekranas TD1 sukurtas \u0161iurk\u0161\u010diam naudojimui darbo ma\u0161inose. Jis b\u016bna 7 ir 10,1 coli\u0173 versij\u0173. J\u012f galima lengvai integruoti \u012f ma\u0161in\u0105 per CAN magistral\u0117s s\u0105saj\u0105. D\u0117l plataus skaitymo kampo ir didelio ry\u0161kumo u\u017etikrinamas optimalus \u012fskaitomumas net ir esant sud\u0117tingam ap\u0161vietimui.  Technin\u0117 informacija \u017di\u016br\u0117jimo kampas: +\/-85\u00b0 Spalv\u0173 gylis: 24 bitai Kontrastinis santykis: 1000:1 Ry\u0161kumo tipas: 850cd\/kv. m Ry\u0161kumas reguliuojamas 16 \u017eingsni\u0173 Talpinis jutiklinis skydelis 4 branduoli\u0173 procesorius ARM A35 1,2 GHz, 2 GB RAM CAN magistral\u0117s s\u0105saja eMMC 8 GB vidinis Integruotas garsinis signalas, i\u0161orin\u0117 ausini\u0173 stereo i\u0161vestis (automobilio garsiakalbiams su stiprintuvu) USB B 2.0 didel\u0117s spartos, maksimali \u012fkrovimo srov\u0117: 1500 mA Belaidis duomen\u0173 perdavimas: \u201eBluetooth 4.0\u201c arba \u201eBluethooth 5.0\u201c \u0160viesos jutiklis Maitinimo \u012ftampa: nuo 7 iki 32 V nuolatin\u0117s srov\u0117s 2 skaitmeniniai i\u0161\u0117jimai: maks. srov\u0117 2A 5 skaitmeniniai \u012f\u0117jimai ir degimo \u012f\u0117jimas Vidinis realaus laiko laikrodis Apsaugos klas\u0117: IP68 I\u0161 anksto \u012fdiegta \u201eLinux\u201c operacin\u0117 sistema su visomis reikalingomis tvarkykl\u0117mis Profesionali naudotojo s\u0105saja gali b\u016bti programuojama naudojant Qt bibliotek\u0105 (LGPL)\" \/>\n<meta property=\"og:url\" content=\"https:\/\/dev.myindustrial.eu\/lt\/shop\/pramoniniai-valdikliai-dzoistikai-ir-konsoles\/valdymo-pultai\/gessmann-touch-display-td1\/\" \/>\n<meta property=\"og:site_name\" content=\"My industrial\" \/>\n<meta property=\"article:modified_time\" content=\"2023-06-16T20:47:00+00:00\" \/>\n<meta property=\"og:image\" content=\"https:\/\/dev.myindustrial.eu\/wp-content\/uploads\/2023\/03\/td1.webp\" \/>\n\t<meta property=\"og:image:width\" content=\"1200\" \/>\n\t<meta property=\"og:image:height\" content=\"900\" \/>\n\t<meta property=\"og:image:type\" content=\"image\/webp\" \/>\n<meta name=\"twitter:card\" content=\"summary_large_image\" \/>\n<script type=\"application\/ld+json\" class=\"yoast-schema-graph\">{\"@context\":\"https:\/\/schema.org\",\"@graph\":[{\"@type\":\"WebPage\",\"@id\":\"https:\/\/dev.myindustrial.eu\/lt\/shop\/pramoniniai-valdikliai-dzoistikai-ir-konsoles\/valdymo-pultai\/gessmann-touch-display-td1\/\",\"url\":\"https:\/\/dev.myindustrial.eu\/lt\/shop\/pramoniniai-valdikliai-dzoistikai-ir-konsoles\/valdymo-pultai\/gessmann-touch-display-td1\/\",\"name\":\"Jutiklinis ekranas TD1 - My industrial\",\"isPartOf\":{\"@id\":\"https:\/\/dev.myindustrial.eu\/lt\/#website\"},\"primaryImageOfPage\":{\"@id\":\"https:\/\/dev.myindustrial.eu\/lt\/shop\/pramoniniai-valdikliai-dzoistikai-ir-konsoles\/valdymo-pultai\/gessmann-touch-display-td1\/#primaryimage\"},\"image\":{\"@id\":\"https:\/\/dev.myindustrial.eu\/lt\/shop\/pramoniniai-valdikliai-dzoistikai-ir-konsoles\/valdymo-pultai\/gessmann-touch-display-td1\/#primaryimage\"},\"thumbnailUrl\":\"https:\/\/dev.myindustrial.eu\/wp-content\/uploads\/2023\/03\/td1.webp\",\"datePublished\":\"2023-03-10T13:52:54+00:00\",\"dateModified\":\"2023-06-16T20:47:00+00:00\",\"breadcrumb\":{\"@id\":\"https:\/\/dev.myindustrial.eu\/lt\/shop\/pramoniniai-valdikliai-dzoistikai-ir-konsoles\/valdymo-pultai\/gessmann-touch-display-td1\/#breadcrumb\"},\"inLanguage\":\"lt-LT\",\"potentialAction\":[{\"@type\":\"ReadAction\",\"target\":[\"https:\/\/dev.myindustrial.eu\/lt\/shop\/pramoniniai-valdikliai-dzoistikai-ir-konsoles\/valdymo-pultai\/gessmann-touch-display-td1\/\"]}]},{\"@type\":\"ImageObject\",\"inLanguage\":\"lt-LT\",\"@id\":\"https:\/\/dev.myindustrial.eu\/lt\/shop\/pramoniniai-valdikliai-dzoistikai-ir-konsoles\/valdymo-pultai\/gessmann-touch-display-td1\/#primaryimage\",\"url\":\"https:\/\/dev.myindustrial.eu\/wp-content\/uploads\/2023\/03\/td1.webp\",\"contentUrl\":\"https:\/\/dev.myindustrial.eu\/wp-content\/uploads\/2023\/03\/td1.webp\",\"width\":1200,\"height\":900},{\"@type\":\"BreadcrumbList\",\"@id\":\"https:\/\/dev.myindustrial.eu\/lt\/shop\/pramoniniai-valdikliai-dzoistikai-ir-konsoles\/valdymo-pultai\/gessmann-touch-display-td1\/#breadcrumb\",\"itemListElement\":[{\"@type\":\"ListItem\",\"position\":1,\"name\":\"Home\",\"item\":\"https:\/\/dev.myindustrial.eu\/lt\/\"},{\"@type\":\"ListItem\",\"position\":2,\"name\":\"Products\",\"item\":\"https:\/\/dev.myindustrial.eu\/lt\/products\/\"},{\"@type\":\"ListItem\",\"position\":3,\"name\":\"Jutiklinis ekranas TD1\"}]},{\"@type\":\"WebSite\",\"@id\":\"https:\/\/dev.myindustrial.eu\/lt\/#website\",\"url\":\"https:\/\/dev.myindustrial.eu\/lt\/\",\"name\":\"My industrial\",\"description\":\"\",\"potentialAction\":[{\"@type\":\"SearchAction\",\"target\":{\"@type\":\"EntryPoint\",\"urlTemplate\":\"https:\/\/dev.myindustrial.eu\/lt\/?s={search_term_string}\"},\"query-input\":{\"@type\":\"PropertyValueSpecification\",\"valueRequired\":true,\"valueName\":\"search_term_string\"}}],\"inLanguage\":\"lt-LT\"}]}<\/script>\n<!-- \/ Yoast SEO plugin. -->","yoast_head_json":{"title":"Jutiklinis ekranas TD1 - My industrial","robots":{"index":"noindex","follow":"follow","max-snippet":"max-snippet:-1","max-image-preview":"max-image-preview:large","max-video-preview":"max-video-preview:-1"},"og_locale":"lt_LT","og_type":"article","og_title":"Jutiklinis ekranas TD1 - My industrial","og_description":"Jutiklinis ekranas TD1 sukurtas \u0161iurk\u0161\u010diam naudojimui darbo ma\u0161inose. Jis b\u016bna 7 ir 10,1 coli\u0173 versij\u0173. J\u012f galima lengvai integruoti \u012f ma\u0161in\u0105 per CAN magistral\u0117s s\u0105saj\u0105. D\u0117l plataus skaitymo kampo ir didelio ry\u0161kumo u\u017etikrinamas optimalus \u012fskaitomumas net ir esant sud\u0117tingam ap\u0161vietimui.  Technin\u0117 informacija \u017di\u016br\u0117jimo kampas: +\/-85\u00b0 Spalv\u0173 gylis: 24 bitai Kontrastinis santykis: 1000:1 Ry\u0161kumo tipas: 850cd\/kv. m Ry\u0161kumas reguliuojamas 16 \u017eingsni\u0173 Talpinis jutiklinis skydelis 4 branduoli\u0173 procesorius ARM A35 1,2 GHz, 2 GB RAM CAN magistral\u0117s s\u0105saja eMMC 8 GB vidinis Integruotas garsinis signalas, i\u0161orin\u0117 ausini\u0173 stereo i\u0161vestis (automobilio garsiakalbiams su stiprintuvu) USB B 2.0 didel\u0117s spartos, maksimali \u012fkrovimo srov\u0117: 1500 mA Belaidis duomen\u0173 perdavimas: \u201eBluetooth 4.0\u201c arba \u201eBluethooth 5.0\u201c \u0160viesos jutiklis Maitinimo \u012ftampa: nuo 7 iki 32 V nuolatin\u0117s srov\u0117s 2 skaitmeniniai i\u0161\u0117jimai: maks. srov\u0117 2A 5 skaitmeniniai \u012f\u0117jimai ir degimo \u012f\u0117jimas Vidinis realaus laiko laikrodis Apsaugos klas\u0117: IP68 I\u0161 anksto \u012fdiegta \u201eLinux\u201c operacin\u0117 sistema su visomis reikalingomis tvarkykl\u0117mis Profesionali naudotojo s\u0105saja gali b\u016bti programuojama naudojant Qt bibliotek\u0105 (LGPL)","og_url":"https:\/\/dev.myindustrial.eu\/lt\/shop\/pramoniniai-valdikliai-dzoistikai-ir-konsoles\/valdymo-pultai\/gessmann-touch-display-td1\/","og_site_name":"My industrial","article_modified_time":"2023-06-16T20:47:00+00:00","og_image":[{"width":1200,"height":900,"url":"https:\/\/dev.myindustrial.eu\/wp-content\/uploads\/2023\/03\/td1.webp","type":"image\/webp"}],"twitter_card":"summary_large_image","schema":{"@context":"https:\/\/schema.org","@graph":[{"@type":"WebPage","@id":"https:\/\/dev.myindustrial.eu\/lt\/shop\/pramoniniai-valdikliai-dzoistikai-ir-konsoles\/valdymo-pultai\/gessmann-touch-display-td1\/","url":"https:\/\/dev.myindustrial.eu\/lt\/shop\/pramoniniai-valdikliai-dzoistikai-ir-konsoles\/valdymo-pultai\/gessmann-touch-display-td1\/","name":"Jutiklinis ekranas TD1 - My industrial","isPartOf":{"@id":"https:\/\/dev.myindustrial.eu\/lt\/#website"},"primaryImageOfPage":{"@id":"https:\/\/dev.myindustrial.eu\/lt\/shop\/pramoniniai-valdikliai-dzoistikai-ir-konsoles\/valdymo-pultai\/gessmann-touch-display-td1\/#primaryimage"},"image":{"@id":"https:\/\/dev.myindustrial.eu\/lt\/shop\/pramoniniai-valdikliai-dzoistikai-ir-konsoles\/valdymo-pultai\/gessmann-touch-display-td1\/#primaryimage"},"thumbnailUrl":"https:\/\/dev.myindustrial.eu\/wp-content\/uploads\/2023\/03\/td1.webp","datePublished":"2023-03-10T13:52:54+00:00","dateModified":"2023-06-16T20:47:00+00:00","breadcrumb":{"@id":"https:\/\/dev.myindustrial.eu\/lt\/shop\/pramoniniai-valdikliai-dzoistikai-ir-konsoles\/valdymo-pultai\/gessmann-touch-display-td1\/#breadcrumb"},"inLanguage":"lt-LT","potentialAction":[{"@type":"ReadAction","target":["https:\/\/dev.myindustrial.eu\/lt\/shop\/pramoniniai-valdikliai-dzoistikai-ir-konsoles\/valdymo-pultai\/gessmann-touch-display-td1\/"]}]},{"@type":"ImageObject","inLanguage":"lt-LT","@id":"https:\/\/dev.myindustrial.eu\/lt\/shop\/pramoniniai-valdikliai-dzoistikai-ir-konsoles\/valdymo-pultai\/gessmann-touch-display-td1\/#primaryimage","url":"https:\/\/dev.myindustrial.eu\/wp-content\/uploads\/2023\/03\/td1.webp","contentUrl":"https:\/\/dev.myindustrial.eu\/wp-content\/uploads\/2023\/03\/td1.webp","width":1200,"height":900},{"@type":"BreadcrumbList","@id":"https:\/\/dev.myindustrial.eu\/lt\/shop\/pramoniniai-valdikliai-dzoistikai-ir-konsoles\/valdymo-pultai\/gessmann-touch-display-td1\/#breadcrumb","itemListElement":[{"@type":"ListItem","position":1,"name":"Home","item":"https:\/\/dev.myindustrial.eu\/lt\/"},{"@type":"ListItem","position":2,"name":"Products","item":"https:\/\/dev.myindustrial.eu\/lt\/products\/"},{"@type":"ListItem","position":3,"name":"Jutiklinis ekranas TD1"}]},{"@type":"WebSite","@id":"https:\/\/dev.myindustrial.eu\/lt\/#website","url":"https:\/\/dev.myindustrial.eu\/lt\/","name":"My industrial","description":"","potentialAction":[{"@type":"SearchAction","target":{"@type":"EntryPoint","urlTemplate":"https:\/\/dev.myindustrial.eu\/lt\/?s={search_term_string}"},"query-input":{"@type":"PropertyValueSpecification","valueRequired":true,"valueName":"search_term_string"}}],"inLanguage":"lt-LT"}]}},"_links":{"self":[{"href":"https:\/\/dev.myindustrial.eu\/lt\/wp-json\/wp\/v2\/product\/1260063093","targetHints":{"allow":["GET"]}}],"collection":[{"href":"https:\/\/dev.myindustrial.eu\/lt\/wp-json\/wp\/v2\/product"}],"about":[{"href":"https:\/\/dev.myindustrial.eu\/lt\/wp-json\/wp\/v2\/types\/product"}],"version-history":[{"count":0,"href":"https:\/\/dev.myindustrial.eu\/lt\/wp-json\/wp\/v2\/product\/1260063093\/revisions"}],"wp:featuredmedia":[{"embeddable":true,"href":"https:\/\/dev.myindustrial.eu\/lt\/wp-json\/wp\/v2\/media\/1260063089"}],"wp:attachment":[{"href":"https:\/\/dev.myindustrial.eu\/lt\/wp-json\/wp\/v2\/media?parent=1260063093"}],"wp:term":[{"taxonomy":"product_brand","embeddable":true,"href":"https:\/\/dev.myindustrial.eu\/lt\/wp-json\/wp\/v2\/product_brand?post=1260063093"},{"taxonomy":"product_cat","embeddable":true,"href":"https:\/\/dev.myindustrial.eu\/lt\/wp-json\/wp\/v2\/product_cat?post=1260063093"},{"taxonomy":"product_tag","embeddable":true,"href":"https:\/\/dev.myindustrial.eu\/lt\/wp-json\/wp\/v2\/product_tag?post=1260063093"}],"curies":[{"name":"wp","href":"https:\/\/api.w.org\/{rel}","templated":true}]}}