{"id":1260063108,"date":"2023-03-10T14:11:22","date_gmt":"2023-03-10T14:11:22","guid":{"rendered":"https:\/\/dev.myindustrial.eu\/shop\/be-kategorijos\/gessmann-traversing-unit-lk3\/"},"modified":"2023-06-16T20:47:00","modified_gmt":"2023-06-16T20:47:00","slug":"gessmann-traversing-unit-lk3","status":"publish","type":"product","link":"https:\/\/dev.myindustrial.eu\/lt\/shop\/pramoniniai-valdikliai-dzoistikai-ir-konsoles\/valdymo-pultai\/gessmann-traversing-unit-lk3\/","title":{"rendered":"Jud\u0117jimo \u012frenginys LK3"},"content":{"rendered":"","protected":false},"excerpt":{"rendered":"<p>Rankinio jud\u0117jimo \u012frenginys LK 3 gali b\u016bti naudojamas kaip papildoma m\u016bs\u0173 valdymo bloko KST31 \u012franga. Jud\u0117jimo \u012frengin\u012f ir sukimo \u012ftais\u0105 galima patogiai atrakinti viena svirtimi. Galima \u012fsigyti \u012f grindis \u012fleid\u017eiam\u0105 ir ant grind\u0173 montuojam\u0105 versij\u0105.<\/p>\n<p>Pavir\u0161iaus apdorojimas:<br \/>\nGruntas ir tekst\u016brinis vir\u0161utinis sluoksnis<br \/>\nStandartin\u0117 spalva: RAL 9011 juoda arba 7035 \u0161viesiai pilka<\/p>\n<p><a href=\"\/wp-content\/uploads\/2023\/03\/traversing-unit-lk3-1.pdf\" target=\"_blank\" rel=\"noopener\"><img decoding=\"async\" src=\"\/wp-content\/uploads\/2023\/02\/download-button-lt.svg\" \/><\/a><\/p>\n","protected":false},"featured_media":1260063104,"template":"","meta":[],"product_brand":[],"product_cat":[1315,1321],"product_tag":[],"class_list":{"0":"post-1260063108","1":"product","2":"type-product","3":"status-publish","4":"has-post-thumbnail","6":"product_cat-pramoniniai-valdikliai-dzoistikai-ir-konsoles","7":"product_cat-valdymo-pultai","9":"first","10":"instock","11":"shipping-taxable","12":"product-type-simple"},"yoast_head":"<!-- This site is optimized with the Yoast SEO plugin v27.1.1 - https:\/\/yoast.com\/product\/yoast-seo-wordpress\/ -->\n<title>Jud\u0117jimo \u012frenginys LK3 - My industrial<\/title>\n<meta name=\"robots\" content=\"noindex, follow, max-snippet:-1, max-image-preview:large, max-video-preview:-1\" \/>\n<meta property=\"og:locale\" content=\"lt_LT\" \/>\n<meta property=\"og:type\" content=\"article\" \/>\n<meta property=\"og:title\" content=\"Jud\u0117jimo \u012frenginys LK3 - My industrial\" \/>\n<meta property=\"og:description\" content=\"Rankinio jud\u0117jimo \u012frenginys LK 3 gali b\u016bti naudojamas kaip papildoma m\u016bs\u0173 valdymo bloko KST31 \u012franga. Jud\u0117jimo \u012frengin\u012f ir sukimo \u012ftais\u0105 galima patogiai atrakinti viena svirtimi. Galima \u012fsigyti \u012f grindis \u012fleid\u017eiam\u0105 ir ant grind\u0173 montuojam\u0105 versij\u0105.  Pavir\u0161iaus apdorojimas: Gruntas ir tekst\u016brinis vir\u0161utinis sluoksnis Standartin\u0117 spalva: RAL 9011 juoda arba 7035 \u0161viesiai pilka\" \/>\n<meta property=\"og:url\" content=\"https:\/\/dev.myindustrial.eu\/lt\/shop\/pramoniniai-valdikliai-dzoistikai-ir-konsoles\/valdymo-pultai\/gessmann-traversing-unit-lk3\/\" \/>\n<meta property=\"og:site_name\" content=\"My industrial\" \/>\n<meta property=\"article:modified_time\" content=\"2023-06-16T20:47:00+00:00\" \/>\n<meta property=\"og:image\" content=\"https:\/\/dev.myindustrial.eu\/wp-content\/uploads\/2023\/03\/lk3.webp\" \/>\n\t<meta property=\"og:image:width\" content=\"2646\" \/>\n\t<meta property=\"og:image:height\" content=\"2160\" \/>\n\t<meta property=\"og:image:type\" content=\"image\/webp\" \/>\n<meta name=\"twitter:card\" content=\"summary_large_image\" \/>\n<script type=\"application\/ld+json\" class=\"yoast-schema-graph\">{\"@context\":\"https:\/\/schema.org\",\"@graph\":[{\"@type\":\"WebPage\",\"@id\":\"https:\/\/dev.myindustrial.eu\/lt\/shop\/pramoniniai-valdikliai-dzoistikai-ir-konsoles\/valdymo-pultai\/gessmann-traversing-unit-lk3\/\",\"url\":\"https:\/\/dev.myindustrial.eu\/lt\/shop\/pramoniniai-valdikliai-dzoistikai-ir-konsoles\/valdymo-pultai\/gessmann-traversing-unit-lk3\/\",\"name\":\"Jud\u0117jimo \u012frenginys LK3 - My industrial\",\"isPartOf\":{\"@id\":\"https:\/\/dev.myindustrial.eu\/lt\/#website\"},\"primaryImageOfPage\":{\"@id\":\"https:\/\/dev.myindustrial.eu\/lt\/shop\/pramoniniai-valdikliai-dzoistikai-ir-konsoles\/valdymo-pultai\/gessmann-traversing-unit-lk3\/#primaryimage\"},\"image\":{\"@id\":\"https:\/\/dev.myindustrial.eu\/lt\/shop\/pramoniniai-valdikliai-dzoistikai-ir-konsoles\/valdymo-pultai\/gessmann-traversing-unit-lk3\/#primaryimage\"},\"thumbnailUrl\":\"https:\/\/dev.myindustrial.eu\/wp-content\/uploads\/2023\/03\/lk3.webp\",\"datePublished\":\"2023-03-10T14:11:22+00:00\",\"dateModified\":\"2023-06-16T20:47:00+00:00\",\"breadcrumb\":{\"@id\":\"https:\/\/dev.myindustrial.eu\/lt\/shop\/pramoniniai-valdikliai-dzoistikai-ir-konsoles\/valdymo-pultai\/gessmann-traversing-unit-lk3\/#breadcrumb\"},\"inLanguage\":\"lt-LT\",\"potentialAction\":[{\"@type\":\"ReadAction\",\"target\":[\"https:\/\/dev.myindustrial.eu\/lt\/shop\/pramoniniai-valdikliai-dzoistikai-ir-konsoles\/valdymo-pultai\/gessmann-traversing-unit-lk3\/\"]}]},{\"@type\":\"ImageObject\",\"inLanguage\":\"lt-LT\",\"@id\":\"https:\/\/dev.myindustrial.eu\/lt\/shop\/pramoniniai-valdikliai-dzoistikai-ir-konsoles\/valdymo-pultai\/gessmann-traversing-unit-lk3\/#primaryimage\",\"url\":\"https:\/\/dev.myindustrial.eu\/wp-content\/uploads\/2023\/03\/lk3.webp\",\"contentUrl\":\"https:\/\/dev.myindustrial.eu\/wp-content\/uploads\/2023\/03\/lk3.webp\",\"width\":2646,\"height\":2160},{\"@type\":\"BreadcrumbList\",\"@id\":\"https:\/\/dev.myindustrial.eu\/lt\/shop\/pramoniniai-valdikliai-dzoistikai-ir-konsoles\/valdymo-pultai\/gessmann-traversing-unit-lk3\/#breadcrumb\",\"itemListElement\":[{\"@type\":\"ListItem\",\"position\":1,\"name\":\"Home\",\"item\":\"https:\/\/dev.myindustrial.eu\/lt\/\"},{\"@type\":\"ListItem\",\"position\":2,\"name\":\"Products\",\"item\":\"https:\/\/dev.myindustrial.eu\/lt\/products\/\"},{\"@type\":\"ListItem\",\"position\":3,\"name\":\"Jud\u0117jimo \u012frenginys LK3\"}]},{\"@type\":\"WebSite\",\"@id\":\"https:\/\/dev.myindustrial.eu\/lt\/#website\",\"url\":\"https:\/\/dev.myindustrial.eu\/lt\/\",\"name\":\"My industrial\",\"description\":\"\",\"potentialAction\":[{\"@type\":\"SearchAction\",\"target\":{\"@type\":\"EntryPoint\",\"urlTemplate\":\"https:\/\/dev.myindustrial.eu\/lt\/?s={search_term_string}\"},\"query-input\":{\"@type\":\"PropertyValueSpecification\",\"valueRequired\":true,\"valueName\":\"search_term_string\"}}],\"inLanguage\":\"lt-LT\"}]}<\/script>\n<!-- \/ Yoast SEO plugin. -->","yoast_head_json":{"title":"Jud\u0117jimo \u012frenginys LK3 - My industrial","robots":{"index":"noindex","follow":"follow","max-snippet":"max-snippet:-1","max-image-preview":"max-image-preview:large","max-video-preview":"max-video-preview:-1"},"og_locale":"lt_LT","og_type":"article","og_title":"Jud\u0117jimo \u012frenginys LK3 - My industrial","og_description":"Rankinio jud\u0117jimo \u012frenginys LK 3 gali b\u016bti naudojamas kaip papildoma m\u016bs\u0173 valdymo bloko KST31 \u012franga. Jud\u0117jimo \u012frengin\u012f ir sukimo \u012ftais\u0105 galima patogiai atrakinti viena svirtimi. Galima \u012fsigyti \u012f grindis \u012fleid\u017eiam\u0105 ir ant grind\u0173 montuojam\u0105 versij\u0105.  Pavir\u0161iaus apdorojimas: Gruntas ir tekst\u016brinis vir\u0161utinis sluoksnis Standartin\u0117 spalva: RAL 9011 juoda arba 7035 \u0161viesiai pilka","og_url":"https:\/\/dev.myindustrial.eu\/lt\/shop\/pramoniniai-valdikliai-dzoistikai-ir-konsoles\/valdymo-pultai\/gessmann-traversing-unit-lk3\/","og_site_name":"My industrial","article_modified_time":"2023-06-16T20:47:00+00:00","og_image":[{"width":2646,"height":2160,"url":"https:\/\/dev.myindustrial.eu\/wp-content\/uploads\/2023\/03\/lk3.webp","type":"image\/webp"}],"twitter_card":"summary_large_image","schema":{"@context":"https:\/\/schema.org","@graph":[{"@type":"WebPage","@id":"https:\/\/dev.myindustrial.eu\/lt\/shop\/pramoniniai-valdikliai-dzoistikai-ir-konsoles\/valdymo-pultai\/gessmann-traversing-unit-lk3\/","url":"https:\/\/dev.myindustrial.eu\/lt\/shop\/pramoniniai-valdikliai-dzoistikai-ir-konsoles\/valdymo-pultai\/gessmann-traversing-unit-lk3\/","name":"Jud\u0117jimo \u012frenginys LK3 - My industrial","isPartOf":{"@id":"https:\/\/dev.myindustrial.eu\/lt\/#website"},"primaryImageOfPage":{"@id":"https:\/\/dev.myindustrial.eu\/lt\/shop\/pramoniniai-valdikliai-dzoistikai-ir-konsoles\/valdymo-pultai\/gessmann-traversing-unit-lk3\/#primaryimage"},"image":{"@id":"https:\/\/dev.myindustrial.eu\/lt\/shop\/pramoniniai-valdikliai-dzoistikai-ir-konsoles\/valdymo-pultai\/gessmann-traversing-unit-lk3\/#primaryimage"},"thumbnailUrl":"https:\/\/dev.myindustrial.eu\/wp-content\/uploads\/2023\/03\/lk3.webp","datePublished":"2023-03-10T14:11:22+00:00","dateModified":"2023-06-16T20:47:00+00:00","breadcrumb":{"@id":"https:\/\/dev.myindustrial.eu\/lt\/shop\/pramoniniai-valdikliai-dzoistikai-ir-konsoles\/valdymo-pultai\/gessmann-traversing-unit-lk3\/#breadcrumb"},"inLanguage":"lt-LT","potentialAction":[{"@type":"ReadAction","target":["https:\/\/dev.myindustrial.eu\/lt\/shop\/pramoniniai-valdikliai-dzoistikai-ir-konsoles\/valdymo-pultai\/gessmann-traversing-unit-lk3\/"]}]},{"@type":"ImageObject","inLanguage":"lt-LT","@id":"https:\/\/dev.myindustrial.eu\/lt\/shop\/pramoniniai-valdikliai-dzoistikai-ir-konsoles\/valdymo-pultai\/gessmann-traversing-unit-lk3\/#primaryimage","url":"https:\/\/dev.myindustrial.eu\/wp-content\/uploads\/2023\/03\/lk3.webp","contentUrl":"https:\/\/dev.myindustrial.eu\/wp-content\/uploads\/2023\/03\/lk3.webp","width":2646,"height":2160},{"@type":"BreadcrumbList","@id":"https:\/\/dev.myindustrial.eu\/lt\/shop\/pramoniniai-valdikliai-dzoistikai-ir-konsoles\/valdymo-pultai\/gessmann-traversing-unit-lk3\/#breadcrumb","itemListElement":[{"@type":"ListItem","position":1,"name":"Home","item":"https:\/\/dev.myindustrial.eu\/lt\/"},{"@type":"ListItem","position":2,"name":"Products","item":"https:\/\/dev.myindustrial.eu\/lt\/products\/"},{"@type":"ListItem","position":3,"name":"Jud\u0117jimo \u012frenginys LK3"}]},{"@type":"WebSite","@id":"https:\/\/dev.myindustrial.eu\/lt\/#website","url":"https:\/\/dev.myindustrial.eu\/lt\/","name":"My industrial","description":"","potentialAction":[{"@type":"SearchAction","target":{"@type":"EntryPoint","urlTemplate":"https:\/\/dev.myindustrial.eu\/lt\/?s={search_term_string}"},"query-input":{"@type":"PropertyValueSpecification","valueRequired":true,"valueName":"search_term_string"}}],"inLanguage":"lt-LT"}]}},"_links":{"self":[{"href":"https:\/\/dev.myindustrial.eu\/lt\/wp-json\/wp\/v2\/product\/1260063108","targetHints":{"allow":["GET"]}}],"collection":[{"href":"https:\/\/dev.myindustrial.eu\/lt\/wp-json\/wp\/v2\/product"}],"about":[{"href":"https:\/\/dev.myindustrial.eu\/lt\/wp-json\/wp\/v2\/types\/product"}],"version-history":[{"count":0,"href":"https:\/\/dev.myindustrial.eu\/lt\/wp-json\/wp\/v2\/product\/1260063108\/revisions"}],"wp:featuredmedia":[{"embeddable":true,"href":"https:\/\/dev.myindustrial.eu\/lt\/wp-json\/wp\/v2\/media\/1260063104"}],"wp:attachment":[{"href":"https:\/\/dev.myindustrial.eu\/lt\/wp-json\/wp\/v2\/media?parent=1260063108"}],"wp:term":[{"taxonomy":"product_brand","embeddable":true,"href":"https:\/\/dev.myindustrial.eu\/lt\/wp-json\/wp\/v2\/product_brand?post=1260063108"},{"taxonomy":"product_cat","embeddable":true,"href":"https:\/\/dev.myindustrial.eu\/lt\/wp-json\/wp\/v2\/product_cat?post=1260063108"},{"taxonomy":"product_tag","embeddable":true,"href":"https:\/\/dev.myindustrial.eu\/lt\/wp-json\/wp\/v2\/product_tag?post=1260063108"}],"curies":[{"name":"wp","href":"https:\/\/api.w.org\/{rel}","templated":true}]}}