{"id":1260063124,"date":"2022-12-14T13:50:38","date_gmt":"2022-12-14T13:50:38","guid":{"rendered":"https:\/\/dev.myindustrial.eu\/shop\/be-kategorijos\/gessmann-electronic-control-unit-es-43\/"},"modified":"2023-06-16T20:47:24","modified_gmt":"2023-06-16T20:47:24","slug":"gessmann-electronic-control-unit-es-43","status":"publish","type":"product","link":"https:\/\/dev.myindustrial.eu\/lt\/shop\/pramoniniai-valdikliai-dzoistikai-ir-konsoles\/individualus-sprendimai-emg-lt\/gessmann-electronic-control-unit-es-43\/","title":{"rendered":"Elektroninis valdymo blokas ES\/43"},"content":{"rendered":"","protected":false},"excerpt":{"rendered":"<p>Elektroninis valdymo blokas ES\/43 skirtas valdyti proporcinius vo\u017etuvus be pad\u0117ties kontrol\u0117s. Yra versija, skirta 4 proporcini\u0173 vo\u017etuv\u0173 solenoidams (ES \/ 43-10), ir versija, skirta 2 proporcini\u0173 vo\u017etuv\u0173 solenoidams (ES \/ 43-11).<\/p>\n<p>\u0160is gaminys naudojamas valdymo \u012ftais\u0173 su potenciometro i\u0161\u0117jimo signalu perjungimo grandin\u0117je \u012f proporcinio vo\u017etuvo veikim\u0105, kuris yra populiarus sunkiosios \u012frangos valdymo sistemoje, keltuvo mechanizme sistemoje, kurioje naudojamas hidraulinis valdymas. Konkret\u0173 elektronin\u012f valdymo blok\u0105 galima pritaikyti prie kliento poreiki\u0173 ir sukurti reikiam\u0105 per\u0117jim\u0105 prie \u012frenginio valdymo principo.<\/p>\n<p><a href=\"\/wp-content\/uploads\/2022\/12\/es43.pdf\" target=\"_blank\" rel=\"noopener\"><img decoding=\"async\" src=\"\/wp-content\/uploads\/2023\/02\/download-button-lt.svg\" \/><\/a><\/p>\n","protected":false},"featured_media":1260062199,"template":"","meta":[],"product_brand":[],"product_cat":[1315,1644],"product_tag":[],"class_list":{"0":"post-1260063124","1":"product","2":"type-product","3":"status-publish","4":"has-post-thumbnail","6":"product_cat-pramoniniai-valdikliai-dzoistikai-ir-konsoles","7":"product_cat-individualus-sprendimai-emg-lt","9":"first","10":"instock","11":"shipping-taxable","12":"product-type-simple"},"yoast_head":"<!-- This site is optimized with the Yoast SEO plugin v27.1.1 - https:\/\/yoast.com\/product\/yoast-seo-wordpress\/ -->\n<title>Elektroninis valdymo blokas ES\/43 - My industrial<\/title>\n<meta name=\"robots\" content=\"noindex, follow, max-snippet:-1, max-image-preview:large, max-video-preview:-1\" \/>\n<meta property=\"og:locale\" content=\"lt_LT\" \/>\n<meta property=\"og:type\" content=\"article\" \/>\n<meta property=\"og:title\" content=\"Elektroninis valdymo blokas ES\/43 - My industrial\" \/>\n<meta property=\"og:description\" content=\"Elektroninis valdymo blokas ES\/43 skirtas valdyti proporcinius vo\u017etuvus be pad\u0117ties kontrol\u0117s. Yra versija, skirta 4 proporcini\u0173 vo\u017etuv\u0173 solenoidams (ES \/ 43-10), ir versija, skirta 2 proporcini\u0173 vo\u017etuv\u0173 solenoidams (ES \/ 43-11).  \u0160is gaminys naudojamas valdymo \u012ftais\u0173 su potenciometro i\u0161\u0117jimo signalu perjungimo grandin\u0117je \u012f proporcinio vo\u017etuvo veikim\u0105, kuris yra populiarus sunkiosios \u012frangos valdymo sistemoje, keltuvo mechanizme sistemoje, kurioje naudojamas hidraulinis valdymas. Konkret\u0173 elektronin\u012f valdymo blok\u0105 galima pritaikyti prie kliento poreiki\u0173 ir sukurti reikiam\u0105 per\u0117jim\u0105 prie \u012frenginio valdymo principo.\" \/>\n<meta property=\"og:url\" content=\"https:\/\/dev.myindustrial.eu\/lt\/shop\/pramoniniai-valdikliai-dzoistikai-ir-konsoles\/individualus-sprendimai-emg-lt\/gessmann-electronic-control-unit-es-43\/\" \/>\n<meta property=\"og:site_name\" content=\"My industrial\" \/>\n<meta property=\"article:modified_time\" content=\"2023-06-16T20:47:24+00:00\" \/>\n<meta property=\"og:image\" content=\"https:\/\/dev.myindustrial.eu\/wp-content\/uploads\/2022\/12\/gessmann-big-logo-800x800.jpg\" \/>\n\t<meta property=\"og:image:width\" content=\"800\" \/>\n\t<meta property=\"og:image:height\" content=\"800\" \/>\n\t<meta property=\"og:image:type\" content=\"image\/jpeg\" \/>\n<meta name=\"twitter:card\" content=\"summary_large_image\" \/>\n<script type=\"application\/ld+json\" class=\"yoast-schema-graph\">{\"@context\":\"https:\/\/schema.org\",\"@graph\":[{\"@type\":\"WebPage\",\"@id\":\"https:\/\/dev.myindustrial.eu\/lt\/shop\/pramoniniai-valdikliai-dzoistikai-ir-konsoles\/individualus-sprendimai-emg-lt\/gessmann-electronic-control-unit-es-43\/\",\"url\":\"https:\/\/dev.myindustrial.eu\/lt\/shop\/pramoniniai-valdikliai-dzoistikai-ir-konsoles\/individualus-sprendimai-emg-lt\/gessmann-electronic-control-unit-es-43\/\",\"name\":\"Elektroninis valdymo blokas ES\/43 - My industrial\",\"isPartOf\":{\"@id\":\"https:\/\/dev.myindustrial.eu\/lt\/#website\"},\"primaryImageOfPage\":{\"@id\":\"https:\/\/dev.myindustrial.eu\/lt\/shop\/pramoniniai-valdikliai-dzoistikai-ir-konsoles\/individualus-sprendimai-emg-lt\/gessmann-electronic-control-unit-es-43\/#primaryimage\"},\"image\":{\"@id\":\"https:\/\/dev.myindustrial.eu\/lt\/shop\/pramoniniai-valdikliai-dzoistikai-ir-konsoles\/individualus-sprendimai-emg-lt\/gessmann-electronic-control-unit-es-43\/#primaryimage\"},\"thumbnailUrl\":\"https:\/\/dev.myindustrial.eu\/wp-content\/uploads\/2022\/12\/gessmann-big-logo-800x800.jpg\",\"datePublished\":\"2022-12-14T13:50:38+00:00\",\"dateModified\":\"2023-06-16T20:47:24+00:00\",\"breadcrumb\":{\"@id\":\"https:\/\/dev.myindustrial.eu\/lt\/shop\/pramoniniai-valdikliai-dzoistikai-ir-konsoles\/individualus-sprendimai-emg-lt\/gessmann-electronic-control-unit-es-43\/#breadcrumb\"},\"inLanguage\":\"lt-LT\",\"potentialAction\":[{\"@type\":\"ReadAction\",\"target\":[\"https:\/\/dev.myindustrial.eu\/lt\/shop\/pramoniniai-valdikliai-dzoistikai-ir-konsoles\/individualus-sprendimai-emg-lt\/gessmann-electronic-control-unit-es-43\/\"]}]},{\"@type\":\"ImageObject\",\"inLanguage\":\"lt-LT\",\"@id\":\"https:\/\/dev.myindustrial.eu\/lt\/shop\/pramoniniai-valdikliai-dzoistikai-ir-konsoles\/individualus-sprendimai-emg-lt\/gessmann-electronic-control-unit-es-43\/#primaryimage\",\"url\":\"https:\/\/dev.myindustrial.eu\/wp-content\/uploads\/2022\/12\/gessmann-big-logo-800x800.jpg\",\"contentUrl\":\"https:\/\/dev.myindustrial.eu\/wp-content\/uploads\/2022\/12\/gessmann-big-logo-800x800.jpg\",\"width\":800,\"height\":800},{\"@type\":\"BreadcrumbList\",\"@id\":\"https:\/\/dev.myindustrial.eu\/lt\/shop\/pramoniniai-valdikliai-dzoistikai-ir-konsoles\/individualus-sprendimai-emg-lt\/gessmann-electronic-control-unit-es-43\/#breadcrumb\",\"itemListElement\":[{\"@type\":\"ListItem\",\"position\":1,\"name\":\"Home\",\"item\":\"https:\/\/dev.myindustrial.eu\/lt\/\"},{\"@type\":\"ListItem\",\"position\":2,\"name\":\"Products\",\"item\":\"https:\/\/dev.myindustrial.eu\/lt\/products\/\"},{\"@type\":\"ListItem\",\"position\":3,\"name\":\"Elektroninis valdymo blokas ES\/43\"}]},{\"@type\":\"WebSite\",\"@id\":\"https:\/\/dev.myindustrial.eu\/lt\/#website\",\"url\":\"https:\/\/dev.myindustrial.eu\/lt\/\",\"name\":\"My industrial\",\"description\":\"\",\"potentialAction\":[{\"@type\":\"SearchAction\",\"target\":{\"@type\":\"EntryPoint\",\"urlTemplate\":\"https:\/\/dev.myindustrial.eu\/lt\/?s={search_term_string}\"},\"query-input\":{\"@type\":\"PropertyValueSpecification\",\"valueRequired\":true,\"valueName\":\"search_term_string\"}}],\"inLanguage\":\"lt-LT\"}]}<\/script>\n<!-- \/ Yoast SEO plugin. -->","yoast_head_json":{"title":"Elektroninis valdymo blokas ES\/43 - My industrial","robots":{"index":"noindex","follow":"follow","max-snippet":"max-snippet:-1","max-image-preview":"max-image-preview:large","max-video-preview":"max-video-preview:-1"},"og_locale":"lt_LT","og_type":"article","og_title":"Elektroninis valdymo blokas ES\/43 - My industrial","og_description":"Elektroninis valdymo blokas ES\/43 skirtas valdyti proporcinius vo\u017etuvus be pad\u0117ties kontrol\u0117s. Yra versija, skirta 4 proporcini\u0173 vo\u017etuv\u0173 solenoidams (ES \/ 43-10), ir versija, skirta 2 proporcini\u0173 vo\u017etuv\u0173 solenoidams (ES \/ 43-11).  \u0160is gaminys naudojamas valdymo \u012ftais\u0173 su potenciometro i\u0161\u0117jimo signalu perjungimo grandin\u0117je \u012f proporcinio vo\u017etuvo veikim\u0105, kuris yra populiarus sunkiosios \u012frangos valdymo sistemoje, keltuvo mechanizme sistemoje, kurioje naudojamas hidraulinis valdymas. Konkret\u0173 elektronin\u012f valdymo blok\u0105 galima pritaikyti prie kliento poreiki\u0173 ir sukurti reikiam\u0105 per\u0117jim\u0105 prie \u012frenginio valdymo principo.","og_url":"https:\/\/dev.myindustrial.eu\/lt\/shop\/pramoniniai-valdikliai-dzoistikai-ir-konsoles\/individualus-sprendimai-emg-lt\/gessmann-electronic-control-unit-es-43\/","og_site_name":"My industrial","article_modified_time":"2023-06-16T20:47:24+00:00","og_image":[{"width":800,"height":800,"url":"https:\/\/dev.myindustrial.eu\/wp-content\/uploads\/2022\/12\/gessmann-big-logo-800x800.jpg","type":"image\/jpeg"}],"twitter_card":"summary_large_image","schema":{"@context":"https:\/\/schema.org","@graph":[{"@type":"WebPage","@id":"https:\/\/dev.myindustrial.eu\/lt\/shop\/pramoniniai-valdikliai-dzoistikai-ir-konsoles\/individualus-sprendimai-emg-lt\/gessmann-electronic-control-unit-es-43\/","url":"https:\/\/dev.myindustrial.eu\/lt\/shop\/pramoniniai-valdikliai-dzoistikai-ir-konsoles\/individualus-sprendimai-emg-lt\/gessmann-electronic-control-unit-es-43\/","name":"Elektroninis valdymo blokas ES\/43 - My industrial","isPartOf":{"@id":"https:\/\/dev.myindustrial.eu\/lt\/#website"},"primaryImageOfPage":{"@id":"https:\/\/dev.myindustrial.eu\/lt\/shop\/pramoniniai-valdikliai-dzoistikai-ir-konsoles\/individualus-sprendimai-emg-lt\/gessmann-electronic-control-unit-es-43\/#primaryimage"},"image":{"@id":"https:\/\/dev.myindustrial.eu\/lt\/shop\/pramoniniai-valdikliai-dzoistikai-ir-konsoles\/individualus-sprendimai-emg-lt\/gessmann-electronic-control-unit-es-43\/#primaryimage"},"thumbnailUrl":"https:\/\/dev.myindustrial.eu\/wp-content\/uploads\/2022\/12\/gessmann-big-logo-800x800.jpg","datePublished":"2022-12-14T13:50:38+00:00","dateModified":"2023-06-16T20:47:24+00:00","breadcrumb":{"@id":"https:\/\/dev.myindustrial.eu\/lt\/shop\/pramoniniai-valdikliai-dzoistikai-ir-konsoles\/individualus-sprendimai-emg-lt\/gessmann-electronic-control-unit-es-43\/#breadcrumb"},"inLanguage":"lt-LT","potentialAction":[{"@type":"ReadAction","target":["https:\/\/dev.myindustrial.eu\/lt\/shop\/pramoniniai-valdikliai-dzoistikai-ir-konsoles\/individualus-sprendimai-emg-lt\/gessmann-electronic-control-unit-es-43\/"]}]},{"@type":"ImageObject","inLanguage":"lt-LT","@id":"https:\/\/dev.myindustrial.eu\/lt\/shop\/pramoniniai-valdikliai-dzoistikai-ir-konsoles\/individualus-sprendimai-emg-lt\/gessmann-electronic-control-unit-es-43\/#primaryimage","url":"https:\/\/dev.myindustrial.eu\/wp-content\/uploads\/2022\/12\/gessmann-big-logo-800x800.jpg","contentUrl":"https:\/\/dev.myindustrial.eu\/wp-content\/uploads\/2022\/12\/gessmann-big-logo-800x800.jpg","width":800,"height":800},{"@type":"BreadcrumbList","@id":"https:\/\/dev.myindustrial.eu\/lt\/shop\/pramoniniai-valdikliai-dzoistikai-ir-konsoles\/individualus-sprendimai-emg-lt\/gessmann-electronic-control-unit-es-43\/#breadcrumb","itemListElement":[{"@type":"ListItem","position":1,"name":"Home","item":"https:\/\/dev.myindustrial.eu\/lt\/"},{"@type":"ListItem","position":2,"name":"Products","item":"https:\/\/dev.myindustrial.eu\/lt\/products\/"},{"@type":"ListItem","position":3,"name":"Elektroninis valdymo blokas ES\/43"}]},{"@type":"WebSite","@id":"https:\/\/dev.myindustrial.eu\/lt\/#website","url":"https:\/\/dev.myindustrial.eu\/lt\/","name":"My industrial","description":"","potentialAction":[{"@type":"SearchAction","target":{"@type":"EntryPoint","urlTemplate":"https:\/\/dev.myindustrial.eu\/lt\/?s={search_term_string}"},"query-input":{"@type":"PropertyValueSpecification","valueRequired":true,"valueName":"search_term_string"}}],"inLanguage":"lt-LT"}]}},"_links":{"self":[{"href":"https:\/\/dev.myindustrial.eu\/lt\/wp-json\/wp\/v2\/product\/1260063124","targetHints":{"allow":["GET"]}}],"collection":[{"href":"https:\/\/dev.myindustrial.eu\/lt\/wp-json\/wp\/v2\/product"}],"about":[{"href":"https:\/\/dev.myindustrial.eu\/lt\/wp-json\/wp\/v2\/types\/product"}],"version-history":[{"count":0,"href":"https:\/\/dev.myindustrial.eu\/lt\/wp-json\/wp\/v2\/product\/1260063124\/revisions"}],"wp:featuredmedia":[{"embeddable":true,"href":"https:\/\/dev.myindustrial.eu\/lt\/wp-json\/wp\/v2\/media\/1260062199"}],"wp:attachment":[{"href":"https:\/\/dev.myindustrial.eu\/lt\/wp-json\/wp\/v2\/media?parent=1260063124"}],"wp:term":[{"taxonomy":"product_brand","embeddable":true,"href":"https:\/\/dev.myindustrial.eu\/lt\/wp-json\/wp\/v2\/product_brand?post=1260063124"},{"taxonomy":"product_cat","embeddable":true,"href":"https:\/\/dev.myindustrial.eu\/lt\/wp-json\/wp\/v2\/product_cat?post=1260063124"},{"taxonomy":"product_tag","embeddable":true,"href":"https:\/\/dev.myindustrial.eu\/lt\/wp-json\/wp\/v2\/product_tag?post=1260063124"}],"curies":[{"name":"wp","href":"https:\/\/api.w.org\/{rel}","templated":true}]}}