{"id":1260063130,"date":"2022-12-14T14:02:05","date_gmt":"2022-12-14T14:02:05","guid":{"rendered":"https:\/\/dev.myindustrial.eu\/shop\/be-kategorijos\/gessmann-housing-for-our-switching-device-c1\/"},"modified":"2023-06-16T20:47:24","modified_gmt":"2023-06-16T20:47:24","slug":"gessmann-housing-for-our-switching-device-c1","status":"publish","type":"product","link":"https:\/\/dev.myindustrial.eu\/lt\/shop\/pramoniniai-valdikliai-dzoistikai-ir-konsoles\/individualus-sprendimai-emg-lt\/gessmann-housing-for-our-switching-device-c1\/","title":{"rendered":"M\u016bs\u0173 perjungimo \u012frenginio korpusas"},"content":{"rendered":"<p><b>Techniniai duomenys:<\/b><span style=\"font-weight: 400\">Darbin\u0117 temperat\u016bra: Nuo \u201340\u00a0\u00b0C iki +85\u00a0\u00b0C<\/span><span style=\"font-weight: 400\">Horizontalus reguliavimas: +\/\u2013 30 mm<\/span><b>Pagrindin\u0117 \u012fd\u0117klo plok\u0161tel\u0117:<\/b><span style=\"font-weight: 400\">Trys pagrindin\u0117s \u012fd\u0117kl\u0173 plok\u0161t\u0117s: daugyb\u0117 variant\u0173<\/span><span style=\"font-weight: 400\">Klientui pritaikyti \u012fd\u0117klai: \u012fgyvendinami be dideli\u0173 pastang\u0173<\/span><span style=\"font-weight: 400\">N\u0117ra i\u0161 anksto nustatyto tinklelio<\/span><b>Kompakti\u0161kas:<\/b><span style=\"font-weight: 400\">(PxIxA), 160x520x100\u2013150 mm<\/span><b>Vir\u0161utin\u0117 korpuso dalis:<\/b><span style=\"font-weight: 400\">Plonas ir tvirtas korpusas<\/span><span style=\"font-weight: 400\">\u012evairios montavimo galimyb\u0117s<\/span><b>Porankis ir daiktad\u0117\u017e\u0117:<\/b><span style=\"font-weight: 400\">Porankis reguliuojamas \u012fvairiomis pakopomis<\/span><span style=\"font-weight: 400\">Ergonomi\u0161kas ir klientui pritaikytas rank\u0173 kilim\u0117lis<\/span><span style=\"font-weight: 400\">Individualios \u012frengimo s\u0105lygos<\/span><b>B\u016bkite k\u016brybingi<\/b><span style=\"font-weight: 400\">Sukurkite savo prek\u0117s \u017eenkl\u0105<\/span><span style=\"font-weight: 400\">Su \u012fmon\u0117s logotipu arba be jo<\/span><span style=\"font-weight: 400\">Galima \u012fsigyti ap\u0161viest\u0105<\/span><b>\u201eAmbilight\u201c<\/b><span style=\"font-weight: 400\">Kuriame individualius ap\u0161vietimo sprendimus\u00a0<\/span><span style=\"font-weight: 400\">Visi \u012fgyvendinti projektai da\u017enai buvo grind\u017eiami konstruktoriaus tipu, i\u0161 prad\u017ei\u0173 sukuriant pagrindin\u012f k\u0117bul\u0105, o v\u0117liau j\u012f papildant papildomais priedais ir detal\u0117mis. \u0160i modulin\u0117 id\u0117ja patogi, jei norite papildyti tai, k\u0105 jau turite.<\/span><iframe width=\"560\" height=\"315\" src=\"https:\/\/www.youtube.com\/embed\/7iSu28NLHTk\" frameborder=\"0\" allow=\"accelerometer; autoplay; clipboard-write; encrypted-media; gyroscope; picture-in-picture; web-share\" allowfullscreen><\/iframe> <iframe width=\"560\" height=\"315\" src=\"https:\/\/www.youtube.com\/embed\/J0uY1lDOYOc\" frameborder=\"0\" allow=\"accelerometer; autoplay; clipboard-write; encrypted-media; gyroscope; picture-in-picture; web-share\" allowfullscreen><\/iframe><iframe width=\"560\" height=\"315\" src=\"https:\/\/www.youtube.com\/embed\/Ei8P8Yr6Evk\" frameborder=\"0\" allow=\"accelerometer; autoplay; clipboard-write; encrypted-media; gyroscope; picture-in-picture; web-share\" allowfullscreen><\/iframe><\/p>\n","protected":false},"excerpt":{"rendered":"<p>Valdymo skydai, suteikiantys klientui neribotas galimybes.<br \/>\nGaminame \u012fvairi\u0173 tip\u0173 valdymo skydus, kad m\u016bs\u0173 klientai tur\u0117t\u0173 kuo daugiau dizaino ir konfig\u016bracijos galimybi\u0173.<br \/>\nProjektuojant atkreiptas d\u0117mesys \u012f kliento pageidaujam\u0105 kompakti\u0161k\u0105 form\u0105 ir ergonomik\u0105, kuri\u0105 galima i\u0161pl\u0117sti papildomais moduliais ar prapl\u0117timo elementais.<br \/>\nD\u0117l modulin\u0117s konstrukcijos galima individualiai konfig\u016bruoti vairalazdes, ekranus ir komandinius \u012frenginius.<\/p>\n<p>Kaip pagrindo profilius naudojame plieno lak\u0161tus (med\u017eiagos storis 1\/1,5 mm), plastikin\u012f polikarbonat\u0105, plastikin\u012f poliesterio korpus\u0105. Numatomas IP54, IP65 da\u017eymas RAL 7032 \u017evirg\u017edo pilkos tekst\u016bros lakas, RAL 7035 \u0161viesiai pilka, RAL 7000 pilka, RAL 9011 juoda.<\/p>\n<p>I\u0161oriniai matmenys (mm), apra\u0161yti kaip (WxLxH), yra nuo 200 x 200 x 92 (120 x 122 x 105) iki 260 x 600 x 105 (250 x 600 x 120). Da\u017enai deriname keli\u0173 geometrini\u0173 form\u0173 korpusus, taip sukurdami modulin\u0119 form\u0105, tod\u0117l klientui suteikiame \u012fvairi\u0173 darbo viet\u0173 ir agregat\u0173 i\u0161d\u0117stymo galimybi\u0173.<\/p>\n<p>Vienas i\u0161 geriausi\u0173 pavyzd\u017ei\u0173 \u2013 valdymo skydelis C1, kuris buvo sukurtas tiesiogiai po keli\u0173 klient\u0173 eksperiment\u0173 ir speciali\u0173 gamini\u0173 k\u016brimo. Da\u017enai rekomenduojame \u0161\u012f pult\u0105 kaip bazin\u012f ir galimyb\u0119 ant jo sukurti darbo pavir\u0161i\u0173, kuris bus individualiai pritaikytas kiekvieno operatoriaus poreikiams.<\/p>\n<p>Nustatyti pagrindiniai standartinio gaminio parametrai, ta\u010diau juos galima patobulinti pagal kliento poreikius.<\/p>\n","protected":false},"featured_media":1260062872,"template":"","meta":[],"product_brand":[],"product_cat":[1315,1644],"product_tag":[],"class_list":{"0":"post-1260063130","1":"product","2":"type-product","3":"status-publish","4":"has-post-thumbnail","6":"product_cat-pramoniniai-valdikliai-dzoistikai-ir-konsoles","7":"product_cat-individualus-sprendimai-emg-lt","9":"first","10":"instock","11":"shipping-taxable","12":"product-type-simple"},"yoast_head":"<!-- This site is optimized with the Yoast SEO plugin v27.1.1 - https:\/\/yoast.com\/product\/yoast-seo-wordpress\/ -->\n<title>M\u016bs\u0173 perjungimo \u012frenginio korpusas - My industrial<\/title>\n<meta name=\"robots\" content=\"noindex, follow, max-snippet:-1, max-image-preview:large, max-video-preview:-1\" \/>\n<meta property=\"og:locale\" content=\"lt_LT\" \/>\n<meta property=\"og:type\" content=\"article\" \/>\n<meta property=\"og:title\" content=\"M\u016bs\u0173 perjungimo \u012frenginio korpusas - My industrial\" \/>\n<meta property=\"og:description\" content=\"Valdymo skydai, suteikiantys klientui neribotas galimybes. Gaminame \u012fvairi\u0173 tip\u0173 valdymo skydus, kad m\u016bs\u0173 klientai tur\u0117t\u0173 kuo daugiau dizaino ir konfig\u016bracijos galimybi\u0173. Projektuojant atkreiptas d\u0117mesys \u012f kliento pageidaujam\u0105 kompakti\u0161k\u0105 form\u0105 ir ergonomik\u0105, kuri\u0105 galima i\u0161pl\u0117sti papildomais moduliais ar prapl\u0117timo elementais. D\u0117l modulin\u0117s konstrukcijos galima individualiai konfig\u016bruoti vairalazdes, ekranus ir komandinius \u012frenginius.  Kaip pagrindo profilius naudojame plieno lak\u0161tus (med\u017eiagos storis 1\/1,5 mm), plastikin\u012f polikarbonat\u0105, plastikin\u012f poliesterio korpus\u0105. Numatomas IP54, IP65 da\u017eymas RAL 7032 \u017evirg\u017edo pilkos tekst\u016bros lakas, RAL 7035 \u0161viesiai pilka, RAL 7000 pilka, RAL 9011 juoda.  I\u0161oriniai matmenys (mm), apra\u0161yti kaip (WxLxH), yra nuo 200 x 200 x 92 (120 x 122 x 105) iki 260 x 600 x 105 (250 x 600 x 120). Da\u017enai deriname keli\u0173 geometrini\u0173 form\u0173 korpusus, taip sukurdami modulin\u0119 form\u0105, tod\u0117l klientui suteikiame \u012fvairi\u0173 darbo viet\u0173 ir agregat\u0173 i\u0161d\u0117stymo galimybi\u0173.  Vienas i\u0161 geriausi\u0173 pavyzd\u017ei\u0173 \u2013 valdymo skydelis C1, kuris buvo sukurtas tiesiogiai po keli\u0173 klient\u0173 eksperiment\u0173 ir speciali\u0173 gamini\u0173 k\u016brimo. Da\u017enai rekomenduojame \u0161\u012f pult\u0105 kaip bazin\u012f ir galimyb\u0119 ant jo sukurti darbo pavir\u0161i\u0173, kuris bus individualiai pritaikytas kiekvieno operatoriaus poreikiams.  Nustatyti pagrindiniai standartinio gaminio parametrai, ta\u010diau juos galima patobulinti pagal kliento poreikius.\" \/>\n<meta property=\"og:url\" content=\"https:\/\/dev.myindustrial.eu\/lt\/shop\/pramoniniai-valdikliai-dzoistikai-ir-konsoles\/individualus-sprendimai-emg-lt\/gessmann-housing-for-our-switching-device-c1\/\" \/>\n<meta property=\"og:site_name\" content=\"My industrial\" \/>\n<meta property=\"article:modified_time\" content=\"2023-06-16T20:47:24+00:00\" \/>\n<meta property=\"og:image\" content=\"https:\/\/dev.myindustrial.eu\/wp-content\/uploads\/2022\/01\/c1-kalender.180.webp\" \/>\n\t<meta property=\"og:image:width\" content=\"1800\" \/>\n\t<meta property=\"og:image:height\" content=\"1290\" \/>\n\t<meta property=\"og:image:type\" content=\"image\/webp\" \/>\n<meta name=\"twitter:card\" content=\"summary_large_image\" \/>\n<script type=\"application\/ld+json\" class=\"yoast-schema-graph\">{\"@context\":\"https:\/\/schema.org\",\"@graph\":[{\"@type\":\"WebPage\",\"@id\":\"https:\/\/dev.myindustrial.eu\/lt\/shop\/pramoniniai-valdikliai-dzoistikai-ir-konsoles\/individualus-sprendimai-emg-lt\/gessmann-housing-for-our-switching-device-c1\/\",\"url\":\"https:\/\/dev.myindustrial.eu\/lt\/shop\/pramoniniai-valdikliai-dzoistikai-ir-konsoles\/individualus-sprendimai-emg-lt\/gessmann-housing-for-our-switching-device-c1\/\",\"name\":\"M\u016bs\u0173 perjungimo \u012frenginio korpusas - My industrial\",\"isPartOf\":{\"@id\":\"https:\/\/dev.myindustrial.eu\/lt\/#website\"},\"primaryImageOfPage\":{\"@id\":\"https:\/\/dev.myindustrial.eu\/lt\/shop\/pramoniniai-valdikliai-dzoistikai-ir-konsoles\/individualus-sprendimai-emg-lt\/gessmann-housing-for-our-switching-device-c1\/#primaryimage\"},\"image\":{\"@id\":\"https:\/\/dev.myindustrial.eu\/lt\/shop\/pramoniniai-valdikliai-dzoistikai-ir-konsoles\/individualus-sprendimai-emg-lt\/gessmann-housing-for-our-switching-device-c1\/#primaryimage\"},\"thumbnailUrl\":\"https:\/\/dev.myindustrial.eu\/wp-content\/uploads\/2022\/01\/c1-kalender.180.webp\",\"datePublished\":\"2022-12-14T14:02:05+00:00\",\"dateModified\":\"2023-06-16T20:47:24+00:00\",\"breadcrumb\":{\"@id\":\"https:\/\/dev.myindustrial.eu\/lt\/shop\/pramoniniai-valdikliai-dzoistikai-ir-konsoles\/individualus-sprendimai-emg-lt\/gessmann-housing-for-our-switching-device-c1\/#breadcrumb\"},\"inLanguage\":\"lt-LT\",\"potentialAction\":[{\"@type\":\"ReadAction\",\"target\":[\"https:\/\/dev.myindustrial.eu\/lt\/shop\/pramoniniai-valdikliai-dzoistikai-ir-konsoles\/individualus-sprendimai-emg-lt\/gessmann-housing-for-our-switching-device-c1\/\"]}]},{\"@type\":\"ImageObject\",\"inLanguage\":\"lt-LT\",\"@id\":\"https:\/\/dev.myindustrial.eu\/lt\/shop\/pramoniniai-valdikliai-dzoistikai-ir-konsoles\/individualus-sprendimai-emg-lt\/gessmann-housing-for-our-switching-device-c1\/#primaryimage\",\"url\":\"https:\/\/dev.myindustrial.eu\/wp-content\/uploads\/2022\/01\/c1-kalender.180.webp\",\"contentUrl\":\"https:\/\/dev.myindustrial.eu\/wp-content\/uploads\/2022\/01\/c1-kalender.180.webp\",\"width\":1800,\"height\":1290},{\"@type\":\"BreadcrumbList\",\"@id\":\"https:\/\/dev.myindustrial.eu\/lt\/shop\/pramoniniai-valdikliai-dzoistikai-ir-konsoles\/individualus-sprendimai-emg-lt\/gessmann-housing-for-our-switching-device-c1\/#breadcrumb\",\"itemListElement\":[{\"@type\":\"ListItem\",\"position\":1,\"name\":\"Home\",\"item\":\"https:\/\/dev.myindustrial.eu\/lt\/\"},{\"@type\":\"ListItem\",\"position\":2,\"name\":\"Products\",\"item\":\"https:\/\/dev.myindustrial.eu\/lt\/products\/\"},{\"@type\":\"ListItem\",\"position\":3,\"name\":\"M\u016bs\u0173 perjungimo \u012frenginio korpusas\"}]},{\"@type\":\"WebSite\",\"@id\":\"https:\/\/dev.myindustrial.eu\/lt\/#website\",\"url\":\"https:\/\/dev.myindustrial.eu\/lt\/\",\"name\":\"My industrial\",\"description\":\"\",\"potentialAction\":[{\"@type\":\"SearchAction\",\"target\":{\"@type\":\"EntryPoint\",\"urlTemplate\":\"https:\/\/dev.myindustrial.eu\/lt\/?s={search_term_string}\"},\"query-input\":{\"@type\":\"PropertyValueSpecification\",\"valueRequired\":true,\"valueName\":\"search_term_string\"}}],\"inLanguage\":\"lt-LT\"}]}<\/script>\n<!-- \/ Yoast SEO plugin. -->","yoast_head_json":{"title":"M\u016bs\u0173 perjungimo \u012frenginio korpusas - My industrial","robots":{"index":"noindex","follow":"follow","max-snippet":"max-snippet:-1","max-image-preview":"max-image-preview:large","max-video-preview":"max-video-preview:-1"},"og_locale":"lt_LT","og_type":"article","og_title":"M\u016bs\u0173 perjungimo \u012frenginio korpusas - My industrial","og_description":"Valdymo skydai, suteikiantys klientui neribotas galimybes. Gaminame \u012fvairi\u0173 tip\u0173 valdymo skydus, kad m\u016bs\u0173 klientai tur\u0117t\u0173 kuo daugiau dizaino ir konfig\u016bracijos galimybi\u0173. Projektuojant atkreiptas d\u0117mesys \u012f kliento pageidaujam\u0105 kompakti\u0161k\u0105 form\u0105 ir ergonomik\u0105, kuri\u0105 galima i\u0161pl\u0117sti papildomais moduliais ar prapl\u0117timo elementais. D\u0117l modulin\u0117s konstrukcijos galima individualiai konfig\u016bruoti vairalazdes, ekranus ir komandinius \u012frenginius.  Kaip pagrindo profilius naudojame plieno lak\u0161tus (med\u017eiagos storis 1\/1,5 mm), plastikin\u012f polikarbonat\u0105, plastikin\u012f poliesterio korpus\u0105. Numatomas IP54, IP65 da\u017eymas RAL 7032 \u017evirg\u017edo pilkos tekst\u016bros lakas, RAL 7035 \u0161viesiai pilka, RAL 7000 pilka, RAL 9011 juoda.  I\u0161oriniai matmenys (mm), apra\u0161yti kaip (WxLxH), yra nuo 200 x 200 x 92 (120 x 122 x 105) iki 260 x 600 x 105 (250 x 600 x 120). Da\u017enai deriname keli\u0173 geometrini\u0173 form\u0173 korpusus, taip sukurdami modulin\u0119 form\u0105, tod\u0117l klientui suteikiame \u012fvairi\u0173 darbo viet\u0173 ir agregat\u0173 i\u0161d\u0117stymo galimybi\u0173.  Vienas i\u0161 geriausi\u0173 pavyzd\u017ei\u0173 \u2013 valdymo skydelis C1, kuris buvo sukurtas tiesiogiai po keli\u0173 klient\u0173 eksperiment\u0173 ir speciali\u0173 gamini\u0173 k\u016brimo. Da\u017enai rekomenduojame \u0161\u012f pult\u0105 kaip bazin\u012f ir galimyb\u0119 ant jo sukurti darbo pavir\u0161i\u0173, kuris bus individualiai pritaikytas kiekvieno operatoriaus poreikiams.  Nustatyti pagrindiniai standartinio gaminio parametrai, ta\u010diau juos galima patobulinti pagal kliento poreikius.","og_url":"https:\/\/dev.myindustrial.eu\/lt\/shop\/pramoniniai-valdikliai-dzoistikai-ir-konsoles\/individualus-sprendimai-emg-lt\/gessmann-housing-for-our-switching-device-c1\/","og_site_name":"My industrial","article_modified_time":"2023-06-16T20:47:24+00:00","og_image":[{"width":1800,"height":1290,"url":"https:\/\/dev.myindustrial.eu\/wp-content\/uploads\/2022\/01\/c1-kalender.180.webp","type":"image\/webp"}],"twitter_card":"summary_large_image","schema":{"@context":"https:\/\/schema.org","@graph":[{"@type":"WebPage","@id":"https:\/\/dev.myindustrial.eu\/lt\/shop\/pramoniniai-valdikliai-dzoistikai-ir-konsoles\/individualus-sprendimai-emg-lt\/gessmann-housing-for-our-switching-device-c1\/","url":"https:\/\/dev.myindustrial.eu\/lt\/shop\/pramoniniai-valdikliai-dzoistikai-ir-konsoles\/individualus-sprendimai-emg-lt\/gessmann-housing-for-our-switching-device-c1\/","name":"M\u016bs\u0173 perjungimo \u012frenginio korpusas - My industrial","isPartOf":{"@id":"https:\/\/dev.myindustrial.eu\/lt\/#website"},"primaryImageOfPage":{"@id":"https:\/\/dev.myindustrial.eu\/lt\/shop\/pramoniniai-valdikliai-dzoistikai-ir-konsoles\/individualus-sprendimai-emg-lt\/gessmann-housing-for-our-switching-device-c1\/#primaryimage"},"image":{"@id":"https:\/\/dev.myindustrial.eu\/lt\/shop\/pramoniniai-valdikliai-dzoistikai-ir-konsoles\/individualus-sprendimai-emg-lt\/gessmann-housing-for-our-switching-device-c1\/#primaryimage"},"thumbnailUrl":"https:\/\/dev.myindustrial.eu\/wp-content\/uploads\/2022\/01\/c1-kalender.180.webp","datePublished":"2022-12-14T14:02:05+00:00","dateModified":"2023-06-16T20:47:24+00:00","breadcrumb":{"@id":"https:\/\/dev.myindustrial.eu\/lt\/shop\/pramoniniai-valdikliai-dzoistikai-ir-konsoles\/individualus-sprendimai-emg-lt\/gessmann-housing-for-our-switching-device-c1\/#breadcrumb"},"inLanguage":"lt-LT","potentialAction":[{"@type":"ReadAction","target":["https:\/\/dev.myindustrial.eu\/lt\/shop\/pramoniniai-valdikliai-dzoistikai-ir-konsoles\/individualus-sprendimai-emg-lt\/gessmann-housing-for-our-switching-device-c1\/"]}]},{"@type":"ImageObject","inLanguage":"lt-LT","@id":"https:\/\/dev.myindustrial.eu\/lt\/shop\/pramoniniai-valdikliai-dzoistikai-ir-konsoles\/individualus-sprendimai-emg-lt\/gessmann-housing-for-our-switching-device-c1\/#primaryimage","url":"https:\/\/dev.myindustrial.eu\/wp-content\/uploads\/2022\/01\/c1-kalender.180.webp","contentUrl":"https:\/\/dev.myindustrial.eu\/wp-content\/uploads\/2022\/01\/c1-kalender.180.webp","width":1800,"height":1290},{"@type":"BreadcrumbList","@id":"https:\/\/dev.myindustrial.eu\/lt\/shop\/pramoniniai-valdikliai-dzoistikai-ir-konsoles\/individualus-sprendimai-emg-lt\/gessmann-housing-for-our-switching-device-c1\/#breadcrumb","itemListElement":[{"@type":"ListItem","position":1,"name":"Home","item":"https:\/\/dev.myindustrial.eu\/lt\/"},{"@type":"ListItem","position":2,"name":"Products","item":"https:\/\/dev.myindustrial.eu\/lt\/products\/"},{"@type":"ListItem","position":3,"name":"M\u016bs\u0173 perjungimo \u012frenginio korpusas"}]},{"@type":"WebSite","@id":"https:\/\/dev.myindustrial.eu\/lt\/#website","url":"https:\/\/dev.myindustrial.eu\/lt\/","name":"My industrial","description":"","potentialAction":[{"@type":"SearchAction","target":{"@type":"EntryPoint","urlTemplate":"https:\/\/dev.myindustrial.eu\/lt\/?s={search_term_string}"},"query-input":{"@type":"PropertyValueSpecification","valueRequired":true,"valueName":"search_term_string"}}],"inLanguage":"lt-LT"}]}},"_links":{"self":[{"href":"https:\/\/dev.myindustrial.eu\/lt\/wp-json\/wp\/v2\/product\/1260063130","targetHints":{"allow":["GET"]}}],"collection":[{"href":"https:\/\/dev.myindustrial.eu\/lt\/wp-json\/wp\/v2\/product"}],"about":[{"href":"https:\/\/dev.myindustrial.eu\/lt\/wp-json\/wp\/v2\/types\/product"}],"version-history":[{"count":0,"href":"https:\/\/dev.myindustrial.eu\/lt\/wp-json\/wp\/v2\/product\/1260063130\/revisions"}],"wp:featuredmedia":[{"embeddable":true,"href":"https:\/\/dev.myindustrial.eu\/lt\/wp-json\/wp\/v2\/media\/1260062872"}],"wp:attachment":[{"href":"https:\/\/dev.myindustrial.eu\/lt\/wp-json\/wp\/v2\/media?parent=1260063130"}],"wp:term":[{"taxonomy":"product_brand","embeddable":true,"href":"https:\/\/dev.myindustrial.eu\/lt\/wp-json\/wp\/v2\/product_brand?post=1260063130"},{"taxonomy":"product_cat","embeddable":true,"href":"https:\/\/dev.myindustrial.eu\/lt\/wp-json\/wp\/v2\/product_cat?post=1260063130"},{"taxonomy":"product_tag","embeddable":true,"href":"https:\/\/dev.myindustrial.eu\/lt\/wp-json\/wp\/v2\/product_tag?post=1260063130"}],"curies":[{"name":"wp","href":"https:\/\/api.w.org\/{rel}","templated":true}]}}