{"id":1260063134,"date":"2022-12-14T13:55:50","date_gmt":"2022-12-14T13:55:50","guid":{"rendered":"https:\/\/dev.myindustrial.eu\/shop\/be-kategorijos\/gessmann-individual-operator-joystick\/"},"modified":"2023-12-28T22:50:08","modified_gmt":"2023-12-28T22:50:08","slug":"gessmann-individual-operator-joystick","status":"publish","type":"product","link":"https:\/\/dev.myindustrial.eu\/lt\/shop\/pramoniniai-valdikliai-dzoistikai-ir-konsoles\/individualus-sprendimai-emg-lt\/gessmann-individual-operator-joystick\/","title":{"rendered":"Nuo standartini\u0173 iki specializuot\u0173 \u2013 individual\u016bs sisteminiai sprendimai."},"content":{"rendered":"<p><iframe width=\"560\" height=\"315\" src=\"https:\/\/youtube.com\/shorts\/hNLUYdb3GwA?feature=share\" frameborder=\"0\" allow=\"accelerometer; autoplay; clipboard-write; encrypted-media; gyroscope; picture-in-picture; web-share\" allowfullscreen><\/iframe><\/p>\n","protected":false},"excerpt":{"rendered":"<p><b>Nuo standartini\u0173 iki specializuot\u0173 \u2013 individual\u016bs sisteminiai sprendimai.<\/b><\/p>\n<p><span style=\"font-weight: 400;\">M\u016bs\u0173 ekspert\u0173 komanda kartu su jumis kuria gaminio koncepcij\u0105 ir pagal j\u016bs\u0173 pageidavimus sukuria gamin\u012f ypatingam pritaikymui.<\/span><\/p>\n<p><span style=\"font-weight: 400;\">Mes gaminame pagal j\u016bs\u0173 u\u017esakym\u0105 kuriamus auk\u0161\u010diausios kokyb\u0117s gaminius per trump\u0105 laik\u0105. Patarsime jums asmeni\u0161kai.<\/span><\/p>\n<p><span style=\"font-weight: 400;\">Gaminiai, kurie gaminami pagal kliento poreikius, da\u017eniausiai kuriami individualiai, i\u0161 anksto i\u0161analizuojant visus techninius aspektus ir sukuriant 3D model\u012f, kad b\u016bt\u0173 galima susipa\u017einti su bendra galutinio gaminio i\u0161vaizda ir patogumu naudoti.\u00a0<\/span><\/p>\n<p><span style=\"font-weight: 400;\">Kurdami special\u0173 gamin\u012f ar sprendim\u0105, da\u017enai naudojame jau paruo\u0161tus gaminius, kuriuos galima rasti standartini\u0173 gamini\u0173 kataloge ir papildyti specialiomis parinktimis.<\/span><\/p>\n<p><span style=\"font-weight: 400;\">Pirmiausia d\u0117mes\u012f skiriame ergonomikai, paprastam naudojimui ir techninio sprendimo k\u016brimui.<\/span><\/p>\n<p><a href=\"https:\/\/dev.myindustrial.eu\/wp-content\/uploads\/2022\/12\/gessmann-illustration-1-400x400.jpg\"><img fetchpriority=\"high\" decoding=\"async\" class=\"alignnone wp-image-1260062202\" src=\"https:\/\/dev.myindustrial.eu\/wp-content\/uploads\/2022\/12\/gessmann-illustration-1-400x400.jpg\" alt=\"\" width=\"252\" height=\"252\" srcset=\"https:\/\/dev.myindustrial.eu\/wp-content\/uploads\/2022\/12\/gessmann-illustration-1-400x400.jpg 400w, https:\/\/dev.myindustrial.eu\/wp-content\/uploads\/2022\/12\/gessmann-illustration-1-300x300.jpg 300w, https:\/\/dev.myindustrial.eu\/wp-content\/uploads\/2022\/12\/gessmann-illustration-1-150x150.jpg 150w\" sizes=\"(max-width: 252px) 100vw, 252px\" \/><\/a><\/p>\n","protected":false},"featured_media":1260062199,"template":"","meta":[],"product_brand":[],"product_cat":[1315,1644],"product_tag":[],"class_list":{"0":"post-1260063134","1":"product","2":"type-product","3":"status-publish","4":"has-post-thumbnail","6":"product_cat-pramoniniai-valdikliai-dzoistikai-ir-konsoles","7":"product_cat-individualus-sprendimai-emg-lt","9":"first","10":"instock","11":"shipping-taxable","12":"product-type-simple"},"yoast_head":"<!-- This site is optimized with the Yoast SEO plugin v27.1.1 - https:\/\/yoast.com\/product\/yoast-seo-wordpress\/ -->\n<title>Nuo standartini\u0173 iki specializuot\u0173 \u2013 individual\u016bs sisteminiai sprendimai. - My industrial<\/title>\n<meta name=\"robots\" content=\"noindex, follow, max-snippet:-1, max-image-preview:large, max-video-preview:-1\" \/>\n<meta property=\"og:locale\" content=\"lt_LT\" \/>\n<meta property=\"og:type\" content=\"article\" \/>\n<meta property=\"og:title\" content=\"Nuo standartini\u0173 iki specializuot\u0173 \u2013 individual\u016bs sisteminiai sprendimai. - My industrial\" \/>\n<meta property=\"og:description\" content=\"Nuo standartini\u0173 iki specializuot\u0173 \u2013 individual\u016bs sisteminiai sprendimai.  M\u016bs\u0173 ekspert\u0173 komanda kartu su jumis kuria gaminio koncepcij\u0105 ir pagal j\u016bs\u0173 pageidavimus sukuria gamin\u012f ypatingam pritaikymui.  Mes gaminame pagal j\u016bs\u0173 u\u017esakym\u0105 kuriamus auk\u0161\u010diausios kokyb\u0117s gaminius per trump\u0105 laik\u0105. Patarsime jums asmeni\u0161kai.  Gaminiai, kurie gaminami pagal kliento poreikius, da\u017eniausiai kuriami individualiai, i\u0161 anksto i\u0161analizuojant visus techninius aspektus ir sukuriant 3D model\u012f, kad b\u016bt\u0173 galima susipa\u017einti su bendra galutinio gaminio i\u0161vaizda ir patogumu naudoti.\u00a0  Kurdami special\u0173 gamin\u012f ar sprendim\u0105, da\u017enai naudojame jau paruo\u0161tus gaminius, kuriuos galima rasti standartini\u0173 gamini\u0173 kataloge ir papildyti specialiomis parinktimis.  Pirmiausia d\u0117mes\u012f skiriame ergonomikai, paprastam naudojimui ir techninio sprendimo k\u016brimui.\" \/>\n<meta property=\"og:url\" content=\"https:\/\/dev.myindustrial.eu\/lt\/shop\/pramoniniai-valdikliai-dzoistikai-ir-konsoles\/individualus-sprendimai-emg-lt\/gessmann-individual-operator-joystick\/\" \/>\n<meta property=\"og:site_name\" content=\"My industrial\" \/>\n<meta property=\"article:modified_time\" content=\"2023-12-28T22:50:08+00:00\" \/>\n<meta property=\"og:image\" content=\"https:\/\/dev.myindustrial.eu\/wp-content\/uploads\/2022\/12\/gessmann-big-logo-800x800.jpg\" \/>\n\t<meta property=\"og:image:width\" content=\"800\" \/>\n\t<meta property=\"og:image:height\" content=\"800\" \/>\n\t<meta property=\"og:image:type\" content=\"image\/jpeg\" \/>\n<meta name=\"twitter:card\" content=\"summary_large_image\" \/>\n<script type=\"application\/ld+json\" class=\"yoast-schema-graph\">{\"@context\":\"https:\/\/schema.org\",\"@graph\":[{\"@type\":\"WebPage\",\"@id\":\"https:\/\/dev.myindustrial.eu\/lt\/shop\/pramoniniai-valdikliai-dzoistikai-ir-konsoles\/individualus-sprendimai-emg-lt\/gessmann-individual-operator-joystick\/\",\"url\":\"https:\/\/dev.myindustrial.eu\/lt\/shop\/pramoniniai-valdikliai-dzoistikai-ir-konsoles\/individualus-sprendimai-emg-lt\/gessmann-individual-operator-joystick\/\",\"name\":\"Nuo standartini\u0173 iki specializuot\u0173 \u2013 individual\u016bs sisteminiai sprendimai. - My industrial\",\"isPartOf\":{\"@id\":\"https:\/\/dev.myindustrial.eu\/lt\/#website\"},\"primaryImageOfPage\":{\"@id\":\"https:\/\/dev.myindustrial.eu\/lt\/shop\/pramoniniai-valdikliai-dzoistikai-ir-konsoles\/individualus-sprendimai-emg-lt\/gessmann-individual-operator-joystick\/#primaryimage\"},\"image\":{\"@id\":\"https:\/\/dev.myindustrial.eu\/lt\/shop\/pramoniniai-valdikliai-dzoistikai-ir-konsoles\/individualus-sprendimai-emg-lt\/gessmann-individual-operator-joystick\/#primaryimage\"},\"thumbnailUrl\":\"https:\/\/dev.myindustrial.eu\/wp-content\/uploads\/2022\/12\/gessmann-big-logo-800x800.jpg\",\"datePublished\":\"2022-12-14T13:55:50+00:00\",\"dateModified\":\"2023-12-28T22:50:08+00:00\",\"breadcrumb\":{\"@id\":\"https:\/\/dev.myindustrial.eu\/lt\/shop\/pramoniniai-valdikliai-dzoistikai-ir-konsoles\/individualus-sprendimai-emg-lt\/gessmann-individual-operator-joystick\/#breadcrumb\"},\"inLanguage\":\"lt-LT\",\"potentialAction\":[{\"@type\":\"ReadAction\",\"target\":[\"https:\/\/dev.myindustrial.eu\/lt\/shop\/pramoniniai-valdikliai-dzoistikai-ir-konsoles\/individualus-sprendimai-emg-lt\/gessmann-individual-operator-joystick\/\"]}]},{\"@type\":\"ImageObject\",\"inLanguage\":\"lt-LT\",\"@id\":\"https:\/\/dev.myindustrial.eu\/lt\/shop\/pramoniniai-valdikliai-dzoistikai-ir-konsoles\/individualus-sprendimai-emg-lt\/gessmann-individual-operator-joystick\/#primaryimage\",\"url\":\"https:\/\/dev.myindustrial.eu\/wp-content\/uploads\/2022\/12\/gessmann-big-logo-800x800.jpg\",\"contentUrl\":\"https:\/\/dev.myindustrial.eu\/wp-content\/uploads\/2022\/12\/gessmann-big-logo-800x800.jpg\",\"width\":800,\"height\":800},{\"@type\":\"BreadcrumbList\",\"@id\":\"https:\/\/dev.myindustrial.eu\/lt\/shop\/pramoniniai-valdikliai-dzoistikai-ir-konsoles\/individualus-sprendimai-emg-lt\/gessmann-individual-operator-joystick\/#breadcrumb\",\"itemListElement\":[{\"@type\":\"ListItem\",\"position\":1,\"name\":\"Home\",\"item\":\"https:\/\/dev.myindustrial.eu\/lt\/\"},{\"@type\":\"ListItem\",\"position\":2,\"name\":\"Products\",\"item\":\"https:\/\/dev.myindustrial.eu\/lt\/products\/\"},{\"@type\":\"ListItem\",\"position\":3,\"name\":\"Nuo standartini\u0173 iki specializuot\u0173 \u2013 individual\u016bs sisteminiai sprendimai.\"}]},{\"@type\":\"WebSite\",\"@id\":\"https:\/\/dev.myindustrial.eu\/lt\/#website\",\"url\":\"https:\/\/dev.myindustrial.eu\/lt\/\",\"name\":\"My industrial\",\"description\":\"\",\"potentialAction\":[{\"@type\":\"SearchAction\",\"target\":{\"@type\":\"EntryPoint\",\"urlTemplate\":\"https:\/\/dev.myindustrial.eu\/lt\/?s={search_term_string}\"},\"query-input\":{\"@type\":\"PropertyValueSpecification\",\"valueRequired\":true,\"valueName\":\"search_term_string\"}}],\"inLanguage\":\"lt-LT\"}]}<\/script>\n<!-- \/ Yoast SEO plugin. -->","yoast_head_json":{"title":"Nuo standartini\u0173 iki specializuot\u0173 \u2013 individual\u016bs sisteminiai sprendimai. - My industrial","robots":{"index":"noindex","follow":"follow","max-snippet":"max-snippet:-1","max-image-preview":"max-image-preview:large","max-video-preview":"max-video-preview:-1"},"og_locale":"lt_LT","og_type":"article","og_title":"Nuo standartini\u0173 iki specializuot\u0173 \u2013 individual\u016bs sisteminiai sprendimai. - My industrial","og_description":"Nuo standartini\u0173 iki specializuot\u0173 \u2013 individual\u016bs sisteminiai sprendimai.  M\u016bs\u0173 ekspert\u0173 komanda kartu su jumis kuria gaminio koncepcij\u0105 ir pagal j\u016bs\u0173 pageidavimus sukuria gamin\u012f ypatingam pritaikymui.  Mes gaminame pagal j\u016bs\u0173 u\u017esakym\u0105 kuriamus auk\u0161\u010diausios kokyb\u0117s gaminius per trump\u0105 laik\u0105. Patarsime jums asmeni\u0161kai.  Gaminiai, kurie gaminami pagal kliento poreikius, da\u017eniausiai kuriami individualiai, i\u0161 anksto i\u0161analizuojant visus techninius aspektus ir sukuriant 3D model\u012f, kad b\u016bt\u0173 galima susipa\u017einti su bendra galutinio gaminio i\u0161vaizda ir patogumu naudoti.\u00a0  Kurdami special\u0173 gamin\u012f ar sprendim\u0105, da\u017enai naudojame jau paruo\u0161tus gaminius, kuriuos galima rasti standartini\u0173 gamini\u0173 kataloge ir papildyti specialiomis parinktimis.  Pirmiausia d\u0117mes\u012f skiriame ergonomikai, paprastam naudojimui ir techninio sprendimo k\u016brimui.","og_url":"https:\/\/dev.myindustrial.eu\/lt\/shop\/pramoniniai-valdikliai-dzoistikai-ir-konsoles\/individualus-sprendimai-emg-lt\/gessmann-individual-operator-joystick\/","og_site_name":"My industrial","article_modified_time":"2023-12-28T22:50:08+00:00","og_image":[{"width":800,"height":800,"url":"https:\/\/dev.myindustrial.eu\/wp-content\/uploads\/2022\/12\/gessmann-big-logo-800x800.jpg","type":"image\/jpeg"}],"twitter_card":"summary_large_image","schema":{"@context":"https:\/\/schema.org","@graph":[{"@type":"WebPage","@id":"https:\/\/dev.myindustrial.eu\/lt\/shop\/pramoniniai-valdikliai-dzoistikai-ir-konsoles\/individualus-sprendimai-emg-lt\/gessmann-individual-operator-joystick\/","url":"https:\/\/dev.myindustrial.eu\/lt\/shop\/pramoniniai-valdikliai-dzoistikai-ir-konsoles\/individualus-sprendimai-emg-lt\/gessmann-individual-operator-joystick\/","name":"Nuo standartini\u0173 iki specializuot\u0173 \u2013 individual\u016bs sisteminiai sprendimai. - My industrial","isPartOf":{"@id":"https:\/\/dev.myindustrial.eu\/lt\/#website"},"primaryImageOfPage":{"@id":"https:\/\/dev.myindustrial.eu\/lt\/shop\/pramoniniai-valdikliai-dzoistikai-ir-konsoles\/individualus-sprendimai-emg-lt\/gessmann-individual-operator-joystick\/#primaryimage"},"image":{"@id":"https:\/\/dev.myindustrial.eu\/lt\/shop\/pramoniniai-valdikliai-dzoistikai-ir-konsoles\/individualus-sprendimai-emg-lt\/gessmann-individual-operator-joystick\/#primaryimage"},"thumbnailUrl":"https:\/\/dev.myindustrial.eu\/wp-content\/uploads\/2022\/12\/gessmann-big-logo-800x800.jpg","datePublished":"2022-12-14T13:55:50+00:00","dateModified":"2023-12-28T22:50:08+00:00","breadcrumb":{"@id":"https:\/\/dev.myindustrial.eu\/lt\/shop\/pramoniniai-valdikliai-dzoistikai-ir-konsoles\/individualus-sprendimai-emg-lt\/gessmann-individual-operator-joystick\/#breadcrumb"},"inLanguage":"lt-LT","potentialAction":[{"@type":"ReadAction","target":["https:\/\/dev.myindustrial.eu\/lt\/shop\/pramoniniai-valdikliai-dzoistikai-ir-konsoles\/individualus-sprendimai-emg-lt\/gessmann-individual-operator-joystick\/"]}]},{"@type":"ImageObject","inLanguage":"lt-LT","@id":"https:\/\/dev.myindustrial.eu\/lt\/shop\/pramoniniai-valdikliai-dzoistikai-ir-konsoles\/individualus-sprendimai-emg-lt\/gessmann-individual-operator-joystick\/#primaryimage","url":"https:\/\/dev.myindustrial.eu\/wp-content\/uploads\/2022\/12\/gessmann-big-logo-800x800.jpg","contentUrl":"https:\/\/dev.myindustrial.eu\/wp-content\/uploads\/2022\/12\/gessmann-big-logo-800x800.jpg","width":800,"height":800},{"@type":"BreadcrumbList","@id":"https:\/\/dev.myindustrial.eu\/lt\/shop\/pramoniniai-valdikliai-dzoistikai-ir-konsoles\/individualus-sprendimai-emg-lt\/gessmann-individual-operator-joystick\/#breadcrumb","itemListElement":[{"@type":"ListItem","position":1,"name":"Home","item":"https:\/\/dev.myindustrial.eu\/lt\/"},{"@type":"ListItem","position":2,"name":"Products","item":"https:\/\/dev.myindustrial.eu\/lt\/products\/"},{"@type":"ListItem","position":3,"name":"Nuo standartini\u0173 iki specializuot\u0173 \u2013 individual\u016bs sisteminiai sprendimai."}]},{"@type":"WebSite","@id":"https:\/\/dev.myindustrial.eu\/lt\/#website","url":"https:\/\/dev.myindustrial.eu\/lt\/","name":"My industrial","description":"","potentialAction":[{"@type":"SearchAction","target":{"@type":"EntryPoint","urlTemplate":"https:\/\/dev.myindustrial.eu\/lt\/?s={search_term_string}"},"query-input":{"@type":"PropertyValueSpecification","valueRequired":true,"valueName":"search_term_string"}}],"inLanguage":"lt-LT"}]}},"_links":{"self":[{"href":"https:\/\/dev.myindustrial.eu\/lt\/wp-json\/wp\/v2\/product\/1260063134","targetHints":{"allow":["GET"]}}],"collection":[{"href":"https:\/\/dev.myindustrial.eu\/lt\/wp-json\/wp\/v2\/product"}],"about":[{"href":"https:\/\/dev.myindustrial.eu\/lt\/wp-json\/wp\/v2\/types\/product"}],"version-history":[{"count":0,"href":"https:\/\/dev.myindustrial.eu\/lt\/wp-json\/wp\/v2\/product\/1260063134\/revisions"}],"wp:featuredmedia":[{"embeddable":true,"href":"https:\/\/dev.myindustrial.eu\/lt\/wp-json\/wp\/v2\/media\/1260062199"}],"wp:attachment":[{"href":"https:\/\/dev.myindustrial.eu\/lt\/wp-json\/wp\/v2\/media?parent=1260063134"}],"wp:term":[{"taxonomy":"product_brand","embeddable":true,"href":"https:\/\/dev.myindustrial.eu\/lt\/wp-json\/wp\/v2\/product_brand?post=1260063134"},{"taxonomy":"product_cat","embeddable":true,"href":"https:\/\/dev.myindustrial.eu\/lt\/wp-json\/wp\/v2\/product_cat?post=1260063134"},{"taxonomy":"product_tag","embeddable":true,"href":"https:\/\/dev.myindustrial.eu\/lt\/wp-json\/wp\/v2\/product_tag?post=1260063134"}],"curies":[{"name":"wp","href":"https:\/\/api.w.org\/{rel}","templated":true}]}}